{"id":16477,"date":"2021-03-16T15:30:17","date_gmt":"2021-03-16T14:30:17","guid":{"rendered":"https:\/\/graphimarket.com\/?post_type=product&#038;p=16477"},"modified":"2022-12-11T13:23:40","modified_gmt":"2022-12-11T12:23:40","slug":"liquify-2-photoshop-action","status":"publish","type":"product","link":"https:\/\/graphimarket.com\/de\/product\/liquify-2-photoshop-action\/","title":{"rendered":"Verfl\u00fcssigen Sie 2 Photoshop-Aktionen"},"content":{"rendered":"<div class=\"item-header__top\">\n<div class=\"item-header__title\">\n<p class=\"t-heading -color-inherit -size-l h-m0 is-hidden-phone\"><strong>Verfl\u00fcssigen Sie 2 Photoshop-Aktionen<\/strong><\/p>\n<p>Erstellen Sie fortschrittliche flie\u00dfende Fl\u00fcssigkeitseffekte, indem Sie einfach \u00fcber Ihr Foto streichen! Jedes Mal, wenn Sie die Aktion ausf\u00fchren, erhalten Sie eine v\u00f6llig einzigartige fl\u00fcssige Form. Alles ist geschichtet und l\u00e4sst sich leicht in die Fl\u00fcssigkeit einf\u00e4rben. Bitte beachten Sie die\u00a0<a href=\"https:\/\/www.youtube.com\/watch?v=LWBL3cUNBu4\" rel=\"nofollow\">Videoanleitung<\/a>\u00a0wie man Anpassungen vornimmt<\/p>\n<p>Die Aktion wurde getestet und funktioniert in Photoshop\u00a0<strong>CS3, CS4, CS5, CS6, CC, CC 2015.5, CC 2017, CC 2018, CC 2019+<\/strong><\/p>\n<p><strong>Wichtig zu wissen<\/strong><\/p>\n<ul>\n<li>Stellen Sie sicher, dass Sie die verwenden\u00a0<a href=\"https:\/\/graphimarket.com\/de\/2021\/01\/12\/change-the-language-of-your-creative-cloud-apps\/\" target=\"_blank\" rel=\"noopener\">Englische Version von Photoshop<\/a>\u00a0um die Aktion auszuf\u00fchren. Alle Sevenstyles-Aktionen funktionieren nur in der englischen Version von Photoshop.<\/li>\n<\/ul>\n<ul>\n<li>\u00dcberpr\u00fcfen Sie, ob Sie eine von der Aktion unterst\u00fctzte Version von Photoshop verwenden.<\/li>\n<\/ul>\n<ul>\n<li>Sehen Sie sich das Video-Tutorial an, um sicherzustellen, dass Ihre Photoshop-Datei korrekt eingerichtet ist. Ein Link zum Tutorial ist auch in der Datei &#039;Readme.txt&#039; im Download enthalten. Sie k\u00f6nnen alle meine Action-Tutorials anzeigen\u00a0<a href=\"https:\/\/www.youtube.com\/channel\/UCKEi03PoXGSHAzP8u-c4dwQ\" rel=\"nofollow\">Hier<\/a>.<\/li>\n<\/ul>\n<ul>\n<li>Verwenden Sie mit der Aktion hochaufl\u00f6sende Fotos, um die besten Ergebnisse zu erzielen und Fehler zu vermeiden. Eine optimale Fotoaufl\u00f6sung liegt zwischen 2000px und 4500px.<\/li>\n<\/ul>\n<ul>\n<li>Mit Adobe Creative Cloud k\u00f6nnen Sie installieren\u00a0<a href=\"https:\/\/graphimarket.com\/de\/2021\/01\/12\/how-to-install-previous-versions-of-your-creative-cloud-apps\/\" target=\"_blank\" rel=\"noopener\">mehrere Versionen von Photoshop<\/a>. Wenn Ihnen diese Aktion gef\u00e4llt, sie jedoch in Ihrer Photoshop-Version nicht unterst\u00fctzt wird, k\u00f6nnen Sie jederzeit eine zus\u00e4tzliche Version von Photoshop installieren, um die Aktion auszuf\u00fchren. Sobald eine Aktion getestet wurde und an einer Version von Photoshop arbeitet, funktioniert sie f\u00fcr immer.<\/li>\n<\/ul>\n<ul>\n<li>Verwenden Sie JPEG-Bilder, um die Aktion auszuf\u00fchren. Andere Dateitypen wie TIFF, BMP, PNG, PSD k\u00f6nnen Probleme mit Aktionen verursachen, da Photoshop verschiedene Funktionen f\u00fcr verschiedene Dateitypen deaktiviert.<\/li>\n<\/ul>\n<ul>\n<li>Wenn eine Sevenstyles-Aktion eine Pinsel- (.abr), Muster- (.pat) oder Shapes- (.csh) Datei im Download enth\u00e4lt, muss sie vor dem Abspielen der Aktion in Photoshop geladen werden.<\/li>\n<\/ul>\n<ul>\n<li>Vermeiden Sie die Verwendung der Aktion f\u00fcr Logos oder Bilder im ClipArt-Stil, da der Mangel an Details und Farbkontrasten zu Fehlern f\u00fchren kann.<\/li>\n<\/ul>\n<p><img fetchpriority=\"high\" decoding=\"async\" class=\"alignnone size-full wp-image-16479\" src=\"https:\/\/graphimarket.com\/wp-content\/uploads\/2021\/03\/GirlLeap1.jpg\" alt=\"\" width=\"1153\" height=\"1730\" srcset=\"https:\/\/graphimarket.com\/wp-content\/uploads\/2021\/03\/GirlLeap1.jpg 1153w, https:\/\/graphimarket.com\/wp-content\/uploads\/2021\/03\/GirlLeap1-200x300.jpg 200w, https:\/\/graphimarket.com\/wp-content\/uploads\/2021\/03\/GirlLeap1-682x1024.jpg 682w, https:\/\/graphimarket.com\/wp-content\/uploads\/2021\/03\/GirlLeap1-768x1152.jpg 768w, https:\/\/graphimarket.com\/wp-content\/uploads\/2021\/03\/GirlLeap1-1024x1536.jpg 1024w, https:\/\/graphimarket.com\/wp-content\/uploads\/2021\/03\/GirlLeap1-8x12.jpg 8w, https:\/\/graphimarket.com\/wp-content\/uploads\/2021\/03\/GirlLeap1-600x900.jpg 600w\" sizes=\"(max-width: 1153px) 100vw, 1153px\" \/> <img decoding=\"async\" class=\"alignnone size-full wp-image-16482\" src=\"https:\/\/graphimarket.com\/wp-content\/uploads\/2021\/03\/GirlLeap2_aa.jpg\" alt=\"\" width=\"1380\" height=\"2070\" srcset=\"https:\/\/graphimarket.com\/wp-content\/uploads\/2021\/03\/GirlLeap2_aa.jpg 1380w, https:\/\/graphimarket.com\/wp-content\/uploads\/2021\/03\/GirlLeap2_aa-200x300.jpg 200w, https:\/\/graphimarket.com\/wp-content\/uploads\/2021\/03\/GirlLeap2_aa-683x1024.jpg 683w, https:\/\/graphimarket.com\/wp-content\/uploads\/2021\/03\/GirlLeap2_aa-768x1152.jpg 768w, https:\/\/graphimarket.com\/wp-content\/uploads\/2021\/03\/GirlLeap2_aa-1024x1536.jpg 1024w, https:\/\/graphimarket.com\/wp-content\/uploads\/2021\/03\/GirlLeap2_aa-1365x2048.jpg 1365w, https:\/\/graphimarket.com\/wp-content\/uploads\/2021\/03\/GirlLeap2_aa-8x12.jpg 8w, https:\/\/graphimarket.com\/wp-content\/uploads\/2021\/03\/GirlLeap2_aa-1320x1980.jpg 1320w, https:\/\/graphimarket.com\/wp-content\/uploads\/2021\/03\/GirlLeap2_aa-600x900.jpg 600w\" sizes=\"(max-width: 1380px) 100vw, 1380px\" \/> \u00a0<img decoding=\"async\" class=\"alignnone size-full wp-image-16484\" src=\"https:\/\/graphimarket.com\/wp-content\/uploads\/2021\/03\/GirlLeap4_aa.jpg\" alt=\"\" width=\"1153\" height=\"1730\" srcset=\"https:\/\/graphimarket.com\/wp-content\/uploads\/2021\/03\/GirlLeap4_aa.jpg 1153w, https:\/\/graphimarket.com\/wp-content\/uploads\/2021\/03\/GirlLeap4_aa-200x300.jpg 200w, https:\/\/graphimarket.com\/wp-content\/uploads\/2021\/03\/GirlLeap4_aa-682x1024.jpg 682w, https:\/\/graphimarket.com\/wp-content\/uploads\/2021\/03\/GirlLeap4_aa-768x1152.jpg 768w, https:\/\/graphimarket.com\/wp-content\/uploads\/2021\/03\/GirlLeap4_aa-1024x1536.jpg 1024w, https:\/\/graphimarket.com\/wp-content\/uploads\/2021\/03\/GirlLeap4_aa-8x12.jpg 8w, https:\/\/graphimarket.com\/wp-content\/uploads\/2021\/03\/GirlLeap4_aa-600x900.jpg 600w\" sizes=\"(max-width: 1153px) 100vw, 1153px\" \/> <img loading=\"lazy\" decoding=\"async\" class=\"alignnone size-full wp-image-16485\" src=\"https:\/\/graphimarket.com\/wp-content\/uploads\/2021\/03\/GirlLeap5_aa.jpg\" alt=\"\" width=\"1153\" height=\"1730\" srcset=\"https:\/\/graphimarket.com\/wp-content\/uploads\/2021\/03\/GirlLeap5_aa.jpg 1153w, https:\/\/graphimarket.com\/wp-content\/uploads\/2021\/03\/GirlLeap5_aa-200x300.jpg 200w, https:\/\/graphimarket.com\/wp-content\/uploads\/2021\/03\/GirlLeap5_aa-682x1024.jpg 682w, https:\/\/graphimarket.com\/wp-content\/uploads\/2021\/03\/GirlLeap5_aa-768x1152.jpg 768w, https:\/\/graphimarket.com\/wp-content\/uploads\/2021\/03\/GirlLeap5_aa-1024x1536.jpg 1024w, https:\/\/graphimarket.com\/wp-content\/uploads\/2021\/03\/GirlLeap5_aa-8x12.jpg 8w, https:\/\/graphimarket.com\/wp-content\/uploads\/2021\/03\/GirlLeap5_aa-600x900.jpg 600w\" sizes=\"(max-width: 1153px) 100vw, 1153px\" \/><img loading=\"lazy\" decoding=\"async\" class=\"alignnone size-full wp-image-16486\" style=\"font-style: inherit; font-weight: inherit;\" src=\"https:\/\/graphimarket.com\/wp-content\/uploads\/2021\/03\/Guitar2_aa.jpg\" alt=\"\" width=\"1455\" height=\"1380\" srcset=\"https:\/\/graphimarket.com\/wp-content\/uploads\/2021\/03\/Guitar2_aa.jpg 1455w, https:\/\/graphimarket.com\/wp-content\/uploads\/2021\/03\/Guitar2_aa-300x285.jpg 300w, https:\/\/graphimarket.com\/wp-content\/uploads\/2021\/03\/Guitar2_aa-1024x971.jpg 1024w, https:\/\/graphimarket.com\/wp-content\/uploads\/2021\/03\/Guitar2_aa-768x728.jpg 768w, https:\/\/graphimarket.com\/wp-content\/uploads\/2021\/03\/Guitar2_aa-13x12.jpg 13w, https:\/\/graphimarket.com\/wp-content\/uploads\/2021\/03\/Guitar2_aa-1320x1252.jpg 1320w, https:\/\/graphimarket.com\/wp-content\/uploads\/2021\/03\/Guitar2_aa-600x569.jpg 600w\" sizes=\"(max-width: 1455px) 100vw, 1455px\" \/> <img loading=\"lazy\" decoding=\"async\" class=\"alignnone size-full wp-image-16487\" style=\"font-style: inherit; font-weight: inherit;\" src=\"https:\/\/graphimarket.com\/wp-content\/uploads\/2021\/03\/BasketBalla_aa.jpg\" alt=\"\" width=\"1209\" height=\"1651\" srcset=\"https:\/\/graphimarket.com\/wp-content\/uploads\/2021\/03\/BasketBalla_aa.jpg 1209w, https:\/\/graphimarket.com\/wp-content\/uploads\/2021\/03\/BasketBalla_aa-220x300.jpg 220w, https:\/\/graphimarket.com\/wp-content\/uploads\/2021\/03\/BasketBalla_aa-750x1024.jpg 750w, https:\/\/graphimarket.com\/wp-content\/uploads\/2021\/03\/BasketBalla_aa-768x1049.jpg 768w, https:\/\/graphimarket.com\/wp-content\/uploads\/2021\/03\/BasketBalla_aa-1125x1536.jpg 1125w, https:\/\/graphimarket.com\/wp-content\/uploads\/2021\/03\/BasketBalla_aa-9x12.jpg 9w, https:\/\/graphimarket.com\/wp-content\/uploads\/2021\/03\/BasketBalla_aa-600x819.jpg 600w\" sizes=\"(max-width: 1209px) 100vw, 1209px\" \/> <img loading=\"lazy\" decoding=\"async\" class=\"alignnone size-full wp-image-16488\" style=\"font-style: inherit; font-weight: inherit;\" src=\"https:\/\/graphimarket.com\/wp-content\/uploads\/2021\/03\/Dancer1a_aa.jpg\" alt=\"\" width=\"1153\" height=\"1730\" srcset=\"https:\/\/graphimarket.com\/wp-content\/uploads\/2021\/03\/Dancer1a_aa.jpg 1153w, https:\/\/graphimarket.com\/wp-content\/uploads\/2021\/03\/Dancer1a_aa-200x300.jpg 200w, https:\/\/graphimarket.com\/wp-content\/uploads\/2021\/03\/Dancer1a_aa-682x1024.jpg 682w, https:\/\/graphimarket.com\/wp-content\/uploads\/2021\/03\/Dancer1a_aa-768x1152.jpg 768w, https:\/\/graphimarket.com\/wp-content\/uploads\/2021\/03\/Dancer1a_aa-1024x1536.jpg 1024w, https:\/\/graphimarket.com\/wp-content\/uploads\/2021\/03\/Dancer1a_aa-8x12.jpg 8w, https:\/\/graphimarket.com\/wp-content\/uploads\/2021\/03\/Dancer1a_aa-600x900.jpg 600w\" sizes=\"(max-width: 1153px) 100vw, 1153px\" \/> <img loading=\"lazy\" decoding=\"async\" class=\"alignnone size-full wp-image-16489\" style=\"font-style: inherit; font-weight: inherit;\" src=\"https:\/\/graphimarket.com\/wp-content\/uploads\/2021\/03\/GirlEpicPose1_aa.jpg\" alt=\"\" width=\"1380\" height=\"2070\" srcset=\"https:\/\/graphimarket.com\/wp-content\/uploads\/2021\/03\/GirlEpicPose1_aa.jpg 1380w, https:\/\/graphimarket.com\/wp-content\/uploads\/2021\/03\/GirlEpicPose1_aa-200x300.jpg 200w, https:\/\/graphimarket.com\/wp-content\/uploads\/2021\/03\/GirlEpicPose1_aa-683x1024.jpg 683w, https:\/\/graphimarket.com\/wp-content\/uploads\/2021\/03\/GirlEpicPose1_aa-768x1152.jpg 768w, https:\/\/graphimarket.com\/wp-content\/uploads\/2021\/03\/GirlEpicPose1_aa-1024x1536.jpg 1024w, https:\/\/graphimarket.com\/wp-content\/uploads\/2021\/03\/GirlEpicPose1_aa-1365x2048.jpg 1365w, https:\/\/graphimarket.com\/wp-content\/uploads\/2021\/03\/GirlEpicPose1_aa-8x12.jpg 8w, https:\/\/graphimarket.com\/wp-content\/uploads\/2021\/03\/GirlEpicPose1_aa-1320x1980.jpg 1320w, https:\/\/graphimarket.com\/wp-content\/uploads\/2021\/03\/GirlEpicPose1_aa-600x900.jpg 600w\" sizes=\"(max-width: 1380px) 100vw, 1380px\" \/><\/p>\n<\/div>\n<\/div>","protected":false},"excerpt":{"rendered":"<p>Liquify 2 Photoshop Action Create advanced flowing liquid effects simply by brushing over your photo! Each time you run the action you get a completely unique liquid form. Everything is layered and easy to add color into the liquid. Please watch the\u00a0video tutorial\u00a0on how to make customisations The action has been tested and working on [&hellip;]<\/p>\n","protected":false},"featured_media":16489,"comment_status":"open","ping_status":"closed","template":"","meta":{"site-sidebar-layout":"default","site-content-layout":"default","ast-site-content-layout":"default","site-content-style":"default","site-sidebar-style":"default","ast-global-header-display":"","ast-banner-title-visibility":"","ast-main-header-display":"","ast-hfb-above-header-display":"","ast-hfb-below-header-display":"","ast-hfb-mobile-header-display":"","site-post-title":"","ast-breadcrumbs-content":"","ast-featured-img":"","footer-sml-layout":"","ast-disable-related-posts":"","theme-transparent-header-meta":"default","adv-header-id-meta":"","stick-header-meta":"","header-above-stick-meta":"","header-main-stick-meta":"","header-below-stick-meta":"","astra-migrate-meta-layouts":"default","ast-page-background-enabled":"default","ast-page-background-meta":{"desktop":{"background-color":"","background-image":"","background-repeat":"repeat","background-position":"center center","background-size":"auto","background-attachment":"scroll","background-type":"","background-media":"","overlay-type":"","overlay-color":"","overlay-opacity":"","overlay-gradient":""},"tablet":{"background-color":"","background-image":"","background-repeat":"repeat","background-position":"center center","background-size":"auto","background-attachment":"scroll","background-type":"","background-media":"","overlay-type":"","overlay-color":"","overlay-opacity":"","overlay-gradient":""},"mobile":{"background-color":"","background-image":"","background-repeat":"repeat","background-position":"center center","background-size":"auto","background-attachment":"scroll","background-type":"","background-media":"","overlay-type":"","overlay-color":"","overlay-opacity":"","overlay-gradient":""}},"ast-content-background-meta":{"desktop":{"background-color":"var(--ast-global-color-5)","background-image":"","background-repeat":"repeat","background-position":"center center","background-size":"auto","background-attachment":"scroll","background-type":"","background-media":"","overlay-type":"","overlay-color":"","overlay-opacity":"","overlay-gradient":""},"tablet":{"background-color":"var(--ast-global-color-5)","background-image":"","background-repeat":"repeat","background-position":"center center","background-size":"auto","background-attachment":"scroll","background-type":"","background-media":"","overlay-type":"","overlay-color":"","overlay-opacity":"","overlay-gradient":""},"mobile":{"background-color":"var(--ast-global-color-5)","background-image":"","background-repeat":"repeat","background-position":"center center","background-size":"auto","background-attachment":"scroll","background-type":"","background-media":"","overlay-type":"","overlay-color":"","overlay-opacity":"","overlay-gradient":""}}},"product_brand":[],"product_cat":[196,15,144,145,195,146],"product_tag":[292,1941,1936,1940,1890,62,784],"class_list":{"0":"post-16477","1":"product","2":"type-product","3":"status-publish","4":"has-post-thumbnail","6":"product_cat-actions","7":"product_cat-photo","8":"product_cat-photo-editor","9":"product_cat-photography","10":"product_cat-photoshop","11":"product_cat-photoshop-action","12":"product_tag-action","13":"product_tag-c","14":"product_tag-cs","15":"product_tag-liquify2","16":"product_tag-mac","17":"product_tag-photoshop","18":"product_tag-windows","19":"desktop-align-left","20":"tablet-align-left","21":"mobile-align-left","23":"first","24":"instock","25":"sale","26":"downloadable","27":"virtual","28":"taxable","29":"purchasable","30":"product-type-simple"},"yoast_head":"<!-- This site is optimized with the Yoast SEO plugin v27.3 - https:\/\/yoast.com\/product\/yoast-seo-wordpress\/ -->\n<title>Liquify 2 Photoshop Action - Graphimarket<\/title>\n<meta name=\"description\" content=\"This Photoshop tool will automatically create a liquid photo effect in Photoshop with a few clicks. Whether you are a Photoshop...\" \/>\n<meta name=\"robots\" content=\"index, follow, max-snippet:-1, max-image-preview:large, max-video-preview:-1\" \/>\n<link rel=\"canonical\" href=\"https:\/\/graphimarket.com\/de\/product\/liquify-2-photoshop-action\/\" \/>\n<meta property=\"og:locale\" content=\"de_DE\" \/>\n<meta property=\"og:type\" content=\"article\" \/>\n<meta property=\"og:title\" content=\"Liquify 2 Photoshop Action - Graphimarket\" \/>\n<meta property=\"og:description\" content=\"This Photoshop tool will automatically create a liquid photo effect in Photoshop with a few clicks. Whether you are a Photoshop...\" \/>\n<meta property=\"og:url\" content=\"https:\/\/graphimarket.com\/de\/product\/liquify-2-photoshop-action\/\" \/>\n<meta property=\"og:site_name\" content=\"Graphimarket\" \/>\n<meta property=\"article:modified_time\" content=\"2022-12-11T12:23:40+00:00\" \/>\n<meta property=\"og:image\" content=\"https:\/\/graphimarket.com\/wp-content\/uploads\/2021\/03\/GirlEpicPose1_aa.jpg\" \/>\n\t<meta property=\"og:image:width\" content=\"1380\" \/>\n\t<meta property=\"og:image:height\" content=\"2070\" \/>\n\t<meta property=\"og:image:type\" content=\"image\/jpeg\" \/>\n<meta name=\"twitter:card\" content=\"summary_large_image\" \/>\n<meta name=\"twitter:label1\" content=\"Est. reading time\" \/>\n\t<meta name=\"twitter:data1\" content=\"2 minutes\" \/>\n<script type=\"application\/ld+json\" class=\"yoast-schema-graph\">{\"@context\":\"https:\\\/\\\/schema.org\",\"@graph\":[{\"@type\":\"WebPage\",\"@id\":\"https:\\\/\\\/graphimarket.com\\\/product\\\/liquify-2-photoshop-action\\\/\",\"url\":\"https:\\\/\\\/graphimarket.com\\\/product\\\/liquify-2-photoshop-action\\\/\",\"name\":\"Liquify 2 Photoshop Action - Graphimarket\",\"isPartOf\":{\"@id\":\"https:\\\/\\\/graphimarket.com\\\/fr\\\/#website\"},\"primaryImageOfPage\":{\"@id\":\"https:\\\/\\\/graphimarket.com\\\/product\\\/liquify-2-photoshop-action\\\/#primaryimage\"},\"image\":{\"@id\":\"https:\\\/\\\/graphimarket.com\\\/product\\\/liquify-2-photoshop-action\\\/#primaryimage\"},\"thumbnailUrl\":\"https:\\\/\\\/graphimarket.com\\\/wp-content\\\/uploads\\\/2021\\\/03\\\/GirlEpicPose1_aa.jpg\",\"datePublished\":\"2021-03-16T14:30:17+00:00\",\"dateModified\":\"2022-12-11T12:23:40+00:00\",\"description\":\"This Photoshop tool will automatically create a liquid photo effect in Photoshop with a few clicks. Whether you are a Photoshop...\",\"breadcrumb\":{\"@id\":\"https:\\\/\\\/graphimarket.com\\\/product\\\/liquify-2-photoshop-action\\\/#breadcrumb\"},\"inLanguage\":\"de-DE\",\"potentialAction\":[{\"@type\":\"ReadAction\",\"target\":[\"https:\\\/\\\/graphimarket.com\\\/product\\\/liquify-2-photoshop-action\\\/\"]}]},{\"@type\":\"ImageObject\",\"inLanguage\":\"de-DE\",\"@id\":\"https:\\\/\\\/graphimarket.com\\\/product\\\/liquify-2-photoshop-action\\\/#primaryimage\",\"url\":\"https:\\\/\\\/graphimarket.com\\\/wp-content\\\/uploads\\\/2021\\\/03\\\/GirlEpicPose1_aa.jpg\",\"contentUrl\":\"https:\\\/\\\/graphimarket.com\\\/wp-content\\\/uploads\\\/2021\\\/03\\\/GirlEpicPose1_aa.jpg\",\"width\":1380,\"height\":2070},{\"@type\":\"BreadcrumbList\",\"@id\":\"https:\\\/\\\/graphimarket.com\\\/product\\\/liquify-2-photoshop-action\\\/#breadcrumb\",\"itemListElement\":[{\"@type\":\"ListItem\",\"position\":1,\"name\":\"Home\",\"item\":\"https:\\\/\\\/graphimarket.com\\\/es\\\/\"},{\"@type\":\"ListItem\",\"position\":2,\"name\":\"Store\",\"item\":\"https:\\\/\\\/graphimarket.com\\\/store\\\/\"},{\"@type\":\"ListItem\",\"position\":3,\"name\":\"Liquify 2 Photoshop Action\"}]},{\"@type\":\"WebSite\",\"@id\":\"https:\\\/\\\/graphimarket.com\\\/fr\\\/#website\",\"url\":\"https:\\\/\\\/graphimarket.com\\\/fr\\\/\",\"name\":\"Graphimarket\",\"description\":\"Find the perfect creative asset to bring your project to life\",\"publisher\":{\"@id\":\"https:\\\/\\\/graphimarket.com\\\/fr\\\/#organization\"},\"potentialAction\":[{\"@type\":\"SearchAction\",\"target\":{\"@type\":\"EntryPoint\",\"urlTemplate\":\"https:\\\/\\\/graphimarket.com\\\/fr\\\/?s={search_term_string}\"},\"query-input\":{\"@type\":\"PropertyValueSpecification\",\"valueRequired\":true,\"valueName\":\"search_term_string\"}}],\"inLanguage\":\"de-DE\"},{\"@type\":\"Organization\",\"@id\":\"https:\\\/\\\/graphimarket.com\\\/fr\\\/#organization\",\"name\":\"Graphimarket\",\"url\":\"https:\\\/\\\/graphimarket.com\\\/fr\\\/\",\"logo\":{\"@type\":\"ImageObject\",\"inLanguage\":\"de-DE\",\"@id\":\"https:\\\/\\\/graphimarket.com\\\/fr\\\/#\\\/schema\\\/logo\\\/image\\\/\",\"url\":\"https:\\\/\\\/graphimarket.com\\\/wp-content\\\/uploads\\\/2020\\\/08\\\/logo-48.png\",\"contentUrl\":\"https:\\\/\\\/graphimarket.com\\\/wp-content\\\/uploads\\\/2020\\\/08\\\/logo-48.png\",\"width\":132,\"height\":48,\"caption\":\"Graphimarket\"},\"image\":{\"@id\":\"https:\\\/\\\/graphimarket.com\\\/fr\\\/#\\\/schema\\\/logo\\\/image\\\/\"}}]}<\/script>\n<!-- \/ Yoast SEO plugin. -->","yoast_head_json":{"title":"Verfl\u00fcssigen Sie 2 Photoshop Action - Graphimarket","description":"Dieses Photoshop-Tool erstellt mit wenigen Klicks automatisch einen fl\u00fcssigen Fotoeffekt in Photoshop. Ob Sie ein Photoshop sind ...","robots":{"index":"index","follow":"follow","max-snippet":"max-snippet:-1","max-image-preview":"max-image-preview:large","max-video-preview":"max-video-preview:-1"},"canonical":"https:\/\/graphimarket.com\/de\/product\/liquify-2-photoshop-action\/","og_locale":"de_DE","og_type":"article","og_title":"Liquify 2 Photoshop Action - Graphimarket","og_description":"This Photoshop tool will automatically create a liquid photo effect in Photoshop with a few clicks. Whether you are a Photoshop...","og_url":"https:\/\/graphimarket.com\/de\/product\/liquify-2-photoshop-action\/","og_site_name":"Graphimarket","article_modified_time":"2022-12-11T12:23:40+00:00","og_image":[{"width":1380,"height":2070,"url":"https:\/\/graphimarket.com\/wp-content\/uploads\/2021\/03\/GirlEpicPose1_aa.jpg","type":"image\/jpeg"}],"twitter_card":"summary_large_image","twitter_misc":{"Est. reading time":"2 minutes"},"schema":{"@context":"https:\/\/schema.org","@graph":[{"@type":"WebPage","@id":"https:\/\/graphimarket.com\/product\/liquify-2-photoshop-action\/","url":"https:\/\/graphimarket.com\/product\/liquify-2-photoshop-action\/","name":"Verfl\u00fcssigen Sie 2 Photoshop Action - Graphimarket","isPartOf":{"@id":"https:\/\/graphimarket.com\/fr\/#website"},"primaryImageOfPage":{"@id":"https:\/\/graphimarket.com\/product\/liquify-2-photoshop-action\/#primaryimage"},"image":{"@id":"https:\/\/graphimarket.com\/product\/liquify-2-photoshop-action\/#primaryimage"},"thumbnailUrl":"https:\/\/graphimarket.com\/wp-content\/uploads\/2021\/03\/GirlEpicPose1_aa.jpg","datePublished":"2021-03-16T14:30:17+00:00","dateModified":"2022-12-11T12:23:40+00:00","description":"Dieses Photoshop-Tool erstellt mit wenigen Klicks automatisch einen fl\u00fcssigen Fotoeffekt in Photoshop. Ob Sie ein Photoshop sind ...","breadcrumb":{"@id":"https:\/\/graphimarket.com\/product\/liquify-2-photoshop-action\/#breadcrumb"},"inLanguage":"de-DE","potentialAction":[{"@type":"ReadAction","target":["https:\/\/graphimarket.com\/product\/liquify-2-photoshop-action\/"]}]},{"@type":"ImageObject","inLanguage":"de-DE","@id":"https:\/\/graphimarket.com\/product\/liquify-2-photoshop-action\/#primaryimage","url":"https:\/\/graphimarket.com\/wp-content\/uploads\/2021\/03\/GirlEpicPose1_aa.jpg","contentUrl":"https:\/\/graphimarket.com\/wp-content\/uploads\/2021\/03\/GirlEpicPose1_aa.jpg","width":1380,"height":2070},{"@type":"BreadcrumbList","@id":"https:\/\/graphimarket.com\/product\/liquify-2-photoshop-action\/#breadcrumb","itemListElement":[{"@type":"ListItem","position":1,"name":"Home","item":"https:\/\/graphimarket.com\/es\/"},{"@type":"ListItem","position":2,"name":"Store","item":"https:\/\/graphimarket.com\/store\/"},{"@type":"ListItem","position":3,"name":"Liquify 2 Photoshop Action"}]},{"@type":"WebSite","@id":"https:\/\/graphimarket.com\/fr\/#website","url":"https:\/\/graphimarket.com\/fr\/","name":"Graphimarket","description":"Finden Sie das perfekte kreative Kapital, um Ihr Projekt zum Leben zu erwecken","publisher":{"@id":"https:\/\/graphimarket.com\/fr\/#organization"},"potentialAction":[{"@type":"SearchAction","target":{"@type":"EntryPoint","urlTemplate":"https:\/\/graphimarket.com\/fr\/?s={search_term_string}"},"query-input":{"@type":"PropertyValueSpecification","valueRequired":true,"valueName":"search_term_string"}}],"inLanguage":"de-DE"},{"@type":"Organization","@id":"https:\/\/graphimarket.com\/fr\/#organization","name":"Graphimarket","url":"https:\/\/graphimarket.com\/fr\/","logo":{"@type":"ImageObject","inLanguage":"de-DE","@id":"https:\/\/graphimarket.com\/fr\/#\/schema\/logo\/image\/","url":"https:\/\/graphimarket.com\/wp-content\/uploads\/2020\/08\/logo-48.png","contentUrl":"https:\/\/graphimarket.com\/wp-content\/uploads\/2020\/08\/logo-48.png","width":132,"height":48,"caption":"Graphimarket"},"image":{"@id":"https:\/\/graphimarket.com\/fr\/#\/schema\/logo\/image\/"}}]}},"_links":{"self":[{"href":"https:\/\/graphimarket.com\/de\/wp-json\/wp\/v2\/product\/16477","targetHints":{"allow":["GET"]}}],"collection":[{"href":"https:\/\/graphimarket.com\/de\/wp-json\/wp\/v2\/product"}],"about":[{"href":"https:\/\/graphimarket.com\/de\/wp-json\/wp\/v2\/types\/product"}],"replies":[{"embeddable":true,"href":"https:\/\/graphimarket.com\/de\/wp-json\/wp\/v2\/comments?post=16477"}],"version-history":[{"count":0,"href":"https:\/\/graphimarket.com\/de\/wp-json\/wp\/v2\/product\/16477\/revisions"}],"wp:featuredmedia":[{"embeddable":true,"href":"https:\/\/graphimarket.com\/de\/wp-json\/wp\/v2\/media\/16489"}],"wp:attachment":[{"href":"https:\/\/graphimarket.com\/de\/wp-json\/wp\/v2\/media?parent=16477"}],"wp:term":[{"taxonomy":"product_brand","embeddable":true,"href":"https:\/\/graphimarket.com\/de\/wp-json\/wp\/v2\/product_brand?post=16477"},{"taxonomy":"product_cat","embeddable":true,"href":"https:\/\/graphimarket.com\/de\/wp-json\/wp\/v2\/product_cat?post=16477"},{"taxonomy":"product_tag","embeddable":true,"href":"https:\/\/graphimarket.com\/de\/wp-json\/wp\/v2\/product_tag?post=16477"}],"curies":[{"name":"wp","href":"https:\/\/api.w.org\/{rel}","templated":true}]}}