{"id":16550,"date":"2021-03-18T17:15:27","date_gmt":"2021-03-18T16:15:27","guid":{"rendered":"https:\/\/graphimarket.com\/?post_type=product&#038;p=16550"},"modified":"2022-12-11T13:22:48","modified_gmt":"2022-12-11T12:22:48","slug":"sanddust-photoshop-action","status":"publish","type":"product","link":"https:\/\/graphimarket.com\/de\/product\/sanddust-photoshop-action\/","title":{"rendered":"SandDust Photoshop-Aktion"},"content":{"rendered":"<p><strong>Sandstaub-Aktion<\/strong>\u00a0- Es wirkt mit Sandpartikeln und Lichtstrahlen. Sie k\u00f6nnen den sch\u00f6nen Himmel als Hintergrundbild einschalten oder nur Sandpartikel auf Ihren Fotos belassen, um einen fantastischen fotorealistischen Sandsturm in Ihrer Landschaft zu erzeugen.<\/p>\n<p>Diese Aktion wurde f\u00fcr die Verwendung in Photoshop CS3, CS4, CS5, CS6, CC und NUR F\u00dcR DIE ENGLISCHE VERSION VON PHOTOSHOP erstellt und optimiert. M\u00fcssen Sie die Sprache Ihrer Version \u00e4ndern?\u00a0<a href=\"https:\/\/graphimarket.com\/de\/2021\/01\/12\/guide-how-to-change-language-on-adobe-cc-to-english\/\" target=\"_blank\" rel=\"noopener\">SCHAU HIER<\/a><\/p>\n<h2 id=\"item-description__how-to-configure-photoshop-to-work-with-actions\">So konfigurieren Sie Photoshop f\u00fcr die Arbeit mit Aktionen.<\/h2>\n<p><strong>1. Stellen Sie sicher, dass Sie die englische Version von Photoshop verwenden.<\/strong> Jede Aktion wurde erstellt und optimiert, um nur mit der englischen Version von Photoshop zu funktionieren. Stellen Sie daher sicher, dass Sie diese Version verwenden. Wenn nicht, machen Sie sich keine Sorgen: Sie k\u00f6nnen die Sprache Ihrer Photoshop-Version mit auf Englisch \u00e4ndern (und wieder zur\u00fcckwechseln)\u00a0<a href=\"https:\/\/graphimarket.com\/de\/2021\/01\/12\/guide-how-to-change-language-on-adobe-cc-to-english\/\" target=\"_blank\" rel=\"noopener\">Dies\u00a0<span style=\"font-size: 16px; font-style: normal; font-weight: 400;\">Methode<\/span><\/a><span style=\"font-size: 16px;\">\u00a0<\/span><\/p>\n<p><strong>2. Verwenden Sie den RGB-Modus und die 8-Bit-Farbe.<\/strong>\u00a0Um diese Einstellungen zu \u00fcberpr\u00fcfen, gehen Sie zu Bild-&gt; Modus und \u00fcberpr\u00fcfen Sie die \u201eRGB-Farbe\u201c und \u201e8 Bits \/ Kanal\u201c.<\/p>\n<p><strong>3. Stellen Sie sicher, dass die Option &quot;Kopieren zu kopierten Ebenen und Gruppen hinzuf\u00fcgen&quot; aktiviert ist.<\/strong>\u00a0Diese Option gilt nur f\u00fcr CS5 und sp\u00e4tere Versionen von Photoshop. Klicken Sie im Bedienfeld \u201eSCHICHTEN\u201c auf das Men\u00fcsymbol, gehen Sie zu \u201eBedienfeldoptionen\u2026\u201c und \u00fcberpr\u00fcfen Sie, ob die Option \u201eKopie zu kopierten Ebenen und Gruppen hinzuf\u00fcgen\u201c aktiviert ist.<\/p>\n<p><strong>4. Verwenden Sie ein Foto mit 72 dpi oder h\u00f6her.<\/strong>\u00a0Wenn Sie ein Foto mit weniger als 72 dpi verwenden, funktioniert die Aktion nicht richtig. Um dies zu beheben, gehen Sie zu Bild-&gt; Bildgr\u00f6\u00dfe und erh\u00f6hen Sie den Aufl\u00f6sungswert.<\/p>\n<p><strong>5. Stellen Sie die Deckkraft des Pinsels auf 100% ein.<\/strong>\u00a0Stellen Sie die Deckkraft des Pinsels auf 100% ein. W\u00e4hlen Sie das \u201ePinselwerkzeug\u201c und bewegen Sie den Deckkraftregler auf 100%.<\/p>\n<p><img decoding=\"async\" class=\"aligncenter\" src=\"https:\/\/graphimarket.com\/wp-content\/uploads\/2021\/03\/Image-Preview3.jpg\" \/><\/p>","protected":false},"excerpt":{"rendered":"<p>SandDust Action\u00a0\u2013 it\u2019s effect with sand particles and rays of light. You can turn on beautiful sky as the background image, or leave only sand particles on your photos to create an awesome photorealistic sand storm on your landscape. This action has been created and optimized for use on Photoshop CS3, CS4, CS5, CS6, CC [&hellip;]<\/p>\n","protected":false},"featured_media":16552,"comment_status":"open","ping_status":"closed","template":"","meta":{"site-sidebar-layout":"default","site-content-layout":"default","ast-site-content-layout":"default","site-content-style":"default","site-sidebar-style":"default","ast-global-header-display":"","ast-banner-title-visibility":"","ast-main-header-display":"","ast-hfb-above-header-display":"","ast-hfb-below-header-display":"","ast-hfb-mobile-header-display":"","site-post-title":"","ast-breadcrumbs-content":"","ast-featured-img":"","footer-sml-layout":"","ast-disable-related-posts":"","theme-transparent-header-meta":"default","adv-header-id-meta":"","stick-header-meta":"","header-above-stick-meta":"","header-main-stick-meta":"","header-below-stick-meta":"","astra-migrate-meta-layouts":"default","ast-page-background-enabled":"default","ast-page-background-meta":{"desktop":{"background-color":"","background-image":"","background-repeat":"repeat","background-position":"center center","background-size":"auto","background-attachment":"scroll","background-type":"","background-media":"","overlay-type":"","overlay-color":"","overlay-opacity":"","overlay-gradient":""},"tablet":{"background-color":"","background-image":"","background-repeat":"repeat","background-position":"center center","background-size":"auto","background-attachment":"scroll","background-type":"","background-media":"","overlay-type":"","overlay-color":"","overlay-opacity":"","overlay-gradient":""},"mobile":{"background-color":"","background-image":"","background-repeat":"repeat","background-position":"center center","background-size":"auto","background-attachment":"scroll","background-type":"","background-media":"","overlay-type":"","overlay-color":"","overlay-opacity":"","overlay-gradient":""}},"ast-content-background-meta":{"desktop":{"background-color":"var(--ast-global-color-5)","background-image":"","background-repeat":"repeat","background-position":"center center","background-size":"auto","background-attachment":"scroll","background-type":"","background-media":"","overlay-type":"","overlay-color":"","overlay-opacity":"","overlay-gradient":""},"tablet":{"background-color":"var(--ast-global-color-5)","background-image":"","background-repeat":"repeat","background-position":"center center","background-size":"auto","background-attachment":"scroll","background-type":"","background-media":"","overlay-type":"","overlay-color":"","overlay-opacity":"","overlay-gradient":""},"mobile":{"background-color":"var(--ast-global-color-5)","background-image":"","background-repeat":"repeat","background-position":"center center","background-size":"auto","background-attachment":"scroll","background-type":"","background-media":"","overlay-type":"","overlay-color":"","overlay-opacity":"","overlay-gradient":""}}},"product_brand":[],"product_cat":[196,15,144,145,195,146],"product_tag":[292,1386,531,1936,314,62,315],"class_list":{"0":"post-16550","1":"product","2":"type-product","3":"status-publish","4":"has-post-thumbnail","6":"product_cat-actions","7":"product_cat-photo","8":"product_cat-photo-editor","9":"product_cat-photography","10":"product_cat-photoshop","11":"product_cat-photoshop-action","12":"product_tag-action","13":"product_tag-adobe","14":"product_tag-cc","15":"product_tag-cs","16":"product_tag-dust","17":"product_tag-photoshop","18":"product_tag-sand","19":"desktop-align-left","20":"tablet-align-left","21":"mobile-align-left","23":"first","24":"instock","25":"sale","26":"downloadable","27":"virtual","28":"taxable","29":"purchasable","30":"product-type-simple"},"yoast_head":"<!-- This site is optimized with the Yoast SEO plugin v27.3 - https:\/\/yoast.com\/product\/yoast-seo-wordpress\/ -->\n<title>SandDust Photoshop Action - Graphimarket<\/title>\n<meta name=\"description\" content=\"SandDust Action\u00a0\u2013 it\u2019s effect with sand particles and rays of light. You can turn on beautiful sky as the background image....\" \/>\n<meta name=\"robots\" content=\"index, follow, max-snippet:-1, max-image-preview:large, max-video-preview:-1\" \/>\n<link rel=\"canonical\" href=\"https:\/\/graphimarket.com\/de\/product\/sanddust-photoshop-action\/\" \/>\n<meta property=\"og:locale\" content=\"de_DE\" \/>\n<meta property=\"og:type\" content=\"article\" \/>\n<meta property=\"og:title\" content=\"SandDust Photoshop Action - Graphimarket\" \/>\n<meta property=\"og:description\" content=\"SandDust Action\u00a0\u2013 it\u2019s effect with sand particles and rays of light. You can turn on beautiful sky as the background image....\" \/>\n<meta property=\"og:url\" content=\"https:\/\/graphimarket.com\/de\/product\/sanddust-photoshop-action\/\" \/>\n<meta property=\"og:site_name\" content=\"Graphimarket\" \/>\n<meta property=\"article:modified_time\" content=\"2022-12-11T12:22:48+00:00\" \/>\n<meta property=\"og:image\" content=\"https:\/\/graphimarket.com\/wp-content\/uploads\/2021\/03\/ICON-1.jpg\" \/>\n\t<meta property=\"og:image:width\" content=\"590\" \/>\n\t<meta property=\"og:image:height\" content=\"818\" \/>\n\t<meta property=\"og:image:type\" content=\"image\/jpeg\" \/>\n<meta name=\"twitter:card\" content=\"summary_large_image\" \/>\n<meta name=\"twitter:label1\" content=\"Est. reading time\" \/>\n\t<meta name=\"twitter:data1\" content=\"1 minute\" \/>\n<script type=\"application\/ld+json\" class=\"yoast-schema-graph\">{\"@context\":\"https:\\\/\\\/schema.org\",\"@graph\":[{\"@type\":\"WebPage\",\"@id\":\"https:\\\/\\\/graphimarket.com\\\/product\\\/sanddust-photoshop-action\\\/\",\"url\":\"https:\\\/\\\/graphimarket.com\\\/product\\\/sanddust-photoshop-action\\\/\",\"name\":\"SandDust Photoshop Action - Graphimarket\",\"isPartOf\":{\"@id\":\"https:\\\/\\\/graphimarket.com\\\/fr\\\/#website\"},\"primaryImageOfPage\":{\"@id\":\"https:\\\/\\\/graphimarket.com\\\/product\\\/sanddust-photoshop-action\\\/#primaryimage\"},\"image\":{\"@id\":\"https:\\\/\\\/graphimarket.com\\\/product\\\/sanddust-photoshop-action\\\/#primaryimage\"},\"thumbnailUrl\":\"https:\\\/\\\/graphimarket.com\\\/wp-content\\\/uploads\\\/2021\\\/03\\\/ICON-1.jpg\",\"datePublished\":\"2021-03-18T16:15:27+00:00\",\"dateModified\":\"2022-12-11T12:22:48+00:00\",\"description\":\"SandDust Action\u00a0\u2013 it\u2019s effect with sand particles and rays of light. You can turn on beautiful sky as the background image....\",\"breadcrumb\":{\"@id\":\"https:\\\/\\\/graphimarket.com\\\/product\\\/sanddust-photoshop-action\\\/#breadcrumb\"},\"inLanguage\":\"de-DE\",\"potentialAction\":[{\"@type\":\"ReadAction\",\"target\":[\"https:\\\/\\\/graphimarket.com\\\/product\\\/sanddust-photoshop-action\\\/\"]}]},{\"@type\":\"ImageObject\",\"inLanguage\":\"de-DE\",\"@id\":\"https:\\\/\\\/graphimarket.com\\\/product\\\/sanddust-photoshop-action\\\/#primaryimage\",\"url\":\"https:\\\/\\\/graphimarket.com\\\/wp-content\\\/uploads\\\/2021\\\/03\\\/ICON-1.jpg\",\"contentUrl\":\"https:\\\/\\\/graphimarket.com\\\/wp-content\\\/uploads\\\/2021\\\/03\\\/ICON-1.jpg\",\"width\":590,\"height\":818},{\"@type\":\"BreadcrumbList\",\"@id\":\"https:\\\/\\\/graphimarket.com\\\/product\\\/sanddust-photoshop-action\\\/#breadcrumb\",\"itemListElement\":[{\"@type\":\"ListItem\",\"position\":1,\"name\":\"Home\",\"item\":\"https:\\\/\\\/graphimarket.com\\\/es\\\/\"},{\"@type\":\"ListItem\",\"position\":2,\"name\":\"Store\",\"item\":\"https:\\\/\\\/graphimarket.com\\\/store\\\/\"},{\"@type\":\"ListItem\",\"position\":3,\"name\":\"SandDust Photoshop Action\"}]},{\"@type\":\"WebSite\",\"@id\":\"https:\\\/\\\/graphimarket.com\\\/fr\\\/#website\",\"url\":\"https:\\\/\\\/graphimarket.com\\\/fr\\\/\",\"name\":\"Graphimarket\",\"description\":\"Find the perfect creative asset to bring your project to life\",\"publisher\":{\"@id\":\"https:\\\/\\\/graphimarket.com\\\/fr\\\/#organization\"},\"potentialAction\":[{\"@type\":\"SearchAction\",\"target\":{\"@type\":\"EntryPoint\",\"urlTemplate\":\"https:\\\/\\\/graphimarket.com\\\/fr\\\/?s={search_term_string}\"},\"query-input\":{\"@type\":\"PropertyValueSpecification\",\"valueRequired\":true,\"valueName\":\"search_term_string\"}}],\"inLanguage\":\"de-DE\"},{\"@type\":\"Organization\",\"@id\":\"https:\\\/\\\/graphimarket.com\\\/fr\\\/#organization\",\"name\":\"Graphimarket\",\"url\":\"https:\\\/\\\/graphimarket.com\\\/fr\\\/\",\"logo\":{\"@type\":\"ImageObject\",\"inLanguage\":\"de-DE\",\"@id\":\"https:\\\/\\\/graphimarket.com\\\/fr\\\/#\\\/schema\\\/logo\\\/image\\\/\",\"url\":\"https:\\\/\\\/graphimarket.com\\\/wp-content\\\/uploads\\\/2020\\\/08\\\/logo-48.png\",\"contentUrl\":\"https:\\\/\\\/graphimarket.com\\\/wp-content\\\/uploads\\\/2020\\\/08\\\/logo-48.png\",\"width\":132,\"height\":48,\"caption\":\"Graphimarket\"},\"image\":{\"@id\":\"https:\\\/\\\/graphimarket.com\\\/fr\\\/#\\\/schema\\\/logo\\\/image\\\/\"}}]}<\/script>\n<!-- \/ Yoast SEO plugin. -->","yoast_head_json":{"title":"SandDust Photoshop Action - Graphimarket","description":"SandDust Action - Wirkung mit Sandpartikeln und Lichtstrahlen. Sie k\u00f6nnen sch\u00f6nen Himmel als Hintergrundbild einschalten ....","robots":{"index":"index","follow":"follow","max-snippet":"max-snippet:-1","max-image-preview":"max-image-preview:large","max-video-preview":"max-video-preview:-1"},"canonical":"https:\/\/graphimarket.com\/de\/product\/sanddust-photoshop-action\/","og_locale":"de_DE","og_type":"article","og_title":"SandDust Photoshop Action - Graphimarket","og_description":"SandDust Action\u00a0\u2013 it\u2019s effect with sand particles and rays of light. You can turn on beautiful sky as the background image....","og_url":"https:\/\/graphimarket.com\/de\/product\/sanddust-photoshop-action\/","og_site_name":"Graphimarket","article_modified_time":"2022-12-11T12:22:48+00:00","og_image":[{"width":590,"height":818,"url":"https:\/\/graphimarket.com\/wp-content\/uploads\/2021\/03\/ICON-1.jpg","type":"image\/jpeg"}],"twitter_card":"summary_large_image","twitter_misc":{"Est. reading time":"1 minute"},"schema":{"@context":"https:\/\/schema.org","@graph":[{"@type":"WebPage","@id":"https:\/\/graphimarket.com\/product\/sanddust-photoshop-action\/","url":"https:\/\/graphimarket.com\/product\/sanddust-photoshop-action\/","name":"SandDust Photoshop Action - Graphimarket","isPartOf":{"@id":"https:\/\/graphimarket.com\/fr\/#website"},"primaryImageOfPage":{"@id":"https:\/\/graphimarket.com\/product\/sanddust-photoshop-action\/#primaryimage"},"image":{"@id":"https:\/\/graphimarket.com\/product\/sanddust-photoshop-action\/#primaryimage"},"thumbnailUrl":"https:\/\/graphimarket.com\/wp-content\/uploads\/2021\/03\/ICON-1.jpg","datePublished":"2021-03-18T16:15:27+00:00","dateModified":"2022-12-11T12:22:48+00:00","description":"SandDust Action - Wirkung mit Sandpartikeln und Lichtstrahlen. Sie k\u00f6nnen sch\u00f6nen Himmel als Hintergrundbild einschalten ....","breadcrumb":{"@id":"https:\/\/graphimarket.com\/product\/sanddust-photoshop-action\/#breadcrumb"},"inLanguage":"de-DE","potentialAction":[{"@type":"ReadAction","target":["https:\/\/graphimarket.com\/product\/sanddust-photoshop-action\/"]}]},{"@type":"ImageObject","inLanguage":"de-DE","@id":"https:\/\/graphimarket.com\/product\/sanddust-photoshop-action\/#primaryimage","url":"https:\/\/graphimarket.com\/wp-content\/uploads\/2021\/03\/ICON-1.jpg","contentUrl":"https:\/\/graphimarket.com\/wp-content\/uploads\/2021\/03\/ICON-1.jpg","width":590,"height":818},{"@type":"BreadcrumbList","@id":"https:\/\/graphimarket.com\/product\/sanddust-photoshop-action\/#breadcrumb","itemListElement":[{"@type":"ListItem","position":1,"name":"Home","item":"https:\/\/graphimarket.com\/es\/"},{"@type":"ListItem","position":2,"name":"Store","item":"https:\/\/graphimarket.com\/store\/"},{"@type":"ListItem","position":3,"name":"SandDust Photoshop Action"}]},{"@type":"WebSite","@id":"https:\/\/graphimarket.com\/fr\/#website","url":"https:\/\/graphimarket.com\/fr\/","name":"Graphimarket","description":"Finden Sie das perfekte kreative Kapital, um Ihr Projekt zum Leben zu erwecken","publisher":{"@id":"https:\/\/graphimarket.com\/fr\/#organization"},"potentialAction":[{"@type":"SearchAction","target":{"@type":"EntryPoint","urlTemplate":"https:\/\/graphimarket.com\/fr\/?s={search_term_string}"},"query-input":{"@type":"PropertyValueSpecification","valueRequired":true,"valueName":"search_term_string"}}],"inLanguage":"de-DE"},{"@type":"Organization","@id":"https:\/\/graphimarket.com\/fr\/#organization","name":"Graphimarket","url":"https:\/\/graphimarket.com\/fr\/","logo":{"@type":"ImageObject","inLanguage":"de-DE","@id":"https:\/\/graphimarket.com\/fr\/#\/schema\/logo\/image\/","url":"https:\/\/graphimarket.com\/wp-content\/uploads\/2020\/08\/logo-48.png","contentUrl":"https:\/\/graphimarket.com\/wp-content\/uploads\/2020\/08\/logo-48.png","width":132,"height":48,"caption":"Graphimarket"},"image":{"@id":"https:\/\/graphimarket.com\/fr\/#\/schema\/logo\/image\/"}}]}},"_links":{"self":[{"href":"https:\/\/graphimarket.com\/de\/wp-json\/wp\/v2\/product\/16550","targetHints":{"allow":["GET"]}}],"collection":[{"href":"https:\/\/graphimarket.com\/de\/wp-json\/wp\/v2\/product"}],"about":[{"href":"https:\/\/graphimarket.com\/de\/wp-json\/wp\/v2\/types\/product"}],"replies":[{"embeddable":true,"href":"https:\/\/graphimarket.com\/de\/wp-json\/wp\/v2\/comments?post=16550"}],"version-history":[{"count":0,"href":"https:\/\/graphimarket.com\/de\/wp-json\/wp\/v2\/product\/16550\/revisions"}],"wp:featuredmedia":[{"embeddable":true,"href":"https:\/\/graphimarket.com\/de\/wp-json\/wp\/v2\/media\/16552"}],"wp:attachment":[{"href":"https:\/\/graphimarket.com\/de\/wp-json\/wp\/v2\/media?parent=16550"}],"wp:term":[{"taxonomy":"product_brand","embeddable":true,"href":"https:\/\/graphimarket.com\/de\/wp-json\/wp\/v2\/product_brand?post=16550"},{"taxonomy":"product_cat","embeddable":true,"href":"https:\/\/graphimarket.com\/de\/wp-json\/wp\/v2\/product_cat?post=16550"},{"taxonomy":"product_tag","embeddable":true,"href":"https:\/\/graphimarket.com\/de\/wp-json\/wp\/v2\/product_tag?post=16550"}],"curies":[{"name":"wp","href":"https:\/\/api.w.org\/{rel}","templated":true}]}}