{"id":16745,"date":"2021-03-30T14:39:50","date_gmt":"2021-03-30T12:39:50","guid":{"rendered":"https:\/\/graphimarket.com\/?post_type=product&#038;p=16745"},"modified":"2022-12-11T13:20:56","modified_gmt":"2022-12-11T12:20:56","slug":"tekniq-photoshop-action","status":"publish","type":"product","link":"https:\/\/graphimarket.com\/de\/product\/tekniq-photoshop-action\/","title":{"rendered":"Tekniq Photoshop-Aktion"},"content":{"rendered":"<p id=\"item-description__tekniq-photoshop-action\"><strong>Tekniq Photoshop-Aktion<\/strong><\/p>\n<p>Erstellen Sie ganz einfach abstrakte digitale Kunst aus Ihren Fotos! Dieser Effekt spart Ihnen Arbeitsstunden und ist einfach zu bedienen. Alle Ebenen sind farbcodiert, benannt und entsprechend gruppiert. Achten Sie darauf, die zu beobachten\u00a0<a href=\"https:\/\/www.youtube.com\/watch?v=jJlGyNa1M7U\" rel=\"nofollow\">Videoanleitung<\/a>\u00a0wie Sie den Effekt optimal nutzen k\u00f6nnen.<\/p>\n<p>Die Aktion wurde getestet und funktioniert in Photoshop\u00a0<strong>CS3, CS4, CS5, CS6, CC, CC 2015.5, CC 2017, CC 2018, CC 2019+<\/strong><\/p>\n<p><strong>Wichtig zu wissen<\/strong><\/p>\n<ul>\n<li>Stellen Sie sicher, dass Sie die verwenden\u00a0<a href=\"https:\/\/graphimarket.com\/de\/2021\/01\/12\/change-the-language-of-your-creative-cloud-apps\/\" target=\"_blank\" rel=\"noopener\">Englische Version von Photoshop<\/a>\u00a0um die Aktion auszuf\u00fchren. Alle Sevenstyles-Aktionen funktionieren nur in der englischen Version von Photoshop.<\/li>\n<\/ul>\n<ul>\n<li>\u00dcberpr\u00fcfen Sie, ob Sie eine von der Aktion unterst\u00fctzte Version von Photoshop verwenden.<\/li>\n<\/ul>\n<ul>\n<li>Verwenden Sie mit der Aktion hochaufl\u00f6sende Fotos, um die besten Ergebnisse zu erzielen und Fehler zu vermeiden. Eine optimale Fotoaufl\u00f6sung liegt zwischen 2000px und 4500px.<\/li>\n<\/ul>\n<ul>\n<li>Mit Adobe Creative Cloud k\u00f6nnen Sie installieren\u00a0<a href=\"https:\/\/graphimarket.com\/de\/2021\/01\/12\/how-to-install-previous-versions-of-your-creative-cloud-apps\/\" target=\"_blank\" rel=\"noopener\">mehrere Versionen von Photoshop<\/a>. Wenn Ihnen diese Aktion gef\u00e4llt, sie jedoch in Ihrer Photoshop-Version nicht unterst\u00fctzt wird, k\u00f6nnen Sie jederzeit eine zus\u00e4tzliche Version von Photoshop installieren, um die Aktion auszuf\u00fchren. Sobald eine Aktion getestet wurde und an einer Version von Photoshop arbeitet, funktioniert sie f\u00fcr immer.<\/li>\n<\/ul>\n<ul>\n<li>Verwenden Sie JPEG-Bilder, um die Aktion auszuf\u00fchren. Andere Dateitypen wie TIFF, BMP, PNG, PSD k\u00f6nnen Probleme mit Aktionen verursachen, da Photoshop verschiedene Funktionen f\u00fcr verschiedene Dateitypen deaktiviert.<\/li>\n<\/ul>\n<ul>\n<li>Wenn eine Sevenstyles-Aktion eine Pinsel- (.abr), Muster- (.pat) oder Shapes- (.csh) Datei im Download enth\u00e4lt, muss sie vor dem Abspielen der Aktion in Photoshop geladen werden.<\/li>\n<\/ul>\n<ul>\n<li>Vermeiden Sie die Verwendung der Aktion f\u00fcr Logos oder Bilder im ClipArt-Stil, da der Mangel an Details und Farbkontrasten zu Fehlern f\u00fchren kann.<\/li>\n<\/ul>\n<p><img fetchpriority=\"high\" decoding=\"async\" class=\"alignnone size-full wp-image-16746\" src=\"https:\/\/graphimarket.com\/wp-content\/uploads\/2021\/03\/BasketBallerShirtOff_aa.jpg\" alt=\"\" width=\"1190\" height=\"1677\" srcset=\"https:\/\/graphimarket.com\/wp-content\/uploads\/2021\/03\/BasketBallerShirtOff_aa.jpg 1190w, https:\/\/graphimarket.com\/wp-content\/uploads\/2021\/03\/BasketBallerShirtOff_aa-213x300.jpg 213w, https:\/\/graphimarket.com\/wp-content\/uploads\/2021\/03\/BasketBallerShirtOff_aa-727x1024.jpg 727w, https:\/\/graphimarket.com\/wp-content\/uploads\/2021\/03\/BasketBallerShirtOff_aa-768x1082.jpg 768w, https:\/\/graphimarket.com\/wp-content\/uploads\/2021\/03\/BasketBallerShirtOff_aa-1090x1536.jpg 1090w, https:\/\/graphimarket.com\/wp-content\/uploads\/2021\/03\/BasketBallerShirtOff_aa-9x12.jpg 9w, https:\/\/graphimarket.com\/wp-content\/uploads\/2021\/03\/BasketBallerShirtOff_aa-600x846.jpg 600w\" sizes=\"(max-width: 1190px) 100vw, 1190px\" \/> <img decoding=\"async\" class=\"alignnone size-full wp-image-16747\" src=\"https:\/\/graphimarket.com\/wp-content\/uploads\/2021\/03\/BasketBallerShirtOff2_aa.jpg\" alt=\"\" width=\"1190\" height=\"1677\" srcset=\"https:\/\/graphimarket.com\/wp-content\/uploads\/2021\/03\/BasketBallerShirtOff2_aa.jpg 1190w, https:\/\/graphimarket.com\/wp-content\/uploads\/2021\/03\/BasketBallerShirtOff2_aa-213x300.jpg 213w, https:\/\/graphimarket.com\/wp-content\/uploads\/2021\/03\/BasketBallerShirtOff2_aa-727x1024.jpg 727w, https:\/\/graphimarket.com\/wp-content\/uploads\/2021\/03\/BasketBallerShirtOff2_aa-768x1082.jpg 768w, https:\/\/graphimarket.com\/wp-content\/uploads\/2021\/03\/BasketBallerShirtOff2_aa-1090x1536.jpg 1090w, https:\/\/graphimarket.com\/wp-content\/uploads\/2021\/03\/BasketBallerShirtOff2_aa-9x12.jpg 9w, https:\/\/graphimarket.com\/wp-content\/uploads\/2021\/03\/BasketBallerShirtOff2_aa-600x846.jpg 600w\" sizes=\"(max-width: 1190px) 100vw, 1190px\" \/> <img decoding=\"async\" class=\"alignnone size-full wp-image-16748\" src=\"https:\/\/graphimarket.com\/wp-content\/uploads\/2021\/03\/BasketBallerShoot_aa.jpg\" alt=\"\" width=\"1488\" height=\"2070\" srcset=\"https:\/\/graphimarket.com\/wp-content\/uploads\/2021\/03\/BasketBallerShoot_aa.jpg 1488w, https:\/\/graphimarket.com\/wp-content\/uploads\/2021\/03\/BasketBallerShoot_aa-216x300.jpg 216w, https:\/\/graphimarket.com\/wp-content\/uploads\/2021\/03\/BasketBallerShoot_aa-736x1024.jpg 736w, https:\/\/graphimarket.com\/wp-content\/uploads\/2021\/03\/BasketBallerShoot_aa-768x1068.jpg 768w, https:\/\/graphimarket.com\/wp-content\/uploads\/2021\/03\/BasketBallerShoot_aa-1104x1536.jpg 1104w, https:\/\/graphimarket.com\/wp-content\/uploads\/2021\/03\/BasketBallerShoot_aa-1472x2048.jpg 1472w, https:\/\/graphimarket.com\/wp-content\/uploads\/2021\/03\/BasketBallerShoot_aa-9x12.jpg 9w, https:\/\/graphimarket.com\/wp-content\/uploads\/2021\/03\/BasketBallerShoot_aa-1320x1836.jpg 1320w, https:\/\/graphimarket.com\/wp-content\/uploads\/2021\/03\/BasketBallerShoot_aa-600x835.jpg 600w\" sizes=\"(max-width: 1488px) 100vw, 1488px\" \/> <img loading=\"lazy\" decoding=\"async\" class=\"alignnone size-full wp-image-16749\" src=\"https:\/\/graphimarket.com\/wp-content\/uploads\/2021\/03\/BBaller_aa.jpg\" alt=\"\" width=\"1932\" height=\"2070\" srcset=\"https:\/\/graphimarket.com\/wp-content\/uploads\/2021\/03\/BBaller_aa.jpg 1932w, https:\/\/graphimarket.com\/wp-content\/uploads\/2021\/03\/BBaller_aa-280x300.jpg 280w, https:\/\/graphimarket.com\/wp-content\/uploads\/2021\/03\/BBaller_aa-956x1024.jpg 956w, https:\/\/graphimarket.com\/wp-content\/uploads\/2021\/03\/BBaller_aa-768x823.jpg 768w, https:\/\/graphimarket.com\/wp-content\/uploads\/2021\/03\/BBaller_aa-1434x1536.jpg 1434w, https:\/\/graphimarket.com\/wp-content\/uploads\/2021\/03\/BBaller_aa-1911x2048.jpg 1911w, https:\/\/graphimarket.com\/wp-content\/uploads\/2021\/03\/BBaller_aa-11x12.jpg 11w, https:\/\/graphimarket.com\/wp-content\/uploads\/2021\/03\/BBaller_aa-1320x1414.jpg 1320w, https:\/\/graphimarket.com\/wp-content\/uploads\/2021\/03\/BBaller_aa-600x643.jpg 600w\" sizes=\"(max-width: 1932px) 100vw, 1932px\" \/> <img loading=\"lazy\" decoding=\"async\" class=\"alignnone size-full wp-image-16750\" src=\"https:\/\/graphimarket.com\/wp-content\/uploads\/2021\/03\/BeardGuy1.jpg\" alt=\"\" width=\"1153\" height=\"1730\" srcset=\"https:\/\/graphimarket.com\/wp-content\/uploads\/2021\/03\/BeardGuy1.jpg 1153w, https:\/\/graphimarket.com\/wp-content\/uploads\/2021\/03\/BeardGuy1-200x300.jpg 200w, https:\/\/graphimarket.com\/wp-content\/uploads\/2021\/03\/BeardGuy1-682x1024.jpg 682w, https:\/\/graphimarket.com\/wp-content\/uploads\/2021\/03\/BeardGuy1-768x1152.jpg 768w, https:\/\/graphimarket.com\/wp-content\/uploads\/2021\/03\/BeardGuy1-1024x1536.jpg 1024w, https:\/\/graphimarket.com\/wp-content\/uploads\/2021\/03\/BeardGuy1-8x12.jpg 8w, https:\/\/graphimarket.com\/wp-content\/uploads\/2021\/03\/BeardGuy1-600x900.jpg 600w\" sizes=\"(max-width: 1153px) 100vw, 1153px\" \/> <img loading=\"lazy\" decoding=\"async\" class=\"alignnone size-full wp-image-16751\" src=\"https:\/\/graphimarket.com\/wp-content\/uploads\/2021\/03\/BeardGuy2.jpg\" alt=\"\" width=\"1153\" height=\"1730\" srcset=\"https:\/\/graphimarket.com\/wp-content\/uploads\/2021\/03\/BeardGuy2.jpg 1153w, https:\/\/graphimarket.com\/wp-content\/uploads\/2021\/03\/BeardGuy2-200x300.jpg 200w, https:\/\/graphimarket.com\/wp-content\/uploads\/2021\/03\/BeardGuy2-682x1024.jpg 682w, https:\/\/graphimarket.com\/wp-content\/uploads\/2021\/03\/BeardGuy2-768x1152.jpg 768w, https:\/\/graphimarket.com\/wp-content\/uploads\/2021\/03\/BeardGuy2-1024x1536.jpg 1024w, https:\/\/graphimarket.com\/wp-content\/uploads\/2021\/03\/BeardGuy2-8x12.jpg 8w, https:\/\/graphimarket.com\/wp-content\/uploads\/2021\/03\/BeardGuy2-600x900.jpg 600w\" sizes=\"(max-width: 1153px) 100vw, 1153px\" \/> <img loading=\"lazy\" decoding=\"async\" class=\"alignnone size-full wp-image-16752\" src=\"https:\/\/graphimarket.com\/wp-content\/uploads\/2021\/03\/60sGirl_aa.jpg\" alt=\"\" width=\"1413\" height=\"1689\" srcset=\"https:\/\/graphimarket.com\/wp-content\/uploads\/2021\/03\/60sGirl_aa.jpg 1413w, https:\/\/graphimarket.com\/wp-content\/uploads\/2021\/03\/60sGirl_aa-251x300.jpg 251w, https:\/\/graphimarket.com\/wp-content\/uploads\/2021\/03\/60sGirl_aa-857x1024.jpg 857w, https:\/\/graphimarket.com\/wp-content\/uploads\/2021\/03\/60sGirl_aa-768x918.jpg 768w, https:\/\/graphimarket.com\/wp-content\/uploads\/2021\/03\/60sGirl_aa-1285x1536.jpg 1285w, https:\/\/graphimarket.com\/wp-content\/uploads\/2021\/03\/60sGirl_aa-10x12.jpg 10w, https:\/\/graphimarket.com\/wp-content\/uploads\/2021\/03\/60sGirl_aa-1320x1578.jpg 1320w, https:\/\/graphimarket.com\/wp-content\/uploads\/2021\/03\/60sGirl_aa-600x717.jpg 600w\" sizes=\"(max-width: 1413px) 100vw, 1413px\" \/> <img loading=\"lazy\" decoding=\"async\" class=\"alignnone size-full wp-image-16753\" src=\"https:\/\/graphimarket.com\/wp-content\/uploads\/2021\/03\/AsianGirl_aa.jpg\" alt=\"\" width=\"1153\" height=\"1730\" srcset=\"https:\/\/graphimarket.com\/wp-content\/uploads\/2021\/03\/AsianGirl_aa.jpg 1153w, https:\/\/graphimarket.com\/wp-content\/uploads\/2021\/03\/AsianGirl_aa-200x300.jpg 200w, https:\/\/graphimarket.com\/wp-content\/uploads\/2021\/03\/AsianGirl_aa-682x1024.jpg 682w, https:\/\/graphimarket.com\/wp-content\/uploads\/2021\/03\/AsianGirl_aa-768x1152.jpg 768w, https:\/\/graphimarket.com\/wp-content\/uploads\/2021\/03\/AsianGirl_aa-1024x1536.jpg 1024w, https:\/\/graphimarket.com\/wp-content\/uploads\/2021\/03\/AsianGirl_aa-8x12.jpg 8w, https:\/\/graphimarket.com\/wp-content\/uploads\/2021\/03\/AsianGirl_aa-600x900.jpg 600w\" sizes=\"(max-width: 1153px) 100vw, 1153px\" \/> <img loading=\"lazy\" decoding=\"async\" class=\"alignnone size-full wp-image-16754\" src=\"https:\/\/graphimarket.com\/wp-content\/uploads\/2021\/03\/BaseBall_aa.jpg\" alt=\"\" width=\"1216\" height=\"2277\" srcset=\"https:\/\/graphimarket.com\/wp-content\/uploads\/2021\/03\/BaseBall_aa.jpg 1216w, https:\/\/graphimarket.com\/wp-content\/uploads\/2021\/03\/BaseBall_aa-160x300.jpg 160w, https:\/\/graphimarket.com\/wp-content\/uploads\/2021\/03\/BaseBall_aa-547x1024.jpg 547w, https:\/\/graphimarket.com\/wp-content\/uploads\/2021\/03\/BaseBall_aa-768x1438.jpg 768w, https:\/\/graphimarket.com\/wp-content\/uploads\/2021\/03\/BaseBall_aa-820x1536.jpg 820w, https:\/\/graphimarket.com\/wp-content\/uploads\/2021\/03\/BaseBall_aa-1094x2048.jpg 1094w, https:\/\/graphimarket.com\/wp-content\/uploads\/2021\/03\/BaseBall_aa-6x12.jpg 6w, https:\/\/graphimarket.com\/wp-content\/uploads\/2021\/03\/BaseBall_aa-600x1124.jpg 600w\" sizes=\"(max-width: 1216px) 100vw, 1216px\" \/><\/p>","protected":false},"excerpt":{"rendered":"<p>Tekniq Photoshop Action Create abstract digital art from your photos easily! This effect will save you hours of work and is simple to use. All layers are color coded, named and grouped appropriately. Make sure to watch the\u00a0video tutorial\u00a0on how to get the most out of the effect. The action has been tested and working [&hellip;]<\/p>\n","protected":false},"featured_media":16749,"comment_status":"open","ping_status":"closed","template":"","meta":{"site-sidebar-layout":"default","site-content-layout":"default","ast-site-content-layout":"default","site-content-style":"default","site-sidebar-style":"default","ast-global-header-display":"","ast-banner-title-visibility":"","ast-main-header-display":"","ast-hfb-above-header-display":"","ast-hfb-below-header-display":"","ast-hfb-mobile-header-display":"","site-post-title":"","ast-breadcrumbs-content":"","ast-featured-img":"","footer-sml-layout":"","ast-disable-related-posts":"","theme-transparent-header-meta":"default","adv-header-id-meta":"","stick-header-meta":"","header-above-stick-meta":"","header-main-stick-meta":"","header-below-stick-meta":"","astra-migrate-meta-layouts":"default","ast-page-background-enabled":"default","ast-page-background-meta":{"desktop":{"background-color":"","background-image":"","background-repeat":"repeat","background-position":"center center","background-size":"auto","background-attachment":"scroll","background-type":"","background-media":"","overlay-type":"","overlay-color":"","overlay-opacity":"","overlay-gradient":""},"tablet":{"background-color":"","background-image":"","background-repeat":"repeat","background-position":"center center","background-size":"auto","background-attachment":"scroll","background-type":"","background-media":"","overlay-type":"","overlay-color":"","overlay-opacity":"","overlay-gradient":""},"mobile":{"background-color":"","background-image":"","background-repeat":"repeat","background-position":"center center","background-size":"auto","background-attachment":"scroll","background-type":"","background-media":"","overlay-type":"","overlay-color":"","overlay-opacity":"","overlay-gradient":""}},"ast-content-background-meta":{"desktop":{"background-color":"var(--ast-global-color-5)","background-image":"","background-repeat":"repeat","background-position":"center center","background-size":"auto","background-attachment":"scroll","background-type":"","background-media":"","overlay-type":"","overlay-color":"","overlay-opacity":"","overlay-gradient":""},"tablet":{"background-color":"var(--ast-global-color-5)","background-image":"","background-repeat":"repeat","background-position":"center center","background-size":"auto","background-attachment":"scroll","background-type":"","background-media":"","overlay-type":"","overlay-color":"","overlay-opacity":"","overlay-gradient":""},"mobile":{"background-color":"var(--ast-global-color-5)","background-image":"","background-repeat":"repeat","background-position":"center center","background-size":"auto","background-attachment":"scroll","background-type":"","background-media":"","overlay-type":"","overlay-color":"","overlay-opacity":"","overlay-gradient":""}}},"product_brand":[],"product_cat":[196,15,145,195,146],"product_tag":[292,1386,1936,62,1949],"class_list":{"0":"post-16745","1":"product","2":"type-product","3":"status-publish","4":"has-post-thumbnail","6":"product_cat-actions","7":"product_cat-photo","8":"product_cat-photography","9":"product_cat-photoshop","10":"product_cat-photoshop-action","11":"product_tag-action","12":"product_tag-adobe","13":"product_tag-cs","14":"product_tag-photoshop","15":"product_tag-teckniq","16":"desktop-align-left","17":"tablet-align-left","18":"mobile-align-left","20":"first","21":"instock","22":"sale","23":"downloadable","24":"virtual","25":"taxable","26":"purchasable","27":"product-type-simple"},"yoast_head":"<!-- This site is optimized with the Yoast SEO plugin v27.3 - https:\/\/yoast.com\/product\/yoast-seo-wordpress\/ -->\n<title>Tekniq Photoshop Action - Graphimarket<\/title>\n<meta name=\"description\" content=\"Tekniq Photoshop Action, Create abstract digital art from your photos easily! This effect will save you hours of work and is simple to use...\" \/>\n<meta name=\"robots\" content=\"index, follow, max-snippet:-1, max-image-preview:large, max-video-preview:-1\" \/>\n<link rel=\"canonical\" href=\"http:\/\/graphimarket.com\/de\/product\/tekniq-photoshop-action\/\" \/>\n<meta property=\"og:locale\" content=\"de_DE\" \/>\n<meta property=\"og:type\" content=\"article\" \/>\n<meta property=\"og:title\" content=\"Tekniq Photoshop Action - Graphimarket\" \/>\n<meta property=\"og:description\" content=\"Tekniq Photoshop Action, Create abstract digital art from your photos easily! This effect will save you hours of work and is simple to use...\" \/>\n<meta property=\"og:url\" content=\"http:\/\/graphimarket.com\/de\/product\/tekniq-photoshop-action\/\" \/>\n<meta property=\"og:site_name\" content=\"Graphimarket\" \/>\n<meta property=\"article:modified_time\" content=\"2022-12-11T12:20:56+00:00\" \/>\n<meta property=\"og:image\" content=\"https:\/\/graphimarket.com\/wp-content\/uploads\/2021\/03\/BBaller_aa.jpg\" \/>\n\t<meta property=\"og:image:width\" content=\"1932\" \/>\n\t<meta property=\"og:image:height\" content=\"2070\" \/>\n\t<meta property=\"og:image:type\" content=\"image\/jpeg\" \/>\n<meta name=\"twitter:card\" content=\"summary_large_image\" \/>\n<meta name=\"twitter:label1\" content=\"Est. reading time\" \/>\n\t<meta name=\"twitter:data1\" content=\"1 minute\" \/>\n<script type=\"application\/ld+json\" class=\"yoast-schema-graph\">{\"@context\":\"https:\\\/\\\/schema.org\",\"@graph\":[{\"@type\":\"WebPage\",\"@id\":\"http:\\\/\\\/graphimarket.com\\\/ja\\\/product\\\/tekniq-photoshop-action\\\/\",\"url\":\"http:\\\/\\\/graphimarket.com\\\/ja\\\/product\\\/tekniq-photoshop-action\\\/\",\"name\":\"Tekniq Photoshop Action - Graphimarket\",\"isPartOf\":{\"@id\":\"https:\\\/\\\/graphimarket.com\\\/fr\\\/#website\"},\"primaryImageOfPage\":{\"@id\":\"http:\\\/\\\/graphimarket.com\\\/ja\\\/product\\\/tekniq-photoshop-action\\\/#primaryimage\"},\"image\":{\"@id\":\"http:\\\/\\\/graphimarket.com\\\/ja\\\/product\\\/tekniq-photoshop-action\\\/#primaryimage\"},\"thumbnailUrl\":\"https:\\\/\\\/graphimarket.com\\\/wp-content\\\/uploads\\\/2021\\\/03\\\/BBaller_aa.jpg\",\"datePublished\":\"2021-03-30T12:39:50+00:00\",\"dateModified\":\"2022-12-11T12:20:56+00:00\",\"description\":\"Tekniq Photoshop Action, Create abstract digital art from your photos easily! This effect will save you hours of work and is simple to use...\",\"breadcrumb\":{\"@id\":\"http:\\\/\\\/graphimarket.com\\\/ja\\\/product\\\/tekniq-photoshop-action\\\/#breadcrumb\"},\"inLanguage\":\"de-DE\",\"potentialAction\":[{\"@type\":\"ReadAction\",\"target\":[\"http:\\\/\\\/graphimarket.com\\\/ja\\\/product\\\/tekniq-photoshop-action\\\/\"]}]},{\"@type\":\"ImageObject\",\"inLanguage\":\"de-DE\",\"@id\":\"http:\\\/\\\/graphimarket.com\\\/ja\\\/product\\\/tekniq-photoshop-action\\\/#primaryimage\",\"url\":\"https:\\\/\\\/graphimarket.com\\\/wp-content\\\/uploads\\\/2021\\\/03\\\/BBaller_aa.jpg\",\"contentUrl\":\"https:\\\/\\\/graphimarket.com\\\/wp-content\\\/uploads\\\/2021\\\/03\\\/BBaller_aa.jpg\",\"width\":1932,\"height\":2070},{\"@type\":\"BreadcrumbList\",\"@id\":\"http:\\\/\\\/graphimarket.com\\\/ja\\\/product\\\/tekniq-photoshop-action\\\/#breadcrumb\",\"itemListElement\":[{\"@type\":\"ListItem\",\"position\":1,\"name\":\"Home\",\"item\":\"https:\\\/\\\/graphimarket.com\\\/es\\\/\"},{\"@type\":\"ListItem\",\"position\":2,\"name\":\"Store\",\"item\":\"https:\\\/\\\/graphimarket.com\\\/store\\\/\"},{\"@type\":\"ListItem\",\"position\":3,\"name\":\"Tekniq Photoshop Action\"}]},{\"@type\":\"WebSite\",\"@id\":\"https:\\\/\\\/graphimarket.com\\\/fr\\\/#website\",\"url\":\"https:\\\/\\\/graphimarket.com\\\/fr\\\/\",\"name\":\"Graphimarket\",\"description\":\"Find the perfect creative asset to bring your project to life\",\"publisher\":{\"@id\":\"https:\\\/\\\/graphimarket.com\\\/fr\\\/#organization\"},\"potentialAction\":[{\"@type\":\"SearchAction\",\"target\":{\"@type\":\"EntryPoint\",\"urlTemplate\":\"https:\\\/\\\/graphimarket.com\\\/fr\\\/?s={search_term_string}\"},\"query-input\":{\"@type\":\"PropertyValueSpecification\",\"valueRequired\":true,\"valueName\":\"search_term_string\"}}],\"inLanguage\":\"de-DE\"},{\"@type\":\"Organization\",\"@id\":\"https:\\\/\\\/graphimarket.com\\\/fr\\\/#organization\",\"name\":\"Graphimarket\",\"url\":\"https:\\\/\\\/graphimarket.com\\\/fr\\\/\",\"logo\":{\"@type\":\"ImageObject\",\"inLanguage\":\"de-DE\",\"@id\":\"https:\\\/\\\/graphimarket.com\\\/fr\\\/#\\\/schema\\\/logo\\\/image\\\/\",\"url\":\"https:\\\/\\\/graphimarket.com\\\/wp-content\\\/uploads\\\/2020\\\/08\\\/logo-48.png\",\"contentUrl\":\"https:\\\/\\\/graphimarket.com\\\/wp-content\\\/uploads\\\/2020\\\/08\\\/logo-48.png\",\"width\":132,\"height\":48,\"caption\":\"Graphimarket\"},\"image\":{\"@id\":\"https:\\\/\\\/graphimarket.com\\\/fr\\\/#\\\/schema\\\/logo\\\/image\\\/\"}}]}<\/script>\n<!-- \/ Yoast SEO plugin. -->","yoast_head_json":{"title":"Tekniq Photoshop Action - Graphimarket","description":"Tekniq Photoshop Action, Erstellen Sie ganz einfach abstrakte digitale Kunst aus Ihren Fotos! Dieser Effekt spart Ihnen Arbeitsstunden und ist einfach zu bedienen ...","robots":{"index":"index","follow":"follow","max-snippet":"max-snippet:-1","max-image-preview":"max-image-preview:large","max-video-preview":"max-video-preview:-1"},"canonical":"http:\/\/graphimarket.com\/de\/product\/tekniq-photoshop-action\/","og_locale":"de_DE","og_type":"article","og_title":"Tekniq Photoshop Action - Graphimarket","og_description":"Tekniq Photoshop Action, Create abstract digital art from your photos easily! This effect will save you hours of work and is simple to use...","og_url":"http:\/\/graphimarket.com\/de\/product\/tekniq-photoshop-action\/","og_site_name":"Graphimarket","article_modified_time":"2022-12-11T12:20:56+00:00","og_image":[{"width":1932,"height":2070,"url":"https:\/\/graphimarket.com\/wp-content\/uploads\/2021\/03\/BBaller_aa.jpg","type":"image\/jpeg"}],"twitter_card":"summary_large_image","twitter_misc":{"Est. reading time":"1 minute"},"schema":{"@context":"https:\/\/schema.org","@graph":[{"@type":"WebPage","@id":"http:\/\/graphimarket.com\/ja\/product\/tekniq-photoshop-action\/","url":"http:\/\/graphimarket.com\/ja\/product\/tekniq-photoshop-action\/","name":"Tekniq Photoshop Action - Graphimarket","isPartOf":{"@id":"https:\/\/graphimarket.com\/fr\/#website"},"primaryImageOfPage":{"@id":"http:\/\/graphimarket.com\/ja\/product\/tekniq-photoshop-action\/#primaryimage"},"image":{"@id":"http:\/\/graphimarket.com\/ja\/product\/tekniq-photoshop-action\/#primaryimage"},"thumbnailUrl":"https:\/\/graphimarket.com\/wp-content\/uploads\/2021\/03\/BBaller_aa.jpg","datePublished":"2021-03-30T12:39:50+00:00","dateModified":"2022-12-11T12:20:56+00:00","description":"Tekniq Photoshop Action, Erstellen Sie ganz einfach abstrakte digitale Kunst aus Ihren Fotos! Dieser Effekt spart Ihnen Arbeitsstunden und ist einfach zu bedienen ...","breadcrumb":{"@id":"http:\/\/graphimarket.com\/ja\/product\/tekniq-photoshop-action\/#breadcrumb"},"inLanguage":"de-DE","potentialAction":[{"@type":"ReadAction","target":["http:\/\/graphimarket.com\/ja\/product\/tekniq-photoshop-action\/"]}]},{"@type":"ImageObject","inLanguage":"de-DE","@id":"http:\/\/graphimarket.com\/ja\/product\/tekniq-photoshop-action\/#primaryimage","url":"https:\/\/graphimarket.com\/wp-content\/uploads\/2021\/03\/BBaller_aa.jpg","contentUrl":"https:\/\/graphimarket.com\/wp-content\/uploads\/2021\/03\/BBaller_aa.jpg","width":1932,"height":2070},{"@type":"BreadcrumbList","@id":"http:\/\/graphimarket.com\/ja\/product\/tekniq-photoshop-action\/#breadcrumb","itemListElement":[{"@type":"ListItem","position":1,"name":"Home","item":"https:\/\/graphimarket.com\/es\/"},{"@type":"ListItem","position":2,"name":"Store","item":"https:\/\/graphimarket.com\/store\/"},{"@type":"ListItem","position":3,"name":"Tekniq Photoshop Action"}]},{"@type":"WebSite","@id":"https:\/\/graphimarket.com\/fr\/#website","url":"https:\/\/graphimarket.com\/fr\/","name":"Graphimarket","description":"Finden Sie das perfekte kreative Kapital, um Ihr Projekt zum Leben zu erwecken","publisher":{"@id":"https:\/\/graphimarket.com\/fr\/#organization"},"potentialAction":[{"@type":"SearchAction","target":{"@type":"EntryPoint","urlTemplate":"https:\/\/graphimarket.com\/fr\/?s={search_term_string}"},"query-input":{"@type":"PropertyValueSpecification","valueRequired":true,"valueName":"search_term_string"}}],"inLanguage":"de-DE"},{"@type":"Organization","@id":"https:\/\/graphimarket.com\/fr\/#organization","name":"Graphimarket","url":"https:\/\/graphimarket.com\/fr\/","logo":{"@type":"ImageObject","inLanguage":"de-DE","@id":"https:\/\/graphimarket.com\/fr\/#\/schema\/logo\/image\/","url":"https:\/\/graphimarket.com\/wp-content\/uploads\/2020\/08\/logo-48.png","contentUrl":"https:\/\/graphimarket.com\/wp-content\/uploads\/2020\/08\/logo-48.png","width":132,"height":48,"caption":"Graphimarket"},"image":{"@id":"https:\/\/graphimarket.com\/fr\/#\/schema\/logo\/image\/"}}]}},"_links":{"self":[{"href":"https:\/\/graphimarket.com\/de\/wp-json\/wp\/v2\/product\/16745","targetHints":{"allow":["GET"]}}],"collection":[{"href":"https:\/\/graphimarket.com\/de\/wp-json\/wp\/v2\/product"}],"about":[{"href":"https:\/\/graphimarket.com\/de\/wp-json\/wp\/v2\/types\/product"}],"replies":[{"embeddable":true,"href":"https:\/\/graphimarket.com\/de\/wp-json\/wp\/v2\/comments?post=16745"}],"version-history":[{"count":0,"href":"https:\/\/graphimarket.com\/de\/wp-json\/wp\/v2\/product\/16745\/revisions"}],"wp:featuredmedia":[{"embeddable":true,"href":"https:\/\/graphimarket.com\/de\/wp-json\/wp\/v2\/media\/16749"}],"wp:attachment":[{"href":"https:\/\/graphimarket.com\/de\/wp-json\/wp\/v2\/media?parent=16745"}],"wp:term":[{"taxonomy":"product_brand","embeddable":true,"href":"https:\/\/graphimarket.com\/de\/wp-json\/wp\/v2\/product_brand?post=16745"},{"taxonomy":"product_cat","embeddable":true,"href":"https:\/\/graphimarket.com\/de\/wp-json\/wp\/v2\/product_cat?post=16745"},{"taxonomy":"product_tag","embeddable":true,"href":"https:\/\/graphimarket.com\/de\/wp-json\/wp\/v2\/product_tag?post=16745"}],"curies":[{"name":"wp","href":"https:\/\/api.w.org\/{rel}","templated":true}]}}