{"id":16854,"date":"2021-03-31T16:51:11","date_gmt":"2021-03-31T14:51:11","guid":{"rendered":"https:\/\/graphimarket.com\/?post_type=product&#038;p=16854"},"modified":"2026-04-08T22:07:32","modified_gmt":"2026-04-08T20:07:32","slug":"architecture-sketch-architectum-3-photoshop-plugin","status":"publish","type":"product","link":"https:\/\/graphimarket.com\/de\/product\/architecture-sketch-architectum-3-photoshop-plugin\/","title":{"rendered":"Architektur-Skizze - Architectum 3 - Photoshop-Plugin"},"content":{"rendered":"<p><strong>Architektur-Skizze - Architectum 3 - Photoshop-Plugin<\/strong><\/p>\n<p>Das Architectum 3 Plugin ist eine neue, h\u00f6here Ebene von Architectum-Aktionen f\u00fcr die professionelle Erstellung\u00a0<strong>Architekturskizzen<\/strong>. Eine gro\u00dfe Erfahrung in der Entwicklung von\u00a0<strong>Aktionen skizzieren<\/strong>\u00a0hat es uns erm\u00f6glicht, das leistungsst\u00e4rkste und funktionalste Skizzentool auf dem Markt zu entwickeln.<\/p>\n<p><strong>Jetzt mehrsprachig!<\/strong><br \/>\nPlugin funktioniert in jeder Sprache Photoshop CC2015.5, CC2017, CC2018, CC2019 und neueren Versionen.<\/p>\n<p><strong>Von der Aktion zum Panel<\/strong><br \/>\nJetzt wurde Architectum 3 zu einem vollwertigen Plugin mit nativer Benutzeroberfl\u00e4che und einer Reihe n\u00fctzlicher Skizzenfunktionen. Dies ist eine explosive Kombination aus Photoshop-Aktionen, Javascripts, HTML und CSS, die gem\u00e4\u00df den Adobe-Richtlinien entwickelt und f\u00fcr alle Photoshop-Anforderungen und Oberfl\u00e4chenthemen optimiert wurde.<\/p>\n<p><strong>Einfachste Drag-and-Drop-Installation<\/strong><br \/>\nZiehen Sie einfach eine Installationsdatei per Drag &amp; Drop in Ihr Photoshop und starten Sie sie neu. Das ist alles, Plugin installiert.<\/p>\n<p><strong>Voreinstellungen f\u00fcr den Skizzenmodus<\/strong><br \/>\nW\u00e4hlen Sie den gew\u00fcnschten Skizzenmodus mit nur einem Klick. Verf\u00fcgbar 4 Skizzenmodi und 4 zus\u00e4tzliche n\u00fctzliche Werkzeuge.<\/p>\n<p><strong>Intellektueller Autofokus<\/strong><br \/>\nProbieren Sie diese neue experimentelle Funktion aus, um den Fokusbereich automatisch auszuw\u00e4hlen oder \/ und um unerwartete kreative Ergebnisse zu erzielen.<\/p>\n<p><strong>Automatische Optimierung<\/strong><br \/>\nSorgen Sie sich jetzt nicht um Ihre Bildeinstellungen. Die Optimierungsfunktion bereitet es automatisch auf die besten Endergebnisse vor.<\/p>\n<p><strong>Absolut neuer Algorithmus<\/strong><br \/>\nSchnelleres und genaueres Erstellen professioneller Architekturskizzen. Universell, flexibel und durchdacht.<\/p>\n<p><strong>Neuer Zeichenstil<\/strong><br \/>\nRealistischere und beeindruckendere Ergebnisse von Architekturskizzen dank neuer grafischer Techniken, einzigartiger Pinsel und Muster.<\/p>\n<p><strong>Neue Ebene der Detaillierung<\/strong><br \/>\nDas Ergebnis umfasst eine gro\u00dfe Anzahl von Haupt- und zus\u00e4tzlichen Skizzenelementen und Farbanpassungen zur Anpassung und Verbesserung.<\/p>\n<p><strong>Hochwertiges Aquarell<\/strong><br \/>\nNeben einfachen Skizzen finden Sie hochwertige Aquarellfarben zum Erstellen komplexer Farbgrafiken.<\/p>\n<p>&nbsp;<\/p>\n<p><img fetchpriority=\"high\" decoding=\"async\" class=\"alignnone size-full wp-image-16855\" src=\"https:\/\/graphimarket.com\/wp-content\/uploads\/2021\/03\/architectum3_image_004.jpg\" alt=\"\" width=\"1200\" height=\"1000\" srcset=\"https:\/\/graphimarket.com\/wp-content\/uploads\/2021\/03\/architectum3_image_004.jpg 1200w, https:\/\/graphimarket.com\/wp-content\/uploads\/2021\/03\/architectum3_image_004-300x250.jpg 300w, https:\/\/graphimarket.com\/wp-content\/uploads\/2021\/03\/architectum3_image_004-1024x853.jpg 1024w, https:\/\/graphimarket.com\/wp-content\/uploads\/2021\/03\/architectum3_image_004-768x640.jpg 768w, https:\/\/graphimarket.com\/wp-content\/uploads\/2021\/03\/architectum3_image_004-14x12.jpg 14w, https:\/\/graphimarket.com\/wp-content\/uploads\/2021\/03\/architectum3_image_004-600x500.jpg 600w\" sizes=\"(max-width: 1200px) 100vw, 1200px\" \/> <img decoding=\"async\" class=\"alignnone size-full wp-image-16856\" src=\"https:\/\/graphimarket.com\/wp-content\/uploads\/2021\/03\/architectum3_image_005.jpg\" alt=\"\" width=\"1200\" height=\"1000\" srcset=\"https:\/\/graphimarket.com\/wp-content\/uploads\/2021\/03\/architectum3_image_005.jpg 1200w, https:\/\/graphimarket.com\/wp-content\/uploads\/2021\/03\/architectum3_image_005-300x250.jpg 300w, https:\/\/graphimarket.com\/wp-content\/uploads\/2021\/03\/architectum3_image_005-1024x853.jpg 1024w, https:\/\/graphimarket.com\/wp-content\/uploads\/2021\/03\/architectum3_image_005-768x640.jpg 768w, https:\/\/graphimarket.com\/wp-content\/uploads\/2021\/03\/architectum3_image_005-14x12.jpg 14w, https:\/\/graphimarket.com\/wp-content\/uploads\/2021\/03\/architectum3_image_005-600x500.jpg 600w\" sizes=\"(max-width: 1200px) 100vw, 1200px\" \/> <img decoding=\"async\" class=\"alignnone size-full wp-image-16857\" src=\"https:\/\/graphimarket.com\/wp-content\/uploads\/2021\/03\/architectum3_image_006.jpg\" alt=\"\" width=\"870\" height=\"1500\" srcset=\"https:\/\/graphimarket.com\/wp-content\/uploads\/2021\/03\/architectum3_image_006.jpg 870w, https:\/\/graphimarket.com\/wp-content\/uploads\/2021\/03\/architectum3_image_006-174x300.jpg 174w, https:\/\/graphimarket.com\/wp-content\/uploads\/2021\/03\/architectum3_image_006-594x1024.jpg 594w, https:\/\/graphimarket.com\/wp-content\/uploads\/2021\/03\/architectum3_image_006-768x1324.jpg 768w, https:\/\/graphimarket.com\/wp-content\/uploads\/2021\/03\/architectum3_image_006-7x12.jpg 7w, https:\/\/graphimarket.com\/wp-content\/uploads\/2021\/03\/architectum3_image_006-600x1034.jpg 600w\" sizes=\"(max-width: 870px) 100vw, 870px\" \/> <img loading=\"lazy\" decoding=\"async\" class=\"alignnone size-full wp-image-16858\" src=\"https:\/\/graphimarket.com\/wp-content\/uploads\/2021\/03\/architectum3_image_007.jpg\" alt=\"\" width=\"1200\" height=\"1000\" srcset=\"https:\/\/graphimarket.com\/wp-content\/uploads\/2021\/03\/architectum3_image_007.jpg 1200w, https:\/\/graphimarket.com\/wp-content\/uploads\/2021\/03\/architectum3_image_007-300x250.jpg 300w, https:\/\/graphimarket.com\/wp-content\/uploads\/2021\/03\/architectum3_image_007-1024x853.jpg 1024w, https:\/\/graphimarket.com\/wp-content\/uploads\/2021\/03\/architectum3_image_007-768x640.jpg 768w, https:\/\/graphimarket.com\/wp-content\/uploads\/2021\/03\/architectum3_image_007-14x12.jpg 14w, https:\/\/graphimarket.com\/wp-content\/uploads\/2021\/03\/architectum3_image_007-600x500.jpg 600w\" sizes=\"(max-width: 1200px) 100vw, 1200px\" \/> <img loading=\"lazy\" decoding=\"async\" class=\"alignnone size-full wp-image-16859\" src=\"https:\/\/graphimarket.com\/wp-content\/uploads\/2021\/03\/architectum3_image_001.jpg\" alt=\"\" width=\"1200\" height=\"1000\" srcset=\"https:\/\/graphimarket.com\/wp-content\/uploads\/2021\/03\/architectum3_image_001.jpg 1200w, https:\/\/graphimarket.com\/wp-content\/uploads\/2021\/03\/architectum3_image_001-300x250.jpg 300w, https:\/\/graphimarket.com\/wp-content\/uploads\/2021\/03\/architectum3_image_001-1024x853.jpg 1024w, https:\/\/graphimarket.com\/wp-content\/uploads\/2021\/03\/architectum3_image_001-768x640.jpg 768w, https:\/\/graphimarket.com\/wp-content\/uploads\/2021\/03\/architectum3_image_001-14x12.jpg 14w, https:\/\/graphimarket.com\/wp-content\/uploads\/2021\/03\/architectum3_image_001-600x500.jpg 600w\" sizes=\"(max-width: 1200px) 100vw, 1200px\" \/> <img loading=\"lazy\" decoding=\"async\" class=\"alignnone size-full wp-image-16860\" src=\"https:\/\/graphimarket.com\/wp-content\/uploads\/2021\/03\/architectum3_image_002.jpg\" alt=\"\" width=\"1200\" height=\"1000\" srcset=\"https:\/\/graphimarket.com\/wp-content\/uploads\/2021\/03\/architectum3_image_002.jpg 1200w, https:\/\/graphimarket.com\/wp-content\/uploads\/2021\/03\/architectum3_image_002-300x250.jpg 300w, https:\/\/graphimarket.com\/wp-content\/uploads\/2021\/03\/architectum3_image_002-1024x853.jpg 1024w, https:\/\/graphimarket.com\/wp-content\/uploads\/2021\/03\/architectum3_image_002-768x640.jpg 768w, https:\/\/graphimarket.com\/wp-content\/uploads\/2021\/03\/architectum3_image_002-14x12.jpg 14w, https:\/\/graphimarket.com\/wp-content\/uploads\/2021\/03\/architectum3_image_002-600x500.jpg 600w\" sizes=\"(max-width: 1200px) 100vw, 1200px\" \/> <img loading=\"lazy\" decoding=\"async\" class=\"alignnone size-full wp-image-16861\" src=\"https:\/\/graphimarket.com\/wp-content\/uploads\/2021\/03\/architectum3_image_003.jpg\" alt=\"\" width=\"1200\" height=\"1000\" srcset=\"https:\/\/graphimarket.com\/wp-content\/uploads\/2021\/03\/architectum3_image_003.jpg 1200w, https:\/\/graphimarket.com\/wp-content\/uploads\/2021\/03\/architectum3_image_003-300x250.jpg 300w, https:\/\/graphimarket.com\/wp-content\/uploads\/2021\/03\/architectum3_image_003-1024x853.jpg 1024w, https:\/\/graphimarket.com\/wp-content\/uploads\/2021\/03\/architectum3_image_003-768x640.jpg 768w, https:\/\/graphimarket.com\/wp-content\/uploads\/2021\/03\/architectum3_image_003-14x12.jpg 14w, https:\/\/graphimarket.com\/wp-content\/uploads\/2021\/03\/architectum3_image_003-600x500.jpg 600w\" sizes=\"(max-width: 1200px) 100vw, 1200px\" \/><\/p>","protected":false},"excerpt":{"rendered":"<p>Architecture Sketch &#8211; Architectum 3 &#8211; Photoshop Plugin Architectum 3 Plugin is new higher level of Architectum actions for creating professional\u00a0architecture sketches. A huge experience in development of\u00a0sketch actions\u00a0allowed us to create most powerful and functional sketch tool on the market. Now multilingual! Plugin works in any language Photoshop CC2015.5, CC2017, CC2018, CC2019 and newer [&hellip;]<\/p>\n","protected":false},"featured_media":16855,"comment_status":"open","ping_status":"closed","template":"","meta":{"site-sidebar-layout":"default","site-content-layout":"default","ast-site-content-layout":"default","site-content-style":"default","site-sidebar-style":"default","ast-global-header-display":"","ast-banner-title-visibility":"","ast-main-header-display":"","ast-hfb-above-header-display":"","ast-hfb-below-header-display":"","ast-hfb-mobile-header-display":"","site-post-title":"","ast-breadcrumbs-content":"","ast-featured-img":"","footer-sml-layout":"","ast-disable-related-posts":"","theme-transparent-header-meta":"default","adv-header-id-meta":"","stick-header-meta":"","header-above-stick-meta":"","header-main-stick-meta":"","header-below-stick-meta":"","astra-migrate-meta-layouts":"default","ast-page-background-enabled":"default","ast-page-background-meta":{"desktop":{"background-color":"","background-image":"","background-repeat":"repeat","background-position":"center center","background-size":"auto","background-attachment":"scroll","background-type":"","background-media":"","overlay-type":"","overlay-color":"","overlay-opacity":"","overlay-gradient":""},"tablet":{"background-color":"","background-image":"","background-repeat":"repeat","background-position":"center center","background-size":"auto","background-attachment":"scroll","background-type":"","background-media":"","overlay-type":"","overlay-color":"","overlay-opacity":"","overlay-gradient":""},"mobile":{"background-color":"","background-image":"","background-repeat":"repeat","background-position":"center center","background-size":"auto","background-attachment":"scroll","background-type":"","background-media":"","overlay-type":"","overlay-color":"","overlay-opacity":"","overlay-gradient":""}},"ast-content-background-meta":{"desktop":{"background-color":"var(--ast-global-color-5)","background-image":"","background-repeat":"repeat","background-position":"center center","background-size":"auto","background-attachment":"scroll","background-type":"","background-media":"","overlay-type":"","overlay-color":"","overlay-opacity":"","overlay-gradient":""},"tablet":{"background-color":"var(--ast-global-color-5)","background-image":"","background-repeat":"repeat","background-position":"center center","background-size":"auto","background-attachment":"scroll","background-type":"","background-media":"","overlay-type":"","overlay-color":"","overlay-opacity":"","overlay-gradient":""},"mobile":{"background-color":"var(--ast-global-color-5)","background-image":"","background-repeat":"repeat","background-position":"center center","background-size":"auto","background-attachment":"scroll","background-type":"","background-media":"","overlay-type":"","overlay-color":"","overlay-opacity":"","overlay-gradient":""}}},"product_brand":[],"product_cat":[196,15,144,145,195,146],"product_tag":[1956,1386,1954,1955,531,62,1193,267],"class_list":{"0":"post-16854","1":"product","2":"type-product","3":"status-publish","4":"has-post-thumbnail","6":"product_cat-actions","7":"product_cat-photo","8":"product_cat-photo-editor","9":"product_cat-photography","10":"product_cat-photoshop","11":"product_cat-photoshop-action","12":"product_tag-1956","13":"product_tag-adobe","14":"product_tag-architectum","15":"product_tag-architecture","16":"product_tag-cc","17":"product_tag-photoshop","18":"product_tag-plugin","19":"product_tag-sketch","20":"desktop-align-left","21":"tablet-align-left","22":"mobile-align-left","24":"first","25":"instock","26":"sale","27":"downloadable","28":"virtual","29":"taxable","30":"purchasable","31":"product-type-simple"},"yoast_head":"<!-- This site is optimized with the Yoast SEO plugin v27.3 - https:\/\/yoast.com\/product\/yoast-seo-wordpress\/ -->\n<title>Architecture Sketch - Architectum 3 - Photoshop Plugin - Graphimarket<\/title>\n<meta name=\"description\" content=\"Architecture Sketch - Architectum 3 - Photoshop PluginArchitectum 3 Plugin is new higher level of Architectum actions for...\" \/>\n<meta name=\"robots\" content=\"index, follow, max-snippet:-1, max-image-preview:large, max-video-preview:-1\" \/>\n<link rel=\"canonical\" href=\"https:\/\/graphimarket.com\/de\/product\/architecture-sketch-architectum-3-photoshop-plugin\/\" \/>\n<meta property=\"og:locale\" content=\"de_DE\" \/>\n<meta property=\"og:type\" content=\"article\" \/>\n<meta property=\"og:title\" content=\"Architecture Sketch - Architectum 3 - Photoshop Plugin - Graphimarket\" \/>\n<meta property=\"og:description\" content=\"Architecture Sketch - Architectum 3 - Photoshop PluginArchitectum 3 Plugin is new higher level of Architectum actions for...\" \/>\n<meta property=\"og:url\" content=\"https:\/\/graphimarket.com\/de\/product\/architecture-sketch-architectum-3-photoshop-plugin\/\" \/>\n<meta property=\"og:site_name\" content=\"Graphimarket\" \/>\n<meta property=\"article:modified_time\" content=\"2026-04-08T20:07:32+00:00\" \/>\n<meta property=\"og:image\" content=\"https:\/\/graphimarket.com\/wp-content\/uploads\/2021\/03\/architectum3_image_004.jpg\" \/>\n\t<meta property=\"og:image:width\" content=\"1200\" \/>\n\t<meta property=\"og:image:height\" content=\"1000\" \/>\n\t<meta property=\"og:image:type\" content=\"image\/jpeg\" \/>\n<meta name=\"twitter:card\" content=\"summary_large_image\" \/>\n<meta name=\"twitter:label1\" content=\"Est. reading time\" \/>\n\t<meta name=\"twitter:data1\" content=\"3 minutes\" \/>\n<script type=\"application\/ld+json\" class=\"yoast-schema-graph\">{\"@context\":\"https:\\\/\\\/schema.org\",\"@graph\":[{\"@type\":\"WebPage\",\"@id\":\"https:\\\/\\\/graphimarket.com\\\/product\\\/architecture-sketch-architectum-3-photoshop-plugin\\\/\",\"url\":\"https:\\\/\\\/graphimarket.com\\\/product\\\/architecture-sketch-architectum-3-photoshop-plugin\\\/\",\"name\":\"Architecture Sketch - Architectum 3 - Photoshop Plugin - Graphimarket\",\"isPartOf\":{\"@id\":\"https:\\\/\\\/graphimarket.com\\\/fr\\\/#website\"},\"primaryImageOfPage\":{\"@id\":\"https:\\\/\\\/graphimarket.com\\\/product\\\/architecture-sketch-architectum-3-photoshop-plugin\\\/#primaryimage\"},\"image\":{\"@id\":\"https:\\\/\\\/graphimarket.com\\\/product\\\/architecture-sketch-architectum-3-photoshop-plugin\\\/#primaryimage\"},\"thumbnailUrl\":\"https:\\\/\\\/graphimarket.com\\\/wp-content\\\/uploads\\\/2021\\\/03\\\/architectum3_image_004.jpg\",\"datePublished\":\"2021-03-31T14:51:11+00:00\",\"dateModified\":\"2026-04-08T20:07:32+00:00\",\"description\":\"Architecture Sketch - Architectum 3 - Photoshop PluginArchitectum 3 Plugin is new higher level of Architectum actions for...\",\"breadcrumb\":{\"@id\":\"https:\\\/\\\/graphimarket.com\\\/product\\\/architecture-sketch-architectum-3-photoshop-plugin\\\/#breadcrumb\"},\"inLanguage\":\"de-DE\",\"potentialAction\":[{\"@type\":\"ReadAction\",\"target\":[\"https:\\\/\\\/graphimarket.com\\\/product\\\/architecture-sketch-architectum-3-photoshop-plugin\\\/\"]}]},{\"@type\":\"ImageObject\",\"inLanguage\":\"de-DE\",\"@id\":\"https:\\\/\\\/graphimarket.com\\\/product\\\/architecture-sketch-architectum-3-photoshop-plugin\\\/#primaryimage\",\"url\":\"https:\\\/\\\/graphimarket.com\\\/wp-content\\\/uploads\\\/2021\\\/03\\\/architectum3_image_004.jpg\",\"contentUrl\":\"https:\\\/\\\/graphimarket.com\\\/wp-content\\\/uploads\\\/2021\\\/03\\\/architectum3_image_004.jpg\",\"width\":1200,\"height\":1000},{\"@type\":\"BreadcrumbList\",\"@id\":\"https:\\\/\\\/graphimarket.com\\\/product\\\/architecture-sketch-architectum-3-photoshop-plugin\\\/#breadcrumb\",\"itemListElement\":[{\"@type\":\"ListItem\",\"position\":1,\"name\":\"Home\",\"item\":\"https:\\\/\\\/graphimarket.com\\\/es\\\/\"},{\"@type\":\"ListItem\",\"position\":2,\"name\":\"Store\",\"item\":\"https:\\\/\\\/graphimarket.com\\\/store\\\/\"},{\"@type\":\"ListItem\",\"position\":3,\"name\":\"Architecture Sketch &#8211; Architectum 3 &#8211; Photoshop Plugin\"}]},{\"@type\":\"WebSite\",\"@id\":\"https:\\\/\\\/graphimarket.com\\\/fr\\\/#website\",\"url\":\"https:\\\/\\\/graphimarket.com\\\/fr\\\/\",\"name\":\"Graphimarket\",\"description\":\"Find the perfect creative asset to bring your project to life\",\"publisher\":{\"@id\":\"https:\\\/\\\/graphimarket.com\\\/fr\\\/#organization\"},\"potentialAction\":[{\"@type\":\"SearchAction\",\"target\":{\"@type\":\"EntryPoint\",\"urlTemplate\":\"https:\\\/\\\/graphimarket.com\\\/fr\\\/?s={search_term_string}\"},\"query-input\":{\"@type\":\"PropertyValueSpecification\",\"valueRequired\":true,\"valueName\":\"search_term_string\"}}],\"inLanguage\":\"de-DE\"},{\"@type\":\"Organization\",\"@id\":\"https:\\\/\\\/graphimarket.com\\\/fr\\\/#organization\",\"name\":\"Graphimarket\",\"url\":\"https:\\\/\\\/graphimarket.com\\\/fr\\\/\",\"logo\":{\"@type\":\"ImageObject\",\"inLanguage\":\"de-DE\",\"@id\":\"https:\\\/\\\/graphimarket.com\\\/fr\\\/#\\\/schema\\\/logo\\\/image\\\/\",\"url\":\"https:\\\/\\\/graphimarket.com\\\/wp-content\\\/uploads\\\/2020\\\/08\\\/logo-48.png\",\"contentUrl\":\"https:\\\/\\\/graphimarket.com\\\/wp-content\\\/uploads\\\/2020\\\/08\\\/logo-48.png\",\"width\":132,\"height\":48,\"caption\":\"Graphimarket\"},\"image\":{\"@id\":\"https:\\\/\\\/graphimarket.com\\\/fr\\\/#\\\/schema\\\/logo\\\/image\\\/\"}}]}<\/script>\n<!-- \/ Yoast SEO plugin. -->","yoast_head_json":{"title":"Architekturskizze - Architectum 3 - Photoshop-Plugin - Graphimarket","description":"Architecture Sketch - Architectum 3 - Photoshop PluginArchitectum 3 Plugin ist eine neue h\u00f6here Ebene von Architectum-Aktionen f\u00fcr ...","robots":{"index":"index","follow":"follow","max-snippet":"max-snippet:-1","max-image-preview":"max-image-preview:large","max-video-preview":"max-video-preview:-1"},"canonical":"https:\/\/graphimarket.com\/de\/product\/architecture-sketch-architectum-3-photoshop-plugin\/","og_locale":"de_DE","og_type":"article","og_title":"Architecture Sketch - Architectum 3 - Photoshop Plugin - Graphimarket","og_description":"Architecture Sketch - Architectum 3 - Photoshop PluginArchitectum 3 Plugin is new higher level of Architectum actions for...","og_url":"https:\/\/graphimarket.com\/de\/product\/architecture-sketch-architectum-3-photoshop-plugin\/","og_site_name":"Graphimarket","article_modified_time":"2026-04-08T20:07:32+00:00","og_image":[{"width":1200,"height":1000,"url":"https:\/\/graphimarket.com\/wp-content\/uploads\/2021\/03\/architectum3_image_004.jpg","type":"image\/jpeg"}],"twitter_card":"summary_large_image","twitter_misc":{"Est. reading time":"3 minutes"},"schema":{"@context":"https:\/\/schema.org","@graph":[{"@type":"WebPage","@id":"https:\/\/graphimarket.com\/product\/architecture-sketch-architectum-3-photoshop-plugin\/","url":"https:\/\/graphimarket.com\/product\/architecture-sketch-architectum-3-photoshop-plugin\/","name":"Architekturskizze - Architectum 3 - Photoshop-Plugin - Graphimarket","isPartOf":{"@id":"https:\/\/graphimarket.com\/fr\/#website"},"primaryImageOfPage":{"@id":"https:\/\/graphimarket.com\/product\/architecture-sketch-architectum-3-photoshop-plugin\/#primaryimage"},"image":{"@id":"https:\/\/graphimarket.com\/product\/architecture-sketch-architectum-3-photoshop-plugin\/#primaryimage"},"thumbnailUrl":"https:\/\/graphimarket.com\/wp-content\/uploads\/2021\/03\/architectum3_image_004.jpg","datePublished":"2021-03-31T14:51:11+00:00","dateModified":"2026-04-08T20:07:32+00:00","description":"Architecture Sketch - Architectum 3 - Photoshop PluginArchitectum 3 Plugin ist eine neue h\u00f6here Ebene von Architectum-Aktionen f\u00fcr ...","breadcrumb":{"@id":"https:\/\/graphimarket.com\/product\/architecture-sketch-architectum-3-photoshop-plugin\/#breadcrumb"},"inLanguage":"de-DE","potentialAction":[{"@type":"ReadAction","target":["https:\/\/graphimarket.com\/product\/architecture-sketch-architectum-3-photoshop-plugin\/"]}]},{"@type":"ImageObject","inLanguage":"de-DE","@id":"https:\/\/graphimarket.com\/product\/architecture-sketch-architectum-3-photoshop-plugin\/#primaryimage","url":"https:\/\/graphimarket.com\/wp-content\/uploads\/2021\/03\/architectum3_image_004.jpg","contentUrl":"https:\/\/graphimarket.com\/wp-content\/uploads\/2021\/03\/architectum3_image_004.jpg","width":1200,"height":1000},{"@type":"BreadcrumbList","@id":"https:\/\/graphimarket.com\/product\/architecture-sketch-architectum-3-photoshop-plugin\/#breadcrumb","itemListElement":[{"@type":"ListItem","position":1,"name":"Home","item":"https:\/\/graphimarket.com\/es\/"},{"@type":"ListItem","position":2,"name":"Store","item":"https:\/\/graphimarket.com\/store\/"},{"@type":"ListItem","position":3,"name":"Architecture Sketch &#8211; Architectum 3 &#8211; Photoshop Plugin"}]},{"@type":"WebSite","@id":"https:\/\/graphimarket.com\/fr\/#website","url":"https:\/\/graphimarket.com\/fr\/","name":"Graphimarket","description":"Finden Sie das perfekte kreative Kapital, um Ihr Projekt zum Leben zu erwecken","publisher":{"@id":"https:\/\/graphimarket.com\/fr\/#organization"},"potentialAction":[{"@type":"SearchAction","target":{"@type":"EntryPoint","urlTemplate":"https:\/\/graphimarket.com\/fr\/?s={search_term_string}"},"query-input":{"@type":"PropertyValueSpecification","valueRequired":true,"valueName":"search_term_string"}}],"inLanguage":"de-DE"},{"@type":"Organization","@id":"https:\/\/graphimarket.com\/fr\/#organization","name":"Graphimarket","url":"https:\/\/graphimarket.com\/fr\/","logo":{"@type":"ImageObject","inLanguage":"de-DE","@id":"https:\/\/graphimarket.com\/fr\/#\/schema\/logo\/image\/","url":"https:\/\/graphimarket.com\/wp-content\/uploads\/2020\/08\/logo-48.png","contentUrl":"https:\/\/graphimarket.com\/wp-content\/uploads\/2020\/08\/logo-48.png","width":132,"height":48,"caption":"Graphimarket"},"image":{"@id":"https:\/\/graphimarket.com\/fr\/#\/schema\/logo\/image\/"}}]}},"_links":{"self":[{"href":"https:\/\/graphimarket.com\/de\/wp-json\/wp\/v2\/product\/16854","targetHints":{"allow":["GET"]}}],"collection":[{"href":"https:\/\/graphimarket.com\/de\/wp-json\/wp\/v2\/product"}],"about":[{"href":"https:\/\/graphimarket.com\/de\/wp-json\/wp\/v2\/types\/product"}],"replies":[{"embeddable":true,"href":"https:\/\/graphimarket.com\/de\/wp-json\/wp\/v2\/comments?post=16854"}],"version-history":[{"count":1,"href":"https:\/\/graphimarket.com\/de\/wp-json\/wp\/v2\/product\/16854\/revisions"}],"predecessor-version":[{"id":21102,"href":"https:\/\/graphimarket.com\/de\/wp-json\/wp\/v2\/product\/16854\/revisions\/21102"}],"wp:featuredmedia":[{"embeddable":true,"href":"https:\/\/graphimarket.com\/de\/wp-json\/wp\/v2\/media\/16855"}],"wp:attachment":[{"href":"https:\/\/graphimarket.com\/de\/wp-json\/wp\/v2\/media?parent=16854"}],"wp:term":[{"taxonomy":"product_brand","embeddable":true,"href":"https:\/\/graphimarket.com\/de\/wp-json\/wp\/v2\/product_brand?post=16854"},{"taxonomy":"product_cat","embeddable":true,"href":"https:\/\/graphimarket.com\/de\/wp-json\/wp\/v2\/product_cat?post=16854"},{"taxonomy":"product_tag","embeddable":true,"href":"https:\/\/graphimarket.com\/de\/wp-json\/wp\/v2\/product_tag?post=16854"}],"curies":[{"name":"wp","href":"https:\/\/api.w.org\/{rel}","templated":true}]}}