{"id":16953,"date":"2021-04-01T16:44:13","date_gmt":"2021-04-01T14:44:13","guid":{"rendered":"https:\/\/graphimarket.com\/?post_type=product&#038;p=16953"},"modified":"2022-12-11T13:14:41","modified_gmt":"2022-12-11T12:14:41","slug":"16953","status":"publish","type":"product","link":"https:\/\/graphimarket.com\/de\/product\/16953\/","title":{"rendered":"Grandiose 2 Photoshop-Aktion"},"content":{"rendered":"<p id=\"item-description__grandiose-2-photoshop-action\"><strong>Grandiose 2 Photoshop-Aktion<\/strong><\/p>\n<p>Erstellen Sie dies\u00a0<strong>fortgeschrittener Cartoon<\/strong>,\u00a0<strong>GTA inspirierter Kunststileffekt<\/strong>\u00a0von Ihren Fotos ohne Arbeit! \u00d6ffnen Sie Ihr Foto, streichen Sie einfach \u00fcber Ihr Motiv und spielen Sie die Aktion ab. So einfach ist das wirklich! Verwendung der\u00a0<strong>GTA Photoshop-Aktion<\/strong>\u00a0Sie k\u00f6nnen jetzt Ihre Fotos in verwandeln\u00a0<strong>Photoshop GTA-Effekt<\/strong>\u00a0in k\u00fcrzester Zeit!<\/p>\n<p>Die Aktion erledigt die ganze Arbeit f\u00fcr Sie und verl\u00e4sst Sie\u00a0<strong>voll geschichtet<\/strong>\u00a0und\u00a0<strong>anpassbare Ergebnisse<\/strong>\u00a0dass Sie weiter modifizieren k\u00f6nnen. Jedes Element ist eine einzelne Schicht. Um den Effekt weiter auszubauen, k\u00f6nnen Sie\u00a0<strong>Verwenden Sie Ihren eigenen Text<\/strong>\u00a0mit\u00a0<strong>GTA-Textstil<\/strong>\u00a0Verwenden der enthaltenen Texteffektaktion. Nachdem Sie 12 Beispiele mit Ihren Fotos erstellt haben, k\u00f6nnen Sie diese erstellen\u00a0<strong>GTA Poster<\/strong>\u00a0mit der Aktion enthalten. Die Aktion erstellt auch\u00a0<strong>11 Farblooks<\/strong>\u00a0dass Sie aus w\u00e4hlen k\u00f6nnen<\/p>\n<h4 id=\"item-description__features\">EIGENSCHAFTEN:<\/h4>\n<ul>\n<li>Einfach, leicht und macht Spa\u00df - auch f\u00fcr Anf\u00e4nger.<\/li>\n<li>Spart Stunden und Tage Arbeit.<\/li>\n<li>Vollst\u00e4ndig geschichtete und anpassbare Ergebnisse - jedes Element ist eine einzelne Ebene.<\/li>\n<li>Viele Optionen zum Anpassen der Ergebnisse.<\/li>\n<li>Verwenden Sie Ihren eigenen Text.<\/li>\n<li>Texteffektaktion enthalten.<\/li>\n<li>Poster-Aktion enthalten.<\/li>\n<li>11 voreingestellte Farblooks enthalten.<\/li>\n<li>Video-Tutorial enthalten.<\/li>\n<\/ul>\n<h4 id=\"item-description__compatibility\">KOMPATIBILIT\u00c4T:<\/h4>\n<p>Die Aktion wird in Photoshop (englische Versionen) CS3, CS4, CS5, CS6, CC, CC 2015.5, CC 2017, CC 2018, CC 2019, CC 2020+ getestet und funktioniert.<\/p>\n<p>&nbsp;<\/p>\n<p><img decoding=\"async\" src=\"https:\/\/graphimarket.com\/wp-content\/uploads\/2021\/04\/Preview.jpg\" \/><\/p>","protected":false},"excerpt":{"rendered":"<p>Grandiose 2 Photoshop Action Create this\u00a0advanced cartoon,\u00a0GTA inspired art style effect\u00a0from your photos with no work at all! Open your photo, simply brush over your subject and just play the action. It\u2019s really that simple! Using the\u00a0GTA Photoshop action\u00a0you can now transform your photos into\u00a0Photoshop GTA effect\u00a0in no time! The action will do all the [&hellip;]<\/p>\n","protected":false},"featured_media":16955,"comment_status":"open","ping_status":"closed","template":"","meta":{"site-sidebar-layout":"default","site-content-layout":"default","ast-site-content-layout":"default","site-content-style":"default","site-sidebar-style":"default","ast-global-header-display":"","ast-banner-title-visibility":"","ast-main-header-display":"","ast-hfb-above-header-display":"","ast-hfb-below-header-display":"","ast-hfb-mobile-header-display":"","site-post-title":"","ast-breadcrumbs-content":"","ast-featured-img":"","footer-sml-layout":"","ast-disable-related-posts":"","theme-transparent-header-meta":"default","adv-header-id-meta":"","stick-header-meta":"","header-above-stick-meta":"","header-main-stick-meta":"","header-below-stick-meta":"","astra-migrate-meta-layouts":"default","ast-page-background-enabled":"default","ast-page-background-meta":{"desktop":{"background-color":"","background-image":"","background-repeat":"repeat","background-position":"center center","background-size":"auto","background-attachment":"scroll","background-type":"","background-media":"","overlay-type":"","overlay-color":"","overlay-opacity":"","overlay-gradient":""},"tablet":{"background-color":"","background-image":"","background-repeat":"repeat","background-position":"center center","background-size":"auto","background-attachment":"scroll","background-type":"","background-media":"","overlay-type":"","overlay-color":"","overlay-opacity":"","overlay-gradient":""},"mobile":{"background-color":"","background-image":"","background-repeat":"repeat","background-position":"center center","background-size":"auto","background-attachment":"scroll","background-type":"","background-media":"","overlay-type":"","overlay-color":"","overlay-opacity":"","overlay-gradient":""}},"ast-content-background-meta":{"desktop":{"background-color":"var(--ast-global-color-5)","background-image":"","background-repeat":"repeat","background-position":"center center","background-size":"auto","background-attachment":"scroll","background-type":"","background-media":"","overlay-type":"","overlay-color":"","overlay-opacity":"","overlay-gradient":""},"tablet":{"background-color":"var(--ast-global-color-5)","background-image":"","background-repeat":"repeat","background-position":"center center","background-size":"auto","background-attachment":"scroll","background-type":"","background-media":"","overlay-type":"","overlay-color":"","overlay-opacity":"","overlay-gradient":""},"mobile":{"background-color":"var(--ast-global-color-5)","background-image":"","background-repeat":"repeat","background-position":"center center","background-size":"auto","background-attachment":"scroll","background-type":"","background-media":"","overlay-type":"","overlay-color":"","overlay-opacity":"","overlay-gradient":""}}},"product_brand":[],"product_cat":[196,15,144,145,195,146],"product_tag":[1845,292,274,1968,1969,62],"class_list":{"0":"post-16953","1":"product","2":"type-product","3":"status-publish","4":"has-post-thumbnail","6":"product_cat-actions","7":"product_cat-photo","8":"product_cat-photo-editor","9":"product_cat-photography","10":"product_cat-photoshop","11":"product_cat-photoshop-action","12":"product_tag-1845","13":"product_tag-action","14":"product_tag-effect","15":"product_tag-grandiose","16":"product_tag-gta","17":"product_tag-photoshop","18":"desktop-align-left","19":"tablet-align-left","20":"mobile-align-left","22":"first","23":"instock","24":"sale","25":"downloadable","26":"virtual","27":"taxable","28":"purchasable","29":"product-type-simple"},"yoast_head":"<!-- This site is optimized with the Yoast SEO plugin v27.3 - https:\/\/yoast.com\/product\/yoast-seo-wordpress\/ -->\n<title>Grandiose 2 Photoshop Action - Graphimarket<\/title>\n<meta name=\"description\" content=\"Grandiose 2 Photoshop Action. Create this\u00a0advanced cartoon,\u00a0GTA inspired art style effect\u00a0from your photos with no work at all!...\" \/>\n<meta name=\"robots\" content=\"index, follow, max-snippet:-1, max-image-preview:large, max-video-preview:-1\" \/>\n<link rel=\"canonical\" href=\"https:\/\/graphimarket.com\/de\/product\/16953\/\" \/>\n<meta property=\"og:locale\" content=\"de_DE\" \/>\n<meta property=\"og:type\" content=\"article\" \/>\n<meta property=\"og:title\" content=\"Grandiose 2 Photoshop Action - Graphimarket\" \/>\n<meta property=\"og:description\" content=\"Grandiose 2 Photoshop Action. Create this\u00a0advanced cartoon,\u00a0GTA inspired art style effect\u00a0from your photos with no work at all!...\" \/>\n<meta property=\"og:url\" content=\"https:\/\/graphimarket.com\/de\/product\/16953\/\" \/>\n<meta property=\"og:site_name\" content=\"Graphimarket\" \/>\n<meta property=\"article:modified_time\" content=\"2022-12-11T12:14:41+00:00\" \/>\n<meta property=\"og:image\" content=\"https:\/\/graphimarket.com\/wp-content\/uploads\/2021\/04\/icon-5.jpg\" \/>\n\t<meta property=\"og:image:width\" content=\"590\" \/>\n\t<meta property=\"og:image:height\" content=\"612\" \/>\n\t<meta property=\"og:image:type\" content=\"image\/jpeg\" \/>\n<meta name=\"twitter:card\" content=\"summary_large_image\" \/>\n<meta name=\"twitter:label1\" content=\"Est. reading time\" \/>\n\t<meta name=\"twitter:data1\" content=\"1 minute\" \/>\n<script type=\"application\/ld+json\" class=\"yoast-schema-graph\">{\"@context\":\"https:\\\/\\\/schema.org\",\"@graph\":[{\"@type\":\"WebPage\",\"@id\":\"https:\\\/\\\/graphimarket.com\\\/en\\\/product\\\/16953\\\/\",\"url\":\"https:\\\/\\\/graphimarket.com\\\/en\\\/product\\\/16953\\\/\",\"name\":\"Grandiose 2 Photoshop Action - Graphimarket\",\"isPartOf\":{\"@id\":\"https:\\\/\\\/graphimarket.com\\\/fr\\\/#website\"},\"primaryImageOfPage\":{\"@id\":\"https:\\\/\\\/graphimarket.com\\\/en\\\/product\\\/16953\\\/#primaryimage\"},\"image\":{\"@id\":\"https:\\\/\\\/graphimarket.com\\\/en\\\/product\\\/16953\\\/#primaryimage\"},\"thumbnailUrl\":\"https:\\\/\\\/graphimarket.com\\\/wp-content\\\/uploads\\\/2021\\\/04\\\/icon-5.jpg\",\"datePublished\":\"2021-04-01T14:44:13+00:00\",\"dateModified\":\"2022-12-11T12:14:41+00:00\",\"description\":\"Grandiose 2 Photoshop Action. Create this\u00a0advanced cartoon,\u00a0GTA inspired art style effect\u00a0from your photos with no work at all!...\",\"breadcrumb\":{\"@id\":\"https:\\\/\\\/graphimarket.com\\\/en\\\/product\\\/16953\\\/#breadcrumb\"},\"inLanguage\":\"de-DE\",\"potentialAction\":[{\"@type\":\"ReadAction\",\"target\":[\"https:\\\/\\\/graphimarket.com\\\/en\\\/product\\\/16953\\\/\"]}]},{\"@type\":\"ImageObject\",\"inLanguage\":\"de-DE\",\"@id\":\"https:\\\/\\\/graphimarket.com\\\/en\\\/product\\\/16953\\\/#primaryimage\",\"url\":\"https:\\\/\\\/graphimarket.com\\\/wp-content\\\/uploads\\\/2021\\\/04\\\/icon-5.jpg\",\"contentUrl\":\"https:\\\/\\\/graphimarket.com\\\/wp-content\\\/uploads\\\/2021\\\/04\\\/icon-5.jpg\",\"width\":590,\"height\":612},{\"@type\":\"BreadcrumbList\",\"@id\":\"https:\\\/\\\/graphimarket.com\\\/en\\\/product\\\/16953\\\/#breadcrumb\",\"itemListElement\":[{\"@type\":\"ListItem\",\"position\":1,\"name\":\"Home\",\"item\":\"https:\\\/\\\/graphimarket.com\\\/es\\\/\"},{\"@type\":\"ListItem\",\"position\":2,\"name\":\"Store\",\"item\":\"https:\\\/\\\/graphimarket.com\\\/store\\\/\"},{\"@type\":\"ListItem\",\"position\":3,\"name\":\"Grandiose 2 Photoshop Action\"}]},{\"@type\":\"WebSite\",\"@id\":\"https:\\\/\\\/graphimarket.com\\\/fr\\\/#website\",\"url\":\"https:\\\/\\\/graphimarket.com\\\/fr\\\/\",\"name\":\"Graphimarket\",\"description\":\"Find the perfect creative asset to bring your project to life\",\"publisher\":{\"@id\":\"https:\\\/\\\/graphimarket.com\\\/fr\\\/#organization\"},\"potentialAction\":[{\"@type\":\"SearchAction\",\"target\":{\"@type\":\"EntryPoint\",\"urlTemplate\":\"https:\\\/\\\/graphimarket.com\\\/fr\\\/?s={search_term_string}\"},\"query-input\":{\"@type\":\"PropertyValueSpecification\",\"valueRequired\":true,\"valueName\":\"search_term_string\"}}],\"inLanguage\":\"de-DE\"},{\"@type\":\"Organization\",\"@id\":\"https:\\\/\\\/graphimarket.com\\\/fr\\\/#organization\",\"name\":\"Graphimarket\",\"url\":\"https:\\\/\\\/graphimarket.com\\\/fr\\\/\",\"logo\":{\"@type\":\"ImageObject\",\"inLanguage\":\"de-DE\",\"@id\":\"https:\\\/\\\/graphimarket.com\\\/fr\\\/#\\\/schema\\\/logo\\\/image\\\/\",\"url\":\"https:\\\/\\\/graphimarket.com\\\/wp-content\\\/uploads\\\/2020\\\/08\\\/logo-48.png\",\"contentUrl\":\"https:\\\/\\\/graphimarket.com\\\/wp-content\\\/uploads\\\/2020\\\/08\\\/logo-48.png\",\"width\":132,\"height\":48,\"caption\":\"Graphimarket\"},\"image\":{\"@id\":\"https:\\\/\\\/graphimarket.com\\\/fr\\\/#\\\/schema\\\/logo\\\/image\\\/\"}}]}<\/script>\n<!-- \/ Yoast SEO plugin. -->","yoast_head_json":{"title":"Grandiose 2 Photoshop Action - Graphimarket","description":"Grandiose 2 Photoshop-Aktion. Erstellen Sie diesen fortschrittlichen, von GTA inspirierten Cartoon-Effekt im Cartoon-Stil aus Ihren Fotos, ohne dass Sie daran arbeiten m\u00fcssen! ...","robots":{"index":"index","follow":"follow","max-snippet":"max-snippet:-1","max-image-preview":"max-image-preview:large","max-video-preview":"max-video-preview:-1"},"canonical":"https:\/\/graphimarket.com\/de\/product\/16953\/","og_locale":"de_DE","og_type":"article","og_title":"Grandiose 2 Photoshop Action - Graphimarket","og_description":"Grandiose 2 Photoshop Action. Create this\u00a0advanced cartoon,\u00a0GTA inspired art style effect\u00a0from your photos with no work at all!...","og_url":"https:\/\/graphimarket.com\/de\/product\/16953\/","og_site_name":"Graphimarket","article_modified_time":"2022-12-11T12:14:41+00:00","og_image":[{"width":590,"height":612,"url":"https:\/\/graphimarket.com\/wp-content\/uploads\/2021\/04\/icon-5.jpg","type":"image\/jpeg"}],"twitter_card":"summary_large_image","twitter_misc":{"Est. reading time":"1 minute"},"schema":{"@context":"https:\/\/schema.org","@graph":[{"@type":"WebPage","@id":"https:\/\/graphimarket.com\/en\/product\/16953\/","url":"https:\/\/graphimarket.com\/en\/product\/16953\/","name":"Grandiose 2 Photoshop Action - Graphimarket","isPartOf":{"@id":"https:\/\/graphimarket.com\/fr\/#website"},"primaryImageOfPage":{"@id":"https:\/\/graphimarket.com\/en\/product\/16953\/#primaryimage"},"image":{"@id":"https:\/\/graphimarket.com\/en\/product\/16953\/#primaryimage"},"thumbnailUrl":"https:\/\/graphimarket.com\/wp-content\/uploads\/2021\/04\/icon-5.jpg","datePublished":"2021-04-01T14:44:13+00:00","dateModified":"2022-12-11T12:14:41+00:00","description":"Grandiose 2 Photoshop-Aktion. Erstellen Sie diesen fortschrittlichen, von GTA inspirierten Cartoon-Effekt im Cartoon-Stil aus Ihren Fotos, ohne dass Sie daran arbeiten m\u00fcssen! ...","breadcrumb":{"@id":"https:\/\/graphimarket.com\/en\/product\/16953\/#breadcrumb"},"inLanguage":"de-DE","potentialAction":[{"@type":"ReadAction","target":["https:\/\/graphimarket.com\/en\/product\/16953\/"]}]},{"@type":"ImageObject","inLanguage":"de-DE","@id":"https:\/\/graphimarket.com\/en\/product\/16953\/#primaryimage","url":"https:\/\/graphimarket.com\/wp-content\/uploads\/2021\/04\/icon-5.jpg","contentUrl":"https:\/\/graphimarket.com\/wp-content\/uploads\/2021\/04\/icon-5.jpg","width":590,"height":612},{"@type":"BreadcrumbList","@id":"https:\/\/graphimarket.com\/en\/product\/16953\/#breadcrumb","itemListElement":[{"@type":"ListItem","position":1,"name":"Home","item":"https:\/\/graphimarket.com\/es\/"},{"@type":"ListItem","position":2,"name":"Store","item":"https:\/\/graphimarket.com\/store\/"},{"@type":"ListItem","position":3,"name":"Grandiose 2 Photoshop Action"}]},{"@type":"WebSite","@id":"https:\/\/graphimarket.com\/fr\/#website","url":"https:\/\/graphimarket.com\/fr\/","name":"Graphimarket","description":"Finden Sie das perfekte kreative Kapital, um Ihr Projekt zum Leben zu erwecken","publisher":{"@id":"https:\/\/graphimarket.com\/fr\/#organization"},"potentialAction":[{"@type":"SearchAction","target":{"@type":"EntryPoint","urlTemplate":"https:\/\/graphimarket.com\/fr\/?s={search_term_string}"},"query-input":{"@type":"PropertyValueSpecification","valueRequired":true,"valueName":"search_term_string"}}],"inLanguage":"de-DE"},{"@type":"Organization","@id":"https:\/\/graphimarket.com\/fr\/#organization","name":"Graphimarket","url":"https:\/\/graphimarket.com\/fr\/","logo":{"@type":"ImageObject","inLanguage":"de-DE","@id":"https:\/\/graphimarket.com\/fr\/#\/schema\/logo\/image\/","url":"https:\/\/graphimarket.com\/wp-content\/uploads\/2020\/08\/logo-48.png","contentUrl":"https:\/\/graphimarket.com\/wp-content\/uploads\/2020\/08\/logo-48.png","width":132,"height":48,"caption":"Graphimarket"},"image":{"@id":"https:\/\/graphimarket.com\/fr\/#\/schema\/logo\/image\/"}}]}},"_links":{"self":[{"href":"https:\/\/graphimarket.com\/de\/wp-json\/wp\/v2\/product\/16953","targetHints":{"allow":["GET"]}}],"collection":[{"href":"https:\/\/graphimarket.com\/de\/wp-json\/wp\/v2\/product"}],"about":[{"href":"https:\/\/graphimarket.com\/de\/wp-json\/wp\/v2\/types\/product"}],"replies":[{"embeddable":true,"href":"https:\/\/graphimarket.com\/de\/wp-json\/wp\/v2\/comments?post=16953"}],"version-history":[{"count":0,"href":"https:\/\/graphimarket.com\/de\/wp-json\/wp\/v2\/product\/16953\/revisions"}],"wp:featuredmedia":[{"embeddable":true,"href":"https:\/\/graphimarket.com\/de\/wp-json\/wp\/v2\/media\/16955"}],"wp:attachment":[{"href":"https:\/\/graphimarket.com\/de\/wp-json\/wp\/v2\/media?parent=16953"}],"wp:term":[{"taxonomy":"product_brand","embeddable":true,"href":"https:\/\/graphimarket.com\/de\/wp-json\/wp\/v2\/product_brand?post=16953"},{"taxonomy":"product_cat","embeddable":true,"href":"https:\/\/graphimarket.com\/de\/wp-json\/wp\/v2\/product_cat?post=16953"},{"taxonomy":"product_tag","embeddable":true,"href":"https:\/\/graphimarket.com\/de\/wp-json\/wp\/v2\/product_tag?post=16953"}],"curies":[{"name":"wp","href":"https:\/\/api.w.org\/{rel}","templated":true}]}}