{"id":17263,"date":"2021-04-12T16:49:45","date_gmt":"2021-04-12T14:49:45","guid":{"rendered":"https:\/\/graphimarket.com\/?post_type=product&#038;p=17263"},"modified":"2022-12-11T13:14:00","modified_gmt":"2022-12-11T12:14:00","slug":"dripping-gold-photoshop-action-2","status":"publish","type":"product","link":"https:\/\/graphimarket.com\/de\/product\/dripping-gold-photoshop-action-2\/","title":{"rendered":"Tropfendes Gold Photoshop Aktion"},"content":{"rendered":"<p id=\"item-description__dripping-gold-photoshop-action\"><strong>Tropfendes Gold Photoshop Aktion<\/strong><\/p>\n<p><strong>Beschichten Sie Ihre Fotos mit fl\u00fcssigem Gold!<\/strong>\u00a0Sobald die Aktion abgeschlossen ist, haben Sie die vollst\u00e4ndige Ebenenkontrolle. Jede Ebene ist farbcodiert und entsprechend benannt, um eine ordentliche Arbeitsumgebung f\u00fcr Sie zu schaffen. Stellen Sie sicher, dass\u00a0<a href=\"https:\/\/www.youtube.com\/watch?v=QhQ9xqBGtOc&amp;feature=youtu.be\" rel=\"nofollow\">Sehen Sie sich das Video-Tutorial an<\/a>\u00a0zum Einrichten Ihrer Datei und eine Erkl\u00e4rung dazu, was alle Ebenen tun. Ich zeige auch, wie man den tropfenden Goldeffekt auf Text anwendet.<\/p>\n<p>Die Aktion wurde getestet und funktioniert in Photoshop\u00a0<strong>CS3, CS4, CS5, CS6, CC, CC 2015.5, CC 2017, CC 2018, CC 2019+<\/strong><\/p>\n<p><strong>Wichtig zu wissen<\/strong><\/p>\n<ul>\n<li>Stellen Sie sicher, dass Sie die verwenden\u00a0<a href=\"https:\/\/graphimarket.com\/de\/2021\/01\/12\/change-the-language-of-your-creative-cloud-apps\/\" target=\"_blank\" rel=\"noopener\">Englische Version von Photoshop<\/a>\u00a0um die Aktion auszuf\u00fchren. Alle Sevenstyles-Aktionen funktionieren nur in der englischen Version von Photoshop.<\/li>\n<\/ul>\n<ul>\n<li>\u00dcberpr\u00fcfen Sie, ob Sie eine von der Aktion unterst\u00fctzte Version von Photoshop verwenden.<\/li>\n<\/ul>\n<ul>\n<li>Verwenden Sie mit der Aktion hochaufl\u00f6sende Fotos, um die besten Ergebnisse zu erzielen und Fehler zu vermeiden. Eine optimale Fotoaufl\u00f6sung liegt zwischen 2000px und 4500px.<\/li>\n<\/ul>\n<ul>\n<li>Mit Adobe Creative Cloud k\u00f6nnen Sie installieren\u00a0<a href=\"https:\/\/graphimarket.com\/de\/2021\/01\/12\/how-to-install-previous-versions-of-your-creative-cloud-apps\/\" target=\"_blank\" rel=\"noopener\">mehrere Versionen von Photoshop<\/a>. Wenn Ihnen diese Aktion gef\u00e4llt, sie jedoch in Ihrer Photoshop-Version nicht unterst\u00fctzt wird, k\u00f6nnen Sie jederzeit eine zus\u00e4tzliche Version von Photoshop installieren, um die Aktion auszuf\u00fchren. Sobald eine Aktion getestet wurde und an einer Version von Photoshop arbeitet, funktioniert sie f\u00fcr immer.<\/li>\n<\/ul>\n<ul>\n<li>Verwenden Sie JPEG-Bilder, um die Aktion auszuf\u00fchren. Andere Dateitypen wie TIFF, BMP, PNG, PSD k\u00f6nnen Probleme mit Aktionen verursachen, da Photoshop verschiedene Funktionen f\u00fcr verschiedene Dateitypen deaktiviert.<\/li>\n<\/ul>\n<ul>\n<li>Wenn eine Sevenstyles-Aktion eine Pinsel- (.abr), Muster- (.pat) oder Shapes- (.csh) Datei im Download enth\u00e4lt, muss sie vor dem Abspielen der Aktion in Photoshop geladen werden.<\/li>\n<\/ul>\n<ul>\n<li>Vermeiden Sie die Verwendung der Aktion f\u00fcr Logos oder Bilder im ClipArt-Stil, da der Mangel an Details und Farbkontrasten zu Fehlern f\u00fchren kann.<\/li>\n<\/ul>\n<p>&nbsp;<\/p>\n<p><img fetchpriority=\"high\" decoding=\"async\" class=\"alignnone size-full wp-image-17265\" src=\"https:\/\/graphimarket.com\/wp-content\/uploads\/2021\/04\/BalletDancer2.jpg\" alt=\"\" width=\"1690\" height=\"2324\" srcset=\"https:\/\/graphimarket.com\/wp-content\/uploads\/2021\/04\/BalletDancer2.jpg 1690w, https:\/\/graphimarket.com\/wp-content\/uploads\/2021\/04\/BalletDancer2-218x300.jpg 218w, https:\/\/graphimarket.com\/wp-content\/uploads\/2021\/04\/BalletDancer2-745x1024.jpg 745w, https:\/\/graphimarket.com\/wp-content\/uploads\/2021\/04\/BalletDancer2-768x1056.jpg 768w, https:\/\/graphimarket.com\/wp-content\/uploads\/2021\/04\/BalletDancer2-1117x1536.jpg 1117w, https:\/\/graphimarket.com\/wp-content\/uploads\/2021\/04\/BalletDancer2-1489x2048.jpg 1489w, https:\/\/graphimarket.com\/wp-content\/uploads\/2021\/04\/BalletDancer2-9x12.jpg 9w, https:\/\/graphimarket.com\/wp-content\/uploads\/2021\/04\/BalletDancer2-1320x1815.jpg 1320w, https:\/\/graphimarket.com\/wp-content\/uploads\/2021\/04\/BalletDancer2-600x825.jpg 600w\" sizes=\"(max-width: 1690px) 100vw, 1690px\" \/> <img decoding=\"async\" class=\"alignnone size-full wp-image-17266\" src=\"https:\/\/graphimarket.com\/wp-content\/uploads\/2021\/04\/BaseBallPlayer_1-scaled.jpg\" alt=\"\" width=\"1597\" height=\"2560\" srcset=\"https:\/\/graphimarket.com\/wp-content\/uploads\/2021\/04\/BaseBallPlayer_1-scaled.jpg 1597w, https:\/\/graphimarket.com\/wp-content\/uploads\/2021\/04\/BaseBallPlayer_1-187x300.jpg 187w, https:\/\/graphimarket.com\/wp-content\/uploads\/2021\/04\/BaseBallPlayer_1-639x1024.jpg 639w, https:\/\/graphimarket.com\/wp-content\/uploads\/2021\/04\/BaseBallPlayer_1-768x1231.jpg 768w, https:\/\/graphimarket.com\/wp-content\/uploads\/2021\/04\/BaseBallPlayer_1-958x1536.jpg 958w, https:\/\/graphimarket.com\/wp-content\/uploads\/2021\/04\/BaseBallPlayer_1-1277x2048.jpg 1277w, https:\/\/graphimarket.com\/wp-content\/uploads\/2021\/04\/BaseBallPlayer_1-7x12.jpg 7w, https:\/\/graphimarket.com\/wp-content\/uploads\/2021\/04\/BaseBallPlayer_1-1320x2117.jpg 1320w, https:\/\/graphimarket.com\/wp-content\/uploads\/2021\/04\/BaseBallPlayer_1-600x962.jpg 600w\" sizes=\"(max-width: 1597px) 100vw, 1597px\" \/> <img decoding=\"async\" class=\"alignnone size-full wp-image-17267\" src=\"https:\/\/graphimarket.com\/wp-content\/uploads\/2021\/04\/BaseBallPlayer_1x-scaled.jpg\" alt=\"\" width=\"1597\" height=\"2560\" srcset=\"https:\/\/graphimarket.com\/wp-content\/uploads\/2021\/04\/BaseBallPlayer_1x-scaled.jpg 1597w, https:\/\/graphimarket.com\/wp-content\/uploads\/2021\/04\/BaseBallPlayer_1x-187x300.jpg 187w, https:\/\/graphimarket.com\/wp-content\/uploads\/2021\/04\/BaseBallPlayer_1x-639x1024.jpg 639w, https:\/\/graphimarket.com\/wp-content\/uploads\/2021\/04\/BaseBallPlayer_1x-768x1231.jpg 768w, https:\/\/graphimarket.com\/wp-content\/uploads\/2021\/04\/BaseBallPlayer_1x-958x1536.jpg 958w, https:\/\/graphimarket.com\/wp-content\/uploads\/2021\/04\/BaseBallPlayer_1x-1277x2048.jpg 1277w, https:\/\/graphimarket.com\/wp-content\/uploads\/2021\/04\/BaseBallPlayer_1x-7x12.jpg 7w, https:\/\/graphimarket.com\/wp-content\/uploads\/2021\/04\/BaseBallPlayer_1x-1320x2117.jpg 1320w, https:\/\/graphimarket.com\/wp-content\/uploads\/2021\/04\/BaseBallPlayer_1x-600x962.jpg 600w\" sizes=\"(max-width: 1597px) 100vw, 1597px\" \/> <img loading=\"lazy\" decoding=\"async\" class=\"alignnone size-full wp-image-17268\" src=\"https:\/\/graphimarket.com\/wp-content\/uploads\/2021\/04\/BasketBaller3_DRIP1.jpg\" alt=\"\" width=\"1656\" height=\"2212\" srcset=\"https:\/\/graphimarket.com\/wp-content\/uploads\/2021\/04\/BasketBaller3_DRIP1.jpg 1656w, https:\/\/graphimarket.com\/wp-content\/uploads\/2021\/04\/BasketBaller3_DRIP1-225x300.jpg 225w, https:\/\/graphimarket.com\/wp-content\/uploads\/2021\/04\/BasketBaller3_DRIP1-767x1024.jpg 767w, https:\/\/graphimarket.com\/wp-content\/uploads\/2021\/04\/BasketBaller3_DRIP1-768x1026.jpg 768w, https:\/\/graphimarket.com\/wp-content\/uploads\/2021\/04\/BasketBaller3_DRIP1-1150x1536.jpg 1150w, https:\/\/graphimarket.com\/wp-content\/uploads\/2021\/04\/BasketBaller3_DRIP1-1533x2048.jpg 1533w, https:\/\/graphimarket.com\/wp-content\/uploads\/2021\/04\/BasketBaller3_DRIP1-9x12.jpg 9w, https:\/\/graphimarket.com\/wp-content\/uploads\/2021\/04\/BasketBaller3_DRIP1-1320x1763.jpg 1320w, https:\/\/graphimarket.com\/wp-content\/uploads\/2021\/04\/BasketBaller3_DRIP1-600x801.jpg 600w\" sizes=\"(max-width: 1656px) 100vw, 1656px\" \/> <img loading=\"lazy\" decoding=\"async\" class=\"alignnone size-full wp-image-17269\" src=\"https:\/\/graphimarket.com\/wp-content\/uploads\/2021\/04\/BMX.jpg\" alt=\"\" width=\"2005\" height=\"2083\" srcset=\"https:\/\/graphimarket.com\/wp-content\/uploads\/2021\/04\/BMX.jpg 2005w, https:\/\/graphimarket.com\/wp-content\/uploads\/2021\/04\/BMX-289x300.jpg 289w, https:\/\/graphimarket.com\/wp-content\/uploads\/2021\/04\/BMX-986x1024.jpg 986w, https:\/\/graphimarket.com\/wp-content\/uploads\/2021\/04\/BMX-768x798.jpg 768w, https:\/\/graphimarket.com\/wp-content\/uploads\/2021\/04\/BMX-1478x1536.jpg 1478w, https:\/\/graphimarket.com\/wp-content\/uploads\/2021\/04\/BMX-1971x2048.jpg 1971w, https:\/\/graphimarket.com\/wp-content\/uploads\/2021\/04\/BMX-12x12.jpg 12w, https:\/\/graphimarket.com\/wp-content\/uploads\/2021\/04\/BMX-1320x1371.jpg 1320w, https:\/\/graphimarket.com\/wp-content\/uploads\/2021\/04\/BMX-600x623.jpg 600w\" sizes=\"(max-width: 2005px) 100vw, 2005px\" \/> <img loading=\"lazy\" decoding=\"async\" class=\"alignnone size-full wp-image-17270\" src=\"https:\/\/graphimarket.com\/wp-content\/uploads\/2021\/04\/BMXRider.jpg\" alt=\"\" width=\"2005\" height=\"2083\" srcset=\"https:\/\/graphimarket.com\/wp-content\/uploads\/2021\/04\/BMXRider.jpg 2005w, https:\/\/graphimarket.com\/wp-content\/uploads\/2021\/04\/BMXRider-289x300.jpg 289w, https:\/\/graphimarket.com\/wp-content\/uploads\/2021\/04\/BMXRider-986x1024.jpg 986w, https:\/\/graphimarket.com\/wp-content\/uploads\/2021\/04\/BMXRider-768x798.jpg 768w, https:\/\/graphimarket.com\/wp-content\/uploads\/2021\/04\/BMXRider-1478x1536.jpg 1478w, https:\/\/graphimarket.com\/wp-content\/uploads\/2021\/04\/BMXRider-1971x2048.jpg 1971w, https:\/\/graphimarket.com\/wp-content\/uploads\/2021\/04\/BMXRider-12x12.jpg 12w, https:\/\/graphimarket.com\/wp-content\/uploads\/2021\/04\/BMXRider-1320x1371.jpg 1320w, https:\/\/graphimarket.com\/wp-content\/uploads\/2021\/04\/BMXRider-600x623.jpg 600w\" sizes=\"(max-width: 2005px) 100vw, 2005px\" \/> <img loading=\"lazy\" decoding=\"async\" class=\"alignnone size-full wp-image-17271\" src=\"https:\/\/graphimarket.com\/wp-content\/uploads\/2021\/04\/BrazillianGuy.jpg\" alt=\"\" width=\"1443\" height=\"1932\" srcset=\"https:\/\/graphimarket.com\/wp-content\/uploads\/2021\/04\/BrazillianGuy.jpg 1443w, https:\/\/graphimarket.com\/wp-content\/uploads\/2021\/04\/BrazillianGuy-224x300.jpg 224w, https:\/\/graphimarket.com\/wp-content\/uploads\/2021\/04\/BrazillianGuy-765x1024.jpg 765w, https:\/\/graphimarket.com\/wp-content\/uploads\/2021\/04\/BrazillianGuy-768x1028.jpg 768w, https:\/\/graphimarket.com\/wp-content\/uploads\/2021\/04\/BrazillianGuy-1147x1536.jpg 1147w, https:\/\/graphimarket.com\/wp-content\/uploads\/2021\/04\/BrazillianGuy-9x12.jpg 9w, https:\/\/graphimarket.com\/wp-content\/uploads\/2021\/04\/BrazillianGuy-1320x1767.jpg 1320w, https:\/\/graphimarket.com\/wp-content\/uploads\/2021\/04\/BrazillianGuy-600x803.jpg 600w\" sizes=\"(max-width: 1443px) 100vw, 1443px\" \/> <img loading=\"lazy\" decoding=\"async\" class=\"alignnone size-full wp-image-17272\" src=\"https:\/\/graphimarket.com\/wp-content\/uploads\/2021\/04\/BaldEagle2.jpg\" alt=\"\" width=\"2532\" height=\"1925\" srcset=\"https:\/\/graphimarket.com\/wp-content\/uploads\/2021\/04\/BaldEagle2.jpg 2532w, https:\/\/graphimarket.com\/wp-content\/uploads\/2021\/04\/BaldEagle2-300x228.jpg 300w, https:\/\/graphimarket.com\/wp-content\/uploads\/2021\/04\/BaldEagle2-1024x779.jpg 1024w, https:\/\/graphimarket.com\/wp-content\/uploads\/2021\/04\/BaldEagle2-768x584.jpg 768w, https:\/\/graphimarket.com\/wp-content\/uploads\/2021\/04\/BaldEagle2-1536x1168.jpg 1536w, https:\/\/graphimarket.com\/wp-content\/uploads\/2021\/04\/BaldEagle2-2048x1557.jpg 2048w, https:\/\/graphimarket.com\/wp-content\/uploads\/2021\/04\/BaldEagle2-16x12.jpg 16w, https:\/\/graphimarket.com\/wp-content\/uploads\/2021\/04\/BaldEagle2-1320x1004.jpg 1320w, https:\/\/graphimarket.com\/wp-content\/uploads\/2021\/04\/BaldEagle2-600x456.jpg 600w\" sizes=\"(max-width: 2532px) 100vw, 2532px\" \/> <img loading=\"lazy\" decoding=\"async\" class=\"alignnone size-full wp-image-17273\" src=\"https:\/\/graphimarket.com\/wp-content\/uploads\/2021\/04\/BalletDancer_1.jpg\" alt=\"\" width=\"1614\" height=\"2421\" srcset=\"https:\/\/graphimarket.com\/wp-content\/uploads\/2021\/04\/BalletDancer_1.jpg 1614w, https:\/\/graphimarket.com\/wp-content\/uploads\/2021\/04\/BalletDancer_1-200x300.jpg 200w, https:\/\/graphimarket.com\/wp-content\/uploads\/2021\/04\/BalletDancer_1-683x1024.jpg 683w, https:\/\/graphimarket.com\/wp-content\/uploads\/2021\/04\/BalletDancer_1-768x1152.jpg 768w, https:\/\/graphimarket.com\/wp-content\/uploads\/2021\/04\/BalletDancer_1-1024x1536.jpg 1024w, https:\/\/graphimarket.com\/wp-content\/uploads\/2021\/04\/BalletDancer_1-1365x2048.jpg 1365w, https:\/\/graphimarket.com\/wp-content\/uploads\/2021\/04\/BalletDancer_1-8x12.jpg 8w, https:\/\/graphimarket.com\/wp-content\/uploads\/2021\/04\/BalletDancer_1-1320x1980.jpg 1320w, https:\/\/graphimarket.com\/wp-content\/uploads\/2021\/04\/BalletDancer_1-600x900.jpg 600w\" sizes=\"(max-width: 1614px) 100vw, 1614px\" \/><\/p>","protected":false},"excerpt":{"rendered":"<p>Dripping Gold Photoshop Action Coat your photos in liquid gold!\u00a0Once the action is complete, you have complete layer control. Every layer is color coded and named appropriately to create a neat working environment for you. Make sure to\u00a0watch the video tutorial\u00a0on how to setup your file and an explanation on what all the layers do. [&hellip;]<\/p>\n","protected":false},"featured_media":17265,"comment_status":"open","ping_status":"closed","template":"","meta":{"site-sidebar-layout":"default","site-content-layout":"default","ast-site-content-layout":"default","site-content-style":"default","site-sidebar-style":"default","ast-global-header-display":"","ast-banner-title-visibility":"","ast-main-header-display":"","ast-hfb-above-header-display":"","ast-hfb-below-header-display":"","ast-hfb-mobile-header-display":"","site-post-title":"","ast-breadcrumbs-content":"","ast-featured-img":"","footer-sml-layout":"","ast-disable-related-posts":"","theme-transparent-header-meta":"default","adv-header-id-meta":"","stick-header-meta":"","header-above-stick-meta":"","header-main-stick-meta":"","header-below-stick-meta":"","astra-migrate-meta-layouts":"default","ast-page-background-enabled":"default","ast-page-background-meta":{"desktop":{"background-color":"","background-image":"","background-repeat":"repeat","background-position":"center center","background-size":"auto","background-attachment":"scroll","background-type":"","background-media":"","overlay-type":"","overlay-color":"","overlay-opacity":"","overlay-gradient":""},"tablet":{"background-color":"","background-image":"","background-repeat":"repeat","background-position":"center center","background-size":"auto","background-attachment":"scroll","background-type":"","background-media":"","overlay-type":"","overlay-color":"","overlay-opacity":"","overlay-gradient":""},"mobile":{"background-color":"","background-image":"","background-repeat":"repeat","background-position":"center center","background-size":"auto","background-attachment":"scroll","background-type":"","background-media":"","overlay-type":"","overlay-color":"","overlay-opacity":"","overlay-gradient":""}},"ast-content-background-meta":{"desktop":{"background-color":"var(--ast-global-color-5)","background-image":"","background-repeat":"repeat","background-position":"center center","background-size":"auto","background-attachment":"scroll","background-type":"","background-media":"","overlay-type":"","overlay-color":"","overlay-opacity":"","overlay-gradient":""},"tablet":{"background-color":"var(--ast-global-color-5)","background-image":"","background-repeat":"repeat","background-position":"center center","background-size":"auto","background-attachment":"scroll","background-type":"","background-media":"","overlay-type":"","overlay-color":"","overlay-opacity":"","overlay-gradient":""},"mobile":{"background-color":"var(--ast-global-color-5)","background-image":"","background-repeat":"repeat","background-position":"center center","background-size":"auto","background-attachment":"scroll","background-type":"","background-media":"","overlay-type":"","overlay-color":"","overlay-opacity":"","overlay-gradient":""}}},"product_brand":[],"product_cat":[196,15,144,145,195,146],"product_tag":[292,1386,531,1936,1981,592,62],"class_list":{"0":"post-17263","1":"product","2":"type-product","3":"status-publish","4":"has-post-thumbnail","6":"product_cat-actions","7":"product_cat-photo","8":"product_cat-photo-editor","9":"product_cat-photography","10":"product_cat-photoshop","11":"product_cat-photoshop-action","12":"product_tag-action","13":"product_tag-adobe","14":"product_tag-cc","15":"product_tag-cs","16":"product_tag-dripping","17":"product_tag-gold","18":"product_tag-photoshop","19":"desktop-align-left","20":"tablet-align-left","21":"mobile-align-left","23":"first","24":"instock","25":"sale","26":"downloadable","27":"virtual","28":"taxable","29":"purchasable","30":"product-type-simple"},"yoast_head":"<!-- This site is optimized with the Yoast SEO plugin v27.3 - https:\/\/yoast.com\/product\/yoast-seo-wordpress\/ -->\n<title>Dripping Gold Photoshop Action - Graphimarket<\/title>\n<meta name=\"description\" content=\"Dripping Gold Photoshop Action. Coat your photos in liquid gold!\u00a0Once the action is complete, you have complete layer control.\" \/>\n<meta name=\"robots\" content=\"index, follow, max-snippet:-1, max-image-preview:large, max-video-preview:-1\" \/>\n<link rel=\"canonical\" href=\"https:\/\/graphimarket.com\/de\/product\/dripping-gold-photoshop-action-2\/\" \/>\n<meta property=\"og:locale\" content=\"de_DE\" \/>\n<meta property=\"og:type\" content=\"article\" \/>\n<meta property=\"og:title\" content=\"Dripping Gold Photoshop Action - Graphimarket\" \/>\n<meta property=\"og:description\" content=\"Dripping Gold Photoshop Action. Coat your photos in liquid gold!\u00a0Once the action is complete, you have complete layer control.\" \/>\n<meta property=\"og:url\" content=\"https:\/\/graphimarket.com\/de\/product\/dripping-gold-photoshop-action-2\/\" \/>\n<meta property=\"og:site_name\" content=\"Graphimarket\" \/>\n<meta property=\"article:modified_time\" content=\"2022-12-11T12:14:00+00:00\" \/>\n<meta property=\"og:image\" content=\"https:\/\/graphimarket.com\/wp-content\/uploads\/2021\/04\/BalletDancer2.jpg\" \/>\n\t<meta property=\"og:image:width\" content=\"1690\" \/>\n\t<meta property=\"og:image:height\" content=\"2324\" \/>\n\t<meta property=\"og:image:type\" content=\"image\/jpeg\" \/>\n<meta name=\"twitter:card\" content=\"summary_large_image\" \/>\n<meta name=\"twitter:label1\" content=\"Est. reading time\" \/>\n\t<meta name=\"twitter:data1\" content=\"1 minute\" \/>\n<script type=\"application\/ld+json\" class=\"yoast-schema-graph\">{\"@context\":\"https:\\\/\\\/schema.org\",\"@graph\":[{\"@type\":\"WebPage\",\"@id\":\"https:\\\/\\\/graphimarket.com\\\/en\\\/product\\\/dripping-gold-photoshop-action-2\\\/\",\"url\":\"https:\\\/\\\/graphimarket.com\\\/en\\\/product\\\/dripping-gold-photoshop-action-2\\\/\",\"name\":\"Dripping Gold Photoshop Action - Graphimarket\",\"isPartOf\":{\"@id\":\"https:\\\/\\\/graphimarket.com\\\/fr\\\/#website\"},\"primaryImageOfPage\":{\"@id\":\"https:\\\/\\\/graphimarket.com\\\/en\\\/product\\\/dripping-gold-photoshop-action-2\\\/#primaryimage\"},\"image\":{\"@id\":\"https:\\\/\\\/graphimarket.com\\\/en\\\/product\\\/dripping-gold-photoshop-action-2\\\/#primaryimage\"},\"thumbnailUrl\":\"https:\\\/\\\/graphimarket.com\\\/wp-content\\\/uploads\\\/2021\\\/04\\\/BalletDancer2.jpg\",\"datePublished\":\"2021-04-12T14:49:45+00:00\",\"dateModified\":\"2022-12-11T12:14:00+00:00\",\"description\":\"Dripping Gold Photoshop Action. Coat your photos in liquid gold!\u00a0Once the action is complete, you have complete layer control.\",\"breadcrumb\":{\"@id\":\"https:\\\/\\\/graphimarket.com\\\/en\\\/product\\\/dripping-gold-photoshop-action-2\\\/#breadcrumb\"},\"inLanguage\":\"de-DE\",\"potentialAction\":[{\"@type\":\"ReadAction\",\"target\":[\"https:\\\/\\\/graphimarket.com\\\/en\\\/product\\\/dripping-gold-photoshop-action-2\\\/\"]}]},{\"@type\":\"ImageObject\",\"inLanguage\":\"de-DE\",\"@id\":\"https:\\\/\\\/graphimarket.com\\\/en\\\/product\\\/dripping-gold-photoshop-action-2\\\/#primaryimage\",\"url\":\"https:\\\/\\\/graphimarket.com\\\/wp-content\\\/uploads\\\/2021\\\/04\\\/BalletDancer2.jpg\",\"contentUrl\":\"https:\\\/\\\/graphimarket.com\\\/wp-content\\\/uploads\\\/2021\\\/04\\\/BalletDancer2.jpg\",\"width\":1690,\"height\":2324},{\"@type\":\"BreadcrumbList\",\"@id\":\"https:\\\/\\\/graphimarket.com\\\/en\\\/product\\\/dripping-gold-photoshop-action-2\\\/#breadcrumb\",\"itemListElement\":[{\"@type\":\"ListItem\",\"position\":1,\"name\":\"Home\",\"item\":\"https:\\\/\\\/graphimarket.com\\\/es\\\/\"},{\"@type\":\"ListItem\",\"position\":2,\"name\":\"Store\",\"item\":\"https:\\\/\\\/graphimarket.com\\\/store\\\/\"},{\"@type\":\"ListItem\",\"position\":3,\"name\":\"Dripping Gold Photoshop Action\"}]},{\"@type\":\"WebSite\",\"@id\":\"https:\\\/\\\/graphimarket.com\\\/fr\\\/#website\",\"url\":\"https:\\\/\\\/graphimarket.com\\\/fr\\\/\",\"name\":\"Graphimarket\",\"description\":\"Find the perfect creative asset to bring your project to life\",\"publisher\":{\"@id\":\"https:\\\/\\\/graphimarket.com\\\/fr\\\/#organization\"},\"potentialAction\":[{\"@type\":\"SearchAction\",\"target\":{\"@type\":\"EntryPoint\",\"urlTemplate\":\"https:\\\/\\\/graphimarket.com\\\/fr\\\/?s={search_term_string}\"},\"query-input\":{\"@type\":\"PropertyValueSpecification\",\"valueRequired\":true,\"valueName\":\"search_term_string\"}}],\"inLanguage\":\"de-DE\"},{\"@type\":\"Organization\",\"@id\":\"https:\\\/\\\/graphimarket.com\\\/fr\\\/#organization\",\"name\":\"Graphimarket\",\"url\":\"https:\\\/\\\/graphimarket.com\\\/fr\\\/\",\"logo\":{\"@type\":\"ImageObject\",\"inLanguage\":\"de-DE\",\"@id\":\"https:\\\/\\\/graphimarket.com\\\/fr\\\/#\\\/schema\\\/logo\\\/image\\\/\",\"url\":\"https:\\\/\\\/graphimarket.com\\\/wp-content\\\/uploads\\\/2020\\\/08\\\/logo-48.png\",\"contentUrl\":\"https:\\\/\\\/graphimarket.com\\\/wp-content\\\/uploads\\\/2020\\\/08\\\/logo-48.png\",\"width\":132,\"height\":48,\"caption\":\"Graphimarket\"},\"image\":{\"@id\":\"https:\\\/\\\/graphimarket.com\\\/fr\\\/#\\\/schema\\\/logo\\\/image\\\/\"}}]}<\/script>\n<!-- \/ Yoast SEO plugin. -->","yoast_head_json":{"title":"Tropfendes Gold Photoshop Action - Graphimarket","description":"Tropfende Gold-Photoshop-Aktion. Beschichten Sie Ihre Fotos mit fl\u00fcssigem Gold! Sobald die Aktion abgeschlossen ist, haben Sie die vollst\u00e4ndige Ebenenkontrolle.","robots":{"index":"index","follow":"follow","max-snippet":"max-snippet:-1","max-image-preview":"max-image-preview:large","max-video-preview":"max-video-preview:-1"},"canonical":"https:\/\/graphimarket.com\/de\/product\/dripping-gold-photoshop-action-2\/","og_locale":"de_DE","og_type":"article","og_title":"Dripping Gold Photoshop Action - Graphimarket","og_description":"Dripping Gold Photoshop Action. Coat your photos in liquid gold!\u00a0Once the action is complete, you have complete layer control.","og_url":"https:\/\/graphimarket.com\/de\/product\/dripping-gold-photoshop-action-2\/","og_site_name":"Graphimarket","article_modified_time":"2022-12-11T12:14:00+00:00","og_image":[{"width":1690,"height":2324,"url":"https:\/\/graphimarket.com\/wp-content\/uploads\/2021\/04\/BalletDancer2.jpg","type":"image\/jpeg"}],"twitter_card":"summary_large_image","twitter_misc":{"Est. reading time":"1 minute"},"schema":{"@context":"https:\/\/schema.org","@graph":[{"@type":"WebPage","@id":"https:\/\/graphimarket.com\/en\/product\/dripping-gold-photoshop-action-2\/","url":"https:\/\/graphimarket.com\/en\/product\/dripping-gold-photoshop-action-2\/","name":"Tropfendes Gold Photoshop Action - Graphimarket","isPartOf":{"@id":"https:\/\/graphimarket.com\/fr\/#website"},"primaryImageOfPage":{"@id":"https:\/\/graphimarket.com\/en\/product\/dripping-gold-photoshop-action-2\/#primaryimage"},"image":{"@id":"https:\/\/graphimarket.com\/en\/product\/dripping-gold-photoshop-action-2\/#primaryimage"},"thumbnailUrl":"https:\/\/graphimarket.com\/wp-content\/uploads\/2021\/04\/BalletDancer2.jpg","datePublished":"2021-04-12T14:49:45+00:00","dateModified":"2022-12-11T12:14:00+00:00","description":"Tropfende Gold-Photoshop-Aktion. Beschichten Sie Ihre Fotos mit fl\u00fcssigem Gold! Sobald die Aktion abgeschlossen ist, haben Sie die vollst\u00e4ndige Ebenenkontrolle.","breadcrumb":{"@id":"https:\/\/graphimarket.com\/en\/product\/dripping-gold-photoshop-action-2\/#breadcrumb"},"inLanguage":"de-DE","potentialAction":[{"@type":"ReadAction","target":["https:\/\/graphimarket.com\/en\/product\/dripping-gold-photoshop-action-2\/"]}]},{"@type":"ImageObject","inLanguage":"de-DE","@id":"https:\/\/graphimarket.com\/en\/product\/dripping-gold-photoshop-action-2\/#primaryimage","url":"https:\/\/graphimarket.com\/wp-content\/uploads\/2021\/04\/BalletDancer2.jpg","contentUrl":"https:\/\/graphimarket.com\/wp-content\/uploads\/2021\/04\/BalletDancer2.jpg","width":1690,"height":2324},{"@type":"BreadcrumbList","@id":"https:\/\/graphimarket.com\/en\/product\/dripping-gold-photoshop-action-2\/#breadcrumb","itemListElement":[{"@type":"ListItem","position":1,"name":"Home","item":"https:\/\/graphimarket.com\/es\/"},{"@type":"ListItem","position":2,"name":"Store","item":"https:\/\/graphimarket.com\/store\/"},{"@type":"ListItem","position":3,"name":"Dripping Gold Photoshop Action"}]},{"@type":"WebSite","@id":"https:\/\/graphimarket.com\/fr\/#website","url":"https:\/\/graphimarket.com\/fr\/","name":"Graphimarket","description":"Finden Sie das perfekte kreative Kapital, um Ihr Projekt zum Leben zu erwecken","publisher":{"@id":"https:\/\/graphimarket.com\/fr\/#organization"},"potentialAction":[{"@type":"SearchAction","target":{"@type":"EntryPoint","urlTemplate":"https:\/\/graphimarket.com\/fr\/?s={search_term_string}"},"query-input":{"@type":"PropertyValueSpecification","valueRequired":true,"valueName":"search_term_string"}}],"inLanguage":"de-DE"},{"@type":"Organization","@id":"https:\/\/graphimarket.com\/fr\/#organization","name":"Graphimarket","url":"https:\/\/graphimarket.com\/fr\/","logo":{"@type":"ImageObject","inLanguage":"de-DE","@id":"https:\/\/graphimarket.com\/fr\/#\/schema\/logo\/image\/","url":"https:\/\/graphimarket.com\/wp-content\/uploads\/2020\/08\/logo-48.png","contentUrl":"https:\/\/graphimarket.com\/wp-content\/uploads\/2020\/08\/logo-48.png","width":132,"height":48,"caption":"Graphimarket"},"image":{"@id":"https:\/\/graphimarket.com\/fr\/#\/schema\/logo\/image\/"}}]}},"_links":{"self":[{"href":"https:\/\/graphimarket.com\/de\/wp-json\/wp\/v2\/product\/17263","targetHints":{"allow":["GET"]}}],"collection":[{"href":"https:\/\/graphimarket.com\/de\/wp-json\/wp\/v2\/product"}],"about":[{"href":"https:\/\/graphimarket.com\/de\/wp-json\/wp\/v2\/types\/product"}],"replies":[{"embeddable":true,"href":"https:\/\/graphimarket.com\/de\/wp-json\/wp\/v2\/comments?post=17263"}],"version-history":[{"count":0,"href":"https:\/\/graphimarket.com\/de\/wp-json\/wp\/v2\/product\/17263\/revisions"}],"wp:featuredmedia":[{"embeddable":true,"href":"https:\/\/graphimarket.com\/de\/wp-json\/wp\/v2\/media\/17265"}],"wp:attachment":[{"href":"https:\/\/graphimarket.com\/de\/wp-json\/wp\/v2\/media?parent=17263"}],"wp:term":[{"taxonomy":"product_brand","embeddable":true,"href":"https:\/\/graphimarket.com\/de\/wp-json\/wp\/v2\/product_brand?post=17263"},{"taxonomy":"product_cat","embeddable":true,"href":"https:\/\/graphimarket.com\/de\/wp-json\/wp\/v2\/product_cat?post=17263"},{"taxonomy":"product_tag","embeddable":true,"href":"https:\/\/graphimarket.com\/de\/wp-json\/wp\/v2\/product_tag?post=17263"}],"curies":[{"name":"wp","href":"https:\/\/api.w.org\/{rel}","templated":true}]}}