{"id":17872,"date":"2021-08-09T11:00:44","date_gmt":"2021-08-09T09:00:44","guid":{"rendered":"https:\/\/graphimarket.com\/?post_type=product&#038;p=17872"},"modified":"2024-05-04T23:35:16","modified_gmt":"2024-05-04T21:35:16","slug":"vintage-travel-poster-photoshop-action","status":"publish","type":"product","link":"https:\/\/graphimarket.com\/de\/product\/vintage-travel-poster-photoshop-action\/","title":{"rendered":"Weinlese-Reise-Plakat-Photoshop-Aktion"},"content":{"rendered":"<h2 id=\"item-description__vintage-travel-poster-photoshop-action\">Weinlese-Reise-Plakat-Photoshop-Aktion<\/h2>\n<p><strong>Weinlese-Reise-Plakat-Photoshop-Aktion<\/strong>\u00a0verwandelt Ihre Fotos in\u00a0<strong>klassische Reiseplakate<\/strong>. Das Drehbuch ist\u00a0<strong>intelligent verarbeitet<\/strong>\u00a0um eine bessere Endbenutzererfahrung zu bieten. Sie k\u00f6nnen es einfach auf einem Ihrer Bilder ausf\u00fchren und die Aktion erledigt den Rest. Sie w\u00fcrden nur brauchen\u00a0<strong>Photoshop (CS5 oder neuer)<\/strong>\u00a0und keine fortgeschrittenen F\u00e4higkeiten. Jetzt kann jeder wirklich\u00a0<strong>sei ein K\u00fcnstler<\/strong>!<\/p>\n<p>Der Effekt funktioniert am besten auf -\u00a0<strong>Stadtbilder, Stra\u00dfenfotos, Architekturen, Geb\u00e4ude, Landschaften<\/strong>\u00a0\u2013 Vintage Travel Poster Photoshop Action hat Sie aus allen Blickwinkeln abgedeckt. Au\u00dferdem l\u00e4uft diese Aktion weiter\u00a0<strong>jede Sprache von Photoshop<\/strong>.<\/p>\n<p>Nachdem Sie die Aktion ausgef\u00fchrt haben, haben Sie die M\u00f6glichkeit,\u00a0<strong>Passen Sie die verschiedenen Elemente an<\/strong>\u00a0generiert und \u00e4ndere es nach Belieben! Sie k\u00f6nnen verschiedene generierte Kunstelemente optimieren \u2013\u00a0<strong>Verschiedene Ebenen von Kunstelementen, Vintage-Texturen, abstrakte Rahmen, authentische Vintage-Farbeffekte und vieles mehr<\/strong>.<\/p>\n<p>Was macht mehr Spa\u00df? Die Packung enth\u00e4lt auch\u00a0<strong>2 Premium-Frame-Mockup-Vorlagen<\/strong>. Au\u00dferdem k\u00f6nnen Sie das Endprodukt des Effekts kommerzialisieren. Was das bedeutet \u2013 Sie d\u00fcrfen zwar die Aktion selbst nicht ver\u00e4ndern und verkaufen, aber Sie k\u00f6nnen die endg\u00fcltigen Effekte der Bilder verkaufen, auf die Sie den Effekt anwenden.<\/p>\n<ul>\n<li>Verwandelt Ihre Fotos in realistische Vintage-Reiseplakate<\/li>\n<li>Funktioniert mit Photoshop Version CS5 und neuer<\/li>\n<li>Funktioniert mit jeder Sprache von Photoshop<\/li>\n<li>Laden Sie einfach die Assets, \u00f6ffnen Sie ein Image und f\u00fchren Sie die Aktion aus<\/li>\n<li>Keine fortgeschrittenen F\u00e4higkeiten erforderlich<\/li>\n<li>Unbegrenzte Anpassungsm\u00f6glichkeiten<\/li>\n<li>10 authentische Vintage-Farbeffekte enthalten<\/li>\n<li>10 Vintage-Farbt\u00f6ne enthalten<\/li>\n<li>2 Premium-Frame-Mockup-Vorlagen enthalten<\/li>\n<li>Passen Sie die Einstellungen an Ihren Stil an<\/li>\n<\/ul>\n<p><strong>Mischen Sie verschiedene Stile, um Ihre eigene atemberaubende Komposition zu erstellen.<\/strong>\u00a0In der Videoanleitung erfahren Sie, wie Sie die Aktion laden und die Effekte anpassen.<\/p>\n<p><strong>Getestet und versichert<\/strong>\u00a0Diese Aktion wurde getestet und funktioniert in Photoshop\u00a0<strong>CS5, CS6, CC 2014, CC 2015, CC 2015.5, CC 2017, CC 2018, CC 2019, CC 2020, CC 2021+<\/strong>\u00a0Getestet mit mehr als 50 Bildern, um die Integrit\u00e4t der Aktion sicherzustellen.<\/p>\n<p><strong>Empfohlene Gr\u00f6\u00dfe<\/strong>\u00a0Die Aktion funktioniert am besten mit Bildern mit einer Gr\u00f6\u00dfe von ungef\u00e4hr\u00a0<strong>1500px \u2013 4000px hoch\/breit und 72\/300 dpi Aufl\u00f6sung<\/strong>. Die Verwendung von Bildern mit niedrigerer Aufl\u00f6sung f\u00fchrt zu geringeren Details und Klarheit der endg\u00fcltigen Komposition.<br \/>\nWenn Sie ein Bild mit niedrigerer Aufl\u00f6sung haben, gehen Sie zu \u201eBild\u201c -&gt; \u201eBildgr\u00f6\u00dfe\u2026\u201c und \u00e4ndern Sie diese auf die angegebenen Abmessungen. Die Verwendung kann nach dem Anwenden des Effekts immer auf die urspr\u00fcngliche Dimension angepasst werden.<\/p>\n<p><img fetchpriority=\"high\" decoding=\"async\" class=\"alignnone size-full wp-image-17873\" src=\"https:\/\/graphimarket.com\/wp-content\/uploads\/2021\/08\/vintage-travel-poster-03.jpg\" alt=\"\" width=\"1500\" height=\"2121\" srcset=\"https:\/\/graphimarket.com\/wp-content\/uploads\/2021\/08\/vintage-travel-poster-03.jpg 1500w, https:\/\/graphimarket.com\/wp-content\/uploads\/2021\/08\/vintage-travel-poster-03-212x300.jpg 212w, https:\/\/graphimarket.com\/wp-content\/uploads\/2021\/08\/vintage-travel-poster-03-724x1024.jpg 724w, https:\/\/graphimarket.com\/wp-content\/uploads\/2021\/08\/vintage-travel-poster-03-768x1086.jpg 768w, https:\/\/graphimarket.com\/wp-content\/uploads\/2021\/08\/vintage-travel-poster-03-1086x1536.jpg 1086w, https:\/\/graphimarket.com\/wp-content\/uploads\/2021\/08\/vintage-travel-poster-03-1448x2048.jpg 1448w, https:\/\/graphimarket.com\/wp-content\/uploads\/2021\/08\/vintage-travel-poster-03-8x12.jpg 8w, https:\/\/graphimarket.com\/wp-content\/uploads\/2021\/08\/vintage-travel-poster-03-1320x1866.jpg 1320w, https:\/\/graphimarket.com\/wp-content\/uploads\/2021\/08\/vintage-travel-poster-03-600x848.jpg 600w\" sizes=\"(max-width: 1500px) 100vw, 1500px\" \/> <img decoding=\"async\" class=\"alignnone size-full wp-image-17874\" src=\"https:\/\/graphimarket.com\/wp-content\/uploads\/2021\/08\/vintage-travel-poster-04.jpg\" alt=\"\" width=\"1500\" height=\"2121\" srcset=\"https:\/\/graphimarket.com\/wp-content\/uploads\/2021\/08\/vintage-travel-poster-04.jpg 1500w, https:\/\/graphimarket.com\/wp-content\/uploads\/2021\/08\/vintage-travel-poster-04-212x300.jpg 212w, https:\/\/graphimarket.com\/wp-content\/uploads\/2021\/08\/vintage-travel-poster-04-724x1024.jpg 724w, https:\/\/graphimarket.com\/wp-content\/uploads\/2021\/08\/vintage-travel-poster-04-768x1086.jpg 768w, https:\/\/graphimarket.com\/wp-content\/uploads\/2021\/08\/vintage-travel-poster-04-1086x1536.jpg 1086w, https:\/\/graphimarket.com\/wp-content\/uploads\/2021\/08\/vintage-travel-poster-04-1448x2048.jpg 1448w, https:\/\/graphimarket.com\/wp-content\/uploads\/2021\/08\/vintage-travel-poster-04-8x12.jpg 8w, https:\/\/graphimarket.com\/wp-content\/uploads\/2021\/08\/vintage-travel-poster-04-1320x1866.jpg 1320w, https:\/\/graphimarket.com\/wp-content\/uploads\/2021\/08\/vintage-travel-poster-04-600x848.jpg 600w\" sizes=\"(max-width: 1500px) 100vw, 1500px\" \/> <img decoding=\"async\" class=\"alignnone size-full wp-image-17875\" src=\"https:\/\/graphimarket.com\/wp-content\/uploads\/2021\/08\/vintage-travel-poster-06-scaled.jpg\" alt=\"\" width=\"1440\" height=\"2560\" srcset=\"https:\/\/graphimarket.com\/wp-content\/uploads\/2021\/08\/vintage-travel-poster-06-scaled.jpg 1440w, https:\/\/graphimarket.com\/wp-content\/uploads\/2021\/08\/vintage-travel-poster-06-169x300.jpg 169w, https:\/\/graphimarket.com\/wp-content\/uploads\/2021\/08\/vintage-travel-poster-06-576x1024.jpg 576w, https:\/\/graphimarket.com\/wp-content\/uploads\/2021\/08\/vintage-travel-poster-06-768x1365.jpg 768w, https:\/\/graphimarket.com\/wp-content\/uploads\/2021\/08\/vintage-travel-poster-06-864x1536.jpg 864w, https:\/\/graphimarket.com\/wp-content\/uploads\/2021\/08\/vintage-travel-poster-06-1152x2048.jpg 1152w, https:\/\/graphimarket.com\/wp-content\/uploads\/2021\/08\/vintage-travel-poster-06-7x12.jpg 7w, https:\/\/graphimarket.com\/wp-content\/uploads\/2021\/08\/vintage-travel-poster-06-1320x2346.jpg 1320w, https:\/\/graphimarket.com\/wp-content\/uploads\/2021\/08\/vintage-travel-poster-06-600x1066.jpg 600w\" sizes=\"(max-width: 1440px) 100vw, 1440px\" \/> <img loading=\"lazy\" decoding=\"async\" class=\"alignnone size-full wp-image-17876\" src=\"https:\/\/graphimarket.com\/wp-content\/uploads\/2021\/08\/vintage-travel-poster-11.jpg\" alt=\"\" width=\"1500\" height=\"1000\" srcset=\"https:\/\/graphimarket.com\/wp-content\/uploads\/2021\/08\/vintage-travel-poster-11.jpg 1500w, https:\/\/graphimarket.com\/wp-content\/uploads\/2021\/08\/vintage-travel-poster-11-300x200.jpg 300w, https:\/\/graphimarket.com\/wp-content\/uploads\/2021\/08\/vintage-travel-poster-11-1024x683.jpg 1024w, https:\/\/graphimarket.com\/wp-content\/uploads\/2021\/08\/vintage-travel-poster-11-768x512.jpg 768w, https:\/\/graphimarket.com\/wp-content\/uploads\/2021\/08\/vintage-travel-poster-11-16x12.jpg 16w, https:\/\/graphimarket.com\/wp-content\/uploads\/2021\/08\/vintage-travel-poster-11-1320x880.jpg 1320w, https:\/\/graphimarket.com\/wp-content\/uploads\/2021\/08\/vintage-travel-poster-11-600x400.jpg 600w\" sizes=\"(max-width: 1500px) 100vw, 1500px\" \/> <img loading=\"lazy\" decoding=\"async\" class=\"alignnone size-full wp-image-17877\" src=\"https:\/\/graphimarket.com\/wp-content\/uploads\/2021\/08\/vintage-travel-poster-13.jpg\" alt=\"\" width=\"1500\" height=\"1019\" srcset=\"https:\/\/graphimarket.com\/wp-content\/uploads\/2021\/08\/vintage-travel-poster-13.jpg 1500w, https:\/\/graphimarket.com\/wp-content\/uploads\/2021\/08\/vintage-travel-poster-13-300x204.jpg 300w, https:\/\/graphimarket.com\/wp-content\/uploads\/2021\/08\/vintage-travel-poster-13-1024x696.jpg 1024w, https:\/\/graphimarket.com\/wp-content\/uploads\/2021\/08\/vintage-travel-poster-13-768x522.jpg 768w, https:\/\/graphimarket.com\/wp-content\/uploads\/2021\/08\/vintage-travel-poster-13-16x12.jpg 16w, https:\/\/graphimarket.com\/wp-content\/uploads\/2021\/08\/vintage-travel-poster-13-1320x897.jpg 1320w, https:\/\/graphimarket.com\/wp-content\/uploads\/2021\/08\/vintage-travel-poster-13-600x408.jpg 600w\" sizes=\"(max-width: 1500px) 100vw, 1500px\" \/> <img loading=\"lazy\" decoding=\"async\" class=\"alignnone size-full wp-image-17878\" src=\"https:\/\/graphimarket.com\/wp-content\/uploads\/2021\/08\/vintage-travel-poster-01.jpg\" alt=\"\" width=\"1500\" height=\"2144\" srcset=\"https:\/\/graphimarket.com\/wp-content\/uploads\/2021\/08\/vintage-travel-poster-01.jpg 1500w, https:\/\/graphimarket.com\/wp-content\/uploads\/2021\/08\/vintage-travel-poster-01-210x300.jpg 210w, https:\/\/graphimarket.com\/wp-content\/uploads\/2021\/08\/vintage-travel-poster-01-716x1024.jpg 716w, https:\/\/graphimarket.com\/wp-content\/uploads\/2021\/08\/vintage-travel-poster-01-768x1098.jpg 768w, https:\/\/graphimarket.com\/wp-content\/uploads\/2021\/08\/vintage-travel-poster-01-1075x1536.jpg 1075w, https:\/\/graphimarket.com\/wp-content\/uploads\/2021\/08\/vintage-travel-poster-01-1433x2048.jpg 1433w, https:\/\/graphimarket.com\/wp-content\/uploads\/2021\/08\/vintage-travel-poster-01-8x12.jpg 8w, https:\/\/graphimarket.com\/wp-content\/uploads\/2021\/08\/vintage-travel-poster-01-1320x1887.jpg 1320w, https:\/\/graphimarket.com\/wp-content\/uploads\/2021\/08\/vintage-travel-poster-01-600x858.jpg 600w\" sizes=\"(max-width: 1500px) 100vw, 1500px\" \/> <img loading=\"lazy\" decoding=\"async\" class=\"alignnone size-full wp-image-17879\" src=\"https:\/\/graphimarket.com\/wp-content\/uploads\/2021\/08\/vintage-travel-poster-02.jpg\" alt=\"\" width=\"1500\" height=\"2121\" srcset=\"https:\/\/graphimarket.com\/wp-content\/uploads\/2021\/08\/vintage-travel-poster-02.jpg 1500w, https:\/\/graphimarket.com\/wp-content\/uploads\/2021\/08\/vintage-travel-poster-02-212x300.jpg 212w, https:\/\/graphimarket.com\/wp-content\/uploads\/2021\/08\/vintage-travel-poster-02-724x1024.jpg 724w, https:\/\/graphimarket.com\/wp-content\/uploads\/2021\/08\/vintage-travel-poster-02-768x1086.jpg 768w, https:\/\/graphimarket.com\/wp-content\/uploads\/2021\/08\/vintage-travel-poster-02-1086x1536.jpg 1086w, https:\/\/graphimarket.com\/wp-content\/uploads\/2021\/08\/vintage-travel-poster-02-1448x2048.jpg 1448w, https:\/\/graphimarket.com\/wp-content\/uploads\/2021\/08\/vintage-travel-poster-02-8x12.jpg 8w, https:\/\/graphimarket.com\/wp-content\/uploads\/2021\/08\/vintage-travel-poster-02-1320x1866.jpg 1320w, https:\/\/graphimarket.com\/wp-content\/uploads\/2021\/08\/vintage-travel-poster-02-600x848.jpg 600w\" sizes=\"(max-width: 1500px) 100vw, 1500px\" \/><\/p>","protected":false},"excerpt":{"rendered":"<p>Vintage Travel Poster Photoshop Action Vintage Travel Poster Photoshop Action\u00a0turns your photos into\u00a0classic travel posters. The script is\u00a0intelligently crafted\u00a0to give a better end-user experience. You can simply run it\u00a0on any of your images and the action will do the rest. You would just need\u00a0Photoshop\u00a0(CS5 or newer)\u00a0and no advanced skill. Now, anyone can truly\u00a0be an artist! [&hellip;]<\/p>\n","protected":false},"featured_media":17878,"comment_status":"open","ping_status":"closed","template":"","meta":{"site-sidebar-layout":"default","site-content-layout":"default","ast-site-content-layout":"default","site-content-style":"default","site-sidebar-style":"default","ast-global-header-display":"","ast-banner-title-visibility":"","ast-main-header-display":"","ast-hfb-above-header-display":"","ast-hfb-below-header-display":"","ast-hfb-mobile-header-display":"","site-post-title":"","ast-breadcrumbs-content":"","ast-featured-img":"","footer-sml-layout":"","ast-disable-related-posts":"","theme-transparent-header-meta":"default","adv-header-id-meta":"","stick-header-meta":"","header-above-stick-meta":"","header-main-stick-meta":"","header-below-stick-meta":"","astra-migrate-meta-layouts":"default","ast-page-background-enabled":"default","ast-page-background-meta":{"desktop":{"background-color":"","background-image":"","background-repeat":"repeat","background-position":"center center","background-size":"auto","background-attachment":"scroll","background-type":"","background-media":"","overlay-type":"","overlay-color":"","overlay-opacity":"","overlay-gradient":""},"tablet":{"background-color":"","background-image":"","background-repeat":"repeat","background-position":"center center","background-size":"auto","background-attachment":"scroll","background-type":"","background-media":"","overlay-type":"","overlay-color":"","overlay-opacity":"","overlay-gradient":""},"mobile":{"background-color":"","background-image":"","background-repeat":"repeat","background-position":"center center","background-size":"auto","background-attachment":"scroll","background-type":"","background-media":"","overlay-type":"","overlay-color":"","overlay-opacity":"","overlay-gradient":""}},"ast-content-background-meta":{"desktop":{"background-color":"var(--ast-global-color-5)","background-image":"","background-repeat":"repeat","background-position":"center center","background-size":"auto","background-attachment":"scroll","background-type":"","background-media":"","overlay-type":"","overlay-color":"","overlay-opacity":"","overlay-gradient":""},"tablet":{"background-color":"var(--ast-global-color-5)","background-image":"","background-repeat":"repeat","background-position":"center center","background-size":"auto","background-attachment":"scroll","background-type":"","background-media":"","overlay-type":"","overlay-color":"","overlay-opacity":"","overlay-gradient":""},"mobile":{"background-color":"var(--ast-global-color-5)","background-image":"","background-repeat":"repeat","background-position":"center center","background-size":"auto","background-attachment":"scroll","background-type":"","background-media":"","overlay-type":"","overlay-color":"","overlay-opacity":"","overlay-gradient":""}}},"product_brand":[],"product_cat":[196,97,15,144,145,195,146],"product_tag":[292,62,584,1351,276],"class_list":{"0":"post-17872","1":"product","2":"type-product","3":"status-publish","4":"has-post-thumbnail","6":"product_cat-actions","7":"product_cat-addons","8":"product_cat-photo","9":"product_cat-photo-editor","10":"product_cat-photography","11":"product_cat-photoshop","12":"product_cat-photoshop-action","13":"product_tag-action","14":"product_tag-photoshop","15":"product_tag-poster","16":"product_tag-travel","17":"product_tag-vintage","18":"desktop-align-left","19":"tablet-align-left","20":"mobile-align-left","22":"first","23":"instock","24":"sale","25":"downloadable","26":"virtual","27":"taxable","28":"purchasable","29":"product-type-simple"},"yoast_head":"<!-- This site is optimized with the Yoast SEO plugin v27.3 - https:\/\/yoast.com\/product\/yoast-seo-wordpress\/ -->\n<title>Vintage Travel Poster Photoshop Action - Graphimarket<\/title>\n<meta name=\"description\" content=\"Vintage Travel Poster Photoshop Action\u00a0turns your photos into\u00a0classic travel posters.The script is\u00a0intelligently crafted...\" \/>\n<meta name=\"robots\" content=\"index, follow, max-snippet:-1, max-image-preview:large, max-video-preview:-1\" \/>\n<link rel=\"canonical\" href=\"https:\/\/graphimarket.com\/de\/product\/vintage-travel-poster-photoshop-action\/\" \/>\n<meta property=\"og:locale\" content=\"de_DE\" \/>\n<meta property=\"og:type\" content=\"article\" \/>\n<meta property=\"og:title\" content=\"Vintage Travel Poster Photoshop Action - Graphimarket\" \/>\n<meta property=\"og:description\" content=\"Vintage Travel Poster Photoshop Action\u00a0turns your photos into\u00a0classic travel posters.The script is\u00a0intelligently crafted...\" \/>\n<meta property=\"og:url\" content=\"https:\/\/graphimarket.com\/de\/product\/vintage-travel-poster-photoshop-action\/\" \/>\n<meta property=\"og:site_name\" content=\"Graphimarket\" \/>\n<meta property=\"article:modified_time\" content=\"2024-05-04T21:35:16+00:00\" \/>\n<meta property=\"og:image\" content=\"https:\/\/graphimarket.com\/wp-content\/uploads\/2021\/08\/vintage-travel-poster-01-716x1024.jpg\" \/>\n\t<meta property=\"og:image:width\" content=\"716\" \/>\n\t<meta property=\"og:image:height\" content=\"1024\" \/>\n\t<meta property=\"og:image:type\" content=\"image\/jpeg\" \/>\n<meta name=\"twitter:card\" content=\"summary_large_image\" \/>\n<meta name=\"twitter:label1\" content=\"Est. reading time\" \/>\n\t<meta name=\"twitter:data1\" content=\"2 minutes\" \/>\n<script type=\"application\/ld+json\" class=\"yoast-schema-graph\">{\"@context\":\"https:\\\/\\\/schema.org\",\"@graph\":[{\"@type\":\"WebPage\",\"@id\":\"https:\\\/\\\/graphimarket.com\\\/product\\\/vintage-travel-poster-photoshop-action\\\/\",\"url\":\"https:\\\/\\\/graphimarket.com\\\/product\\\/vintage-travel-poster-photoshop-action\\\/\",\"name\":\"Vintage Travel Poster Photoshop Action - Graphimarket\",\"isPartOf\":{\"@id\":\"https:\\\/\\\/graphimarket.com\\\/fr\\\/#website\"},\"primaryImageOfPage\":{\"@id\":\"https:\\\/\\\/graphimarket.com\\\/product\\\/vintage-travel-poster-photoshop-action\\\/#primaryimage\"},\"image\":{\"@id\":\"https:\\\/\\\/graphimarket.com\\\/product\\\/vintage-travel-poster-photoshop-action\\\/#primaryimage\"},\"thumbnailUrl\":\"https:\\\/\\\/graphimarket.com\\\/wp-content\\\/uploads\\\/2021\\\/08\\\/vintage-travel-poster-01.jpg\",\"datePublished\":\"2021-08-09T09:00:44+00:00\",\"dateModified\":\"2024-05-04T21:35:16+00:00\",\"description\":\"Vintage Travel Poster Photoshop Action\u00a0turns your photos into\u00a0classic travel posters.The script is\u00a0intelligently crafted...\",\"breadcrumb\":{\"@id\":\"https:\\\/\\\/graphimarket.com\\\/product\\\/vintage-travel-poster-photoshop-action\\\/#breadcrumb\"},\"inLanguage\":\"de-DE\",\"potentialAction\":[{\"@type\":\"ReadAction\",\"target\":[\"https:\\\/\\\/graphimarket.com\\\/product\\\/vintage-travel-poster-photoshop-action\\\/\"]}]},{\"@type\":\"ImageObject\",\"inLanguage\":\"de-DE\",\"@id\":\"https:\\\/\\\/graphimarket.com\\\/product\\\/vintage-travel-poster-photoshop-action\\\/#primaryimage\",\"url\":\"https:\\\/\\\/graphimarket.com\\\/wp-content\\\/uploads\\\/2021\\\/08\\\/vintage-travel-poster-01.jpg\",\"contentUrl\":\"https:\\\/\\\/graphimarket.com\\\/wp-content\\\/uploads\\\/2021\\\/08\\\/vintage-travel-poster-01.jpg\",\"width\":1500,\"height\":2144},{\"@type\":\"BreadcrumbList\",\"@id\":\"https:\\\/\\\/graphimarket.com\\\/product\\\/vintage-travel-poster-photoshop-action\\\/#breadcrumb\",\"itemListElement\":[{\"@type\":\"ListItem\",\"position\":1,\"name\":\"Home\",\"item\":\"https:\\\/\\\/graphimarket.com\\\/es\\\/\"},{\"@type\":\"ListItem\",\"position\":2,\"name\":\"Store\",\"item\":\"https:\\\/\\\/graphimarket.com\\\/store\\\/\"},{\"@type\":\"ListItem\",\"position\":3,\"name\":\"Vintage Travel Poster Photoshop Action\"}]},{\"@type\":\"WebSite\",\"@id\":\"https:\\\/\\\/graphimarket.com\\\/fr\\\/#website\",\"url\":\"https:\\\/\\\/graphimarket.com\\\/fr\\\/\",\"name\":\"Graphimarket\",\"description\":\"Find the perfect creative asset to bring your project to life\",\"publisher\":{\"@id\":\"https:\\\/\\\/graphimarket.com\\\/fr\\\/#organization\"},\"potentialAction\":[{\"@type\":\"SearchAction\",\"target\":{\"@type\":\"EntryPoint\",\"urlTemplate\":\"https:\\\/\\\/graphimarket.com\\\/fr\\\/?s={search_term_string}\"},\"query-input\":{\"@type\":\"PropertyValueSpecification\",\"valueRequired\":true,\"valueName\":\"search_term_string\"}}],\"inLanguage\":\"de-DE\"},{\"@type\":\"Organization\",\"@id\":\"https:\\\/\\\/graphimarket.com\\\/fr\\\/#organization\",\"name\":\"Graphimarket\",\"url\":\"https:\\\/\\\/graphimarket.com\\\/fr\\\/\",\"logo\":{\"@type\":\"ImageObject\",\"inLanguage\":\"de-DE\",\"@id\":\"https:\\\/\\\/graphimarket.com\\\/fr\\\/#\\\/schema\\\/logo\\\/image\\\/\",\"url\":\"https:\\\/\\\/graphimarket.com\\\/wp-content\\\/uploads\\\/2020\\\/08\\\/logo-48.png\",\"contentUrl\":\"https:\\\/\\\/graphimarket.com\\\/wp-content\\\/uploads\\\/2020\\\/08\\\/logo-48.png\",\"width\":132,\"height\":48,\"caption\":\"Graphimarket\"},\"image\":{\"@id\":\"https:\\\/\\\/graphimarket.com\\\/fr\\\/#\\\/schema\\\/logo\\\/image\\\/\"}}]}<\/script>\n<!-- \/ Yoast SEO plugin. -->","yoast_head_json":{"title":"Weinlese-Reise-Plakat Photoshop-Aktion - Graphimarket","description":"Vintage Travel Poster Photoshop Action verwandelt Ihre Fotos in klassische Reiseposter. Das Skript ist intelligent...","robots":{"index":"index","follow":"follow","max-snippet":"max-snippet:-1","max-image-preview":"max-image-preview:large","max-video-preview":"max-video-preview:-1"},"canonical":"https:\/\/graphimarket.com\/de\/product\/vintage-travel-poster-photoshop-action\/","og_locale":"de_DE","og_type":"article","og_title":"Vintage Travel Poster Photoshop Action - Graphimarket","og_description":"Vintage Travel Poster Photoshop Action\u00a0turns your photos into\u00a0classic travel posters.The script is\u00a0intelligently crafted...","og_url":"https:\/\/graphimarket.com\/de\/product\/vintage-travel-poster-photoshop-action\/","og_site_name":"Graphimarket","article_modified_time":"2024-05-04T21:35:16+00:00","og_image":[{"width":716,"height":1024,"url":"https:\/\/graphimarket.com\/wp-content\/uploads\/2021\/08\/vintage-travel-poster-01-716x1024.jpg","type":"image\/jpeg"}],"twitter_card":"summary_large_image","twitter_misc":{"Est. reading time":"2 minutes"},"schema":{"@context":"https:\/\/schema.org","@graph":[{"@type":"WebPage","@id":"https:\/\/graphimarket.com\/product\/vintage-travel-poster-photoshop-action\/","url":"https:\/\/graphimarket.com\/product\/vintage-travel-poster-photoshop-action\/","name":"Weinlese-Reise-Plakat Photoshop-Aktion - Graphimarket","isPartOf":{"@id":"https:\/\/graphimarket.com\/fr\/#website"},"primaryImageOfPage":{"@id":"https:\/\/graphimarket.com\/product\/vintage-travel-poster-photoshop-action\/#primaryimage"},"image":{"@id":"https:\/\/graphimarket.com\/product\/vintage-travel-poster-photoshop-action\/#primaryimage"},"thumbnailUrl":"https:\/\/graphimarket.com\/wp-content\/uploads\/2021\/08\/vintage-travel-poster-01.jpg","datePublished":"2021-08-09T09:00:44+00:00","dateModified":"2024-05-04T21:35:16+00:00","description":"Vintage Travel Poster Photoshop Action verwandelt Ihre Fotos in klassische Reiseposter. Das Skript ist intelligent...","breadcrumb":{"@id":"https:\/\/graphimarket.com\/product\/vintage-travel-poster-photoshop-action\/#breadcrumb"},"inLanguage":"de-DE","potentialAction":[{"@type":"ReadAction","target":["https:\/\/graphimarket.com\/product\/vintage-travel-poster-photoshop-action\/"]}]},{"@type":"ImageObject","inLanguage":"de-DE","@id":"https:\/\/graphimarket.com\/product\/vintage-travel-poster-photoshop-action\/#primaryimage","url":"https:\/\/graphimarket.com\/wp-content\/uploads\/2021\/08\/vintage-travel-poster-01.jpg","contentUrl":"https:\/\/graphimarket.com\/wp-content\/uploads\/2021\/08\/vintage-travel-poster-01.jpg","width":1500,"height":2144},{"@type":"BreadcrumbList","@id":"https:\/\/graphimarket.com\/product\/vintage-travel-poster-photoshop-action\/#breadcrumb","itemListElement":[{"@type":"ListItem","position":1,"name":"Home","item":"https:\/\/graphimarket.com\/es\/"},{"@type":"ListItem","position":2,"name":"Store","item":"https:\/\/graphimarket.com\/store\/"},{"@type":"ListItem","position":3,"name":"Vintage Travel Poster Photoshop Action"}]},{"@type":"WebSite","@id":"https:\/\/graphimarket.com\/fr\/#website","url":"https:\/\/graphimarket.com\/fr\/","name":"Graphimarket","description":"Finden Sie das perfekte kreative Kapital, um Ihr Projekt zum Leben zu erwecken","publisher":{"@id":"https:\/\/graphimarket.com\/fr\/#organization"},"potentialAction":[{"@type":"SearchAction","target":{"@type":"EntryPoint","urlTemplate":"https:\/\/graphimarket.com\/fr\/?s={search_term_string}"},"query-input":{"@type":"PropertyValueSpecification","valueRequired":true,"valueName":"search_term_string"}}],"inLanguage":"de-DE"},{"@type":"Organization","@id":"https:\/\/graphimarket.com\/fr\/#organization","name":"Graphimarket","url":"https:\/\/graphimarket.com\/fr\/","logo":{"@type":"ImageObject","inLanguage":"de-DE","@id":"https:\/\/graphimarket.com\/fr\/#\/schema\/logo\/image\/","url":"https:\/\/graphimarket.com\/wp-content\/uploads\/2020\/08\/logo-48.png","contentUrl":"https:\/\/graphimarket.com\/wp-content\/uploads\/2020\/08\/logo-48.png","width":132,"height":48,"caption":"Graphimarket"},"image":{"@id":"https:\/\/graphimarket.com\/fr\/#\/schema\/logo\/image\/"}}]}},"_links":{"self":[{"href":"https:\/\/graphimarket.com\/de\/wp-json\/wp\/v2\/product\/17872","targetHints":{"allow":["GET"]}}],"collection":[{"href":"https:\/\/graphimarket.com\/de\/wp-json\/wp\/v2\/product"}],"about":[{"href":"https:\/\/graphimarket.com\/de\/wp-json\/wp\/v2\/types\/product"}],"replies":[{"embeddable":true,"href":"https:\/\/graphimarket.com\/de\/wp-json\/wp\/v2\/comments?post=17872"}],"version-history":[{"count":0,"href":"https:\/\/graphimarket.com\/de\/wp-json\/wp\/v2\/product\/17872\/revisions"}],"wp:featuredmedia":[{"embeddable":true,"href":"https:\/\/graphimarket.com\/de\/wp-json\/wp\/v2\/media\/17878"}],"wp:attachment":[{"href":"https:\/\/graphimarket.com\/de\/wp-json\/wp\/v2\/media?parent=17872"}],"wp:term":[{"taxonomy":"product_brand","embeddable":true,"href":"https:\/\/graphimarket.com\/de\/wp-json\/wp\/v2\/product_brand?post=17872"},{"taxonomy":"product_cat","embeddable":true,"href":"https:\/\/graphimarket.com\/de\/wp-json\/wp\/v2\/product_cat?post=17872"},{"taxonomy":"product_tag","embeddable":true,"href":"https:\/\/graphimarket.com\/de\/wp-json\/wp\/v2\/product_tag?post=17872"}],"curies":[{"name":"wp","href":"https:\/\/api.w.org\/{rel}","templated":true}]}}