{"id":18620,"date":"2022-03-29T15:31:05","date_gmt":"2022-03-29T13:31:05","guid":{"rendered":"https:\/\/graphimarket.com\/?post_type=product&#038;p=18620"},"modified":"2022-12-11T13:03:06","modified_gmt":"2022-12-11T12:03:06","slug":"30-useful-affinity-macros","status":"publish","type":"product","link":"https:\/\/graphimarket.com\/de\/product\/30-useful-affinity-macros\/","title":{"rendered":"30 N\u00dcTZLICHE AFFINIT\u00c4TSMAKROS"},"content":{"rendered":"<div class=\"RFDzdqtF\">\n<p><img fetchpriority=\"high\" decoding=\"async\" class=\"alignnone size-full wp-image-18625\" style=\"font-style: inherit; font-weight: inherit;\" src=\"https:\/\/graphimarket.com\/wp-content\/uploads\/2022\/03\/b85ca27d-1e25-42ff-b60a-b66189801f78.jpg\" alt=\"\" width=\"1370\" height=\"913\" srcset=\"https:\/\/graphimarket.com\/wp-content\/uploads\/2022\/03\/b85ca27d-1e25-42ff-b60a-b66189801f78.jpg 1370w, https:\/\/graphimarket.com\/wp-content\/uploads\/2022\/03\/b85ca27d-1e25-42ff-b60a-b66189801f78-300x200.jpg 300w, https:\/\/graphimarket.com\/wp-content\/uploads\/2022\/03\/b85ca27d-1e25-42ff-b60a-b66189801f78-1024x682.jpg 1024w, https:\/\/graphimarket.com\/wp-content\/uploads\/2022\/03\/b85ca27d-1e25-42ff-b60a-b66189801f78-768x512.jpg 768w, https:\/\/graphimarket.com\/wp-content\/uploads\/2022\/03\/b85ca27d-1e25-42ff-b60a-b66189801f78-18x12.jpg 18w, https:\/\/graphimarket.com\/wp-content\/uploads\/2022\/03\/b85ca27d-1e25-42ff-b60a-b66189801f78-600x400.jpg 600w\" sizes=\"(max-width: 1370px) 100vw, 1370px\" \/><\/p>\n<p>&nbsp;<\/p>\n<p>&nbsp;<\/p>\n<h2>Heben Sie Ihre Fotos mit diesem Megapaket aus 30 Affinity-Makros hervor.<\/h2>\n<p>&nbsp;<\/p>\n<h5>Die Makros in diesem Paket wurden gr\u00fcndlich auf einer Vielzahl von Fotos getestet, um maximale Kompatibilit\u00e4t zu gew\u00e4hrleisten.<\/h5>\n<p>&nbsp;<\/p>\n<p>F\u00fcgen Sie Ihren Fotos in nur wenigen Sekunden faszinierende Effekte hinzu!<\/p>\n<h4><strong>Eigenschaften:<\/strong><\/h4>\n<p>Einfach zu bedienen, klicken Sie einfach auf die Play-Schaltfl\u00e4che Kommt mit einer kommerziellen Lizenz Kann leicht an Ihr Bild angepasst werden.<\/p>\n<p>Jedes benutzerfreundliche Affinity-Makro wurde sorgf\u00e4ltig erstellt, um es mit einer breiten Palette von Bildern kompatibel zu machen.<\/p>\n<p>Suchen Sie mehr? Dieses Bundle wird mit einer erweiterten kommerziellen Lizenz geliefert, sodass Sie dieses Bundle immer wieder f\u00fcr unbegrenzte pers\u00f6nliche und kommerzielle Projekte verwenden k\u00f6nnen!<\/p>\n<\/div>\n<p>&nbsp;<\/p>\n<p>&nbsp;<\/p>\n<div class=\"VxZcnVo8\">\n<div class=\"DgDdhCgU VZB2UNh7\"><img decoding=\"async\" class=\"alignnone size-full wp-image-18621\" src=\"https:\/\/graphimarket.com\/wp-content\/uploads\/2022\/03\/6.jpg\" alt=\"\" width=\"1170\" height=\"780\" srcset=\"https:\/\/graphimarket.com\/wp-content\/uploads\/2022\/03\/6.jpg 1170w, https:\/\/graphimarket.com\/wp-content\/uploads\/2022\/03\/6-300x200.jpg 300w, https:\/\/graphimarket.com\/wp-content\/uploads\/2022\/03\/6-1024x683.jpg 1024w, https:\/\/graphimarket.com\/wp-content\/uploads\/2022\/03\/6-768x512.jpg 768w, https:\/\/graphimarket.com\/wp-content\/uploads\/2022\/03\/6-18x12.jpg 18w, https:\/\/graphimarket.com\/wp-content\/uploads\/2022\/03\/6-600x400.jpg 600w\" sizes=\"(max-width: 1170px) 100vw, 1170px\" \/> <img decoding=\"async\" class=\"alignnone size-full wp-image-18622\" style=\"font-style: inherit; font-weight: inherit;\" src=\"https:\/\/graphimarket.com\/wp-content\/uploads\/2022\/03\/7.jpg\" alt=\"\" width=\"1170\" height=\"780\" srcset=\"https:\/\/graphimarket.com\/wp-content\/uploads\/2022\/03\/7.jpg 1170w, https:\/\/graphimarket.com\/wp-content\/uploads\/2022\/03\/7-300x200.jpg 300w, https:\/\/graphimarket.com\/wp-content\/uploads\/2022\/03\/7-1024x683.jpg 1024w, https:\/\/graphimarket.com\/wp-content\/uploads\/2022\/03\/7-768x512.jpg 768w, https:\/\/graphimarket.com\/wp-content\/uploads\/2022\/03\/7-18x12.jpg 18w, https:\/\/graphimarket.com\/wp-content\/uploads\/2022\/03\/7-600x400.jpg 600w\" sizes=\"(max-width: 1170px) 100vw, 1170px\" \/> <img loading=\"lazy\" decoding=\"async\" class=\"alignnone size-full wp-image-18623\" style=\"font-style: inherit; font-weight: inherit;\" src=\"https:\/\/graphimarket.com\/wp-content\/uploads\/2022\/03\/8.jpg\" alt=\"\" width=\"1170\" height=\"780\" srcset=\"https:\/\/graphimarket.com\/wp-content\/uploads\/2022\/03\/8.jpg 1170w, https:\/\/graphimarket.com\/wp-content\/uploads\/2022\/03\/8-300x200.jpg 300w, https:\/\/graphimarket.com\/wp-content\/uploads\/2022\/03\/8-1024x683.jpg 1024w, https:\/\/graphimarket.com\/wp-content\/uploads\/2022\/03\/8-768x512.jpg 768w, https:\/\/graphimarket.com\/wp-content\/uploads\/2022\/03\/8-18x12.jpg 18w, https:\/\/graphimarket.com\/wp-content\/uploads\/2022\/03\/8-600x400.jpg 600w\" sizes=\"(max-width: 1170px) 100vw, 1170px\" \/> <img loading=\"lazy\" decoding=\"async\" class=\"alignnone size-full wp-image-18624\" style=\"font-style: inherit; font-weight: inherit;\" src=\"https:\/\/graphimarket.com\/wp-content\/uploads\/2022\/03\/9.jpg\" alt=\"\" width=\"1170\" height=\"780\" srcset=\"https:\/\/graphimarket.com\/wp-content\/uploads\/2022\/03\/9.jpg 1170w, https:\/\/graphimarket.com\/wp-content\/uploads\/2022\/03\/9-300x200.jpg 300w, https:\/\/graphimarket.com\/wp-content\/uploads\/2022\/03\/9-1024x683.jpg 1024w, https:\/\/graphimarket.com\/wp-content\/uploads\/2022\/03\/9-768x512.jpg 768w, https:\/\/graphimarket.com\/wp-content\/uploads\/2022\/03\/9-18x12.jpg 18w, https:\/\/graphimarket.com\/wp-content\/uploads\/2022\/03\/9-600x400.jpg 600w\" sizes=\"(max-width: 1170px) 100vw, 1170px\" \/> <img fetchpriority=\"high\" decoding=\"async\" class=\"alignnone size-full wp-image-18625\" style=\"font-style: inherit; font-weight: inherit;\" src=\"https:\/\/graphimarket.com\/wp-content\/uploads\/2022\/03\/b85ca27d-1e25-42ff-b60a-b66189801f78.jpg\" alt=\"\" width=\"1370\" height=\"913\" srcset=\"https:\/\/graphimarket.com\/wp-content\/uploads\/2022\/03\/b85ca27d-1e25-42ff-b60a-b66189801f78.jpg 1370w, https:\/\/graphimarket.com\/wp-content\/uploads\/2022\/03\/b85ca27d-1e25-42ff-b60a-b66189801f78-300x200.jpg 300w, https:\/\/graphimarket.com\/wp-content\/uploads\/2022\/03\/b85ca27d-1e25-42ff-b60a-b66189801f78-1024x682.jpg 1024w, https:\/\/graphimarket.com\/wp-content\/uploads\/2022\/03\/b85ca27d-1e25-42ff-b60a-b66189801f78-768x512.jpg 768w, https:\/\/graphimarket.com\/wp-content\/uploads\/2022\/03\/b85ca27d-1e25-42ff-b60a-b66189801f78-18x12.jpg 18w, https:\/\/graphimarket.com\/wp-content\/uploads\/2022\/03\/b85ca27d-1e25-42ff-b60a-b66189801f78-600x400.jpg 600w\" sizes=\"(max-width: 1370px) 100vw, 1370px\" \/><img loading=\"lazy\" decoding=\"async\" class=\"alignnone size-full wp-image-18626\" style=\"font-style: inherit; font-weight: inherit;\" src=\"https:\/\/graphimarket.com\/wp-content\/uploads\/2022\/03\/2.jpg\" alt=\"\" width=\"1170\" height=\"780\" srcset=\"https:\/\/graphimarket.com\/wp-content\/uploads\/2022\/03\/2.jpg 1170w, https:\/\/graphimarket.com\/wp-content\/uploads\/2022\/03\/2-300x200.jpg 300w, https:\/\/graphimarket.com\/wp-content\/uploads\/2022\/03\/2-1024x683.jpg 1024w, https:\/\/graphimarket.com\/wp-content\/uploads\/2022\/03\/2-768x512.jpg 768w, https:\/\/graphimarket.com\/wp-content\/uploads\/2022\/03\/2-18x12.jpg 18w, https:\/\/graphimarket.com\/wp-content\/uploads\/2022\/03\/2-600x400.jpg 600w\" sizes=\"(max-width: 1170px) 100vw, 1170px\" \/> <img loading=\"lazy\" decoding=\"async\" class=\"alignnone size-full wp-image-18627\" style=\"font-style: inherit; font-weight: inherit;\" src=\"https:\/\/graphimarket.com\/wp-content\/uploads\/2022\/03\/4_1.jpg\" alt=\"\" width=\"1170\" height=\"780\" srcset=\"https:\/\/graphimarket.com\/wp-content\/uploads\/2022\/03\/4_1.jpg 1170w, https:\/\/graphimarket.com\/wp-content\/uploads\/2022\/03\/4_1-300x200.jpg 300w, https:\/\/graphimarket.com\/wp-content\/uploads\/2022\/03\/4_1-1024x683.jpg 1024w, https:\/\/graphimarket.com\/wp-content\/uploads\/2022\/03\/4_1-768x512.jpg 768w, https:\/\/graphimarket.com\/wp-content\/uploads\/2022\/03\/4_1-18x12.jpg 18w, https:\/\/graphimarket.com\/wp-content\/uploads\/2022\/03\/4_1-600x400.jpg 600w\" sizes=\"(max-width: 1170px) 100vw, 1170px\" \/> <img loading=\"lazy\" decoding=\"async\" class=\"alignnone size-full wp-image-18628\" style=\"font-style: inherit; font-weight: inherit;\" src=\"https:\/\/graphimarket.com\/wp-content\/uploads\/2022\/03\/5_1.jpg\" alt=\"\" width=\"1170\" height=\"780\" srcset=\"https:\/\/graphimarket.com\/wp-content\/uploads\/2022\/03\/5_1.jpg 1170w, https:\/\/graphimarket.com\/wp-content\/uploads\/2022\/03\/5_1-300x200.jpg 300w, https:\/\/graphimarket.com\/wp-content\/uploads\/2022\/03\/5_1-1024x683.jpg 1024w, https:\/\/graphimarket.com\/wp-content\/uploads\/2022\/03\/5_1-768x512.jpg 768w, https:\/\/graphimarket.com\/wp-content\/uploads\/2022\/03\/5_1-18x12.jpg 18w, https:\/\/graphimarket.com\/wp-content\/uploads\/2022\/03\/5_1-600x400.jpg 600w\" sizes=\"(max-width: 1170px) 100vw, 1170px\" \/><\/div>\n<\/div>","protected":false},"excerpt":{"rendered":"<p>&nbsp; &nbsp; Make your photos stand out with this mega bundle of 30 Affinity Macros. &nbsp; The Macros in this bundle have been thoroughly tested on a wide range of photos for maximum compatibility. &nbsp; Add mesmerizing effects to your photographs in just a few seconds! Features: Easy to use just click on the play [&hellip;]<\/p>\n","protected":false},"featured_media":18625,"comment_status":"open","ping_status":"closed","template":"","meta":{"site-sidebar-layout":"default","site-content-layout":"default","ast-site-content-layout":"default","site-content-style":"default","site-sidebar-style":"default","ast-global-header-display":"","ast-banner-title-visibility":"","ast-main-header-display":"","ast-hfb-above-header-display":"","ast-hfb-below-header-display":"","ast-hfb-mobile-header-display":"","site-post-title":"","ast-breadcrumbs-content":"","ast-featured-img":"","footer-sml-layout":"","ast-disable-related-posts":"","theme-transparent-header-meta":"default","adv-header-id-meta":"","stick-header-meta":"","header-above-stick-meta":"","header-main-stick-meta":"","header-below-stick-meta":"","astra-migrate-meta-layouts":"default","ast-page-background-enabled":"default","ast-page-background-meta":{"desktop":{"background-color":"","background-image":"","background-repeat":"repeat","background-position":"center center","background-size":"auto","background-attachment":"scroll","background-type":"","background-media":"","overlay-type":"","overlay-color":"","overlay-opacity":"","overlay-gradient":""},"tablet":{"background-color":"","background-image":"","background-repeat":"repeat","background-position":"center center","background-size":"auto","background-attachment":"scroll","background-type":"","background-media":"","overlay-type":"","overlay-color":"","overlay-opacity":"","overlay-gradient":""},"mobile":{"background-color":"","background-image":"","background-repeat":"repeat","background-position":"center center","background-size":"auto","background-attachment":"scroll","background-type":"","background-media":"","overlay-type":"","overlay-color":"","overlay-opacity":"","overlay-gradient":""}},"ast-content-background-meta":{"desktop":{"background-color":"var(--ast-global-color-5)","background-image":"","background-repeat":"repeat","background-position":"center center","background-size":"auto","background-attachment":"scroll","background-type":"","background-media":"","overlay-type":"","overlay-color":"","overlay-opacity":"","overlay-gradient":""},"tablet":{"background-color":"var(--ast-global-color-5)","background-image":"","background-repeat":"repeat","background-position":"center center","background-size":"auto","background-attachment":"scroll","background-type":"","background-media":"","overlay-type":"","overlay-color":"","overlay-opacity":"","overlay-gradient":""},"mobile":{"background-color":"var(--ast-global-color-5)","background-image":"","background-repeat":"repeat","background-position":"center center","background-size":"auto","background-attachment":"scroll","background-type":"","background-media":"","overlay-type":"","overlay-color":"","overlay-opacity":"","overlay-gradient":""}}},"product_brand":[],"product_cat":[196,15,144,195,146],"product_tag":[1930,1999,370,289,2027,2026,320,416,408,372,382,2023,62,321,412,2025,1383,319,2024],"class_list":{"0":"post-18620","1":"product","2":"type-product","3":"status-publish","4":"has-post-thumbnail","6":"product_cat-actions","7":"product_cat-photo","8":"product_cat-photo-editor","9":"product_cat-photoshop","10":"product_cat-photoshop-action","11":"product_tag-1930","12":"product_tag-affinity","13":"product_tag-blogger","14":"product_tag-cinematic","15":"product_tag-clarity","16":"product_tag-contrast","17":"product_tag-film","18":"product_tag-filters","19":"product_tag-hdr","20":"product_tag-instagram","21":"product_tag-lifestyle","22":"product_tag-macros","23":"product_tag-photoshop","24":"product_tag-portrait","25":"product_tag-preset","26":"product_tag-presetaffinityvintageinstagramcinematicportraitlifestylefilmbloggercontrastsharpretouchfiltershdrclarity","27":"product_tag-retouch","28":"product_tag-sharp","29":"product_tag-useful","30":"desktop-align-left","31":"tablet-align-left","32":"mobile-align-left","34":"first","35":"instock","36":"sale","37":"downloadable","38":"virtual","39":"taxable","40":"purchasable","41":"product-type-simple"},"yoast_head":"<!-- This site is optimized with the Yoast SEO plugin v27.3 - https:\/\/yoast.com\/product\/yoast-seo-wordpress\/ -->\n<title>30 USEFUL AFFINITY MACROS - Graphimarket<\/title>\n<meta name=\"description\" content=\"The Macros in this bundle have been thoroughly tested on a wide range of photos for maximum compatibility.\" \/>\n<meta name=\"robots\" content=\"index, follow, max-snippet:-1, max-image-preview:large, max-video-preview:-1\" \/>\n<link rel=\"canonical\" href=\"https:\/\/graphimarket.com\/de\/product\/30-useful-affinity-macros\/\" \/>\n<meta property=\"og:locale\" content=\"de_DE\" \/>\n<meta property=\"og:type\" content=\"article\" \/>\n<meta property=\"og:title\" content=\"30 USEFUL AFFINITY MACROS - Graphimarket\" \/>\n<meta property=\"og:description\" content=\"The Macros in this bundle have been thoroughly tested on a wide range of photos for maximum compatibility.\" \/>\n<meta property=\"og:url\" content=\"https:\/\/graphimarket.com\/de\/product\/30-useful-affinity-macros\/\" \/>\n<meta property=\"og:site_name\" content=\"Graphimarket\" \/>\n<meta property=\"article:modified_time\" content=\"2022-12-11T12:03:06+00:00\" \/>\n<meta property=\"og:image\" content=\"https:\/\/graphimarket.com\/wp-content\/uploads\/2022\/03\/b85ca27d-1e25-42ff-b60a-b66189801f78.jpg\" \/>\n\t<meta property=\"og:image:width\" content=\"1370\" \/>\n\t<meta property=\"og:image:height\" content=\"913\" \/>\n\t<meta property=\"og:image:type\" content=\"image\/jpeg\" \/>\n<meta name=\"twitter:card\" content=\"summary_large_image\" \/>\n<meta name=\"twitter:label1\" content=\"Est. reading time\" \/>\n\t<meta name=\"twitter:data1\" content=\"1 minute\" \/>\n<script type=\"application\/ld+json\" class=\"yoast-schema-graph\">{\"@context\":\"https:\\\/\\\/schema.org\",\"@graph\":[{\"@type\":\"WebPage\",\"@id\":\"https:\\\/\\\/graphimarket.com\\\/product\\\/30-useful-affinity-macros\\\/\",\"url\":\"https:\\\/\\\/graphimarket.com\\\/product\\\/30-useful-affinity-macros\\\/\",\"name\":\"30 USEFUL AFFINITY MACROS - Graphimarket\",\"isPartOf\":{\"@id\":\"https:\\\/\\\/graphimarket.com\\\/fr\\\/#website\"},\"primaryImageOfPage\":{\"@id\":\"https:\\\/\\\/graphimarket.com\\\/product\\\/30-useful-affinity-macros\\\/#primaryimage\"},\"image\":{\"@id\":\"https:\\\/\\\/graphimarket.com\\\/product\\\/30-useful-affinity-macros\\\/#primaryimage\"},\"thumbnailUrl\":\"https:\\\/\\\/graphimarket.com\\\/wp-content\\\/uploads\\\/2022\\\/03\\\/b85ca27d-1e25-42ff-b60a-b66189801f78.jpg\",\"datePublished\":\"2022-03-29T13:31:05+00:00\",\"dateModified\":\"2022-12-11T12:03:06+00:00\",\"description\":\"The Macros in this bundle have been thoroughly tested on a wide range of photos for maximum compatibility.\",\"breadcrumb\":{\"@id\":\"https:\\\/\\\/graphimarket.com\\\/product\\\/30-useful-affinity-macros\\\/#breadcrumb\"},\"inLanguage\":\"de-DE\",\"potentialAction\":[{\"@type\":\"ReadAction\",\"target\":[\"https:\\\/\\\/graphimarket.com\\\/product\\\/30-useful-affinity-macros\\\/\"]}]},{\"@type\":\"ImageObject\",\"inLanguage\":\"de-DE\",\"@id\":\"https:\\\/\\\/graphimarket.com\\\/product\\\/30-useful-affinity-macros\\\/#primaryimage\",\"url\":\"https:\\\/\\\/graphimarket.com\\\/wp-content\\\/uploads\\\/2022\\\/03\\\/b85ca27d-1e25-42ff-b60a-b66189801f78.jpg\",\"contentUrl\":\"https:\\\/\\\/graphimarket.com\\\/wp-content\\\/uploads\\\/2022\\\/03\\\/b85ca27d-1e25-42ff-b60a-b66189801f78.jpg\",\"width\":1370,\"height\":913},{\"@type\":\"BreadcrumbList\",\"@id\":\"https:\\\/\\\/graphimarket.com\\\/product\\\/30-useful-affinity-macros\\\/#breadcrumb\",\"itemListElement\":[{\"@type\":\"ListItem\",\"position\":1,\"name\":\"Home\",\"item\":\"https:\\\/\\\/graphimarket.com\\\/es\\\/\"},{\"@type\":\"ListItem\",\"position\":2,\"name\":\"Store\",\"item\":\"https:\\\/\\\/graphimarket.com\\\/store\\\/\"},{\"@type\":\"ListItem\",\"position\":3,\"name\":\"30 USEFUL AFFINITY MACROS\"}]},{\"@type\":\"WebSite\",\"@id\":\"https:\\\/\\\/graphimarket.com\\\/fr\\\/#website\",\"url\":\"https:\\\/\\\/graphimarket.com\\\/fr\\\/\",\"name\":\"Graphimarket\",\"description\":\"Find the perfect creative asset to bring your project to life\",\"publisher\":{\"@id\":\"https:\\\/\\\/graphimarket.com\\\/fr\\\/#organization\"},\"potentialAction\":[{\"@type\":\"SearchAction\",\"target\":{\"@type\":\"EntryPoint\",\"urlTemplate\":\"https:\\\/\\\/graphimarket.com\\\/fr\\\/?s={search_term_string}\"},\"query-input\":{\"@type\":\"PropertyValueSpecification\",\"valueRequired\":true,\"valueName\":\"search_term_string\"}}],\"inLanguage\":\"de-DE\"},{\"@type\":\"Organization\",\"@id\":\"https:\\\/\\\/graphimarket.com\\\/fr\\\/#organization\",\"name\":\"Graphimarket\",\"url\":\"https:\\\/\\\/graphimarket.com\\\/fr\\\/\",\"logo\":{\"@type\":\"ImageObject\",\"inLanguage\":\"de-DE\",\"@id\":\"https:\\\/\\\/graphimarket.com\\\/fr\\\/#\\\/schema\\\/logo\\\/image\\\/\",\"url\":\"https:\\\/\\\/graphimarket.com\\\/wp-content\\\/uploads\\\/2020\\\/08\\\/logo-48.png\",\"contentUrl\":\"https:\\\/\\\/graphimarket.com\\\/wp-content\\\/uploads\\\/2020\\\/08\\\/logo-48.png\",\"width\":132,\"height\":48,\"caption\":\"Graphimarket\"},\"image\":{\"@id\":\"https:\\\/\\\/graphimarket.com\\\/fr\\\/#\\\/schema\\\/logo\\\/image\\\/\"}}]}<\/script>\n<!-- \/ Yoast SEO plugin. -->","yoast_head_json":{"title":"30 N\u00dcTZLICHE AFFINIT\u00c4TSMAKROS - Graphimarket","description":"Die Makros in diesem Paket wurden gr\u00fcndlich auf einer Vielzahl von Fotos getestet, um maximale Kompatibilit\u00e4t zu gew\u00e4hrleisten.","robots":{"index":"index","follow":"follow","max-snippet":"max-snippet:-1","max-image-preview":"max-image-preview:large","max-video-preview":"max-video-preview:-1"},"canonical":"https:\/\/graphimarket.com\/de\/product\/30-useful-affinity-macros\/","og_locale":"de_DE","og_type":"article","og_title":"30 USEFUL AFFINITY MACROS - Graphimarket","og_description":"The Macros in this bundle have been thoroughly tested on a wide range of photos for maximum compatibility.","og_url":"https:\/\/graphimarket.com\/de\/product\/30-useful-affinity-macros\/","og_site_name":"Graphimarket","article_modified_time":"2022-12-11T12:03:06+00:00","og_image":[{"width":1370,"height":913,"url":"https:\/\/graphimarket.com\/wp-content\/uploads\/2022\/03\/b85ca27d-1e25-42ff-b60a-b66189801f78.jpg","type":"image\/jpeg"}],"twitter_card":"summary_large_image","twitter_misc":{"Est. reading time":"1 minute"},"schema":{"@context":"https:\/\/schema.org","@graph":[{"@type":"WebPage","@id":"https:\/\/graphimarket.com\/product\/30-useful-affinity-macros\/","url":"https:\/\/graphimarket.com\/product\/30-useful-affinity-macros\/","name":"30 N\u00dcTZLICHE AFFINIT\u00c4TSMAKROS - Graphimarket","isPartOf":{"@id":"https:\/\/graphimarket.com\/fr\/#website"},"primaryImageOfPage":{"@id":"https:\/\/graphimarket.com\/product\/30-useful-affinity-macros\/#primaryimage"},"image":{"@id":"https:\/\/graphimarket.com\/product\/30-useful-affinity-macros\/#primaryimage"},"thumbnailUrl":"https:\/\/graphimarket.com\/wp-content\/uploads\/2022\/03\/b85ca27d-1e25-42ff-b60a-b66189801f78.jpg","datePublished":"2022-03-29T13:31:05+00:00","dateModified":"2022-12-11T12:03:06+00:00","description":"Die Makros in diesem Paket wurden gr\u00fcndlich auf einer Vielzahl von Fotos getestet, um maximale Kompatibilit\u00e4t zu gew\u00e4hrleisten.","breadcrumb":{"@id":"https:\/\/graphimarket.com\/product\/30-useful-affinity-macros\/#breadcrumb"},"inLanguage":"de-DE","potentialAction":[{"@type":"ReadAction","target":["https:\/\/graphimarket.com\/product\/30-useful-affinity-macros\/"]}]},{"@type":"ImageObject","inLanguage":"de-DE","@id":"https:\/\/graphimarket.com\/product\/30-useful-affinity-macros\/#primaryimage","url":"https:\/\/graphimarket.com\/wp-content\/uploads\/2022\/03\/b85ca27d-1e25-42ff-b60a-b66189801f78.jpg","contentUrl":"https:\/\/graphimarket.com\/wp-content\/uploads\/2022\/03\/b85ca27d-1e25-42ff-b60a-b66189801f78.jpg","width":1370,"height":913},{"@type":"BreadcrumbList","@id":"https:\/\/graphimarket.com\/product\/30-useful-affinity-macros\/#breadcrumb","itemListElement":[{"@type":"ListItem","position":1,"name":"Home","item":"https:\/\/graphimarket.com\/es\/"},{"@type":"ListItem","position":2,"name":"Store","item":"https:\/\/graphimarket.com\/store\/"},{"@type":"ListItem","position":3,"name":"30 USEFUL AFFINITY MACROS"}]},{"@type":"WebSite","@id":"https:\/\/graphimarket.com\/fr\/#website","url":"https:\/\/graphimarket.com\/fr\/","name":"Graphimarket","description":"Finden Sie das perfekte kreative Kapital, um Ihr Projekt zum Leben zu erwecken","publisher":{"@id":"https:\/\/graphimarket.com\/fr\/#organization"},"potentialAction":[{"@type":"SearchAction","target":{"@type":"EntryPoint","urlTemplate":"https:\/\/graphimarket.com\/fr\/?s={search_term_string}"},"query-input":{"@type":"PropertyValueSpecification","valueRequired":true,"valueName":"search_term_string"}}],"inLanguage":"de-DE"},{"@type":"Organization","@id":"https:\/\/graphimarket.com\/fr\/#organization","name":"Graphimarket","url":"https:\/\/graphimarket.com\/fr\/","logo":{"@type":"ImageObject","inLanguage":"de-DE","@id":"https:\/\/graphimarket.com\/fr\/#\/schema\/logo\/image\/","url":"https:\/\/graphimarket.com\/wp-content\/uploads\/2020\/08\/logo-48.png","contentUrl":"https:\/\/graphimarket.com\/wp-content\/uploads\/2020\/08\/logo-48.png","width":132,"height":48,"caption":"Graphimarket"},"image":{"@id":"https:\/\/graphimarket.com\/fr\/#\/schema\/logo\/image\/"}}]}},"_links":{"self":[{"href":"https:\/\/graphimarket.com\/de\/wp-json\/wp\/v2\/product\/18620","targetHints":{"allow":["GET"]}}],"collection":[{"href":"https:\/\/graphimarket.com\/de\/wp-json\/wp\/v2\/product"}],"about":[{"href":"https:\/\/graphimarket.com\/de\/wp-json\/wp\/v2\/types\/product"}],"replies":[{"embeddable":true,"href":"https:\/\/graphimarket.com\/de\/wp-json\/wp\/v2\/comments?post=18620"}],"version-history":[{"count":0,"href":"https:\/\/graphimarket.com\/de\/wp-json\/wp\/v2\/product\/18620\/revisions"}],"wp:featuredmedia":[{"embeddable":true,"href":"https:\/\/graphimarket.com\/de\/wp-json\/wp\/v2\/media\/18625"}],"wp:attachment":[{"href":"https:\/\/graphimarket.com\/de\/wp-json\/wp\/v2\/media?parent=18620"}],"wp:term":[{"taxonomy":"product_brand","embeddable":true,"href":"https:\/\/graphimarket.com\/de\/wp-json\/wp\/v2\/product_brand?post=18620"},{"taxonomy":"product_cat","embeddable":true,"href":"https:\/\/graphimarket.com\/de\/wp-json\/wp\/v2\/product_cat?post=18620"},{"taxonomy":"product_tag","embeddable":true,"href":"https:\/\/graphimarket.com\/de\/wp-json\/wp\/v2\/product_tag?post=18620"}],"curies":[{"name":"wp","href":"https:\/\/api.w.org\/{rel}","templated":true}]}}