{"id":7632,"date":"2020-09-07T10:32:17","date_gmt":"2020-09-07T08:32:17","guid":{"rendered":"https:\/\/graphimarket.com\/?post_type=product&#038;p=7632"},"modified":"2026-04-08T23:13:05","modified_gmt":"2026-04-08T21:13:05","slug":"get-22-vectors-9-illustrations-3-high-res-textures-worth-54-for-free","status":"publish","type":"product","link":"https:\/\/graphimarket.com\/de\/product\/get-22-vectors-9-illustrations-3-high-res-textures-worth-54-for-free\/","title":{"rendered":"Holen Sie sich 22 Vektoren, 9 Abbildungen und 3 hochaufl\u00f6sende Texturen im Wert von $54 kostenlos"},"content":{"rendered":"<p>Holen Sie sich 22 Vektoren, 9 Abbildungen und 3 hochaufl\u00f6sende Texturen im Wert von $54 kostenlos<\/p>\n<p>Ich bin mir sicher, dass Sie inzwischen bemerkt haben, dass wir Ihnen gerne kostenlose Inhalte anbieten, die \u00e4u\u00dferst vielseitig sind<\/p>\n<p>Es ist ein tolles Gef\u00fchl, wenn wir sehen\u00a0<strong>Tausende von Menschen laden jeden Tag unsere Werbegeschenke herunter,<\/strong>\u00a0und vor allem zu sehen, wie diese Werbegeschenke Teil verschiedener Designprojekte werden.<\/p>\n<p>In diesem Werbegeschenk finden Sie 22 verschiedene Vektoren, 9 Vektorillustrationen und 3 hochaufl\u00f6sende Texturen, die eine gro\u00dfartige Erg\u00e4nzung Ihrer Bibliothek darstellen.<\/p>\n<p>Und das sind nicht die einzigen guten Nachrichten.<\/p>\n<p>Dieses Werbegeschenk kommt auch mit\u00a0<strong>eine erweiterte Lizenzgeb\u00fchr<\/strong>Dies bedeutet, dass Sie diese Goodies in einer unbegrenzten Anzahl pers\u00f6nlicher und kommerzieller Projekte und sogar in Waren verwenden k\u00f6nnen, die f\u00fcr den Massenvertrieb bestimmt sind (T-Shirts, Hoodies, Tassen, Buchumschl\u00e4ge usw.).<\/p>\n<p>Schauen Sie sich an, was Sie bekommen.<\/p>\n<p>&nbsp;<\/p>\n<p><img fetchpriority=\"high\" decoding=\"async\" class=\"aligncenter wp-image-7634 size-full\" src=\"https:\/\/graphimarket.com\/wp-content\/uploads\/2020\/09\/big-freesample2-preview-scaled.jpg\" alt=\"\" width=\"350\" height=\"2560\" srcset=\"https:\/\/graphimarket.com\/wp-content\/uploads\/2020\/09\/big-freesample2-preview-scaled.jpg 350w, https:\/\/graphimarket.com\/wp-content\/uploads\/2020\/09\/big-freesample2-preview-41x300.jpg 41w, https:\/\/graphimarket.com\/wp-content\/uploads\/2020\/09\/big-freesample2-preview-140x1024.jpg 140w, https:\/\/graphimarket.com\/wp-content\/uploads\/2020\/09\/big-freesample2-preview-210x1536.jpg 210w, https:\/\/graphimarket.com\/wp-content\/uploads\/2020\/09\/big-freesample2-preview-280x2048.jpg 280w\" sizes=\"(max-width: 350px) 100vw, 350px\" \/><\/p>\n<p>&nbsp;<\/p>\n<p>&nbsp;<\/p>\n<p>&nbsp;<\/p>\n<p>&nbsp;<\/p>\n<p>&nbsp;<\/p>","protected":false},"excerpt":{"rendered":"<p>Get 22 Vectors, 9 Illustrations &amp; 3 High-Res Textures worth $54 for Free I\u2019m sure that by now you noticed that we like to give you free stuff that is extremely versatile It\u2019s a great feeling when we see\u00a0thousands of people downloading our\u00a0freebies\u00a0every day,\u00a0and especially seeing those\u00a0freebies\u00a0become part of various design projects. In this\u00a0freebie\u00a0you will [&hellip;]<\/p>\n","protected":false},"featured_media":7633,"comment_status":"open","ping_status":"closed","template":"","meta":{"site-sidebar-layout":"default","site-content-layout":"default","ast-site-content-layout":"default","site-content-style":"default","site-sidebar-style":"default","ast-global-header-display":"","ast-banner-title-visibility":"","ast-main-header-display":"","ast-hfb-above-header-display":"","ast-hfb-below-header-display":"","ast-hfb-mobile-header-display":"","site-post-title":"","ast-breadcrumbs-content":"","ast-featured-img":"","footer-sml-layout":"","ast-disable-related-posts":"","theme-transparent-header-meta":"default","adv-header-id-meta":"","stick-header-meta":"","header-above-stick-meta":"","header-main-stick-meta":"","header-below-stick-meta":"","astra-migrate-meta-layouts":"default","ast-page-background-enabled":"default","ast-page-background-meta":{"desktop":{"background-color":"","background-image":"","background-repeat":"repeat","background-position":"center center","background-size":"auto","background-attachment":"scroll","background-type":"","background-media":"","overlay-type":"","overlay-color":"","overlay-opacity":"","overlay-gradient":""},"tablet":{"background-color":"","background-image":"","background-repeat":"repeat","background-position":"center center","background-size":"auto","background-attachment":"scroll","background-type":"","background-media":"","overlay-type":"","overlay-color":"","overlay-opacity":"","overlay-gradient":""},"mobile":{"background-color":"","background-image":"","background-repeat":"repeat","background-position":"center center","background-size":"auto","background-attachment":"scroll","background-type":"","background-media":"","overlay-type":"","overlay-color":"","overlay-opacity":"","overlay-gradient":""}},"ast-content-background-meta":{"desktop":{"background-color":"var(--ast-global-color-5)","background-image":"","background-repeat":"repeat","background-position":"center center","background-size":"auto","background-attachment":"scroll","background-type":"","background-media":"","overlay-type":"","overlay-color":"","overlay-opacity":"","overlay-gradient":""},"tablet":{"background-color":"var(--ast-global-color-5)","background-image":"","background-repeat":"repeat","background-position":"center center","background-size":"auto","background-attachment":"scroll","background-type":"","background-media":"","overlay-type":"","overlay-color":"","overlay-opacity":"","overlay-gradient":""},"mobile":{"background-color":"var(--ast-global-color-5)","background-image":"","background-repeat":"repeat","background-position":"center center","background-size":"auto","background-attachment":"scroll","background-type":"","background-media":"","overlay-type":"","overlay-color":"","overlay-opacity":"","overlay-gradient":""}}},"product_brand":[],"product_cat":[191,46,122,15,195,170,176],"product_tag":[],"class_list":{"0":"post-7632","1":"product","2":"type-product","3":"status-publish","4":"has-post-thumbnail","6":"product_cat-free","7":"product_cat-graphics","8":"product_cat-illustrations","9":"product_cat-photo","10":"product_cat-photoshop","11":"product_cat-textures","12":"product_cat-vectors","13":"desktop-align-left","14":"tablet-align-left","15":"mobile-align-left","17":"first","18":"instock","19":"sale","20":"downloadable","21":"virtual","22":"taxable","23":"purchasable","24":"product-type-simple"},"yoast_head":"<!-- This site is optimized with the Yoast SEO plugin v27.3 - https:\/\/yoast.com\/product\/yoast-seo-wordpress\/ -->\n<title>Get 22 Vectors, 9 Illustrations &amp; 3 High-Res Textures worth $54 for Free - Graphimarket<\/title>\n<meta name=\"description\" content=\"Get 22 Vectors, 9 Illustrations &amp; 3 High-Res Textures worth $54 for FreeI\u2019m sure that by now you noticed that we like to give...\" \/>\n<meta name=\"robots\" content=\"index, follow, max-snippet:-1, max-image-preview:large, max-video-preview:-1\" \/>\n<link rel=\"canonical\" href=\"https:\/\/graphimarket.com\/de\/product\/get-22-vectors-9-illustrations-3-high-res-textures-worth-54-for-free\/\" \/>\n<meta property=\"og:locale\" content=\"de_DE\" \/>\n<meta property=\"og:type\" content=\"article\" \/>\n<meta property=\"og:title\" content=\"Get 22 Vectors, 9 Illustrations &amp; 3 High-Res Textures worth $54 for Free - Graphimarket\" \/>\n<meta property=\"og:description\" content=\"Get 22 Vectors, 9 Illustrations &amp; 3 High-Res Textures worth $54 for FreeI\u2019m sure that by now you noticed that we like to give...\" \/>\n<meta property=\"og:url\" content=\"https:\/\/graphimarket.com\/de\/product\/get-22-vectors-9-illustrations-3-high-res-textures-worth-54-for-free\/\" \/>\n<meta property=\"og:site_name\" content=\"Graphimarket\" \/>\n<meta property=\"article:modified_time\" content=\"2026-04-08T21:13:05+00:00\" \/>\n<meta property=\"og:image\" content=\"https:\/\/graphimarket.com\/wp-content\/uploads\/2020\/09\/preview6.jpg\" \/>\n\t<meta property=\"og:image:width\" content=\"520\" \/>\n\t<meta property=\"og:image:height\" content=\"360\" \/>\n\t<meta property=\"og:image:type\" content=\"image\/jpeg\" \/>\n<meta name=\"twitter:card\" content=\"summary_large_image\" \/>\n<meta name=\"twitter:label1\" content=\"Est. reading time\" \/>\n\t<meta name=\"twitter:data1\" content=\"1 minute\" \/>\n<script type=\"application\/ld+json\" class=\"yoast-schema-graph\">{\"@context\":\"https:\\\/\\\/schema.org\",\"@graph\":[{\"@type\":\"WebPage\",\"@id\":\"https:\\\/\\\/graphimarket.com\\\/product\\\/get-22-vectors-9-illustrations-3-high-res-textures-worth-54-for-free\\\/\",\"url\":\"https:\\\/\\\/graphimarket.com\\\/product\\\/get-22-vectors-9-illustrations-3-high-res-textures-worth-54-for-free\\\/\",\"name\":\"Get 22 Vectors, 9 Illustrations & 3 High-Res Textures worth $54 for Free - Graphimarket\",\"isPartOf\":{\"@id\":\"https:\\\/\\\/graphimarket.com\\\/fr\\\/#website\"},\"primaryImageOfPage\":{\"@id\":\"https:\\\/\\\/graphimarket.com\\\/product\\\/get-22-vectors-9-illustrations-3-high-res-textures-worth-54-for-free\\\/#primaryimage\"},\"image\":{\"@id\":\"https:\\\/\\\/graphimarket.com\\\/product\\\/get-22-vectors-9-illustrations-3-high-res-textures-worth-54-for-free\\\/#primaryimage\"},\"thumbnailUrl\":\"https:\\\/\\\/graphimarket.com\\\/wp-content\\\/uploads\\\/2020\\\/09\\\/preview6.jpg\",\"datePublished\":\"2020-09-07T08:32:17+00:00\",\"dateModified\":\"2026-04-08T21:13:05+00:00\",\"description\":\"Get 22 Vectors, 9 Illustrations & 3 High-Res Textures worth $54 for FreeI\u2019m sure that by now you noticed that we like to give...\",\"breadcrumb\":{\"@id\":\"https:\\\/\\\/graphimarket.com\\\/product\\\/get-22-vectors-9-illustrations-3-high-res-textures-worth-54-for-free\\\/#breadcrumb\"},\"inLanguage\":\"de-DE\",\"potentialAction\":[{\"@type\":\"ReadAction\",\"target\":[\"https:\\\/\\\/graphimarket.com\\\/product\\\/get-22-vectors-9-illustrations-3-high-res-textures-worth-54-for-free\\\/\"]}]},{\"@type\":\"ImageObject\",\"inLanguage\":\"de-DE\",\"@id\":\"https:\\\/\\\/graphimarket.com\\\/product\\\/get-22-vectors-9-illustrations-3-high-res-textures-worth-54-for-free\\\/#primaryimage\",\"url\":\"https:\\\/\\\/graphimarket.com\\\/wp-content\\\/uploads\\\/2020\\\/09\\\/preview6.jpg\",\"contentUrl\":\"https:\\\/\\\/graphimarket.com\\\/wp-content\\\/uploads\\\/2020\\\/09\\\/preview6.jpg\",\"width\":520,\"height\":360},{\"@type\":\"BreadcrumbList\",\"@id\":\"https:\\\/\\\/graphimarket.com\\\/product\\\/get-22-vectors-9-illustrations-3-high-res-textures-worth-54-for-free\\\/#breadcrumb\",\"itemListElement\":[{\"@type\":\"ListItem\",\"position\":1,\"name\":\"Home\",\"item\":\"https:\\\/\\\/graphimarket.com\\\/es\\\/\"},{\"@type\":\"ListItem\",\"position\":2,\"name\":\"Store\",\"item\":\"https:\\\/\\\/graphimarket.com\\\/store\\\/\"},{\"@type\":\"ListItem\",\"position\":3,\"name\":\"Get 22 Vectors, 9 Illustrations &#038; 3 High-Res Textures worth $54 for Free\"}]},{\"@type\":\"WebSite\",\"@id\":\"https:\\\/\\\/graphimarket.com\\\/fr\\\/#website\",\"url\":\"https:\\\/\\\/graphimarket.com\\\/fr\\\/\",\"name\":\"Graphimarket\",\"description\":\"Find the perfect creative asset to bring your project to life\",\"publisher\":{\"@id\":\"https:\\\/\\\/graphimarket.com\\\/fr\\\/#organization\"},\"potentialAction\":[{\"@type\":\"SearchAction\",\"target\":{\"@type\":\"EntryPoint\",\"urlTemplate\":\"https:\\\/\\\/graphimarket.com\\\/fr\\\/?s={search_term_string}\"},\"query-input\":{\"@type\":\"PropertyValueSpecification\",\"valueRequired\":true,\"valueName\":\"search_term_string\"}}],\"inLanguage\":\"de-DE\"},{\"@type\":\"Organization\",\"@id\":\"https:\\\/\\\/graphimarket.com\\\/fr\\\/#organization\",\"name\":\"Graphimarket\",\"url\":\"https:\\\/\\\/graphimarket.com\\\/fr\\\/\",\"logo\":{\"@type\":\"ImageObject\",\"inLanguage\":\"de-DE\",\"@id\":\"https:\\\/\\\/graphimarket.com\\\/fr\\\/#\\\/schema\\\/logo\\\/image\\\/\",\"url\":\"https:\\\/\\\/graphimarket.com\\\/wp-content\\\/uploads\\\/2020\\\/08\\\/logo-48.png\",\"contentUrl\":\"https:\\\/\\\/graphimarket.com\\\/wp-content\\\/uploads\\\/2020\\\/08\\\/logo-48.png\",\"width\":132,\"height\":48,\"caption\":\"Graphimarket\"},\"image\":{\"@id\":\"https:\\\/\\\/graphimarket.com\\\/fr\\\/#\\\/schema\\\/logo\\\/image\\\/\"}}]}<\/script>\n<!-- \/ Yoast SEO plugin. -->","yoast_head_json":{"title":"Holen Sie sich 22 Vektoren, 9 Abbildungen und 3 hochaufl\u00f6sende Texturen im Wert von $54 kostenlos - Graphimarket","description":"Holen Sie sich 22 Vektoren, 9 Illustrationen und 3 hochaufl\u00f6sende Texturen im Wert von $54 kostenlos. Ich bin mir sicher, dass Sie inzwischen bemerkt haben, dass wir gerne ...","robots":{"index":"index","follow":"follow","max-snippet":"max-snippet:-1","max-image-preview":"max-image-preview:large","max-video-preview":"max-video-preview:-1"},"canonical":"https:\/\/graphimarket.com\/de\/product\/get-22-vectors-9-illustrations-3-high-res-textures-worth-54-for-free\/","og_locale":"de_DE","og_type":"article","og_title":"Get 22 Vectors, 9 Illustrations & 3 High-Res Textures worth $54 for Free - Graphimarket","og_description":"Get 22 Vectors, 9 Illustrations & 3 High-Res Textures worth $54 for FreeI\u2019m sure that by now you noticed that we like to give...","og_url":"https:\/\/graphimarket.com\/de\/product\/get-22-vectors-9-illustrations-3-high-res-textures-worth-54-for-free\/","og_site_name":"Graphimarket","article_modified_time":"2026-04-08T21:13:05+00:00","og_image":[{"width":520,"height":360,"url":"https:\/\/graphimarket.com\/wp-content\/uploads\/2020\/09\/preview6.jpg","type":"image\/jpeg"}],"twitter_card":"summary_large_image","twitter_misc":{"Est. reading time":"1 minute"},"schema":{"@context":"https:\/\/schema.org","@graph":[{"@type":"WebPage","@id":"https:\/\/graphimarket.com\/product\/get-22-vectors-9-illustrations-3-high-res-textures-worth-54-for-free\/","url":"https:\/\/graphimarket.com\/product\/get-22-vectors-9-illustrations-3-high-res-textures-worth-54-for-free\/","name":"Holen Sie sich 22 Vektoren, 9 Abbildungen und 3 hochaufl\u00f6sende Texturen im Wert von $54 kostenlos - Graphimarket","isPartOf":{"@id":"https:\/\/graphimarket.com\/fr\/#website"},"primaryImageOfPage":{"@id":"https:\/\/graphimarket.com\/product\/get-22-vectors-9-illustrations-3-high-res-textures-worth-54-for-free\/#primaryimage"},"image":{"@id":"https:\/\/graphimarket.com\/product\/get-22-vectors-9-illustrations-3-high-res-textures-worth-54-for-free\/#primaryimage"},"thumbnailUrl":"https:\/\/graphimarket.com\/wp-content\/uploads\/2020\/09\/preview6.jpg","datePublished":"2020-09-07T08:32:17+00:00","dateModified":"2026-04-08T21:13:05+00:00","description":"Holen Sie sich 22 Vektoren, 9 Illustrationen und 3 hochaufl\u00f6sende Texturen im Wert von $54 kostenlos. Ich bin mir sicher, dass Sie inzwischen bemerkt haben, dass wir gerne ...","breadcrumb":{"@id":"https:\/\/graphimarket.com\/product\/get-22-vectors-9-illustrations-3-high-res-textures-worth-54-for-free\/#breadcrumb"},"inLanguage":"de-DE","potentialAction":[{"@type":"ReadAction","target":["https:\/\/graphimarket.com\/product\/get-22-vectors-9-illustrations-3-high-res-textures-worth-54-for-free\/"]}]},{"@type":"ImageObject","inLanguage":"de-DE","@id":"https:\/\/graphimarket.com\/product\/get-22-vectors-9-illustrations-3-high-res-textures-worth-54-for-free\/#primaryimage","url":"https:\/\/graphimarket.com\/wp-content\/uploads\/2020\/09\/preview6.jpg","contentUrl":"https:\/\/graphimarket.com\/wp-content\/uploads\/2020\/09\/preview6.jpg","width":520,"height":360},{"@type":"BreadcrumbList","@id":"https:\/\/graphimarket.com\/product\/get-22-vectors-9-illustrations-3-high-res-textures-worth-54-for-free\/#breadcrumb","itemListElement":[{"@type":"ListItem","position":1,"name":"Home","item":"https:\/\/graphimarket.com\/es\/"},{"@type":"ListItem","position":2,"name":"Store","item":"https:\/\/graphimarket.com\/store\/"},{"@type":"ListItem","position":3,"name":"Get 22 Vectors, 9 Illustrations &#038; 3 High-Res Textures worth $54 for Free"}]},{"@type":"WebSite","@id":"https:\/\/graphimarket.com\/fr\/#website","url":"https:\/\/graphimarket.com\/fr\/","name":"Graphimarket","description":"Finden Sie das perfekte kreative Kapital, um Ihr Projekt zum Leben zu erwecken","publisher":{"@id":"https:\/\/graphimarket.com\/fr\/#organization"},"potentialAction":[{"@type":"SearchAction","target":{"@type":"EntryPoint","urlTemplate":"https:\/\/graphimarket.com\/fr\/?s={search_term_string}"},"query-input":{"@type":"PropertyValueSpecification","valueRequired":true,"valueName":"search_term_string"}}],"inLanguage":"de-DE"},{"@type":"Organization","@id":"https:\/\/graphimarket.com\/fr\/#organization","name":"Graphimarket","url":"https:\/\/graphimarket.com\/fr\/","logo":{"@type":"ImageObject","inLanguage":"de-DE","@id":"https:\/\/graphimarket.com\/fr\/#\/schema\/logo\/image\/","url":"https:\/\/graphimarket.com\/wp-content\/uploads\/2020\/08\/logo-48.png","contentUrl":"https:\/\/graphimarket.com\/wp-content\/uploads\/2020\/08\/logo-48.png","width":132,"height":48,"caption":"Graphimarket"},"image":{"@id":"https:\/\/graphimarket.com\/fr\/#\/schema\/logo\/image\/"}}]}},"_links":{"self":[{"href":"https:\/\/graphimarket.com\/de\/wp-json\/wp\/v2\/product\/7632","targetHints":{"allow":["GET"]}}],"collection":[{"href":"https:\/\/graphimarket.com\/de\/wp-json\/wp\/v2\/product"}],"about":[{"href":"https:\/\/graphimarket.com\/de\/wp-json\/wp\/v2\/types\/product"}],"replies":[{"embeddable":true,"href":"https:\/\/graphimarket.com\/de\/wp-json\/wp\/v2\/comments?post=7632"}],"version-history":[{"count":0,"href":"https:\/\/graphimarket.com\/de\/wp-json\/wp\/v2\/product\/7632\/revisions"}],"wp:featuredmedia":[{"embeddable":true,"href":"https:\/\/graphimarket.com\/de\/wp-json\/wp\/v2\/media\/7633"}],"wp:attachment":[{"href":"https:\/\/graphimarket.com\/de\/wp-json\/wp\/v2\/media?parent=7632"}],"wp:term":[{"taxonomy":"product_brand","embeddable":true,"href":"https:\/\/graphimarket.com\/de\/wp-json\/wp\/v2\/product_brand?post=7632"},{"taxonomy":"product_cat","embeddable":true,"href":"https:\/\/graphimarket.com\/de\/wp-json\/wp\/v2\/product_cat?post=7632"},{"taxonomy":"product_tag","embeddable":true,"href":"https:\/\/graphimarket.com\/de\/wp-json\/wp\/v2\/product_tag?post=7632"}],"curies":[{"name":"wp","href":"https:\/\/api.w.org\/{rel}","templated":true}]}}