{"id":7685,"date":"2020-09-07T11:49:28","date_gmt":"2020-09-07T09:49:28","guid":{"rendered":"https:\/\/graphimarket.com\/?post_type=product&#038;p=7685"},"modified":"2022-12-19T23:28:04","modified_gmt":"2022-12-19T22:28:04","slug":"free-deal-2-super-premium-mock-up-templates","status":"publish","type":"product","link":"https:\/\/graphimarket.com\/de\/product\/free-deal-2-super-premium-mock-up-templates\/","title":{"rendered":"Gratisangebot: 2 Super Premium Mock-Up-Vorlagen"},"content":{"rendered":"<p>Gratisangebot: 2 Super Premium Mock-Up-Vorlagen<\/p>\n<p>Wir, die Jungs hinter InkyDeals, lieben es, kostenlose Sachen zu verteilen. Es ist ein gro\u00dfartiges Gef\u00fchl zu sehen, wie t\u00e4glich Tausende von Menschen unsere Werbegeschenke herunterladen und verwenden.<\/p>\n<p>Und heute haben wir ein neues Werbegeschenk f\u00fcr Sie vorbereitet. Es beinhaltet\u00a0<strong>eine Modellvorlage f\u00fcr Schreibwaren und ein sehr cooles Visitenkartenmodell!<\/strong><\/p>\n<p>Wie Sie es gewohnt sind, wird dieses Werbegeschenk mitgeliefert\u00a0<strong>eine kommerzielle Lizenz,<\/strong>\u00a0Sie k\u00f6nnen es f\u00fcr eine unbegrenzte Anzahl von pers\u00f6nlichen und kommerziellen Zwecken ohne Geb\u00fchr oder Zuschreibung verwenden!<\/p>\n<p>&nbsp;<\/p>\n<p><img fetchpriority=\"high\" decoding=\"async\" class=\"aligncenter wp-image-7687 size-full\" src=\"https:\/\/graphimarket.com\/wp-content\/uploads\/2020\/09\/mockups-bundle-free-sample.jpg\" alt=\"\" width=\"630\" height=\"1023\" srcset=\"https:\/\/graphimarket.com\/wp-content\/uploads\/2020\/09\/mockups-bundle-free-sample.jpg 630w, https:\/\/graphimarket.com\/wp-content\/uploads\/2020\/09\/mockups-bundle-free-sample-600x974.jpg 600w, https:\/\/graphimarket.com\/wp-content\/uploads\/2020\/09\/mockups-bundle-free-sample-185x300.jpg 185w\" sizes=\"(max-width: 630px) 100vw, 630px\" \/><\/p>\n<h2><\/h2>","protected":false},"excerpt":{"rendered":"<p>Free Deal: 2 Super Premium Mock-Up Templates We, the guys behind InkyDeals love giving out free stuff. It\u2019s an awesome feeling seeing thousands of people downloading and using our freebies every day. And today we have a new freebie prepared just for you. It\u00a0 contains\u00a0a stationery mock-up template and a very cool business card mock-up! [&hellip;]<\/p>\n","protected":false},"featured_media":7686,"comment_status":"open","ping_status":"closed","template":"","meta":{"site-sidebar-layout":"default","site-content-layout":"default","ast-site-content-layout":"default","site-content-style":"default","site-sidebar-style":"default","ast-global-header-display":"","ast-banner-title-visibility":"","ast-main-header-display":"","ast-hfb-above-header-display":"","ast-hfb-below-header-display":"","ast-hfb-mobile-header-display":"","site-post-title":"","ast-breadcrumbs-content":"","ast-featured-img":"","footer-sml-layout":"","ast-disable-related-posts":"","theme-transparent-header-meta":"default","adv-header-id-meta":"","stick-header-meta":"","header-above-stick-meta":"","header-main-stick-meta":"","header-below-stick-meta":"","astra-migrate-meta-layouts":"default","ast-page-background-enabled":"default","ast-page-background-meta":{"desktop":{"background-color":"","background-image":"","background-repeat":"repeat","background-position":"center center","background-size":"auto","background-attachment":"scroll","background-type":"","background-media":"","overlay-type":"","overlay-color":"","overlay-opacity":"","overlay-gradient":""},"tablet":{"background-color":"","background-image":"","background-repeat":"repeat","background-position":"center center","background-size":"auto","background-attachment":"scroll","background-type":"","background-media":"","overlay-type":"","overlay-color":"","overlay-opacity":"","overlay-gradient":""},"mobile":{"background-color":"","background-image":"","background-repeat":"repeat","background-position":"center center","background-size":"auto","background-attachment":"scroll","background-type":"","background-media":"","overlay-type":"","overlay-color":"","overlay-opacity":"","overlay-gradient":""}},"ast-content-background-meta":{"desktop":{"background-color":"var(--ast-global-color-5)","background-image":"","background-repeat":"repeat","background-position":"center center","background-size":"auto","background-attachment":"scroll","background-type":"","background-media":"","overlay-type":"","overlay-color":"","overlay-opacity":"","overlay-gradient":""},"tablet":{"background-color":"var(--ast-global-color-5)","background-image":"","background-repeat":"repeat","background-position":"center center","background-size":"auto","background-attachment":"scroll","background-type":"","background-media":"","overlay-type":"","overlay-color":"","overlay-opacity":"","overlay-gradient":""},"mobile":{"background-color":"var(--ast-global-color-5)","background-image":"","background-repeat":"repeat","background-position":"center center","background-size":"auto","background-attachment":"scroll","background-type":"","background-media":"","overlay-type":"","overlay-color":"","overlay-opacity":"","overlay-gradient":""}}},"product_brand":[],"product_cat":[119,191,168],"product_tag":[],"class_list":{"0":"post-7685","1":"product","2":"type-product","3":"status-publish","4":"has-post-thumbnail","6":"product_cat-expired-deals","7":"product_cat-free","8":"product_cat-templates","9":"desktop-align-left","10":"tablet-align-left","11":"mobile-align-left","13":"first","14":"instock","15":"sale","16":"downloadable","17":"virtual","18":"taxable","19":"purchasable","20":"product-type-simple"},"yoast_head":"<!-- This site is optimized with the Yoast SEO plugin v27.3 - https:\/\/yoast.com\/product\/yoast-seo-wordpress\/ -->\n<title>Free Deal: 2 Super Premium Mock-Up Templates - Graphimarket<\/title>\n<meta name=\"description\" content=\"Free Deal: 2 Super Premium Mock-Up TemplatesWe, the guys behind InkyDeals love giving out free stuff...\" \/>\n<meta name=\"robots\" content=\"index, follow, max-snippet:-1, max-image-preview:large, max-video-preview:-1\" \/>\n<link rel=\"canonical\" href=\"https:\/\/graphimarket.com\/de\/product\/free-deal-2-super-premium-mock-up-templates\/\" \/>\n<meta property=\"og:locale\" content=\"de_DE\" \/>\n<meta property=\"og:type\" content=\"article\" \/>\n<meta property=\"og:title\" content=\"Free Deal: 2 Super Premium Mock-Up Templates - Graphimarket\" \/>\n<meta property=\"og:description\" content=\"Free Deal: 2 Super Premium Mock-Up TemplatesWe, the guys behind InkyDeals love giving out free stuff...\" \/>\n<meta property=\"og:url\" content=\"https:\/\/graphimarket.com\/de\/product\/free-deal-2-super-premium-mock-up-templates\/\" \/>\n<meta property=\"og:site_name\" content=\"Graphimarket\" \/>\n<meta property=\"article:modified_time\" content=\"2022-12-19T22:28:04+00:00\" \/>\n<meta property=\"og:image\" content=\"https:\/\/graphimarket.com\/wp-content\/uploads\/2020\/09\/preview5.jpg\" \/>\n\t<meta property=\"og:image:width\" content=\"520\" \/>\n\t<meta property=\"og:image:height\" content=\"360\" \/>\n\t<meta property=\"og:image:type\" content=\"image\/jpeg\" \/>\n<meta name=\"twitter:card\" content=\"summary_large_image\" \/>\n<script type=\"application\/ld+json\" class=\"yoast-schema-graph\">{\"@context\":\"https:\\\/\\\/schema.org\",\"@graph\":[{\"@type\":\"WebPage\",\"@id\":\"https:\\\/\\\/graphimarket.com\\\/product\\\/free-deal-2-super-premium-mock-up-templates\\\/\",\"url\":\"https:\\\/\\\/graphimarket.com\\\/product\\\/free-deal-2-super-premium-mock-up-templates\\\/\",\"name\":\"Free Deal: 2 Super Premium Mock-Up Templates - Graphimarket\",\"isPartOf\":{\"@id\":\"https:\\\/\\\/graphimarket.com\\\/fr\\\/#website\"},\"primaryImageOfPage\":{\"@id\":\"https:\\\/\\\/graphimarket.com\\\/product\\\/free-deal-2-super-premium-mock-up-templates\\\/#primaryimage\"},\"image\":{\"@id\":\"https:\\\/\\\/graphimarket.com\\\/product\\\/free-deal-2-super-premium-mock-up-templates\\\/#primaryimage\"},\"thumbnailUrl\":\"https:\\\/\\\/graphimarket.com\\\/wp-content\\\/uploads\\\/2020\\\/09\\\/preview5.jpg\",\"datePublished\":\"2020-09-07T09:49:28+00:00\",\"dateModified\":\"2022-12-19T22:28:04+00:00\",\"description\":\"Free Deal: 2 Super Premium Mock-Up TemplatesWe, the guys behind InkyDeals love giving out free stuff...\",\"breadcrumb\":{\"@id\":\"https:\\\/\\\/graphimarket.com\\\/product\\\/free-deal-2-super-premium-mock-up-templates\\\/#breadcrumb\"},\"inLanguage\":\"de-DE\",\"potentialAction\":[{\"@type\":\"ReadAction\",\"target\":[\"https:\\\/\\\/graphimarket.com\\\/product\\\/free-deal-2-super-premium-mock-up-templates\\\/\"]}]},{\"@type\":\"ImageObject\",\"inLanguage\":\"de-DE\",\"@id\":\"https:\\\/\\\/graphimarket.com\\\/product\\\/free-deal-2-super-premium-mock-up-templates\\\/#primaryimage\",\"url\":\"https:\\\/\\\/graphimarket.com\\\/wp-content\\\/uploads\\\/2020\\\/09\\\/preview5.jpg\",\"contentUrl\":\"https:\\\/\\\/graphimarket.com\\\/wp-content\\\/uploads\\\/2020\\\/09\\\/preview5.jpg\",\"width\":520,\"height\":360},{\"@type\":\"BreadcrumbList\",\"@id\":\"https:\\\/\\\/graphimarket.com\\\/product\\\/free-deal-2-super-premium-mock-up-templates\\\/#breadcrumb\",\"itemListElement\":[{\"@type\":\"ListItem\",\"position\":1,\"name\":\"Home\",\"item\":\"https:\\\/\\\/graphimarket.com\\\/es\\\/\"},{\"@type\":\"ListItem\",\"position\":2,\"name\":\"Store\",\"item\":\"https:\\\/\\\/graphimarket.com\\\/store\\\/\"},{\"@type\":\"ListItem\",\"position\":3,\"name\":\"Free Deal: 2 Super Premium Mock-Up Templates\"}]},{\"@type\":\"WebSite\",\"@id\":\"https:\\\/\\\/graphimarket.com\\\/fr\\\/#website\",\"url\":\"https:\\\/\\\/graphimarket.com\\\/fr\\\/\",\"name\":\"Graphimarket\",\"description\":\"Find the perfect creative asset to bring your project to life\",\"publisher\":{\"@id\":\"https:\\\/\\\/graphimarket.com\\\/fr\\\/#organization\"},\"potentialAction\":[{\"@type\":\"SearchAction\",\"target\":{\"@type\":\"EntryPoint\",\"urlTemplate\":\"https:\\\/\\\/graphimarket.com\\\/fr\\\/?s={search_term_string}\"},\"query-input\":{\"@type\":\"PropertyValueSpecification\",\"valueRequired\":true,\"valueName\":\"search_term_string\"}}],\"inLanguage\":\"de-DE\"},{\"@type\":\"Organization\",\"@id\":\"https:\\\/\\\/graphimarket.com\\\/fr\\\/#organization\",\"name\":\"Graphimarket\",\"url\":\"https:\\\/\\\/graphimarket.com\\\/fr\\\/\",\"logo\":{\"@type\":\"ImageObject\",\"inLanguage\":\"de-DE\",\"@id\":\"https:\\\/\\\/graphimarket.com\\\/fr\\\/#\\\/schema\\\/logo\\\/image\\\/\",\"url\":\"https:\\\/\\\/graphimarket.com\\\/wp-content\\\/uploads\\\/2020\\\/08\\\/logo-48.png\",\"contentUrl\":\"https:\\\/\\\/graphimarket.com\\\/wp-content\\\/uploads\\\/2020\\\/08\\\/logo-48.png\",\"width\":132,\"height\":48,\"caption\":\"Graphimarket\"},\"image\":{\"@id\":\"https:\\\/\\\/graphimarket.com\\\/fr\\\/#\\\/schema\\\/logo\\\/image\\\/\"}}]}<\/script>\n<!-- \/ Yoast SEO plugin. -->","yoast_head_json":{"title":"Free Deal: 2 Super Premium Mock-Up-Vorlagen - Graphimarket","description":"Free Deal: 2 Super Premium Mock-Up-VorlagenWir, die Jungs hinter InkyDeals lieben es, kostenlose Sachen zu verteilen ...","robots":{"index":"index","follow":"follow","max-snippet":"max-snippet:-1","max-image-preview":"max-image-preview:large","max-video-preview":"max-video-preview:-1"},"canonical":"https:\/\/graphimarket.com\/de\/product\/free-deal-2-super-premium-mock-up-templates\/","og_locale":"de_DE","og_type":"article","og_title":"Free Deal: 2 Super Premium Mock-Up Templates - Graphimarket","og_description":"Free Deal: 2 Super Premium Mock-Up TemplatesWe, the guys behind InkyDeals love giving out free stuff...","og_url":"https:\/\/graphimarket.com\/de\/product\/free-deal-2-super-premium-mock-up-templates\/","og_site_name":"Graphimarket","article_modified_time":"2022-12-19T22:28:04+00:00","og_image":[{"width":520,"height":360,"url":"https:\/\/graphimarket.com\/wp-content\/uploads\/2020\/09\/preview5.jpg","type":"image\/jpeg"}],"twitter_card":"summary_large_image","schema":{"@context":"https:\/\/schema.org","@graph":[{"@type":"WebPage","@id":"https:\/\/graphimarket.com\/product\/free-deal-2-super-premium-mock-up-templates\/","url":"https:\/\/graphimarket.com\/product\/free-deal-2-super-premium-mock-up-templates\/","name":"Free Deal: 2 Super Premium Mock-Up-Vorlagen - Graphimarket","isPartOf":{"@id":"https:\/\/graphimarket.com\/fr\/#website"},"primaryImageOfPage":{"@id":"https:\/\/graphimarket.com\/product\/free-deal-2-super-premium-mock-up-templates\/#primaryimage"},"image":{"@id":"https:\/\/graphimarket.com\/product\/free-deal-2-super-premium-mock-up-templates\/#primaryimage"},"thumbnailUrl":"https:\/\/graphimarket.com\/wp-content\/uploads\/2020\/09\/preview5.jpg","datePublished":"2020-09-07T09:49:28+00:00","dateModified":"2022-12-19T22:28:04+00:00","description":"Free Deal: 2 Super Premium Mock-Up-VorlagenWir, die Jungs hinter InkyDeals lieben es, kostenlose Sachen zu verteilen ...","breadcrumb":{"@id":"https:\/\/graphimarket.com\/product\/free-deal-2-super-premium-mock-up-templates\/#breadcrumb"},"inLanguage":"de-DE","potentialAction":[{"@type":"ReadAction","target":["https:\/\/graphimarket.com\/product\/free-deal-2-super-premium-mock-up-templates\/"]}]},{"@type":"ImageObject","inLanguage":"de-DE","@id":"https:\/\/graphimarket.com\/product\/free-deal-2-super-premium-mock-up-templates\/#primaryimage","url":"https:\/\/graphimarket.com\/wp-content\/uploads\/2020\/09\/preview5.jpg","contentUrl":"https:\/\/graphimarket.com\/wp-content\/uploads\/2020\/09\/preview5.jpg","width":520,"height":360},{"@type":"BreadcrumbList","@id":"https:\/\/graphimarket.com\/product\/free-deal-2-super-premium-mock-up-templates\/#breadcrumb","itemListElement":[{"@type":"ListItem","position":1,"name":"Home","item":"https:\/\/graphimarket.com\/es\/"},{"@type":"ListItem","position":2,"name":"Store","item":"https:\/\/graphimarket.com\/store\/"},{"@type":"ListItem","position":3,"name":"Free Deal: 2 Super Premium Mock-Up Templates"}]},{"@type":"WebSite","@id":"https:\/\/graphimarket.com\/fr\/#website","url":"https:\/\/graphimarket.com\/fr\/","name":"Graphimarket","description":"Finden Sie das perfekte kreative Kapital, um Ihr Projekt zum Leben zu erwecken","publisher":{"@id":"https:\/\/graphimarket.com\/fr\/#organization"},"potentialAction":[{"@type":"SearchAction","target":{"@type":"EntryPoint","urlTemplate":"https:\/\/graphimarket.com\/fr\/?s={search_term_string}"},"query-input":{"@type":"PropertyValueSpecification","valueRequired":true,"valueName":"search_term_string"}}],"inLanguage":"de-DE"},{"@type":"Organization","@id":"https:\/\/graphimarket.com\/fr\/#organization","name":"Graphimarket","url":"https:\/\/graphimarket.com\/fr\/","logo":{"@type":"ImageObject","inLanguage":"de-DE","@id":"https:\/\/graphimarket.com\/fr\/#\/schema\/logo\/image\/","url":"https:\/\/graphimarket.com\/wp-content\/uploads\/2020\/08\/logo-48.png","contentUrl":"https:\/\/graphimarket.com\/wp-content\/uploads\/2020\/08\/logo-48.png","width":132,"height":48,"caption":"Graphimarket"},"image":{"@id":"https:\/\/graphimarket.com\/fr\/#\/schema\/logo\/image\/"}}]}},"_links":{"self":[{"href":"https:\/\/graphimarket.com\/de\/wp-json\/wp\/v2\/product\/7685","targetHints":{"allow":["GET"]}}],"collection":[{"href":"https:\/\/graphimarket.com\/de\/wp-json\/wp\/v2\/product"}],"about":[{"href":"https:\/\/graphimarket.com\/de\/wp-json\/wp\/v2\/types\/product"}],"replies":[{"embeddable":true,"href":"https:\/\/graphimarket.com\/de\/wp-json\/wp\/v2\/comments?post=7685"}],"version-history":[{"count":0,"href":"https:\/\/graphimarket.com\/de\/wp-json\/wp\/v2\/product\/7685\/revisions"}],"wp:featuredmedia":[{"embeddable":true,"href":"https:\/\/graphimarket.com\/de\/wp-json\/wp\/v2\/media\/7686"}],"wp:attachment":[{"href":"https:\/\/graphimarket.com\/de\/wp-json\/wp\/v2\/media?parent=7685"}],"wp:term":[{"taxonomy":"product_brand","embeddable":true,"href":"https:\/\/graphimarket.com\/de\/wp-json\/wp\/v2\/product_brand?post=7685"},{"taxonomy":"product_cat","embeddable":true,"href":"https:\/\/graphimarket.com\/de\/wp-json\/wp\/v2\/product_cat?post=7685"},{"taxonomy":"product_tag","embeddable":true,"href":"https:\/\/graphimarket.com\/de\/wp-json\/wp\/v2\/product_tag?post=7685"}],"curies":[{"name":"wp","href":"https:\/\/api.w.org\/{rel}","templated":true}]}}