{"id":7689,"date":"2020-09-07T11:55:28","date_gmt":"2020-09-07T09:55:28","guid":{"rendered":"https:\/\/graphimarket.com\/?post_type=product&#038;p=7689"},"modified":"2022-12-19T23:27:55","modified_gmt":"2022-12-19T22:27:55","slug":"get-a-mini-web-bundle-worth-100-for-free","status":"publish","type":"product","link":"https:\/\/graphimarket.com\/de\/product\/get-a-mini-web-bundle-worth-100-for-free\/","title":{"rendered":"Holen Sie sich KOSTENLOS ein Mini-Web-Bundle im Wert von $100 +"},"content":{"rendered":"<p>Holen Sie sich KOSTENLOS ein Mini-Web-Bundle im Wert von $100 +<\/p>\n<p>Wir haben ein weiteres Premium-Werbegeschenk f\u00fcr Sie zum Herunterladen und Genie\u00dfen!<\/p>\n<p>Unsere Freunde von MatchThemes<b>\u00a0<\/b>waren so freundlich, uns ein Mini-Web-Bundle zu geben, das euch auf jeden Fall gefallen wird! Ich spreche von einem voll ansprechenden\u00a0<b>WordPress-Vorlage,<\/b>\u00a0ein voll ansprechendes\u00a0<b>HTML5-Vorlage\u00a0<\/b>und ein\u00a0<b>kommt bald Seite\u00a0<\/b>mit 3 verf\u00fcgbaren Vorlagen!<\/p>\n<p>Au\u00dferdem haben uns die Jungs von FlashTuning einen sehr coolen Video-Player und einen Audio-Player gegeben!<\/p>\n<p>Diese Vorlagen reagieren vollst\u00e4ndig und sind mit allen g\u00e4ngigen Browsern kompatibel. Dar\u00fcber hinaus erhalten Sie f\u00fcr jedes einzelne Element eine\u00a0<b>sehr n\u00fctzliche Hilfedatei<\/b>!<\/p>\n<p>Schauen Sie sich an, was Sie bekommen:<\/p>\n<h3>H\u00f6hepunkte der Atolo WordPress-Vorlage:<\/h3>\n<p>- Fully Responsive Design - erstellt mit Twitter Bootstrap<\/p>\n<p>- Unbegrenzte Farbschemata \u00fcber das Admin-Panel<\/p>\n<p>- Einfache Anpassung von Textfarben und Abschnittshintergr\u00fcnden \u00fcber das Optionsfeld<\/p>\n<p>&nbsp;<\/p>\n<p><img fetchpriority=\"high\" decoding=\"async\" class=\"aligncenter wp-image-7691 size-full\" src=\"https:\/\/graphimarket.com\/wp-content\/uploads\/2020\/09\/atolo-responsive-wp.jpg\" alt=\"\" width=\"620\" height=\"330\" srcset=\"https:\/\/graphimarket.com\/wp-content\/uploads\/2020\/09\/atolo-responsive-wp.jpg 620w, https:\/\/graphimarket.com\/wp-content\/uploads\/2020\/09\/atolo-responsive-wp-600x319.jpg 600w, https:\/\/graphimarket.com\/wp-content\/uploads\/2020\/09\/atolo-responsive-wp-300x160.jpg 300w\" sizes=\"(max-width: 620px) 100vw, 620px\" \/><\/p>\n<p>&nbsp;<\/p>\n<h3>Highlights der Atolo HTML-Vorlage:<\/h3>\n<p>- Fully Responsive Design - erstellt mit Twitter Bootstrap<\/p>\n<p>- AJAX-Kontaktformular<\/p>\n<p>- jQuery-Folieneffekt f\u00fcr einzelne Portfolioelemente<\/p>\n<p>&nbsp;<\/p>\n<p><img decoding=\"async\" class=\"aligncenter wp-image-7692 size-full\" src=\"https:\/\/graphimarket.com\/wp-content\/uploads\/2020\/09\/atolo-responsive-html.jpg\" alt=\"\" width=\"620\" height=\"330\" srcset=\"https:\/\/graphimarket.com\/wp-content\/uploads\/2020\/09\/atolo-responsive-html.jpg 620w, https:\/\/graphimarket.com\/wp-content\/uploads\/2020\/09\/atolo-responsive-html-600x319.jpg 600w, https:\/\/graphimarket.com\/wp-content\/uploads\/2020\/09\/atolo-responsive-html-300x160.jpg 300w\" sizes=\"(max-width: 620px) 100vw, 620px\" \/><\/p>\n<p>&nbsp;<\/p>\n<h3>Atolo Coming Soon Vorlagen-Highlights:<\/h3>\n<p>Atolo ist eine anpassbare Seite mit 3 verf\u00fcgbaren Vorlagen. Es ist einfach f\u00fcr Sie, die Designelemente und Farben mit weniger Aufwand zu \u00e4ndern. Die Vorlage wird f\u00fcr diejenigen empfohlen, die Unternehmensinformationen und Arbeitsproben anzeigen m\u00f6chten, bis ihre neue Website fertig ist.<\/p>\n<p>&nbsp;<\/p>\n<h3><img decoding=\"async\" class=\"aligncenter wp-image-7693 size-full\" src=\"https:\/\/graphimarket.com\/wp-content\/uploads\/2020\/09\/atolo-coming-soon.jpg\" alt=\"\" width=\"620\" height=\"330\" srcset=\"https:\/\/graphimarket.com\/wp-content\/uploads\/2020\/09\/atolo-coming-soon.jpg 620w, https:\/\/graphimarket.com\/wp-content\/uploads\/2020\/09\/atolo-coming-soon-600x319.jpg 600w, https:\/\/graphimarket.com\/wp-content\/uploads\/2020\/09\/atolo-coming-soon-300x160.jpg 300w\" sizes=\"(max-width: 620px) 100vw, 620px\" \/><\/h3>\n<h3><\/h3>\n<h3>HTML5 Video Player mit Playlist Highlights:<\/h3>\n<p>- Zwei Wiedergabelistenmodi: vertikal und horizontal<\/p>\n<p>- Einfache Anpassung \u00fcber HTML \/ CSS-Dateien<\/p>\n<p>- Flash-Fallback f\u00fcr \u00e4ltere Browser<\/p>\n<p>- Legen Sie Titel und Beschreibung f\u00fcr das Video fest<\/p>\n<p>&nbsp;<\/p>\n<p><img loading=\"lazy\" decoding=\"async\" class=\"aligncenter wp-image-7694 size-full\" src=\"https:\/\/graphimarket.com\/wp-content\/uploads\/2020\/09\/responsiveVideoGallery-big.jpg\" alt=\"\" width=\"620\" height=\"300\" srcset=\"https:\/\/graphimarket.com\/wp-content\/uploads\/2020\/09\/responsiveVideoGallery-big.jpg 620w, https:\/\/graphimarket.com\/wp-content\/uploads\/2020\/09\/responsiveVideoGallery-big-600x290.jpg 600w, https:\/\/graphimarket.com\/wp-content\/uploads\/2020\/09\/responsiveVideoGallery-big-300x145.jpg 300w\" sizes=\"(max-width: 620px) 100vw, 620px\" \/><\/p>\n<p>&nbsp;<\/p>\n<h3>Highlights des HTML5 Audio Players:<\/h3>\n<p>- Unbegrenzte Wiedergabeliste mit Bildlauf<\/p>\n<p>- Drei Spielerlayouts enthalten<\/p>\n<p>- Unterst\u00fctzt SoundCloud und Podcast<\/p>\n<p>- Unterst\u00fctzt mehrere Instanzen auf einer Seite<\/p>\n<p><img loading=\"lazy\" decoding=\"async\" class=\"aligncenter wp-image-7695 size-full\" src=\"https:\/\/graphimarket.com\/wp-content\/uploads\/2020\/09\/html5-audio-player.jpg\" alt=\"\" width=\"620\" height=\"320\" srcset=\"https:\/\/graphimarket.com\/wp-content\/uploads\/2020\/09\/html5-audio-player.jpg 620w, https:\/\/graphimarket.com\/wp-content\/uploads\/2020\/09\/html5-audio-player-600x310.jpg 600w, https:\/\/graphimarket.com\/wp-content\/uploads\/2020\/09\/html5-audio-player-300x155.jpg 300w\" sizes=\"(max-width: 620px) 100vw, 620px\" \/><\/p>\n<p>&nbsp;<\/p>\n<p>&nbsp;<\/p>","protected":false},"excerpt":{"rendered":"<p>Get a Mini Web Bundle worth $100+ for FREE We have another premium freebie for you to download and enjoy! Our friends from\u00a0MatchThemes\u00a0were kind enough to give us a mini web bundle that you guys will definitely enjoy! I\u2019m talking about a fully responsive\u00a0WordPress template,\u00a0a fully responsive\u00a0HTML5 template\u00a0and a\u00a0coming soon page\u00a0with 3 available templates! Besides [&hellip;]<\/p>\n","protected":false},"featured_media":7690,"comment_status":"open","ping_status":"closed","template":"","meta":{"site-sidebar-layout":"default","site-content-layout":"default","ast-site-content-layout":"default","site-content-style":"default","site-sidebar-style":"default","ast-global-header-display":"","ast-banner-title-visibility":"","ast-main-header-display":"","ast-hfb-above-header-display":"","ast-hfb-below-header-display":"","ast-hfb-mobile-header-display":"","site-post-title":"","ast-breadcrumbs-content":"","ast-featured-img":"","footer-sml-layout":"","ast-disable-related-posts":"","theme-transparent-header-meta":"default","adv-header-id-meta":"","stick-header-meta":"","header-above-stick-meta":"","header-main-stick-meta":"","header-below-stick-meta":"","astra-migrate-meta-layouts":"default","ast-page-background-enabled":"default","ast-page-background-meta":{"desktop":{"background-color":"","background-image":"","background-repeat":"repeat","background-position":"center center","background-size":"auto","background-attachment":"scroll","background-type":"","background-media":"","overlay-type":"","overlay-color":"","overlay-opacity":"","overlay-gradient":""},"tablet":{"background-color":"","background-image":"","background-repeat":"repeat","background-position":"center center","background-size":"auto","background-attachment":"scroll","background-type":"","background-media":"","overlay-type":"","overlay-color":"","overlay-opacity":"","overlay-gradient":""},"mobile":{"background-color":"","background-image":"","background-repeat":"repeat","background-position":"center center","background-size":"auto","background-attachment":"scroll","background-type":"","background-media":"","overlay-type":"","overlay-color":"","overlay-opacity":"","overlay-gradient":""}},"ast-content-background-meta":{"desktop":{"background-color":"var(--ast-global-color-5)","background-image":"","background-repeat":"repeat","background-position":"center center","background-size":"auto","background-attachment":"scroll","background-type":"","background-media":"","overlay-type":"","overlay-color":"","overlay-opacity":"","overlay-gradient":""},"tablet":{"background-color":"var(--ast-global-color-5)","background-image":"","background-repeat":"repeat","background-position":"center center","background-size":"auto","background-attachment":"scroll","background-type":"","background-media":"","overlay-type":"","overlay-color":"","overlay-opacity":"","overlay-gradient":""},"mobile":{"background-color":"var(--ast-global-color-5)","background-image":"","background-repeat":"repeat","background-position":"center center","background-size":"auto","background-attachment":"scroll","background-type":"","background-media":"","overlay-type":"","overlay-color":"","overlay-opacity":"","overlay-gradient":""}}},"product_brand":[],"product_cat":[119,191,168,186],"product_tag":[],"class_list":{"0":"post-7689","1":"product","2":"type-product","3":"status-publish","4":"has-post-thumbnail","6":"product_cat-expired-deals","7":"product_cat-free","8":"product_cat-templates","9":"product_cat-wordpress","10":"desktop-align-left","11":"tablet-align-left","12":"mobile-align-left","14":"first","15":"instock","16":"sale","17":"downloadable","18":"virtual","19":"taxable","20":"purchasable","21":"product-type-simple"},"yoast_head":"<!-- This site is optimized with the Yoast SEO plugin v27.3 - https:\/\/yoast.com\/product\/yoast-seo-wordpress\/ -->\n<title>Get a Mini Web Bundle worth $100+ for FREE - Graphimarket<\/title>\n<meta name=\"description\" content=\"Get a Mini Web Bundle worth $100+ for FREEWe have another premium freebie for you to download and enjoy!Our friends from\u00a0MatchThemes...\" \/>\n<meta name=\"robots\" content=\"index, follow, max-snippet:-1, max-image-preview:large, max-video-preview:-1\" \/>\n<link rel=\"canonical\" href=\"https:\/\/graphimarket.com\/de\/product\/get-a-mini-web-bundle-worth-100-for-free\/\" \/>\n<meta property=\"og:locale\" content=\"de_DE\" \/>\n<meta property=\"og:type\" content=\"article\" \/>\n<meta property=\"og:title\" content=\"Get a Mini Web Bundle worth $100+ for FREE - Graphimarket\" \/>\n<meta property=\"og:description\" content=\"Get a Mini Web Bundle worth $100+ for FREEWe have another premium freebie for you to download and enjoy!Our friends from\u00a0MatchThemes...\" \/>\n<meta property=\"og:url\" content=\"https:\/\/graphimarket.com\/de\/product\/get-a-mini-web-bundle-worth-100-for-free\/\" \/>\n<meta property=\"og:site_name\" content=\"Graphimarket\" \/>\n<meta property=\"article:modified_time\" content=\"2022-12-19T22:27:55+00:00\" \/>\n<meta property=\"og:image\" content=\"https:\/\/graphimarket.com\/wp-content\/uploads\/2020\/09\/free-mini-web-bundle-preview.jpg\" \/>\n\t<meta property=\"og:image:width\" content=\"520\" \/>\n\t<meta property=\"og:image:height\" content=\"360\" \/>\n\t<meta property=\"og:image:type\" content=\"image\/jpeg\" \/>\n<meta name=\"twitter:card\" content=\"summary_large_image\" \/>\n<meta name=\"twitter:label1\" content=\"Est. reading time\" \/>\n\t<meta name=\"twitter:data1\" content=\"1 minute\" \/>\n<script type=\"application\/ld+json\" class=\"yoast-schema-graph\">{\"@context\":\"https:\\\/\\\/schema.org\",\"@graph\":[{\"@type\":\"WebPage\",\"@id\":\"https:\\\/\\\/graphimarket.com\\\/product\\\/get-a-mini-web-bundle-worth-100-for-free\\\/\",\"url\":\"https:\\\/\\\/graphimarket.com\\\/product\\\/get-a-mini-web-bundle-worth-100-for-free\\\/\",\"name\":\"Get a Mini Web Bundle worth $100+ for FREE - Graphimarket\",\"isPartOf\":{\"@id\":\"https:\\\/\\\/graphimarket.com\\\/fr\\\/#website\"},\"primaryImageOfPage\":{\"@id\":\"https:\\\/\\\/graphimarket.com\\\/product\\\/get-a-mini-web-bundle-worth-100-for-free\\\/#primaryimage\"},\"image\":{\"@id\":\"https:\\\/\\\/graphimarket.com\\\/product\\\/get-a-mini-web-bundle-worth-100-for-free\\\/#primaryimage\"},\"thumbnailUrl\":\"https:\\\/\\\/graphimarket.com\\\/wp-content\\\/uploads\\\/2020\\\/09\\\/free-mini-web-bundle-preview.jpg\",\"datePublished\":\"2020-09-07T09:55:28+00:00\",\"dateModified\":\"2022-12-19T22:27:55+00:00\",\"description\":\"Get a Mini Web Bundle worth $100+ for FREEWe have another premium freebie for you to download and enjoy!Our friends from\u00a0MatchThemes...\",\"breadcrumb\":{\"@id\":\"https:\\\/\\\/graphimarket.com\\\/product\\\/get-a-mini-web-bundle-worth-100-for-free\\\/#breadcrumb\"},\"inLanguage\":\"de-DE\",\"potentialAction\":[{\"@type\":\"ReadAction\",\"target\":[\"https:\\\/\\\/graphimarket.com\\\/product\\\/get-a-mini-web-bundle-worth-100-for-free\\\/\"]}]},{\"@type\":\"ImageObject\",\"inLanguage\":\"de-DE\",\"@id\":\"https:\\\/\\\/graphimarket.com\\\/product\\\/get-a-mini-web-bundle-worth-100-for-free\\\/#primaryimage\",\"url\":\"https:\\\/\\\/graphimarket.com\\\/wp-content\\\/uploads\\\/2020\\\/09\\\/free-mini-web-bundle-preview.jpg\",\"contentUrl\":\"https:\\\/\\\/graphimarket.com\\\/wp-content\\\/uploads\\\/2020\\\/09\\\/free-mini-web-bundle-preview.jpg\",\"width\":520,\"height\":360},{\"@type\":\"BreadcrumbList\",\"@id\":\"https:\\\/\\\/graphimarket.com\\\/product\\\/get-a-mini-web-bundle-worth-100-for-free\\\/#breadcrumb\",\"itemListElement\":[{\"@type\":\"ListItem\",\"position\":1,\"name\":\"Home\",\"item\":\"https:\\\/\\\/graphimarket.com\\\/es\\\/\"},{\"@type\":\"ListItem\",\"position\":2,\"name\":\"Store\",\"item\":\"https:\\\/\\\/graphimarket.com\\\/store\\\/\"},{\"@type\":\"ListItem\",\"position\":3,\"name\":\"Get a Mini Web Bundle worth $100+ for FREE\"}]},{\"@type\":\"WebSite\",\"@id\":\"https:\\\/\\\/graphimarket.com\\\/fr\\\/#website\",\"url\":\"https:\\\/\\\/graphimarket.com\\\/fr\\\/\",\"name\":\"Graphimarket\",\"description\":\"Find the perfect creative asset to bring your project to life\",\"publisher\":{\"@id\":\"https:\\\/\\\/graphimarket.com\\\/fr\\\/#organization\"},\"potentialAction\":[{\"@type\":\"SearchAction\",\"target\":{\"@type\":\"EntryPoint\",\"urlTemplate\":\"https:\\\/\\\/graphimarket.com\\\/fr\\\/?s={search_term_string}\"},\"query-input\":{\"@type\":\"PropertyValueSpecification\",\"valueRequired\":true,\"valueName\":\"search_term_string\"}}],\"inLanguage\":\"de-DE\"},{\"@type\":\"Organization\",\"@id\":\"https:\\\/\\\/graphimarket.com\\\/fr\\\/#organization\",\"name\":\"Graphimarket\",\"url\":\"https:\\\/\\\/graphimarket.com\\\/fr\\\/\",\"logo\":{\"@type\":\"ImageObject\",\"inLanguage\":\"de-DE\",\"@id\":\"https:\\\/\\\/graphimarket.com\\\/fr\\\/#\\\/schema\\\/logo\\\/image\\\/\",\"url\":\"https:\\\/\\\/graphimarket.com\\\/wp-content\\\/uploads\\\/2020\\\/08\\\/logo-48.png\",\"contentUrl\":\"https:\\\/\\\/graphimarket.com\\\/wp-content\\\/uploads\\\/2020\\\/08\\\/logo-48.png\",\"width\":132,\"height\":48,\"caption\":\"Graphimarket\"},\"image\":{\"@id\":\"https:\\\/\\\/graphimarket.com\\\/fr\\\/#\\\/schema\\\/logo\\\/image\\\/\"}}]}<\/script>\n<!-- \/ Yoast SEO plugin. -->","yoast_head_json":{"title":"Holen Sie sich KOSTENLOS ein Mini-Web-Bundle im Wert von $100 + - Graphimarket","description":"Holen Sie sich ein Mini-Web-Bundle im Wert von $100 + KOSTENLOSWir haben ein weiteres Premium-Werbegeschenk zum Herunterladen und Genie\u00dfen! Unsere Freunde von MatchThemes ...","robots":{"index":"index","follow":"follow","max-snippet":"max-snippet:-1","max-image-preview":"max-image-preview:large","max-video-preview":"max-video-preview:-1"},"canonical":"https:\/\/graphimarket.com\/de\/product\/get-a-mini-web-bundle-worth-100-for-free\/","og_locale":"de_DE","og_type":"article","og_title":"Get a Mini Web Bundle worth $100+ for FREE - Graphimarket","og_description":"Get a Mini Web Bundle worth $100+ for FREEWe have another premium freebie for you to download and enjoy!Our friends from\u00a0MatchThemes...","og_url":"https:\/\/graphimarket.com\/de\/product\/get-a-mini-web-bundle-worth-100-for-free\/","og_site_name":"Graphimarket","article_modified_time":"2022-12-19T22:27:55+00:00","og_image":[{"width":520,"height":360,"url":"https:\/\/graphimarket.com\/wp-content\/uploads\/2020\/09\/free-mini-web-bundle-preview.jpg","type":"image\/jpeg"}],"twitter_card":"summary_large_image","twitter_misc":{"Est. reading time":"1 minute"},"schema":{"@context":"https:\/\/schema.org","@graph":[{"@type":"WebPage","@id":"https:\/\/graphimarket.com\/product\/get-a-mini-web-bundle-worth-100-for-free\/","url":"https:\/\/graphimarket.com\/product\/get-a-mini-web-bundle-worth-100-for-free\/","name":"Holen Sie sich KOSTENLOS ein Mini-Web-Bundle im Wert von $100 + - Graphimarket","isPartOf":{"@id":"https:\/\/graphimarket.com\/fr\/#website"},"primaryImageOfPage":{"@id":"https:\/\/graphimarket.com\/product\/get-a-mini-web-bundle-worth-100-for-free\/#primaryimage"},"image":{"@id":"https:\/\/graphimarket.com\/product\/get-a-mini-web-bundle-worth-100-for-free\/#primaryimage"},"thumbnailUrl":"https:\/\/graphimarket.com\/wp-content\/uploads\/2020\/09\/free-mini-web-bundle-preview.jpg","datePublished":"2020-09-07T09:55:28+00:00","dateModified":"2022-12-19T22:27:55+00:00","description":"Holen Sie sich ein Mini-Web-Bundle im Wert von $100 + KOSTENLOSWir haben ein weiteres Premium-Werbegeschenk zum Herunterladen und Genie\u00dfen! Unsere Freunde von MatchThemes ...","breadcrumb":{"@id":"https:\/\/graphimarket.com\/product\/get-a-mini-web-bundle-worth-100-for-free\/#breadcrumb"},"inLanguage":"de-DE","potentialAction":[{"@type":"ReadAction","target":["https:\/\/graphimarket.com\/product\/get-a-mini-web-bundle-worth-100-for-free\/"]}]},{"@type":"ImageObject","inLanguage":"de-DE","@id":"https:\/\/graphimarket.com\/product\/get-a-mini-web-bundle-worth-100-for-free\/#primaryimage","url":"https:\/\/graphimarket.com\/wp-content\/uploads\/2020\/09\/free-mini-web-bundle-preview.jpg","contentUrl":"https:\/\/graphimarket.com\/wp-content\/uploads\/2020\/09\/free-mini-web-bundle-preview.jpg","width":520,"height":360},{"@type":"BreadcrumbList","@id":"https:\/\/graphimarket.com\/product\/get-a-mini-web-bundle-worth-100-for-free\/#breadcrumb","itemListElement":[{"@type":"ListItem","position":1,"name":"Home","item":"https:\/\/graphimarket.com\/es\/"},{"@type":"ListItem","position":2,"name":"Store","item":"https:\/\/graphimarket.com\/store\/"},{"@type":"ListItem","position":3,"name":"Get a Mini Web Bundle worth $100+ for FREE"}]},{"@type":"WebSite","@id":"https:\/\/graphimarket.com\/fr\/#website","url":"https:\/\/graphimarket.com\/fr\/","name":"Graphimarket","description":"Finden Sie das perfekte kreative Kapital, um Ihr Projekt zum Leben zu erwecken","publisher":{"@id":"https:\/\/graphimarket.com\/fr\/#organization"},"potentialAction":[{"@type":"SearchAction","target":{"@type":"EntryPoint","urlTemplate":"https:\/\/graphimarket.com\/fr\/?s={search_term_string}"},"query-input":{"@type":"PropertyValueSpecification","valueRequired":true,"valueName":"search_term_string"}}],"inLanguage":"de-DE"},{"@type":"Organization","@id":"https:\/\/graphimarket.com\/fr\/#organization","name":"Graphimarket","url":"https:\/\/graphimarket.com\/fr\/","logo":{"@type":"ImageObject","inLanguage":"de-DE","@id":"https:\/\/graphimarket.com\/fr\/#\/schema\/logo\/image\/","url":"https:\/\/graphimarket.com\/wp-content\/uploads\/2020\/08\/logo-48.png","contentUrl":"https:\/\/graphimarket.com\/wp-content\/uploads\/2020\/08\/logo-48.png","width":132,"height":48,"caption":"Graphimarket"},"image":{"@id":"https:\/\/graphimarket.com\/fr\/#\/schema\/logo\/image\/"}}]}},"_links":{"self":[{"href":"https:\/\/graphimarket.com\/de\/wp-json\/wp\/v2\/product\/7689","targetHints":{"allow":["GET"]}}],"collection":[{"href":"https:\/\/graphimarket.com\/de\/wp-json\/wp\/v2\/product"}],"about":[{"href":"https:\/\/graphimarket.com\/de\/wp-json\/wp\/v2\/types\/product"}],"replies":[{"embeddable":true,"href":"https:\/\/graphimarket.com\/de\/wp-json\/wp\/v2\/comments?post=7689"}],"version-history":[{"count":0,"href":"https:\/\/graphimarket.com\/de\/wp-json\/wp\/v2\/product\/7689\/revisions"}],"wp:featuredmedia":[{"embeddable":true,"href":"https:\/\/graphimarket.com\/de\/wp-json\/wp\/v2\/media\/7690"}],"wp:attachment":[{"href":"https:\/\/graphimarket.com\/de\/wp-json\/wp\/v2\/media?parent=7689"}],"wp:term":[{"taxonomy":"product_brand","embeddable":true,"href":"https:\/\/graphimarket.com\/de\/wp-json\/wp\/v2\/product_brand?post=7689"},{"taxonomy":"product_cat","embeddable":true,"href":"https:\/\/graphimarket.com\/de\/wp-json\/wp\/v2\/product_cat?post=7689"},{"taxonomy":"product_tag","embeddable":true,"href":"https:\/\/graphimarket.com\/de\/wp-json\/wp\/v2\/product_tag?post=7689"}],"curies":[{"name":"wp","href":"https:\/\/api.w.org\/{rel}","templated":true}]}}