{"id":8050,"date":"2020-09-11T11:01:51","date_gmt":"2020-09-11T09:01:51","guid":{"rendered":"https:\/\/graphimarket.com\/?post_type=product&#038;p=8050"},"modified":"2024-03-01T15:09:31","modified_gmt":"2024-03-01T14:09:31","slug":"da-vinci-sketch-photoshop-action","status":"publish","type":"product","link":"https:\/\/graphimarket.com\/de\/product\/da-vinci-sketch-photoshop-action\/","title":{"rendered":"Da Vinci Sketch Photoshop Aktion"},"content":{"rendered":"<p><strong>Da Vinci Sketch Photoshop Aktion<\/strong>\u00a0schafft erstaunliche handgezeichnete Skizzenkunstwerke im Stil des gro\u00dfen Renaissance-Malers. Die Aktion funktioniert am besten mit Portr\u00e4ts und leblosen Objekten und anderen Fotos. Die endg\u00fcltige Komposition ist vollst\u00e4ndig geschichtet und bietet viele Effekte und Anpassungen. Verwenden Sie das mitgelieferte Pinselset und die Papierstrukturen, um noch mehr Details hinzuzuf\u00fcgen. Die Aktion erstellt au\u00dferdem 5 Stiftfarbt\u00f6ne und 10 allgemeine Farbvoreinstellungen, die mit einem einzigen Klick angewendet werden k\u00f6nnen. Es ist super einfach zu bedienen und spart Ihnen Arbeitsstunden.<\/p>\n<p><strong>Der Link zum Video-Tutorial ist im Download in der Datei &#039;Help.pdf&#039; enthalten.<\/strong>\u00a0Das Video-Tutorial behandelt wichtige Schritte zum Einrichten der Photoshop-Dateien und ausf\u00fchrliche Techniken zur Anpassung von Effekten, nachdem der Effekt angewendet wurde.<\/p>\n<p>Diese Aktion wurde getestet und bearbeitet\u00a0<strong>Photoshop CS3, CS4, CS5, CS6, CC 2014, CC 2015, CC 2017, CC 2018+.<\/strong><\/p>\n<p><strong>Die Aktion funktioniert nur mit der englischen Version von Photoshop.<\/strong>\u00a0Wenn Sie die englische Version nicht verwenden, folgen Sie dem Videolink in der Hilfedatei, um sie in Englisch und dann zur\u00fcck in Ihre Muttersprache zu \u00e4ndern.<\/p>\n<p>Die Aktion funktioniert am besten mit Bildern mit einer Gr\u00f6\u00dfe von ungef\u00e4hr\u00a0<strong>2500px - 4000px hoch \/ breit und 72\/300 dpi Aufl\u00f6sung<\/strong>. Die Verwendung von Bildern mit niedrigerer Aufl\u00f6sung f\u00fchrt zu geringeren Details und Klarheit der endg\u00fcltigen Komposition.<\/p>\n<p>Wenn Sie auf Probleme sto\u00dfen, wenden Sie sich bitte an die in der Hilfedatei angegebene E-Mail-Adresse.<\/p>\n<p>In der Vorschau verwendete Bilder sind nicht im Download-Paket enthalten.<\/p>\n<p>&nbsp;<\/p>\n<p>&nbsp;<\/p>\n<p><img fetchpriority=\"high\" decoding=\"async\" class=\"aligncenter wp-image-8051 size-full\" src=\"https:\/\/graphimarket.com\/wp-content\/uploads\/2020\/09\/4a5ac0d1-f8ab-4ba3-9edf-1fc2ab4b0d5d.jpg\" alt=\"\" width=\"1370\" height=\"912\" srcset=\"https:\/\/graphimarket.com\/wp-content\/uploads\/2020\/09\/4a5ac0d1-f8ab-4ba3-9edf-1fc2ab4b0d5d.jpg 1370w, https:\/\/graphimarket.com\/wp-content\/uploads\/2020\/09\/4a5ac0d1-f8ab-4ba3-9edf-1fc2ab4b0d5d-600x399.jpg 600w, https:\/\/graphimarket.com\/wp-content\/uploads\/2020\/09\/4a5ac0d1-f8ab-4ba3-9edf-1fc2ab4b0d5d-300x200.jpg 300w, https:\/\/graphimarket.com\/wp-content\/uploads\/2020\/09\/4a5ac0d1-f8ab-4ba3-9edf-1fc2ab4b0d5d-1024x682.jpg 1024w, https:\/\/graphimarket.com\/wp-content\/uploads\/2020\/09\/4a5ac0d1-f8ab-4ba3-9edf-1fc2ab4b0d5d-768x511.jpg 768w, https:\/\/graphimarket.com\/wp-content\/uploads\/2020\/09\/4a5ac0d1-f8ab-4ba3-9edf-1fc2ab4b0d5d-1320x879.jpg 1320w\" sizes=\"(max-width: 1370px) 100vw, 1370px\" \/><\/p>\n<p><img decoding=\"async\" class=\"aligncenter wp-image-8052 size-full\" src=\"https:\/\/graphimarket.com\/wp-content\/uploads\/2020\/09\/6e944bfe-7cf6-4c04-91a7-b2122eb6fac9.jpg\" alt=\"\" width=\"1370\" height=\"912\" srcset=\"https:\/\/graphimarket.com\/wp-content\/uploads\/2020\/09\/6e944bfe-7cf6-4c04-91a7-b2122eb6fac9.jpg 1370w, https:\/\/graphimarket.com\/wp-content\/uploads\/2020\/09\/6e944bfe-7cf6-4c04-91a7-b2122eb6fac9-600x399.jpg 600w, https:\/\/graphimarket.com\/wp-content\/uploads\/2020\/09\/6e944bfe-7cf6-4c04-91a7-b2122eb6fac9-300x200.jpg 300w, https:\/\/graphimarket.com\/wp-content\/uploads\/2020\/09\/6e944bfe-7cf6-4c04-91a7-b2122eb6fac9-1024x682.jpg 1024w, https:\/\/graphimarket.com\/wp-content\/uploads\/2020\/09\/6e944bfe-7cf6-4c04-91a7-b2122eb6fac9-768x511.jpg 768w, https:\/\/graphimarket.com\/wp-content\/uploads\/2020\/09\/6e944bfe-7cf6-4c04-91a7-b2122eb6fac9-1320x879.jpg 1320w\" sizes=\"(max-width: 1370px) 100vw, 1370px\" \/><\/p>\n<p><img decoding=\"async\" class=\"aligncenter wp-image-8053 size-full\" src=\"https:\/\/graphimarket.com\/wp-content\/uploads\/2020\/09\/071bda3f-229e-4c6b-8a70-333a04eab059.jpg\" alt=\"\" width=\"1370\" height=\"912\" srcset=\"https:\/\/graphimarket.com\/wp-content\/uploads\/2020\/09\/071bda3f-229e-4c6b-8a70-333a04eab059.jpg 1370w, https:\/\/graphimarket.com\/wp-content\/uploads\/2020\/09\/071bda3f-229e-4c6b-8a70-333a04eab059-600x399.jpg 600w, https:\/\/graphimarket.com\/wp-content\/uploads\/2020\/09\/071bda3f-229e-4c6b-8a70-333a04eab059-300x200.jpg 300w, https:\/\/graphimarket.com\/wp-content\/uploads\/2020\/09\/071bda3f-229e-4c6b-8a70-333a04eab059-1024x682.jpg 1024w, https:\/\/graphimarket.com\/wp-content\/uploads\/2020\/09\/071bda3f-229e-4c6b-8a70-333a04eab059-768x511.jpg 768w, https:\/\/graphimarket.com\/wp-content\/uploads\/2020\/09\/071bda3f-229e-4c6b-8a70-333a04eab059-1320x879.jpg 1320w\" sizes=\"(max-width: 1370px) 100vw, 1370px\" \/><\/p>\n<p><img loading=\"lazy\" decoding=\"async\" class=\"aligncenter wp-image-8054 size-full\" src=\"https:\/\/graphimarket.com\/wp-content\/uploads\/2020\/09\/848ec054-dc29-42c3-8a9d-fc565f1bf176.jpg\" alt=\"\" width=\"1370\" height=\"912\" srcset=\"https:\/\/graphimarket.com\/wp-content\/uploads\/2020\/09\/848ec054-dc29-42c3-8a9d-fc565f1bf176.jpg 1370w, https:\/\/graphimarket.com\/wp-content\/uploads\/2020\/09\/848ec054-dc29-42c3-8a9d-fc565f1bf176-600x399.jpg 600w, https:\/\/graphimarket.com\/wp-content\/uploads\/2020\/09\/848ec054-dc29-42c3-8a9d-fc565f1bf176-300x200.jpg 300w, https:\/\/graphimarket.com\/wp-content\/uploads\/2020\/09\/848ec054-dc29-42c3-8a9d-fc565f1bf176-1024x682.jpg 1024w, https:\/\/graphimarket.com\/wp-content\/uploads\/2020\/09\/848ec054-dc29-42c3-8a9d-fc565f1bf176-768x511.jpg 768w, https:\/\/graphimarket.com\/wp-content\/uploads\/2020\/09\/848ec054-dc29-42c3-8a9d-fc565f1bf176-1320x879.jpg 1320w\" sizes=\"(max-width: 1370px) 100vw, 1370px\" \/><\/p>\n<p><img loading=\"lazy\" decoding=\"async\" class=\"aligncenter wp-image-8055 size-full\" src=\"https:\/\/graphimarket.com\/wp-content\/uploads\/2020\/09\/1305c009-2d35-49c9-ba09-59ad1d9e334f.jpg\" alt=\"\" width=\"1370\" height=\"912\" srcset=\"https:\/\/graphimarket.com\/wp-content\/uploads\/2020\/09\/1305c009-2d35-49c9-ba09-59ad1d9e334f.jpg 1370w, https:\/\/graphimarket.com\/wp-content\/uploads\/2020\/09\/1305c009-2d35-49c9-ba09-59ad1d9e334f-600x399.jpg 600w, https:\/\/graphimarket.com\/wp-content\/uploads\/2020\/09\/1305c009-2d35-49c9-ba09-59ad1d9e334f-300x200.jpg 300w, https:\/\/graphimarket.com\/wp-content\/uploads\/2020\/09\/1305c009-2d35-49c9-ba09-59ad1d9e334f-1024x682.jpg 1024w, https:\/\/graphimarket.com\/wp-content\/uploads\/2020\/09\/1305c009-2d35-49c9-ba09-59ad1d9e334f-768x511.jpg 768w, https:\/\/graphimarket.com\/wp-content\/uploads\/2020\/09\/1305c009-2d35-49c9-ba09-59ad1d9e334f-1320x879.jpg 1320w\" sizes=\"(max-width: 1370px) 100vw, 1370px\" \/><\/p>\n<p><img loading=\"lazy\" decoding=\"async\" class=\"aligncenter wp-image-8056 size-full\" src=\"https:\/\/graphimarket.com\/wp-content\/uploads\/2020\/09\/9020f205-a54e-4f68-926c-35be83382728.jpg\" alt=\"\" width=\"1370\" height=\"912\" srcset=\"https:\/\/graphimarket.com\/wp-content\/uploads\/2020\/09\/9020f205-a54e-4f68-926c-35be83382728.jpg 1370w, https:\/\/graphimarket.com\/wp-content\/uploads\/2020\/09\/9020f205-a54e-4f68-926c-35be83382728-600x399.jpg 600w, https:\/\/graphimarket.com\/wp-content\/uploads\/2020\/09\/9020f205-a54e-4f68-926c-35be83382728-300x200.jpg 300w, https:\/\/graphimarket.com\/wp-content\/uploads\/2020\/09\/9020f205-a54e-4f68-926c-35be83382728-1024x682.jpg 1024w, https:\/\/graphimarket.com\/wp-content\/uploads\/2020\/09\/9020f205-a54e-4f68-926c-35be83382728-768x511.jpg 768w, https:\/\/graphimarket.com\/wp-content\/uploads\/2020\/09\/9020f205-a54e-4f68-926c-35be83382728-1320x879.jpg 1320w\" sizes=\"(max-width: 1370px) 100vw, 1370px\" \/><\/p>\n<p>&nbsp;<\/p>","protected":false},"excerpt":{"rendered":"<p>Da Vinci Sketch Photoshop Action\u00a0creates amazing hand-drawn sketch artworks in the style of the great Renaissance painter. The action works best with portraits and inanimate objects and other photos. The final composition is fully layered and provides lots of effects and customization. Use the included brush set and the paper textures to add even more [&hellip;]<\/p>\n","protected":false},"featured_media":8064,"comment_status":"open","ping_status":"closed","template":"","meta":{"site-sidebar-layout":"default","site-content-layout":"default","ast-site-content-layout":"default","site-content-style":"default","site-sidebar-style":"default","ast-global-header-display":"","ast-banner-title-visibility":"","ast-main-header-display":"","ast-hfb-above-header-display":"","ast-hfb-below-header-display":"","ast-hfb-mobile-header-display":"","site-post-title":"","ast-breadcrumbs-content":"","ast-featured-img":"","footer-sml-layout":"","ast-disable-related-posts":"","theme-transparent-header-meta":"default","adv-header-id-meta":"","stick-header-meta":"","header-above-stick-meta":"","header-main-stick-meta":"","header-below-stick-meta":"","astra-migrate-meta-layouts":"default","ast-page-background-enabled":"default","ast-page-background-meta":{"desktop":{"background-color":"","background-image":"","background-repeat":"repeat","background-position":"center center","background-size":"auto","background-attachment":"scroll","background-type":"","background-media":"","overlay-type":"","overlay-color":"","overlay-opacity":"","overlay-gradient":""},"tablet":{"background-color":"","background-image":"","background-repeat":"repeat","background-position":"center center","background-size":"auto","background-attachment":"scroll","background-type":"","background-media":"","overlay-type":"","overlay-color":"","overlay-opacity":"","overlay-gradient":""},"mobile":{"background-color":"","background-image":"","background-repeat":"repeat","background-position":"center center","background-size":"auto","background-attachment":"scroll","background-type":"","background-media":"","overlay-type":"","overlay-color":"","overlay-opacity":"","overlay-gradient":""}},"ast-content-background-meta":{"desktop":{"background-color":"var(--ast-global-color-5)","background-image":"","background-repeat":"repeat","background-position":"center center","background-size":"auto","background-attachment":"scroll","background-type":"","background-media":"","overlay-type":"","overlay-color":"","overlay-opacity":"","overlay-gradient":""},"tablet":{"background-color":"var(--ast-global-color-5)","background-image":"","background-repeat":"repeat","background-position":"center center","background-size":"auto","background-attachment":"scroll","background-type":"","background-media":"","overlay-type":"","overlay-color":"","overlay-opacity":"","overlay-gradient":""},"mobile":{"background-color":"var(--ast-global-color-5)","background-image":"","background-repeat":"repeat","background-position":"center center","background-size":"auto","background-attachment":"scroll","background-type":"","background-media":"","overlay-type":"","overlay-color":"","overlay-opacity":"","overlay-gradient":""}}},"product_brand":[],"product_cat":[195],"product_tag":[255,253,270,273,268,274,271,278,275,269,272,263,277,267,276],"class_list":{"0":"post-8050","1":"product","2":"type-product","3":"status-publish","4":"has-post-thumbnail","6":"product_cat-photoshop","7":"product_tag-artistic","8":"product_tag-artwork","9":"product_tag-davinci","10":"product_tag-digitalart","11":"product_tag-drawing","12":"product_tag-effect","13":"product_tag-handdrawn","14":"product_tag-illustration","15":"product_tag-ink","16":"product_tag-painting","17":"product_tag-pen","18":"product_tag-pencil","19":"product_tag-retro","20":"product_tag-sketch","21":"product_tag-vintage","22":"desktop-align-left","23":"tablet-align-left","24":"mobile-align-left","26":"first","27":"instock","28":"downloadable","29":"virtual","30":"taxable","31":"purchasable","32":"product-type-simple"},"yoast_head":"<!-- This site is optimized with the Yoast SEO plugin v27.3 - https:\/\/yoast.com\/product\/yoast-seo-wordpress\/ -->\n<title>Da Vinci Sketch Photoshop Action - Graphimarket<\/title>\n<meta name=\"description\" content=\"Da Vinci Sketch Photoshop Action\u00a0creates amazing hand-drawn sketch artworks in the style of the great Renaissance painter...\" \/>\n<meta name=\"robots\" content=\"index, follow, max-snippet:-1, max-image-preview:large, max-video-preview:-1\" \/>\n<link rel=\"canonical\" href=\"https:\/\/graphimarket.com\/de\/product\/da-vinci-sketch-photoshop-action\/\" \/>\n<meta property=\"og:locale\" content=\"de_DE\" \/>\n<meta property=\"og:type\" content=\"article\" \/>\n<meta property=\"og:title\" content=\"Da Vinci Sketch Photoshop Action - Graphimarket\" \/>\n<meta property=\"og:description\" content=\"Da Vinci Sketch Photoshop Action\u00a0creates amazing hand-drawn sketch artworks in the style of the great Renaissance painter...\" \/>\n<meta property=\"og:url\" content=\"https:\/\/graphimarket.com\/de\/product\/da-vinci-sketch-photoshop-action\/\" \/>\n<meta property=\"og:site_name\" content=\"Graphimarket\" \/>\n<meta property=\"article:modified_time\" content=\"2024-03-01T14:09:31+00:00\" \/>\n<meta property=\"og:image\" content=\"https:\/\/graphimarket.com\/wp-content\/uploads\/2020\/09\/e3e420df-d4ea-46cf-85ec-98f143ecbf69.jpg\" \/>\n\t<meta property=\"og:image:width\" content=\"1019\" \/>\n\t<meta property=\"og:image:height\" content=\"679\" \/>\n\t<meta property=\"og:image:type\" content=\"image\/jpeg\" \/>\n<meta name=\"twitter:card\" content=\"summary_large_image\" \/>\n<meta name=\"twitter:label1\" content=\"Est. reading time\" \/>\n\t<meta name=\"twitter:data1\" content=\"1 minute\" \/>\n<script type=\"application\/ld+json\" class=\"yoast-schema-graph\">{\"@context\":\"https:\\\/\\\/schema.org\",\"@graph\":[{\"@type\":\"WebPage\",\"@id\":\"https:\\\/\\\/graphimarket.com\\\/product\\\/da-vinci-sketch-photoshop-action\\\/\",\"url\":\"https:\\\/\\\/graphimarket.com\\\/product\\\/da-vinci-sketch-photoshop-action\\\/\",\"name\":\"Da Vinci Sketch Photoshop Action - Graphimarket\",\"isPartOf\":{\"@id\":\"https:\\\/\\\/graphimarket.com\\\/fr\\\/#website\"},\"primaryImageOfPage\":{\"@id\":\"https:\\\/\\\/graphimarket.com\\\/product\\\/da-vinci-sketch-photoshop-action\\\/#primaryimage\"},\"image\":{\"@id\":\"https:\\\/\\\/graphimarket.com\\\/product\\\/da-vinci-sketch-photoshop-action\\\/#primaryimage\"},\"thumbnailUrl\":\"https:\\\/\\\/graphimarket.com\\\/wp-content\\\/uploads\\\/2020\\\/09\\\/e3e420df-d4ea-46cf-85ec-98f143ecbf69.jpg\",\"datePublished\":\"2020-09-11T09:01:51+00:00\",\"dateModified\":\"2024-03-01T14:09:31+00:00\",\"description\":\"Da Vinci Sketch Photoshop Action\u00a0creates amazing hand-drawn sketch artworks in the style of the great Renaissance painter...\",\"breadcrumb\":{\"@id\":\"https:\\\/\\\/graphimarket.com\\\/product\\\/da-vinci-sketch-photoshop-action\\\/#breadcrumb\"},\"inLanguage\":\"de-DE\",\"potentialAction\":[{\"@type\":\"ReadAction\",\"target\":[\"https:\\\/\\\/graphimarket.com\\\/product\\\/da-vinci-sketch-photoshop-action\\\/\"]}]},{\"@type\":\"ImageObject\",\"inLanguage\":\"de-DE\",\"@id\":\"https:\\\/\\\/graphimarket.com\\\/product\\\/da-vinci-sketch-photoshop-action\\\/#primaryimage\",\"url\":\"https:\\\/\\\/graphimarket.com\\\/wp-content\\\/uploads\\\/2020\\\/09\\\/e3e420df-d4ea-46cf-85ec-98f143ecbf69.jpg\",\"contentUrl\":\"https:\\\/\\\/graphimarket.com\\\/wp-content\\\/uploads\\\/2020\\\/09\\\/e3e420df-d4ea-46cf-85ec-98f143ecbf69.jpg\",\"width\":1019,\"height\":679},{\"@type\":\"BreadcrumbList\",\"@id\":\"https:\\\/\\\/graphimarket.com\\\/product\\\/da-vinci-sketch-photoshop-action\\\/#breadcrumb\",\"itemListElement\":[{\"@type\":\"ListItem\",\"position\":1,\"name\":\"Home\",\"item\":\"https:\\\/\\\/graphimarket.com\\\/es\\\/\"},{\"@type\":\"ListItem\",\"position\":2,\"name\":\"Store\",\"item\":\"https:\\\/\\\/graphimarket.com\\\/store\\\/\"},{\"@type\":\"ListItem\",\"position\":3,\"name\":\"Da Vinci Sketch Photoshop Action\"}]},{\"@type\":\"WebSite\",\"@id\":\"https:\\\/\\\/graphimarket.com\\\/fr\\\/#website\",\"url\":\"https:\\\/\\\/graphimarket.com\\\/fr\\\/\",\"name\":\"Graphimarket\",\"description\":\"Find the perfect creative asset to bring your project to life\",\"publisher\":{\"@id\":\"https:\\\/\\\/graphimarket.com\\\/fr\\\/#organization\"},\"potentialAction\":[{\"@type\":\"SearchAction\",\"target\":{\"@type\":\"EntryPoint\",\"urlTemplate\":\"https:\\\/\\\/graphimarket.com\\\/fr\\\/?s={search_term_string}\"},\"query-input\":{\"@type\":\"PropertyValueSpecification\",\"valueRequired\":true,\"valueName\":\"search_term_string\"}}],\"inLanguage\":\"de-DE\"},{\"@type\":\"Organization\",\"@id\":\"https:\\\/\\\/graphimarket.com\\\/fr\\\/#organization\",\"name\":\"Graphimarket\",\"url\":\"https:\\\/\\\/graphimarket.com\\\/fr\\\/\",\"logo\":{\"@type\":\"ImageObject\",\"inLanguage\":\"de-DE\",\"@id\":\"https:\\\/\\\/graphimarket.com\\\/fr\\\/#\\\/schema\\\/logo\\\/image\\\/\",\"url\":\"https:\\\/\\\/graphimarket.com\\\/wp-content\\\/uploads\\\/2020\\\/08\\\/logo-48.png\",\"contentUrl\":\"https:\\\/\\\/graphimarket.com\\\/wp-content\\\/uploads\\\/2020\\\/08\\\/logo-48.png\",\"width\":132,\"height\":48,\"caption\":\"Graphimarket\"},\"image\":{\"@id\":\"https:\\\/\\\/graphimarket.com\\\/fr\\\/#\\\/schema\\\/logo\\\/image\\\/\"}}]}<\/script>\n<!-- \/ Yoast SEO plugin. -->","yoast_head_json":{"title":"Da Vinci Sketch Photoshop Aktion - Graphimarket","description":"Da Vinci Sketch Photoshop Action erstellt erstaunliche handgezeichnete Skizzen im Stil des gro\u00dfen Renaissance-Malers ...","robots":{"index":"index","follow":"follow","max-snippet":"max-snippet:-1","max-image-preview":"max-image-preview:large","max-video-preview":"max-video-preview:-1"},"canonical":"https:\/\/graphimarket.com\/de\/product\/da-vinci-sketch-photoshop-action\/","og_locale":"de_DE","og_type":"article","og_title":"Da Vinci Sketch Photoshop Action - Graphimarket","og_description":"Da Vinci Sketch Photoshop Action\u00a0creates amazing hand-drawn sketch artworks in the style of the great Renaissance painter...","og_url":"https:\/\/graphimarket.com\/de\/product\/da-vinci-sketch-photoshop-action\/","og_site_name":"Graphimarket","article_modified_time":"2024-03-01T14:09:31+00:00","og_image":[{"width":1019,"height":679,"url":"https:\/\/graphimarket.com\/wp-content\/uploads\/2020\/09\/e3e420df-d4ea-46cf-85ec-98f143ecbf69.jpg","type":"image\/jpeg"}],"twitter_card":"summary_large_image","twitter_misc":{"Est. reading time":"1 minute"},"schema":{"@context":"https:\/\/schema.org","@graph":[{"@type":"WebPage","@id":"https:\/\/graphimarket.com\/product\/da-vinci-sketch-photoshop-action\/","url":"https:\/\/graphimarket.com\/product\/da-vinci-sketch-photoshop-action\/","name":"Da Vinci Sketch Photoshop Aktion - Graphimarket","isPartOf":{"@id":"https:\/\/graphimarket.com\/fr\/#website"},"primaryImageOfPage":{"@id":"https:\/\/graphimarket.com\/product\/da-vinci-sketch-photoshop-action\/#primaryimage"},"image":{"@id":"https:\/\/graphimarket.com\/product\/da-vinci-sketch-photoshop-action\/#primaryimage"},"thumbnailUrl":"https:\/\/graphimarket.com\/wp-content\/uploads\/2020\/09\/e3e420df-d4ea-46cf-85ec-98f143ecbf69.jpg","datePublished":"2020-09-11T09:01:51+00:00","dateModified":"2024-03-01T14:09:31+00:00","description":"Da Vinci Sketch Photoshop Action erstellt erstaunliche handgezeichnete Skizzen im Stil des gro\u00dfen Renaissance-Malers ...","breadcrumb":{"@id":"https:\/\/graphimarket.com\/product\/da-vinci-sketch-photoshop-action\/#breadcrumb"},"inLanguage":"de-DE","potentialAction":[{"@type":"ReadAction","target":["https:\/\/graphimarket.com\/product\/da-vinci-sketch-photoshop-action\/"]}]},{"@type":"ImageObject","inLanguage":"de-DE","@id":"https:\/\/graphimarket.com\/product\/da-vinci-sketch-photoshop-action\/#primaryimage","url":"https:\/\/graphimarket.com\/wp-content\/uploads\/2020\/09\/e3e420df-d4ea-46cf-85ec-98f143ecbf69.jpg","contentUrl":"https:\/\/graphimarket.com\/wp-content\/uploads\/2020\/09\/e3e420df-d4ea-46cf-85ec-98f143ecbf69.jpg","width":1019,"height":679},{"@type":"BreadcrumbList","@id":"https:\/\/graphimarket.com\/product\/da-vinci-sketch-photoshop-action\/#breadcrumb","itemListElement":[{"@type":"ListItem","position":1,"name":"Home","item":"https:\/\/graphimarket.com\/es\/"},{"@type":"ListItem","position":2,"name":"Store","item":"https:\/\/graphimarket.com\/store\/"},{"@type":"ListItem","position":3,"name":"Da Vinci Sketch Photoshop Action"}]},{"@type":"WebSite","@id":"https:\/\/graphimarket.com\/fr\/#website","url":"https:\/\/graphimarket.com\/fr\/","name":"Graphimarket","description":"Finden Sie das perfekte kreative Kapital, um Ihr Projekt zum Leben zu erwecken","publisher":{"@id":"https:\/\/graphimarket.com\/fr\/#organization"},"potentialAction":[{"@type":"SearchAction","target":{"@type":"EntryPoint","urlTemplate":"https:\/\/graphimarket.com\/fr\/?s={search_term_string}"},"query-input":{"@type":"PropertyValueSpecification","valueRequired":true,"valueName":"search_term_string"}}],"inLanguage":"de-DE"},{"@type":"Organization","@id":"https:\/\/graphimarket.com\/fr\/#organization","name":"Graphimarket","url":"https:\/\/graphimarket.com\/fr\/","logo":{"@type":"ImageObject","inLanguage":"de-DE","@id":"https:\/\/graphimarket.com\/fr\/#\/schema\/logo\/image\/","url":"https:\/\/graphimarket.com\/wp-content\/uploads\/2020\/08\/logo-48.png","contentUrl":"https:\/\/graphimarket.com\/wp-content\/uploads\/2020\/08\/logo-48.png","width":132,"height":48,"caption":"Graphimarket"},"image":{"@id":"https:\/\/graphimarket.com\/fr\/#\/schema\/logo\/image\/"}}]}},"_links":{"self":[{"href":"https:\/\/graphimarket.com\/de\/wp-json\/wp\/v2\/product\/8050","targetHints":{"allow":["GET"]}}],"collection":[{"href":"https:\/\/graphimarket.com\/de\/wp-json\/wp\/v2\/product"}],"about":[{"href":"https:\/\/graphimarket.com\/de\/wp-json\/wp\/v2\/types\/product"}],"replies":[{"embeddable":true,"href":"https:\/\/graphimarket.com\/de\/wp-json\/wp\/v2\/comments?post=8050"}],"version-history":[{"count":0,"href":"https:\/\/graphimarket.com\/de\/wp-json\/wp\/v2\/product\/8050\/revisions"}],"wp:featuredmedia":[{"embeddable":true,"href":"https:\/\/graphimarket.com\/de\/wp-json\/wp\/v2\/media\/8064"}],"wp:attachment":[{"href":"https:\/\/graphimarket.com\/de\/wp-json\/wp\/v2\/media?parent=8050"}],"wp:term":[{"taxonomy":"product_brand","embeddable":true,"href":"https:\/\/graphimarket.com\/de\/wp-json\/wp\/v2\/product_brand?post=8050"},{"taxonomy":"product_cat","embeddable":true,"href":"https:\/\/graphimarket.com\/de\/wp-json\/wp\/v2\/product_cat?post=8050"},{"taxonomy":"product_tag","embeddable":true,"href":"https:\/\/graphimarket.com\/de\/wp-json\/wp\/v2\/product_tag?post=8050"}],"curies":[{"name":"wp","href":"https:\/\/api.w.org\/{rel}","templated":true}]}}