{"id":8327,"date":"2020-09-11T17:28:27","date_gmt":"2020-09-11T15:28:27","guid":{"rendered":"https:\/\/graphimarket.com\/?post_type=product&#038;p=8327"},"modified":"2022-12-19T23:19:24","modified_gmt":"2022-12-19T22:19:24","slug":"essential-artistic-illustrator-brush-collection","status":"publish","type":"product","link":"https:\/\/graphimarket.com\/de\/product\/essential-artistic-illustrator-brush-collection\/","title":{"rendered":"Wesentliche k\u00fcnstlerische Illustrator-Pinsel-Sammlung"},"content":{"rendered":"<p>Wesentliche k\u00fcnstlerische Illustrator-Pinsel-Sammlung<\/p>\n<p>M\u00fcssen Sie in Illustrator nat\u00fcrliche k\u00fcnstlerische Texturen erstellen? Dieses Set ist alles was Sie brauchen. 28 professionelle Pinsel, um Ihre Kunstwerke zu texturieren und interessanter zu machen.<\/p>\n<p><strong>Dateien im Download<\/strong><\/p>\n<ul>\n<li>Illustrator Pinsel Set f\u00fcr CC<\/li>\n<li>Illustrator-Datei mit Pinselgrafiken im Legacy-Format CS2<\/li>\n<\/ul>\n<p><img fetchpriority=\"high\" decoding=\"async\" class=\"aligncenter wp-image-8328 size-full\" src=\"https:\/\/graphimarket.com\/wp-content\/uploads\/2020\/09\/edebbb7d-93f9-4408-8893-769050dfc0e6.jpg\" alt=\"\" width=\"900\" height=\"600\" srcset=\"https:\/\/graphimarket.com\/wp-content\/uploads\/2020\/09\/edebbb7d-93f9-4408-8893-769050dfc0e6.jpg 900w, https:\/\/graphimarket.com\/wp-content\/uploads\/2020\/09\/edebbb7d-93f9-4408-8893-769050dfc0e6-600x400.jpg 600w, https:\/\/graphimarket.com\/wp-content\/uploads\/2020\/09\/edebbb7d-93f9-4408-8893-769050dfc0e6-300x200.jpg 300w, https:\/\/graphimarket.com\/wp-content\/uploads\/2020\/09\/edebbb7d-93f9-4408-8893-769050dfc0e6-768x512.jpg 768w\" sizes=\"(max-width: 900px) 100vw, 900px\" \/> <img decoding=\"async\" class=\"aligncenter wp-image-8329 size-full\" src=\"https:\/\/graphimarket.com\/wp-content\/uploads\/2020\/09\/46d49647-97a0-4dfe-b345-f4be4dc7c887.jpg\" alt=\"\" width=\"900\" height=\"600\" srcset=\"https:\/\/graphimarket.com\/wp-content\/uploads\/2020\/09\/46d49647-97a0-4dfe-b345-f4be4dc7c887.jpg 900w, https:\/\/graphimarket.com\/wp-content\/uploads\/2020\/09\/46d49647-97a0-4dfe-b345-f4be4dc7c887-600x400.jpg 600w, https:\/\/graphimarket.com\/wp-content\/uploads\/2020\/09\/46d49647-97a0-4dfe-b345-f4be4dc7c887-300x200.jpg 300w, https:\/\/graphimarket.com\/wp-content\/uploads\/2020\/09\/46d49647-97a0-4dfe-b345-f4be4dc7c887-768x512.jpg 768w\" sizes=\"(max-width: 900px) 100vw, 900px\" \/> <img decoding=\"async\" class=\"aligncenter wp-image-8330 size-full\" src=\"https:\/\/graphimarket.com\/wp-content\/uploads\/2020\/09\/c415c496-13b5-4165-b2a9-c0e68e78332c.jpg\" alt=\"\" width=\"900\" height=\"600\" srcset=\"https:\/\/graphimarket.com\/wp-content\/uploads\/2020\/09\/c415c496-13b5-4165-b2a9-c0e68e78332c.jpg 900w, https:\/\/graphimarket.com\/wp-content\/uploads\/2020\/09\/c415c496-13b5-4165-b2a9-c0e68e78332c-600x400.jpg 600w, https:\/\/graphimarket.com\/wp-content\/uploads\/2020\/09\/c415c496-13b5-4165-b2a9-c0e68e78332c-300x200.jpg 300w, https:\/\/graphimarket.com\/wp-content\/uploads\/2020\/09\/c415c496-13b5-4165-b2a9-c0e68e78332c-768x512.jpg 768w\" sizes=\"(max-width: 900px) 100vw, 900px\" \/><\/p>","protected":false},"excerpt":{"rendered":"<p>Essential Artistic Illustrator Brush Collection Need to create natural artistic textures in Illustrator? This set is all you need. 28 pro brushes to texture and add interest to your artwork. Files in the download Illustrator brush set for CC Illustrator file with brush artwork in legacy format CS2<\/p>","protected":false},"featured_media":8338,"comment_status":"open","ping_status":"closed","template":"","meta":{"site-sidebar-layout":"default","site-content-layout":"default","ast-site-content-layout":"default","site-content-style":"default","site-sidebar-style":"default","ast-global-header-display":"","ast-banner-title-visibility":"","ast-main-header-display":"","ast-hfb-above-header-display":"","ast-hfb-below-header-display":"","ast-hfb-mobile-header-display":"","site-post-title":"","ast-breadcrumbs-content":"","ast-featured-img":"","footer-sml-layout":"","ast-disable-related-posts":"","theme-transparent-header-meta":"default","adv-header-id-meta":"","stick-header-meta":"","header-above-stick-meta":"","header-main-stick-meta":"","header-below-stick-meta":"","astra-migrate-meta-layouts":"default","ast-page-background-enabled":"default","ast-page-background-meta":{"desktop":{"background-color":"","background-image":"","background-repeat":"repeat","background-position":"center center","background-size":"auto","background-attachment":"scroll","background-type":"","background-media":"","overlay-type":"","overlay-color":"","overlay-opacity":"","overlay-gradient":""},"tablet":{"background-color":"","background-image":"","background-repeat":"repeat","background-position":"center center","background-size":"auto","background-attachment":"scroll","background-type":"","background-media":"","overlay-type":"","overlay-color":"","overlay-opacity":"","overlay-gradient":""},"mobile":{"background-color":"","background-image":"","background-repeat":"repeat","background-position":"center center","background-size":"auto","background-attachment":"scroll","background-type":"","background-media":"","overlay-type":"","overlay-color":"","overlay-opacity":"","overlay-gradient":""}},"ast-content-background-meta":{"desktop":{"background-color":"var(--ast-global-color-5)","background-image":"","background-repeat":"repeat","background-position":"center center","background-size":"auto","background-attachment":"scroll","background-type":"","background-media":"","overlay-type":"","overlay-color":"","overlay-opacity":"","overlay-gradient":""},"tablet":{"background-color":"var(--ast-global-color-5)","background-image":"","background-repeat":"repeat","background-position":"center center","background-size":"auto","background-attachment":"scroll","background-type":"","background-media":"","overlay-type":"","overlay-color":"","overlay-opacity":"","overlay-gradient":""},"mobile":{"background-color":"var(--ast-global-color-5)","background-image":"","background-repeat":"repeat","background-position":"center center","background-size":"auto","background-attachment":"scroll","background-type":"","background-media":"","overlay-type":"","overlay-color":"","overlay-opacity":"","overlay-gradient":""}}},"product_brand":[],"product_cat":[197,195,170],"product_tag":[470,255,231,443,472,471,474,263,243,473],"class_list":{"0":"post-8327","1":"product","2":"type-product","3":"status-publish","4":"has-post-thumbnail","6":"product_cat-brushes","7":"product_cat-photoshop","8":"product_cat-textures","9":"product_tag-aboriginal","10":"product_tag-artistic","11":"product_tag-brushes","12":"product_tag-chalk","13":"product_tag-dashes","14":"product_tag-dots","15":"product_tag-gogh","16":"product_tag-pencil","17":"product_tag-texture","18":"product_tag-van","19":"desktop-align-left","20":"tablet-align-left","21":"mobile-align-left","23":"first","24":"instock","25":"downloadable","26":"virtual","27":"taxable","28":"purchasable","29":"product-type-simple"},"yoast_head":"<!-- This site is optimized with the Yoast SEO plugin v27.3 - https:\/\/yoast.com\/product\/yoast-seo-wordpress\/ -->\n<title>Essential Artistic Illustrator Brush Collection - Graphimarket<\/title>\n<meta name=\"description\" content=\"Essential Artistic Illustrator Brush CollectionNeed to create natural artistic textures in Illustrator? This set is all you need...\" \/>\n<meta name=\"robots\" content=\"index, follow, max-snippet:-1, max-image-preview:large, max-video-preview:-1\" \/>\n<link rel=\"canonical\" href=\"https:\/\/graphimarket.com\/de\/product\/essential-artistic-illustrator-brush-collection\/\" \/>\n<meta property=\"og:locale\" content=\"de_DE\" \/>\n<meta property=\"og:type\" content=\"article\" \/>\n<meta property=\"og:title\" content=\"Essential Artistic Illustrator Brush Collection - Graphimarket\" \/>\n<meta property=\"og:description\" content=\"Essential Artistic Illustrator Brush CollectionNeed to create natural artistic textures in Illustrator? This set is all you need...\" \/>\n<meta property=\"og:url\" content=\"https:\/\/graphimarket.com\/de\/product\/essential-artistic-illustrator-brush-collection\/\" \/>\n<meta property=\"og:site_name\" content=\"Graphimarket\" \/>\n<meta property=\"article:modified_time\" content=\"2022-12-19T22:19:24+00:00\" \/>\n<meta property=\"og:image\" content=\"https:\/\/graphimarket.com\/wp-content\/uploads\/2020\/09\/054d1ab4-3068-45bb-a709-10ac0bfabe7e.jpg\" \/>\n\t<meta property=\"og:image:width\" content=\"632\" \/>\n\t<meta property=\"og:image:height\" content=\"421\" \/>\n\t<meta property=\"og:image:type\" content=\"image\/jpeg\" \/>\n<meta name=\"twitter:card\" content=\"summary_large_image\" \/>\n<script type=\"application\/ld+json\" class=\"yoast-schema-graph\">{\"@context\":\"https:\\\/\\\/schema.org\",\"@graph\":[{\"@type\":\"WebPage\",\"@id\":\"https:\\\/\\\/graphimarket.com\\\/de\\\/product\\\/essential-artistic-illustrator-brush-collection\\\/\",\"url\":\"https:\\\/\\\/graphimarket.com\\\/de\\\/product\\\/essential-artistic-illustrator-brush-collection\\\/\",\"name\":\"Essential Artistic Illustrator Brush Collection - Graphimarket\",\"isPartOf\":{\"@id\":\"https:\\\/\\\/graphimarket.com\\\/fr\\\/#website\"},\"primaryImageOfPage\":{\"@id\":\"https:\\\/\\\/graphimarket.com\\\/de\\\/product\\\/essential-artistic-illustrator-brush-collection\\\/#primaryimage\"},\"image\":{\"@id\":\"https:\\\/\\\/graphimarket.com\\\/de\\\/product\\\/essential-artistic-illustrator-brush-collection\\\/#primaryimage\"},\"thumbnailUrl\":\"https:\\\/\\\/graphimarket.com\\\/wp-content\\\/uploads\\\/2020\\\/09\\\/054d1ab4-3068-45bb-a709-10ac0bfabe7e.jpg\",\"datePublished\":\"2020-09-11T15:28:27+00:00\",\"dateModified\":\"2022-12-19T22:19:24+00:00\",\"description\":\"Essential Artistic Illustrator Brush CollectionNeed to create natural artistic textures in Illustrator? This set is all you need...\",\"breadcrumb\":{\"@id\":\"https:\\\/\\\/graphimarket.com\\\/de\\\/product\\\/essential-artistic-illustrator-brush-collection\\\/#breadcrumb\"},\"inLanguage\":\"de-DE\",\"potentialAction\":[{\"@type\":\"ReadAction\",\"target\":[\"https:\\\/\\\/graphimarket.com\\\/de\\\/product\\\/essential-artistic-illustrator-brush-collection\\\/\"]}]},{\"@type\":\"ImageObject\",\"inLanguage\":\"de-DE\",\"@id\":\"https:\\\/\\\/graphimarket.com\\\/de\\\/product\\\/essential-artistic-illustrator-brush-collection\\\/#primaryimage\",\"url\":\"https:\\\/\\\/graphimarket.com\\\/wp-content\\\/uploads\\\/2020\\\/09\\\/054d1ab4-3068-45bb-a709-10ac0bfabe7e.jpg\",\"contentUrl\":\"https:\\\/\\\/graphimarket.com\\\/wp-content\\\/uploads\\\/2020\\\/09\\\/054d1ab4-3068-45bb-a709-10ac0bfabe7e.jpg\",\"width\":632,\"height\":421},{\"@type\":\"BreadcrumbList\",\"@id\":\"https:\\\/\\\/graphimarket.com\\\/de\\\/product\\\/essential-artistic-illustrator-brush-collection\\\/#breadcrumb\",\"itemListElement\":[{\"@type\":\"ListItem\",\"position\":1,\"name\":\"Home\",\"item\":\"https:\\\/\\\/graphimarket.com\\\/es\\\/\"},{\"@type\":\"ListItem\",\"position\":2,\"name\":\"Store\",\"item\":\"https:\\\/\\\/graphimarket.com\\\/store\\\/\"},{\"@type\":\"ListItem\",\"position\":3,\"name\":\"Essential Artistic Illustrator Brush Collection\"}]},{\"@type\":\"WebSite\",\"@id\":\"https:\\\/\\\/graphimarket.com\\\/fr\\\/#website\",\"url\":\"https:\\\/\\\/graphimarket.com\\\/fr\\\/\",\"name\":\"Graphimarket\",\"description\":\"Find the perfect creative asset to bring your project to life\",\"publisher\":{\"@id\":\"https:\\\/\\\/graphimarket.com\\\/fr\\\/#organization\"},\"potentialAction\":[{\"@type\":\"SearchAction\",\"target\":{\"@type\":\"EntryPoint\",\"urlTemplate\":\"https:\\\/\\\/graphimarket.com\\\/fr\\\/?s={search_term_string}\"},\"query-input\":{\"@type\":\"PropertyValueSpecification\",\"valueRequired\":true,\"valueName\":\"search_term_string\"}}],\"inLanguage\":\"de-DE\"},{\"@type\":\"Organization\",\"@id\":\"https:\\\/\\\/graphimarket.com\\\/fr\\\/#organization\",\"name\":\"Graphimarket\",\"url\":\"https:\\\/\\\/graphimarket.com\\\/fr\\\/\",\"logo\":{\"@type\":\"ImageObject\",\"inLanguage\":\"de-DE\",\"@id\":\"https:\\\/\\\/graphimarket.com\\\/fr\\\/#\\\/schema\\\/logo\\\/image\\\/\",\"url\":\"https:\\\/\\\/graphimarket.com\\\/wp-content\\\/uploads\\\/2020\\\/08\\\/logo-48.png\",\"contentUrl\":\"https:\\\/\\\/graphimarket.com\\\/wp-content\\\/uploads\\\/2020\\\/08\\\/logo-48.png\",\"width\":132,\"height\":48,\"caption\":\"Graphimarket\"},\"image\":{\"@id\":\"https:\\\/\\\/graphimarket.com\\\/fr\\\/#\\\/schema\\\/logo\\\/image\\\/\"}}]}<\/script>\n<!-- \/ Yoast SEO plugin. -->","yoast_head_json":{"title":"Wesentliche k\u00fcnstlerische Illustrator-Pinsel-Sammlung - Graphimarket","description":"Essential Artistic Illustrator Brush CollectionM\u00fcssen Sie in Illustrator nat\u00fcrliche k\u00fcnstlerische Texturen erstellen? Dieses Set ist alles was Sie brauchen ...","robots":{"index":"index","follow":"follow","max-snippet":"max-snippet:-1","max-image-preview":"max-image-preview:large","max-video-preview":"max-video-preview:-1"},"canonical":"https:\/\/graphimarket.com\/de\/product\/essential-artistic-illustrator-brush-collection\/","og_locale":"de_DE","og_type":"article","og_title":"Essential Artistic Illustrator Brush Collection - Graphimarket","og_description":"Essential Artistic Illustrator Brush CollectionNeed to create natural artistic textures in Illustrator? This set is all you need...","og_url":"https:\/\/graphimarket.com\/de\/product\/essential-artistic-illustrator-brush-collection\/","og_site_name":"Graphimarket","article_modified_time":"2022-12-19T22:19:24+00:00","og_image":[{"width":632,"height":421,"url":"https:\/\/graphimarket.com\/wp-content\/uploads\/2020\/09\/054d1ab4-3068-45bb-a709-10ac0bfabe7e.jpg","type":"image\/jpeg"}],"twitter_card":"summary_large_image","schema":{"@context":"https:\/\/schema.org","@graph":[{"@type":"WebPage","@id":"https:\/\/graphimarket.com\/de\/product\/essential-artistic-illustrator-brush-collection\/","url":"https:\/\/graphimarket.com\/de\/product\/essential-artistic-illustrator-brush-collection\/","name":"Wesentliche k\u00fcnstlerische Illustrator-Pinsel-Sammlung - Graphimarket","isPartOf":{"@id":"https:\/\/graphimarket.com\/fr\/#website"},"primaryImageOfPage":{"@id":"https:\/\/graphimarket.com\/de\/product\/essential-artistic-illustrator-brush-collection\/#primaryimage"},"image":{"@id":"https:\/\/graphimarket.com\/de\/product\/essential-artistic-illustrator-brush-collection\/#primaryimage"},"thumbnailUrl":"https:\/\/graphimarket.com\/wp-content\/uploads\/2020\/09\/054d1ab4-3068-45bb-a709-10ac0bfabe7e.jpg","datePublished":"2020-09-11T15:28:27+00:00","dateModified":"2022-12-19T22:19:24+00:00","description":"Essential Artistic Illustrator Brush CollectionM\u00fcssen Sie in Illustrator nat\u00fcrliche k\u00fcnstlerische Texturen erstellen? Dieses Set ist alles was Sie brauchen ...","breadcrumb":{"@id":"https:\/\/graphimarket.com\/de\/product\/essential-artistic-illustrator-brush-collection\/#breadcrumb"},"inLanguage":"de-DE","potentialAction":[{"@type":"ReadAction","target":["https:\/\/graphimarket.com\/de\/product\/essential-artistic-illustrator-brush-collection\/"]}]},{"@type":"ImageObject","inLanguage":"de-DE","@id":"https:\/\/graphimarket.com\/de\/product\/essential-artistic-illustrator-brush-collection\/#primaryimage","url":"https:\/\/graphimarket.com\/wp-content\/uploads\/2020\/09\/054d1ab4-3068-45bb-a709-10ac0bfabe7e.jpg","contentUrl":"https:\/\/graphimarket.com\/wp-content\/uploads\/2020\/09\/054d1ab4-3068-45bb-a709-10ac0bfabe7e.jpg","width":632,"height":421},{"@type":"BreadcrumbList","@id":"https:\/\/graphimarket.com\/de\/product\/essential-artistic-illustrator-brush-collection\/#breadcrumb","itemListElement":[{"@type":"ListItem","position":1,"name":"Home","item":"https:\/\/graphimarket.com\/es\/"},{"@type":"ListItem","position":2,"name":"Store","item":"https:\/\/graphimarket.com\/store\/"},{"@type":"ListItem","position":3,"name":"Essential Artistic Illustrator Brush Collection"}]},{"@type":"WebSite","@id":"https:\/\/graphimarket.com\/fr\/#website","url":"https:\/\/graphimarket.com\/fr\/","name":"Graphimarket","description":"Finden Sie das perfekte kreative Kapital, um Ihr Projekt zum Leben zu erwecken","publisher":{"@id":"https:\/\/graphimarket.com\/fr\/#organization"},"potentialAction":[{"@type":"SearchAction","target":{"@type":"EntryPoint","urlTemplate":"https:\/\/graphimarket.com\/fr\/?s={search_term_string}"},"query-input":{"@type":"PropertyValueSpecification","valueRequired":true,"valueName":"search_term_string"}}],"inLanguage":"de-DE"},{"@type":"Organization","@id":"https:\/\/graphimarket.com\/fr\/#organization","name":"Graphimarket","url":"https:\/\/graphimarket.com\/fr\/","logo":{"@type":"ImageObject","inLanguage":"de-DE","@id":"https:\/\/graphimarket.com\/fr\/#\/schema\/logo\/image\/","url":"https:\/\/graphimarket.com\/wp-content\/uploads\/2020\/08\/logo-48.png","contentUrl":"https:\/\/graphimarket.com\/wp-content\/uploads\/2020\/08\/logo-48.png","width":132,"height":48,"caption":"Graphimarket"},"image":{"@id":"https:\/\/graphimarket.com\/fr\/#\/schema\/logo\/image\/"}}]}},"_links":{"self":[{"href":"https:\/\/graphimarket.com\/de\/wp-json\/wp\/v2\/product\/8327","targetHints":{"allow":["GET"]}}],"collection":[{"href":"https:\/\/graphimarket.com\/de\/wp-json\/wp\/v2\/product"}],"about":[{"href":"https:\/\/graphimarket.com\/de\/wp-json\/wp\/v2\/types\/product"}],"replies":[{"embeddable":true,"href":"https:\/\/graphimarket.com\/de\/wp-json\/wp\/v2\/comments?post=8327"}],"version-history":[{"count":0,"href":"https:\/\/graphimarket.com\/de\/wp-json\/wp\/v2\/product\/8327\/revisions"}],"wp:featuredmedia":[{"embeddable":true,"href":"https:\/\/graphimarket.com\/de\/wp-json\/wp\/v2\/media\/8338"}],"wp:attachment":[{"href":"https:\/\/graphimarket.com\/de\/wp-json\/wp\/v2\/media?parent=8327"}],"wp:term":[{"taxonomy":"product_brand","embeddable":true,"href":"https:\/\/graphimarket.com\/de\/wp-json\/wp\/v2\/product_brand?post=8327"},{"taxonomy":"product_cat","embeddable":true,"href":"https:\/\/graphimarket.com\/de\/wp-json\/wp\/v2\/product_cat?post=8327"},{"taxonomy":"product_tag","embeddable":true,"href":"https:\/\/graphimarket.com\/de\/wp-json\/wp\/v2\/product_tag?post=8327"}],"curies":[{"name":"wp","href":"https:\/\/api.w.org\/{rel}","templated":true}]}}