{"id":8339,"date":"2020-09-11T17:44:02","date_gmt":"2020-09-11T15:44:02","guid":{"rendered":"https:\/\/graphimarket.com\/?post_type=product&#038;p=8339"},"modified":"2022-12-19T23:19:13","modified_gmt":"2022-12-19T22:19:13","slug":"pastels-illustrator-brush-kit","status":"publish","type":"product","link":"https:\/\/graphimarket.com\/de\/product\/pastels-illustrator-brush-kit\/","title":{"rendered":"Pastell Illustrator Pinsel-Kit"},"content":{"rendered":"<p>Pastell Illustrator Pinsel-Kit<\/p>\n<p>In diesem Set erhalten Sie 43 REALISTISCHE Pinsel im Pastell-Look und 25 Pastellfarben in 5 Farbfeldgruppen f\u00fcr authentische Pastellfarben. Sie werden es lieben, diese Pinsel in Illustrator f\u00fcr alle Arten von Projekten zu verwenden, von Illustrationen f\u00fcr Kinder, Illustrationen im Grunge-Stil, Comics und realistische Projekte.<\/p>\n<p>Illustrator- und Photoshop-Pinsel:<\/p>\n<p>Pastellpinsel 9 \u2013 NONSTRETCHING CC+ Version \u2013 9 Brushes funktioniert mit Adobe Photoshop CC+ Pastel Brushes 9 \u2013 NONSTRETCHING HD Version \u2013 9 Brushes funktioniert mit Adobe Photoshop CS3+ Pastel Brushes 10 \u2013 Class Painting \u2013 10 Brushes funktioniert mit Adobe Illustrator CS3+ \u2013 12 Pinsel funktioniert mit Adobe Illustrator CS3+ Pastel Brushes 12 \u2013 Stretching High Performace \u2013 12 Pinsel funktioniert mit Adobe Illustrator CS3+ Pastels Colors Swatches \u2013 25 Pastellfarben in 5 Swatch-Gruppen funktioniert mit Adobe Illustrator CS3+<\/p>\n<p>Die oben gezeigten Illustrationen (Vorschaubilder) wurden mit diesen Pinseln von der gro\u00dfartigen Designerin Valeriia Domino erstellt<\/p>\n<p>Funktioniert mit Adobe Illustrator CS3 und h\u00f6her.<\/p>\n<p>Um die Pinsel zu verwenden, w\u00e4hlen Sie einfach einen Pinsel aus, w\u00e4hlen Sie das Pinselwerkzeug aus und zeichnen Sie. Die Farbe und Breite der Striche kann einfach angepasst werden. Wenn Sie die Pinsel oder die Kreation lieben, was Sie damit gemacht haben, z\u00f6gern Sie nicht, sie zu teilen!<\/p>\n<p>TEXT INSTALLATIONSANLEITUNG:<\/p>\n<p>Windows-Benutzer: Sie m\u00fcssen sie in Illustrator \u00f6ffnen: Pinsel \u2013 Andere Bibliothek \u2013 Pinsel finden und einfach darauf klicken.<\/p>\n<p>Mac-Benutzer: Kopieren Sie einfach alle Pinseldateien in Ihre Illustrator-Pinselbibliothek. (Benutzer \u2013 Bibliothek \u2013 Anwendungsunterst\u00fctzung \u2013 Adobe \u2013 Adobe Illustrator (Ihre Version) \u2013 Ihre Sprache \u2013 Pinsel)<\/p>\n<p>&nbsp;<\/p>\n<p><img fetchpriority=\"high\" decoding=\"async\" class=\"aligncenter wp-image-8341 size-full\" src=\"https:\/\/graphimarket.com\/wp-content\/uploads\/2020\/09\/71061239-47e7-4a7a-bf18-f2f222ba0482.jpg\" alt=\"\" width=\"900\" height=\"600\" srcset=\"https:\/\/graphimarket.com\/wp-content\/uploads\/2020\/09\/71061239-47e7-4a7a-bf18-f2f222ba0482.jpg 900w, https:\/\/graphimarket.com\/wp-content\/uploads\/2020\/09\/71061239-47e7-4a7a-bf18-f2f222ba0482-600x400.jpg 600w, https:\/\/graphimarket.com\/wp-content\/uploads\/2020\/09\/71061239-47e7-4a7a-bf18-f2f222ba0482-300x200.jpg 300w, https:\/\/graphimarket.com\/wp-content\/uploads\/2020\/09\/71061239-47e7-4a7a-bf18-f2f222ba0482-768x512.jpg 768w\" sizes=\"(max-width: 900px) 100vw, 900px\" \/> <img decoding=\"async\" class=\"aligncenter wp-image-8342 size-full\" src=\"https:\/\/graphimarket.com\/wp-content\/uploads\/2020\/09\/a8c42e29-40fc-4bbc-b82c-32139a5d701b-1.jpg\" alt=\"\" width=\"710\" height=\"473\" srcset=\"https:\/\/graphimarket.com\/wp-content\/uploads\/2020\/09\/a8c42e29-40fc-4bbc-b82c-32139a5d701b-1.jpg 710w, https:\/\/graphimarket.com\/wp-content\/uploads\/2020\/09\/a8c42e29-40fc-4bbc-b82c-32139a5d701b-1-600x400.jpg 600w, https:\/\/graphimarket.com\/wp-content\/uploads\/2020\/09\/a8c42e29-40fc-4bbc-b82c-32139a5d701b-1-300x200.jpg 300w\" sizes=\"(max-width: 710px) 100vw, 710px\" \/> <img decoding=\"async\" class=\"aligncenter wp-image-8343 size-full\" src=\"https:\/\/graphimarket.com\/wp-content\/uploads\/2020\/09\/bbf9d45b-27a6-4847-bc09-cdeea57b0f4a.jpg\" alt=\"\" width=\"900\" height=\"600\" srcset=\"https:\/\/graphimarket.com\/wp-content\/uploads\/2020\/09\/bbf9d45b-27a6-4847-bc09-cdeea57b0f4a.jpg 900w, https:\/\/graphimarket.com\/wp-content\/uploads\/2020\/09\/bbf9d45b-27a6-4847-bc09-cdeea57b0f4a-600x400.jpg 600w, https:\/\/graphimarket.com\/wp-content\/uploads\/2020\/09\/bbf9d45b-27a6-4847-bc09-cdeea57b0f4a-300x200.jpg 300w, https:\/\/graphimarket.com\/wp-content\/uploads\/2020\/09\/bbf9d45b-27a6-4847-bc09-cdeea57b0f4a-768x512.jpg 768w\" sizes=\"(max-width: 900px) 100vw, 900px\" \/> <img loading=\"lazy\" decoding=\"async\" class=\"aligncenter wp-image-8344 size-full\" src=\"https:\/\/graphimarket.com\/wp-content\/uploads\/2020\/09\/bf053a64-501e-40e5-acb9-c35e1b6368cf.jpg\" alt=\"\" width=\"900\" height=\"600\" srcset=\"https:\/\/graphimarket.com\/wp-content\/uploads\/2020\/09\/bf053a64-501e-40e5-acb9-c35e1b6368cf.jpg 900w, https:\/\/graphimarket.com\/wp-content\/uploads\/2020\/09\/bf053a64-501e-40e5-acb9-c35e1b6368cf-600x400.jpg 600w, https:\/\/graphimarket.com\/wp-content\/uploads\/2020\/09\/bf053a64-501e-40e5-acb9-c35e1b6368cf-300x200.jpg 300w, https:\/\/graphimarket.com\/wp-content\/uploads\/2020\/09\/bf053a64-501e-40e5-acb9-c35e1b6368cf-768x512.jpg 768w\" sizes=\"(max-width: 900px) 100vw, 900px\" \/> <img loading=\"lazy\" decoding=\"async\" class=\"aligncenter wp-image-8345 size-full\" src=\"https:\/\/graphimarket.com\/wp-content\/uploads\/2020\/09\/dfc6453a-1911-42cc-aea3-36b12c429c94.jpg\" alt=\"\" width=\"900\" height=\"600\" srcset=\"https:\/\/graphimarket.com\/wp-content\/uploads\/2020\/09\/dfc6453a-1911-42cc-aea3-36b12c429c94.jpg 900w, https:\/\/graphimarket.com\/wp-content\/uploads\/2020\/09\/dfc6453a-1911-42cc-aea3-36b12c429c94-600x400.jpg 600w, https:\/\/graphimarket.com\/wp-content\/uploads\/2020\/09\/dfc6453a-1911-42cc-aea3-36b12c429c94-300x200.jpg 300w, https:\/\/graphimarket.com\/wp-content\/uploads\/2020\/09\/dfc6453a-1911-42cc-aea3-36b12c429c94-768x512.jpg 768w\" sizes=\"(max-width: 900px) 100vw, 900px\" \/> <img loading=\"lazy\" decoding=\"async\" class=\"aligncenter wp-image-8346 size-full\" src=\"https:\/\/graphimarket.com\/wp-content\/uploads\/2020\/09\/8a39f688-5e61-492c-b655-6279766aab30.jpg\" alt=\"\" width=\"900\" height=\"600\" srcset=\"https:\/\/graphimarket.com\/wp-content\/uploads\/2020\/09\/8a39f688-5e61-492c-b655-6279766aab30.jpg 900w, https:\/\/graphimarket.com\/wp-content\/uploads\/2020\/09\/8a39f688-5e61-492c-b655-6279766aab30-600x400.jpg 600w, https:\/\/graphimarket.com\/wp-content\/uploads\/2020\/09\/8a39f688-5e61-492c-b655-6279766aab30-300x200.jpg 300w, https:\/\/graphimarket.com\/wp-content\/uploads\/2020\/09\/8a39f688-5e61-492c-b655-6279766aab30-768x512.jpg 768w\" sizes=\"(max-width: 900px) 100vw, 900px\" \/><\/p>\n<p>&nbsp;<\/p>\n<p>&nbsp;<\/p>","protected":false},"excerpt":{"rendered":"<p>Pastels Illustrator Brush-Kit In this set you will get 43 REALISTIC pastels look brushes and 25 pastel colors in 5 swatches groups for authentic pastel colors.You will love to use this brushes in Illustrator on any kind of projects, from illustrations for kids, grunge style illustrations, comic and realistic projects. Illustrator and Photoshop Brushes: Pastel [&hellip;]<\/p>\n","protected":false},"featured_media":8340,"comment_status":"open","ping_status":"closed","template":"","meta":{"site-sidebar-layout":"default","site-content-layout":"default","ast-site-content-layout":"default","site-content-style":"default","site-sidebar-style":"default","ast-global-header-display":"","ast-banner-title-visibility":"","ast-main-header-display":"","ast-hfb-above-header-display":"","ast-hfb-below-header-display":"","ast-hfb-mobile-header-display":"","site-post-title":"","ast-breadcrumbs-content":"","ast-featured-img":"","footer-sml-layout":"","ast-disable-related-posts":"","theme-transparent-header-meta":"default","adv-header-id-meta":"","stick-header-meta":"","header-above-stick-meta":"","header-main-stick-meta":"","header-below-stick-meta":"","astra-migrate-meta-layouts":"default","ast-page-background-enabled":"default","ast-page-background-meta":{"desktop":{"background-color":"","background-image":"","background-repeat":"repeat","background-position":"center center","background-size":"auto","background-attachment":"scroll","background-type":"","background-media":"","overlay-type":"","overlay-color":"","overlay-opacity":"","overlay-gradient":""},"tablet":{"background-color":"","background-image":"","background-repeat":"repeat","background-position":"center center","background-size":"auto","background-attachment":"scroll","background-type":"","background-media":"","overlay-type":"","overlay-color":"","overlay-opacity":"","overlay-gradient":""},"mobile":{"background-color":"","background-image":"","background-repeat":"repeat","background-position":"center center","background-size":"auto","background-attachment":"scroll","background-type":"","background-media":"","overlay-type":"","overlay-color":"","overlay-opacity":"","overlay-gradient":""}},"ast-content-background-meta":{"desktop":{"background-color":"var(--ast-global-color-5)","background-image":"","background-repeat":"repeat","background-position":"center center","background-size":"auto","background-attachment":"scroll","background-type":"","background-media":"","overlay-type":"","overlay-color":"","overlay-opacity":"","overlay-gradient":""},"tablet":{"background-color":"var(--ast-global-color-5)","background-image":"","background-repeat":"repeat","background-position":"center center","background-size":"auto","background-attachment":"scroll","background-type":"","background-media":"","overlay-type":"","overlay-color":"","overlay-opacity":"","overlay-gradient":""},"mobile":{"background-color":"var(--ast-global-color-5)","background-image":"","background-repeat":"repeat","background-position":"center center","background-size":"auto","background-attachment":"scroll","background-type":"","background-media":"","overlay-type":"","overlay-color":"","overlay-opacity":"","overlay-gradient":""}}},"product_brand":[],"product_cat":[97,197,195,170],"product_tag":[423,389,231,480,477,476,431,426,479,445,475,277,478,439,276],"class_list":{"0":"post-8339","1":"product","2":"type-product","3":"status-publish","4":"has-post-thumbnail","6":"product_cat-addons","7":"product_cat-brushes","8":"product_cat-photoshop","9":"product_cat-textures","10":"product_tag-addons","11":"product_tag-brush","12":"product_tag-brushes","13":"product_tag-cartoon","14":"product_tag-crayon","15":"product_tag-crayons","16":"product_tag-illustation","17":"product_tag-illustrator","18":"product_tag-kit","19":"product_tag-pastel","20":"product_tag-pastels","21":"product_tag-retro","22":"product_tag-swatches","23":"product_tag-textured","24":"product_tag-vintage","25":"desktop-align-left","26":"tablet-align-left","27":"mobile-align-left","29":"first","30":"instock","31":"downloadable","32":"virtual","33":"taxable","34":"purchasable","35":"product-type-simple"},"yoast_head":"<!-- This site is optimized with the Yoast SEO plugin v27.3 - https:\/\/yoast.com\/product\/yoast-seo-wordpress\/ -->\n<title>Pastels Illustrator Brush-Kit - Graphimarket<\/title>\n<meta name=\"description\" content=\"Pastels Illustrator Brush-KitIn this set you will get 43 REALISTIC pastels look brushes and 25 pastel colors in 5 swatches groups...\" \/>\n<meta name=\"robots\" content=\"index, follow, max-snippet:-1, max-image-preview:large, max-video-preview:-1\" \/>\n<link rel=\"canonical\" href=\"http:\/\/graphimarket.com\/de\/product\/pastels-illustrator-brush-kit\/\" \/>\n<meta property=\"og:locale\" content=\"de_DE\" \/>\n<meta property=\"og:type\" content=\"article\" \/>\n<meta property=\"og:title\" content=\"Pastels Illustrator Brush-Kit - Graphimarket\" \/>\n<meta property=\"og:description\" content=\"Pastels Illustrator Brush-KitIn this set you will get 43 REALISTIC pastels look brushes and 25 pastel colors in 5 swatches groups...\" \/>\n<meta property=\"og:url\" content=\"http:\/\/graphimarket.com\/de\/product\/pastels-illustrator-brush-kit\/\" \/>\n<meta property=\"og:site_name\" content=\"Graphimarket\" \/>\n<meta property=\"article:modified_time\" content=\"2022-12-19T22:19:13+00:00\" \/>\n<meta property=\"og:image\" content=\"https:\/\/graphimarket.com\/wp-content\/uploads\/2020\/09\/a8c42e29-40fc-4bbc-b82c-32139a5d701b.jpg\" \/>\n\t<meta property=\"og:image:width\" content=\"710\" \/>\n\t<meta property=\"og:image:height\" content=\"473\" \/>\n\t<meta property=\"og:image:type\" content=\"image\/jpeg\" \/>\n<meta name=\"twitter:card\" content=\"summary_large_image\" \/>\n<meta name=\"twitter:label1\" content=\"Est. reading time\" \/>\n\t<meta name=\"twitter:data1\" content=\"1 minute\" \/>\n<script type=\"application\/ld+json\" class=\"yoast-schema-graph\">{\"@context\":\"https:\\\/\\\/schema.org\",\"@graph\":[{\"@type\":\"WebPage\",\"@id\":\"http:\\\/\\\/graphimarket.com\\\/en\\\/product\\\/pastels-illustrator-brush-kit\\\/\",\"url\":\"http:\\\/\\\/graphimarket.com\\\/en\\\/product\\\/pastels-illustrator-brush-kit\\\/\",\"name\":\"Pastels Illustrator Brush-Kit - Graphimarket\",\"isPartOf\":{\"@id\":\"https:\\\/\\\/graphimarket.com\\\/fr\\\/#website\"},\"primaryImageOfPage\":{\"@id\":\"http:\\\/\\\/graphimarket.com\\\/en\\\/product\\\/pastels-illustrator-brush-kit\\\/#primaryimage\"},\"image\":{\"@id\":\"http:\\\/\\\/graphimarket.com\\\/en\\\/product\\\/pastels-illustrator-brush-kit\\\/#primaryimage\"},\"thumbnailUrl\":\"https:\\\/\\\/graphimarket.com\\\/wp-content\\\/uploads\\\/2020\\\/09\\\/a8c42e29-40fc-4bbc-b82c-32139a5d701b.jpg\",\"datePublished\":\"2020-09-11T15:44:02+00:00\",\"dateModified\":\"2022-12-19T22:19:13+00:00\",\"description\":\"Pastels Illustrator Brush-KitIn this set you will get 43 REALISTIC pastels look brushes and 25 pastel colors in 5 swatches groups...\",\"breadcrumb\":{\"@id\":\"http:\\\/\\\/graphimarket.com\\\/en\\\/product\\\/pastels-illustrator-brush-kit\\\/#breadcrumb\"},\"inLanguage\":\"de-DE\",\"potentialAction\":[{\"@type\":\"ReadAction\",\"target\":[\"http:\\\/\\\/graphimarket.com\\\/en\\\/product\\\/pastels-illustrator-brush-kit\\\/\"]}]},{\"@type\":\"ImageObject\",\"inLanguage\":\"de-DE\",\"@id\":\"http:\\\/\\\/graphimarket.com\\\/en\\\/product\\\/pastels-illustrator-brush-kit\\\/#primaryimage\",\"url\":\"https:\\\/\\\/graphimarket.com\\\/wp-content\\\/uploads\\\/2020\\\/09\\\/a8c42e29-40fc-4bbc-b82c-32139a5d701b.jpg\",\"contentUrl\":\"https:\\\/\\\/graphimarket.com\\\/wp-content\\\/uploads\\\/2020\\\/09\\\/a8c42e29-40fc-4bbc-b82c-32139a5d701b.jpg\",\"width\":710,\"height\":473},{\"@type\":\"BreadcrumbList\",\"@id\":\"http:\\\/\\\/graphimarket.com\\\/en\\\/product\\\/pastels-illustrator-brush-kit\\\/#breadcrumb\",\"itemListElement\":[{\"@type\":\"ListItem\",\"position\":1,\"name\":\"Home\",\"item\":\"https:\\\/\\\/graphimarket.com\\\/es\\\/\"},{\"@type\":\"ListItem\",\"position\":2,\"name\":\"Store\",\"item\":\"https:\\\/\\\/graphimarket.com\\\/store\\\/\"},{\"@type\":\"ListItem\",\"position\":3,\"name\":\"Pastels Illustrator Brush-Kit\"}]},{\"@type\":\"WebSite\",\"@id\":\"https:\\\/\\\/graphimarket.com\\\/fr\\\/#website\",\"url\":\"https:\\\/\\\/graphimarket.com\\\/fr\\\/\",\"name\":\"Graphimarket\",\"description\":\"Find the perfect creative asset to bring your project to life\",\"publisher\":{\"@id\":\"https:\\\/\\\/graphimarket.com\\\/fr\\\/#organization\"},\"potentialAction\":[{\"@type\":\"SearchAction\",\"target\":{\"@type\":\"EntryPoint\",\"urlTemplate\":\"https:\\\/\\\/graphimarket.com\\\/fr\\\/?s={search_term_string}\"},\"query-input\":{\"@type\":\"PropertyValueSpecification\",\"valueRequired\":true,\"valueName\":\"search_term_string\"}}],\"inLanguage\":\"de-DE\"},{\"@type\":\"Organization\",\"@id\":\"https:\\\/\\\/graphimarket.com\\\/fr\\\/#organization\",\"name\":\"Graphimarket\",\"url\":\"https:\\\/\\\/graphimarket.com\\\/fr\\\/\",\"logo\":{\"@type\":\"ImageObject\",\"inLanguage\":\"de-DE\",\"@id\":\"https:\\\/\\\/graphimarket.com\\\/fr\\\/#\\\/schema\\\/logo\\\/image\\\/\",\"url\":\"https:\\\/\\\/graphimarket.com\\\/wp-content\\\/uploads\\\/2020\\\/08\\\/logo-48.png\",\"contentUrl\":\"https:\\\/\\\/graphimarket.com\\\/wp-content\\\/uploads\\\/2020\\\/08\\\/logo-48.png\",\"width\":132,\"height\":48,\"caption\":\"Graphimarket\"},\"image\":{\"@id\":\"https:\\\/\\\/graphimarket.com\\\/fr\\\/#\\\/schema\\\/logo\\\/image\\\/\"}}]}<\/script>\n<!-- \/ Yoast SEO plugin. -->","yoast_head_json":{"title":"Pastell-Illustrator-Pinsel-Kit - Graphimarket","description":"Pastels Illustrator Brush-KitIn diesem Set erhalten Sie 43 REALISTISCHE Pinsel im Pastell-Look und 25 Pastellfarben in 5 Farbfeldgruppen...","robots":{"index":"index","follow":"follow","max-snippet":"max-snippet:-1","max-image-preview":"max-image-preview:large","max-video-preview":"max-video-preview:-1"},"canonical":"http:\/\/graphimarket.com\/de\/product\/pastels-illustrator-brush-kit\/","og_locale":"de_DE","og_type":"article","og_title":"Pastels Illustrator Brush-Kit - Graphimarket","og_description":"Pastels Illustrator Brush-KitIn this set you will get 43 REALISTIC pastels look brushes and 25 pastel colors in 5 swatches groups...","og_url":"http:\/\/graphimarket.com\/de\/product\/pastels-illustrator-brush-kit\/","og_site_name":"Graphimarket","article_modified_time":"2022-12-19T22:19:13+00:00","og_image":[{"width":710,"height":473,"url":"https:\/\/graphimarket.com\/wp-content\/uploads\/2020\/09\/a8c42e29-40fc-4bbc-b82c-32139a5d701b.jpg","type":"image\/jpeg"}],"twitter_card":"summary_large_image","twitter_misc":{"Est. reading time":"1 minute"},"schema":{"@context":"https:\/\/schema.org","@graph":[{"@type":"WebPage","@id":"http:\/\/graphimarket.com\/en\/product\/pastels-illustrator-brush-kit\/","url":"http:\/\/graphimarket.com\/en\/product\/pastels-illustrator-brush-kit\/","name":"Pastell-Illustrator-Pinsel-Kit - Graphimarket","isPartOf":{"@id":"https:\/\/graphimarket.com\/fr\/#website"},"primaryImageOfPage":{"@id":"http:\/\/graphimarket.com\/en\/product\/pastels-illustrator-brush-kit\/#primaryimage"},"image":{"@id":"http:\/\/graphimarket.com\/en\/product\/pastels-illustrator-brush-kit\/#primaryimage"},"thumbnailUrl":"https:\/\/graphimarket.com\/wp-content\/uploads\/2020\/09\/a8c42e29-40fc-4bbc-b82c-32139a5d701b.jpg","datePublished":"2020-09-11T15:44:02+00:00","dateModified":"2022-12-19T22:19:13+00:00","description":"Pastels Illustrator Brush-KitIn diesem Set erhalten Sie 43 REALISTISCHE Pinsel im Pastell-Look und 25 Pastellfarben in 5 Farbfeldgruppen...","breadcrumb":{"@id":"http:\/\/graphimarket.com\/en\/product\/pastels-illustrator-brush-kit\/#breadcrumb"},"inLanguage":"de-DE","potentialAction":[{"@type":"ReadAction","target":["http:\/\/graphimarket.com\/en\/product\/pastels-illustrator-brush-kit\/"]}]},{"@type":"ImageObject","inLanguage":"de-DE","@id":"http:\/\/graphimarket.com\/en\/product\/pastels-illustrator-brush-kit\/#primaryimage","url":"https:\/\/graphimarket.com\/wp-content\/uploads\/2020\/09\/a8c42e29-40fc-4bbc-b82c-32139a5d701b.jpg","contentUrl":"https:\/\/graphimarket.com\/wp-content\/uploads\/2020\/09\/a8c42e29-40fc-4bbc-b82c-32139a5d701b.jpg","width":710,"height":473},{"@type":"BreadcrumbList","@id":"http:\/\/graphimarket.com\/en\/product\/pastels-illustrator-brush-kit\/#breadcrumb","itemListElement":[{"@type":"ListItem","position":1,"name":"Home","item":"https:\/\/graphimarket.com\/es\/"},{"@type":"ListItem","position":2,"name":"Store","item":"https:\/\/graphimarket.com\/store\/"},{"@type":"ListItem","position":3,"name":"Pastels Illustrator Brush-Kit"}]},{"@type":"WebSite","@id":"https:\/\/graphimarket.com\/fr\/#website","url":"https:\/\/graphimarket.com\/fr\/","name":"Graphimarket","description":"Finden Sie das perfekte kreative Kapital, um Ihr Projekt zum Leben zu erwecken","publisher":{"@id":"https:\/\/graphimarket.com\/fr\/#organization"},"potentialAction":[{"@type":"SearchAction","target":{"@type":"EntryPoint","urlTemplate":"https:\/\/graphimarket.com\/fr\/?s={search_term_string}"},"query-input":{"@type":"PropertyValueSpecification","valueRequired":true,"valueName":"search_term_string"}}],"inLanguage":"de-DE"},{"@type":"Organization","@id":"https:\/\/graphimarket.com\/fr\/#organization","name":"Graphimarket","url":"https:\/\/graphimarket.com\/fr\/","logo":{"@type":"ImageObject","inLanguage":"de-DE","@id":"https:\/\/graphimarket.com\/fr\/#\/schema\/logo\/image\/","url":"https:\/\/graphimarket.com\/wp-content\/uploads\/2020\/08\/logo-48.png","contentUrl":"https:\/\/graphimarket.com\/wp-content\/uploads\/2020\/08\/logo-48.png","width":132,"height":48,"caption":"Graphimarket"},"image":{"@id":"https:\/\/graphimarket.com\/fr\/#\/schema\/logo\/image\/"}}]}},"_links":{"self":[{"href":"https:\/\/graphimarket.com\/de\/wp-json\/wp\/v2\/product\/8339","targetHints":{"allow":["GET"]}}],"collection":[{"href":"https:\/\/graphimarket.com\/de\/wp-json\/wp\/v2\/product"}],"about":[{"href":"https:\/\/graphimarket.com\/de\/wp-json\/wp\/v2\/types\/product"}],"replies":[{"embeddable":true,"href":"https:\/\/graphimarket.com\/de\/wp-json\/wp\/v2\/comments?post=8339"}],"version-history":[{"count":0,"href":"https:\/\/graphimarket.com\/de\/wp-json\/wp\/v2\/product\/8339\/revisions"}],"wp:featuredmedia":[{"embeddable":true,"href":"https:\/\/graphimarket.com\/de\/wp-json\/wp\/v2\/media\/8340"}],"wp:attachment":[{"href":"https:\/\/graphimarket.com\/de\/wp-json\/wp\/v2\/media?parent=8339"}],"wp:term":[{"taxonomy":"product_brand","embeddable":true,"href":"https:\/\/graphimarket.com\/de\/wp-json\/wp\/v2\/product_brand?post=8339"},{"taxonomy":"product_cat","embeddable":true,"href":"https:\/\/graphimarket.com\/de\/wp-json\/wp\/v2\/product_cat?post=8339"},{"taxonomy":"product_tag","embeddable":true,"href":"https:\/\/graphimarket.com\/de\/wp-json\/wp\/v2\/product_tag?post=8339"}],"curies":[{"name":"wp","href":"https:\/\/api.w.org\/{rel}","templated":true}]}}