{"id":8407,"date":"2020-09-11T19:06:38","date_gmt":"2020-09-11T17:06:38","guid":{"rendered":"https:\/\/graphimarket.com\/?post_type=product&#038;p=8407"},"modified":"2022-12-19T23:17:29","modified_gmt":"2022-12-19T22:17:29","slug":"procreate-patterns-brushes-set","status":"publish","type":"product","link":"https:\/\/graphimarket.com\/de\/product\/procreate-patterns-brushes-set\/","title":{"rendered":"Muster erstellen: Pinsel setzen"},"content":{"rendered":"<p>Muster erstellen: Pinsel setzen<\/p>\n<p>Ich ziehe mich vom Laptop zur\u00fcck und bevorzuge stattdessen mein iPad Pro. Von einer Seite bequemer und von einer anderen Seite mehr k\u00fcnstlerische Freiheit. Au\u00dferdem, wer w\u00fcrde sich weigern, mit den Trends Schritt zu halten!<\/p>\n<p>Meine neue Kollektion von Musterpinseln wurde genau so erstellt, dass sie die Bed\u00fcrfnisse und kreativen Ideen meiner iPad Pro-Kollegen befriedigt - und sie ist so lebendig! Es enth\u00e4lt 45 Pinsel, die Sie einfach anpassen und zu Ihren Bildern bringen k\u00f6nnen. Oder erstellen Sie Ihre eigenen Kompositionen, warum nicht?<\/p>\n<p>Verwenden Sie die Pinsel intuitiv, f\u00fcgen Sie einige Farbakzente hinzu und sehen Sie sich die Entdeckungen an, die ich mit den Pinseln gemacht habe, um mehr Inspiration zu erhalten. Oh, ich bezweifle nie, dass sie dein Lieblingswerkzeug werden \ud83d\ude00<\/p>\n<p><strong>Eigenschaften:<\/strong><\/p>\n<ul>\n<li>45 PNG-Dateien (300 DPI)<\/li>\n<li>45 B\u00fcrsten f\u00fcr\u00a0<strong>Zeugen<\/strong><\/li>\n<li>Vollst\u00e4ndig anpassbar<\/li>\n<\/ul>\n<p><img fetchpriority=\"high\" decoding=\"async\" class=\"aligncenter wp-image-8408 size-full\" src=\"https:\/\/graphimarket.com\/wp-content\/uploads\/2020\/09\/9858ab17-c590-4c50-84a1-b780db9ebc02.jpg\" alt=\"\" width=\"900\" height=\"600\" srcset=\"https:\/\/graphimarket.com\/wp-content\/uploads\/2020\/09\/9858ab17-c590-4c50-84a1-b780db9ebc02.jpg 900w, https:\/\/graphimarket.com\/wp-content\/uploads\/2020\/09\/9858ab17-c590-4c50-84a1-b780db9ebc02-600x400.jpg 600w, https:\/\/graphimarket.com\/wp-content\/uploads\/2020\/09\/9858ab17-c590-4c50-84a1-b780db9ebc02-300x200.jpg 300w, https:\/\/graphimarket.com\/wp-content\/uploads\/2020\/09\/9858ab17-c590-4c50-84a1-b780db9ebc02-768x512.jpg 768w\" sizes=\"(max-width: 900px) 100vw, 900px\" \/> <img decoding=\"async\" class=\"aligncenter wp-image-8409 size-full\" src=\"https:\/\/graphimarket.com\/wp-content\/uploads\/2020\/09\/50961d05-2cd1-4c34-ad6c-8ce138d72783.jpg\" alt=\"\" width=\"900\" height=\"600\" srcset=\"https:\/\/graphimarket.com\/wp-content\/uploads\/2020\/09\/50961d05-2cd1-4c34-ad6c-8ce138d72783.jpg 900w, https:\/\/graphimarket.com\/wp-content\/uploads\/2020\/09\/50961d05-2cd1-4c34-ad6c-8ce138d72783-600x400.jpg 600w, https:\/\/graphimarket.com\/wp-content\/uploads\/2020\/09\/50961d05-2cd1-4c34-ad6c-8ce138d72783-300x200.jpg 300w, https:\/\/graphimarket.com\/wp-content\/uploads\/2020\/09\/50961d05-2cd1-4c34-ad6c-8ce138d72783-768x512.jpg 768w\" sizes=\"(max-width: 900px) 100vw, 900px\" \/> <img decoding=\"async\" class=\"aligncenter wp-image-8410 size-full\" src=\"https:\/\/graphimarket.com\/wp-content\/uploads\/2020\/09\/535413da-657e-4b80-87f1-96e9f2dcbb90.jpg\" alt=\"\" width=\"900\" height=\"600\" srcset=\"https:\/\/graphimarket.com\/wp-content\/uploads\/2020\/09\/535413da-657e-4b80-87f1-96e9f2dcbb90.jpg 900w, https:\/\/graphimarket.com\/wp-content\/uploads\/2020\/09\/535413da-657e-4b80-87f1-96e9f2dcbb90-600x400.jpg 600w, https:\/\/graphimarket.com\/wp-content\/uploads\/2020\/09\/535413da-657e-4b80-87f1-96e9f2dcbb90-300x200.jpg 300w, https:\/\/graphimarket.com\/wp-content\/uploads\/2020\/09\/535413da-657e-4b80-87f1-96e9f2dcbb90-768x512.jpg 768w\" sizes=\"(max-width: 900px) 100vw, 900px\" \/> <img loading=\"lazy\" decoding=\"async\" class=\"aligncenter wp-image-8411 size-full\" src=\"https:\/\/graphimarket.com\/wp-content\/uploads\/2020\/09\/57850143-b249-445e-9e6a-9cc1b75962cd.jpg\" alt=\"\" width=\"900\" height=\"605\" srcset=\"https:\/\/graphimarket.com\/wp-content\/uploads\/2020\/09\/57850143-b249-445e-9e6a-9cc1b75962cd.jpg 900w, https:\/\/graphimarket.com\/wp-content\/uploads\/2020\/09\/57850143-b249-445e-9e6a-9cc1b75962cd-600x403.jpg 600w, https:\/\/graphimarket.com\/wp-content\/uploads\/2020\/09\/57850143-b249-445e-9e6a-9cc1b75962cd-300x202.jpg 300w, https:\/\/graphimarket.com\/wp-content\/uploads\/2020\/09\/57850143-b249-445e-9e6a-9cc1b75962cd-768x516.jpg 768w\" sizes=\"(max-width: 900px) 100vw, 900px\" \/> <img loading=\"lazy\" decoding=\"async\" class=\"aligncenter wp-image-8412 size-full\" src=\"https:\/\/graphimarket.com\/wp-content\/uploads\/2020\/09\/a181837a-fee0-4b94-bb22-66e47b8dd1ea.jpg\" alt=\"\" width=\"900\" height=\"605\" srcset=\"https:\/\/graphimarket.com\/wp-content\/uploads\/2020\/09\/a181837a-fee0-4b94-bb22-66e47b8dd1ea.jpg 900w, https:\/\/graphimarket.com\/wp-content\/uploads\/2020\/09\/a181837a-fee0-4b94-bb22-66e47b8dd1ea-600x403.jpg 600w, https:\/\/graphimarket.com\/wp-content\/uploads\/2020\/09\/a181837a-fee0-4b94-bb22-66e47b8dd1ea-300x202.jpg 300w, https:\/\/graphimarket.com\/wp-content\/uploads\/2020\/09\/a181837a-fee0-4b94-bb22-66e47b8dd1ea-768x516.jpg 768w\" sizes=\"(max-width: 900px) 100vw, 900px\" \/> <img loading=\"lazy\" decoding=\"async\" class=\"aligncenter wp-image-8413 size-full\" src=\"https:\/\/graphimarket.com\/wp-content\/uploads\/2020\/09\/2ba11851-0135-4c47-aeff-5b0e78a681c2.jpg\" alt=\"\" width=\"900\" height=\"600\" srcset=\"https:\/\/graphimarket.com\/wp-content\/uploads\/2020\/09\/2ba11851-0135-4c47-aeff-5b0e78a681c2.jpg 900w, https:\/\/graphimarket.com\/wp-content\/uploads\/2020\/09\/2ba11851-0135-4c47-aeff-5b0e78a681c2-600x400.jpg 600w, https:\/\/graphimarket.com\/wp-content\/uploads\/2020\/09\/2ba11851-0135-4c47-aeff-5b0e78a681c2-300x200.jpg 300w, https:\/\/graphimarket.com\/wp-content\/uploads\/2020\/09\/2ba11851-0135-4c47-aeff-5b0e78a681c2-768x512.jpg 768w\" sizes=\"(max-width: 900px) 100vw, 900px\" \/><\/p>","protected":false},"excerpt":{"rendered":"<p>Procreate Patterns: Brushes Set I\u2019m pulling away from the laptop and prefer my iPad Pro instead. More convenient from one side and delivering more artistic freedom from another. Besides, who would refuse from keeping up to the trends! My new collection of pattern brushes was created right to satisfy needs and creative ideas of my [&hellip;]<\/p>\n","protected":false},"featured_media":8415,"comment_status":"open","ping_status":"closed","template":"","meta":{"site-sidebar-layout":"default","site-content-layout":"default","ast-site-content-layout":"default","site-content-style":"default","site-sidebar-style":"default","ast-global-header-display":"","ast-banner-title-visibility":"","ast-main-header-display":"","ast-hfb-above-header-display":"","ast-hfb-below-header-display":"","ast-hfb-mobile-header-display":"","site-post-title":"","ast-breadcrumbs-content":"","ast-featured-img":"","footer-sml-layout":"","ast-disable-related-posts":"","theme-transparent-header-meta":"default","adv-header-id-meta":"","stick-header-meta":"","header-above-stick-meta":"","header-main-stick-meta":"","header-below-stick-meta":"","astra-migrate-meta-layouts":"default","ast-page-background-enabled":"default","ast-page-background-meta":{"desktop":{"background-color":"","background-image":"","background-repeat":"repeat","background-position":"center center","background-size":"auto","background-attachment":"scroll","background-type":"","background-media":"","overlay-type":"","overlay-color":"","overlay-opacity":"","overlay-gradient":""},"tablet":{"background-color":"","background-image":"","background-repeat":"repeat","background-position":"center center","background-size":"auto","background-attachment":"scroll","background-type":"","background-media":"","overlay-type":"","overlay-color":"","overlay-opacity":"","overlay-gradient":""},"mobile":{"background-color":"","background-image":"","background-repeat":"repeat","background-position":"center center","background-size":"auto","background-attachment":"scroll","background-type":"","background-media":"","overlay-type":"","overlay-color":"","overlay-opacity":"","overlay-gradient":""}},"ast-content-background-meta":{"desktop":{"background-color":"var(--ast-global-color-5)","background-image":"","background-repeat":"repeat","background-position":"center center","background-size":"auto","background-attachment":"scroll","background-type":"","background-media":"","overlay-type":"","overlay-color":"","overlay-opacity":"","overlay-gradient":""},"tablet":{"background-color":"var(--ast-global-color-5)","background-image":"","background-repeat":"repeat","background-position":"center center","background-size":"auto","background-attachment":"scroll","background-type":"","background-media":"","overlay-type":"","overlay-color":"","overlay-opacity":"","overlay-gradient":""},"mobile":{"background-color":"var(--ast-global-color-5)","background-image":"","background-repeat":"repeat","background-position":"center center","background-size":"auto","background-attachment":"scroll","background-type":"","background-media":"","overlay-type":"","overlay-color":"","overlay-opacity":"","overlay-gradient":""}}},"product_brand":[],"product_cat":[197,142,195,170],"product_tag":[520,389,231,418,518,59,521,275,509,391,432,505,433,519,243],"class_list":{"0":"post-8407","1":"product","2":"type-product","3":"status-publish","4":"has-post-thumbnail","6":"product_cat-brushes","7":"product_cat-patterns","8":"product_cat-photoshop","9":"product_cat-textures","10":"product_tag-apple","11":"product_tag-brush","12":"product_tag-brushes","13":"product_tag-collection","14":"product_tag-comic","15":"product_tag-design","16":"product_tag-element","17":"product_tag-ink","18":"product_tag-ipad","19":"product_tag-paint","20":"product_tag-pattern","21":"product_tag-procreate","22":"product_tag-seamless","23":"product_tag-set","24":"product_tag-texture","25":"desktop-align-left","26":"tablet-align-left","27":"mobile-align-left","29":"first","30":"instock","31":"downloadable","32":"virtual","33":"taxable","34":"purchasable","35":"product-type-simple"},"yoast_head":"<!-- This site is optimized with the Yoast SEO plugin v27.3 - https:\/\/yoast.com\/product\/yoast-seo-wordpress\/ -->\n<title>Procreate Patterns: Brushes Set - Graphimarket<\/title>\n<meta name=\"description\" content=\"Procreate Patterns: Brushes Set\u00a0I\u2019m pulling away from the laptop and prefer my iPad Pro instead. More convenient...\" \/>\n<meta name=\"robots\" content=\"index, follow, max-snippet:-1, max-image-preview:large, max-video-preview:-1\" \/>\n<link rel=\"canonical\" href=\"https:\/\/graphimarket.com\/de\/product\/procreate-patterns-brushes-set\/\" \/>\n<meta property=\"og:locale\" content=\"de_DE\" \/>\n<meta property=\"og:type\" content=\"article\" \/>\n<meta property=\"og:title\" content=\"Procreate Patterns: Brushes Set - Graphimarket\" \/>\n<meta property=\"og:description\" content=\"Procreate Patterns: Brushes Set\u00a0I\u2019m pulling away from the laptop and prefer my iPad Pro instead. More convenient...\" \/>\n<meta property=\"og:url\" content=\"https:\/\/graphimarket.com\/de\/product\/procreate-patterns-brushes-set\/\" \/>\n<meta property=\"og:site_name\" content=\"Graphimarket\" \/>\n<meta property=\"article:modified_time\" content=\"2022-12-19T22:17:29+00:00\" \/>\n<meta property=\"og:image\" content=\"https:\/\/graphimarket.com\/wp-content\/uploads\/2020\/09\/bae3c912-2d3e-4c6c-9e41-13713eed2722.jpg\" \/>\n\t<meta property=\"og:image:width\" content=\"632\" \/>\n\t<meta property=\"og:image:height\" content=\"421\" \/>\n\t<meta property=\"og:image:type\" content=\"image\/jpeg\" \/>\n<meta name=\"twitter:card\" content=\"summary_large_image\" \/>\n<meta name=\"twitter:label1\" content=\"Est. reading time\" \/>\n\t<meta name=\"twitter:data1\" content=\"1 minute\" \/>\n<script type=\"application\/ld+json\" class=\"yoast-schema-graph\">{\"@context\":\"https:\\\/\\\/schema.org\",\"@graph\":[{\"@type\":\"WebPage\",\"@id\":\"https:\\\/\\\/graphimarket.com\\\/product\\\/procreate-patterns-brushes-set\\\/\",\"url\":\"https:\\\/\\\/graphimarket.com\\\/product\\\/procreate-patterns-brushes-set\\\/\",\"name\":\"Procreate Patterns: Brushes Set - Graphimarket\",\"isPartOf\":{\"@id\":\"https:\\\/\\\/graphimarket.com\\\/fr\\\/#website\"},\"primaryImageOfPage\":{\"@id\":\"https:\\\/\\\/graphimarket.com\\\/product\\\/procreate-patterns-brushes-set\\\/#primaryimage\"},\"image\":{\"@id\":\"https:\\\/\\\/graphimarket.com\\\/product\\\/procreate-patterns-brushes-set\\\/#primaryimage\"},\"thumbnailUrl\":\"https:\\\/\\\/graphimarket.com\\\/wp-content\\\/uploads\\\/2020\\\/09\\\/bae3c912-2d3e-4c6c-9e41-13713eed2722.jpg\",\"datePublished\":\"2020-09-11T17:06:38+00:00\",\"dateModified\":\"2022-12-19T22:17:29+00:00\",\"description\":\"Procreate Patterns: Brushes Set\u00a0I\u2019m pulling away from the laptop and prefer my iPad Pro instead. More convenient...\",\"breadcrumb\":{\"@id\":\"https:\\\/\\\/graphimarket.com\\\/product\\\/procreate-patterns-brushes-set\\\/#breadcrumb\"},\"inLanguage\":\"de-DE\",\"potentialAction\":[{\"@type\":\"ReadAction\",\"target\":[\"https:\\\/\\\/graphimarket.com\\\/product\\\/procreate-patterns-brushes-set\\\/\"]}]},{\"@type\":\"ImageObject\",\"inLanguage\":\"de-DE\",\"@id\":\"https:\\\/\\\/graphimarket.com\\\/product\\\/procreate-patterns-brushes-set\\\/#primaryimage\",\"url\":\"https:\\\/\\\/graphimarket.com\\\/wp-content\\\/uploads\\\/2020\\\/09\\\/bae3c912-2d3e-4c6c-9e41-13713eed2722.jpg\",\"contentUrl\":\"https:\\\/\\\/graphimarket.com\\\/wp-content\\\/uploads\\\/2020\\\/09\\\/bae3c912-2d3e-4c6c-9e41-13713eed2722.jpg\",\"width\":632,\"height\":421},{\"@type\":\"BreadcrumbList\",\"@id\":\"https:\\\/\\\/graphimarket.com\\\/product\\\/procreate-patterns-brushes-set\\\/#breadcrumb\",\"itemListElement\":[{\"@type\":\"ListItem\",\"position\":1,\"name\":\"Home\",\"item\":\"https:\\\/\\\/graphimarket.com\\\/es\\\/\"},{\"@type\":\"ListItem\",\"position\":2,\"name\":\"Store\",\"item\":\"https:\\\/\\\/graphimarket.com\\\/store\\\/\"},{\"@type\":\"ListItem\",\"position\":3,\"name\":\"Procreate Patterns: Brushes Set\"}]},{\"@type\":\"WebSite\",\"@id\":\"https:\\\/\\\/graphimarket.com\\\/fr\\\/#website\",\"url\":\"https:\\\/\\\/graphimarket.com\\\/fr\\\/\",\"name\":\"Graphimarket\",\"description\":\"Find the perfect creative asset to bring your project to life\",\"publisher\":{\"@id\":\"https:\\\/\\\/graphimarket.com\\\/fr\\\/#organization\"},\"potentialAction\":[{\"@type\":\"SearchAction\",\"target\":{\"@type\":\"EntryPoint\",\"urlTemplate\":\"https:\\\/\\\/graphimarket.com\\\/fr\\\/?s={search_term_string}\"},\"query-input\":{\"@type\":\"PropertyValueSpecification\",\"valueRequired\":true,\"valueName\":\"search_term_string\"}}],\"inLanguage\":\"de-DE\"},{\"@type\":\"Organization\",\"@id\":\"https:\\\/\\\/graphimarket.com\\\/fr\\\/#organization\",\"name\":\"Graphimarket\",\"url\":\"https:\\\/\\\/graphimarket.com\\\/fr\\\/\",\"logo\":{\"@type\":\"ImageObject\",\"inLanguage\":\"de-DE\",\"@id\":\"https:\\\/\\\/graphimarket.com\\\/fr\\\/#\\\/schema\\\/logo\\\/image\\\/\",\"url\":\"https:\\\/\\\/graphimarket.com\\\/wp-content\\\/uploads\\\/2020\\\/08\\\/logo-48.png\",\"contentUrl\":\"https:\\\/\\\/graphimarket.com\\\/wp-content\\\/uploads\\\/2020\\\/08\\\/logo-48.png\",\"width\":132,\"height\":48,\"caption\":\"Graphimarket\"},\"image\":{\"@id\":\"https:\\\/\\\/graphimarket.com\\\/fr\\\/#\\\/schema\\\/logo\\\/image\\\/\"}}]}<\/script>\n<!-- \/ Yoast SEO plugin. -->","yoast_head_json":{"title":"Muster erstellen: Pinsel-Set - Graphimarket","description":"Muster erstellen: Pinsel-Set Ich ziehe mich vom Laptop zur\u00fcck und bevorzuge stattdessen mein iPad Pro. Bequemer...","robots":{"index":"index","follow":"follow","max-snippet":"max-snippet:-1","max-image-preview":"max-image-preview:large","max-video-preview":"max-video-preview:-1"},"canonical":"https:\/\/graphimarket.com\/de\/product\/procreate-patterns-brushes-set\/","og_locale":"de_DE","og_type":"article","og_title":"Procreate Patterns: Brushes Set - Graphimarket","og_description":"Procreate Patterns: Brushes Set\u00a0I\u2019m pulling away from the laptop and prefer my iPad Pro instead. More convenient...","og_url":"https:\/\/graphimarket.com\/de\/product\/procreate-patterns-brushes-set\/","og_site_name":"Graphimarket","article_modified_time":"2022-12-19T22:17:29+00:00","og_image":[{"width":632,"height":421,"url":"https:\/\/graphimarket.com\/wp-content\/uploads\/2020\/09\/bae3c912-2d3e-4c6c-9e41-13713eed2722.jpg","type":"image\/jpeg"}],"twitter_card":"summary_large_image","twitter_misc":{"Est. reading time":"1 minute"},"schema":{"@context":"https:\/\/schema.org","@graph":[{"@type":"WebPage","@id":"https:\/\/graphimarket.com\/product\/procreate-patterns-brushes-set\/","url":"https:\/\/graphimarket.com\/product\/procreate-patterns-brushes-set\/","name":"Muster erstellen: Pinsel-Set - Graphimarket","isPartOf":{"@id":"https:\/\/graphimarket.com\/fr\/#website"},"primaryImageOfPage":{"@id":"https:\/\/graphimarket.com\/product\/procreate-patterns-brushes-set\/#primaryimage"},"image":{"@id":"https:\/\/graphimarket.com\/product\/procreate-patterns-brushes-set\/#primaryimage"},"thumbnailUrl":"https:\/\/graphimarket.com\/wp-content\/uploads\/2020\/09\/bae3c912-2d3e-4c6c-9e41-13713eed2722.jpg","datePublished":"2020-09-11T17:06:38+00:00","dateModified":"2022-12-19T22:17:29+00:00","description":"Muster erstellen: Pinsel-Set Ich ziehe mich vom Laptop zur\u00fcck und bevorzuge stattdessen mein iPad Pro. Bequemer...","breadcrumb":{"@id":"https:\/\/graphimarket.com\/product\/procreate-patterns-brushes-set\/#breadcrumb"},"inLanguage":"de-DE","potentialAction":[{"@type":"ReadAction","target":["https:\/\/graphimarket.com\/product\/procreate-patterns-brushes-set\/"]}]},{"@type":"ImageObject","inLanguage":"de-DE","@id":"https:\/\/graphimarket.com\/product\/procreate-patterns-brushes-set\/#primaryimage","url":"https:\/\/graphimarket.com\/wp-content\/uploads\/2020\/09\/bae3c912-2d3e-4c6c-9e41-13713eed2722.jpg","contentUrl":"https:\/\/graphimarket.com\/wp-content\/uploads\/2020\/09\/bae3c912-2d3e-4c6c-9e41-13713eed2722.jpg","width":632,"height":421},{"@type":"BreadcrumbList","@id":"https:\/\/graphimarket.com\/product\/procreate-patterns-brushes-set\/#breadcrumb","itemListElement":[{"@type":"ListItem","position":1,"name":"Home","item":"https:\/\/graphimarket.com\/es\/"},{"@type":"ListItem","position":2,"name":"Store","item":"https:\/\/graphimarket.com\/store\/"},{"@type":"ListItem","position":3,"name":"Procreate Patterns: Brushes Set"}]},{"@type":"WebSite","@id":"https:\/\/graphimarket.com\/fr\/#website","url":"https:\/\/graphimarket.com\/fr\/","name":"Graphimarket","description":"Finden Sie das perfekte kreative Kapital, um Ihr Projekt zum Leben zu erwecken","publisher":{"@id":"https:\/\/graphimarket.com\/fr\/#organization"},"potentialAction":[{"@type":"SearchAction","target":{"@type":"EntryPoint","urlTemplate":"https:\/\/graphimarket.com\/fr\/?s={search_term_string}"},"query-input":{"@type":"PropertyValueSpecification","valueRequired":true,"valueName":"search_term_string"}}],"inLanguage":"de-DE"},{"@type":"Organization","@id":"https:\/\/graphimarket.com\/fr\/#organization","name":"Graphimarket","url":"https:\/\/graphimarket.com\/fr\/","logo":{"@type":"ImageObject","inLanguage":"de-DE","@id":"https:\/\/graphimarket.com\/fr\/#\/schema\/logo\/image\/","url":"https:\/\/graphimarket.com\/wp-content\/uploads\/2020\/08\/logo-48.png","contentUrl":"https:\/\/graphimarket.com\/wp-content\/uploads\/2020\/08\/logo-48.png","width":132,"height":48,"caption":"Graphimarket"},"image":{"@id":"https:\/\/graphimarket.com\/fr\/#\/schema\/logo\/image\/"}}]}},"_links":{"self":[{"href":"https:\/\/graphimarket.com\/de\/wp-json\/wp\/v2\/product\/8407","targetHints":{"allow":["GET"]}}],"collection":[{"href":"https:\/\/graphimarket.com\/de\/wp-json\/wp\/v2\/product"}],"about":[{"href":"https:\/\/graphimarket.com\/de\/wp-json\/wp\/v2\/types\/product"}],"replies":[{"embeddable":true,"href":"https:\/\/graphimarket.com\/de\/wp-json\/wp\/v2\/comments?post=8407"}],"version-history":[{"count":0,"href":"https:\/\/graphimarket.com\/de\/wp-json\/wp\/v2\/product\/8407\/revisions"}],"wp:featuredmedia":[{"embeddable":true,"href":"https:\/\/graphimarket.com\/de\/wp-json\/wp\/v2\/media\/8415"}],"wp:attachment":[{"href":"https:\/\/graphimarket.com\/de\/wp-json\/wp\/v2\/media?parent=8407"}],"wp:term":[{"taxonomy":"product_brand","embeddable":true,"href":"https:\/\/graphimarket.com\/de\/wp-json\/wp\/v2\/product_brand?post=8407"},{"taxonomy":"product_cat","embeddable":true,"href":"https:\/\/graphimarket.com\/de\/wp-json\/wp\/v2\/product_cat?post=8407"},{"taxonomy":"product_tag","embeddable":true,"href":"https:\/\/graphimarket.com\/de\/wp-json\/wp\/v2\/product_tag?post=8407"}],"curies":[{"name":"wp","href":"https:\/\/api.w.org\/{rel}","templated":true}]}}