{"id":8502,"date":"2020-09-12T11:41:29","date_gmt":"2020-09-12T09:41:29","guid":{"rendered":"https:\/\/graphimarket.com\/?post_type=product&#038;p=8502"},"modified":"2022-12-19T23:15:24","modified_gmt":"2022-12-19T22:15:24","slug":"retropro-illustrator-graphic-styles","status":"publish","type":"product","link":"https:\/\/graphimarket.com\/de\/product\/retropro-illustrator-graphic-styles\/","title":{"rendered":"RetroPro-Illustrator-Grafikstile"},"content":{"rendered":"<div class=\"_2Masz2rr\">\n<p>Dieses Paket enth\u00e4lt 15 Vintage- und Retro-Grafikstile f\u00fcr Adobe Illustrator. Sie k\u00f6nnen diese Stile auf jeden Text anwenden und den Text auch nach Anwendung des Effekts bearbeiten. Es ist auch m\u00f6glich, diese Effekte auf Vektorobjekte anzuwenden. Egal, ob Sie ein Logo, einen Flyer, ein Magazin-Cover oder ein Banner erstellen, dieses Add-on kann Ihnen viel Zeit sparen.<\/p>\n<p><strong>Eigenschaften<\/strong><\/p>\n<ul>\n<li>15 sorgf\u00e4ltig ausgearbeitete Illustrator-Grafikstile<\/li>\n<li>Sofortiger Effekt, verwandeln Sie Ihren gew\u00f6hnlichen Text mit einem Mausklick in erstaunliche Typografie.<\/li>\n<li>Vollst\u00e4ndiger Vektoreffekt, die Qualit\u00e4t dieses Effekts bleibt bei fast jeder Gr\u00f6\u00dfe gleich.<\/li>\n<\/ul>\n<p><strong>Was ist inbegriffen:<\/strong><\/p>\n<ul>\n<li>15 Grafikstile in einer Illustrator-Datei (.ai).<\/li>\n<li>Vorschau aller Effekte in einer Illustrator-Datei (.ai).<\/li>\n<li>Einfache Dokumentation zur Verwendung des Artikels in einer PDF-Datei (.pdf)<\/li>\n<\/ul>\n<p><em>Dieses Addon funktioniert hervorragend mit Illustrator CS5 oder einer h\u00f6heren Version.<\/em><\/p>\n<p><strong>Hinweis: Dies funktioniert nicht mit Adobe Illustrator CS4 oder einer niedrigeren Version.<\/strong><\/p>\n<p><strong>Verwendete Schriftarten:<\/strong><\/p>\n<ul>\n<li>Open Sans ( www.fontsquirrel.com\/fonts\/open-sans )<\/li>\n<li>Carnivalee Freakshow ( www.dafont.com\/carnevalee-freakshow.font )<\/li>\n<li>Bukhari-Skript ( https:\/\/www.behance.net\/gallery\/24966319\/Bukhari-Script-Free-Font )<\/li>\n<li>Bebas Neue (http:\/\/www.dafont.com\/bebas-neue.font)<\/li>\n<li>Birds of Paradise ( https:\/\/www.behance.net\/gallery\/14302297\/streetwear-(free-font) )<\/li>\n<li>Raleway ( https:\/\/www.fontsquirrel.com\/fonts\/raleway )<\/li>\n<\/ul>\n<\/div>\n<div class=\"_3KAa4-GZ frEFeDSS\"><\/div>\n<div><img fetchpriority=\"high\" decoding=\"async\" class=\"aligncenter wp-image-8503 size-full\" src=\"https:\/\/graphimarket.com\/wp-content\/uploads\/2020\/09\/7d969a55-6e35-4e10-b6ca-51d5be46b531.jpg\" alt=\"\" width=\"900\" height=\"600\" srcset=\"https:\/\/graphimarket.com\/wp-content\/uploads\/2020\/09\/7d969a55-6e35-4e10-b6ca-51d5be46b531.jpg 900w, https:\/\/graphimarket.com\/wp-content\/uploads\/2020\/09\/7d969a55-6e35-4e10-b6ca-51d5be46b531-600x400.jpg 600w, https:\/\/graphimarket.com\/wp-content\/uploads\/2020\/09\/7d969a55-6e35-4e10-b6ca-51d5be46b531-300x200.jpg 300w, https:\/\/graphimarket.com\/wp-content\/uploads\/2020\/09\/7d969a55-6e35-4e10-b6ca-51d5be46b531-768x512.jpg 768w\" sizes=\"(max-width: 900px) 100vw, 900px\" \/> <img decoding=\"async\" class=\"aligncenter wp-image-8504 size-full\" src=\"https:\/\/graphimarket.com\/wp-content\/uploads\/2020\/09\/93d729be-98dc-4ca9-8283-2b2adba3c495.jpg\" alt=\"\" width=\"900\" height=\"600\" srcset=\"https:\/\/graphimarket.com\/wp-content\/uploads\/2020\/09\/93d729be-98dc-4ca9-8283-2b2adba3c495.jpg 900w, https:\/\/graphimarket.com\/wp-content\/uploads\/2020\/09\/93d729be-98dc-4ca9-8283-2b2adba3c495-600x400.jpg 600w, https:\/\/graphimarket.com\/wp-content\/uploads\/2020\/09\/93d729be-98dc-4ca9-8283-2b2adba3c495-300x200.jpg 300w, https:\/\/graphimarket.com\/wp-content\/uploads\/2020\/09\/93d729be-98dc-4ca9-8283-2b2adba3c495-768x512.jpg 768w\" sizes=\"(max-width: 900px) 100vw, 900px\" \/> <img decoding=\"async\" class=\"aligncenter wp-image-8505 size-full\" src=\"https:\/\/graphimarket.com\/wp-content\/uploads\/2020\/09\/81668f36-23b3-474a-95b8-efc4f9c5bf28.jpg\" alt=\"\" width=\"900\" height=\"600\" srcset=\"https:\/\/graphimarket.com\/wp-content\/uploads\/2020\/09\/81668f36-23b3-474a-95b8-efc4f9c5bf28.jpg 900w, https:\/\/graphimarket.com\/wp-content\/uploads\/2020\/09\/81668f36-23b3-474a-95b8-efc4f9c5bf28-600x400.jpg 600w, https:\/\/graphimarket.com\/wp-content\/uploads\/2020\/09\/81668f36-23b3-474a-95b8-efc4f9c5bf28-300x200.jpg 300w, https:\/\/graphimarket.com\/wp-content\/uploads\/2020\/09\/81668f36-23b3-474a-95b8-efc4f9c5bf28-768x512.jpg 768w\" sizes=\"(max-width: 900px) 100vw, 900px\" \/> <img loading=\"lazy\" decoding=\"async\" class=\"aligncenter wp-image-8506 size-full\" src=\"https:\/\/graphimarket.com\/wp-content\/uploads\/2020\/09\/aea26086-efc8-4632-86dd-46cbead73ba0.jpg\" alt=\"\" width=\"900\" height=\"600\" srcset=\"https:\/\/graphimarket.com\/wp-content\/uploads\/2020\/09\/aea26086-efc8-4632-86dd-46cbead73ba0.jpg 900w, https:\/\/graphimarket.com\/wp-content\/uploads\/2020\/09\/aea26086-efc8-4632-86dd-46cbead73ba0-600x400.jpg 600w, https:\/\/graphimarket.com\/wp-content\/uploads\/2020\/09\/aea26086-efc8-4632-86dd-46cbead73ba0-300x200.jpg 300w, https:\/\/graphimarket.com\/wp-content\/uploads\/2020\/09\/aea26086-efc8-4632-86dd-46cbead73ba0-768x512.jpg 768w\" sizes=\"(max-width: 900px) 100vw, 900px\" \/> <img loading=\"lazy\" decoding=\"async\" class=\"aligncenter wp-image-8507 size-full\" src=\"https:\/\/graphimarket.com\/wp-content\/uploads\/2020\/09\/3de4cdba-e29a-4472-8a67-07e223d25690.jpg\" alt=\"\" width=\"900\" height=\"600\" srcset=\"https:\/\/graphimarket.com\/wp-content\/uploads\/2020\/09\/3de4cdba-e29a-4472-8a67-07e223d25690.jpg 900w, https:\/\/graphimarket.com\/wp-content\/uploads\/2020\/09\/3de4cdba-e29a-4472-8a67-07e223d25690-600x400.jpg 600w, https:\/\/graphimarket.com\/wp-content\/uploads\/2020\/09\/3de4cdba-e29a-4472-8a67-07e223d25690-300x200.jpg 300w, https:\/\/graphimarket.com\/wp-content\/uploads\/2020\/09\/3de4cdba-e29a-4472-8a67-07e223d25690-768x512.jpg 768w\" sizes=\"(max-width: 900px) 100vw, 900px\" \/><\/div>","protected":false},"excerpt":{"rendered":"<p>This pack contains 15 vintage and retro graphic styles for Adobe Illustrator. You can apply these styles to any text and you&#8217;ll have the ability to edit the text even after applying the effect. It&#8217;s also possible to apply these effects to vector objects. Whether you are making a logo, flyer, magazine cover or banner, [&hellip;]<\/p>\n","protected":false},"featured_media":8508,"comment_status":"open","ping_status":"closed","template":"","meta":{"site-sidebar-layout":"default","site-content-layout":"default","ast-site-content-layout":"default","site-content-style":"default","site-sidebar-style":"default","ast-global-header-display":"","ast-banner-title-visibility":"","ast-main-header-display":"","ast-hfb-above-header-display":"","ast-hfb-below-header-display":"","ast-hfb-mobile-header-display":"","site-post-title":"","ast-breadcrumbs-content":"","ast-featured-img":"","footer-sml-layout":"","ast-disable-related-posts":"","theme-transparent-header-meta":"default","adv-header-id-meta":"","stick-header-meta":"","header-above-stick-meta":"","header-main-stick-meta":"","header-below-stick-meta":"","astra-migrate-meta-layouts":"default","ast-page-background-enabled":"default","ast-page-background-meta":{"desktop":{"background-color":"","background-image":"","background-repeat":"repeat","background-position":"center center","background-size":"auto","background-attachment":"scroll","background-type":"","background-media":"","overlay-type":"","overlay-color":"","overlay-opacity":"","overlay-gradient":""},"tablet":{"background-color":"","background-image":"","background-repeat":"repeat","background-position":"center center","background-size":"auto","background-attachment":"scroll","background-type":"","background-media":"","overlay-type":"","overlay-color":"","overlay-opacity":"","overlay-gradient":""},"mobile":{"background-color":"","background-image":"","background-repeat":"repeat","background-position":"center center","background-size":"auto","background-attachment":"scroll","background-type":"","background-media":"","overlay-type":"","overlay-color":"","overlay-opacity":"","overlay-gradient":""}},"ast-content-background-meta":{"desktop":{"background-color":"var(--ast-global-color-5)","background-image":"","background-repeat":"repeat","background-position":"center center","background-size":"auto","background-attachment":"scroll","background-type":"","background-media":"","overlay-type":"","overlay-color":"","overlay-opacity":"","overlay-gradient":""},"tablet":{"background-color":"var(--ast-global-color-5)","background-image":"","background-repeat":"repeat","background-position":"center center","background-size":"auto","background-attachment":"scroll","background-type":"","background-media":"","overlay-type":"","overlay-color":"","overlay-opacity":"","overlay-gradient":""},"mobile":{"background-color":"var(--ast-global-color-5)","background-image":"","background-repeat":"repeat","background-position":"center center","background-size":"auto","background-attachment":"scroll","background-type":"","background-media":"","overlay-type":"","overlay-color":"","overlay-opacity":"","overlay-gradient":""}}},"product_brand":[],"product_cat":[46,122,108,195,176],"product_tag":[577,574,248,576,426,297,262,366,277,227,294,575,568,230,276],"class_list":{"0":"post-8502","1":"product","2":"type-product","3":"status-publish","4":"has-post-thumbnail","6":"product_cat-graphics","7":"product_cat-illustrations","8":"product_cat-logo","9":"product_cat-photoshop","10":"product_cat-vectors","11":"product_tag-display","12":"product_tag-graphic","13":"product_tag-grunge","14":"product_tag-header","15":"product_tag-illustrator","16":"product_tag-logo","17":"product_tag-modern","18":"product_tag-old","19":"product_tag-retro","20":"product_tag-style","21":"product_tag-text","22":"product_tag-title","23":"product_tag-typhography","24":"product_tag-vector","25":"product_tag-vintage","26":"desktop-align-left","27":"tablet-align-left","28":"mobile-align-left","30":"first","31":"instock","32":"downloadable","33":"virtual","34":"taxable","35":"purchasable","36":"product-type-simple"},"yoast_head":"<!-- This site is optimized with the Yoast SEO plugin v27.3 - https:\/\/yoast.com\/product\/yoast-seo-wordpress\/ -->\n<title>RetroPro-Illustrator Graphic Styles - Graphimarket<\/title>\n<meta name=\"description\" content=\"This pack contains 15 vintage and retro graphic styles for Adobe Illustrator. You can apply these styles to any text and you&#039;ll have the...\" \/>\n<meta name=\"robots\" content=\"index, follow, max-snippet:-1, max-image-preview:large, max-video-preview:-1\" \/>\n<link rel=\"canonical\" href=\"https:\/\/graphimarket.com\/de\/product\/retropro-illustrator-graphic-styles\/\" \/>\n<meta property=\"og:locale\" content=\"de_DE\" \/>\n<meta property=\"og:type\" content=\"article\" \/>\n<meta property=\"og:title\" content=\"RetroPro-Illustrator Graphic Styles - Graphimarket\" \/>\n<meta property=\"og:description\" content=\"This pack contains 15 vintage and retro graphic styles for Adobe Illustrator. You can apply these styles to any text and you&#039;ll have the...\" \/>\n<meta property=\"og:url\" content=\"https:\/\/graphimarket.com\/de\/product\/retropro-illustrator-graphic-styles\/\" \/>\n<meta property=\"og:site_name\" content=\"Graphimarket\" \/>\n<meta property=\"article:modified_time\" content=\"2022-12-19T22:15:24+00:00\" \/>\n<meta property=\"og:image\" content=\"https:\/\/graphimarket.com\/wp-content\/uploads\/2020\/09\/a769b28d-53fa-4ac9-b759-3c4b128475f1.jpg\" \/>\n\t<meta property=\"og:image:width\" content=\"866\" \/>\n\t<meta property=\"og:image:height\" content=\"577\" \/>\n\t<meta property=\"og:image:type\" content=\"image\/jpeg\" \/>\n<meta name=\"twitter:card\" content=\"summary_large_image\" \/>\n<meta name=\"twitter:label1\" content=\"Est. reading time\" \/>\n\t<meta name=\"twitter:data1\" content=\"1 minute\" \/>\n<script type=\"application\/ld+json\" class=\"yoast-schema-graph\">{\"@context\":\"https:\\\/\\\/schema.org\",\"@graph\":[{\"@type\":\"WebPage\",\"@id\":\"https:\\\/\\\/graphimarket.com\\\/product\\\/retropro-illustrator-graphic-styles\\\/\",\"url\":\"https:\\\/\\\/graphimarket.com\\\/product\\\/retropro-illustrator-graphic-styles\\\/\",\"name\":\"RetroPro-Illustrator Graphic Styles - Graphimarket\",\"isPartOf\":{\"@id\":\"https:\\\/\\\/graphimarket.com\\\/fr\\\/#website\"},\"primaryImageOfPage\":{\"@id\":\"https:\\\/\\\/graphimarket.com\\\/product\\\/retropro-illustrator-graphic-styles\\\/#primaryimage\"},\"image\":{\"@id\":\"https:\\\/\\\/graphimarket.com\\\/product\\\/retropro-illustrator-graphic-styles\\\/#primaryimage\"},\"thumbnailUrl\":\"https:\\\/\\\/graphimarket.com\\\/wp-content\\\/uploads\\\/2020\\\/09\\\/a769b28d-53fa-4ac9-b759-3c4b128475f1.jpg\",\"datePublished\":\"2020-09-12T09:41:29+00:00\",\"dateModified\":\"2022-12-19T22:15:24+00:00\",\"description\":\"This pack contains 15 vintage and retro graphic styles for Adobe Illustrator. You can apply these styles to any text and you'll have the...\",\"breadcrumb\":{\"@id\":\"https:\\\/\\\/graphimarket.com\\\/product\\\/retropro-illustrator-graphic-styles\\\/#breadcrumb\"},\"inLanguage\":\"de-DE\",\"potentialAction\":[{\"@type\":\"ReadAction\",\"target\":[\"https:\\\/\\\/graphimarket.com\\\/product\\\/retropro-illustrator-graphic-styles\\\/\"]}]},{\"@type\":\"ImageObject\",\"inLanguage\":\"de-DE\",\"@id\":\"https:\\\/\\\/graphimarket.com\\\/product\\\/retropro-illustrator-graphic-styles\\\/#primaryimage\",\"url\":\"https:\\\/\\\/graphimarket.com\\\/wp-content\\\/uploads\\\/2020\\\/09\\\/a769b28d-53fa-4ac9-b759-3c4b128475f1.jpg\",\"contentUrl\":\"https:\\\/\\\/graphimarket.com\\\/wp-content\\\/uploads\\\/2020\\\/09\\\/a769b28d-53fa-4ac9-b759-3c4b128475f1.jpg\",\"width\":866,\"height\":577},{\"@type\":\"BreadcrumbList\",\"@id\":\"https:\\\/\\\/graphimarket.com\\\/product\\\/retropro-illustrator-graphic-styles\\\/#breadcrumb\",\"itemListElement\":[{\"@type\":\"ListItem\",\"position\":1,\"name\":\"Home\",\"item\":\"https:\\\/\\\/graphimarket.com\\\/es\\\/\"},{\"@type\":\"ListItem\",\"position\":2,\"name\":\"Store\",\"item\":\"https:\\\/\\\/graphimarket.com\\\/store\\\/\"},{\"@type\":\"ListItem\",\"position\":3,\"name\":\"RetroPro-Illustrator Graphic Styles\"}]},{\"@type\":\"WebSite\",\"@id\":\"https:\\\/\\\/graphimarket.com\\\/fr\\\/#website\",\"url\":\"https:\\\/\\\/graphimarket.com\\\/fr\\\/\",\"name\":\"Graphimarket\",\"description\":\"Find the perfect creative asset to bring your project to life\",\"publisher\":{\"@id\":\"https:\\\/\\\/graphimarket.com\\\/fr\\\/#organization\"},\"potentialAction\":[{\"@type\":\"SearchAction\",\"target\":{\"@type\":\"EntryPoint\",\"urlTemplate\":\"https:\\\/\\\/graphimarket.com\\\/fr\\\/?s={search_term_string}\"},\"query-input\":{\"@type\":\"PropertyValueSpecification\",\"valueRequired\":true,\"valueName\":\"search_term_string\"}}],\"inLanguage\":\"de-DE\"},{\"@type\":\"Organization\",\"@id\":\"https:\\\/\\\/graphimarket.com\\\/fr\\\/#organization\",\"name\":\"Graphimarket\",\"url\":\"https:\\\/\\\/graphimarket.com\\\/fr\\\/\",\"logo\":{\"@type\":\"ImageObject\",\"inLanguage\":\"de-DE\",\"@id\":\"https:\\\/\\\/graphimarket.com\\\/fr\\\/#\\\/schema\\\/logo\\\/image\\\/\",\"url\":\"https:\\\/\\\/graphimarket.com\\\/wp-content\\\/uploads\\\/2020\\\/08\\\/logo-48.png\",\"contentUrl\":\"https:\\\/\\\/graphimarket.com\\\/wp-content\\\/uploads\\\/2020\\\/08\\\/logo-48.png\",\"width\":132,\"height\":48,\"caption\":\"Graphimarket\"},\"image\":{\"@id\":\"https:\\\/\\\/graphimarket.com\\\/fr\\\/#\\\/schema\\\/logo\\\/image\\\/\"}}]}<\/script>\n<!-- \/ Yoast SEO plugin. -->","yoast_head_json":{"title":"RetroPro-Illustrator Grafikstile - Graphimarket","description":"Dieses Paket enth\u00e4lt 15 Vintage- und Retro-Grafikstile f\u00fcr Adobe Illustrator. Sie k\u00f6nnen diese Stile auf jeden Text anwenden und haben die...","robots":{"index":"index","follow":"follow","max-snippet":"max-snippet:-1","max-image-preview":"max-image-preview:large","max-video-preview":"max-video-preview:-1"},"canonical":"https:\/\/graphimarket.com\/de\/product\/retropro-illustrator-graphic-styles\/","og_locale":"de_DE","og_type":"article","og_title":"RetroPro-Illustrator Graphic Styles - Graphimarket","og_description":"This pack contains 15 vintage and retro graphic styles for Adobe Illustrator. You can apply these styles to any text and you'll have the...","og_url":"https:\/\/graphimarket.com\/de\/product\/retropro-illustrator-graphic-styles\/","og_site_name":"Graphimarket","article_modified_time":"2022-12-19T22:15:24+00:00","og_image":[{"width":866,"height":577,"url":"https:\/\/graphimarket.com\/wp-content\/uploads\/2020\/09\/a769b28d-53fa-4ac9-b759-3c4b128475f1.jpg","type":"image\/jpeg"}],"twitter_card":"summary_large_image","twitter_misc":{"Est. reading time":"1 minute"},"schema":{"@context":"https:\/\/schema.org","@graph":[{"@type":"WebPage","@id":"https:\/\/graphimarket.com\/product\/retropro-illustrator-graphic-styles\/","url":"https:\/\/graphimarket.com\/product\/retropro-illustrator-graphic-styles\/","name":"RetroPro-Illustrator Grafikstile - Graphimarket","isPartOf":{"@id":"https:\/\/graphimarket.com\/fr\/#website"},"primaryImageOfPage":{"@id":"https:\/\/graphimarket.com\/product\/retropro-illustrator-graphic-styles\/#primaryimage"},"image":{"@id":"https:\/\/graphimarket.com\/product\/retropro-illustrator-graphic-styles\/#primaryimage"},"thumbnailUrl":"https:\/\/graphimarket.com\/wp-content\/uploads\/2020\/09\/a769b28d-53fa-4ac9-b759-3c4b128475f1.jpg","datePublished":"2020-09-12T09:41:29+00:00","dateModified":"2022-12-19T22:15:24+00:00","description":"Dieses Paket enth\u00e4lt 15 Vintage- und Retro-Grafikstile f\u00fcr Adobe Illustrator. Sie k\u00f6nnen diese Stile auf jeden Text anwenden und haben die...","breadcrumb":{"@id":"https:\/\/graphimarket.com\/product\/retropro-illustrator-graphic-styles\/#breadcrumb"},"inLanguage":"de-DE","potentialAction":[{"@type":"ReadAction","target":["https:\/\/graphimarket.com\/product\/retropro-illustrator-graphic-styles\/"]}]},{"@type":"ImageObject","inLanguage":"de-DE","@id":"https:\/\/graphimarket.com\/product\/retropro-illustrator-graphic-styles\/#primaryimage","url":"https:\/\/graphimarket.com\/wp-content\/uploads\/2020\/09\/a769b28d-53fa-4ac9-b759-3c4b128475f1.jpg","contentUrl":"https:\/\/graphimarket.com\/wp-content\/uploads\/2020\/09\/a769b28d-53fa-4ac9-b759-3c4b128475f1.jpg","width":866,"height":577},{"@type":"BreadcrumbList","@id":"https:\/\/graphimarket.com\/product\/retropro-illustrator-graphic-styles\/#breadcrumb","itemListElement":[{"@type":"ListItem","position":1,"name":"Home","item":"https:\/\/graphimarket.com\/es\/"},{"@type":"ListItem","position":2,"name":"Store","item":"https:\/\/graphimarket.com\/store\/"},{"@type":"ListItem","position":3,"name":"RetroPro-Illustrator Graphic Styles"}]},{"@type":"WebSite","@id":"https:\/\/graphimarket.com\/fr\/#website","url":"https:\/\/graphimarket.com\/fr\/","name":"Graphimarket","description":"Finden Sie das perfekte kreative Kapital, um Ihr Projekt zum Leben zu erwecken","publisher":{"@id":"https:\/\/graphimarket.com\/fr\/#organization"},"potentialAction":[{"@type":"SearchAction","target":{"@type":"EntryPoint","urlTemplate":"https:\/\/graphimarket.com\/fr\/?s={search_term_string}"},"query-input":{"@type":"PropertyValueSpecification","valueRequired":true,"valueName":"search_term_string"}}],"inLanguage":"de-DE"},{"@type":"Organization","@id":"https:\/\/graphimarket.com\/fr\/#organization","name":"Graphimarket","url":"https:\/\/graphimarket.com\/fr\/","logo":{"@type":"ImageObject","inLanguage":"de-DE","@id":"https:\/\/graphimarket.com\/fr\/#\/schema\/logo\/image\/","url":"https:\/\/graphimarket.com\/wp-content\/uploads\/2020\/08\/logo-48.png","contentUrl":"https:\/\/graphimarket.com\/wp-content\/uploads\/2020\/08\/logo-48.png","width":132,"height":48,"caption":"Graphimarket"},"image":{"@id":"https:\/\/graphimarket.com\/fr\/#\/schema\/logo\/image\/"}}]}},"_links":{"self":[{"href":"https:\/\/graphimarket.com\/de\/wp-json\/wp\/v2\/product\/8502","targetHints":{"allow":["GET"]}}],"collection":[{"href":"https:\/\/graphimarket.com\/de\/wp-json\/wp\/v2\/product"}],"about":[{"href":"https:\/\/graphimarket.com\/de\/wp-json\/wp\/v2\/types\/product"}],"replies":[{"embeddable":true,"href":"https:\/\/graphimarket.com\/de\/wp-json\/wp\/v2\/comments?post=8502"}],"version-history":[{"count":0,"href":"https:\/\/graphimarket.com\/de\/wp-json\/wp\/v2\/product\/8502\/revisions"}],"wp:featuredmedia":[{"embeddable":true,"href":"https:\/\/graphimarket.com\/de\/wp-json\/wp\/v2\/media\/8508"}],"wp:attachment":[{"href":"https:\/\/graphimarket.com\/de\/wp-json\/wp\/v2\/media?parent=8502"}],"wp:term":[{"taxonomy":"product_brand","embeddable":true,"href":"https:\/\/graphimarket.com\/de\/wp-json\/wp\/v2\/product_brand?post=8502"},{"taxonomy":"product_cat","embeddable":true,"href":"https:\/\/graphimarket.com\/de\/wp-json\/wp\/v2\/product_cat?post=8502"},{"taxonomy":"product_tag","embeddable":true,"href":"https:\/\/graphimarket.com\/de\/wp-json\/wp\/v2\/product_tag?post=8502"}],"curies":[{"name":"wp","href":"https:\/\/api.w.org\/{rel}","templated":true}]}}