{"id":10523,"date":"2020-09-18T14:52:55","date_gmt":"2020-09-18T12:52:55","guid":{"rendered":"https:\/\/graphimarket.com\/?post_type=product&#038;p=10523"},"modified":"2024-07-13T01:34:06","modified_gmt":"2024-07-12T23:34:06","slug":"sinisuka","status":"publish","type":"product","link":"https:\/\/graphimarket.com\/es\/product\/sinisuka\/","title":{"rendered":"Sinisuka"},"content":{"rendered":"<div class=\"_2Masz2rr\">\n<p><strong>Sinisuka<\/strong>\u00a0un excelente tipo de letra para dise\u00f1os modernos de logotipos con letras a mano. Y adecuado para cualquier necesidad de dise\u00f1o, marca, dise\u00f1o publicitario moderno, cita de arte, t\u00edtulo de libro\/portada, eventos especiales, tazas personalizadas, almohadas, camisetas, cualquier necesidad de letras de pincel y m\u00e1s.<\/p>\n<p>Qu\u00e9 est\u00e1 incluido :<\/p>\n<ul>\n<li>El tipo de letra Sinisuka (.ttf y .otf) viene con caracteres est\u00e1ndar en may\u00fasculas y min\u00fasculas, puntuaci\u00f3n y n\u00fameros. Y otras variaciones de Glyphs de las funciones de OpenType, como Standard Ligature, Stylistic Alternate y Stylistic Set (ss01, ss02, ss03, ss04) y Swash.<\/li>\n<li>Sinisuka Swashes, 35 swashes adicionales para agregar fuerza a sus dise\u00f1os.<\/li>\n<\/ul>\n<p>Gracias por su compra! \u00a1y espero que te est\u00e9s divirtiendo con Sinisuka! \u00a1Feliz creaci\u00f3n!<\/p>\n<p><strong>Tipo Nesia<\/strong><\/p>\n<\/div>\n<p>&nbsp;<\/p>\n<p><img fetchpriority=\"high\" decoding=\"async\" class=\"aligncenter wp-image-10524 size-full\" src=\"https:\/\/graphimarket.com\/wp-content\/uploads\/2020\/09\/3436068b-1800-499a-95fd-dbc7595319a0.jpg\" alt=\"\" width=\"1170\" height=\"780\" srcset=\"https:\/\/graphimarket.com\/wp-content\/uploads\/2020\/09\/3436068b-1800-499a-95fd-dbc7595319a0.jpg 1170w, https:\/\/graphimarket.com\/wp-content\/uploads\/2020\/09\/3436068b-1800-499a-95fd-dbc7595319a0-300x200.jpg 300w, https:\/\/graphimarket.com\/wp-content\/uploads\/2020\/09\/3436068b-1800-499a-95fd-dbc7595319a0-1024x683.jpg 1024w, https:\/\/graphimarket.com\/wp-content\/uploads\/2020\/09\/3436068b-1800-499a-95fd-dbc7595319a0-768x512.jpg 768w, https:\/\/graphimarket.com\/wp-content\/uploads\/2020\/09\/3436068b-1800-499a-95fd-dbc7595319a0-600x400.jpg 600w\" sizes=\"(max-width: 1170px) 100vw, 1170px\" \/> <img decoding=\"async\" class=\"aligncenter wp-image-10525 size-full\" src=\"https:\/\/graphimarket.com\/wp-content\/uploads\/2020\/09\/67481449-cd29-44e6-a123-0a53b6650f2f.jpg\" alt=\"\" width=\"1170\" height=\"780\" srcset=\"https:\/\/graphimarket.com\/wp-content\/uploads\/2020\/09\/67481449-cd29-44e6-a123-0a53b6650f2f.jpg 1170w, https:\/\/graphimarket.com\/wp-content\/uploads\/2020\/09\/67481449-cd29-44e6-a123-0a53b6650f2f-300x200.jpg 300w, https:\/\/graphimarket.com\/wp-content\/uploads\/2020\/09\/67481449-cd29-44e6-a123-0a53b6650f2f-1024x683.jpg 1024w, https:\/\/graphimarket.com\/wp-content\/uploads\/2020\/09\/67481449-cd29-44e6-a123-0a53b6650f2f-768x512.jpg 768w, https:\/\/graphimarket.com\/wp-content\/uploads\/2020\/09\/67481449-cd29-44e6-a123-0a53b6650f2f-600x400.jpg 600w\" sizes=\"(max-width: 1170px) 100vw, 1170px\" \/> <img decoding=\"async\" class=\"aligncenter wp-image-10526 size-full\" src=\"https:\/\/graphimarket.com\/wp-content\/uploads\/2020\/09\/b576c720-6404-4c81-aa26-5f5ae18bf604.jpg\" alt=\"\" width=\"1170\" height=\"780\" srcset=\"https:\/\/graphimarket.com\/wp-content\/uploads\/2020\/09\/b576c720-6404-4c81-aa26-5f5ae18bf604.jpg 1170w, https:\/\/graphimarket.com\/wp-content\/uploads\/2020\/09\/b576c720-6404-4c81-aa26-5f5ae18bf604-300x200.jpg 300w, https:\/\/graphimarket.com\/wp-content\/uploads\/2020\/09\/b576c720-6404-4c81-aa26-5f5ae18bf604-1024x683.jpg 1024w, https:\/\/graphimarket.com\/wp-content\/uploads\/2020\/09\/b576c720-6404-4c81-aa26-5f5ae18bf604-768x512.jpg 768w, https:\/\/graphimarket.com\/wp-content\/uploads\/2020\/09\/b576c720-6404-4c81-aa26-5f5ae18bf604-600x400.jpg 600w\" sizes=\"(max-width: 1170px) 100vw, 1170px\" \/> <img loading=\"lazy\" decoding=\"async\" class=\"aligncenter wp-image-10527 size-full\" src=\"https:\/\/graphimarket.com\/wp-content\/uploads\/2020\/09\/32d015c1-9561-46c7-884b-83abf7442ac2.jpg\" alt=\"\" width=\"1170\" height=\"780\" srcset=\"https:\/\/graphimarket.com\/wp-content\/uploads\/2020\/09\/32d015c1-9561-46c7-884b-83abf7442ac2.jpg 1170w, https:\/\/graphimarket.com\/wp-content\/uploads\/2020\/09\/32d015c1-9561-46c7-884b-83abf7442ac2-300x200.jpg 300w, https:\/\/graphimarket.com\/wp-content\/uploads\/2020\/09\/32d015c1-9561-46c7-884b-83abf7442ac2-1024x683.jpg 1024w, https:\/\/graphimarket.com\/wp-content\/uploads\/2020\/09\/32d015c1-9561-46c7-884b-83abf7442ac2-768x512.jpg 768w, https:\/\/graphimarket.com\/wp-content\/uploads\/2020\/09\/32d015c1-9561-46c7-884b-83abf7442ac2-600x400.jpg 600w\" sizes=\"(max-width: 1170px) 100vw, 1170px\" \/> <img loading=\"lazy\" decoding=\"async\" class=\"aligncenter wp-image-10528 size-full\" src=\"https:\/\/graphimarket.com\/wp-content\/uploads\/2020\/09\/8c5b7034-106c-43d4-a3a4-4613c4b653cd.jpg\" alt=\"\" width=\"1170\" height=\"780\" srcset=\"https:\/\/graphimarket.com\/wp-content\/uploads\/2020\/09\/8c5b7034-106c-43d4-a3a4-4613c4b653cd.jpg 1170w, https:\/\/graphimarket.com\/wp-content\/uploads\/2020\/09\/8c5b7034-106c-43d4-a3a4-4613c4b653cd-300x200.jpg 300w, https:\/\/graphimarket.com\/wp-content\/uploads\/2020\/09\/8c5b7034-106c-43d4-a3a4-4613c4b653cd-1024x683.jpg 1024w, https:\/\/graphimarket.com\/wp-content\/uploads\/2020\/09\/8c5b7034-106c-43d4-a3a4-4613c4b653cd-768x512.jpg 768w, https:\/\/graphimarket.com\/wp-content\/uploads\/2020\/09\/8c5b7034-106c-43d4-a3a4-4613c4b653cd-600x400.jpg 600w\" sizes=\"(max-width: 1170px) 100vw, 1170px\" \/> <img loading=\"lazy\" decoding=\"async\" class=\"aligncenter wp-image-10529 size-full\" src=\"https:\/\/graphimarket.com\/wp-content\/uploads\/2020\/09\/53fdb5bd-a7d5-4ff4-a02d-018711bc3494.jpg\" alt=\"\" width=\"1170\" height=\"780\" srcset=\"https:\/\/graphimarket.com\/wp-content\/uploads\/2020\/09\/53fdb5bd-a7d5-4ff4-a02d-018711bc3494.jpg 1170w, https:\/\/graphimarket.com\/wp-content\/uploads\/2020\/09\/53fdb5bd-a7d5-4ff4-a02d-018711bc3494-300x200.jpg 300w, https:\/\/graphimarket.com\/wp-content\/uploads\/2020\/09\/53fdb5bd-a7d5-4ff4-a02d-018711bc3494-1024x683.jpg 1024w, https:\/\/graphimarket.com\/wp-content\/uploads\/2020\/09\/53fdb5bd-a7d5-4ff4-a02d-018711bc3494-768x512.jpg 768w, https:\/\/graphimarket.com\/wp-content\/uploads\/2020\/09\/53fdb5bd-a7d5-4ff4-a02d-018711bc3494-600x400.jpg 600w\" sizes=\"(max-width: 1170px) 100vw, 1170px\" \/><\/p>\n<div class=\"_3YqMOf9R\">\n<div class=\"_3KAa4-GZ frEFeDSS\"><\/div>\n<\/div>","protected":false},"excerpt":{"rendered":"<p>Sinisuka\u00a0an excellent typeface for modern hand lettering logo designs. And suitable for any design needs, branding, modern advertising design, Art Quote, Book\/Cover Title, special events, custom mug, pillow, t-shirts, any brush lettering needs and more. What&#8217;s Included : Sinisuka Typeface ( .ttf &amp; .otf) comes with upper and lowercase Standard Characters, Punctuation, Numerals. And other [&hellip;]<\/p>\n","protected":false},"featured_media":10530,"comment_status":"open","ping_status":"closed","template":"","meta":{"site-sidebar-layout":"default","site-content-layout":"default","ast-site-content-layout":"default","site-content-style":"default","site-sidebar-style":"default","ast-global-header-display":"","ast-banner-title-visibility":"","ast-main-header-display":"","ast-hfb-above-header-display":"","ast-hfb-below-header-display":"","ast-hfb-mobile-header-display":"","site-post-title":"","ast-breadcrumbs-content":"","ast-featured-img":"","footer-sml-layout":"","ast-disable-related-posts":"","theme-transparent-header-meta":"default","adv-header-id-meta":"","stick-header-meta":"","header-above-stick-meta":"","header-main-stick-meta":"","header-below-stick-meta":"","astra-migrate-meta-layouts":"default","ast-page-background-enabled":"default","ast-page-background-meta":{"desktop":{"background-color":"","background-image":"","background-repeat":"repeat","background-position":"center center","background-size":"auto","background-attachment":"scroll","background-type":"","background-media":"","overlay-type":"","overlay-color":"","overlay-opacity":"","overlay-gradient":""},"tablet":{"background-color":"","background-image":"","background-repeat":"repeat","background-position":"center center","background-size":"auto","background-attachment":"scroll","background-type":"","background-media":"","overlay-type":"","overlay-color":"","overlay-opacity":"","overlay-gradient":""},"mobile":{"background-color":"","background-image":"","background-repeat":"repeat","background-position":"center center","background-size":"auto","background-attachment":"scroll","background-type":"","background-media":"","overlay-type":"","overlay-color":"","overlay-opacity":"","overlay-gradient":""}},"ast-content-background-meta":{"desktop":{"background-color":"var(--ast-global-color-5)","background-image":"","background-repeat":"repeat","background-position":"center center","background-size":"auto","background-attachment":"scroll","background-type":"","background-media":"","overlay-type":"","overlay-color":"","overlay-opacity":"","overlay-gradient":""},"tablet":{"background-color":"var(--ast-global-color-5)","background-image":"","background-repeat":"repeat","background-position":"center center","background-size":"auto","background-attachment":"scroll","background-type":"","background-media":"","overlay-type":"","overlay-color":"","overlay-opacity":"","overlay-gradient":""},"mobile":{"background-color":"var(--ast-global-color-5)","background-image":"","background-repeat":"repeat","background-position":"center center","background-size":"auto","background-attachment":"scroll","background-type":"","background-media":"","overlay-type":"","overlay-color":"","overlay-opacity":"","overlay-gradient":""}}},"product_brand":[],"product_cat":[187,191],"product_tag":[1071,703,389,1076,1070,437,297,1075,496,1072,1073,1069,276,885,1074],"class_list":{"0":"post-10523","1":"product","2":"type-product","3":"status-publish","4":"has-post-thumbnail","6":"product_cat-fonts","7":"product_cat-free","8":"product_tag-bestseller","9":"product_tag-brand","10":"product_tag-brush","11":"product_tag-calligraphy","12":"product_tag-handlettering","13":"product_tag-handmade","14":"product_tag-logo","15":"product_tag-logotype","16":"product_tag-marker","17":"product_tag-playful","18":"product_tag-script","19":"product_tag-swash","20":"product_tag-vintage","21":"product_tag-web","22":"product_tag-wordmark","23":"desktop-align-left","24":"tablet-align-left","25":"mobile-align-left","27":"first","28":"instock","29":"downloadable","30":"virtual","31":"taxable","32":"purchasable","33":"product-type-simple"},"yoast_head":"<!-- This site is optimized with the Yoast SEO plugin v27.3 - https:\/\/yoast.com\/product\/yoast-seo-wordpress\/ -->\n<title>Sinisuka - Graphimarket<\/title>\n<meta name=\"description\" content=\"Sinisuka\u00a0an excellent typeface for modern hand lettering logo designs. And suitable for any design needs, branding, modern...\" \/>\n<meta name=\"robots\" content=\"index, follow, max-snippet:-1, max-image-preview:large, max-video-preview:-1\" \/>\n<link rel=\"canonical\" href=\"https:\/\/graphimarket.com\/es\/product\/sinisuka\/\" \/>\n<meta property=\"og:locale\" content=\"es_ES\" \/>\n<meta property=\"og:type\" content=\"article\" \/>\n<meta property=\"og:title\" content=\"Sinisuka - Graphimarket\" \/>\n<meta property=\"og:description\" content=\"Sinisuka\u00a0an excellent typeface for modern hand lettering logo designs. And suitable for any design needs, branding, modern...\" \/>\n<meta property=\"og:url\" content=\"https:\/\/graphimarket.com\/es\/product\/sinisuka\/\" \/>\n<meta property=\"og:site_name\" content=\"Graphimarket\" \/>\n<meta property=\"article:modified_time\" content=\"2024-07-12T23:34:06+00:00\" \/>\n<meta property=\"og:image\" content=\"https:\/\/graphimarket.com\/wp-content\/uploads\/2020\/09\/3d92d44d-b0d6-4e94-83cf-313c62e0a4a3.jpg\" \/>\n\t<meta property=\"og:image:width\" content=\"1019\" \/>\n\t<meta property=\"og:image:height\" content=\"679\" \/>\n\t<meta property=\"og:image:type\" content=\"image\/jpeg\" \/>\n<meta name=\"twitter:card\" content=\"summary_large_image\" \/>\n<meta name=\"twitter:label1\" content=\"Est. reading time\" \/>\n\t<meta name=\"twitter:data1\" content=\"1 minute\" \/>\n<script type=\"application\/ld+json\" class=\"yoast-schema-graph\">{\"@context\":\"https:\\\/\\\/schema.org\",\"@graph\":[{\"@type\":\"WebPage\",\"@id\":\"https:\\\/\\\/graphimarket.com\\\/product\\\/sinisuka\\\/\",\"url\":\"https:\\\/\\\/graphimarket.com\\\/product\\\/sinisuka\\\/\",\"name\":\"Sinisuka - Graphimarket\",\"isPartOf\":{\"@id\":\"https:\\\/\\\/graphimarket.com\\\/fr\\\/#website\"},\"primaryImageOfPage\":{\"@id\":\"https:\\\/\\\/graphimarket.com\\\/product\\\/sinisuka\\\/#primaryimage\"},\"image\":{\"@id\":\"https:\\\/\\\/graphimarket.com\\\/product\\\/sinisuka\\\/#primaryimage\"},\"thumbnailUrl\":\"https:\\\/\\\/graphimarket.com\\\/wp-content\\\/uploads\\\/2020\\\/09\\\/3d92d44d-b0d6-4e94-83cf-313c62e0a4a3.jpg\",\"datePublished\":\"2020-09-18T12:52:55+00:00\",\"dateModified\":\"2024-07-12T23:34:06+00:00\",\"description\":\"Sinisuka\u00a0an excellent typeface for modern hand lettering logo designs. And suitable for any design needs, branding, modern...\",\"breadcrumb\":{\"@id\":\"https:\\\/\\\/graphimarket.com\\\/product\\\/sinisuka\\\/#breadcrumb\"},\"inLanguage\":\"es-ES\",\"potentialAction\":[{\"@type\":\"ReadAction\",\"target\":[\"https:\\\/\\\/graphimarket.com\\\/product\\\/sinisuka\\\/\"]}]},{\"@type\":\"ImageObject\",\"inLanguage\":\"es-ES\",\"@id\":\"https:\\\/\\\/graphimarket.com\\\/product\\\/sinisuka\\\/#primaryimage\",\"url\":\"https:\\\/\\\/graphimarket.com\\\/wp-content\\\/uploads\\\/2020\\\/09\\\/3d92d44d-b0d6-4e94-83cf-313c62e0a4a3.jpg\",\"contentUrl\":\"https:\\\/\\\/graphimarket.com\\\/wp-content\\\/uploads\\\/2020\\\/09\\\/3d92d44d-b0d6-4e94-83cf-313c62e0a4a3.jpg\",\"width\":1019,\"height\":679},{\"@type\":\"BreadcrumbList\",\"@id\":\"https:\\\/\\\/graphimarket.com\\\/product\\\/sinisuka\\\/#breadcrumb\",\"itemListElement\":[{\"@type\":\"ListItem\",\"position\":1,\"name\":\"Home\",\"item\":\"https:\\\/\\\/graphimarket.com\\\/es\\\/\"},{\"@type\":\"ListItem\",\"position\":2,\"name\":\"Store\",\"item\":\"https:\\\/\\\/graphimarket.com\\\/store\\\/\"},{\"@type\":\"ListItem\",\"position\":3,\"name\":\"Sinisuka\"}]},{\"@type\":\"WebSite\",\"@id\":\"https:\\\/\\\/graphimarket.com\\\/fr\\\/#website\",\"url\":\"https:\\\/\\\/graphimarket.com\\\/fr\\\/\",\"name\":\"Graphimarket\",\"description\":\"Find the perfect creative asset to bring your project to life\",\"publisher\":{\"@id\":\"https:\\\/\\\/graphimarket.com\\\/fr\\\/#organization\"},\"potentialAction\":[{\"@type\":\"SearchAction\",\"target\":{\"@type\":\"EntryPoint\",\"urlTemplate\":\"https:\\\/\\\/graphimarket.com\\\/fr\\\/?s={search_term_string}\"},\"query-input\":{\"@type\":\"PropertyValueSpecification\",\"valueRequired\":true,\"valueName\":\"search_term_string\"}}],\"inLanguage\":\"es-ES\"},{\"@type\":\"Organization\",\"@id\":\"https:\\\/\\\/graphimarket.com\\\/fr\\\/#organization\",\"name\":\"Graphimarket\",\"url\":\"https:\\\/\\\/graphimarket.com\\\/fr\\\/\",\"logo\":{\"@type\":\"ImageObject\",\"inLanguage\":\"es-ES\",\"@id\":\"https:\\\/\\\/graphimarket.com\\\/fr\\\/#\\\/schema\\\/logo\\\/image\\\/\",\"url\":\"https:\\\/\\\/graphimarket.com\\\/wp-content\\\/uploads\\\/2020\\\/08\\\/logo-48.png\",\"contentUrl\":\"https:\\\/\\\/graphimarket.com\\\/wp-content\\\/uploads\\\/2020\\\/08\\\/logo-48.png\",\"width\":132,\"height\":48,\"caption\":\"Graphimarket\"},\"image\":{\"@id\":\"https:\\\/\\\/graphimarket.com\\\/fr\\\/#\\\/schema\\\/logo\\\/image\\\/\"}}]}<\/script>\n<!-- \/ Yoast SEO plugin. -->","yoast_head_json":{"title":"Sinisuka - Graphimarket","description":"Sinisuka\u00a0an excellent typeface for modern hand lettering logo designs. And suitable for any design needs, branding, modern...","robots":{"index":"index","follow":"follow","max-snippet":"max-snippet:-1","max-image-preview":"max-image-preview:large","max-video-preview":"max-video-preview:-1"},"canonical":"https:\/\/graphimarket.com\/es\/product\/sinisuka\/","og_locale":"es_ES","og_type":"article","og_title":"Sinisuka - Graphimarket","og_description":"Sinisuka\u00a0an excellent typeface for modern hand lettering logo designs. And suitable for any design needs, branding, modern...","og_url":"https:\/\/graphimarket.com\/es\/product\/sinisuka\/","og_site_name":"Graphimarket","article_modified_time":"2024-07-12T23:34:06+00:00","og_image":[{"width":1019,"height":679,"url":"https:\/\/graphimarket.com\/wp-content\/uploads\/2020\/09\/3d92d44d-b0d6-4e94-83cf-313c62e0a4a3.jpg","type":"image\/jpeg"}],"twitter_card":"summary_large_image","twitter_misc":{"Est. reading time":"1 minute"},"schema":{"@context":"https:\/\/schema.org","@graph":[{"@type":"WebPage","@id":"https:\/\/graphimarket.com\/product\/sinisuka\/","url":"https:\/\/graphimarket.com\/product\/sinisuka\/","name":"Sinisuka - Graphimarket","isPartOf":{"@id":"https:\/\/graphimarket.com\/fr\/#website"},"primaryImageOfPage":{"@id":"https:\/\/graphimarket.com\/product\/sinisuka\/#primaryimage"},"image":{"@id":"https:\/\/graphimarket.com\/product\/sinisuka\/#primaryimage"},"thumbnailUrl":"https:\/\/graphimarket.com\/wp-content\/uploads\/2020\/09\/3d92d44d-b0d6-4e94-83cf-313c62e0a4a3.jpg","datePublished":"2020-09-18T12:52:55+00:00","dateModified":"2024-07-12T23:34:06+00:00","description":"Sinisuka\u00a0an excellent typeface for modern hand lettering logo designs. And suitable for any design needs, branding, modern...","breadcrumb":{"@id":"https:\/\/graphimarket.com\/product\/sinisuka\/#breadcrumb"},"inLanguage":"es-ES","potentialAction":[{"@type":"ReadAction","target":["https:\/\/graphimarket.com\/product\/sinisuka\/"]}]},{"@type":"ImageObject","inLanguage":"es-ES","@id":"https:\/\/graphimarket.com\/product\/sinisuka\/#primaryimage","url":"https:\/\/graphimarket.com\/wp-content\/uploads\/2020\/09\/3d92d44d-b0d6-4e94-83cf-313c62e0a4a3.jpg","contentUrl":"https:\/\/graphimarket.com\/wp-content\/uploads\/2020\/09\/3d92d44d-b0d6-4e94-83cf-313c62e0a4a3.jpg","width":1019,"height":679},{"@type":"BreadcrumbList","@id":"https:\/\/graphimarket.com\/product\/sinisuka\/#breadcrumb","itemListElement":[{"@type":"ListItem","position":1,"name":"Home","item":"https:\/\/graphimarket.com\/es\/"},{"@type":"ListItem","position":2,"name":"Store","item":"https:\/\/graphimarket.com\/store\/"},{"@type":"ListItem","position":3,"name":"Sinisuka"}]},{"@type":"WebSite","@id":"https:\/\/graphimarket.com\/fr\/#website","url":"https:\/\/graphimarket.com\/fr\/","name":"Graphimarket","description":"Encuentre el activo creativo perfecto para darle vida a su proyecto","publisher":{"@id":"https:\/\/graphimarket.com\/fr\/#organization"},"potentialAction":[{"@type":"SearchAction","target":{"@type":"EntryPoint","urlTemplate":"https:\/\/graphimarket.com\/fr\/?s={search_term_string}"},"query-input":{"@type":"PropertyValueSpecification","valueRequired":true,"valueName":"search_term_string"}}],"inLanguage":"es-ES"},{"@type":"Organization","@id":"https:\/\/graphimarket.com\/fr\/#organization","name":"Graphimarket","url":"https:\/\/graphimarket.com\/fr\/","logo":{"@type":"ImageObject","inLanguage":"es-ES","@id":"https:\/\/graphimarket.com\/fr\/#\/schema\/logo\/image\/","url":"https:\/\/graphimarket.com\/wp-content\/uploads\/2020\/08\/logo-48.png","contentUrl":"https:\/\/graphimarket.com\/wp-content\/uploads\/2020\/08\/logo-48.png","width":132,"height":48,"caption":"Graphimarket"},"image":{"@id":"https:\/\/graphimarket.com\/fr\/#\/schema\/logo\/image\/"}}]}},"_links":{"self":[{"href":"https:\/\/graphimarket.com\/es\/wp-json\/wp\/v2\/product\/10523","targetHints":{"allow":["GET"]}}],"collection":[{"href":"https:\/\/graphimarket.com\/es\/wp-json\/wp\/v2\/product"}],"about":[{"href":"https:\/\/graphimarket.com\/es\/wp-json\/wp\/v2\/types\/product"}],"replies":[{"embeddable":true,"href":"https:\/\/graphimarket.com\/es\/wp-json\/wp\/v2\/comments?post=10523"}],"version-history":[{"count":0,"href":"https:\/\/graphimarket.com\/es\/wp-json\/wp\/v2\/product\/10523\/revisions"}],"wp:featuredmedia":[{"embeddable":true,"href":"https:\/\/graphimarket.com\/es\/wp-json\/wp\/v2\/media\/10530"}],"wp:attachment":[{"href":"https:\/\/graphimarket.com\/es\/wp-json\/wp\/v2\/media?parent=10523"}],"wp:term":[{"taxonomy":"product_brand","embeddable":true,"href":"https:\/\/graphimarket.com\/es\/wp-json\/wp\/v2\/product_brand?post=10523"},{"taxonomy":"product_cat","embeddable":true,"href":"https:\/\/graphimarket.com\/es\/wp-json\/wp\/v2\/product_cat?post=10523"},{"taxonomy":"product_tag","embeddable":true,"href":"https:\/\/graphimarket.com\/es\/wp-json\/wp\/v2\/product_tag?post=10523"}],"curies":[{"name":"wp","href":"https:\/\/api.w.org\/{rel}","templated":true}]}}