{"id":10547,"date":"2020-09-18T15:14:03","date_gmt":"2020-09-18T13:14:03","guid":{"rendered":"https:\/\/graphimarket.com\/?post_type=product&#038;p=10547"},"modified":"2022-12-19T10:13:25","modified_gmt":"2022-12-19T09:13:25","slug":"patrick-cute-display-font","status":"publish","type":"product","link":"https:\/\/graphimarket.com\/es\/product\/patrick-cute-display-font\/","title":{"rendered":"Fuente Patrick Cute Display"},"content":{"rendered":"<div class=\"_2Masz2rr\">\n<p><strong>Fuente Patrick Cute Display<\/strong>\u00a0es una fuente de visualizaci\u00f3n linda y sorprendente que har\u00e1 que los dise\u00f1os tem\u00e1ticos de los ni\u00f1os se destaquen.<\/p>\n<p>Patrick es perfecto para proyectos de marca, logotipos, dise\u00f1o de portadas de libros, dise\u00f1os de camisetas, publicaciones en redes sociales, anuncios, empaques de productos, dise\u00f1os de productos, etiquetas, marcas de agua, invitaciones, papeler\u00eda y cualquier proyecto<\/p>\n<p><strong>Qu\u00e9 est\u00e1 incluido :<\/strong><\/p>\n<ul>\n<li>OTF\/TTF\/WOFF<\/li>\n<li>Fuentes web<\/li>\n<li>Funciona en PC y Mac<\/li>\n<li>Instalaciones sencillas<\/li>\n<\/ul>\n<\/div>\n<p>&nbsp;<\/p>\n<p><img fetchpriority=\"high\" decoding=\"async\" class=\"aligncenter wp-image-10548 size-full\" src=\"https:\/\/graphimarket.com\/wp-content\/uploads\/2020\/09\/a779b4ec-d16c-485f-8a34-00e63c42af6e.jpg\" alt=\"\" width=\"1170\" height=\"780\" srcset=\"https:\/\/graphimarket.com\/wp-content\/uploads\/2020\/09\/a779b4ec-d16c-485f-8a34-00e63c42af6e.jpg 1170w, https:\/\/graphimarket.com\/wp-content\/uploads\/2020\/09\/a779b4ec-d16c-485f-8a34-00e63c42af6e-300x200.jpg 300w, https:\/\/graphimarket.com\/wp-content\/uploads\/2020\/09\/a779b4ec-d16c-485f-8a34-00e63c42af6e-1024x683.jpg 1024w, https:\/\/graphimarket.com\/wp-content\/uploads\/2020\/09\/a779b4ec-d16c-485f-8a34-00e63c42af6e-768x512.jpg 768w, https:\/\/graphimarket.com\/wp-content\/uploads\/2020\/09\/a779b4ec-d16c-485f-8a34-00e63c42af6e-600x400.jpg 600w\" sizes=\"(max-width: 1170px) 100vw, 1170px\" \/> <img decoding=\"async\" class=\"aligncenter wp-image-10549 size-full\" src=\"https:\/\/graphimarket.com\/wp-content\/uploads\/2020\/09\/beac8ad0-c2ec-4583-a909-017e1c244acb.jpg\" alt=\"\" width=\"1170\" height=\"780\" srcset=\"https:\/\/graphimarket.com\/wp-content\/uploads\/2020\/09\/beac8ad0-c2ec-4583-a909-017e1c244acb.jpg 1170w, https:\/\/graphimarket.com\/wp-content\/uploads\/2020\/09\/beac8ad0-c2ec-4583-a909-017e1c244acb-300x200.jpg 300w, https:\/\/graphimarket.com\/wp-content\/uploads\/2020\/09\/beac8ad0-c2ec-4583-a909-017e1c244acb-1024x683.jpg 1024w, https:\/\/graphimarket.com\/wp-content\/uploads\/2020\/09\/beac8ad0-c2ec-4583-a909-017e1c244acb-768x512.jpg 768w, https:\/\/graphimarket.com\/wp-content\/uploads\/2020\/09\/beac8ad0-c2ec-4583-a909-017e1c244acb-600x400.jpg 600w\" sizes=\"(max-width: 1170px) 100vw, 1170px\" \/> <img decoding=\"async\" class=\"aligncenter wp-image-10550 size-full\" src=\"https:\/\/graphimarket.com\/wp-content\/uploads\/2020\/09\/ebc28e57-e31d-4e4a-b712-74a5f1ff64d4.jpg\" alt=\"\" width=\"1170\" height=\"780\" srcset=\"https:\/\/graphimarket.com\/wp-content\/uploads\/2020\/09\/ebc28e57-e31d-4e4a-b712-74a5f1ff64d4.jpg 1170w, https:\/\/graphimarket.com\/wp-content\/uploads\/2020\/09\/ebc28e57-e31d-4e4a-b712-74a5f1ff64d4-300x200.jpg 300w, https:\/\/graphimarket.com\/wp-content\/uploads\/2020\/09\/ebc28e57-e31d-4e4a-b712-74a5f1ff64d4-1024x683.jpg 1024w, https:\/\/graphimarket.com\/wp-content\/uploads\/2020\/09\/ebc28e57-e31d-4e4a-b712-74a5f1ff64d4-768x512.jpg 768w, https:\/\/graphimarket.com\/wp-content\/uploads\/2020\/09\/ebc28e57-e31d-4e4a-b712-74a5f1ff64d4-600x400.jpg 600w\" sizes=\"(max-width: 1170px) 100vw, 1170px\" \/> <img loading=\"lazy\" decoding=\"async\" class=\"aligncenter wp-image-10551 size-full\" src=\"https:\/\/graphimarket.com\/wp-content\/uploads\/2020\/09\/ff10f720-34de-43c5-a350-abd5dedec32d.jpg\" alt=\"\" width=\"1170\" height=\"780\" srcset=\"https:\/\/graphimarket.com\/wp-content\/uploads\/2020\/09\/ff10f720-34de-43c5-a350-abd5dedec32d.jpg 1170w, https:\/\/graphimarket.com\/wp-content\/uploads\/2020\/09\/ff10f720-34de-43c5-a350-abd5dedec32d-300x200.jpg 300w, https:\/\/graphimarket.com\/wp-content\/uploads\/2020\/09\/ff10f720-34de-43c5-a350-abd5dedec32d-1024x683.jpg 1024w, https:\/\/graphimarket.com\/wp-content\/uploads\/2020\/09\/ff10f720-34de-43c5-a350-abd5dedec32d-768x512.jpg 768w, https:\/\/graphimarket.com\/wp-content\/uploads\/2020\/09\/ff10f720-34de-43c5-a350-abd5dedec32d-600x400.jpg 600w\" sizes=\"(max-width: 1170px) 100vw, 1170px\" \/> <img loading=\"lazy\" decoding=\"async\" class=\"aligncenter wp-image-10552 size-full\" src=\"https:\/\/graphimarket.com\/wp-content\/uploads\/2020\/09\/ce4e83b3-1e69-42a6-be05-c180df5765e2.jpg\" alt=\"\" width=\"1170\" height=\"780\" srcset=\"https:\/\/graphimarket.com\/wp-content\/uploads\/2020\/09\/ce4e83b3-1e69-42a6-be05-c180df5765e2.jpg 1170w, https:\/\/graphimarket.com\/wp-content\/uploads\/2020\/09\/ce4e83b3-1e69-42a6-be05-c180df5765e2-300x200.jpg 300w, https:\/\/graphimarket.com\/wp-content\/uploads\/2020\/09\/ce4e83b3-1e69-42a6-be05-c180df5765e2-1024x683.jpg 1024w, https:\/\/graphimarket.com\/wp-content\/uploads\/2020\/09\/ce4e83b3-1e69-42a6-be05-c180df5765e2-768x512.jpg 768w, https:\/\/graphimarket.com\/wp-content\/uploads\/2020\/09\/ce4e83b3-1e69-42a6-be05-c180df5765e2-600x400.jpg 600w\" sizes=\"(max-width: 1170px) 100vw, 1170px\" \/> <img loading=\"lazy\" decoding=\"async\" class=\"aligncenter wp-image-10553 size-full\" src=\"https:\/\/graphimarket.com\/wp-content\/uploads\/2020\/09\/585cdf2b-f0aa-4cbd-bd7c-a714e206964a.jpg\" alt=\"\" width=\"1170\" height=\"780\" srcset=\"https:\/\/graphimarket.com\/wp-content\/uploads\/2020\/09\/585cdf2b-f0aa-4cbd-bd7c-a714e206964a.jpg 1170w, https:\/\/graphimarket.com\/wp-content\/uploads\/2020\/09\/585cdf2b-f0aa-4cbd-bd7c-a714e206964a-300x200.jpg 300w, https:\/\/graphimarket.com\/wp-content\/uploads\/2020\/09\/585cdf2b-f0aa-4cbd-bd7c-a714e206964a-1024x683.jpg 1024w, https:\/\/graphimarket.com\/wp-content\/uploads\/2020\/09\/585cdf2b-f0aa-4cbd-bd7c-a714e206964a-768x512.jpg 768w, https:\/\/graphimarket.com\/wp-content\/uploads\/2020\/09\/585cdf2b-f0aa-4cbd-bd7c-a714e206964a-600x400.jpg 600w\" sizes=\"(max-width: 1170px) 100vw, 1170px\" \/><\/p>\n<div class=\"_3YqMOf9R\">\n<div class=\"_3KAa4-GZ frEFeDSS\"><\/div>\n<\/div>","protected":false},"excerpt":{"rendered":"<p>Patrick Cute Display Font\u00a0is a cute and amazing display font that will make children&#8217;s themed designs stand out! Patrick is perfect for branding projects, logo, book cover design, tshirt designs, social media posts, advertisements, product packaging, product designs, label, watermark, invitation, stationery and any projects What&#8217;s Included : OTF\/TTF\/WOFF Web Fonts Works on PC &amp; [&hellip;]<\/p>\n","protected":false},"featured_media":10551,"comment_status":"open","ping_status":"closed","template":"","meta":{"site-sidebar-layout":"default","site-content-layout":"default","ast-site-content-layout":"default","site-content-style":"default","site-sidebar-style":"default","ast-global-header-display":"","ast-banner-title-visibility":"","ast-main-header-display":"","ast-hfb-above-header-display":"","ast-hfb-below-header-display":"","ast-hfb-mobile-header-display":"","site-post-title":"","ast-breadcrumbs-content":"","ast-featured-img":"","footer-sml-layout":"","ast-disable-related-posts":"","theme-transparent-header-meta":"default","adv-header-id-meta":"","stick-header-meta":"","header-above-stick-meta":"","header-main-stick-meta":"","header-below-stick-meta":"","astra-migrate-meta-layouts":"default","ast-page-background-enabled":"default","ast-page-background-meta":{"desktop":{"background-color":"","background-image":"","background-repeat":"repeat","background-position":"center center","background-size":"auto","background-attachment":"scroll","background-type":"","background-media":"","overlay-type":"","overlay-color":"","overlay-opacity":"","overlay-gradient":""},"tablet":{"background-color":"","background-image":"","background-repeat":"repeat","background-position":"center center","background-size":"auto","background-attachment":"scroll","background-type":"","background-media":"","overlay-type":"","overlay-color":"","overlay-opacity":"","overlay-gradient":""},"mobile":{"background-color":"","background-image":"","background-repeat":"repeat","background-position":"center center","background-size":"auto","background-attachment":"scroll","background-type":"","background-media":"","overlay-type":"","overlay-color":"","overlay-opacity":"","overlay-gradient":""}},"ast-content-background-meta":{"desktop":{"background-color":"var(--ast-global-color-5)","background-image":"","background-repeat":"repeat","background-position":"center center","background-size":"auto","background-attachment":"scroll","background-type":"","background-media":"","overlay-type":"","overlay-color":"","overlay-opacity":"","overlay-gradient":""},"tablet":{"background-color":"var(--ast-global-color-5)","background-image":"","background-repeat":"repeat","background-position":"center center","background-size":"auto","background-attachment":"scroll","background-type":"","background-media":"","overlay-type":"","overlay-color":"","overlay-opacity":"","overlay-gradient":""},"mobile":{"background-color":"var(--ast-global-color-5)","background-image":"","background-repeat":"repeat","background-position":"center center","background-size":"auto","background-attachment":"scroll","background-type":"","background-media":"","overlay-type":"","overlay-color":"","overlay-opacity":"","overlay-gradient":""}}},"product_brand":[],"product_cat":[187,191],"product_tag":[702,1087,346,1095,1090,577,351,1088,1091,1092,1089,1093,297,1094,298],"class_list":{"0":"post-10547","1":"product","2":"type-product","3":"status-publish","4":"has-post-thumbnail","6":"product_cat-fonts","7":"product_cat-free","8":"product_tag-branding","9":"product_tag-children","10":"product_tag-color","11":"product_tag-cute","12":"product_tag-daycare","13":"product_tag-display","14":"product_tag-font","15":"product_tag-fun","16":"product_tag-handwriting","17":"product_tag-happiness","18":"product_tag-kids","19":"product_tag-kindergarten","20":"product_tag-logo","21":"product_tag-toys","22":"product_tag-typography","23":"desktop-align-left","24":"tablet-align-left","25":"mobile-align-left","27":"first","28":"instock","29":"downloadable","30":"virtual","31":"taxable","32":"purchasable","33":"product-type-simple"},"yoast_head":"<!-- This site is optimized with the Yoast SEO plugin v27.3 - https:\/\/yoast.com\/product\/yoast-seo-wordpress\/ -->\n<title>Patrick Cute Display Font - Graphimarket<\/title>\n<meta name=\"description\" content=\"Patrick Cute Display Font\u00a0is a cute and amazing display font that will make children&#039;s themed designs stand out!Patrick is perfect...\" \/>\n<meta name=\"robots\" content=\"index, follow, max-snippet:-1, max-image-preview:large, max-video-preview:-1\" \/>\n<link rel=\"canonical\" href=\"https:\/\/graphimarket.com\/es\/product\/patrick-cute-display-font\/\" \/>\n<meta property=\"og:locale\" content=\"es_ES\" \/>\n<meta property=\"og:type\" content=\"article\" \/>\n<meta property=\"og:title\" content=\"Patrick Cute Display Font - Graphimarket\" \/>\n<meta property=\"og:description\" content=\"Patrick Cute Display Font\u00a0is a cute and amazing display font that will make children&#039;s themed designs stand out!Patrick is perfect...\" \/>\n<meta property=\"og:url\" content=\"https:\/\/graphimarket.com\/es\/product\/patrick-cute-display-font\/\" \/>\n<meta property=\"og:site_name\" content=\"Graphimarket\" \/>\n<meta property=\"article:modified_time\" content=\"2022-12-19T09:13:25+00:00\" \/>\n<meta property=\"og:image\" content=\"https:\/\/graphimarket.com\/wp-content\/uploads\/2020\/09\/ff10f720-34de-43c5-a350-abd5dedec32d.jpg\" \/>\n\t<meta property=\"og:image:width\" content=\"1170\" \/>\n\t<meta property=\"og:image:height\" content=\"780\" \/>\n\t<meta property=\"og:image:type\" content=\"image\/jpeg\" \/>\n<meta name=\"twitter:card\" content=\"summary_large_image\" \/>\n<script type=\"application\/ld+json\" class=\"yoast-schema-graph\">{\"@context\":\"https:\\\/\\\/schema.org\",\"@graph\":[{\"@type\":\"WebPage\",\"@id\":\"https:\\\/\\\/graphimarket.com\\\/product\\\/patrick-cute-display-font\\\/\",\"url\":\"https:\\\/\\\/graphimarket.com\\\/product\\\/patrick-cute-display-font\\\/\",\"name\":\"Patrick Cute Display Font - Graphimarket\",\"isPartOf\":{\"@id\":\"https:\\\/\\\/graphimarket.com\\\/fr\\\/#website\"},\"primaryImageOfPage\":{\"@id\":\"https:\\\/\\\/graphimarket.com\\\/product\\\/patrick-cute-display-font\\\/#primaryimage\"},\"image\":{\"@id\":\"https:\\\/\\\/graphimarket.com\\\/product\\\/patrick-cute-display-font\\\/#primaryimage\"},\"thumbnailUrl\":\"https:\\\/\\\/graphimarket.com\\\/wp-content\\\/uploads\\\/2020\\\/09\\\/ff10f720-34de-43c5-a350-abd5dedec32d.jpg\",\"datePublished\":\"2020-09-18T13:14:03+00:00\",\"dateModified\":\"2022-12-19T09:13:25+00:00\",\"description\":\"Patrick Cute Display Font\u00a0is a cute and amazing display font that will make children's themed designs stand out!Patrick is perfect...\",\"breadcrumb\":{\"@id\":\"https:\\\/\\\/graphimarket.com\\\/product\\\/patrick-cute-display-font\\\/#breadcrumb\"},\"inLanguage\":\"es-ES\",\"potentialAction\":[{\"@type\":\"ReadAction\",\"target\":[\"https:\\\/\\\/graphimarket.com\\\/product\\\/patrick-cute-display-font\\\/\"]}]},{\"@type\":\"ImageObject\",\"inLanguage\":\"es-ES\",\"@id\":\"https:\\\/\\\/graphimarket.com\\\/product\\\/patrick-cute-display-font\\\/#primaryimage\",\"url\":\"https:\\\/\\\/graphimarket.com\\\/wp-content\\\/uploads\\\/2020\\\/09\\\/ff10f720-34de-43c5-a350-abd5dedec32d.jpg\",\"contentUrl\":\"https:\\\/\\\/graphimarket.com\\\/wp-content\\\/uploads\\\/2020\\\/09\\\/ff10f720-34de-43c5-a350-abd5dedec32d.jpg\",\"width\":1170,\"height\":780},{\"@type\":\"BreadcrumbList\",\"@id\":\"https:\\\/\\\/graphimarket.com\\\/product\\\/patrick-cute-display-font\\\/#breadcrumb\",\"itemListElement\":[{\"@type\":\"ListItem\",\"position\":1,\"name\":\"Home\",\"item\":\"https:\\\/\\\/graphimarket.com\\\/es\\\/\"},{\"@type\":\"ListItem\",\"position\":2,\"name\":\"Store\",\"item\":\"https:\\\/\\\/graphimarket.com\\\/store\\\/\"},{\"@type\":\"ListItem\",\"position\":3,\"name\":\"Patrick Cute Display Font\"}]},{\"@type\":\"WebSite\",\"@id\":\"https:\\\/\\\/graphimarket.com\\\/fr\\\/#website\",\"url\":\"https:\\\/\\\/graphimarket.com\\\/fr\\\/\",\"name\":\"Graphimarket\",\"description\":\"Find the perfect creative asset to bring your project to life\",\"publisher\":{\"@id\":\"https:\\\/\\\/graphimarket.com\\\/fr\\\/#organization\"},\"potentialAction\":[{\"@type\":\"SearchAction\",\"target\":{\"@type\":\"EntryPoint\",\"urlTemplate\":\"https:\\\/\\\/graphimarket.com\\\/fr\\\/?s={search_term_string}\"},\"query-input\":{\"@type\":\"PropertyValueSpecification\",\"valueRequired\":true,\"valueName\":\"search_term_string\"}}],\"inLanguage\":\"es-ES\"},{\"@type\":\"Organization\",\"@id\":\"https:\\\/\\\/graphimarket.com\\\/fr\\\/#organization\",\"name\":\"Graphimarket\",\"url\":\"https:\\\/\\\/graphimarket.com\\\/fr\\\/\",\"logo\":{\"@type\":\"ImageObject\",\"inLanguage\":\"es-ES\",\"@id\":\"https:\\\/\\\/graphimarket.com\\\/fr\\\/#\\\/schema\\\/logo\\\/image\\\/\",\"url\":\"https:\\\/\\\/graphimarket.com\\\/wp-content\\\/uploads\\\/2020\\\/08\\\/logo-48.png\",\"contentUrl\":\"https:\\\/\\\/graphimarket.com\\\/wp-content\\\/uploads\\\/2020\\\/08\\\/logo-48.png\",\"width\":132,\"height\":48,\"caption\":\"Graphimarket\"},\"image\":{\"@id\":\"https:\\\/\\\/graphimarket.com\\\/fr\\\/#\\\/schema\\\/logo\\\/image\\\/\"}}]}<\/script>\n<!-- \/ Yoast SEO plugin. -->","yoast_head_json":{"title":"Patrick Cute Display Font - Graphimarket","description":"Patrick Cute Display Font\u00a0is a cute and amazing display font that will make children's themed designs stand out!Patrick is perfect...","robots":{"index":"index","follow":"follow","max-snippet":"max-snippet:-1","max-image-preview":"max-image-preview:large","max-video-preview":"max-video-preview:-1"},"canonical":"https:\/\/graphimarket.com\/es\/product\/patrick-cute-display-font\/","og_locale":"es_ES","og_type":"article","og_title":"Patrick Cute Display Font - Graphimarket","og_description":"Patrick Cute Display Font\u00a0is a cute and amazing display font that will make children's themed designs stand out!Patrick is perfect...","og_url":"https:\/\/graphimarket.com\/es\/product\/patrick-cute-display-font\/","og_site_name":"Graphimarket","article_modified_time":"2022-12-19T09:13:25+00:00","og_image":[{"width":1170,"height":780,"url":"https:\/\/graphimarket.com\/wp-content\/uploads\/2020\/09\/ff10f720-34de-43c5-a350-abd5dedec32d.jpg","type":"image\/jpeg"}],"twitter_card":"summary_large_image","schema":{"@context":"https:\/\/schema.org","@graph":[{"@type":"WebPage","@id":"https:\/\/graphimarket.com\/product\/patrick-cute-display-font\/","url":"https:\/\/graphimarket.com\/product\/patrick-cute-display-font\/","name":"Patrick Cute Display Font - Graphimarket","isPartOf":{"@id":"https:\/\/graphimarket.com\/fr\/#website"},"primaryImageOfPage":{"@id":"https:\/\/graphimarket.com\/product\/patrick-cute-display-font\/#primaryimage"},"image":{"@id":"https:\/\/graphimarket.com\/product\/patrick-cute-display-font\/#primaryimage"},"thumbnailUrl":"https:\/\/graphimarket.com\/wp-content\/uploads\/2020\/09\/ff10f720-34de-43c5-a350-abd5dedec32d.jpg","datePublished":"2020-09-18T13:14:03+00:00","dateModified":"2022-12-19T09:13:25+00:00","description":"Patrick Cute Display Font\u00a0is a cute and amazing display font that will make children's themed designs stand out!Patrick is perfect...","breadcrumb":{"@id":"https:\/\/graphimarket.com\/product\/patrick-cute-display-font\/#breadcrumb"},"inLanguage":"es-ES","potentialAction":[{"@type":"ReadAction","target":["https:\/\/graphimarket.com\/product\/patrick-cute-display-font\/"]}]},{"@type":"ImageObject","inLanguage":"es-ES","@id":"https:\/\/graphimarket.com\/product\/patrick-cute-display-font\/#primaryimage","url":"https:\/\/graphimarket.com\/wp-content\/uploads\/2020\/09\/ff10f720-34de-43c5-a350-abd5dedec32d.jpg","contentUrl":"https:\/\/graphimarket.com\/wp-content\/uploads\/2020\/09\/ff10f720-34de-43c5-a350-abd5dedec32d.jpg","width":1170,"height":780},{"@type":"BreadcrumbList","@id":"https:\/\/graphimarket.com\/product\/patrick-cute-display-font\/#breadcrumb","itemListElement":[{"@type":"ListItem","position":1,"name":"Home","item":"https:\/\/graphimarket.com\/es\/"},{"@type":"ListItem","position":2,"name":"Store","item":"https:\/\/graphimarket.com\/store\/"},{"@type":"ListItem","position":3,"name":"Patrick Cute Display Font"}]},{"@type":"WebSite","@id":"https:\/\/graphimarket.com\/fr\/#website","url":"https:\/\/graphimarket.com\/fr\/","name":"Graphimarket","description":"Encuentre el activo creativo perfecto para darle vida a su proyecto","publisher":{"@id":"https:\/\/graphimarket.com\/fr\/#organization"},"potentialAction":[{"@type":"SearchAction","target":{"@type":"EntryPoint","urlTemplate":"https:\/\/graphimarket.com\/fr\/?s={search_term_string}"},"query-input":{"@type":"PropertyValueSpecification","valueRequired":true,"valueName":"search_term_string"}}],"inLanguage":"es-ES"},{"@type":"Organization","@id":"https:\/\/graphimarket.com\/fr\/#organization","name":"Graphimarket","url":"https:\/\/graphimarket.com\/fr\/","logo":{"@type":"ImageObject","inLanguage":"es-ES","@id":"https:\/\/graphimarket.com\/fr\/#\/schema\/logo\/image\/","url":"https:\/\/graphimarket.com\/wp-content\/uploads\/2020\/08\/logo-48.png","contentUrl":"https:\/\/graphimarket.com\/wp-content\/uploads\/2020\/08\/logo-48.png","width":132,"height":48,"caption":"Graphimarket"},"image":{"@id":"https:\/\/graphimarket.com\/fr\/#\/schema\/logo\/image\/"}}]}},"_links":{"self":[{"href":"https:\/\/graphimarket.com\/es\/wp-json\/wp\/v2\/product\/10547","targetHints":{"allow":["GET"]}}],"collection":[{"href":"https:\/\/graphimarket.com\/es\/wp-json\/wp\/v2\/product"}],"about":[{"href":"https:\/\/graphimarket.com\/es\/wp-json\/wp\/v2\/types\/product"}],"replies":[{"embeddable":true,"href":"https:\/\/graphimarket.com\/es\/wp-json\/wp\/v2\/comments?post=10547"}],"version-history":[{"count":0,"href":"https:\/\/graphimarket.com\/es\/wp-json\/wp\/v2\/product\/10547\/revisions"}],"wp:featuredmedia":[{"embeddable":true,"href":"https:\/\/graphimarket.com\/es\/wp-json\/wp\/v2\/media\/10551"}],"wp:attachment":[{"href":"https:\/\/graphimarket.com\/es\/wp-json\/wp\/v2\/media?parent=10547"}],"wp:term":[{"taxonomy":"product_brand","embeddable":true,"href":"https:\/\/graphimarket.com\/es\/wp-json\/wp\/v2\/product_brand?post=10547"},{"taxonomy":"product_cat","embeddable":true,"href":"https:\/\/graphimarket.com\/es\/wp-json\/wp\/v2\/product_cat?post=10547"},{"taxonomy":"product_tag","embeddable":true,"href":"https:\/\/graphimarket.com\/es\/wp-json\/wp\/v2\/product_tag?post=10547"}],"curies":[{"name":"wp","href":"https:\/\/api.w.org\/{rel}","templated":true}]}}