{"id":10555,"date":"2020-09-18T15:18:23","date_gmt":"2020-09-18T13:18:23","guid":{"rendered":"https:\/\/graphimarket.com\/?post_type=product&#038;p=10555"},"modified":"2022-12-19T10:13:14","modified_gmt":"2022-12-19T09:13:14","slug":"nutmeg-font","status":"publish","type":"product","link":"https:\/\/graphimarket.com\/es\/product\/nutmeg-font\/","title":{"rendered":"Fuente Nutmeg"},"content":{"rendered":"<div class=\"_2Masz2rr\">\n<p>Nutmeg es una nueva fuente dibujada a mano basada en remolinos y rizados. Todos los caracteres son 100% accesibles en los programas. Esto incluye los personajes alternativos especiales que vienen con el set.<\/p>\n<p>Si te gusta esta fuente, \u00bfpor qu\u00e9 no echas un vistazo a este incre\u00edble paquete de fuentes? Https:\/\/goo.gl\/M07iDX<\/p>\n<p>Incluyendo m\u00e1s de 100 personajes diferentes dibujados a mano.<\/p>\n<p><strong>\u00bfQU\u00c9 EST\u00c1 INCLUIDO?<\/strong><\/p>\n<ul>\n<li>Nutmeg.otf y Nutmeg.ttf<\/li>\n<li>Fuentes web incluidas (archivos EOT, SVG, WOFF y WOFF2)<\/li>\n<li>Todos los caracteres son 100% accesibles sin las funciones de tipo abierto<\/li>\n<\/ul>\n<p>Descargue con unos pocos clics y util\u00edcelo en una amplia gama de programas, incluidos Photoshop, InDesign, Illustrator y Microsoft Word, as\u00ed como muchos m\u00e1s. No hay funciones de tipo abierto incluidas en esta fuente, lo que significa que todos los caracteres se pueden usar en cualquier programa que admita fuentes.<\/p>\n<\/div>\n<p>&nbsp;<\/p>\n<p><img fetchpriority=\"high\" decoding=\"async\" class=\"aligncenter wp-image-10556 size-full\" src=\"https:\/\/graphimarket.com\/wp-content\/uploads\/2020\/09\/985fcea6-48aa-4121-b9dc-891e9a2d7089.jpg\" alt=\"\" width=\"1160\" height=\"772\" srcset=\"https:\/\/graphimarket.com\/wp-content\/uploads\/2020\/09\/985fcea6-48aa-4121-b9dc-891e9a2d7089.jpg 1160w, https:\/\/graphimarket.com\/wp-content\/uploads\/2020\/09\/985fcea6-48aa-4121-b9dc-891e9a2d7089-300x200.jpg 300w, https:\/\/graphimarket.com\/wp-content\/uploads\/2020\/09\/985fcea6-48aa-4121-b9dc-891e9a2d7089-1024x681.jpg 1024w, https:\/\/graphimarket.com\/wp-content\/uploads\/2020\/09\/985fcea6-48aa-4121-b9dc-891e9a2d7089-768x511.jpg 768w, https:\/\/graphimarket.com\/wp-content\/uploads\/2020\/09\/985fcea6-48aa-4121-b9dc-891e9a2d7089-600x399.jpg 600w\" sizes=\"(max-width: 1160px) 100vw, 1160px\" \/> <img decoding=\"async\" class=\"aligncenter wp-image-10557 size-full\" src=\"https:\/\/graphimarket.com\/wp-content\/uploads\/2020\/09\/be50fe77-3271-4148-bf21-1d194675f699.jpg\" alt=\"\" width=\"1160\" height=\"772\" srcset=\"https:\/\/graphimarket.com\/wp-content\/uploads\/2020\/09\/be50fe77-3271-4148-bf21-1d194675f699.jpg 1160w, https:\/\/graphimarket.com\/wp-content\/uploads\/2020\/09\/be50fe77-3271-4148-bf21-1d194675f699-300x200.jpg 300w, https:\/\/graphimarket.com\/wp-content\/uploads\/2020\/09\/be50fe77-3271-4148-bf21-1d194675f699-1024x681.jpg 1024w, https:\/\/graphimarket.com\/wp-content\/uploads\/2020\/09\/be50fe77-3271-4148-bf21-1d194675f699-768x511.jpg 768w, https:\/\/graphimarket.com\/wp-content\/uploads\/2020\/09\/be50fe77-3271-4148-bf21-1d194675f699-600x399.jpg 600w\" sizes=\"(max-width: 1160px) 100vw, 1160px\" \/> <img decoding=\"async\" class=\"aligncenter wp-image-10558 size-full\" src=\"https:\/\/graphimarket.com\/wp-content\/uploads\/2020\/09\/8cc60455-19d0-49b9-9a16-229de9a410fe.jpg\" alt=\"\" width=\"1019\" height=\"679\" srcset=\"https:\/\/graphimarket.com\/wp-content\/uploads\/2020\/09\/8cc60455-19d0-49b9-9a16-229de9a410fe.jpg 1019w, https:\/\/graphimarket.com\/wp-content\/uploads\/2020\/09\/8cc60455-19d0-49b9-9a16-229de9a410fe-300x200.jpg 300w, https:\/\/graphimarket.com\/wp-content\/uploads\/2020\/09\/8cc60455-19d0-49b9-9a16-229de9a410fe-768x512.jpg 768w, https:\/\/graphimarket.com\/wp-content\/uploads\/2020\/09\/8cc60455-19d0-49b9-9a16-229de9a410fe-600x400.jpg 600w\" sizes=\"(max-width: 1019px) 100vw, 1019px\" \/> <img loading=\"lazy\" decoding=\"async\" class=\"aligncenter wp-image-10559 size-full\" src=\"https:\/\/graphimarket.com\/wp-content\/uploads\/2020\/09\/45f3ed7d-f554-4bbb-b22d-6eb1404c3d72.jpg\" alt=\"\" width=\"1160\" height=\"772\" srcset=\"https:\/\/graphimarket.com\/wp-content\/uploads\/2020\/09\/45f3ed7d-f554-4bbb-b22d-6eb1404c3d72.jpg 1160w, https:\/\/graphimarket.com\/wp-content\/uploads\/2020\/09\/45f3ed7d-f554-4bbb-b22d-6eb1404c3d72-300x200.jpg 300w, https:\/\/graphimarket.com\/wp-content\/uploads\/2020\/09\/45f3ed7d-f554-4bbb-b22d-6eb1404c3d72-1024x681.jpg 1024w, https:\/\/graphimarket.com\/wp-content\/uploads\/2020\/09\/45f3ed7d-f554-4bbb-b22d-6eb1404c3d72-768x511.jpg 768w, https:\/\/graphimarket.com\/wp-content\/uploads\/2020\/09\/45f3ed7d-f554-4bbb-b22d-6eb1404c3d72-600x399.jpg 600w\" sizes=\"(max-width: 1160px) 100vw, 1160px\" \/><\/p>\n<div class=\"_3YqMOf9R\">\n<div class=\"_3KAa4-GZ frEFeDSS\"><\/div>\n<\/div>","protected":false},"excerpt":{"rendered":"<p>Nutmeg is a brand new curly swirly based hand-drawn font. All characters are 100% accessible on programs. This includes the special alternate characters that come with the set. If you like this font, why not check out this amazing font bundle &#8211; https:\/\/goo.gl\/M07iDX Including over 100 different hand drawn characters. WHATS INCLUDED? Nutmeg.otf &amp; Nutmeg.ttf [&hellip;]<\/p>\n","protected":false},"featured_media":10558,"comment_status":"open","ping_status":"closed","template":"","meta":{"site-sidebar-layout":"default","site-content-layout":"default","ast-site-content-layout":"default","site-content-style":"default","site-sidebar-style":"default","ast-global-header-display":"","ast-banner-title-visibility":"","ast-main-header-display":"","ast-hfb-above-header-display":"","ast-hfb-below-header-display":"","ast-hfb-mobile-header-display":"","site-post-title":"","ast-breadcrumbs-content":"","ast-featured-img":"","footer-sml-layout":"","ast-disable-related-posts":"","theme-transparent-header-meta":"default","adv-header-id-meta":"","stick-header-meta":"","header-above-stick-meta":"","header-main-stick-meta":"","header-below-stick-meta":"","astra-migrate-meta-layouts":"default","ast-page-background-enabled":"default","ast-page-background-meta":{"desktop":{"background-color":"","background-image":"","background-repeat":"repeat","background-position":"center center","background-size":"auto","background-attachment":"scroll","background-type":"","background-media":"","overlay-type":"","overlay-color":"","overlay-opacity":"","overlay-gradient":""},"tablet":{"background-color":"","background-image":"","background-repeat":"repeat","background-position":"center center","background-size":"auto","background-attachment":"scroll","background-type":"","background-media":"","overlay-type":"","overlay-color":"","overlay-opacity":"","overlay-gradient":""},"mobile":{"background-color":"","background-image":"","background-repeat":"repeat","background-position":"center center","background-size":"auto","background-attachment":"scroll","background-type":"","background-media":"","overlay-type":"","overlay-color":"","overlay-opacity":"","overlay-gradient":""}},"ast-content-background-meta":{"desktop":{"background-color":"var(--ast-global-color-5)","background-image":"","background-repeat":"repeat","background-position":"center center","background-size":"auto","background-attachment":"scroll","background-type":"","background-media":"","overlay-type":"","overlay-color":"","overlay-opacity":"","overlay-gradient":""},"tablet":{"background-color":"var(--ast-global-color-5)","background-image":"","background-repeat":"repeat","background-position":"center center","background-size":"auto","background-attachment":"scroll","background-type":"","background-media":"","overlay-type":"","overlay-color":"","overlay-opacity":"","overlay-gradient":""},"mobile":{"background-color":"var(--ast-global-color-5)","background-image":"","background-repeat":"repeat","background-position":"center center","background-size":"auto","background-attachment":"scroll","background-type":"","background-media":"","overlay-type":"","overlay-color":"","overlay-opacity":"","overlay-gradient":""}}},"product_brand":[],"product_cat":[187],"product_tag":[1096,1099,1100,1073,1098,1097],"class_list":{"0":"post-10555","1":"product","2":"type-product","3":"status-publish","4":"has-post-thumbnail","6":"product_cat-fonts","7":"product_tag-curly","8":"product_tag-handwritten","9":"product_tag-poetry","10":"product_tag-script","11":"product_tag-smooth","12":"product_tag-whirly","13":"desktop-align-left","14":"tablet-align-left","15":"mobile-align-left","17":"first","18":"instock","19":"downloadable","20":"virtual","21":"taxable","22":"purchasable","23":"product-type-simple"},"yoast_head":"<!-- This site is optimized with the Yoast SEO plugin v27.3 - https:\/\/yoast.com\/product\/yoast-seo-wordpress\/ -->\n<title>Nutmeg Font - Graphimarket<\/title>\n<meta name=\"description\" content=\"Nutmeg is a brand new curly swirly based hand-drawn font. All characters are 100% accessible on programs. This includes...\" \/>\n<meta name=\"robots\" content=\"index, follow, max-snippet:-1, max-image-preview:large, max-video-preview:-1\" \/>\n<link rel=\"canonical\" href=\"https:\/\/graphimarket.com\/es\/product\/nutmeg-font\/\" \/>\n<meta property=\"og:locale\" content=\"es_ES\" \/>\n<meta property=\"og:type\" content=\"article\" \/>\n<meta property=\"og:title\" content=\"Nutmeg Font - Graphimarket\" \/>\n<meta property=\"og:description\" content=\"Nutmeg is a brand new curly swirly based hand-drawn font. All characters are 100% accessible on programs. This includes...\" \/>\n<meta property=\"og:url\" content=\"https:\/\/graphimarket.com\/es\/product\/nutmeg-font\/\" \/>\n<meta property=\"og:site_name\" content=\"Graphimarket\" \/>\n<meta property=\"article:modified_time\" content=\"2022-12-19T09:13:14+00:00\" \/>\n<meta property=\"og:image\" content=\"https:\/\/graphimarket.com\/wp-content\/uploads\/2020\/09\/8cc60455-19d0-49b9-9a16-229de9a410fe.jpg\" \/>\n\t<meta property=\"og:image:width\" content=\"1019\" \/>\n\t<meta property=\"og:image:height\" content=\"679\" \/>\n\t<meta property=\"og:image:type\" content=\"image\/jpeg\" \/>\n<meta name=\"twitter:card\" content=\"summary_large_image\" \/>\n<meta name=\"twitter:label1\" content=\"Est. reading time\" \/>\n\t<meta name=\"twitter:data1\" content=\"1 minute\" \/>\n<script type=\"application\/ld+json\" class=\"yoast-schema-graph\">{\"@context\":\"https:\\\/\\\/schema.org\",\"@graph\":[{\"@type\":\"WebPage\",\"@id\":\"https:\\\/\\\/graphimarket.com\\\/de\\\/product\\\/nutmeg-font\\\/\",\"url\":\"https:\\\/\\\/graphimarket.com\\\/de\\\/product\\\/nutmeg-font\\\/\",\"name\":\"Nutmeg Font - Graphimarket\",\"isPartOf\":{\"@id\":\"https:\\\/\\\/graphimarket.com\\\/fr\\\/#website\"},\"primaryImageOfPage\":{\"@id\":\"https:\\\/\\\/graphimarket.com\\\/de\\\/product\\\/nutmeg-font\\\/#primaryimage\"},\"image\":{\"@id\":\"https:\\\/\\\/graphimarket.com\\\/de\\\/product\\\/nutmeg-font\\\/#primaryimage\"},\"thumbnailUrl\":\"https:\\\/\\\/graphimarket.com\\\/wp-content\\\/uploads\\\/2020\\\/09\\\/8cc60455-19d0-49b9-9a16-229de9a410fe.jpg\",\"datePublished\":\"2020-09-18T13:18:23+00:00\",\"dateModified\":\"2022-12-19T09:13:14+00:00\",\"description\":\"Nutmeg is a brand new curly swirly based hand-drawn font. All characters are 100% accessible on programs. This includes...\",\"breadcrumb\":{\"@id\":\"https:\\\/\\\/graphimarket.com\\\/de\\\/product\\\/nutmeg-font\\\/#breadcrumb\"},\"inLanguage\":\"es-ES\",\"potentialAction\":[{\"@type\":\"ReadAction\",\"target\":[\"https:\\\/\\\/graphimarket.com\\\/de\\\/product\\\/nutmeg-font\\\/\"]}]},{\"@type\":\"ImageObject\",\"inLanguage\":\"es-ES\",\"@id\":\"https:\\\/\\\/graphimarket.com\\\/de\\\/product\\\/nutmeg-font\\\/#primaryimage\",\"url\":\"https:\\\/\\\/graphimarket.com\\\/wp-content\\\/uploads\\\/2020\\\/09\\\/8cc60455-19d0-49b9-9a16-229de9a410fe.jpg\",\"contentUrl\":\"https:\\\/\\\/graphimarket.com\\\/wp-content\\\/uploads\\\/2020\\\/09\\\/8cc60455-19d0-49b9-9a16-229de9a410fe.jpg\",\"width\":1019,\"height\":679},{\"@type\":\"BreadcrumbList\",\"@id\":\"https:\\\/\\\/graphimarket.com\\\/de\\\/product\\\/nutmeg-font\\\/#breadcrumb\",\"itemListElement\":[{\"@type\":\"ListItem\",\"position\":1,\"name\":\"Home\",\"item\":\"https:\\\/\\\/graphimarket.com\\\/es\\\/\"},{\"@type\":\"ListItem\",\"position\":2,\"name\":\"Store\",\"item\":\"https:\\\/\\\/graphimarket.com\\\/store\\\/\"},{\"@type\":\"ListItem\",\"position\":3,\"name\":\"Nutmeg Font\"}]},{\"@type\":\"WebSite\",\"@id\":\"https:\\\/\\\/graphimarket.com\\\/fr\\\/#website\",\"url\":\"https:\\\/\\\/graphimarket.com\\\/fr\\\/\",\"name\":\"Graphimarket\",\"description\":\"Find the perfect creative asset to bring your project to life\",\"publisher\":{\"@id\":\"https:\\\/\\\/graphimarket.com\\\/fr\\\/#organization\"},\"potentialAction\":[{\"@type\":\"SearchAction\",\"target\":{\"@type\":\"EntryPoint\",\"urlTemplate\":\"https:\\\/\\\/graphimarket.com\\\/fr\\\/?s={search_term_string}\"},\"query-input\":{\"@type\":\"PropertyValueSpecification\",\"valueRequired\":true,\"valueName\":\"search_term_string\"}}],\"inLanguage\":\"es-ES\"},{\"@type\":\"Organization\",\"@id\":\"https:\\\/\\\/graphimarket.com\\\/fr\\\/#organization\",\"name\":\"Graphimarket\",\"url\":\"https:\\\/\\\/graphimarket.com\\\/fr\\\/\",\"logo\":{\"@type\":\"ImageObject\",\"inLanguage\":\"es-ES\",\"@id\":\"https:\\\/\\\/graphimarket.com\\\/fr\\\/#\\\/schema\\\/logo\\\/image\\\/\",\"url\":\"https:\\\/\\\/graphimarket.com\\\/wp-content\\\/uploads\\\/2020\\\/08\\\/logo-48.png\",\"contentUrl\":\"https:\\\/\\\/graphimarket.com\\\/wp-content\\\/uploads\\\/2020\\\/08\\\/logo-48.png\",\"width\":132,\"height\":48,\"caption\":\"Graphimarket\"},\"image\":{\"@id\":\"https:\\\/\\\/graphimarket.com\\\/fr\\\/#\\\/schema\\\/logo\\\/image\\\/\"}}]}<\/script>\n<!-- \/ Yoast SEO plugin. -->","yoast_head_json":{"title":"Fuente de nuez moscada - Graphimarket","description":"Nutmeg es una nueva fuente dibujada a mano basada en remolinos y rizados. Todos los caracteres son 100% accesibles en los programas. Esto incluye...","robots":{"index":"index","follow":"follow","max-snippet":"max-snippet:-1","max-image-preview":"max-image-preview:large","max-video-preview":"max-video-preview:-1"},"canonical":"https:\/\/graphimarket.com\/es\/product\/nutmeg-font\/","og_locale":"es_ES","og_type":"article","og_title":"Nutmeg Font - Graphimarket","og_description":"Nutmeg is a brand new curly swirly based hand-drawn font. All characters are 100% accessible on programs. This includes...","og_url":"https:\/\/graphimarket.com\/es\/product\/nutmeg-font\/","og_site_name":"Graphimarket","article_modified_time":"2022-12-19T09:13:14+00:00","og_image":[{"width":1019,"height":679,"url":"https:\/\/graphimarket.com\/wp-content\/uploads\/2020\/09\/8cc60455-19d0-49b9-9a16-229de9a410fe.jpg","type":"image\/jpeg"}],"twitter_card":"summary_large_image","twitter_misc":{"Est. reading time":"1 minute"},"schema":{"@context":"https:\/\/schema.org","@graph":[{"@type":"WebPage","@id":"https:\/\/graphimarket.com\/de\/product\/nutmeg-font\/","url":"https:\/\/graphimarket.com\/de\/product\/nutmeg-font\/","name":"Fuente de nuez moscada - Graphimarket","isPartOf":{"@id":"https:\/\/graphimarket.com\/fr\/#website"},"primaryImageOfPage":{"@id":"https:\/\/graphimarket.com\/de\/product\/nutmeg-font\/#primaryimage"},"image":{"@id":"https:\/\/graphimarket.com\/de\/product\/nutmeg-font\/#primaryimage"},"thumbnailUrl":"https:\/\/graphimarket.com\/wp-content\/uploads\/2020\/09\/8cc60455-19d0-49b9-9a16-229de9a410fe.jpg","datePublished":"2020-09-18T13:18:23+00:00","dateModified":"2022-12-19T09:13:14+00:00","description":"Nutmeg es una nueva fuente dibujada a mano basada en remolinos y rizados. Todos los caracteres son 100% accesibles en los programas. Esto incluye...","breadcrumb":{"@id":"https:\/\/graphimarket.com\/de\/product\/nutmeg-font\/#breadcrumb"},"inLanguage":"es-ES","potentialAction":[{"@type":"ReadAction","target":["https:\/\/graphimarket.com\/de\/product\/nutmeg-font\/"]}]},{"@type":"ImageObject","inLanguage":"es-ES","@id":"https:\/\/graphimarket.com\/de\/product\/nutmeg-font\/#primaryimage","url":"https:\/\/graphimarket.com\/wp-content\/uploads\/2020\/09\/8cc60455-19d0-49b9-9a16-229de9a410fe.jpg","contentUrl":"https:\/\/graphimarket.com\/wp-content\/uploads\/2020\/09\/8cc60455-19d0-49b9-9a16-229de9a410fe.jpg","width":1019,"height":679},{"@type":"BreadcrumbList","@id":"https:\/\/graphimarket.com\/de\/product\/nutmeg-font\/#breadcrumb","itemListElement":[{"@type":"ListItem","position":1,"name":"Home","item":"https:\/\/graphimarket.com\/es\/"},{"@type":"ListItem","position":2,"name":"Store","item":"https:\/\/graphimarket.com\/store\/"},{"@type":"ListItem","position":3,"name":"Nutmeg Font"}]},{"@type":"WebSite","@id":"https:\/\/graphimarket.com\/fr\/#website","url":"https:\/\/graphimarket.com\/fr\/","name":"Graphimarket","description":"Encuentre el activo creativo perfecto para darle vida a su proyecto","publisher":{"@id":"https:\/\/graphimarket.com\/fr\/#organization"},"potentialAction":[{"@type":"SearchAction","target":{"@type":"EntryPoint","urlTemplate":"https:\/\/graphimarket.com\/fr\/?s={search_term_string}"},"query-input":{"@type":"PropertyValueSpecification","valueRequired":true,"valueName":"search_term_string"}}],"inLanguage":"es-ES"},{"@type":"Organization","@id":"https:\/\/graphimarket.com\/fr\/#organization","name":"Graphimarket","url":"https:\/\/graphimarket.com\/fr\/","logo":{"@type":"ImageObject","inLanguage":"es-ES","@id":"https:\/\/graphimarket.com\/fr\/#\/schema\/logo\/image\/","url":"https:\/\/graphimarket.com\/wp-content\/uploads\/2020\/08\/logo-48.png","contentUrl":"https:\/\/graphimarket.com\/wp-content\/uploads\/2020\/08\/logo-48.png","width":132,"height":48,"caption":"Graphimarket"},"image":{"@id":"https:\/\/graphimarket.com\/fr\/#\/schema\/logo\/image\/"}}]}},"_links":{"self":[{"href":"https:\/\/graphimarket.com\/es\/wp-json\/wp\/v2\/product\/10555","targetHints":{"allow":["GET"]}}],"collection":[{"href":"https:\/\/graphimarket.com\/es\/wp-json\/wp\/v2\/product"}],"about":[{"href":"https:\/\/graphimarket.com\/es\/wp-json\/wp\/v2\/types\/product"}],"replies":[{"embeddable":true,"href":"https:\/\/graphimarket.com\/es\/wp-json\/wp\/v2\/comments?post=10555"}],"version-history":[{"count":0,"href":"https:\/\/graphimarket.com\/es\/wp-json\/wp\/v2\/product\/10555\/revisions"}],"wp:featuredmedia":[{"embeddable":true,"href":"https:\/\/graphimarket.com\/es\/wp-json\/wp\/v2\/media\/10558"}],"wp:attachment":[{"href":"https:\/\/graphimarket.com\/es\/wp-json\/wp\/v2\/media?parent=10555"}],"wp:term":[{"taxonomy":"product_brand","embeddable":true,"href":"https:\/\/graphimarket.com\/es\/wp-json\/wp\/v2\/product_brand?post=10555"},{"taxonomy":"product_cat","embeddable":true,"href":"https:\/\/graphimarket.com\/es\/wp-json\/wp\/v2\/product_cat?post=10555"},{"taxonomy":"product_tag","embeddable":true,"href":"https:\/\/graphimarket.com\/es\/wp-json\/wp\/v2\/product_tag?post=10555"}],"curies":[{"name":"wp","href":"https:\/\/api.w.org\/{rel}","templated":true}]}}