{"id":10742,"date":"2020-09-19T12:21:51","date_gmt":"2020-09-19T10:21:51","guid":{"rendered":"https:\/\/graphimarket.com\/?post_type=product&#038;p=10742"},"modified":"2022-12-19T10:10:07","modified_gmt":"2022-12-19T09:10:07","slug":"fogie-modern-serif-family-10-fonts","status":"publish","type":"product","link":"https:\/\/graphimarket.com\/es\/product\/fogie-modern-serif-family-10-fonts\/","title":{"rendered":"Fogie - Modern Serif Family 10 fuentes"},"content":{"rendered":"<div class=\"_2Masz2rr\">\n<p>Fogie es una fuente moderna de la familia serif. Funciones con 10 fuentes. Esta familia tambi\u00e9n se present\u00f3 con muchas ligaduras y suplentes. Dise\u00f1ado con potentes funciones OpenType en mente y perfectamente adecuado para el dise\u00f1o gr\u00e1fico y cualquier uso de pantalla. Podr\u00eda funcionar f\u00e1cilmente para web, se\u00f1alizaci\u00f3n, corporativo y dise\u00f1o editorial.<\/p>\n<p>Dise\u00f1o de Din Studio<\/p>\n<p>Gracias por descargar la fuente premium de DIn Studio<\/p>\n<\/div>\n<div class=\"_3KAa4-GZ frEFeDSS\"><\/div>\n<div><img fetchpriority=\"high\" decoding=\"async\" class=\"aligncenter wp-image-10744 size-full\" src=\"https:\/\/graphimarket.com\/wp-content\/uploads\/2020\/09\/94a1ead4-e4d1-4e4e-bd9e-a29a4a5923ca.jpg\" alt=\"\" width=\"900\" height=\"600\" srcset=\"https:\/\/graphimarket.com\/wp-content\/uploads\/2020\/09\/94a1ead4-e4d1-4e4e-bd9e-a29a4a5923ca.jpg 900w, https:\/\/graphimarket.com\/wp-content\/uploads\/2020\/09\/94a1ead4-e4d1-4e4e-bd9e-a29a4a5923ca-300x200.jpg 300w, https:\/\/graphimarket.com\/wp-content\/uploads\/2020\/09\/94a1ead4-e4d1-4e4e-bd9e-a29a4a5923ca-768x512.jpg 768w, https:\/\/graphimarket.com\/wp-content\/uploads\/2020\/09\/94a1ead4-e4d1-4e4e-bd9e-a29a4a5923ca-600x400.jpg 600w\" sizes=\"(max-width: 900px) 100vw, 900px\" \/> <img decoding=\"async\" class=\"aligncenter wp-image-10745 size-full\" src=\"https:\/\/graphimarket.com\/wp-content\/uploads\/2020\/09\/6719e37c-13df-4d92-996c-5f344be5ca6d.jpg\" alt=\"\" width=\"900\" height=\"600\" srcset=\"https:\/\/graphimarket.com\/wp-content\/uploads\/2020\/09\/6719e37c-13df-4d92-996c-5f344be5ca6d.jpg 900w, https:\/\/graphimarket.com\/wp-content\/uploads\/2020\/09\/6719e37c-13df-4d92-996c-5f344be5ca6d-300x200.jpg 300w, https:\/\/graphimarket.com\/wp-content\/uploads\/2020\/09\/6719e37c-13df-4d92-996c-5f344be5ca6d-768x512.jpg 768w, https:\/\/graphimarket.com\/wp-content\/uploads\/2020\/09\/6719e37c-13df-4d92-996c-5f344be5ca6d-600x400.jpg 600w\" sizes=\"(max-width: 900px) 100vw, 900px\" \/> <img decoding=\"async\" class=\"aligncenter wp-image-10746 size-full\" src=\"https:\/\/graphimarket.com\/wp-content\/uploads\/2020\/09\/27575a5f-7db4-4ef5-aed3-0a4843806015.jpg\" alt=\"\" width=\"900\" height=\"600\" srcset=\"https:\/\/graphimarket.com\/wp-content\/uploads\/2020\/09\/27575a5f-7db4-4ef5-aed3-0a4843806015.jpg 900w, https:\/\/graphimarket.com\/wp-content\/uploads\/2020\/09\/27575a5f-7db4-4ef5-aed3-0a4843806015-300x200.jpg 300w, https:\/\/graphimarket.com\/wp-content\/uploads\/2020\/09\/27575a5f-7db4-4ef5-aed3-0a4843806015-768x512.jpg 768w, https:\/\/graphimarket.com\/wp-content\/uploads\/2020\/09\/27575a5f-7db4-4ef5-aed3-0a4843806015-600x400.jpg 600w\" sizes=\"(max-width: 900px) 100vw, 900px\" \/> <img loading=\"lazy\" decoding=\"async\" class=\"aligncenter wp-image-10747 size-full\" src=\"https:\/\/graphimarket.com\/wp-content\/uploads\/2020\/09\/629840ac-36ff-4e2f-9363-661725f6848e.jpg\" alt=\"\" width=\"900\" height=\"600\" srcset=\"https:\/\/graphimarket.com\/wp-content\/uploads\/2020\/09\/629840ac-36ff-4e2f-9363-661725f6848e.jpg 900w, https:\/\/graphimarket.com\/wp-content\/uploads\/2020\/09\/629840ac-36ff-4e2f-9363-661725f6848e-300x200.jpg 300w, https:\/\/graphimarket.com\/wp-content\/uploads\/2020\/09\/629840ac-36ff-4e2f-9363-661725f6848e-768x512.jpg 768w, https:\/\/graphimarket.com\/wp-content\/uploads\/2020\/09\/629840ac-36ff-4e2f-9363-661725f6848e-600x400.jpg 600w\" sizes=\"(max-width: 900px) 100vw, 900px\" \/> <img loading=\"lazy\" decoding=\"async\" class=\"aligncenter wp-image-10748 size-full\" src=\"https:\/\/graphimarket.com\/wp-content\/uploads\/2020\/09\/2939088d-debb-4281-9c89-76c4389cb3a0.jpg\" alt=\"\" width=\"900\" height=\"600\" srcset=\"https:\/\/graphimarket.com\/wp-content\/uploads\/2020\/09\/2939088d-debb-4281-9c89-76c4389cb3a0.jpg 900w, https:\/\/graphimarket.com\/wp-content\/uploads\/2020\/09\/2939088d-debb-4281-9c89-76c4389cb3a0-300x200.jpg 300w, https:\/\/graphimarket.com\/wp-content\/uploads\/2020\/09\/2939088d-debb-4281-9c89-76c4389cb3a0-768x512.jpg 768w, https:\/\/graphimarket.com\/wp-content\/uploads\/2020\/09\/2939088d-debb-4281-9c89-76c4389cb3a0-600x400.jpg 600w\" sizes=\"(max-width: 900px) 100vw, 900px\" \/> <img loading=\"lazy\" decoding=\"async\" class=\"aligncenter wp-image-10749 size-full\" src=\"https:\/\/graphimarket.com\/wp-content\/uploads\/2020\/09\/83147343-fe10-46ee-9abc-490851d230ca.jpg\" alt=\"\" width=\"900\" height=\"600\" srcset=\"https:\/\/graphimarket.com\/wp-content\/uploads\/2020\/09\/83147343-fe10-46ee-9abc-490851d230ca.jpg 900w, https:\/\/graphimarket.com\/wp-content\/uploads\/2020\/09\/83147343-fe10-46ee-9abc-490851d230ca-300x200.jpg 300w, https:\/\/graphimarket.com\/wp-content\/uploads\/2020\/09\/83147343-fe10-46ee-9abc-490851d230ca-768x512.jpg 768w, https:\/\/graphimarket.com\/wp-content\/uploads\/2020\/09\/83147343-fe10-46ee-9abc-490851d230ca-600x400.jpg 600w\" sizes=\"(max-width: 900px) 100vw, 900px\" \/> <img loading=\"lazy\" decoding=\"async\" class=\"aligncenter wp-image-10750 size-full\" src=\"https:\/\/graphimarket.com\/wp-content\/uploads\/2020\/09\/b9b7e91a-5d3f-48c0-98ab-bc82cc18af70.jpg\" alt=\"\" width=\"900\" height=\"600\" srcset=\"https:\/\/graphimarket.com\/wp-content\/uploads\/2020\/09\/b9b7e91a-5d3f-48c0-98ab-bc82cc18af70.jpg 900w, https:\/\/graphimarket.com\/wp-content\/uploads\/2020\/09\/b9b7e91a-5d3f-48c0-98ab-bc82cc18af70-300x200.jpg 300w, https:\/\/graphimarket.com\/wp-content\/uploads\/2020\/09\/b9b7e91a-5d3f-48c0-98ab-bc82cc18af70-768x512.jpg 768w, https:\/\/graphimarket.com\/wp-content\/uploads\/2020\/09\/b9b7e91a-5d3f-48c0-98ab-bc82cc18af70-600x400.jpg 600w\" sizes=\"(max-width: 900px) 100vw, 900px\" \/> <img loading=\"lazy\" decoding=\"async\" class=\"aligncenter wp-image-10751 size-full\" src=\"https:\/\/graphimarket.com\/wp-content\/uploads\/2020\/09\/c1c8308e-90ca-4f06-91fa-83ae15221584.jpg\" alt=\"\" width=\"900\" height=\"600\" srcset=\"https:\/\/graphimarket.com\/wp-content\/uploads\/2020\/09\/c1c8308e-90ca-4f06-91fa-83ae15221584.jpg 900w, https:\/\/graphimarket.com\/wp-content\/uploads\/2020\/09\/c1c8308e-90ca-4f06-91fa-83ae15221584-300x200.jpg 300w, https:\/\/graphimarket.com\/wp-content\/uploads\/2020\/09\/c1c8308e-90ca-4f06-91fa-83ae15221584-768x512.jpg 768w, https:\/\/graphimarket.com\/wp-content\/uploads\/2020\/09\/c1c8308e-90ca-4f06-91fa-83ae15221584-600x400.jpg 600w\" sizes=\"(max-width: 900px) 100vw, 900px\" \/> <img loading=\"lazy\" decoding=\"async\" class=\"aligncenter wp-image-10752 size-full\" src=\"https:\/\/graphimarket.com\/wp-content\/uploads\/2020\/09\/d141080a-6f4a-4a8f-a468-764309b026e9.jpg\" alt=\"\" width=\"900\" height=\"600\" srcset=\"https:\/\/graphimarket.com\/wp-content\/uploads\/2020\/09\/d141080a-6f4a-4a8f-a468-764309b026e9.jpg 900w, https:\/\/graphimarket.com\/wp-content\/uploads\/2020\/09\/d141080a-6f4a-4a8f-a468-764309b026e9-300x200.jpg 300w, https:\/\/graphimarket.com\/wp-content\/uploads\/2020\/09\/d141080a-6f4a-4a8f-a468-764309b026e9-768x512.jpg 768w, https:\/\/graphimarket.com\/wp-content\/uploads\/2020\/09\/d141080a-6f4a-4a8f-a468-764309b026e9-600x400.jpg 600w\" sizes=\"(max-width: 900px) 100vw, 900px\" \/> <img loading=\"lazy\" decoding=\"async\" class=\"aligncenter wp-image-10753 size-full\" src=\"https:\/\/graphimarket.com\/wp-content\/uploads\/2020\/09\/f0caa9b2-f2a7-4110-b4b4-f69d7d62e0e1.jpg\" alt=\"\" width=\"900\" height=\"600\" srcset=\"https:\/\/graphimarket.com\/wp-content\/uploads\/2020\/09\/f0caa9b2-f2a7-4110-b4b4-f69d7d62e0e1.jpg 900w, https:\/\/graphimarket.com\/wp-content\/uploads\/2020\/09\/f0caa9b2-f2a7-4110-b4b4-f69d7d62e0e1-300x200.jpg 300w, https:\/\/graphimarket.com\/wp-content\/uploads\/2020\/09\/f0caa9b2-f2a7-4110-b4b4-f69d7d62e0e1-768x512.jpg 768w, https:\/\/graphimarket.com\/wp-content\/uploads\/2020\/09\/f0caa9b2-f2a7-4110-b4b4-f69d7d62e0e1-600x400.jpg 600w\" sizes=\"(max-width: 900px) 100vw, 900px\" \/> <img loading=\"lazy\" decoding=\"async\" class=\"aligncenter wp-image-10754 size-full\" src=\"https:\/\/graphimarket.com\/wp-content\/uploads\/2020\/09\/fbf40cec-1c98-4435-a7bc-6c126187051b.jpg\" alt=\"\" width=\"900\" height=\"600\" srcset=\"https:\/\/graphimarket.com\/wp-content\/uploads\/2020\/09\/fbf40cec-1c98-4435-a7bc-6c126187051b.jpg 900w, https:\/\/graphimarket.com\/wp-content\/uploads\/2020\/09\/fbf40cec-1c98-4435-a7bc-6c126187051b-300x200.jpg 300w, https:\/\/graphimarket.com\/wp-content\/uploads\/2020\/09\/fbf40cec-1c98-4435-a7bc-6c126187051b-768x512.jpg 768w, https:\/\/graphimarket.com\/wp-content\/uploads\/2020\/09\/fbf40cec-1c98-4435-a7bc-6c126187051b-600x400.jpg 600w\" sizes=\"(max-width: 900px) 100vw, 900px\" \/> <img loading=\"lazy\" decoding=\"async\" class=\"aligncenter wp-image-10755 size-full\" src=\"https:\/\/graphimarket.com\/wp-content\/uploads\/2020\/09\/07d938ce-dbb2-42c6-b3fd-532e83415602.jpg\" alt=\"\" width=\"900\" height=\"600\" srcset=\"https:\/\/graphimarket.com\/wp-content\/uploads\/2020\/09\/07d938ce-dbb2-42c6-b3fd-532e83415602.jpg 900w, https:\/\/graphimarket.com\/wp-content\/uploads\/2020\/09\/07d938ce-dbb2-42c6-b3fd-532e83415602-300x200.jpg 300w, https:\/\/graphimarket.com\/wp-content\/uploads\/2020\/09\/07d938ce-dbb2-42c6-b3fd-532e83415602-768x512.jpg 768w, https:\/\/graphimarket.com\/wp-content\/uploads\/2020\/09\/07d938ce-dbb2-42c6-b3fd-532e83415602-600x400.jpg 600w\" sizes=\"(max-width: 900px) 100vw, 900px\" \/> <img loading=\"lazy\" decoding=\"async\" class=\"aligncenter wp-image-10756 size-full\" src=\"https:\/\/graphimarket.com\/wp-content\/uploads\/2020\/09\/001dcbfb-03e5-405a-9c27-cfc2ac97f0a6.jpg\" alt=\"\" width=\"900\" height=\"600\" srcset=\"https:\/\/graphimarket.com\/wp-content\/uploads\/2020\/09\/001dcbfb-03e5-405a-9c27-cfc2ac97f0a6.jpg 900w, https:\/\/graphimarket.com\/wp-content\/uploads\/2020\/09\/001dcbfb-03e5-405a-9c27-cfc2ac97f0a6-300x200.jpg 300w, https:\/\/graphimarket.com\/wp-content\/uploads\/2020\/09\/001dcbfb-03e5-405a-9c27-cfc2ac97f0a6-768x512.jpg 768w, https:\/\/graphimarket.com\/wp-content\/uploads\/2020\/09\/001dcbfb-03e5-405a-9c27-cfc2ac97f0a6-600x400.jpg 600w\" sizes=\"(max-width: 900px) 100vw, 900px\" \/> <img loading=\"lazy\" decoding=\"async\" class=\"aligncenter wp-image-10757 size-full\" src=\"https:\/\/graphimarket.com\/wp-content\/uploads\/2020\/09\/6d27d603-ff5e-4dda-b08b-78e40f004973.jpg\" alt=\"\" width=\"900\" height=\"600\" srcset=\"https:\/\/graphimarket.com\/wp-content\/uploads\/2020\/09\/6d27d603-ff5e-4dda-b08b-78e40f004973.jpg 900w, https:\/\/graphimarket.com\/wp-content\/uploads\/2020\/09\/6d27d603-ff5e-4dda-b08b-78e40f004973-300x200.jpg 300w, https:\/\/graphimarket.com\/wp-content\/uploads\/2020\/09\/6d27d603-ff5e-4dda-b08b-78e40f004973-768x512.jpg 768w, https:\/\/graphimarket.com\/wp-content\/uploads\/2020\/09\/6d27d603-ff5e-4dda-b08b-78e40f004973-600x400.jpg 600w\" sizes=\"(max-width: 900px) 100vw, 900px\" \/> <img loading=\"lazy\" decoding=\"async\" class=\"aligncenter wp-image-10758 size-full\" src=\"https:\/\/graphimarket.com\/wp-content\/uploads\/2020\/09\/7f4e3221-5cbc-419e-a54c-8fc3f0f01d55.jpg\" alt=\"\" width=\"900\" height=\"600\" srcset=\"https:\/\/graphimarket.com\/wp-content\/uploads\/2020\/09\/7f4e3221-5cbc-419e-a54c-8fc3f0f01d55.jpg 900w, https:\/\/graphimarket.com\/wp-content\/uploads\/2020\/09\/7f4e3221-5cbc-419e-a54c-8fc3f0f01d55-300x200.jpg 300w, https:\/\/graphimarket.com\/wp-content\/uploads\/2020\/09\/7f4e3221-5cbc-419e-a54c-8fc3f0f01d55-768x512.jpg 768w, https:\/\/graphimarket.com\/wp-content\/uploads\/2020\/09\/7f4e3221-5cbc-419e-a54c-8fc3f0f01d55-600x400.jpg 600w\" sizes=\"(max-width: 900px) 100vw, 900px\" \/><\/div>","protected":false},"excerpt":{"rendered":"<p>Fogie is a modern serif family font. Features with 10 fonts. This family also featured with many ligatures and alternates. Designed with powerful OpenType features in mind and perfectly suited for graphic design and any display use. It could easily work for web, signage, corporate as well as for editorial design. Design by Din Studio [&hellip;]<\/p>\n","protected":false},"featured_media":10759,"comment_status":"open","ping_status":"closed","template":"","meta":{"site-sidebar-layout":"default","site-content-layout":"default","ast-site-content-layout":"default","site-content-style":"default","site-sidebar-style":"default","ast-global-header-display":"","ast-banner-title-visibility":"","ast-main-header-display":"","ast-hfb-above-header-display":"","ast-hfb-below-header-display":"","ast-hfb-mobile-header-display":"","site-post-title":"","ast-breadcrumbs-content":"","ast-featured-img":"","footer-sml-layout":"","ast-disable-related-posts":"","theme-transparent-header-meta":"default","adv-header-id-meta":"","stick-header-meta":"","header-above-stick-meta":"","header-main-stick-meta":"","header-below-stick-meta":"","astra-migrate-meta-layouts":"default","ast-page-background-enabled":"default","ast-page-background-meta":{"desktop":{"background-color":"","background-image":"","background-repeat":"repeat","background-position":"center center","background-size":"auto","background-attachment":"scroll","background-type":"","background-media":"","overlay-type":"","overlay-color":"","overlay-opacity":"","overlay-gradient":""},"tablet":{"background-color":"","background-image":"","background-repeat":"repeat","background-position":"center center","background-size":"auto","background-attachment":"scroll","background-type":"","background-media":"","overlay-type":"","overlay-color":"","overlay-opacity":"","overlay-gradient":""},"mobile":{"background-color":"","background-image":"","background-repeat":"repeat","background-position":"center center","background-size":"auto","background-attachment":"scroll","background-type":"","background-media":"","overlay-type":"","overlay-color":"","overlay-opacity":"","overlay-gradient":""}},"ast-content-background-meta":{"desktop":{"background-color":"var(--ast-global-color-5)","background-image":"","background-repeat":"repeat","background-position":"center center","background-size":"auto","background-attachment":"scroll","background-type":"","background-media":"","overlay-type":"","overlay-color":"","overlay-opacity":"","overlay-gradient":""},"tablet":{"background-color":"var(--ast-global-color-5)","background-image":"","background-repeat":"repeat","background-position":"center center","background-size":"auto","background-attachment":"scroll","background-type":"","background-media":"","overlay-type":"","overlay-color":"","overlay-opacity":"","overlay-gradient":""},"mobile":{"background-color":"var(--ast-global-color-5)","background-image":"","background-repeat":"repeat","background-position":"center center","background-size":"auto","background-attachment":"scroll","background-type":"","background-media":"","overlay-type":"","overlay-color":"","overlay-opacity":"","overlay-gradient":""}}},"product_brand":[],"product_cat":[187],"product_tag":[1178,1163,450,1063,351,278,832,297,262,1108,1179,507,1079,298,230],"class_list":{"0":"post-10742","1":"product","2":"type-product","3":"status-publish","4":"has-post-thumbnail","6":"product_cat-fonts","7":"product_tag-abc","8":"product_tag-alphabet","9":"product_tag-background","10":"product_tag-elegant","11":"product_tag-font","12":"product_tag-illustration","13":"product_tag-letter","14":"product_tag-logo","15":"product_tag-modern","16":"product_tag-serif","17":"product_tag-seriffamily","18":"product_tag-type","19":"product_tag-typeface","20":"product_tag-typography","21":"product_tag-vector","22":"desktop-align-left","23":"tablet-align-left","24":"mobile-align-left","26":"first","27":"instock","28":"downloadable","29":"virtual","30":"taxable","31":"purchasable","32":"product-type-simple"},"yoast_head":"<!-- This site is optimized with the Yoast SEO plugin v27.3 - https:\/\/yoast.com\/product\/yoast-seo-wordpress\/ -->\n<title>Fogie - Modern Serif Family 10 Fonts - Graphimarket<\/title>\n<meta name=\"description\" content=\"Fogie is a modern serif family font. Features with 10 fonts. This family also featured with many ligatures and alternates. Designed with...\" \/>\n<meta name=\"robots\" content=\"index, follow, max-snippet:-1, max-image-preview:large, max-video-preview:-1\" \/>\n<link rel=\"canonical\" href=\"https:\/\/graphimarket.com\/es\/product\/fogie-modern-serif-family-10-fonts\/\" \/>\n<meta property=\"og:locale\" content=\"es_ES\" \/>\n<meta property=\"og:type\" content=\"article\" \/>\n<meta property=\"og:title\" content=\"Fogie - Modern Serif Family 10 Fonts - Graphimarket\" \/>\n<meta property=\"og:description\" content=\"Fogie is a modern serif family font. Features with 10 fonts. This family also featured with many ligatures and alternates. Designed with...\" \/>\n<meta property=\"og:url\" content=\"https:\/\/graphimarket.com\/es\/product\/fogie-modern-serif-family-10-fonts\/\" \/>\n<meta property=\"og:site_name\" content=\"Graphimarket\" \/>\n<meta property=\"article:modified_time\" content=\"2022-12-19T09:10:07+00:00\" \/>\n<meta property=\"og:image\" content=\"https:\/\/graphimarket.com\/wp-content\/uploads\/2020\/09\/dd61cb1c-6a14-48c4-b598-9703d13e645c.jpg\" \/>\n\t<meta property=\"og:image:width\" content=\"866\" \/>\n\t<meta property=\"og:image:height\" content=\"577\" \/>\n\t<meta property=\"og:image:type\" content=\"image\/jpeg\" \/>\n<meta name=\"twitter:card\" content=\"summary_large_image\" \/>\n<script type=\"application\/ld+json\" class=\"yoast-schema-graph\">{\"@context\":\"https:\\\/\\\/schema.org\",\"@graph\":[{\"@type\":\"WebPage\",\"@id\":\"https:\\\/\\\/graphimarket.com\\\/product\\\/fogie-modern-serif-family-10-fonts\\\/\",\"url\":\"https:\\\/\\\/graphimarket.com\\\/product\\\/fogie-modern-serif-family-10-fonts\\\/\",\"name\":\"Fogie - Modern Serif Family 10 Fonts - Graphimarket\",\"isPartOf\":{\"@id\":\"https:\\\/\\\/graphimarket.com\\\/fr\\\/#website\"},\"primaryImageOfPage\":{\"@id\":\"https:\\\/\\\/graphimarket.com\\\/product\\\/fogie-modern-serif-family-10-fonts\\\/#primaryimage\"},\"image\":{\"@id\":\"https:\\\/\\\/graphimarket.com\\\/product\\\/fogie-modern-serif-family-10-fonts\\\/#primaryimage\"},\"thumbnailUrl\":\"https:\\\/\\\/graphimarket.com\\\/wp-content\\\/uploads\\\/2020\\\/09\\\/dd61cb1c-6a14-48c4-b598-9703d13e645c.jpg\",\"datePublished\":\"2020-09-19T10:21:51+00:00\",\"dateModified\":\"2022-12-19T09:10:07+00:00\",\"description\":\"Fogie is a modern serif family font. Features with 10 fonts. This family also featured with many ligatures and alternates. Designed with...\",\"breadcrumb\":{\"@id\":\"https:\\\/\\\/graphimarket.com\\\/product\\\/fogie-modern-serif-family-10-fonts\\\/#breadcrumb\"},\"inLanguage\":\"es-ES\",\"potentialAction\":[{\"@type\":\"ReadAction\",\"target\":[\"https:\\\/\\\/graphimarket.com\\\/product\\\/fogie-modern-serif-family-10-fonts\\\/\"]}]},{\"@type\":\"ImageObject\",\"inLanguage\":\"es-ES\",\"@id\":\"https:\\\/\\\/graphimarket.com\\\/product\\\/fogie-modern-serif-family-10-fonts\\\/#primaryimage\",\"url\":\"https:\\\/\\\/graphimarket.com\\\/wp-content\\\/uploads\\\/2020\\\/09\\\/dd61cb1c-6a14-48c4-b598-9703d13e645c.jpg\",\"contentUrl\":\"https:\\\/\\\/graphimarket.com\\\/wp-content\\\/uploads\\\/2020\\\/09\\\/dd61cb1c-6a14-48c4-b598-9703d13e645c.jpg\",\"width\":866,\"height\":577},{\"@type\":\"BreadcrumbList\",\"@id\":\"https:\\\/\\\/graphimarket.com\\\/product\\\/fogie-modern-serif-family-10-fonts\\\/#breadcrumb\",\"itemListElement\":[{\"@type\":\"ListItem\",\"position\":1,\"name\":\"Home\",\"item\":\"https:\\\/\\\/graphimarket.com\\\/es\\\/\"},{\"@type\":\"ListItem\",\"position\":2,\"name\":\"Store\",\"item\":\"https:\\\/\\\/graphimarket.com\\\/store\\\/\"},{\"@type\":\"ListItem\",\"position\":3,\"name\":\"Fogie &#8211; Modern Serif Family 10 Fonts\"}]},{\"@type\":\"WebSite\",\"@id\":\"https:\\\/\\\/graphimarket.com\\\/fr\\\/#website\",\"url\":\"https:\\\/\\\/graphimarket.com\\\/fr\\\/\",\"name\":\"Graphimarket\",\"description\":\"Find the perfect creative asset to bring your project to life\",\"publisher\":{\"@id\":\"https:\\\/\\\/graphimarket.com\\\/fr\\\/#organization\"},\"potentialAction\":[{\"@type\":\"SearchAction\",\"target\":{\"@type\":\"EntryPoint\",\"urlTemplate\":\"https:\\\/\\\/graphimarket.com\\\/fr\\\/?s={search_term_string}\"},\"query-input\":{\"@type\":\"PropertyValueSpecification\",\"valueRequired\":true,\"valueName\":\"search_term_string\"}}],\"inLanguage\":\"es-ES\"},{\"@type\":\"Organization\",\"@id\":\"https:\\\/\\\/graphimarket.com\\\/fr\\\/#organization\",\"name\":\"Graphimarket\",\"url\":\"https:\\\/\\\/graphimarket.com\\\/fr\\\/\",\"logo\":{\"@type\":\"ImageObject\",\"inLanguage\":\"es-ES\",\"@id\":\"https:\\\/\\\/graphimarket.com\\\/fr\\\/#\\\/schema\\\/logo\\\/image\\\/\",\"url\":\"https:\\\/\\\/graphimarket.com\\\/wp-content\\\/uploads\\\/2020\\\/08\\\/logo-48.png\",\"contentUrl\":\"https:\\\/\\\/graphimarket.com\\\/wp-content\\\/uploads\\\/2020\\\/08\\\/logo-48.png\",\"width\":132,\"height\":48,\"caption\":\"Graphimarket\"},\"image\":{\"@id\":\"https:\\\/\\\/graphimarket.com\\\/fr\\\/#\\\/schema\\\/logo\\\/image\\\/\"}}]}<\/script>\n<!-- \/ Yoast SEO plugin. -->","yoast_head_json":{"title":"Fogie - Modern Serif Family 10 fuentes - Graphimarket","description":"Fogie es una fuente moderna de la familia serif. Funciones con 10 fuentes. Esta familia tambi\u00e9n se present\u00f3 con muchas ligaduras y suplentes. Dise\u00f1ado con ...","robots":{"index":"index","follow":"follow","max-snippet":"max-snippet:-1","max-image-preview":"max-image-preview:large","max-video-preview":"max-video-preview:-1"},"canonical":"https:\/\/graphimarket.com\/es\/product\/fogie-modern-serif-family-10-fonts\/","og_locale":"es_ES","og_type":"article","og_title":"Fogie - Modern Serif Family 10 Fonts - Graphimarket","og_description":"Fogie is a modern serif family font. Features with 10 fonts. This family also featured with many ligatures and alternates. Designed with...","og_url":"https:\/\/graphimarket.com\/es\/product\/fogie-modern-serif-family-10-fonts\/","og_site_name":"Graphimarket","article_modified_time":"2022-12-19T09:10:07+00:00","og_image":[{"width":866,"height":577,"url":"https:\/\/graphimarket.com\/wp-content\/uploads\/2020\/09\/dd61cb1c-6a14-48c4-b598-9703d13e645c.jpg","type":"image\/jpeg"}],"twitter_card":"summary_large_image","schema":{"@context":"https:\/\/schema.org","@graph":[{"@type":"WebPage","@id":"https:\/\/graphimarket.com\/product\/fogie-modern-serif-family-10-fonts\/","url":"https:\/\/graphimarket.com\/product\/fogie-modern-serif-family-10-fonts\/","name":"Fogie - Modern Serif Family 10 fuentes - Graphimarket","isPartOf":{"@id":"https:\/\/graphimarket.com\/fr\/#website"},"primaryImageOfPage":{"@id":"https:\/\/graphimarket.com\/product\/fogie-modern-serif-family-10-fonts\/#primaryimage"},"image":{"@id":"https:\/\/graphimarket.com\/product\/fogie-modern-serif-family-10-fonts\/#primaryimage"},"thumbnailUrl":"https:\/\/graphimarket.com\/wp-content\/uploads\/2020\/09\/dd61cb1c-6a14-48c4-b598-9703d13e645c.jpg","datePublished":"2020-09-19T10:21:51+00:00","dateModified":"2022-12-19T09:10:07+00:00","description":"Fogie es una fuente moderna de la familia serif. Funciones con 10 fuentes. Esta familia tambi\u00e9n se present\u00f3 con muchas ligaduras y suplentes. Dise\u00f1ado con ...","breadcrumb":{"@id":"https:\/\/graphimarket.com\/product\/fogie-modern-serif-family-10-fonts\/#breadcrumb"},"inLanguage":"es-ES","potentialAction":[{"@type":"ReadAction","target":["https:\/\/graphimarket.com\/product\/fogie-modern-serif-family-10-fonts\/"]}]},{"@type":"ImageObject","inLanguage":"es-ES","@id":"https:\/\/graphimarket.com\/product\/fogie-modern-serif-family-10-fonts\/#primaryimage","url":"https:\/\/graphimarket.com\/wp-content\/uploads\/2020\/09\/dd61cb1c-6a14-48c4-b598-9703d13e645c.jpg","contentUrl":"https:\/\/graphimarket.com\/wp-content\/uploads\/2020\/09\/dd61cb1c-6a14-48c4-b598-9703d13e645c.jpg","width":866,"height":577},{"@type":"BreadcrumbList","@id":"https:\/\/graphimarket.com\/product\/fogie-modern-serif-family-10-fonts\/#breadcrumb","itemListElement":[{"@type":"ListItem","position":1,"name":"Home","item":"https:\/\/graphimarket.com\/es\/"},{"@type":"ListItem","position":2,"name":"Store","item":"https:\/\/graphimarket.com\/store\/"},{"@type":"ListItem","position":3,"name":"Fogie &#8211; Modern Serif Family 10 Fonts"}]},{"@type":"WebSite","@id":"https:\/\/graphimarket.com\/fr\/#website","url":"https:\/\/graphimarket.com\/fr\/","name":"Graphimarket","description":"Encuentre el activo creativo perfecto para darle vida a su proyecto","publisher":{"@id":"https:\/\/graphimarket.com\/fr\/#organization"},"potentialAction":[{"@type":"SearchAction","target":{"@type":"EntryPoint","urlTemplate":"https:\/\/graphimarket.com\/fr\/?s={search_term_string}"},"query-input":{"@type":"PropertyValueSpecification","valueRequired":true,"valueName":"search_term_string"}}],"inLanguage":"es-ES"},{"@type":"Organization","@id":"https:\/\/graphimarket.com\/fr\/#organization","name":"Graphimarket","url":"https:\/\/graphimarket.com\/fr\/","logo":{"@type":"ImageObject","inLanguage":"es-ES","@id":"https:\/\/graphimarket.com\/fr\/#\/schema\/logo\/image\/","url":"https:\/\/graphimarket.com\/wp-content\/uploads\/2020\/08\/logo-48.png","contentUrl":"https:\/\/graphimarket.com\/wp-content\/uploads\/2020\/08\/logo-48.png","width":132,"height":48,"caption":"Graphimarket"},"image":{"@id":"https:\/\/graphimarket.com\/fr\/#\/schema\/logo\/image\/"}}]}},"_links":{"self":[{"href":"https:\/\/graphimarket.com\/es\/wp-json\/wp\/v2\/product\/10742","targetHints":{"allow":["GET"]}}],"collection":[{"href":"https:\/\/graphimarket.com\/es\/wp-json\/wp\/v2\/product"}],"about":[{"href":"https:\/\/graphimarket.com\/es\/wp-json\/wp\/v2\/types\/product"}],"replies":[{"embeddable":true,"href":"https:\/\/graphimarket.com\/es\/wp-json\/wp\/v2\/comments?post=10742"}],"version-history":[{"count":0,"href":"https:\/\/graphimarket.com\/es\/wp-json\/wp\/v2\/product\/10742\/revisions"}],"wp:featuredmedia":[{"embeddable":true,"href":"https:\/\/graphimarket.com\/es\/wp-json\/wp\/v2\/media\/10759"}],"wp:attachment":[{"href":"https:\/\/graphimarket.com\/es\/wp-json\/wp\/v2\/media?parent=10742"}],"wp:term":[{"taxonomy":"product_brand","embeddable":true,"href":"https:\/\/graphimarket.com\/es\/wp-json\/wp\/v2\/product_brand?post=10742"},{"taxonomy":"product_cat","embeddable":true,"href":"https:\/\/graphimarket.com\/es\/wp-json\/wp\/v2\/product_cat?post=10742"},{"taxonomy":"product_tag","embeddable":true,"href":"https:\/\/graphimarket.com\/es\/wp-json\/wp\/v2\/product_tag?post=10742"}],"curies":[{"name":"wp","href":"https:\/\/api.w.org\/{rel}","templated":true}]}}