{"id":11259,"date":"2020-09-25T14:59:34","date_gmt":"2020-09-25T12:59:34","guid":{"rendered":"https:\/\/graphimarket.com\/?post_type=product&#038;p=11259"},"modified":"2022-12-19T09:59:32","modified_gmt":"2022-12-19T08:59:32","slug":"cheddar-gothic-font-family","status":"publish","type":"product","link":"https:\/\/graphimarket.com\/es\/product\/cheddar-gothic-font-family\/","title":{"rendered":"Familia de fuentes g\u00f3ticas Cheddar"},"content":{"rendered":"<div class=\"_2Masz2rr\">\n<p>Cheddar Gothic es una familia tipogr\u00e1fica de 8 estilos dibujada a mano que incluye los estilos Sans, Serif, Slab y Stencil con cursiva. Cada fuente tambi\u00e9n incluye 92 lemas coincidentes y glifos de iconos incorporados para agregar r\u00e1pidamente variedad e inter\u00e9s a sus dise\u00f1os. Ideal para una variedad de usos: empaques, carteles, camisetas, sellos, marcas, titulares, vallas publicitarias, sitios web, etc.<\/p>\n<p>Una familia de may\u00fasculas, simplemente cambie entre may\u00fasculas y min\u00fasculas para alternar. Elija min\u00fasculas para una apariencia cl\u00e1sica y condensada; elija may\u00fasculas para un poco m\u00e1s de car\u00e1cter, incluidas barras transversales extendidas y terminales en rodajas. Todos los estilos individuales se basan en la misma estructura, por lo que funcionan bien para mezclar y combinar entre s\u00ed para adaptarse mejor a la ocasi\u00f3n.<\/p>\n<p>Los detalles hechos a mano se vuelven muy evidentes cuando se usan grandes, mientras que las formas dibujadas constantemente mantienen una buena estructura cuando se colocan en tama\u00f1os m\u00e1s peque\u00f1os. Con un buen peso de rango medio, que no es ni demasiado ligero ni demasiado audaz, se siente seguro grande y no se cierra peque\u00f1o.<\/p>\n<\/div>\n<p>&nbsp;<\/p>\n<p><img fetchpriority=\"high\" decoding=\"async\" class=\"aligncenter wp-image-11260 size-full\" src=\"https:\/\/graphimarket.com\/wp-content\/uploads\/2020\/09\/0f7ab093-6058-4cc1-ad1d-c3bc9a2a37ee.jpg\" alt=\"\" width=\"1170\" height=\"780\" srcset=\"https:\/\/graphimarket.com\/wp-content\/uploads\/2020\/09\/0f7ab093-6058-4cc1-ad1d-c3bc9a2a37ee.jpg 1170w, https:\/\/graphimarket.com\/wp-content\/uploads\/2020\/09\/0f7ab093-6058-4cc1-ad1d-c3bc9a2a37ee-300x200.jpg 300w, https:\/\/graphimarket.com\/wp-content\/uploads\/2020\/09\/0f7ab093-6058-4cc1-ad1d-c3bc9a2a37ee-1024x683.jpg 1024w, https:\/\/graphimarket.com\/wp-content\/uploads\/2020\/09\/0f7ab093-6058-4cc1-ad1d-c3bc9a2a37ee-768x512.jpg 768w, https:\/\/graphimarket.com\/wp-content\/uploads\/2020\/09\/0f7ab093-6058-4cc1-ad1d-c3bc9a2a37ee-600x400.jpg 600w\" sizes=\"(max-width: 1170px) 100vw, 1170px\" \/> <img decoding=\"async\" class=\"aligncenter wp-image-11261 size-full\" src=\"https:\/\/graphimarket.com\/wp-content\/uploads\/2020\/09\/3b271aa2-f38b-40a9-8460-54268e442d31.jpg\" alt=\"\" width=\"1170\" height=\"780\" srcset=\"https:\/\/graphimarket.com\/wp-content\/uploads\/2020\/09\/3b271aa2-f38b-40a9-8460-54268e442d31.jpg 1170w, https:\/\/graphimarket.com\/wp-content\/uploads\/2020\/09\/3b271aa2-f38b-40a9-8460-54268e442d31-300x200.jpg 300w, https:\/\/graphimarket.com\/wp-content\/uploads\/2020\/09\/3b271aa2-f38b-40a9-8460-54268e442d31-1024x683.jpg 1024w, https:\/\/graphimarket.com\/wp-content\/uploads\/2020\/09\/3b271aa2-f38b-40a9-8460-54268e442d31-768x512.jpg 768w, https:\/\/graphimarket.com\/wp-content\/uploads\/2020\/09\/3b271aa2-f38b-40a9-8460-54268e442d31-600x400.jpg 600w\" sizes=\"(max-width: 1170px) 100vw, 1170px\" \/> <img decoding=\"async\" class=\"aligncenter wp-image-11262 size-full\" src=\"https:\/\/graphimarket.com\/wp-content\/uploads\/2020\/09\/443e7d09-854c-4438-835b-d0f426ab1e06.jpg\" alt=\"\" width=\"1170\" height=\"780\" srcset=\"https:\/\/graphimarket.com\/wp-content\/uploads\/2020\/09\/443e7d09-854c-4438-835b-d0f426ab1e06.jpg 1170w, https:\/\/graphimarket.com\/wp-content\/uploads\/2020\/09\/443e7d09-854c-4438-835b-d0f426ab1e06-300x200.jpg 300w, https:\/\/graphimarket.com\/wp-content\/uploads\/2020\/09\/443e7d09-854c-4438-835b-d0f426ab1e06-1024x683.jpg 1024w, https:\/\/graphimarket.com\/wp-content\/uploads\/2020\/09\/443e7d09-854c-4438-835b-d0f426ab1e06-768x512.jpg 768w, https:\/\/graphimarket.com\/wp-content\/uploads\/2020\/09\/443e7d09-854c-4438-835b-d0f426ab1e06-600x400.jpg 600w\" sizes=\"(max-width: 1170px) 100vw, 1170px\" \/> <img loading=\"lazy\" decoding=\"async\" class=\"aligncenter wp-image-11263 size-full\" src=\"https:\/\/graphimarket.com\/wp-content\/uploads\/2020\/09\/0586e309-cc68-4ba1-8346-b8abcdaf069f.jpg\" alt=\"\" width=\"1170\" height=\"780\" srcset=\"https:\/\/graphimarket.com\/wp-content\/uploads\/2020\/09\/0586e309-cc68-4ba1-8346-b8abcdaf069f.jpg 1170w, https:\/\/graphimarket.com\/wp-content\/uploads\/2020\/09\/0586e309-cc68-4ba1-8346-b8abcdaf069f-300x200.jpg 300w, https:\/\/graphimarket.com\/wp-content\/uploads\/2020\/09\/0586e309-cc68-4ba1-8346-b8abcdaf069f-1024x683.jpg 1024w, https:\/\/graphimarket.com\/wp-content\/uploads\/2020\/09\/0586e309-cc68-4ba1-8346-b8abcdaf069f-768x512.jpg 768w, https:\/\/graphimarket.com\/wp-content\/uploads\/2020\/09\/0586e309-cc68-4ba1-8346-b8abcdaf069f-600x400.jpg 600w\" sizes=\"(max-width: 1170px) 100vw, 1170px\" \/> <img loading=\"lazy\" decoding=\"async\" class=\"aligncenter wp-image-11264 size-full\" src=\"https:\/\/graphimarket.com\/wp-content\/uploads\/2020\/09\/8003e083-0428-4729-a1fc-97de83d22b3f.jpg\" alt=\"\" width=\"1170\" height=\"780\" srcset=\"https:\/\/graphimarket.com\/wp-content\/uploads\/2020\/09\/8003e083-0428-4729-a1fc-97de83d22b3f.jpg 1170w, https:\/\/graphimarket.com\/wp-content\/uploads\/2020\/09\/8003e083-0428-4729-a1fc-97de83d22b3f-300x200.jpg 300w, https:\/\/graphimarket.com\/wp-content\/uploads\/2020\/09\/8003e083-0428-4729-a1fc-97de83d22b3f-1024x683.jpg 1024w, https:\/\/graphimarket.com\/wp-content\/uploads\/2020\/09\/8003e083-0428-4729-a1fc-97de83d22b3f-768x512.jpg 768w, https:\/\/graphimarket.com\/wp-content\/uploads\/2020\/09\/8003e083-0428-4729-a1fc-97de83d22b3f-600x400.jpg 600w\" sizes=\"(max-width: 1170px) 100vw, 1170px\" \/> <img loading=\"lazy\" decoding=\"async\" class=\"wp-image-11265 size-full aligncenter\" src=\"https:\/\/graphimarket.com\/wp-content\/uploads\/2020\/09\/624445a1-75b0-47ce-b618-6accc8a89f24.jpg\" alt=\"\" width=\"1170\" height=\"780\" srcset=\"https:\/\/graphimarket.com\/wp-content\/uploads\/2020\/09\/624445a1-75b0-47ce-b618-6accc8a89f24.jpg 1170w, https:\/\/graphimarket.com\/wp-content\/uploads\/2020\/09\/624445a1-75b0-47ce-b618-6accc8a89f24-300x200.jpg 300w, https:\/\/graphimarket.com\/wp-content\/uploads\/2020\/09\/624445a1-75b0-47ce-b618-6accc8a89f24-1024x683.jpg 1024w, https:\/\/graphimarket.com\/wp-content\/uploads\/2020\/09\/624445a1-75b0-47ce-b618-6accc8a89f24-768x512.jpg 768w, https:\/\/graphimarket.com\/wp-content\/uploads\/2020\/09\/624445a1-75b0-47ce-b618-6accc8a89f24-600x400.jpg 600w\" sizes=\"(max-width: 1170px) 100vw, 1170px\" \/> <img loading=\"lazy\" decoding=\"async\" class=\"aligncenter wp-image-11266 size-full\" src=\"https:\/\/graphimarket.com\/wp-content\/uploads\/2020\/09\/b2b56331-dce0-4962-bee3-183f0190b5df.jpg\" alt=\"\" width=\"1170\" height=\"780\" srcset=\"https:\/\/graphimarket.com\/wp-content\/uploads\/2020\/09\/b2b56331-dce0-4962-bee3-183f0190b5df.jpg 1170w, https:\/\/graphimarket.com\/wp-content\/uploads\/2020\/09\/b2b56331-dce0-4962-bee3-183f0190b5df-300x200.jpg 300w, https:\/\/graphimarket.com\/wp-content\/uploads\/2020\/09\/b2b56331-dce0-4962-bee3-183f0190b5df-1024x683.jpg 1024w, https:\/\/graphimarket.com\/wp-content\/uploads\/2020\/09\/b2b56331-dce0-4962-bee3-183f0190b5df-768x512.jpg 768w, https:\/\/graphimarket.com\/wp-content\/uploads\/2020\/09\/b2b56331-dce0-4962-bee3-183f0190b5df-600x400.jpg 600w\" sizes=\"(max-width: 1170px) 100vw, 1170px\" \/> <img loading=\"lazy\" decoding=\"async\" class=\"aligncenter wp-image-11267 size-full\" src=\"https:\/\/graphimarket.com\/wp-content\/uploads\/2020\/09\/beff7c83-14f3-4c18-9af7-9eae19ac0f16.jpg\" alt=\"\" width=\"1170\" height=\"780\" srcset=\"https:\/\/graphimarket.com\/wp-content\/uploads\/2020\/09\/beff7c83-14f3-4c18-9af7-9eae19ac0f16.jpg 1170w, https:\/\/graphimarket.com\/wp-content\/uploads\/2020\/09\/beff7c83-14f3-4c18-9af7-9eae19ac0f16-300x200.jpg 300w, https:\/\/graphimarket.com\/wp-content\/uploads\/2020\/09\/beff7c83-14f3-4c18-9af7-9eae19ac0f16-1024x683.jpg 1024w, https:\/\/graphimarket.com\/wp-content\/uploads\/2020\/09\/beff7c83-14f3-4c18-9af7-9eae19ac0f16-768x512.jpg 768w, https:\/\/graphimarket.com\/wp-content\/uploads\/2020\/09\/beff7c83-14f3-4c18-9af7-9eae19ac0f16-600x400.jpg 600w\" sizes=\"(max-width: 1170px) 100vw, 1170px\" \/> <img loading=\"lazy\" decoding=\"async\" class=\"aligncenter wp-image-11268 size-full\" src=\"https:\/\/graphimarket.com\/wp-content\/uploads\/2020\/09\/0bcfb43c-477a-420f-ad7a-9dd2a669fab6.jpg\" alt=\"\" width=\"1170\" height=\"780\" srcset=\"https:\/\/graphimarket.com\/wp-content\/uploads\/2020\/09\/0bcfb43c-477a-420f-ad7a-9dd2a669fab6.jpg 1170w, https:\/\/graphimarket.com\/wp-content\/uploads\/2020\/09\/0bcfb43c-477a-420f-ad7a-9dd2a669fab6-300x200.jpg 300w, https:\/\/graphimarket.com\/wp-content\/uploads\/2020\/09\/0bcfb43c-477a-420f-ad7a-9dd2a669fab6-1024x683.jpg 1024w, https:\/\/graphimarket.com\/wp-content\/uploads\/2020\/09\/0bcfb43c-477a-420f-ad7a-9dd2a669fab6-768x512.jpg 768w, https:\/\/graphimarket.com\/wp-content\/uploads\/2020\/09\/0bcfb43c-477a-420f-ad7a-9dd2a669fab6-600x400.jpg 600w\" sizes=\"(max-width: 1170px) 100vw, 1170px\" \/><\/p>\n<div class=\"_3YqMOf9R\">\n<div class=\"_3KAa4-GZ frEFeDSS\"><\/div>\n<\/div>","protected":false},"excerpt":{"rendered":"<p>Cheddar Gothic is a hand drawn, 8 style typeface family including Sans, Serif, Slab, and Stencil styles with Italics. Each font also includes 92 matching catchword and icon glyphs built in to quickly add variety and interest to your designs. Great for a variety of uses: packaging, posters, t-shirts, stamps, branding, headlines, billboards, websites, etc. [&hellip;]<\/p>\n","protected":false},"featured_media":11269,"comment_status":"open","ping_status":"closed","template":"","meta":{"site-sidebar-layout":"default","site-content-layout":"default","ast-site-content-layout":"default","site-content-style":"default","site-sidebar-style":"default","ast-global-header-display":"","ast-banner-title-visibility":"","ast-main-header-display":"","ast-hfb-above-header-display":"","ast-hfb-below-header-display":"","ast-hfb-mobile-header-display":"","site-post-title":"","ast-breadcrumbs-content":"","ast-featured-img":"","footer-sml-layout":"","ast-disable-related-posts":"","theme-transparent-header-meta":"default","adv-header-id-meta":"","stick-header-meta":"","header-above-stick-meta":"","header-main-stick-meta":"","header-below-stick-meta":"","astra-migrate-meta-layouts":"default","ast-page-background-enabled":"default","ast-page-background-meta":{"desktop":{"background-color":"","background-image":"","background-repeat":"repeat","background-position":"center center","background-size":"auto","background-attachment":"scroll","background-type":"","background-media":"","overlay-type":"","overlay-color":"","overlay-opacity":"","overlay-gradient":""},"tablet":{"background-color":"","background-image":"","background-repeat":"repeat","background-position":"center center","background-size":"auto","background-attachment":"scroll","background-type":"","background-media":"","overlay-type":"","overlay-color":"","overlay-opacity":"","overlay-gradient":""},"mobile":{"background-color":"","background-image":"","background-repeat":"repeat","background-position":"center center","background-size":"auto","background-attachment":"scroll","background-type":"","background-media":"","overlay-type":"","overlay-color":"","overlay-opacity":"","overlay-gradient":""}},"ast-content-background-meta":{"desktop":{"background-color":"var(--ast-global-color-5)","background-image":"","background-repeat":"repeat","background-position":"center center","background-size":"auto","background-attachment":"scroll","background-type":"","background-media":"","overlay-type":"","overlay-color":"","overlay-opacity":"","overlay-gradient":""},"tablet":{"background-color":"var(--ast-global-color-5)","background-image":"","background-repeat":"repeat","background-position":"center center","background-size":"auto","background-attachment":"scroll","background-type":"","background-media":"","overlay-type":"","overlay-color":"","overlay-opacity":"","overlay-gradient":""},"mobile":{"background-color":"var(--ast-global-color-5)","background-image":"","background-repeat":"repeat","background-position":"center center","background-size":"auto","background-attachment":"scroll","background-type":"","background-media":"","overlay-type":"","overlay-color":"","overlay-opacity":"","overlay-gradient":""}}},"product_brand":[],"product_cat":[187],"product_tag":[1297,577,1296,444,628,1099,1206,296,779,631,1107,1108,1197,243,276],"class_list":{"0":"post-11259","1":"product","2":"type-product","3":"status-publish","4":"has-post-thumbnail","6":"product_cat-fonts","7":"product_tag-condensed","8":"product_tag-display","9":"product_tag-gothic","10":"product_tag-hand","11":"product_tag-handdraw","12":"product_tag-handwritten","13":"product_tag-headline","14":"product_tag-lettering","15":"product_tag-packaging","16":"product_tag-rough","17":"product_tag-sans","18":"product_tag-serif","19":"product_tag-slab","20":"product_tag-texture","21":"product_tag-vintage","22":"desktop-align-left","23":"tablet-align-left","24":"mobile-align-left","26":"first","27":"instock","28":"downloadable","29":"virtual","30":"taxable","31":"purchasable","32":"product-type-simple"},"yoast_head":"<!-- This site is optimized with the Yoast SEO plugin v27.3 - https:\/\/yoast.com\/product\/yoast-seo-wordpress\/ -->\n<title>Cheddar Gothic Font Family - Graphimarket<\/title>\n<meta name=\"description\" content=\"Cheddar Gothic is a hand drawn, 8 style typeface family including Sans, Serif, Slab, and Stencil styles with Italics. Each font also includes\" \/>\n<meta name=\"robots\" content=\"index, follow, max-snippet:-1, max-image-preview:large, max-video-preview:-1\" \/>\n<link rel=\"canonical\" href=\"http:\/\/graphimarket.com\/es\/product\/cheddar-gothic-font-family\/\" \/>\n<meta property=\"og:locale\" content=\"es_ES\" \/>\n<meta property=\"og:type\" content=\"article\" \/>\n<meta property=\"og:title\" content=\"Cheddar Gothic Font Family - Graphimarket\" \/>\n<meta property=\"og:description\" content=\"Cheddar Gothic is a hand drawn, 8 style typeface family including Sans, Serif, Slab, and Stencil styles with Italics. Each font also includes\" \/>\n<meta property=\"og:url\" content=\"http:\/\/graphimarket.com\/es\/product\/cheddar-gothic-font-family\/\" \/>\n<meta property=\"og:site_name\" content=\"Graphimarket\" \/>\n<meta property=\"article:modified_time\" content=\"2022-12-19T08:59:32+00:00\" \/>\n<meta property=\"og:image\" content=\"https:\/\/graphimarket.com\/wp-content\/uploads\/2020\/09\/1c64197c-ee5b-4476-8915-142663da2ebd.jpg\" \/>\n\t<meta property=\"og:image:width\" content=\"1170\" \/>\n\t<meta property=\"og:image:height\" content=\"780\" \/>\n\t<meta property=\"og:image:type\" content=\"image\/jpeg\" \/>\n<meta name=\"twitter:card\" content=\"summary_large_image\" \/>\n<meta name=\"twitter:label1\" content=\"Est. reading time\" \/>\n\t<meta name=\"twitter:data1\" content=\"1 minute\" \/>\n<script type=\"application\/ld+json\" class=\"yoast-schema-graph\">{\"@context\":\"https:\\\/\\\/schema.org\",\"@graph\":[{\"@type\":\"WebPage\",\"@id\":\"http:\\\/\\\/graphimarket.com\\\/pt\\\/product\\\/cheddar-gothic-font-family\\\/\",\"url\":\"http:\\\/\\\/graphimarket.com\\\/pt\\\/product\\\/cheddar-gothic-font-family\\\/\",\"name\":\"Cheddar Gothic Font Family - Graphimarket\",\"isPartOf\":{\"@id\":\"https:\\\/\\\/graphimarket.com\\\/fr\\\/#website\"},\"primaryImageOfPage\":{\"@id\":\"http:\\\/\\\/graphimarket.com\\\/pt\\\/product\\\/cheddar-gothic-font-family\\\/#primaryimage\"},\"image\":{\"@id\":\"http:\\\/\\\/graphimarket.com\\\/pt\\\/product\\\/cheddar-gothic-font-family\\\/#primaryimage\"},\"thumbnailUrl\":\"https:\\\/\\\/graphimarket.com\\\/wp-content\\\/uploads\\\/2020\\\/09\\\/1c64197c-ee5b-4476-8915-142663da2ebd.jpg\",\"datePublished\":\"2020-09-25T12:59:34+00:00\",\"dateModified\":\"2022-12-19T08:59:32+00:00\",\"description\":\"Cheddar Gothic is a hand drawn, 8 style typeface family including Sans, Serif, Slab, and Stencil styles with Italics. Each font also includes\",\"breadcrumb\":{\"@id\":\"http:\\\/\\\/graphimarket.com\\\/pt\\\/product\\\/cheddar-gothic-font-family\\\/#breadcrumb\"},\"inLanguage\":\"es-ES\",\"potentialAction\":[{\"@type\":\"ReadAction\",\"target\":[\"http:\\\/\\\/graphimarket.com\\\/pt\\\/product\\\/cheddar-gothic-font-family\\\/\"]}]},{\"@type\":\"ImageObject\",\"inLanguage\":\"es-ES\",\"@id\":\"http:\\\/\\\/graphimarket.com\\\/pt\\\/product\\\/cheddar-gothic-font-family\\\/#primaryimage\",\"url\":\"https:\\\/\\\/graphimarket.com\\\/wp-content\\\/uploads\\\/2020\\\/09\\\/1c64197c-ee5b-4476-8915-142663da2ebd.jpg\",\"contentUrl\":\"https:\\\/\\\/graphimarket.com\\\/wp-content\\\/uploads\\\/2020\\\/09\\\/1c64197c-ee5b-4476-8915-142663da2ebd.jpg\",\"width\":1170,\"height\":780},{\"@type\":\"BreadcrumbList\",\"@id\":\"http:\\\/\\\/graphimarket.com\\\/pt\\\/product\\\/cheddar-gothic-font-family\\\/#breadcrumb\",\"itemListElement\":[{\"@type\":\"ListItem\",\"position\":1,\"name\":\"Home\",\"item\":\"https:\\\/\\\/graphimarket.com\\\/es\\\/\"},{\"@type\":\"ListItem\",\"position\":2,\"name\":\"Store\",\"item\":\"https:\\\/\\\/graphimarket.com\\\/store\\\/\"},{\"@type\":\"ListItem\",\"position\":3,\"name\":\"Cheddar Gothic Font Family\"}]},{\"@type\":\"WebSite\",\"@id\":\"https:\\\/\\\/graphimarket.com\\\/fr\\\/#website\",\"url\":\"https:\\\/\\\/graphimarket.com\\\/fr\\\/\",\"name\":\"Graphimarket\",\"description\":\"Find the perfect creative asset to bring your project to life\",\"publisher\":{\"@id\":\"https:\\\/\\\/graphimarket.com\\\/fr\\\/#organization\"},\"potentialAction\":[{\"@type\":\"SearchAction\",\"target\":{\"@type\":\"EntryPoint\",\"urlTemplate\":\"https:\\\/\\\/graphimarket.com\\\/fr\\\/?s={search_term_string}\"},\"query-input\":{\"@type\":\"PropertyValueSpecification\",\"valueRequired\":true,\"valueName\":\"search_term_string\"}}],\"inLanguage\":\"es-ES\"},{\"@type\":\"Organization\",\"@id\":\"https:\\\/\\\/graphimarket.com\\\/fr\\\/#organization\",\"name\":\"Graphimarket\",\"url\":\"https:\\\/\\\/graphimarket.com\\\/fr\\\/\",\"logo\":{\"@type\":\"ImageObject\",\"inLanguage\":\"es-ES\",\"@id\":\"https:\\\/\\\/graphimarket.com\\\/fr\\\/#\\\/schema\\\/logo\\\/image\\\/\",\"url\":\"https:\\\/\\\/graphimarket.com\\\/wp-content\\\/uploads\\\/2020\\\/08\\\/logo-48.png\",\"contentUrl\":\"https:\\\/\\\/graphimarket.com\\\/wp-content\\\/uploads\\\/2020\\\/08\\\/logo-48.png\",\"width\":132,\"height\":48,\"caption\":\"Graphimarket\"},\"image\":{\"@id\":\"https:\\\/\\\/graphimarket.com\\\/fr\\\/#\\\/schema\\\/logo\\\/image\\\/\"}}]}<\/script>\n<!-- \/ Yoast SEO plugin. -->","yoast_head_json":{"title":"Cheddar Gothic Font Family - Graphimarket","description":"Cheddar Gothic is a hand drawn, 8 style typeface family including Sans, Serif, Slab, and Stencil styles with Italics. Each font also includes","robots":{"index":"index","follow":"follow","max-snippet":"max-snippet:-1","max-image-preview":"max-image-preview:large","max-video-preview":"max-video-preview:-1"},"canonical":"http:\/\/graphimarket.com\/es\/product\/cheddar-gothic-font-family\/","og_locale":"es_ES","og_type":"article","og_title":"Cheddar Gothic Font Family - Graphimarket","og_description":"Cheddar Gothic is a hand drawn, 8 style typeface family including Sans, Serif, Slab, and Stencil styles with Italics. Each font also includes","og_url":"http:\/\/graphimarket.com\/es\/product\/cheddar-gothic-font-family\/","og_site_name":"Graphimarket","article_modified_time":"2022-12-19T08:59:32+00:00","og_image":[{"width":1170,"height":780,"url":"https:\/\/graphimarket.com\/wp-content\/uploads\/2020\/09\/1c64197c-ee5b-4476-8915-142663da2ebd.jpg","type":"image\/jpeg"}],"twitter_card":"summary_large_image","twitter_misc":{"Est. reading time":"1 minute"},"schema":{"@context":"https:\/\/schema.org","@graph":[{"@type":"WebPage","@id":"http:\/\/graphimarket.com\/pt\/product\/cheddar-gothic-font-family\/","url":"http:\/\/graphimarket.com\/pt\/product\/cheddar-gothic-font-family\/","name":"Cheddar Gothic Font Family - Graphimarket","isPartOf":{"@id":"https:\/\/graphimarket.com\/fr\/#website"},"primaryImageOfPage":{"@id":"http:\/\/graphimarket.com\/pt\/product\/cheddar-gothic-font-family\/#primaryimage"},"image":{"@id":"http:\/\/graphimarket.com\/pt\/product\/cheddar-gothic-font-family\/#primaryimage"},"thumbnailUrl":"https:\/\/graphimarket.com\/wp-content\/uploads\/2020\/09\/1c64197c-ee5b-4476-8915-142663da2ebd.jpg","datePublished":"2020-09-25T12:59:34+00:00","dateModified":"2022-12-19T08:59:32+00:00","description":"Cheddar Gothic is a hand drawn, 8 style typeface family including Sans, Serif, Slab, and Stencil styles with Italics. Each font also includes","breadcrumb":{"@id":"http:\/\/graphimarket.com\/pt\/product\/cheddar-gothic-font-family\/#breadcrumb"},"inLanguage":"es-ES","potentialAction":[{"@type":"ReadAction","target":["http:\/\/graphimarket.com\/pt\/product\/cheddar-gothic-font-family\/"]}]},{"@type":"ImageObject","inLanguage":"es-ES","@id":"http:\/\/graphimarket.com\/pt\/product\/cheddar-gothic-font-family\/#primaryimage","url":"https:\/\/graphimarket.com\/wp-content\/uploads\/2020\/09\/1c64197c-ee5b-4476-8915-142663da2ebd.jpg","contentUrl":"https:\/\/graphimarket.com\/wp-content\/uploads\/2020\/09\/1c64197c-ee5b-4476-8915-142663da2ebd.jpg","width":1170,"height":780},{"@type":"BreadcrumbList","@id":"http:\/\/graphimarket.com\/pt\/product\/cheddar-gothic-font-family\/#breadcrumb","itemListElement":[{"@type":"ListItem","position":1,"name":"Home","item":"https:\/\/graphimarket.com\/es\/"},{"@type":"ListItem","position":2,"name":"Store","item":"https:\/\/graphimarket.com\/store\/"},{"@type":"ListItem","position":3,"name":"Cheddar Gothic Font Family"}]},{"@type":"WebSite","@id":"https:\/\/graphimarket.com\/fr\/#website","url":"https:\/\/graphimarket.com\/fr\/","name":"Graphimarket","description":"Encuentre el activo creativo perfecto para darle vida a su proyecto","publisher":{"@id":"https:\/\/graphimarket.com\/fr\/#organization"},"potentialAction":[{"@type":"SearchAction","target":{"@type":"EntryPoint","urlTemplate":"https:\/\/graphimarket.com\/fr\/?s={search_term_string}"},"query-input":{"@type":"PropertyValueSpecification","valueRequired":true,"valueName":"search_term_string"}}],"inLanguage":"es-ES"},{"@type":"Organization","@id":"https:\/\/graphimarket.com\/fr\/#organization","name":"Graphimarket","url":"https:\/\/graphimarket.com\/fr\/","logo":{"@type":"ImageObject","inLanguage":"es-ES","@id":"https:\/\/graphimarket.com\/fr\/#\/schema\/logo\/image\/","url":"https:\/\/graphimarket.com\/wp-content\/uploads\/2020\/08\/logo-48.png","contentUrl":"https:\/\/graphimarket.com\/wp-content\/uploads\/2020\/08\/logo-48.png","width":132,"height":48,"caption":"Graphimarket"},"image":{"@id":"https:\/\/graphimarket.com\/fr\/#\/schema\/logo\/image\/"}}]}},"_links":{"self":[{"href":"https:\/\/graphimarket.com\/es\/wp-json\/wp\/v2\/product\/11259","targetHints":{"allow":["GET"]}}],"collection":[{"href":"https:\/\/graphimarket.com\/es\/wp-json\/wp\/v2\/product"}],"about":[{"href":"https:\/\/graphimarket.com\/es\/wp-json\/wp\/v2\/types\/product"}],"replies":[{"embeddable":true,"href":"https:\/\/graphimarket.com\/es\/wp-json\/wp\/v2\/comments?post=11259"}],"version-history":[{"count":0,"href":"https:\/\/graphimarket.com\/es\/wp-json\/wp\/v2\/product\/11259\/revisions"}],"wp:featuredmedia":[{"embeddable":true,"href":"https:\/\/graphimarket.com\/es\/wp-json\/wp\/v2\/media\/11269"}],"wp:attachment":[{"href":"https:\/\/graphimarket.com\/es\/wp-json\/wp\/v2\/media?parent=11259"}],"wp:term":[{"taxonomy":"product_brand","embeddable":true,"href":"https:\/\/graphimarket.com\/es\/wp-json\/wp\/v2\/product_brand?post=11259"},{"taxonomy":"product_cat","embeddable":true,"href":"https:\/\/graphimarket.com\/es\/wp-json\/wp\/v2\/product_cat?post=11259"},{"taxonomy":"product_tag","embeddable":true,"href":"https:\/\/graphimarket.com\/es\/wp-json\/wp\/v2\/product_tag?post=11259"}],"curies":[{"name":"wp","href":"https:\/\/api.w.org\/{rel}","templated":true}]}}