{"id":11307,"date":"2020-09-25T16:05:04","date_gmt":"2020-09-25T14:05:04","guid":{"rendered":"https:\/\/graphimarket.com\/?post_type=product&#038;p=11307"},"modified":"2022-12-19T09:58:36","modified_gmt":"2022-12-19T08:58:36","slug":"spacethink-typeface","status":"publish","type":"product","link":"https:\/\/graphimarket.com\/es\/product\/spacethink-typeface\/","title":{"rendered":"Tipo de letra de pensamiento espacial"},"content":{"rendered":"<div class=\"_2Masz2rr\">\n<p>NUEVA ACTUALIZACI\u00d3N: SPACETHINK ROUGH \u2022 Familia tipogr\u00e1fica SPACETHINK.<\/p>\n<p>Tenga 5 tipos de opciones de estilo que pueden facilitar la transmisi\u00f3n del mensaje en su dise\u00f1o.<\/p>\n<p>\u00daselo para exhibiciones impresionantes, etiquetado, ropa, escenas de pel\u00edculas, carteles de fiestas, t\u00edtulos de pel\u00edculas, conciertos, portadas de \u00e1lbumes, logotipos y mucho m\u00e1s.<\/p>\n<\/div>\n<div class=\"_3KAa4-GZ frEFeDSS\"><\/div>\n<div><img fetchpriority=\"high\" decoding=\"async\" class=\"aligncenter wp-image-11308 size-full\" src=\"https:\/\/graphimarket.com\/wp-content\/uploads\/2020\/09\/617773d1-da52-4ce3-9ee0-ca980da1b2e0.jpg\" alt=\"\" width=\"1170\" height=\"779\" srcset=\"https:\/\/graphimarket.com\/wp-content\/uploads\/2020\/09\/617773d1-da52-4ce3-9ee0-ca980da1b2e0.jpg 1170w, https:\/\/graphimarket.com\/wp-content\/uploads\/2020\/09\/617773d1-da52-4ce3-9ee0-ca980da1b2e0-300x200.jpg 300w, https:\/\/graphimarket.com\/wp-content\/uploads\/2020\/09\/617773d1-da52-4ce3-9ee0-ca980da1b2e0-1024x682.jpg 1024w, https:\/\/graphimarket.com\/wp-content\/uploads\/2020\/09\/617773d1-da52-4ce3-9ee0-ca980da1b2e0-768x511.jpg 768w, https:\/\/graphimarket.com\/wp-content\/uploads\/2020\/09\/617773d1-da52-4ce3-9ee0-ca980da1b2e0-600x399.jpg 600w\" sizes=\"(max-width: 1170px) 100vw, 1170px\" \/> <img decoding=\"async\" class=\"aligncenter wp-image-11309 size-full\" src=\"https:\/\/graphimarket.com\/wp-content\/uploads\/2020\/09\/04397221-42ad-4fac-b192-271804e483dd.jpg\" alt=\"\" width=\"1170\" height=\"779\" srcset=\"https:\/\/graphimarket.com\/wp-content\/uploads\/2020\/09\/04397221-42ad-4fac-b192-271804e483dd.jpg 1170w, https:\/\/graphimarket.com\/wp-content\/uploads\/2020\/09\/04397221-42ad-4fac-b192-271804e483dd-300x200.jpg 300w, https:\/\/graphimarket.com\/wp-content\/uploads\/2020\/09\/04397221-42ad-4fac-b192-271804e483dd-1024x682.jpg 1024w, https:\/\/graphimarket.com\/wp-content\/uploads\/2020\/09\/04397221-42ad-4fac-b192-271804e483dd-768x511.jpg 768w, https:\/\/graphimarket.com\/wp-content\/uploads\/2020\/09\/04397221-42ad-4fac-b192-271804e483dd-600x399.jpg 600w\" sizes=\"(max-width: 1170px) 100vw, 1170px\" \/> <img decoding=\"async\" class=\"aligncenter wp-image-11310 size-full\" src=\"https:\/\/graphimarket.com\/wp-content\/uploads\/2020\/09\/bb3ec72a-ca8c-4d63-8c0a-c09bb54c522e.jpg\" alt=\"\" width=\"1170\" height=\"779\" srcset=\"https:\/\/graphimarket.com\/wp-content\/uploads\/2020\/09\/bb3ec72a-ca8c-4d63-8c0a-c09bb54c522e.jpg 1170w, https:\/\/graphimarket.com\/wp-content\/uploads\/2020\/09\/bb3ec72a-ca8c-4d63-8c0a-c09bb54c522e-300x200.jpg 300w, https:\/\/graphimarket.com\/wp-content\/uploads\/2020\/09\/bb3ec72a-ca8c-4d63-8c0a-c09bb54c522e-1024x682.jpg 1024w, https:\/\/graphimarket.com\/wp-content\/uploads\/2020\/09\/bb3ec72a-ca8c-4d63-8c0a-c09bb54c522e-768x511.jpg 768w, https:\/\/graphimarket.com\/wp-content\/uploads\/2020\/09\/bb3ec72a-ca8c-4d63-8c0a-c09bb54c522e-600x399.jpg 600w\" sizes=\"(max-width: 1170px) 100vw, 1170px\" \/> <img loading=\"lazy\" decoding=\"async\" class=\"aligncenter wp-image-11311 size-full\" src=\"https:\/\/graphimarket.com\/wp-content\/uploads\/2020\/09\/48ee7fcc-6e04-4292-b9c1-0fbd5e27b7f4.jpg\" alt=\"\" width=\"1170\" height=\"780\" srcset=\"https:\/\/graphimarket.com\/wp-content\/uploads\/2020\/09\/48ee7fcc-6e04-4292-b9c1-0fbd5e27b7f4.jpg 1170w, https:\/\/graphimarket.com\/wp-content\/uploads\/2020\/09\/48ee7fcc-6e04-4292-b9c1-0fbd5e27b7f4-300x200.jpg 300w, https:\/\/graphimarket.com\/wp-content\/uploads\/2020\/09\/48ee7fcc-6e04-4292-b9c1-0fbd5e27b7f4-1024x683.jpg 1024w, https:\/\/graphimarket.com\/wp-content\/uploads\/2020\/09\/48ee7fcc-6e04-4292-b9c1-0fbd5e27b7f4-768x512.jpg 768w, https:\/\/graphimarket.com\/wp-content\/uploads\/2020\/09\/48ee7fcc-6e04-4292-b9c1-0fbd5e27b7f4-600x400.jpg 600w\" sizes=\"(max-width: 1170px) 100vw, 1170px\" \/> <img loading=\"lazy\" decoding=\"async\" class=\"aligncenter wp-image-11312 size-full\" src=\"https:\/\/graphimarket.com\/wp-content\/uploads\/2020\/09\/136927a7-3812-4648-97ed-7db87b5f4613.jpg\" alt=\"\" width=\"1170\" height=\"779\" srcset=\"https:\/\/graphimarket.com\/wp-content\/uploads\/2020\/09\/136927a7-3812-4648-97ed-7db87b5f4613.jpg 1170w, https:\/\/graphimarket.com\/wp-content\/uploads\/2020\/09\/136927a7-3812-4648-97ed-7db87b5f4613-300x200.jpg 300w, https:\/\/graphimarket.com\/wp-content\/uploads\/2020\/09\/136927a7-3812-4648-97ed-7db87b5f4613-1024x682.jpg 1024w, https:\/\/graphimarket.com\/wp-content\/uploads\/2020\/09\/136927a7-3812-4648-97ed-7db87b5f4613-768x511.jpg 768w, https:\/\/graphimarket.com\/wp-content\/uploads\/2020\/09\/136927a7-3812-4648-97ed-7db87b5f4613-600x399.jpg 600w\" sizes=\"(max-width: 1170px) 100vw, 1170px\" \/><\/div>","protected":false},"excerpt":{"rendered":"<p>NEW UPDATE &#8211; SPACETHINK ROUGH \u2022 SPACETHINK Typeface Family. Have 5 types of style options that can make it easier to convey the message in your design. Use for awesome display, labeling, clothing, movie sceen, party poster, movie title, gigs, album covers, logos, and much more.<\/p>","protected":false},"featured_media":11311,"comment_status":"open","ping_status":"closed","template":"","meta":{"site-sidebar-layout":"default","site-content-layout":"default","ast-site-content-layout":"default","site-content-style":"default","site-sidebar-style":"default","ast-global-header-display":"","ast-banner-title-visibility":"","ast-main-header-display":"","ast-hfb-above-header-display":"","ast-hfb-below-header-display":"","ast-hfb-mobile-header-display":"","site-post-title":"","ast-breadcrumbs-content":"","ast-featured-img":"","footer-sml-layout":"","ast-disable-related-posts":"","theme-transparent-header-meta":"default","adv-header-id-meta":"","stick-header-meta":"","header-above-stick-meta":"","header-main-stick-meta":"","header-below-stick-meta":"","astra-migrate-meta-layouts":"default","ast-page-background-enabled":"default","ast-page-background-meta":{"desktop":{"background-color":"","background-image":"","background-repeat":"repeat","background-position":"center center","background-size":"auto","background-attachment":"scroll","background-type":"","background-media":"","overlay-type":"","overlay-color":"","overlay-opacity":"","overlay-gradient":""},"tablet":{"background-color":"","background-image":"","background-repeat":"repeat","background-position":"center center","background-size":"auto","background-attachment":"scroll","background-type":"","background-media":"","overlay-type":"","overlay-color":"","overlay-opacity":"","overlay-gradient":""},"mobile":{"background-color":"","background-image":"","background-repeat":"repeat","background-position":"center center","background-size":"auto","background-attachment":"scroll","background-type":"","background-media":"","overlay-type":"","overlay-color":"","overlay-opacity":"","overlay-gradient":""}},"ast-content-background-meta":{"desktop":{"background-color":"var(--ast-global-color-5)","background-image":"","background-repeat":"repeat","background-position":"center center","background-size":"auto","background-attachment":"scroll","background-type":"","background-media":"","overlay-type":"","overlay-color":"","overlay-opacity":"","overlay-gradient":""},"tablet":{"background-color":"var(--ast-global-color-5)","background-image":"","background-repeat":"repeat","background-position":"center center","background-size":"auto","background-attachment":"scroll","background-type":"","background-media":"","overlay-type":"","overlay-color":"","overlay-opacity":"","overlay-gradient":""},"mobile":{"background-color":"var(--ast-global-color-5)","background-image":"","background-repeat":"repeat","background-position":"center center","background-size":"auto","background-attachment":"scroll","background-type":"","background-media":"","overlay-type":"","overlay-color":"","overlay-opacity":"","overlay-gradient":""}}},"product_brand":[],"product_cat":[187],"product_tag":[1079],"class_list":{"0":"post-11307","1":"product","2":"type-product","3":"status-publish","4":"has-post-thumbnail","6":"product_cat-fonts","7":"product_tag-typeface","8":"desktop-align-left","9":"tablet-align-left","10":"mobile-align-left","12":"first","13":"instock","14":"downloadable","15":"virtual","16":"taxable","17":"purchasable","18":"product-type-simple"},"yoast_head":"<!-- This site is optimized with the Yoast SEO plugin v27.3 - https:\/\/yoast.com\/product\/yoast-seo-wordpress\/ -->\n<title>Spacethink Typeface - Graphimarket<\/title>\n<meta name=\"description\" content=\"NEW UPDATE - SPACETHINK ROUGH \u2022 SPACETHINK Typeface Family.Have 5 types of style options that can make it easier to convey...\" \/>\n<meta name=\"robots\" content=\"index, follow, max-snippet:-1, max-image-preview:large, max-video-preview:-1\" \/>\n<link rel=\"canonical\" href=\"https:\/\/graphimarket.com\/es\/product\/spacethink-typeface\/\" \/>\n<meta property=\"og:locale\" content=\"es_ES\" \/>\n<meta property=\"og:type\" content=\"article\" \/>\n<meta property=\"og:title\" content=\"Spacethink Typeface - Graphimarket\" \/>\n<meta property=\"og:description\" content=\"NEW UPDATE - SPACETHINK ROUGH \u2022 SPACETHINK Typeface Family.Have 5 types of style options that can make it easier to convey...\" \/>\n<meta property=\"og:url\" content=\"https:\/\/graphimarket.com\/es\/product\/spacethink-typeface\/\" \/>\n<meta property=\"og:site_name\" content=\"Graphimarket\" \/>\n<meta property=\"article:modified_time\" content=\"2022-12-19T08:58:36+00:00\" \/>\n<meta property=\"og:image\" content=\"https:\/\/graphimarket.com\/wp-content\/uploads\/2020\/09\/48ee7fcc-6e04-4292-b9c1-0fbd5e27b7f4.jpg\" \/>\n\t<meta property=\"og:image:width\" content=\"1170\" \/>\n\t<meta property=\"og:image:height\" content=\"780\" \/>\n\t<meta property=\"og:image:type\" content=\"image\/jpeg\" \/>\n<meta name=\"twitter:card\" content=\"summary_large_image\" \/>\n<script type=\"application\/ld+json\" class=\"yoast-schema-graph\">{\"@context\":\"https:\\\/\\\/schema.org\",\"@graph\":[{\"@type\":\"WebPage\",\"@id\":\"https:\\\/\\\/graphimarket.com\\\/product\\\/spacethink-typeface\\\/\",\"url\":\"https:\\\/\\\/graphimarket.com\\\/product\\\/spacethink-typeface\\\/\",\"name\":\"Spacethink Typeface - Graphimarket\",\"isPartOf\":{\"@id\":\"https:\\\/\\\/graphimarket.com\\\/fr\\\/#website\"},\"primaryImageOfPage\":{\"@id\":\"https:\\\/\\\/graphimarket.com\\\/product\\\/spacethink-typeface\\\/#primaryimage\"},\"image\":{\"@id\":\"https:\\\/\\\/graphimarket.com\\\/product\\\/spacethink-typeface\\\/#primaryimage\"},\"thumbnailUrl\":\"https:\\\/\\\/graphimarket.com\\\/wp-content\\\/uploads\\\/2020\\\/09\\\/48ee7fcc-6e04-4292-b9c1-0fbd5e27b7f4.jpg\",\"datePublished\":\"2020-09-25T14:05:04+00:00\",\"dateModified\":\"2022-12-19T08:58:36+00:00\",\"description\":\"NEW UPDATE - SPACETHINK ROUGH \u2022 SPACETHINK Typeface Family.Have 5 types of style options that can make it easier to convey...\",\"breadcrumb\":{\"@id\":\"https:\\\/\\\/graphimarket.com\\\/product\\\/spacethink-typeface\\\/#breadcrumb\"},\"inLanguage\":\"es-ES\",\"potentialAction\":[{\"@type\":\"ReadAction\",\"target\":[\"https:\\\/\\\/graphimarket.com\\\/product\\\/spacethink-typeface\\\/\"]}]},{\"@type\":\"ImageObject\",\"inLanguage\":\"es-ES\",\"@id\":\"https:\\\/\\\/graphimarket.com\\\/product\\\/spacethink-typeface\\\/#primaryimage\",\"url\":\"https:\\\/\\\/graphimarket.com\\\/wp-content\\\/uploads\\\/2020\\\/09\\\/48ee7fcc-6e04-4292-b9c1-0fbd5e27b7f4.jpg\",\"contentUrl\":\"https:\\\/\\\/graphimarket.com\\\/wp-content\\\/uploads\\\/2020\\\/09\\\/48ee7fcc-6e04-4292-b9c1-0fbd5e27b7f4.jpg\",\"width\":1170,\"height\":780},{\"@type\":\"BreadcrumbList\",\"@id\":\"https:\\\/\\\/graphimarket.com\\\/product\\\/spacethink-typeface\\\/#breadcrumb\",\"itemListElement\":[{\"@type\":\"ListItem\",\"position\":1,\"name\":\"Home\",\"item\":\"https:\\\/\\\/graphimarket.com\\\/es\\\/\"},{\"@type\":\"ListItem\",\"position\":2,\"name\":\"Store\",\"item\":\"https:\\\/\\\/graphimarket.com\\\/store\\\/\"},{\"@type\":\"ListItem\",\"position\":3,\"name\":\"Spacethink Typeface\"}]},{\"@type\":\"WebSite\",\"@id\":\"https:\\\/\\\/graphimarket.com\\\/fr\\\/#website\",\"url\":\"https:\\\/\\\/graphimarket.com\\\/fr\\\/\",\"name\":\"Graphimarket\",\"description\":\"Find the perfect creative asset to bring your project to life\",\"publisher\":{\"@id\":\"https:\\\/\\\/graphimarket.com\\\/fr\\\/#organization\"},\"potentialAction\":[{\"@type\":\"SearchAction\",\"target\":{\"@type\":\"EntryPoint\",\"urlTemplate\":\"https:\\\/\\\/graphimarket.com\\\/fr\\\/?s={search_term_string}\"},\"query-input\":{\"@type\":\"PropertyValueSpecification\",\"valueRequired\":true,\"valueName\":\"search_term_string\"}}],\"inLanguage\":\"es-ES\"},{\"@type\":\"Organization\",\"@id\":\"https:\\\/\\\/graphimarket.com\\\/fr\\\/#organization\",\"name\":\"Graphimarket\",\"url\":\"https:\\\/\\\/graphimarket.com\\\/fr\\\/\",\"logo\":{\"@type\":\"ImageObject\",\"inLanguage\":\"es-ES\",\"@id\":\"https:\\\/\\\/graphimarket.com\\\/fr\\\/#\\\/schema\\\/logo\\\/image\\\/\",\"url\":\"https:\\\/\\\/graphimarket.com\\\/wp-content\\\/uploads\\\/2020\\\/08\\\/logo-48.png\",\"contentUrl\":\"https:\\\/\\\/graphimarket.com\\\/wp-content\\\/uploads\\\/2020\\\/08\\\/logo-48.png\",\"width\":132,\"height\":48,\"caption\":\"Graphimarket\"},\"image\":{\"@id\":\"https:\\\/\\\/graphimarket.com\\\/fr\\\/#\\\/schema\\\/logo\\\/image\\\/\"}}]}<\/script>\n<!-- \/ Yoast SEO plugin. -->","yoast_head_json":{"title":"Tipograf\u00eda Spacethink - Graphimarket","description":"NUEVA ACTUALIZACI\u00d3N: SPACETHINK ROUGH \u2022 Familia tipogr\u00e1fica SPACETHINK. Tiene 5 tipos de opciones de estilo que pueden facilitar la transmisi\u00f3n...","robots":{"index":"index","follow":"follow","max-snippet":"max-snippet:-1","max-image-preview":"max-image-preview:large","max-video-preview":"max-video-preview:-1"},"canonical":"https:\/\/graphimarket.com\/es\/product\/spacethink-typeface\/","og_locale":"es_ES","og_type":"article","og_title":"Spacethink Typeface - Graphimarket","og_description":"NEW UPDATE - SPACETHINK ROUGH \u2022 SPACETHINK Typeface Family.Have 5 types of style options that can make it easier to convey...","og_url":"https:\/\/graphimarket.com\/es\/product\/spacethink-typeface\/","og_site_name":"Graphimarket","article_modified_time":"2022-12-19T08:58:36+00:00","og_image":[{"width":1170,"height":780,"url":"https:\/\/graphimarket.com\/wp-content\/uploads\/2020\/09\/48ee7fcc-6e04-4292-b9c1-0fbd5e27b7f4.jpg","type":"image\/jpeg"}],"twitter_card":"summary_large_image","schema":{"@context":"https:\/\/schema.org","@graph":[{"@type":"WebPage","@id":"https:\/\/graphimarket.com\/product\/spacethink-typeface\/","url":"https:\/\/graphimarket.com\/product\/spacethink-typeface\/","name":"Tipograf\u00eda Spacethink - Graphimarket","isPartOf":{"@id":"https:\/\/graphimarket.com\/fr\/#website"},"primaryImageOfPage":{"@id":"https:\/\/graphimarket.com\/product\/spacethink-typeface\/#primaryimage"},"image":{"@id":"https:\/\/graphimarket.com\/product\/spacethink-typeface\/#primaryimage"},"thumbnailUrl":"https:\/\/graphimarket.com\/wp-content\/uploads\/2020\/09\/48ee7fcc-6e04-4292-b9c1-0fbd5e27b7f4.jpg","datePublished":"2020-09-25T14:05:04+00:00","dateModified":"2022-12-19T08:58:36+00:00","description":"NUEVA ACTUALIZACI\u00d3N: SPACETHINK ROUGH \u2022 Familia tipogr\u00e1fica SPACETHINK. Tiene 5 tipos de opciones de estilo que pueden facilitar la transmisi\u00f3n...","breadcrumb":{"@id":"https:\/\/graphimarket.com\/product\/spacethink-typeface\/#breadcrumb"},"inLanguage":"es-ES","potentialAction":[{"@type":"ReadAction","target":["https:\/\/graphimarket.com\/product\/spacethink-typeface\/"]}]},{"@type":"ImageObject","inLanguage":"es-ES","@id":"https:\/\/graphimarket.com\/product\/spacethink-typeface\/#primaryimage","url":"https:\/\/graphimarket.com\/wp-content\/uploads\/2020\/09\/48ee7fcc-6e04-4292-b9c1-0fbd5e27b7f4.jpg","contentUrl":"https:\/\/graphimarket.com\/wp-content\/uploads\/2020\/09\/48ee7fcc-6e04-4292-b9c1-0fbd5e27b7f4.jpg","width":1170,"height":780},{"@type":"BreadcrumbList","@id":"https:\/\/graphimarket.com\/product\/spacethink-typeface\/#breadcrumb","itemListElement":[{"@type":"ListItem","position":1,"name":"Home","item":"https:\/\/graphimarket.com\/es\/"},{"@type":"ListItem","position":2,"name":"Store","item":"https:\/\/graphimarket.com\/store\/"},{"@type":"ListItem","position":3,"name":"Spacethink Typeface"}]},{"@type":"WebSite","@id":"https:\/\/graphimarket.com\/fr\/#website","url":"https:\/\/graphimarket.com\/fr\/","name":"Graphimarket","description":"Encuentre el activo creativo perfecto para darle vida a su proyecto","publisher":{"@id":"https:\/\/graphimarket.com\/fr\/#organization"},"potentialAction":[{"@type":"SearchAction","target":{"@type":"EntryPoint","urlTemplate":"https:\/\/graphimarket.com\/fr\/?s={search_term_string}"},"query-input":{"@type":"PropertyValueSpecification","valueRequired":true,"valueName":"search_term_string"}}],"inLanguage":"es-ES"},{"@type":"Organization","@id":"https:\/\/graphimarket.com\/fr\/#organization","name":"Graphimarket","url":"https:\/\/graphimarket.com\/fr\/","logo":{"@type":"ImageObject","inLanguage":"es-ES","@id":"https:\/\/graphimarket.com\/fr\/#\/schema\/logo\/image\/","url":"https:\/\/graphimarket.com\/wp-content\/uploads\/2020\/08\/logo-48.png","contentUrl":"https:\/\/graphimarket.com\/wp-content\/uploads\/2020\/08\/logo-48.png","width":132,"height":48,"caption":"Graphimarket"},"image":{"@id":"https:\/\/graphimarket.com\/fr\/#\/schema\/logo\/image\/"}}]}},"_links":{"self":[{"href":"https:\/\/graphimarket.com\/es\/wp-json\/wp\/v2\/product\/11307","targetHints":{"allow":["GET"]}}],"collection":[{"href":"https:\/\/graphimarket.com\/es\/wp-json\/wp\/v2\/product"}],"about":[{"href":"https:\/\/graphimarket.com\/es\/wp-json\/wp\/v2\/types\/product"}],"replies":[{"embeddable":true,"href":"https:\/\/graphimarket.com\/es\/wp-json\/wp\/v2\/comments?post=11307"}],"version-history":[{"count":0,"href":"https:\/\/graphimarket.com\/es\/wp-json\/wp\/v2\/product\/11307\/revisions"}],"wp:featuredmedia":[{"embeddable":true,"href":"https:\/\/graphimarket.com\/es\/wp-json\/wp\/v2\/media\/11311"}],"wp:attachment":[{"href":"https:\/\/graphimarket.com\/es\/wp-json\/wp\/v2\/media?parent=11307"}],"wp:term":[{"taxonomy":"product_brand","embeddable":true,"href":"https:\/\/graphimarket.com\/es\/wp-json\/wp\/v2\/product_brand?post=11307"},{"taxonomy":"product_cat","embeddable":true,"href":"https:\/\/graphimarket.com\/es\/wp-json\/wp\/v2\/product_cat?post=11307"},{"taxonomy":"product_tag","embeddable":true,"href":"https:\/\/graphimarket.com\/es\/wp-json\/wp\/v2\/product_tag?post=11307"}],"curies":[{"name":"wp","href":"https:\/\/api.w.org\/{rel}","templated":true}]}}