{"id":11503,"date":"2020-09-30T17:33:41","date_gmt":"2020-09-30T15:33:41","guid":{"rendered":"https:\/\/graphimarket.com\/?post_type=product&#038;p=11503"},"modified":"2022-12-19T09:51:38","modified_gmt":"2022-12-19T08:51:38","slug":"1000-wedding-photo-bundle","status":"publish","type":"product","link":"https:\/\/graphimarket.com\/es\/product\/1000-wedding-photo-bundle\/","title":{"rendered":"Paquete de 1000 fotos de boda"},"content":{"rendered":"<h1><\/h1>\n<h1>Un paquete de 1000 fotograf\u00edas sobre:<\/h1>\n<h1><\/h1>\n<ul>\n<li>d\u00eda de la boda<\/li>\n<li>anillos<\/li>\n<li>decoraciones<\/li>\n<li>la novia y el novio<\/li>\n<li>antecedentes<\/li>\n<li>celebraciones<\/li>\n<\/ul>\n<p><img fetchpriority=\"high\" decoding=\"async\" class=\"aligncenter wp-image-11543\" src=\"https:\/\/graphimarket.com\/wp-content\/uploads\/2020\/09\/1000-Wedding-Photo-Bundle.jpg\" alt=\"\" width=\"1014\" height=\"676\" srcset=\"https:\/\/graphimarket.com\/wp-content\/uploads\/2020\/09\/1000-Wedding-Photo-Bundle.jpg 900w, https:\/\/graphimarket.com\/wp-content\/uploads\/2020\/09\/1000-Wedding-Photo-Bundle-300x200.jpg 300w, https:\/\/graphimarket.com\/wp-content\/uploads\/2020\/09\/1000-Wedding-Photo-Bundle-768x512.jpg 768w, https:\/\/graphimarket.com\/wp-content\/uploads\/2020\/09\/1000-Wedding-Photo-Bundle-600x400.jpg 600w\" sizes=\"(max-width: 1014px) 100vw, 1014px\" \/><\/p>\n<figure id=\"attachment_11530\" aria-describedby=\"caption-attachment-11530\" style=\"width: 1024px\" class=\"wp-caption aligncenter\"><img decoding=\"async\" class=\"wp-image-11530 size-large\" src=\"https:\/\/graphimarket.com\/wp-content\/uploads\/2020\/09\/wedding-rings-4ZFMGNY-1024x684.jpg\" alt=\"\" width=\"1024\" height=\"684\" srcset=\"https:\/\/graphimarket.com\/wp-content\/uploads\/2020\/09\/wedding-rings-4ZFMGNY-1024x684.jpg 1024w, https:\/\/graphimarket.com\/wp-content\/uploads\/2020\/09\/wedding-rings-4ZFMGNY-300x200.jpg 300w, https:\/\/graphimarket.com\/wp-content\/uploads\/2020\/09\/wedding-rings-4ZFMGNY-768x513.jpg 768w, https:\/\/graphimarket.com\/wp-content\/uploads\/2020\/09\/wedding-rings-4ZFMGNY-1536x1025.jpg 1536w, https:\/\/graphimarket.com\/wp-content\/uploads\/2020\/09\/wedding-rings-4ZFMGNY-2048x1367.jpg 2048w, https:\/\/graphimarket.com\/wp-content\/uploads\/2020\/09\/wedding-rings-4ZFMGNY-1320x881.jpg 1320w, https:\/\/graphimarket.com\/wp-content\/uploads\/2020\/09\/wedding-rings-4ZFMGNY-600x401.jpg 600w\" sizes=\"(max-width: 1024px) 100vw, 1024px\" \/><figcaption id=\"caption-attachment-11530\" class=\"wp-caption-text\">anillos de boda con decoraci\u00f3n de boda<\/figcaption><\/figure>\n<p>&nbsp;<\/p>\n<figure id=\"attachment_11531\" aria-describedby=\"caption-attachment-11531\" style=\"width: 1024px\" class=\"wp-caption aligncenter\"><img decoding=\"async\" class=\"wp-image-11531 size-large\" src=\"https:\/\/graphimarket.com\/wp-content\/uploads\/2020\/09\/wedding-flower-decoration-MTUSGQW-1024x683.jpg\" alt=\"\" width=\"1024\" height=\"683\" srcset=\"https:\/\/graphimarket.com\/wp-content\/uploads\/2020\/09\/wedding-flower-decoration-MTUSGQW-1024x683.jpg 1024w, https:\/\/graphimarket.com\/wp-content\/uploads\/2020\/09\/wedding-flower-decoration-MTUSGQW-300x200.jpg 300w, https:\/\/graphimarket.com\/wp-content\/uploads\/2020\/09\/wedding-flower-decoration-MTUSGQW-768x512.jpg 768w, https:\/\/graphimarket.com\/wp-content\/uploads\/2020\/09\/wedding-flower-decoration-MTUSGQW-1536x1024.jpg 1536w, https:\/\/graphimarket.com\/wp-content\/uploads\/2020\/09\/wedding-flower-decoration-MTUSGQW-2048x1365.jpg 2048w, https:\/\/graphimarket.com\/wp-content\/uploads\/2020\/09\/wedding-flower-decoration-MTUSGQW-1320x880.jpg 1320w, https:\/\/graphimarket.com\/wp-content\/uploads\/2020\/09\/wedding-flower-decoration-MTUSGQW-600x400.jpg 600w\" sizes=\"(max-width: 1024px) 100vw, 1024px\" \/><figcaption id=\"caption-attachment-11531\" class=\"wp-caption-text\">Adorno de decoraci\u00f3n de flores de boda. Estilo de bellas artes. Boda de destino<\/figcaption><\/figure>\n<p>&nbsp;<\/p>\n<figure id=\"attachment_11532\" aria-describedby=\"caption-attachment-11532\" style=\"width: 1024px\" class=\"wp-caption aligncenter\"><img loading=\"lazy\" decoding=\"async\" class=\"wp-image-11532 size-large\" src=\"https:\/\/graphimarket.com\/wp-content\/uploads\/2020\/09\/wedding-bouquet-PJ9QJPN-1024x683.jpg\" alt=\"\" width=\"1024\" height=\"683\" srcset=\"https:\/\/graphimarket.com\/wp-content\/uploads\/2020\/09\/wedding-bouquet-PJ9QJPN-1024x683.jpg 1024w, https:\/\/graphimarket.com\/wp-content\/uploads\/2020\/09\/wedding-bouquet-PJ9QJPN-300x200.jpg 300w, https:\/\/graphimarket.com\/wp-content\/uploads\/2020\/09\/wedding-bouquet-PJ9QJPN-768x512.jpg 768w, https:\/\/graphimarket.com\/wp-content\/uploads\/2020\/09\/wedding-bouquet-PJ9QJPN-1536x1024.jpg 1536w, https:\/\/graphimarket.com\/wp-content\/uploads\/2020\/09\/wedding-bouquet-PJ9QJPN-2048x1365.jpg 2048w, https:\/\/graphimarket.com\/wp-content\/uploads\/2020\/09\/wedding-bouquet-PJ9QJPN-1320x880.jpg 1320w, https:\/\/graphimarket.com\/wp-content\/uploads\/2020\/09\/wedding-bouquet-PJ9QJPN-600x400.jpg 600w\" sizes=\"(max-width: 1024px) 100vw, 1024px\" \/><figcaption id=\"caption-attachment-11532\" class=\"wp-caption-text\">ramo de novia, ramo de novia, hermoso ramo de diferentes colores<\/figcaption><\/figure>\n<p>&nbsp;<\/p>\n<figure id=\"attachment_11533\" aria-describedby=\"caption-attachment-11533\" style=\"width: 819px\" class=\"wp-caption aligncenter\"><img loading=\"lazy\" decoding=\"async\" class=\"wp-image-11533 size-large\" src=\"https:\/\/graphimarket.com\/wp-content\/uploads\/2020\/09\/wedding-day-3WLMTW3-819x1024.jpg\" alt=\"\" width=\"819\" height=\"1024\" srcset=\"https:\/\/graphimarket.com\/wp-content\/uploads\/2020\/09\/wedding-day-3WLMTW3-819x1024.jpg 819w, https:\/\/graphimarket.com\/wp-content\/uploads\/2020\/09\/wedding-day-3WLMTW3-240x300.jpg 240w, https:\/\/graphimarket.com\/wp-content\/uploads\/2020\/09\/wedding-day-3WLMTW3-768x960.jpg 768w, https:\/\/graphimarket.com\/wp-content\/uploads\/2020\/09\/wedding-day-3WLMTW3-1229x1536.jpg 1229w, https:\/\/graphimarket.com\/wp-content\/uploads\/2020\/09\/wedding-day-3WLMTW3-1638x2048.jpg 1638w, https:\/\/graphimarket.com\/wp-content\/uploads\/2020\/09\/wedding-day-3WLMTW3-1320x1650.jpg 1320w, https:\/\/graphimarket.com\/wp-content\/uploads\/2020\/09\/wedding-day-3WLMTW3-600x750.jpg 600w, https:\/\/graphimarket.com\/wp-content\/uploads\/2020\/09\/wedding-day-3WLMTW3-scaled.jpg 2048w\" sizes=\"(max-width: 819px) 100vw, 819px\" \/><figcaption id=\"caption-attachment-11533\" class=\"wp-caption-text\">Procesado con VSCOcam con preajuste e5 Procesado con VSCOcam con preajuste hb1<\/figcaption><\/figure>\n<p>&nbsp;<\/p>\n<figure id=\"attachment_11534\" aria-describedby=\"caption-attachment-11534\" style=\"width: 683px\" class=\"wp-caption aligncenter\"><img loading=\"lazy\" decoding=\"async\" class=\"wp-image-11534 size-large\" src=\"https:\/\/graphimarket.com\/wp-content\/uploads\/2020\/09\/beautiful-wedding-couple-7WCQ3SX-683x1024.jpg\" alt=\"\" width=\"683\" height=\"1024\" srcset=\"https:\/\/graphimarket.com\/wp-content\/uploads\/2020\/09\/beautiful-wedding-couple-7WCQ3SX-683x1024.jpg 683w, https:\/\/graphimarket.com\/wp-content\/uploads\/2020\/09\/beautiful-wedding-couple-7WCQ3SX-200x300.jpg 200w, https:\/\/graphimarket.com\/wp-content\/uploads\/2020\/09\/beautiful-wedding-couple-7WCQ3SX-768x1152.jpg 768w, https:\/\/graphimarket.com\/wp-content\/uploads\/2020\/09\/beautiful-wedding-couple-7WCQ3SX-1024x1536.jpg 1024w, https:\/\/graphimarket.com\/wp-content\/uploads\/2020\/09\/beautiful-wedding-couple-7WCQ3SX-1365x2048.jpg 1365w, https:\/\/graphimarket.com\/wp-content\/uploads\/2020\/09\/beautiful-wedding-couple-7WCQ3SX-1320x1980.jpg 1320w, https:\/\/graphimarket.com\/wp-content\/uploads\/2020\/09\/beautiful-wedding-couple-7WCQ3SX-600x900.jpg 600w, https:\/\/graphimarket.com\/wp-content\/uploads\/2020\/09\/beautiful-wedding-couple-7WCQ3SX-scaled.jpg 1707w\" sizes=\"(max-width: 683px) 100vw, 683px\" \/><figcaption id=\"caption-attachment-11534\" class=\"wp-caption-text\">Novia elegante con un vestido blanco y un velo. Novio guapo con un traje azul. Pareja en una gran ciudad<\/figcaption><\/figure>\n<p>&nbsp;<\/p>","protected":false},"excerpt":{"rendered":"<p>Un paquete de 1000 fotograf\u00edas sobre: anillos del d\u00eda de bodas decoraciones novios celebraciones de fondo &nbsp; &nbsp; &nbsp; &nbsp; &nbsp;<\/p>","protected":false},"featured_media":11543,"comment_status":"open","ping_status":"closed","template":"","meta":{"site-sidebar-layout":"default","site-content-layout":"default","ast-site-content-layout":"default","site-content-style":"default","site-sidebar-style":"default","ast-global-header-display":"","ast-banner-title-visibility":"","ast-main-header-display":"","ast-hfb-above-header-display":"","ast-hfb-below-header-display":"","ast-hfb-mobile-header-display":"","site-post-title":"","ast-breadcrumbs-content":"","ast-featured-img":"","footer-sml-layout":"","ast-disable-related-posts":"","theme-transparent-header-meta":"default","adv-header-id-meta":"","stick-header-meta":"","header-above-stick-meta":"","header-main-stick-meta":"","header-below-stick-meta":"","astra-migrate-meta-layouts":"default","ast-page-background-enabled":"default","ast-page-background-meta":{"desktop":{"background-color":"","background-image":"","background-repeat":"repeat","background-position":"center center","background-size":"auto","background-attachment":"scroll","background-type":"","background-media":"","overlay-type":"","overlay-color":"","overlay-opacity":"","overlay-gradient":""},"tablet":{"background-color":"","background-image":"","background-repeat":"repeat","background-position":"center center","background-size":"auto","background-attachment":"scroll","background-type":"","background-media":"","overlay-type":"","overlay-color":"","overlay-opacity":"","overlay-gradient":""},"mobile":{"background-color":"","background-image":"","background-repeat":"repeat","background-position":"center center","background-size":"auto","background-attachment":"scroll","background-type":"","background-media":"","overlay-type":"","overlay-color":"","overlay-opacity":"","overlay-gradient":""}},"ast-content-background-meta":{"desktop":{"background-color":"var(--ast-global-color-5)","background-image":"","background-repeat":"repeat","background-position":"center center","background-size":"auto","background-attachment":"scroll","background-type":"","background-media":"","overlay-type":"","overlay-color":"","overlay-opacity":"","overlay-gradient":""},"tablet":{"background-color":"var(--ast-global-color-5)","background-image":"","background-repeat":"repeat","background-position":"center center","background-size":"auto","background-attachment":"scroll","background-type":"","background-media":"","overlay-type":"","overlay-color":"","overlay-opacity":"","overlay-gradient":""},"mobile":{"background-color":"var(--ast-global-color-5)","background-image":"","background-repeat":"repeat","background-position":"center center","background-size":"auto","background-attachment":"scroll","background-type":"","background-media":"","overlay-type":"","overlay-color":"","overlay-opacity":"","overlay-gradient":""}}},"product_brand":[],"product_cat":[15,145,195,189],"product_tag":[1402,1406,1407,1280,1042,1404,1403,326,1405],"class_list":{"0":"post-11503","1":"product","2":"type-product","3":"status-publish","4":"has-post-thumbnail","6":"product_cat-photo","7":"product_cat-photography","8":"product_cat-photoshop","9":"product_cat-stock-images","10":"product_tag-couple","11":"product_tag-day","12":"product_tag-holaday","13":"product_tag-love","14":"product_tag-male","15":"product_tag-married","16":"product_tag-rings","17":"product_tag-wedding","18":"product_tag-wife","19":"desktop-align-left","20":"tablet-align-left","21":"mobile-align-left","23":"first","24":"instock","25":"sale","26":"downloadable","27":"virtual","28":"taxable","29":"purchasable","30":"product-type-simple"},"yoast_head":"<!-- This site is optimized with the Yoast SEO plugin v27.3 - https:\/\/yoast.com\/product\/yoast-seo-wordpress\/ -->\n<title>1000 Wedding Photo Bundle - Graphimarket<\/title>\n<meta name=\"description\" content=\"GraphiMarket is the world\u2019s marketplace for design. Bring your creative projects to life with ready-to-use design assets\" \/>\n<meta name=\"robots\" content=\"index, follow, max-snippet:-1, max-image-preview:large, max-video-preview:-1\" \/>\n<link rel=\"canonical\" href=\"http:\/\/graphimarket.com\/es\/product\/1000-wedding-photo-bundle\/\" \/>\n<meta property=\"og:locale\" content=\"es_ES\" \/>\n<meta property=\"og:type\" content=\"article\" \/>\n<meta property=\"og:title\" content=\"1000 Wedding Photo Bundle - Graphimarket\" \/>\n<meta property=\"og:description\" content=\"GraphiMarket is the world\u2019s marketplace for design. Bring your creative projects to life with ready-to-use design assets\" \/>\n<meta property=\"og:url\" content=\"http:\/\/graphimarket.com\/es\/product\/1000-wedding-photo-bundle\/\" \/>\n<meta property=\"og:site_name\" content=\"Graphimarket\" \/>\n<meta property=\"article:modified_time\" content=\"2022-12-19T08:51:38+00:00\" \/>\n<meta property=\"og:image\" content=\"https:\/\/graphimarket.com\/wp-content\/uploads\/2020\/09\/1000-Wedding-Photo-Bundle.jpg\" \/>\n\t<meta property=\"og:image:width\" content=\"900\" \/>\n\t<meta property=\"og:image:height\" content=\"600\" \/>\n\t<meta property=\"og:image:type\" content=\"image\/jpeg\" \/>\n<meta name=\"twitter:card\" content=\"summary_large_image\" \/>\n<meta name=\"twitter:label1\" content=\"Est. reading time\" \/>\n\t<meta name=\"twitter:data1\" content=\"1 minute\" \/>\n<script type=\"application\/ld+json\" class=\"yoast-schema-graph\">{\"@context\":\"https:\\\/\\\/schema.org\",\"@graph\":[{\"@type\":\"WebPage\",\"@id\":\"http:\\\/\\\/graphimarket.com\\\/fr\\\/product\\\/1000-wedding-photo-bundle\\\/\",\"url\":\"http:\\\/\\\/graphimarket.com\\\/fr\\\/product\\\/1000-wedding-photo-bundle\\\/\",\"name\":\"1000 Wedding Photo Bundle - Graphimarket\",\"isPartOf\":{\"@id\":\"https:\\\/\\\/graphimarket.com\\\/fr\\\/#website\"},\"primaryImageOfPage\":{\"@id\":\"http:\\\/\\\/graphimarket.com\\\/fr\\\/product\\\/1000-wedding-photo-bundle\\\/#primaryimage\"},\"image\":{\"@id\":\"http:\\\/\\\/graphimarket.com\\\/fr\\\/product\\\/1000-wedding-photo-bundle\\\/#primaryimage\"},\"thumbnailUrl\":\"https:\\\/\\\/graphimarket.com\\\/wp-content\\\/uploads\\\/2020\\\/09\\\/1000-Wedding-Photo-Bundle.jpg\",\"datePublished\":\"2020-09-30T15:33:41+00:00\",\"dateModified\":\"2022-12-19T08:51:38+00:00\",\"description\":\"GraphiMarket is the world\u2019s marketplace for design. Bring your creative projects to life with ready-to-use design assets\",\"breadcrumb\":{\"@id\":\"http:\\\/\\\/graphimarket.com\\\/fr\\\/product\\\/1000-wedding-photo-bundle\\\/#breadcrumb\"},\"inLanguage\":\"es-ES\",\"potentialAction\":[{\"@type\":\"ReadAction\",\"target\":[\"http:\\\/\\\/graphimarket.com\\\/fr\\\/product\\\/1000-wedding-photo-bundle\\\/\"]}]},{\"@type\":\"ImageObject\",\"inLanguage\":\"es-ES\",\"@id\":\"http:\\\/\\\/graphimarket.com\\\/fr\\\/product\\\/1000-wedding-photo-bundle\\\/#primaryimage\",\"url\":\"https:\\\/\\\/graphimarket.com\\\/wp-content\\\/uploads\\\/2020\\\/09\\\/1000-Wedding-Photo-Bundle.jpg\",\"contentUrl\":\"https:\\\/\\\/graphimarket.com\\\/wp-content\\\/uploads\\\/2020\\\/09\\\/1000-Wedding-Photo-Bundle.jpg\",\"width\":900,\"height\":600},{\"@type\":\"BreadcrumbList\",\"@id\":\"http:\\\/\\\/graphimarket.com\\\/fr\\\/product\\\/1000-wedding-photo-bundle\\\/#breadcrumb\",\"itemListElement\":[{\"@type\":\"ListItem\",\"position\":1,\"name\":\"Home\",\"item\":\"https:\\\/\\\/graphimarket.com\\\/es\\\/\"},{\"@type\":\"ListItem\",\"position\":2,\"name\":\"Store\",\"item\":\"https:\\\/\\\/graphimarket.com\\\/store\\\/\"},{\"@type\":\"ListItem\",\"position\":3,\"name\":\"1000 Wedding Photo Bundle\"}]},{\"@type\":\"WebSite\",\"@id\":\"https:\\\/\\\/graphimarket.com\\\/fr\\\/#website\",\"url\":\"https:\\\/\\\/graphimarket.com\\\/fr\\\/\",\"name\":\"Graphimarket\",\"description\":\"Find the perfect creative asset to bring your project to life\",\"publisher\":{\"@id\":\"https:\\\/\\\/graphimarket.com\\\/fr\\\/#organization\"},\"potentialAction\":[{\"@type\":\"SearchAction\",\"target\":{\"@type\":\"EntryPoint\",\"urlTemplate\":\"https:\\\/\\\/graphimarket.com\\\/fr\\\/?s={search_term_string}\"},\"query-input\":{\"@type\":\"PropertyValueSpecification\",\"valueRequired\":true,\"valueName\":\"search_term_string\"}}],\"inLanguage\":\"es-ES\"},{\"@type\":\"Organization\",\"@id\":\"https:\\\/\\\/graphimarket.com\\\/fr\\\/#organization\",\"name\":\"Graphimarket\",\"url\":\"https:\\\/\\\/graphimarket.com\\\/fr\\\/\",\"logo\":{\"@type\":\"ImageObject\",\"inLanguage\":\"es-ES\",\"@id\":\"https:\\\/\\\/graphimarket.com\\\/fr\\\/#\\\/schema\\\/logo\\\/image\\\/\",\"url\":\"https:\\\/\\\/graphimarket.com\\\/wp-content\\\/uploads\\\/2020\\\/08\\\/logo-48.png\",\"contentUrl\":\"https:\\\/\\\/graphimarket.com\\\/wp-content\\\/uploads\\\/2020\\\/08\\\/logo-48.png\",\"width\":132,\"height\":48,\"caption\":\"Graphimarket\"},\"image\":{\"@id\":\"https:\\\/\\\/graphimarket.com\\\/fr\\\/#\\\/schema\\\/logo\\\/image\\\/\"}}]}<\/script>\n<!-- \/ Yoast SEO plugin. -->","yoast_head_json":{"title":"Paquete de 1000 fotos de boda - Graphimarket","description":"GraphiMarket es el mercado mundial del dise\u00f1o. D\u00e9 vida a sus proyectos creativos con recursos de dise\u00f1o listos para usar","robots":{"index":"index","follow":"follow","max-snippet":"max-snippet:-1","max-image-preview":"max-image-preview:large","max-video-preview":"max-video-preview:-1"},"canonical":"http:\/\/graphimarket.com\/es\/product\/1000-wedding-photo-bundle\/","og_locale":"es_ES","og_type":"article","og_title":"1000 Wedding Photo Bundle - Graphimarket","og_description":"GraphiMarket is the world\u2019s marketplace for design. Bring your creative projects to life with ready-to-use design assets","og_url":"http:\/\/graphimarket.com\/es\/product\/1000-wedding-photo-bundle\/","og_site_name":"Graphimarket","article_modified_time":"2022-12-19T08:51:38+00:00","og_image":[{"width":900,"height":600,"url":"https:\/\/graphimarket.com\/wp-content\/uploads\/2020\/09\/1000-Wedding-Photo-Bundle.jpg","type":"image\/jpeg"}],"twitter_card":"summary_large_image","twitter_misc":{"Est. reading time":"1 minute"},"schema":{"@context":"https:\/\/schema.org","@graph":[{"@type":"WebPage","@id":"http:\/\/graphimarket.com\/fr\/product\/1000-wedding-photo-bundle\/","url":"http:\/\/graphimarket.com\/fr\/product\/1000-wedding-photo-bundle\/","name":"Paquete de 1000 fotos de boda - Graphimarket","isPartOf":{"@id":"https:\/\/graphimarket.com\/fr\/#website"},"primaryImageOfPage":{"@id":"http:\/\/graphimarket.com\/fr\/product\/1000-wedding-photo-bundle\/#primaryimage"},"image":{"@id":"http:\/\/graphimarket.com\/fr\/product\/1000-wedding-photo-bundle\/#primaryimage"},"thumbnailUrl":"https:\/\/graphimarket.com\/wp-content\/uploads\/2020\/09\/1000-Wedding-Photo-Bundle.jpg","datePublished":"2020-09-30T15:33:41+00:00","dateModified":"2022-12-19T08:51:38+00:00","description":"GraphiMarket es el mercado mundial del dise\u00f1o. D\u00e9 vida a sus proyectos creativos con recursos de dise\u00f1o listos para usar","breadcrumb":{"@id":"http:\/\/graphimarket.com\/fr\/product\/1000-wedding-photo-bundle\/#breadcrumb"},"inLanguage":"es-ES","potentialAction":[{"@type":"ReadAction","target":["http:\/\/graphimarket.com\/fr\/product\/1000-wedding-photo-bundle\/"]}]},{"@type":"ImageObject","inLanguage":"es-ES","@id":"http:\/\/graphimarket.com\/fr\/product\/1000-wedding-photo-bundle\/#primaryimage","url":"https:\/\/graphimarket.com\/wp-content\/uploads\/2020\/09\/1000-Wedding-Photo-Bundle.jpg","contentUrl":"https:\/\/graphimarket.com\/wp-content\/uploads\/2020\/09\/1000-Wedding-Photo-Bundle.jpg","width":900,"height":600},{"@type":"BreadcrumbList","@id":"http:\/\/graphimarket.com\/fr\/product\/1000-wedding-photo-bundle\/#breadcrumb","itemListElement":[{"@type":"ListItem","position":1,"name":"Home","item":"https:\/\/graphimarket.com\/es\/"},{"@type":"ListItem","position":2,"name":"Store","item":"https:\/\/graphimarket.com\/store\/"},{"@type":"ListItem","position":3,"name":"1000 Wedding Photo Bundle"}]},{"@type":"WebSite","@id":"https:\/\/graphimarket.com\/fr\/#website","url":"https:\/\/graphimarket.com\/fr\/","name":"Graphimarket","description":"Encuentre el activo creativo perfecto para darle vida a su proyecto","publisher":{"@id":"https:\/\/graphimarket.com\/fr\/#organization"},"potentialAction":[{"@type":"SearchAction","target":{"@type":"EntryPoint","urlTemplate":"https:\/\/graphimarket.com\/fr\/?s={search_term_string}"},"query-input":{"@type":"PropertyValueSpecification","valueRequired":true,"valueName":"search_term_string"}}],"inLanguage":"es-ES"},{"@type":"Organization","@id":"https:\/\/graphimarket.com\/fr\/#organization","name":"Graphimarket","url":"https:\/\/graphimarket.com\/fr\/","logo":{"@type":"ImageObject","inLanguage":"es-ES","@id":"https:\/\/graphimarket.com\/fr\/#\/schema\/logo\/image\/","url":"https:\/\/graphimarket.com\/wp-content\/uploads\/2020\/08\/logo-48.png","contentUrl":"https:\/\/graphimarket.com\/wp-content\/uploads\/2020\/08\/logo-48.png","width":132,"height":48,"caption":"Graphimarket"},"image":{"@id":"https:\/\/graphimarket.com\/fr\/#\/schema\/logo\/image\/"}}]}},"_links":{"self":[{"href":"https:\/\/graphimarket.com\/es\/wp-json\/wp\/v2\/product\/11503","targetHints":{"allow":["GET"]}}],"collection":[{"href":"https:\/\/graphimarket.com\/es\/wp-json\/wp\/v2\/product"}],"about":[{"href":"https:\/\/graphimarket.com\/es\/wp-json\/wp\/v2\/types\/product"}],"replies":[{"embeddable":true,"href":"https:\/\/graphimarket.com\/es\/wp-json\/wp\/v2\/comments?post=11503"}],"version-history":[{"count":0,"href":"https:\/\/graphimarket.com\/es\/wp-json\/wp\/v2\/product\/11503\/revisions"}],"wp:featuredmedia":[{"embeddable":true,"href":"https:\/\/graphimarket.com\/es\/wp-json\/wp\/v2\/media\/11543"}],"wp:attachment":[{"href":"https:\/\/graphimarket.com\/es\/wp-json\/wp\/v2\/media?parent=11503"}],"wp:term":[{"taxonomy":"product_brand","embeddable":true,"href":"https:\/\/graphimarket.com\/es\/wp-json\/wp\/v2\/product_brand?post=11503"},{"taxonomy":"product_cat","embeddable":true,"href":"https:\/\/graphimarket.com\/es\/wp-json\/wp\/v2\/product_cat?post=11503"},{"taxonomy":"product_tag","embeddable":true,"href":"https:\/\/graphimarket.com\/es\/wp-json\/wp\/v2\/product_tag?post=11503"}],"curies":[{"name":"wp","href":"https:\/\/api.w.org\/{rel}","templated":true}]}}