{"id":11977,"date":"2020-10-12T17:07:20","date_gmt":"2020-10-12T15:07:20","guid":{"rendered":"https:\/\/graphimarket.com\/?post_type=product&#038;p=11977"},"modified":"2022-12-19T09:44:43","modified_gmt":"2022-12-19T08:44:43","slug":"the-mega-signs-bundle","status":"publish","type":"product","link":"https:\/\/graphimarket.com\/es\/product\/the-mega-signs-bundle\/","title":{"rendered":"El paquete Mega Signs"},"content":{"rendered":"<div class=\"_2Masz2rr\">\n<p><strong>El paquete Mega Signs es la colecci\u00f3n de maquetas de carteles m\u00e1s grande de Internet. 157 maquetas en total pueden adaptarse a cualquier necesidad creativa para su pr\u00f3ximo GRAN proyecto<\/strong><\/p>\n<p>Haga que su presentaci\u00f3n de dise\u00f1o se destaque entre la multitud. Pruebe su dise\u00f1o en letreros de tiendas reales o tableros A con una gran variedad para elegir.<\/p>\n<p><strong>Perfecto para:<\/strong><\/p>\n<ul>\n<li>Identidad de la marca;<\/li>\n<li>Proyecto de tipograf\u00eda;<\/li>\n<li>Presentaci\u00f3n de la tienda;<\/li>\n<li>Presentaci\u00f3n de la marca de restaurante, bar, pub;<\/li>\n<li>Presentaci\u00f3n de la junta;<\/li>\n<li>Presentaci\u00f3n del proyecto de pizarra;<\/li>\n<li>Promoci\u00f3n o presentaci\u00f3n del tablero del men\u00fa;<\/li>\n<li>Presentaci\u00f3n del portafolio de identidad;<\/li>\n<li>Promo de signos;<\/li>\n<li>Muchos otros tipos de proyectos promocionales y de presentaci\u00f3n.<\/li>\n<\/ul>\n<p><strong>Las caracter\u00edsticas del paquete Mega Signs:<\/strong><\/p>\n<ul>\n<li>R\u00f3tulos de diferentes tama\u00f1os desde redondos hasta rectangulares e incluso estrella;<\/li>\n<li>Algunas fotos tienen maquetas de fachadas adicionales al lado de los letreros;<\/li>\n<li>Estilo de dise\u00f1o de letreros contempor\u00e1neo;<\/li>\n<li>Entorno de alta calidad;<\/li>\n<li>Estilo tradicional y vintage;<\/li>\n<li>Entorno real de la calle;<\/li>\n<li>Maquetas de letreros de tablero o s\u00e1ndwich;<\/li>\n<li>Tableros de formas rectangulares largas y cortas;<\/li>\n<li>Tableros de formas inusuales;<\/li>\n<li>Madera y metal.<\/li>\n<\/ul>\n<p><strong>El paquete Mega Signs consta de:<\/strong><\/p>\n<ul>\n<li>149 maquetas de Signes en diferentes formas y posiciones;<\/li>\n<li>8 A Tableros de pie en una calle.<\/li>\n<\/ul>\n<p><strong>Todas las maquetas son:<\/strong><\/p>\n<ul>\n<li>3000px en el lado m\u00e1s largo;<\/li>\n<li>Tener objetos inteligentes;<\/li>\n<li>Muy f\u00e1cil de insertar tu propio dise\u00f1o.<\/li>\n<\/ul>\n<\/div>\n<p>&nbsp;<\/p>\n<p><img fetchpriority=\"high\" decoding=\"async\" class=\"aligncenter wp-image-11980 size-full\" src=\"https:\/\/graphimarket.com\/wp-content\/uploads\/2020\/10\/28ce9661-b29f-4c23-89b2-d7cffa297e07.jpg\" alt=\"\" width=\"1370\" height=\"912\" srcset=\"https:\/\/graphimarket.com\/wp-content\/uploads\/2020\/10\/28ce9661-b29f-4c23-89b2-d7cffa297e07.jpg 1370w, https:\/\/graphimarket.com\/wp-content\/uploads\/2020\/10\/28ce9661-b29f-4c23-89b2-d7cffa297e07-300x200.jpg 300w, https:\/\/graphimarket.com\/wp-content\/uploads\/2020\/10\/28ce9661-b29f-4c23-89b2-d7cffa297e07-1024x682.jpg 1024w, https:\/\/graphimarket.com\/wp-content\/uploads\/2020\/10\/28ce9661-b29f-4c23-89b2-d7cffa297e07-768x511.jpg 768w, https:\/\/graphimarket.com\/wp-content\/uploads\/2020\/10\/28ce9661-b29f-4c23-89b2-d7cffa297e07-16x12.jpg 16w, https:\/\/graphimarket.com\/wp-content\/uploads\/2020\/10\/28ce9661-b29f-4c23-89b2-d7cffa297e07-1320x879.jpg 1320w, https:\/\/graphimarket.com\/wp-content\/uploads\/2020\/10\/28ce9661-b29f-4c23-89b2-d7cffa297e07-600x399.jpg 600w\" sizes=\"(max-width: 1370px) 100vw, 1370px\" \/> <img decoding=\"async\" class=\"aligncenter wp-image-11981 size-full\" src=\"https:\/\/graphimarket.com\/wp-content\/uploads\/2020\/10\/435ee7d7-733e-4069-9103-ce2a00fd95b5.jpg\" alt=\"\" width=\"1370\" height=\"912\" srcset=\"https:\/\/graphimarket.com\/wp-content\/uploads\/2020\/10\/435ee7d7-733e-4069-9103-ce2a00fd95b5.jpg 1370w, https:\/\/graphimarket.com\/wp-content\/uploads\/2020\/10\/435ee7d7-733e-4069-9103-ce2a00fd95b5-300x200.jpg 300w, https:\/\/graphimarket.com\/wp-content\/uploads\/2020\/10\/435ee7d7-733e-4069-9103-ce2a00fd95b5-1024x682.jpg 1024w, https:\/\/graphimarket.com\/wp-content\/uploads\/2020\/10\/435ee7d7-733e-4069-9103-ce2a00fd95b5-768x511.jpg 768w, https:\/\/graphimarket.com\/wp-content\/uploads\/2020\/10\/435ee7d7-733e-4069-9103-ce2a00fd95b5-16x12.jpg 16w, https:\/\/graphimarket.com\/wp-content\/uploads\/2020\/10\/435ee7d7-733e-4069-9103-ce2a00fd95b5-1320x879.jpg 1320w, https:\/\/graphimarket.com\/wp-content\/uploads\/2020\/10\/435ee7d7-733e-4069-9103-ce2a00fd95b5-600x399.jpg 600w\" sizes=\"(max-width: 1370px) 100vw, 1370px\" \/> <img decoding=\"async\" class=\"aligncenter wp-image-11982 size-full\" src=\"https:\/\/graphimarket.com\/wp-content\/uploads\/2020\/10\/831c564c-a951-4c0b-b0d2-2f098cdc6d68-1.jpg\" alt=\"\" width=\"1370\" height=\"912\" srcset=\"https:\/\/graphimarket.com\/wp-content\/uploads\/2020\/10\/831c564c-a951-4c0b-b0d2-2f098cdc6d68-1.jpg 1370w, https:\/\/graphimarket.com\/wp-content\/uploads\/2020\/10\/831c564c-a951-4c0b-b0d2-2f098cdc6d68-1-300x200.jpg 300w, https:\/\/graphimarket.com\/wp-content\/uploads\/2020\/10\/831c564c-a951-4c0b-b0d2-2f098cdc6d68-1-1024x682.jpg 1024w, https:\/\/graphimarket.com\/wp-content\/uploads\/2020\/10\/831c564c-a951-4c0b-b0d2-2f098cdc6d68-1-768x511.jpg 768w, https:\/\/graphimarket.com\/wp-content\/uploads\/2020\/10\/831c564c-a951-4c0b-b0d2-2f098cdc6d68-1-16x12.jpg 16w, https:\/\/graphimarket.com\/wp-content\/uploads\/2020\/10\/831c564c-a951-4c0b-b0d2-2f098cdc6d68-1-1320x879.jpg 1320w, https:\/\/graphimarket.com\/wp-content\/uploads\/2020\/10\/831c564c-a951-4c0b-b0d2-2f098cdc6d68-1-600x399.jpg 600w\" sizes=\"(max-width: 1370px) 100vw, 1370px\" \/> <img loading=\"lazy\" decoding=\"async\" class=\"aligncenter wp-image-11983 size-full\" src=\"https:\/\/graphimarket.com\/wp-content\/uploads\/2020\/10\/831c564c-a951-4c0b-b0d2-2f098cdc6d68.jpg\" alt=\"\" width=\"1370\" height=\"912\" srcset=\"https:\/\/graphimarket.com\/wp-content\/uploads\/2020\/10\/831c564c-a951-4c0b-b0d2-2f098cdc6d68.jpg 1370w, https:\/\/graphimarket.com\/wp-content\/uploads\/2020\/10\/831c564c-a951-4c0b-b0d2-2f098cdc6d68-300x200.jpg 300w, https:\/\/graphimarket.com\/wp-content\/uploads\/2020\/10\/831c564c-a951-4c0b-b0d2-2f098cdc6d68-1024x682.jpg 1024w, https:\/\/graphimarket.com\/wp-content\/uploads\/2020\/10\/831c564c-a951-4c0b-b0d2-2f098cdc6d68-768x511.jpg 768w, https:\/\/graphimarket.com\/wp-content\/uploads\/2020\/10\/831c564c-a951-4c0b-b0d2-2f098cdc6d68-16x12.jpg 16w, https:\/\/graphimarket.com\/wp-content\/uploads\/2020\/10\/831c564c-a951-4c0b-b0d2-2f098cdc6d68-1320x879.jpg 1320w, https:\/\/graphimarket.com\/wp-content\/uploads\/2020\/10\/831c564c-a951-4c0b-b0d2-2f098cdc6d68-600x399.jpg 600w\" sizes=\"(max-width: 1370px) 100vw, 1370px\" \/> <img loading=\"lazy\" decoding=\"async\" class=\"aligncenter wp-image-11984 size-full\" src=\"https:\/\/graphimarket.com\/wp-content\/uploads\/2020\/10\/5095c0d6-1036-4d68-b19f-b8d4d21c0696.jpg\" alt=\"\" width=\"1370\" height=\"912\" srcset=\"https:\/\/graphimarket.com\/wp-content\/uploads\/2020\/10\/5095c0d6-1036-4d68-b19f-b8d4d21c0696.jpg 1370w, https:\/\/graphimarket.com\/wp-content\/uploads\/2020\/10\/5095c0d6-1036-4d68-b19f-b8d4d21c0696-300x200.jpg 300w, https:\/\/graphimarket.com\/wp-content\/uploads\/2020\/10\/5095c0d6-1036-4d68-b19f-b8d4d21c0696-1024x682.jpg 1024w, https:\/\/graphimarket.com\/wp-content\/uploads\/2020\/10\/5095c0d6-1036-4d68-b19f-b8d4d21c0696-768x511.jpg 768w, https:\/\/graphimarket.com\/wp-content\/uploads\/2020\/10\/5095c0d6-1036-4d68-b19f-b8d4d21c0696-16x12.jpg 16w, https:\/\/graphimarket.com\/wp-content\/uploads\/2020\/10\/5095c0d6-1036-4d68-b19f-b8d4d21c0696-1320x879.jpg 1320w, https:\/\/graphimarket.com\/wp-content\/uploads\/2020\/10\/5095c0d6-1036-4d68-b19f-b8d4d21c0696-600x399.jpg 600w\" sizes=\"(max-width: 1370px) 100vw, 1370px\" \/> <img loading=\"lazy\" decoding=\"async\" class=\"aligncenter wp-image-11986 size-full\" src=\"https:\/\/graphimarket.com\/wp-content\/uploads\/2020\/10\/3f3af5e1-ff24-4ec0-b0f8-9939a8d3ee80.jpg\" alt=\"\" width=\"1370\" height=\"912\" srcset=\"https:\/\/graphimarket.com\/wp-content\/uploads\/2020\/10\/3f3af5e1-ff24-4ec0-b0f8-9939a8d3ee80.jpg 1370w, https:\/\/graphimarket.com\/wp-content\/uploads\/2020\/10\/3f3af5e1-ff24-4ec0-b0f8-9939a8d3ee80-300x200.jpg 300w, https:\/\/graphimarket.com\/wp-content\/uploads\/2020\/10\/3f3af5e1-ff24-4ec0-b0f8-9939a8d3ee80-1024x682.jpg 1024w, https:\/\/graphimarket.com\/wp-content\/uploads\/2020\/10\/3f3af5e1-ff24-4ec0-b0f8-9939a8d3ee80-768x511.jpg 768w, https:\/\/graphimarket.com\/wp-content\/uploads\/2020\/10\/3f3af5e1-ff24-4ec0-b0f8-9939a8d3ee80-16x12.jpg 16w, https:\/\/graphimarket.com\/wp-content\/uploads\/2020\/10\/3f3af5e1-ff24-4ec0-b0f8-9939a8d3ee80-1320x879.jpg 1320w, https:\/\/graphimarket.com\/wp-content\/uploads\/2020\/10\/3f3af5e1-ff24-4ec0-b0f8-9939a8d3ee80-600x399.jpg 600w\" sizes=\"(max-width: 1370px) 100vw, 1370px\" \/> <img loading=\"lazy\" decoding=\"async\" class=\"aligncenter wp-image-11987 size-full\" src=\"https:\/\/graphimarket.com\/wp-content\/uploads\/2020\/10\/5de9b625-4822-43e1-9cf3-c741f8a544f3.jpg\" alt=\"\" width=\"1370\" height=\"913\" srcset=\"https:\/\/graphimarket.com\/wp-content\/uploads\/2020\/10\/5de9b625-4822-43e1-9cf3-c741f8a544f3.jpg 1370w, https:\/\/graphimarket.com\/wp-content\/uploads\/2020\/10\/5de9b625-4822-43e1-9cf3-c741f8a544f3-300x200.jpg 300w, https:\/\/graphimarket.com\/wp-content\/uploads\/2020\/10\/5de9b625-4822-43e1-9cf3-c741f8a544f3-1024x682.jpg 1024w, https:\/\/graphimarket.com\/wp-content\/uploads\/2020\/10\/5de9b625-4822-43e1-9cf3-c741f8a544f3-768x512.jpg 768w, https:\/\/graphimarket.com\/wp-content\/uploads\/2020\/10\/5de9b625-4822-43e1-9cf3-c741f8a544f3-16x12.jpg 16w, https:\/\/graphimarket.com\/wp-content\/uploads\/2020\/10\/5de9b625-4822-43e1-9cf3-c741f8a544f3-1320x880.jpg 1320w, https:\/\/graphimarket.com\/wp-content\/uploads\/2020\/10\/5de9b625-4822-43e1-9cf3-c741f8a544f3-600x400.jpg 600w\" sizes=\"(max-width: 1370px) 100vw, 1370px\" \/> <img loading=\"lazy\" decoding=\"async\" class=\"aligncenter wp-image-11988 size-full\" src=\"https:\/\/graphimarket.com\/wp-content\/uploads\/2020\/10\/5f734adc-dcdf-4df4-a9ad-819734b962df.jpg\" alt=\"\" width=\"1370\" height=\"912\" srcset=\"https:\/\/graphimarket.com\/wp-content\/uploads\/2020\/10\/5f734adc-dcdf-4df4-a9ad-819734b962df.jpg 1370w, https:\/\/graphimarket.com\/wp-content\/uploads\/2020\/10\/5f734adc-dcdf-4df4-a9ad-819734b962df-300x200.jpg 300w, https:\/\/graphimarket.com\/wp-content\/uploads\/2020\/10\/5f734adc-dcdf-4df4-a9ad-819734b962df-1024x682.jpg 1024w, https:\/\/graphimarket.com\/wp-content\/uploads\/2020\/10\/5f734adc-dcdf-4df4-a9ad-819734b962df-768x511.jpg 768w, https:\/\/graphimarket.com\/wp-content\/uploads\/2020\/10\/5f734adc-dcdf-4df4-a9ad-819734b962df-16x12.jpg 16w, https:\/\/graphimarket.com\/wp-content\/uploads\/2020\/10\/5f734adc-dcdf-4df4-a9ad-819734b962df-1320x879.jpg 1320w, https:\/\/graphimarket.com\/wp-content\/uploads\/2020\/10\/5f734adc-dcdf-4df4-a9ad-819734b962df-600x399.jpg 600w\" sizes=\"(max-width: 1370px) 100vw, 1370px\" \/><\/p>\n<div class=\"_2Masz2rr\">\n<p>&nbsp;<\/p>\n<\/div>\n<div class=\"_3YqMOf9R\">\n<div class=\"_3KAa4-GZ frEFeDSS\"><\/div>\n<\/div>","protected":false},"excerpt":{"rendered":"<p>The Mega Signs Bundle is the biggest mockups collection of signs on the \u200binternet. 157 total mockups can accommodate any creative needs for your next BIG project Make your design presentation stand out from the crowd. Test your\u200b design on real shop signs or A boards with a\u200b \u200bbig variety to choose from. Perfect for: [&hellip;]<\/p>\n","protected":false},"featured_media":11987,"comment_status":"open","ping_status":"closed","template":"","meta":{"site-sidebar-layout":"default","site-content-layout":"default","ast-site-content-layout":"default","site-content-style":"default","site-sidebar-style":"default","ast-global-header-display":"","ast-banner-title-visibility":"","ast-main-header-display":"","ast-hfb-above-header-display":"","ast-hfb-below-header-display":"","ast-hfb-mobile-header-display":"","site-post-title":"","ast-breadcrumbs-content":"","ast-featured-img":"","footer-sml-layout":"","ast-disable-related-posts":"","theme-transparent-header-meta":"default","adv-header-id-meta":"","stick-header-meta":"","header-above-stick-meta":"","header-main-stick-meta":"","header-below-stick-meta":"","astra-migrate-meta-layouts":"default","ast-page-background-enabled":"default","ast-page-background-meta":{"desktop":{"background-color":"","background-image":"","background-repeat":"repeat","background-position":"center center","background-size":"auto","background-attachment":"scroll","background-type":"","background-media":"","overlay-type":"","overlay-color":"","overlay-opacity":"","overlay-gradient":""},"tablet":{"background-color":"","background-image":"","background-repeat":"repeat","background-position":"center center","background-size":"auto","background-attachment":"scroll","background-type":"","background-media":"","overlay-type":"","overlay-color":"","overlay-opacity":"","overlay-gradient":""},"mobile":{"background-color":"","background-image":"","background-repeat":"repeat","background-position":"center center","background-size":"auto","background-attachment":"scroll","background-type":"","background-media":"","overlay-type":"","overlay-color":"","overlay-opacity":"","overlay-gradient":""}},"ast-content-background-meta":{"desktop":{"background-color":"var(--ast-global-color-5)","background-image":"","background-repeat":"repeat","background-position":"center center","background-size":"auto","background-attachment":"scroll","background-type":"","background-media":"","overlay-type":"","overlay-color":"","overlay-opacity":"","overlay-gradient":""},"tablet":{"background-color":"var(--ast-global-color-5)","background-image":"","background-repeat":"repeat","background-position":"center center","background-size":"auto","background-attachment":"scroll","background-type":"","background-media":"","overlay-type":"","overlay-color":"","overlay-opacity":"","overlay-gradient":""},"mobile":{"background-color":"var(--ast-global-color-5)","background-image":"","background-repeat":"repeat","background-position":"center center","background-size":"auto","background-attachment":"scroll","background-type":"","background-media":"","overlay-type":"","overlay-color":"","overlay-opacity":"","overlay-gradient":""}}},"product_brand":[],"product_cat":[1609,46,153],"product_tag":[703,702,239,1522,709,1161,785,691,1040],"class_list":{"0":"post-11977","1":"product","2":"type-product","3":"status-publish","4":"has-post-thumbnail","6":"product_cat-bundle","7":"product_cat-graphics","8":"product_cat-presentation-templates","9":"product_tag-brand","10":"product_tag-branding","11":"product_tag-bundle","12":"product_tag-log","13":"product_tag-presentation","14":"product_tag-promo","15":"product_tag-shop","16":"product_tag-sign","17":"product_tag-unique","18":"desktop-align-left","19":"tablet-align-left","20":"mobile-align-left","22":"first","23":"instock","24":"sale","25":"downloadable","26":"virtual","27":"taxable","28":"purchasable","29":"product-type-simple"},"yoast_head":"<!-- This site is optimized with the Yoast SEO plugin v27.3 - https:\/\/yoast.com\/product\/yoast-seo-wordpress\/ -->\n<title>The Mega Signs Bundle - Graphimarket<\/title>\n<meta name=\"description\" content=\"The Mega Signs Bundle is the biggest mockups collection of signs on the \u200binternet. 157 total mockups can accommodate any creative needs...\" \/>\n<meta name=\"robots\" content=\"index, follow, max-snippet:-1, max-image-preview:large, max-video-preview:-1\" \/>\n<link rel=\"canonical\" href=\"http:\/\/graphimarket.com\/es\/product\/the-mega-signs-bundle\/\" \/>\n<meta property=\"og:locale\" content=\"es_ES\" \/>\n<meta property=\"og:type\" content=\"article\" \/>\n<meta property=\"og:title\" content=\"The Mega Signs Bundle - Graphimarket\" \/>\n<meta property=\"og:description\" content=\"The Mega Signs Bundle is the biggest mockups collection of signs on the \u200binternet. 157 total mockups can accommodate any creative needs...\" \/>\n<meta property=\"og:url\" content=\"http:\/\/graphimarket.com\/es\/product\/the-mega-signs-bundle\/\" \/>\n<meta property=\"og:site_name\" content=\"Graphimarket\" \/>\n<meta property=\"article:modified_time\" content=\"2022-12-19T08:44:43+00:00\" \/>\n<meta property=\"og:image\" content=\"https:\/\/graphimarket.com\/wp-content\/uploads\/2020\/10\/5de9b625-4822-43e1-9cf3-c741f8a544f3.jpg\" \/>\n\t<meta property=\"og:image:width\" content=\"1370\" \/>\n\t<meta property=\"og:image:height\" content=\"913\" \/>\n\t<meta property=\"og:image:type\" content=\"image\/jpeg\" \/>\n<meta name=\"twitter:card\" content=\"summary_large_image\" \/>\n<meta name=\"twitter:label1\" content=\"Est. reading time\" \/>\n\t<meta name=\"twitter:data1\" content=\"1 minute\" \/>\n<script type=\"application\/ld+json\" class=\"yoast-schema-graph\">{\"@context\":\"https:\\\/\\\/schema.org\",\"@graph\":[{\"@type\":\"WebPage\",\"@id\":\"http:\\\/\\\/graphimarket.com\\\/fr\\\/product\\\/the-mega-signs-bundle\\\/\",\"url\":\"http:\\\/\\\/graphimarket.com\\\/fr\\\/product\\\/the-mega-signs-bundle\\\/\",\"name\":\"The Mega Signs Bundle - Graphimarket\",\"isPartOf\":{\"@id\":\"https:\\\/\\\/graphimarket.com\\\/fr\\\/#website\"},\"primaryImageOfPage\":{\"@id\":\"http:\\\/\\\/graphimarket.com\\\/fr\\\/product\\\/the-mega-signs-bundle\\\/#primaryimage\"},\"image\":{\"@id\":\"http:\\\/\\\/graphimarket.com\\\/fr\\\/product\\\/the-mega-signs-bundle\\\/#primaryimage\"},\"thumbnailUrl\":\"https:\\\/\\\/graphimarket.com\\\/wp-content\\\/uploads\\\/2020\\\/10\\\/5de9b625-4822-43e1-9cf3-c741f8a544f3.jpg\",\"datePublished\":\"2020-10-12T15:07:20+00:00\",\"dateModified\":\"2022-12-19T08:44:43+00:00\",\"description\":\"The Mega Signs Bundle is the biggest mockups collection of signs on the \u200binternet. 157 total mockups can accommodate any creative needs...\",\"breadcrumb\":{\"@id\":\"http:\\\/\\\/graphimarket.com\\\/fr\\\/product\\\/the-mega-signs-bundle\\\/#breadcrumb\"},\"inLanguage\":\"es-ES\",\"potentialAction\":[{\"@type\":\"ReadAction\",\"target\":[\"http:\\\/\\\/graphimarket.com\\\/fr\\\/product\\\/the-mega-signs-bundle\\\/\"]}]},{\"@type\":\"ImageObject\",\"inLanguage\":\"es-ES\",\"@id\":\"http:\\\/\\\/graphimarket.com\\\/fr\\\/product\\\/the-mega-signs-bundle\\\/#primaryimage\",\"url\":\"https:\\\/\\\/graphimarket.com\\\/wp-content\\\/uploads\\\/2020\\\/10\\\/5de9b625-4822-43e1-9cf3-c741f8a544f3.jpg\",\"contentUrl\":\"https:\\\/\\\/graphimarket.com\\\/wp-content\\\/uploads\\\/2020\\\/10\\\/5de9b625-4822-43e1-9cf3-c741f8a544f3.jpg\",\"width\":1370,\"height\":913},{\"@type\":\"BreadcrumbList\",\"@id\":\"http:\\\/\\\/graphimarket.com\\\/fr\\\/product\\\/the-mega-signs-bundle\\\/#breadcrumb\",\"itemListElement\":[{\"@type\":\"ListItem\",\"position\":1,\"name\":\"Home\",\"item\":\"https:\\\/\\\/graphimarket.com\\\/es\\\/\"},{\"@type\":\"ListItem\",\"position\":2,\"name\":\"Store\",\"item\":\"https:\\\/\\\/graphimarket.com\\\/store\\\/\"},{\"@type\":\"ListItem\",\"position\":3,\"name\":\"The Mega Signs Bundle\"}]},{\"@type\":\"WebSite\",\"@id\":\"https:\\\/\\\/graphimarket.com\\\/fr\\\/#website\",\"url\":\"https:\\\/\\\/graphimarket.com\\\/fr\\\/\",\"name\":\"Graphimarket\",\"description\":\"Find the perfect creative asset to bring your project to life\",\"publisher\":{\"@id\":\"https:\\\/\\\/graphimarket.com\\\/fr\\\/#organization\"},\"potentialAction\":[{\"@type\":\"SearchAction\",\"target\":{\"@type\":\"EntryPoint\",\"urlTemplate\":\"https:\\\/\\\/graphimarket.com\\\/fr\\\/?s={search_term_string}\"},\"query-input\":{\"@type\":\"PropertyValueSpecification\",\"valueRequired\":true,\"valueName\":\"search_term_string\"}}],\"inLanguage\":\"es-ES\"},{\"@type\":\"Organization\",\"@id\":\"https:\\\/\\\/graphimarket.com\\\/fr\\\/#organization\",\"name\":\"Graphimarket\",\"url\":\"https:\\\/\\\/graphimarket.com\\\/fr\\\/\",\"logo\":{\"@type\":\"ImageObject\",\"inLanguage\":\"es-ES\",\"@id\":\"https:\\\/\\\/graphimarket.com\\\/fr\\\/#\\\/schema\\\/logo\\\/image\\\/\",\"url\":\"https:\\\/\\\/graphimarket.com\\\/wp-content\\\/uploads\\\/2020\\\/08\\\/logo-48.png\",\"contentUrl\":\"https:\\\/\\\/graphimarket.com\\\/wp-content\\\/uploads\\\/2020\\\/08\\\/logo-48.png\",\"width\":132,\"height\":48,\"caption\":\"Graphimarket\"},\"image\":{\"@id\":\"https:\\\/\\\/graphimarket.com\\\/fr\\\/#\\\/schema\\\/logo\\\/image\\\/\"}}]}<\/script>\n<!-- \/ Yoast SEO plugin. -->","yoast_head_json":{"title":"El paquete Mega Signs - Graphimarket","description":"El paquete Mega Signs es la colecci\u00f3n de maquetas de carteles m\u00e1s grande de Internet. 157 maquetas en total pueden adaptarse a cualquier necesidad creativa ...","robots":{"index":"index","follow":"follow","max-snippet":"max-snippet:-1","max-image-preview":"max-image-preview:large","max-video-preview":"max-video-preview:-1"},"canonical":"http:\/\/graphimarket.com\/es\/product\/the-mega-signs-bundle\/","og_locale":"es_ES","og_type":"article","og_title":"The Mega Signs Bundle - Graphimarket","og_description":"The Mega Signs Bundle is the biggest mockups collection of signs on the \u200binternet. 157 total mockups can accommodate any creative needs...","og_url":"http:\/\/graphimarket.com\/es\/product\/the-mega-signs-bundle\/","og_site_name":"Graphimarket","article_modified_time":"2022-12-19T08:44:43+00:00","og_image":[{"width":1370,"height":913,"url":"https:\/\/graphimarket.com\/wp-content\/uploads\/2020\/10\/5de9b625-4822-43e1-9cf3-c741f8a544f3.jpg","type":"image\/jpeg"}],"twitter_card":"summary_large_image","twitter_misc":{"Est. reading time":"1 minute"},"schema":{"@context":"https:\/\/schema.org","@graph":[{"@type":"WebPage","@id":"http:\/\/graphimarket.com\/fr\/product\/the-mega-signs-bundle\/","url":"http:\/\/graphimarket.com\/fr\/product\/the-mega-signs-bundle\/","name":"El paquete Mega Signs - Graphimarket","isPartOf":{"@id":"https:\/\/graphimarket.com\/fr\/#website"},"primaryImageOfPage":{"@id":"http:\/\/graphimarket.com\/fr\/product\/the-mega-signs-bundle\/#primaryimage"},"image":{"@id":"http:\/\/graphimarket.com\/fr\/product\/the-mega-signs-bundle\/#primaryimage"},"thumbnailUrl":"https:\/\/graphimarket.com\/wp-content\/uploads\/2020\/10\/5de9b625-4822-43e1-9cf3-c741f8a544f3.jpg","datePublished":"2020-10-12T15:07:20+00:00","dateModified":"2022-12-19T08:44:43+00:00","description":"El paquete Mega Signs es la colecci\u00f3n de maquetas de carteles m\u00e1s grande de Internet. 157 maquetas en total pueden adaptarse a cualquier necesidad creativa ...","breadcrumb":{"@id":"http:\/\/graphimarket.com\/fr\/product\/the-mega-signs-bundle\/#breadcrumb"},"inLanguage":"es-ES","potentialAction":[{"@type":"ReadAction","target":["http:\/\/graphimarket.com\/fr\/product\/the-mega-signs-bundle\/"]}]},{"@type":"ImageObject","inLanguage":"es-ES","@id":"http:\/\/graphimarket.com\/fr\/product\/the-mega-signs-bundle\/#primaryimage","url":"https:\/\/graphimarket.com\/wp-content\/uploads\/2020\/10\/5de9b625-4822-43e1-9cf3-c741f8a544f3.jpg","contentUrl":"https:\/\/graphimarket.com\/wp-content\/uploads\/2020\/10\/5de9b625-4822-43e1-9cf3-c741f8a544f3.jpg","width":1370,"height":913},{"@type":"BreadcrumbList","@id":"http:\/\/graphimarket.com\/fr\/product\/the-mega-signs-bundle\/#breadcrumb","itemListElement":[{"@type":"ListItem","position":1,"name":"Home","item":"https:\/\/graphimarket.com\/es\/"},{"@type":"ListItem","position":2,"name":"Store","item":"https:\/\/graphimarket.com\/store\/"},{"@type":"ListItem","position":3,"name":"The Mega Signs Bundle"}]},{"@type":"WebSite","@id":"https:\/\/graphimarket.com\/fr\/#website","url":"https:\/\/graphimarket.com\/fr\/","name":"Graphimarket","description":"Encuentre el activo creativo perfecto para darle vida a su proyecto","publisher":{"@id":"https:\/\/graphimarket.com\/fr\/#organization"},"potentialAction":[{"@type":"SearchAction","target":{"@type":"EntryPoint","urlTemplate":"https:\/\/graphimarket.com\/fr\/?s={search_term_string}"},"query-input":{"@type":"PropertyValueSpecification","valueRequired":true,"valueName":"search_term_string"}}],"inLanguage":"es-ES"},{"@type":"Organization","@id":"https:\/\/graphimarket.com\/fr\/#organization","name":"Graphimarket","url":"https:\/\/graphimarket.com\/fr\/","logo":{"@type":"ImageObject","inLanguage":"es-ES","@id":"https:\/\/graphimarket.com\/fr\/#\/schema\/logo\/image\/","url":"https:\/\/graphimarket.com\/wp-content\/uploads\/2020\/08\/logo-48.png","contentUrl":"https:\/\/graphimarket.com\/wp-content\/uploads\/2020\/08\/logo-48.png","width":132,"height":48,"caption":"Graphimarket"},"image":{"@id":"https:\/\/graphimarket.com\/fr\/#\/schema\/logo\/image\/"}}]}},"_links":{"self":[{"href":"https:\/\/graphimarket.com\/es\/wp-json\/wp\/v2\/product\/11977","targetHints":{"allow":["GET"]}}],"collection":[{"href":"https:\/\/graphimarket.com\/es\/wp-json\/wp\/v2\/product"}],"about":[{"href":"https:\/\/graphimarket.com\/es\/wp-json\/wp\/v2\/types\/product"}],"replies":[{"embeddable":true,"href":"https:\/\/graphimarket.com\/es\/wp-json\/wp\/v2\/comments?post=11977"}],"version-history":[{"count":0,"href":"https:\/\/graphimarket.com\/es\/wp-json\/wp\/v2\/product\/11977\/revisions"}],"wp:featuredmedia":[{"embeddable":true,"href":"https:\/\/graphimarket.com\/es\/wp-json\/wp\/v2\/media\/11987"}],"wp:attachment":[{"href":"https:\/\/graphimarket.com\/es\/wp-json\/wp\/v2\/media?parent=11977"}],"wp:term":[{"taxonomy":"product_brand","embeddable":true,"href":"https:\/\/graphimarket.com\/es\/wp-json\/wp\/v2\/product_brand?post=11977"},{"taxonomy":"product_cat","embeddable":true,"href":"https:\/\/graphimarket.com\/es\/wp-json\/wp\/v2\/product_cat?post=11977"},{"taxonomy":"product_tag","embeddable":true,"href":"https:\/\/graphimarket.com\/es\/wp-json\/wp\/v2\/product_tag?post=11977"}],"curies":[{"name":"wp","href":"https:\/\/api.w.org\/{rel}","templated":true}]}}