{"id":12005,"date":"2020-10-12T17:50:54","date_gmt":"2020-10-12T15:50:54","guid":{"rendered":"https:\/\/graphimarket.com\/?post_type=product&#038;p=12005"},"modified":"2022-12-19T09:44:09","modified_gmt":"2022-12-19T08:44:09","slug":"vintage-menu-bundle","status":"publish","type":"product","link":"https:\/\/graphimarket.com\/es\/product\/vintage-menu-bundle\/","title":{"rendered":"Paquete de men\u00fa vintage"},"content":{"rendered":"<p>Paquete de men\u00fa vintage<\/p>\n<p>Lily presenta paquete de men\u00fa vintage<\/p>\n<p>Especificaci\u00f3n:<\/p>\n<p>Caracter\u00edsticas del paquete de men\u00fa y restaurante:<\/p>\n<p>Men\u00fa: A4 (8.27 \u2033 x 11.69 \u2033 pulgadas) + volante de sangrado: A4 (8.27 \u2033 x 11.69 \u2033 pulgadas) + tr\u00edptico de sangrado: (8.27 \u2033 x 11.69 \u2033 pulgadas) + Tienda de mesa de sangrado: 4 \u2033 x 6 \u2033 pulgadas + regalo de sangrado Cup\u00f3n: 8.5 \u00d7 4 pulgadas + sangrado<\/p>\n<p>&nbsp;<\/p>\n<p><img fetchpriority=\"high\" decoding=\"async\" class=\"aligncenter wp-image-12006 size-full\" src=\"https:\/\/graphimarket.com\/wp-content\/uploads\/2020\/10\/e5c59fd6-3d47-4866-8779-e5d2fd76fb09.jpg\" alt=\"\" width=\"1170\" height=\"780\" srcset=\"https:\/\/graphimarket.com\/wp-content\/uploads\/2020\/10\/e5c59fd6-3d47-4866-8779-e5d2fd76fb09.jpg 1170w, https:\/\/graphimarket.com\/wp-content\/uploads\/2020\/10\/e5c59fd6-3d47-4866-8779-e5d2fd76fb09-300x200.jpg 300w, https:\/\/graphimarket.com\/wp-content\/uploads\/2020\/10\/e5c59fd6-3d47-4866-8779-e5d2fd76fb09-1024x683.jpg 1024w, https:\/\/graphimarket.com\/wp-content\/uploads\/2020\/10\/e5c59fd6-3d47-4866-8779-e5d2fd76fb09-768x512.jpg 768w, https:\/\/graphimarket.com\/wp-content\/uploads\/2020\/10\/e5c59fd6-3d47-4866-8779-e5d2fd76fb09-16x12.jpg 16w, https:\/\/graphimarket.com\/wp-content\/uploads\/2020\/10\/e5c59fd6-3d47-4866-8779-e5d2fd76fb09-600x400.jpg 600w\" sizes=\"(max-width: 1170px) 100vw, 1170px\" \/> <img decoding=\"async\" class=\"aligncenter wp-image-12007 size-full\" src=\"https:\/\/graphimarket.com\/wp-content\/uploads\/2020\/10\/e53945fa-a662-471d-9447-52986b1f7072.jpg\" alt=\"\" width=\"1370\" height=\"913\" srcset=\"https:\/\/graphimarket.com\/wp-content\/uploads\/2020\/10\/e53945fa-a662-471d-9447-52986b1f7072.jpg 1370w, https:\/\/graphimarket.com\/wp-content\/uploads\/2020\/10\/e53945fa-a662-471d-9447-52986b1f7072-300x200.jpg 300w, https:\/\/graphimarket.com\/wp-content\/uploads\/2020\/10\/e53945fa-a662-471d-9447-52986b1f7072-1024x682.jpg 1024w, https:\/\/graphimarket.com\/wp-content\/uploads\/2020\/10\/e53945fa-a662-471d-9447-52986b1f7072-768x512.jpg 768w, https:\/\/graphimarket.com\/wp-content\/uploads\/2020\/10\/e53945fa-a662-471d-9447-52986b1f7072-16x12.jpg 16w, https:\/\/graphimarket.com\/wp-content\/uploads\/2020\/10\/e53945fa-a662-471d-9447-52986b1f7072-1320x880.jpg 1320w, https:\/\/graphimarket.com\/wp-content\/uploads\/2020\/10\/e53945fa-a662-471d-9447-52986b1f7072-600x400.jpg 600w\" sizes=\"(max-width: 1370px) 100vw, 1370px\" \/> <img decoding=\"async\" class=\"aligncenter wp-image-12008 size-full\" src=\"https:\/\/graphimarket.com\/wp-content\/uploads\/2020\/10\/39f650f6-5b09-4400-b479-a54ea7a753e4.jpg\" alt=\"\" width=\"1170\" height=\"780\" srcset=\"https:\/\/graphimarket.com\/wp-content\/uploads\/2020\/10\/39f650f6-5b09-4400-b479-a54ea7a753e4.jpg 1170w, https:\/\/graphimarket.com\/wp-content\/uploads\/2020\/10\/39f650f6-5b09-4400-b479-a54ea7a753e4-300x200.jpg 300w, https:\/\/graphimarket.com\/wp-content\/uploads\/2020\/10\/39f650f6-5b09-4400-b479-a54ea7a753e4-1024x683.jpg 1024w, https:\/\/graphimarket.com\/wp-content\/uploads\/2020\/10\/39f650f6-5b09-4400-b479-a54ea7a753e4-768x512.jpg 768w, https:\/\/graphimarket.com\/wp-content\/uploads\/2020\/10\/39f650f6-5b09-4400-b479-a54ea7a753e4-16x12.jpg 16w, https:\/\/graphimarket.com\/wp-content\/uploads\/2020\/10\/39f650f6-5b09-4400-b479-a54ea7a753e4-600x400.jpg 600w\" sizes=\"(max-width: 1170px) 100vw, 1170px\" \/> <img loading=\"lazy\" decoding=\"async\" class=\"aligncenter wp-image-12009 size-full\" src=\"https:\/\/graphimarket.com\/wp-content\/uploads\/2020\/10\/030f6360-54ca-4a71-96b2-7c1b65447a59.jpg\" alt=\"\" width=\"1170\" height=\"780\" srcset=\"https:\/\/graphimarket.com\/wp-content\/uploads\/2020\/10\/030f6360-54ca-4a71-96b2-7c1b65447a59.jpg 1170w, https:\/\/graphimarket.com\/wp-content\/uploads\/2020\/10\/030f6360-54ca-4a71-96b2-7c1b65447a59-300x200.jpg 300w, https:\/\/graphimarket.com\/wp-content\/uploads\/2020\/10\/030f6360-54ca-4a71-96b2-7c1b65447a59-1024x683.jpg 1024w, https:\/\/graphimarket.com\/wp-content\/uploads\/2020\/10\/030f6360-54ca-4a71-96b2-7c1b65447a59-768x512.jpg 768w, https:\/\/graphimarket.com\/wp-content\/uploads\/2020\/10\/030f6360-54ca-4a71-96b2-7c1b65447a59-16x12.jpg 16w, https:\/\/graphimarket.com\/wp-content\/uploads\/2020\/10\/030f6360-54ca-4a71-96b2-7c1b65447a59-600x400.jpg 600w\" sizes=\"(max-width: 1170px) 100vw, 1170px\" \/> <img loading=\"lazy\" decoding=\"async\" class=\"aligncenter wp-image-12010 size-full\" src=\"https:\/\/graphimarket.com\/wp-content\/uploads\/2020\/10\/2300b9a9-720b-4200-8590-2e6f92856e6f.jpg\" alt=\"\" width=\"1170\" height=\"780\" srcset=\"https:\/\/graphimarket.com\/wp-content\/uploads\/2020\/10\/2300b9a9-720b-4200-8590-2e6f92856e6f.jpg 1170w, https:\/\/graphimarket.com\/wp-content\/uploads\/2020\/10\/2300b9a9-720b-4200-8590-2e6f92856e6f-300x200.jpg 300w, https:\/\/graphimarket.com\/wp-content\/uploads\/2020\/10\/2300b9a9-720b-4200-8590-2e6f92856e6f-1024x683.jpg 1024w, https:\/\/graphimarket.com\/wp-content\/uploads\/2020\/10\/2300b9a9-720b-4200-8590-2e6f92856e6f-768x512.jpg 768w, https:\/\/graphimarket.com\/wp-content\/uploads\/2020\/10\/2300b9a9-720b-4200-8590-2e6f92856e6f-16x12.jpg 16w, https:\/\/graphimarket.com\/wp-content\/uploads\/2020\/10\/2300b9a9-720b-4200-8590-2e6f92856e6f-600x400.jpg 600w\" sizes=\"(max-width: 1170px) 100vw, 1170px\" \/> <img loading=\"lazy\" decoding=\"async\" class=\"aligncenter wp-image-12011 size-full\" src=\"https:\/\/graphimarket.com\/wp-content\/uploads\/2020\/10\/d389be37-5eb9-43b3-a1ed-41c4f02cf2b3.jpg\" alt=\"\" width=\"1170\" height=\"780\" srcset=\"https:\/\/graphimarket.com\/wp-content\/uploads\/2020\/10\/d389be37-5eb9-43b3-a1ed-41c4f02cf2b3.jpg 1170w, https:\/\/graphimarket.com\/wp-content\/uploads\/2020\/10\/d389be37-5eb9-43b3-a1ed-41c4f02cf2b3-300x200.jpg 300w, https:\/\/graphimarket.com\/wp-content\/uploads\/2020\/10\/d389be37-5eb9-43b3-a1ed-41c4f02cf2b3-1024x683.jpg 1024w, https:\/\/graphimarket.com\/wp-content\/uploads\/2020\/10\/d389be37-5eb9-43b3-a1ed-41c4f02cf2b3-768x512.jpg 768w, https:\/\/graphimarket.com\/wp-content\/uploads\/2020\/10\/d389be37-5eb9-43b3-a1ed-41c4f02cf2b3-16x12.jpg 16w, https:\/\/graphimarket.com\/wp-content\/uploads\/2020\/10\/d389be37-5eb9-43b3-a1ed-41c4f02cf2b3-600x400.jpg 600w\" sizes=\"(max-width: 1170px) 100vw, 1170px\" \/><\/p>","protected":false},"excerpt":{"rendered":"<p>Vintage Menu Bundle Lily presents Vintage Menu Bundle Spesification : Menu and Restaurant Bundle features: Menu : A4 (8.27&#8243; x 11.69&#8243; inch) + bleed Flyer : A4 (8.27&#8243; x 11.69&#8243; inch) + bleed Trifold : (8.27&#8243; x 11.69&#8243; inch) + bleed Table Tent : 4&#8243; \u00d7 6&#8243; inch + bleed Gift Voucher : 8.5\u00d74 Inches [&hellip;]<\/p>\n","protected":false},"featured_media":12007,"comment_status":"open","ping_status":"closed","template":"","meta":{"site-sidebar-layout":"default","site-content-layout":"default","ast-site-content-layout":"default","site-content-style":"default","site-sidebar-style":"default","ast-global-header-display":"","ast-banner-title-visibility":"","ast-main-header-display":"","ast-hfb-above-header-display":"","ast-hfb-below-header-display":"","ast-hfb-mobile-header-display":"","site-post-title":"","ast-breadcrumbs-content":"","ast-featured-img":"","footer-sml-layout":"","ast-disable-related-posts":"","theme-transparent-header-meta":"default","adv-header-id-meta":"","stick-header-meta":"","header-above-stick-meta":"","header-main-stick-meta":"","header-below-stick-meta":"","astra-migrate-meta-layouts":"default","ast-page-background-enabled":"default","ast-page-background-meta":{"desktop":{"background-color":"","background-image":"","background-repeat":"repeat","background-position":"center center","background-size":"auto","background-attachment":"scroll","background-type":"","background-media":"","overlay-type":"","overlay-color":"","overlay-opacity":"","overlay-gradient":""},"tablet":{"background-color":"","background-image":"","background-repeat":"repeat","background-position":"center center","background-size":"auto","background-attachment":"scroll","background-type":"","background-media":"","overlay-type":"","overlay-color":"","overlay-opacity":"","overlay-gradient":""},"mobile":{"background-color":"","background-image":"","background-repeat":"repeat","background-position":"center center","background-size":"auto","background-attachment":"scroll","background-type":"","background-media":"","overlay-type":"","overlay-color":"","overlay-opacity":"","overlay-gradient":""}},"ast-content-background-meta":{"desktop":{"background-color":"var(--ast-global-color-5)","background-image":"","background-repeat":"repeat","background-position":"center center","background-size":"auto","background-attachment":"scroll","background-type":"","background-media":"","overlay-type":"","overlay-color":"","overlay-opacity":"","overlay-gradient":""},"tablet":{"background-color":"var(--ast-global-color-5)","background-image":"","background-repeat":"repeat","background-position":"center center","background-size":"auto","background-attachment":"scroll","background-type":"","background-media":"","overlay-type":"","overlay-color":"","overlay-opacity":"","overlay-gradient":""},"mobile":{"background-color":"var(--ast-global-color-5)","background-image":"","background-repeat":"repeat","background-position":"center center","background-size":"auto","background-attachment":"scroll","background-type":"","background-media":"","overlay-type":"","overlay-color":"","overlay-opacity":"","overlay-gradient":""}}},"product_brand":[],"product_cat":[1002,1609,193,46,698,139,195,168],"product_tag":[758,1539,1540,239,835,1541,59,1542,1446,422,277,60,1480,276],"class_list":{"0":"post-12005","1":"product","2":"type-product","3":"status-publish","4":"has-post-thumbnail","6":"product_cat-accessories","7":"product_cat-bundle","8":"product_cat-graphic-design","9":"product_cat-graphics","10":"product_cat-mockup","11":"product_cat-others","12":"product_cat-photoshop","13":"product_cat-templates","14":"product_tag-ad","15":"product_tag-bar","16":"product_tag-bifold","17":"product_tag-bundle","18":"product_tag-cafe","19":"product_tag-delicious","20":"product_tag-design","21":"product_tag-magaziine","22":"product_tag-menu","23":"product_tag-pack","24":"product_tag-retro","25":"product_tag-template","26":"product_tag-trifold","27":"product_tag-vintage","28":"desktop-align-left","29":"tablet-align-left","30":"mobile-align-left","32":"first","33":"instock","34":"sale","35":"downloadable","36":"virtual","37":"taxable","38":"purchasable","39":"product-type-simple"},"yoast_head":"<!-- This site is optimized with the Yoast SEO plugin v27.3 - https:\/\/yoast.com\/product\/yoast-seo-wordpress\/ -->\n<title>Vintage Menu Bundle - Graphimarket<\/title>\n<meta name=\"description\" content=\"Vintage Menu Bundle Lily presents Vintage Menu BundleSpesification :\" \/>\n<meta name=\"robots\" content=\"index, follow, max-snippet:-1, max-image-preview:large, max-video-preview:-1\" \/>\n<link rel=\"canonical\" href=\"https:\/\/graphimarket.com\/es\/prodotto\/vintage-menu-bundle\/\" \/>\n<meta property=\"og:locale\" content=\"es_ES\" \/>\n<meta property=\"og:type\" content=\"article\" \/>\n<meta property=\"og:title\" content=\"Vintage Menu Bundle - Graphimarket\" \/>\n<meta property=\"og:description\" content=\"Vintage Menu Bundle Lily presents Vintage Menu BundleSpesification :\" \/>\n<meta property=\"og:url\" content=\"https:\/\/graphimarket.com\/es\/prodotto\/vintage-menu-bundle\/\" \/>\n<meta property=\"og:site_name\" content=\"Graphimarket\" \/>\n<meta property=\"article:modified_time\" content=\"2022-12-19T08:44:09+00:00\" \/>\n<meta property=\"og:image\" content=\"https:\/\/graphimarket.com\/wp-content\/uploads\/2020\/10\/e53945fa-a662-471d-9447-52986b1f7072.jpg\" \/>\n\t<meta property=\"og:image:width\" content=\"1370\" \/>\n\t<meta property=\"og:image:height\" content=\"913\" \/>\n\t<meta property=\"og:image:type\" content=\"image\/jpeg\" \/>\n<meta name=\"twitter:card\" content=\"summary_large_image\" \/>\n<script type=\"application\/ld+json\" class=\"yoast-schema-graph\">{\"@context\":\"https:\\\/\\\/schema.org\",\"@graph\":[{\"@type\":\"WebPage\",\"@id\":\"https:\\\/\\\/graphimarket.com\\\/it\\\/prodotto\\\/vintage-menu-bundle\\\/\",\"url\":\"https:\\\/\\\/graphimarket.com\\\/it\\\/prodotto\\\/vintage-menu-bundle\\\/\",\"name\":\"Vintage Menu Bundle - Graphimarket\",\"isPartOf\":{\"@id\":\"https:\\\/\\\/graphimarket.com\\\/fr\\\/#website\"},\"primaryImageOfPage\":{\"@id\":\"https:\\\/\\\/graphimarket.com\\\/it\\\/prodotto\\\/vintage-menu-bundle\\\/#primaryimage\"},\"image\":{\"@id\":\"https:\\\/\\\/graphimarket.com\\\/it\\\/prodotto\\\/vintage-menu-bundle\\\/#primaryimage\"},\"thumbnailUrl\":\"https:\\\/\\\/graphimarket.com\\\/wp-content\\\/uploads\\\/2020\\\/10\\\/e53945fa-a662-471d-9447-52986b1f7072.jpg\",\"datePublished\":\"2020-10-12T15:50:54+00:00\",\"dateModified\":\"2022-12-19T08:44:09+00:00\",\"description\":\"Vintage Menu Bundle Lily presents Vintage Menu BundleSpesification :\",\"breadcrumb\":{\"@id\":\"https:\\\/\\\/graphimarket.com\\\/it\\\/prodotto\\\/vintage-menu-bundle\\\/#breadcrumb\"},\"inLanguage\":\"es-ES\",\"potentialAction\":[{\"@type\":\"ReadAction\",\"target\":[\"https:\\\/\\\/graphimarket.com\\\/it\\\/prodotto\\\/vintage-menu-bundle\\\/\"]}]},{\"@type\":\"ImageObject\",\"inLanguage\":\"es-ES\",\"@id\":\"https:\\\/\\\/graphimarket.com\\\/it\\\/prodotto\\\/vintage-menu-bundle\\\/#primaryimage\",\"url\":\"https:\\\/\\\/graphimarket.com\\\/wp-content\\\/uploads\\\/2020\\\/10\\\/e53945fa-a662-471d-9447-52986b1f7072.jpg\",\"contentUrl\":\"https:\\\/\\\/graphimarket.com\\\/wp-content\\\/uploads\\\/2020\\\/10\\\/e53945fa-a662-471d-9447-52986b1f7072.jpg\",\"width\":1370,\"height\":913},{\"@type\":\"BreadcrumbList\",\"@id\":\"https:\\\/\\\/graphimarket.com\\\/it\\\/prodotto\\\/vintage-menu-bundle\\\/#breadcrumb\",\"itemListElement\":[{\"@type\":\"ListItem\",\"position\":1,\"name\":\"Home\",\"item\":\"https:\\\/\\\/graphimarket.com\\\/es\\\/\"},{\"@type\":\"ListItem\",\"position\":2,\"name\":\"Store\",\"item\":\"https:\\\/\\\/graphimarket.com\\\/store\\\/\"},{\"@type\":\"ListItem\",\"position\":3,\"name\":\"Vintage Menu Bundle\"}]},{\"@type\":\"WebSite\",\"@id\":\"https:\\\/\\\/graphimarket.com\\\/fr\\\/#website\",\"url\":\"https:\\\/\\\/graphimarket.com\\\/fr\\\/\",\"name\":\"Graphimarket\",\"description\":\"Find the perfect creative asset to bring your project to life\",\"publisher\":{\"@id\":\"https:\\\/\\\/graphimarket.com\\\/fr\\\/#organization\"},\"potentialAction\":[{\"@type\":\"SearchAction\",\"target\":{\"@type\":\"EntryPoint\",\"urlTemplate\":\"https:\\\/\\\/graphimarket.com\\\/fr\\\/?s={search_term_string}\"},\"query-input\":{\"@type\":\"PropertyValueSpecification\",\"valueRequired\":true,\"valueName\":\"search_term_string\"}}],\"inLanguage\":\"es-ES\"},{\"@type\":\"Organization\",\"@id\":\"https:\\\/\\\/graphimarket.com\\\/fr\\\/#organization\",\"name\":\"Graphimarket\",\"url\":\"https:\\\/\\\/graphimarket.com\\\/fr\\\/\",\"logo\":{\"@type\":\"ImageObject\",\"inLanguage\":\"es-ES\",\"@id\":\"https:\\\/\\\/graphimarket.com\\\/fr\\\/#\\\/schema\\\/logo\\\/image\\\/\",\"url\":\"https:\\\/\\\/graphimarket.com\\\/wp-content\\\/uploads\\\/2020\\\/08\\\/logo-48.png\",\"contentUrl\":\"https:\\\/\\\/graphimarket.com\\\/wp-content\\\/uploads\\\/2020\\\/08\\\/logo-48.png\",\"width\":132,\"height\":48,\"caption\":\"Graphimarket\"},\"image\":{\"@id\":\"https:\\\/\\\/graphimarket.com\\\/fr\\\/#\\\/schema\\\/logo\\\/image\\\/\"}}]}<\/script>\n<!-- \/ Yoast SEO plugin. -->","yoast_head_json":{"title":"Paquete de men\u00fa vintage - Graphimarket","description":"Paquete de men\u00fa vintage Lily presenta Paquete de men\u00fa vintage","robots":{"index":"index","follow":"follow","max-snippet":"max-snippet:-1","max-image-preview":"max-image-preview:large","max-video-preview":"max-video-preview:-1"},"canonical":"https:\/\/graphimarket.com\/es\/prodotto\/vintage-menu-bundle\/","og_locale":"es_ES","og_type":"article","og_title":"Vintage Menu Bundle - Graphimarket","og_description":"Vintage Menu Bundle Lily presents Vintage Menu BundleSpesification :","og_url":"https:\/\/graphimarket.com\/es\/prodotto\/vintage-menu-bundle\/","og_site_name":"Graphimarket","article_modified_time":"2022-12-19T08:44:09+00:00","og_image":[{"width":1370,"height":913,"url":"https:\/\/graphimarket.com\/wp-content\/uploads\/2020\/10\/e53945fa-a662-471d-9447-52986b1f7072.jpg","type":"image\/jpeg"}],"twitter_card":"summary_large_image","schema":{"@context":"https:\/\/schema.org","@graph":[{"@type":"WebPage","@id":"https:\/\/graphimarket.com\/it\/prodotto\/vintage-menu-bundle\/","url":"https:\/\/graphimarket.com\/it\/prodotto\/vintage-menu-bundle\/","name":"Paquete de men\u00fa vintage - Graphimarket","isPartOf":{"@id":"https:\/\/graphimarket.com\/fr\/#website"},"primaryImageOfPage":{"@id":"https:\/\/graphimarket.com\/it\/prodotto\/vintage-menu-bundle\/#primaryimage"},"image":{"@id":"https:\/\/graphimarket.com\/it\/prodotto\/vintage-menu-bundle\/#primaryimage"},"thumbnailUrl":"https:\/\/graphimarket.com\/wp-content\/uploads\/2020\/10\/e53945fa-a662-471d-9447-52986b1f7072.jpg","datePublished":"2020-10-12T15:50:54+00:00","dateModified":"2022-12-19T08:44:09+00:00","description":"Paquete de men\u00fa vintage Lily presenta Paquete de men\u00fa vintage","breadcrumb":{"@id":"https:\/\/graphimarket.com\/it\/prodotto\/vintage-menu-bundle\/#breadcrumb"},"inLanguage":"es-ES","potentialAction":[{"@type":"ReadAction","target":["https:\/\/graphimarket.com\/it\/prodotto\/vintage-menu-bundle\/"]}]},{"@type":"ImageObject","inLanguage":"es-ES","@id":"https:\/\/graphimarket.com\/it\/prodotto\/vintage-menu-bundle\/#primaryimage","url":"https:\/\/graphimarket.com\/wp-content\/uploads\/2020\/10\/e53945fa-a662-471d-9447-52986b1f7072.jpg","contentUrl":"https:\/\/graphimarket.com\/wp-content\/uploads\/2020\/10\/e53945fa-a662-471d-9447-52986b1f7072.jpg","width":1370,"height":913},{"@type":"BreadcrumbList","@id":"https:\/\/graphimarket.com\/it\/prodotto\/vintage-menu-bundle\/#breadcrumb","itemListElement":[{"@type":"ListItem","position":1,"name":"Home","item":"https:\/\/graphimarket.com\/es\/"},{"@type":"ListItem","position":2,"name":"Store","item":"https:\/\/graphimarket.com\/store\/"},{"@type":"ListItem","position":3,"name":"Vintage Menu Bundle"}]},{"@type":"WebSite","@id":"https:\/\/graphimarket.com\/fr\/#website","url":"https:\/\/graphimarket.com\/fr\/","name":"Graphimarket","description":"Encuentre el activo creativo perfecto para darle vida a su proyecto","publisher":{"@id":"https:\/\/graphimarket.com\/fr\/#organization"},"potentialAction":[{"@type":"SearchAction","target":{"@type":"EntryPoint","urlTemplate":"https:\/\/graphimarket.com\/fr\/?s={search_term_string}"},"query-input":{"@type":"PropertyValueSpecification","valueRequired":true,"valueName":"search_term_string"}}],"inLanguage":"es-ES"},{"@type":"Organization","@id":"https:\/\/graphimarket.com\/fr\/#organization","name":"Graphimarket","url":"https:\/\/graphimarket.com\/fr\/","logo":{"@type":"ImageObject","inLanguage":"es-ES","@id":"https:\/\/graphimarket.com\/fr\/#\/schema\/logo\/image\/","url":"https:\/\/graphimarket.com\/wp-content\/uploads\/2020\/08\/logo-48.png","contentUrl":"https:\/\/graphimarket.com\/wp-content\/uploads\/2020\/08\/logo-48.png","width":132,"height":48,"caption":"Graphimarket"},"image":{"@id":"https:\/\/graphimarket.com\/fr\/#\/schema\/logo\/image\/"}}]}},"_links":{"self":[{"href":"https:\/\/graphimarket.com\/es\/wp-json\/wp\/v2\/product\/12005","targetHints":{"allow":["GET"]}}],"collection":[{"href":"https:\/\/graphimarket.com\/es\/wp-json\/wp\/v2\/product"}],"about":[{"href":"https:\/\/graphimarket.com\/es\/wp-json\/wp\/v2\/types\/product"}],"replies":[{"embeddable":true,"href":"https:\/\/graphimarket.com\/es\/wp-json\/wp\/v2\/comments?post=12005"}],"version-history":[{"count":0,"href":"https:\/\/graphimarket.com\/es\/wp-json\/wp\/v2\/product\/12005\/revisions"}],"wp:featuredmedia":[{"embeddable":true,"href":"https:\/\/graphimarket.com\/es\/wp-json\/wp\/v2\/media\/12007"}],"wp:attachment":[{"href":"https:\/\/graphimarket.com\/es\/wp-json\/wp\/v2\/media?parent=12005"}],"wp:term":[{"taxonomy":"product_brand","embeddable":true,"href":"https:\/\/graphimarket.com\/es\/wp-json\/wp\/v2\/product_brand?post=12005"},{"taxonomy":"product_cat","embeddable":true,"href":"https:\/\/graphimarket.com\/es\/wp-json\/wp\/v2\/product_cat?post=12005"},{"taxonomy":"product_tag","embeddable":true,"href":"https:\/\/graphimarket.com\/es\/wp-json\/wp\/v2\/product_tag?post=12005"}],"curies":[{"name":"wp","href":"https:\/\/api.w.org\/{rel}","templated":true}]}}