{"id":12178,"date":"2020-10-13T15:28:05","date_gmt":"2020-10-13T13:28:05","guid":{"rendered":"https:\/\/graphimarket.com\/?post_type=product&#038;p=12178"},"modified":"2022-12-19T09:39:03","modified_gmt":"2022-12-19T08:39:03","slug":"vintage-single-page-menu-bundle","status":"publish","type":"product","link":"https:\/\/graphimarket.com\/es\/product\/vintage-single-page-menu-bundle\/","title":{"rendered":"Paquete de men\u00fa vintage de una sola p\u00e1gina"},"content":{"rendered":"<p>Paquete de men\u00fa vintage de una sola p\u00e1gina<\/p>\n<p>Food Menu Bundle. This designs are perfectly Suitable for any Restaurant. Easy to edit fully adobe Photoshop format.<\/p>\n<p><strong>Features A4 &amp; US Letter Single Page<\/strong><\/p>\n<ul>\n<li>A4 with bleed area and safety zone<\/li>\n<li>Capas altamente organizadas (etiquetadas y agrupadas)<\/li>\n<li>F\u00e1cil de personalizar y cambiar la foto a trav\u00e9s de un objeto inteligente<\/li>\n<li>300 ppp de alta resoluci\u00f3n<\/li>\n<li>Modo de color CMYK<\/li>\n<li>Formato listo para imprimir<\/li>\n<li>Archivo PDF de ayuda<\/li>\n<\/ul>\n<p><img fetchpriority=\"high\" decoding=\"async\" class=\"aligncenter wp-image-12179 size-full\" src=\"https:\/\/graphimarket.com\/wp-content\/uploads\/2020\/10\/4561a545-3b4e-4a1c-bda0-5c114636d7b9.jpg\" alt=\"\" width=\"1170\" height=\"780\" srcset=\"https:\/\/graphimarket.com\/wp-content\/uploads\/2020\/10\/4561a545-3b4e-4a1c-bda0-5c114636d7b9.jpg 1170w, https:\/\/graphimarket.com\/wp-content\/uploads\/2020\/10\/4561a545-3b4e-4a1c-bda0-5c114636d7b9-300x200.jpg 300w, https:\/\/graphimarket.com\/wp-content\/uploads\/2020\/10\/4561a545-3b4e-4a1c-bda0-5c114636d7b9-1024x683.jpg 1024w, https:\/\/graphimarket.com\/wp-content\/uploads\/2020\/10\/4561a545-3b4e-4a1c-bda0-5c114636d7b9-768x512.jpg 768w, https:\/\/graphimarket.com\/wp-content\/uploads\/2020\/10\/4561a545-3b4e-4a1c-bda0-5c114636d7b9-16x12.jpg 16w, https:\/\/graphimarket.com\/wp-content\/uploads\/2020\/10\/4561a545-3b4e-4a1c-bda0-5c114636d7b9-600x400.jpg 600w\" sizes=\"(max-width: 1170px) 100vw, 1170px\" \/> <img decoding=\"async\" class=\"aligncenter wp-image-12180 size-full\" src=\"https:\/\/graphimarket.com\/wp-content\/uploads\/2020\/10\/d3885262-ffce-4683-8b9c-a4e04e2644f4.jpg\" alt=\"\" width=\"1170\" height=\"780\" srcset=\"https:\/\/graphimarket.com\/wp-content\/uploads\/2020\/10\/d3885262-ffce-4683-8b9c-a4e04e2644f4.jpg 1170w, https:\/\/graphimarket.com\/wp-content\/uploads\/2020\/10\/d3885262-ffce-4683-8b9c-a4e04e2644f4-300x200.jpg 300w, https:\/\/graphimarket.com\/wp-content\/uploads\/2020\/10\/d3885262-ffce-4683-8b9c-a4e04e2644f4-1024x683.jpg 1024w, https:\/\/graphimarket.com\/wp-content\/uploads\/2020\/10\/d3885262-ffce-4683-8b9c-a4e04e2644f4-768x512.jpg 768w, https:\/\/graphimarket.com\/wp-content\/uploads\/2020\/10\/d3885262-ffce-4683-8b9c-a4e04e2644f4-16x12.jpg 16w, https:\/\/graphimarket.com\/wp-content\/uploads\/2020\/10\/d3885262-ffce-4683-8b9c-a4e04e2644f4-600x400.jpg 600w\" sizes=\"(max-width: 1170px) 100vw, 1170px\" \/> <img decoding=\"async\" class=\"aligncenter wp-image-12181 size-full\" src=\"https:\/\/graphimarket.com\/wp-content\/uploads\/2020\/10\/fc05ad93-af7b-40b9-bb8a-42d933fb69e8.jpg\" alt=\"\" width=\"1170\" height=\"780\" srcset=\"https:\/\/graphimarket.com\/wp-content\/uploads\/2020\/10\/fc05ad93-af7b-40b9-bb8a-42d933fb69e8.jpg 1170w, https:\/\/graphimarket.com\/wp-content\/uploads\/2020\/10\/fc05ad93-af7b-40b9-bb8a-42d933fb69e8-300x200.jpg 300w, https:\/\/graphimarket.com\/wp-content\/uploads\/2020\/10\/fc05ad93-af7b-40b9-bb8a-42d933fb69e8-1024x683.jpg 1024w, https:\/\/graphimarket.com\/wp-content\/uploads\/2020\/10\/fc05ad93-af7b-40b9-bb8a-42d933fb69e8-768x512.jpg 768w, https:\/\/graphimarket.com\/wp-content\/uploads\/2020\/10\/fc05ad93-af7b-40b9-bb8a-42d933fb69e8-16x12.jpg 16w, https:\/\/graphimarket.com\/wp-content\/uploads\/2020\/10\/fc05ad93-af7b-40b9-bb8a-42d933fb69e8-600x400.jpg 600w\" sizes=\"(max-width: 1170px) 100vw, 1170px\" \/> <img loading=\"lazy\" decoding=\"async\" class=\"aligncenter wp-image-12182 size-full\" src=\"https:\/\/graphimarket.com\/wp-content\/uploads\/2020\/10\/5f7eb21f-8a30-4aee-af51-aaa05a2cd8d1.jpg\" alt=\"\" width=\"1170\" height=\"780\" srcset=\"https:\/\/graphimarket.com\/wp-content\/uploads\/2020\/10\/5f7eb21f-8a30-4aee-af51-aaa05a2cd8d1.jpg 1170w, https:\/\/graphimarket.com\/wp-content\/uploads\/2020\/10\/5f7eb21f-8a30-4aee-af51-aaa05a2cd8d1-300x200.jpg 300w, https:\/\/graphimarket.com\/wp-content\/uploads\/2020\/10\/5f7eb21f-8a30-4aee-af51-aaa05a2cd8d1-1024x683.jpg 1024w, https:\/\/graphimarket.com\/wp-content\/uploads\/2020\/10\/5f7eb21f-8a30-4aee-af51-aaa05a2cd8d1-768x512.jpg 768w, https:\/\/graphimarket.com\/wp-content\/uploads\/2020\/10\/5f7eb21f-8a30-4aee-af51-aaa05a2cd8d1-16x12.jpg 16w, https:\/\/graphimarket.com\/wp-content\/uploads\/2020\/10\/5f7eb21f-8a30-4aee-af51-aaa05a2cd8d1-600x400.jpg 600w\" sizes=\"(max-width: 1170px) 100vw, 1170px\" \/> <img loading=\"lazy\" decoding=\"async\" class=\"aligncenter wp-image-12183 size-full\" src=\"https:\/\/graphimarket.com\/wp-content\/uploads\/2020\/10\/92e63411-0242-4f55-9f1a-ceb9f61fd975.jpg\" alt=\"\" width=\"1170\" height=\"780\" srcset=\"https:\/\/graphimarket.com\/wp-content\/uploads\/2020\/10\/92e63411-0242-4f55-9f1a-ceb9f61fd975.jpg 1170w, https:\/\/graphimarket.com\/wp-content\/uploads\/2020\/10\/92e63411-0242-4f55-9f1a-ceb9f61fd975-300x200.jpg 300w, https:\/\/graphimarket.com\/wp-content\/uploads\/2020\/10\/92e63411-0242-4f55-9f1a-ceb9f61fd975-1024x683.jpg 1024w, https:\/\/graphimarket.com\/wp-content\/uploads\/2020\/10\/92e63411-0242-4f55-9f1a-ceb9f61fd975-768x512.jpg 768w, https:\/\/graphimarket.com\/wp-content\/uploads\/2020\/10\/92e63411-0242-4f55-9f1a-ceb9f61fd975-16x12.jpg 16w, https:\/\/graphimarket.com\/wp-content\/uploads\/2020\/10\/92e63411-0242-4f55-9f1a-ceb9f61fd975-600x400.jpg 600w\" sizes=\"(max-width: 1170px) 100vw, 1170px\" \/> <img loading=\"lazy\" decoding=\"async\" class=\"aligncenter wp-image-12184 size-full\" src=\"https:\/\/graphimarket.com\/wp-content\/uploads\/2020\/10\/2533c2e6-671a-4677-87b4-cc2f86345c13.jpg\" alt=\"\" width=\"1170\" height=\"780\" srcset=\"https:\/\/graphimarket.com\/wp-content\/uploads\/2020\/10\/2533c2e6-671a-4677-87b4-cc2f86345c13.jpg 1170w, https:\/\/graphimarket.com\/wp-content\/uploads\/2020\/10\/2533c2e6-671a-4677-87b4-cc2f86345c13-300x200.jpg 300w, https:\/\/graphimarket.com\/wp-content\/uploads\/2020\/10\/2533c2e6-671a-4677-87b4-cc2f86345c13-1024x683.jpg 1024w, https:\/\/graphimarket.com\/wp-content\/uploads\/2020\/10\/2533c2e6-671a-4677-87b4-cc2f86345c13-768x512.jpg 768w, https:\/\/graphimarket.com\/wp-content\/uploads\/2020\/10\/2533c2e6-671a-4677-87b4-cc2f86345c13-16x12.jpg 16w, https:\/\/graphimarket.com\/wp-content\/uploads\/2020\/10\/2533c2e6-671a-4677-87b4-cc2f86345c13-600x400.jpg 600w\" sizes=\"(max-width: 1170px) 100vw, 1170px\" \/><\/p>","protected":false},"excerpt":{"rendered":"<p>Vintage Single Page Menu Bundle Food Menu Bundle. This designs are perfectly Suitable for any Restaurant. Easy to edit fully adobe Photoshop format. Features A4 &amp; US Letter Single Page A4 with bleed area and safety zone Highly Organized Layers (Labeled &amp; grouped) Easy to customize &amp; change photo via smart object 300 DPI High [&hellip;]<\/p>\n","protected":false},"featured_media":12182,"comment_status":"open","ping_status":"closed","template":"","meta":{"site-sidebar-layout":"default","site-content-layout":"default","ast-site-content-layout":"default","site-content-style":"default","site-sidebar-style":"default","ast-global-header-display":"","ast-banner-title-visibility":"","ast-main-header-display":"","ast-hfb-above-header-display":"","ast-hfb-below-header-display":"","ast-hfb-mobile-header-display":"","site-post-title":"","ast-breadcrumbs-content":"","ast-featured-img":"","footer-sml-layout":"","ast-disable-related-posts":"","theme-transparent-header-meta":"default","adv-header-id-meta":"","stick-header-meta":"","header-above-stick-meta":"","header-main-stick-meta":"","header-below-stick-meta":"","astra-migrate-meta-layouts":"default","ast-page-background-enabled":"default","ast-page-background-meta":{"desktop":{"background-color":"","background-image":"","background-repeat":"repeat","background-position":"center center","background-size":"auto","background-attachment":"scroll","background-type":"","background-media":"","overlay-type":"","overlay-color":"","overlay-opacity":"","overlay-gradient":""},"tablet":{"background-color":"","background-image":"","background-repeat":"repeat","background-position":"center center","background-size":"auto","background-attachment":"scroll","background-type":"","background-media":"","overlay-type":"","overlay-color":"","overlay-opacity":"","overlay-gradient":""},"mobile":{"background-color":"","background-image":"","background-repeat":"repeat","background-position":"center center","background-size":"auto","background-attachment":"scroll","background-type":"","background-media":"","overlay-type":"","overlay-color":"","overlay-opacity":"","overlay-gradient":""}},"ast-content-background-meta":{"desktop":{"background-color":"var(--ast-global-color-5)","background-image":"","background-repeat":"repeat","background-position":"center center","background-size":"auto","background-attachment":"scroll","background-type":"","background-media":"","overlay-type":"","overlay-color":"","overlay-opacity":"","overlay-gradient":""},"tablet":{"background-color":"var(--ast-global-color-5)","background-image":"","background-repeat":"repeat","background-position":"center center","background-size":"auto","background-attachment":"scroll","background-type":"","background-media":"","overlay-type":"","overlay-color":"","overlay-opacity":"","overlay-gradient":""},"mobile":{"background-color":"var(--ast-global-color-5)","background-image":"","background-repeat":"repeat","background-position":"center center","background-size":"auto","background-attachment":"scroll","background-type":"","background-media":"","overlay-type":"","overlay-color":"","overlay-opacity":"","overlay-gradient":""}}},"product_brand":[],"product_cat":[1002,1609,193,46,698,195,168],"product_tag":[795,1446,1447,277,1137,227,60,276,604],"class_list":{"0":"post-12178","1":"product","2":"type-product","3":"status-publish","4":"has-post-thumbnail","6":"product_cat-accessories","7":"product_cat-bundle","8":"product_cat-graphic-design","9":"product_cat-graphics","10":"product_cat-mockup","11":"product_cat-photoshop","12":"product_cat-templates","13":"product_tag-food","14":"product_tag-menu","15":"product_tag-restaurant","16":"product_tag-retro","17":"product_tag-rustic","18":"product_tag-style","19":"product_tag-template","20":"product_tag-vintage","21":"product_tag-white","22":"desktop-align-left","23":"tablet-align-left","24":"mobile-align-left","26":"first","27":"instock","28":"sale","29":"downloadable","30":"virtual","31":"taxable","32":"purchasable","33":"product-type-simple"},"yoast_head":"<!-- This site is optimized with the Yoast SEO plugin v27.3 - https:\/\/yoast.com\/product\/yoast-seo-wordpress\/ -->\n<title>Vintage Single Page Menu Bundle - Graphimarket<\/title>\n<meta name=\"description\" content=\"Vintage Single Page Menu Bundle Food Menu Bundle. This designs are perfectly Suitable for any Restaurant. Easy to edit fully adobe...\" \/>\n<meta name=\"robots\" content=\"index, follow, max-snippet:-1, max-image-preview:large, max-video-preview:-1\" \/>\n<link rel=\"canonical\" href=\"https:\/\/graphimarket.com\/es\/product\/vintage-single-page-menu-bundle\/\" \/>\n<meta property=\"og:locale\" content=\"es_ES\" \/>\n<meta property=\"og:type\" content=\"article\" \/>\n<meta property=\"og:title\" content=\"Vintage Single Page Menu Bundle - Graphimarket\" \/>\n<meta property=\"og:description\" content=\"Vintage Single Page Menu Bundle Food Menu Bundle. This designs are perfectly Suitable for any Restaurant. Easy to edit fully adobe...\" \/>\n<meta property=\"og:url\" content=\"https:\/\/graphimarket.com\/es\/product\/vintage-single-page-menu-bundle\/\" \/>\n<meta property=\"og:site_name\" content=\"Graphimarket\" \/>\n<meta property=\"article:modified_time\" content=\"2022-12-19T08:39:03+00:00\" \/>\n<meta property=\"og:image\" content=\"https:\/\/graphimarket.com\/wp-content\/uploads\/2020\/10\/5f7eb21f-8a30-4aee-af51-aaa05a2cd8d1.jpg\" \/>\n\t<meta property=\"og:image:width\" content=\"1170\" \/>\n\t<meta property=\"og:image:height\" content=\"780\" \/>\n\t<meta property=\"og:image:type\" content=\"image\/jpeg\" \/>\n<meta name=\"twitter:card\" content=\"summary_large_image\" \/>\n<script type=\"application\/ld+json\" class=\"yoast-schema-graph\">{\"@context\":\"https:\\\/\\\/schema.org\",\"@graph\":[{\"@type\":\"WebPage\",\"@id\":\"https:\\\/\\\/graphimarket.com\\\/product\\\/vintage-single-page-menu-bundle\\\/\",\"url\":\"https:\\\/\\\/graphimarket.com\\\/product\\\/vintage-single-page-menu-bundle\\\/\",\"name\":\"Vintage Single Page Menu Bundle - Graphimarket\",\"isPartOf\":{\"@id\":\"https:\\\/\\\/graphimarket.com\\\/fr\\\/#website\"},\"primaryImageOfPage\":{\"@id\":\"https:\\\/\\\/graphimarket.com\\\/product\\\/vintage-single-page-menu-bundle\\\/#primaryimage\"},\"image\":{\"@id\":\"https:\\\/\\\/graphimarket.com\\\/product\\\/vintage-single-page-menu-bundle\\\/#primaryimage\"},\"thumbnailUrl\":\"https:\\\/\\\/graphimarket.com\\\/wp-content\\\/uploads\\\/2020\\\/10\\\/5f7eb21f-8a30-4aee-af51-aaa05a2cd8d1.jpg\",\"datePublished\":\"2020-10-13T13:28:05+00:00\",\"dateModified\":\"2022-12-19T08:39:03+00:00\",\"description\":\"Vintage Single Page Menu Bundle Food Menu Bundle. This designs are perfectly Suitable for any Restaurant. Easy to edit fully adobe...\",\"breadcrumb\":{\"@id\":\"https:\\\/\\\/graphimarket.com\\\/product\\\/vintage-single-page-menu-bundle\\\/#breadcrumb\"},\"inLanguage\":\"es-ES\",\"potentialAction\":[{\"@type\":\"ReadAction\",\"target\":[\"https:\\\/\\\/graphimarket.com\\\/product\\\/vintage-single-page-menu-bundle\\\/\"]}]},{\"@type\":\"ImageObject\",\"inLanguage\":\"es-ES\",\"@id\":\"https:\\\/\\\/graphimarket.com\\\/product\\\/vintage-single-page-menu-bundle\\\/#primaryimage\",\"url\":\"https:\\\/\\\/graphimarket.com\\\/wp-content\\\/uploads\\\/2020\\\/10\\\/5f7eb21f-8a30-4aee-af51-aaa05a2cd8d1.jpg\",\"contentUrl\":\"https:\\\/\\\/graphimarket.com\\\/wp-content\\\/uploads\\\/2020\\\/10\\\/5f7eb21f-8a30-4aee-af51-aaa05a2cd8d1.jpg\",\"width\":1170,\"height\":780},{\"@type\":\"BreadcrumbList\",\"@id\":\"https:\\\/\\\/graphimarket.com\\\/product\\\/vintage-single-page-menu-bundle\\\/#breadcrumb\",\"itemListElement\":[{\"@type\":\"ListItem\",\"position\":1,\"name\":\"Home\",\"item\":\"https:\\\/\\\/graphimarket.com\\\/es\\\/\"},{\"@type\":\"ListItem\",\"position\":2,\"name\":\"Store\",\"item\":\"https:\\\/\\\/graphimarket.com\\\/store\\\/\"},{\"@type\":\"ListItem\",\"position\":3,\"name\":\"Vintage Single Page Menu Bundle\"}]},{\"@type\":\"WebSite\",\"@id\":\"https:\\\/\\\/graphimarket.com\\\/fr\\\/#website\",\"url\":\"https:\\\/\\\/graphimarket.com\\\/fr\\\/\",\"name\":\"Graphimarket\",\"description\":\"Find the perfect creative asset to bring your project to life\",\"publisher\":{\"@id\":\"https:\\\/\\\/graphimarket.com\\\/fr\\\/#organization\"},\"potentialAction\":[{\"@type\":\"SearchAction\",\"target\":{\"@type\":\"EntryPoint\",\"urlTemplate\":\"https:\\\/\\\/graphimarket.com\\\/fr\\\/?s={search_term_string}\"},\"query-input\":{\"@type\":\"PropertyValueSpecification\",\"valueRequired\":true,\"valueName\":\"search_term_string\"}}],\"inLanguage\":\"es-ES\"},{\"@type\":\"Organization\",\"@id\":\"https:\\\/\\\/graphimarket.com\\\/fr\\\/#organization\",\"name\":\"Graphimarket\",\"url\":\"https:\\\/\\\/graphimarket.com\\\/fr\\\/\",\"logo\":{\"@type\":\"ImageObject\",\"inLanguage\":\"es-ES\",\"@id\":\"https:\\\/\\\/graphimarket.com\\\/fr\\\/#\\\/schema\\\/logo\\\/image\\\/\",\"url\":\"https:\\\/\\\/graphimarket.com\\\/wp-content\\\/uploads\\\/2020\\\/08\\\/logo-48.png\",\"contentUrl\":\"https:\\\/\\\/graphimarket.com\\\/wp-content\\\/uploads\\\/2020\\\/08\\\/logo-48.png\",\"width\":132,\"height\":48,\"caption\":\"Graphimarket\"},\"image\":{\"@id\":\"https:\\\/\\\/graphimarket.com\\\/fr\\\/#\\\/schema\\\/logo\\\/image\\\/\"}}]}<\/script>\n<!-- \/ Yoast SEO plugin. -->","yoast_head_json":{"title":"Vintage Single Page Menu Bundle - Graphimarket","description":"Vintage Single Page Menu Bundle Food Menu Bundle. This designs are perfectly Suitable for any Restaurant. Easy to edit fully adobe...","robots":{"index":"index","follow":"follow","max-snippet":"max-snippet:-1","max-image-preview":"max-image-preview:large","max-video-preview":"max-video-preview:-1"},"canonical":"https:\/\/graphimarket.com\/es\/product\/vintage-single-page-menu-bundle\/","og_locale":"es_ES","og_type":"article","og_title":"Vintage Single Page Menu Bundle - Graphimarket","og_description":"Vintage Single Page Menu Bundle Food Menu Bundle. This designs are perfectly Suitable for any Restaurant. Easy to edit fully adobe...","og_url":"https:\/\/graphimarket.com\/es\/product\/vintage-single-page-menu-bundle\/","og_site_name":"Graphimarket","article_modified_time":"2022-12-19T08:39:03+00:00","og_image":[{"width":1170,"height":780,"url":"https:\/\/graphimarket.com\/wp-content\/uploads\/2020\/10\/5f7eb21f-8a30-4aee-af51-aaa05a2cd8d1.jpg","type":"image\/jpeg"}],"twitter_card":"summary_large_image","schema":{"@context":"https:\/\/schema.org","@graph":[{"@type":"WebPage","@id":"https:\/\/graphimarket.com\/product\/vintage-single-page-menu-bundle\/","url":"https:\/\/graphimarket.com\/product\/vintage-single-page-menu-bundle\/","name":"Vintage Single Page Menu Bundle - Graphimarket","isPartOf":{"@id":"https:\/\/graphimarket.com\/fr\/#website"},"primaryImageOfPage":{"@id":"https:\/\/graphimarket.com\/product\/vintage-single-page-menu-bundle\/#primaryimage"},"image":{"@id":"https:\/\/graphimarket.com\/product\/vintage-single-page-menu-bundle\/#primaryimage"},"thumbnailUrl":"https:\/\/graphimarket.com\/wp-content\/uploads\/2020\/10\/5f7eb21f-8a30-4aee-af51-aaa05a2cd8d1.jpg","datePublished":"2020-10-13T13:28:05+00:00","dateModified":"2022-12-19T08:39:03+00:00","description":"Vintage Single Page Menu Bundle Food Menu Bundle. This designs are perfectly Suitable for any Restaurant. Easy to edit fully adobe...","breadcrumb":{"@id":"https:\/\/graphimarket.com\/product\/vintage-single-page-menu-bundle\/#breadcrumb"},"inLanguage":"es-ES","potentialAction":[{"@type":"ReadAction","target":["https:\/\/graphimarket.com\/product\/vintage-single-page-menu-bundle\/"]}]},{"@type":"ImageObject","inLanguage":"es-ES","@id":"https:\/\/graphimarket.com\/product\/vintage-single-page-menu-bundle\/#primaryimage","url":"https:\/\/graphimarket.com\/wp-content\/uploads\/2020\/10\/5f7eb21f-8a30-4aee-af51-aaa05a2cd8d1.jpg","contentUrl":"https:\/\/graphimarket.com\/wp-content\/uploads\/2020\/10\/5f7eb21f-8a30-4aee-af51-aaa05a2cd8d1.jpg","width":1170,"height":780},{"@type":"BreadcrumbList","@id":"https:\/\/graphimarket.com\/product\/vintage-single-page-menu-bundle\/#breadcrumb","itemListElement":[{"@type":"ListItem","position":1,"name":"Home","item":"https:\/\/graphimarket.com\/es\/"},{"@type":"ListItem","position":2,"name":"Store","item":"https:\/\/graphimarket.com\/store\/"},{"@type":"ListItem","position":3,"name":"Vintage Single Page Menu Bundle"}]},{"@type":"WebSite","@id":"https:\/\/graphimarket.com\/fr\/#website","url":"https:\/\/graphimarket.com\/fr\/","name":"Graphimarket","description":"Encuentre el activo creativo perfecto para darle vida a su proyecto","publisher":{"@id":"https:\/\/graphimarket.com\/fr\/#organization"},"potentialAction":[{"@type":"SearchAction","target":{"@type":"EntryPoint","urlTemplate":"https:\/\/graphimarket.com\/fr\/?s={search_term_string}"},"query-input":{"@type":"PropertyValueSpecification","valueRequired":true,"valueName":"search_term_string"}}],"inLanguage":"es-ES"},{"@type":"Organization","@id":"https:\/\/graphimarket.com\/fr\/#organization","name":"Graphimarket","url":"https:\/\/graphimarket.com\/fr\/","logo":{"@type":"ImageObject","inLanguage":"es-ES","@id":"https:\/\/graphimarket.com\/fr\/#\/schema\/logo\/image\/","url":"https:\/\/graphimarket.com\/wp-content\/uploads\/2020\/08\/logo-48.png","contentUrl":"https:\/\/graphimarket.com\/wp-content\/uploads\/2020\/08\/logo-48.png","width":132,"height":48,"caption":"Graphimarket"},"image":{"@id":"https:\/\/graphimarket.com\/fr\/#\/schema\/logo\/image\/"}}]}},"_links":{"self":[{"href":"https:\/\/graphimarket.com\/es\/wp-json\/wp\/v2\/product\/12178","targetHints":{"allow":["GET"]}}],"collection":[{"href":"https:\/\/graphimarket.com\/es\/wp-json\/wp\/v2\/product"}],"about":[{"href":"https:\/\/graphimarket.com\/es\/wp-json\/wp\/v2\/types\/product"}],"replies":[{"embeddable":true,"href":"https:\/\/graphimarket.com\/es\/wp-json\/wp\/v2\/comments?post=12178"}],"version-history":[{"count":0,"href":"https:\/\/graphimarket.com\/es\/wp-json\/wp\/v2\/product\/12178\/revisions"}],"wp:featuredmedia":[{"embeddable":true,"href":"https:\/\/graphimarket.com\/es\/wp-json\/wp\/v2\/media\/12182"}],"wp:attachment":[{"href":"https:\/\/graphimarket.com\/es\/wp-json\/wp\/v2\/media?parent=12178"}],"wp:term":[{"taxonomy":"product_brand","embeddable":true,"href":"https:\/\/graphimarket.com\/es\/wp-json\/wp\/v2\/product_brand?post=12178"},{"taxonomy":"product_cat","embeddable":true,"href":"https:\/\/graphimarket.com\/es\/wp-json\/wp\/v2\/product_cat?post=12178"},{"taxonomy":"product_tag","embeddable":true,"href":"https:\/\/graphimarket.com\/es\/wp-json\/wp\/v2\/product_tag?post=12178"}],"curies":[{"name":"wp","href":"https:\/\/api.w.org\/{rel}","templated":true}]}}