{"id":12712,"date":"2020-10-16T11:22:38","date_gmt":"2020-10-16T09:22:38","guid":{"rendered":"https:\/\/graphimarket.com\/?post_type=product&#038;p=12712"},"modified":"2022-12-19T09:28:27","modified_gmt":"2022-12-19T08:28:27","slug":"inky-goodness","status":"publish","type":"product","link":"https:\/\/graphimarket.com\/es\/product\/inky-goodness\/","title":{"rendered":"Bondad de tinta"},"content":{"rendered":"<div class=\"_2Masz2rr\">\n<p>Bondad de tinta<\/p>\n<p>\u00a1Su paquete est\u00e1 repleto de bondad tinta! Comenz\u00f3 con m\u00fasica fuerte, un garaje, papel y tinta china. \u00a1Termin\u00f3 con una fiesta de escaneo en la que todas las texturas se llevaron al mundo de lo digital a trav\u00e9s de 600 ppp! Ahora este paquete est\u00e1 listo para el desierto. Carga los pinceles de Photoshop, trae los pinceles de Illustrator, agrega un desorden de texturas y tu pr\u00f3ximo dise\u00f1o est\u00e1 listo para ser salpicado con todo tipo de bondad de tinta.<\/p>\n<p>\u00bfQu\u00e9 hay en este paquete?<\/p>\n<p><strong>CEPILLOS PSD<\/strong>\u00a04 juegos (gotas, gotas, rodillos y pinceladas) que suman 61 pinceles \u00fanicos. Tama\u00f1os de pincel: 459 px (gotas) a 2454 px (trazo grande)<\/p>\n<p><strong>CEPILLOS ILUSTRADORES<\/strong>\u00a05 pinceles de dispersi\u00f3n y 5 pinceles art\u00edsticos CS4 +.<\/p>\n<p><strong>TEXTURAS ESCANEADAS<\/strong>\u00a040 texturas de tinta escaneadas. Cada uno escaneado a 600 dpi y guardado como un archivo tiff aplanado. Texturas incluidas: goteos, gotas, manchas, rodillos de tinta, manchas de tinta y ara\u00f1as de tinta.<\/p>\n<p>\u00bfTe gusta lo que ves? Estar\u00eda muy agradecido si lo compartiera o lo recomendara. \u00a1Gracias y feliz creaci\u00f3n!<\/p>\n<p><img fetchpriority=\"high\" decoding=\"async\" class=\"aligncenter wp-image-12713 size-full\" src=\"https:\/\/graphimarket.com\/wp-content\/uploads\/2020\/10\/4c45d605-d220-47ba-bcd6-85622b46dd77.jpg\" alt=\"\" width=\"900\" height=\"598\" srcset=\"https:\/\/graphimarket.com\/wp-content\/uploads\/2020\/10\/4c45d605-d220-47ba-bcd6-85622b46dd77.jpg 900w, https:\/\/graphimarket.com\/wp-content\/uploads\/2020\/10\/4c45d605-d220-47ba-bcd6-85622b46dd77-300x199.jpg 300w, https:\/\/graphimarket.com\/wp-content\/uploads\/2020\/10\/4c45d605-d220-47ba-bcd6-85622b46dd77-768x510.jpg 768w, https:\/\/graphimarket.com\/wp-content\/uploads\/2020\/10\/4c45d605-d220-47ba-bcd6-85622b46dd77-16x12.jpg 16w, https:\/\/graphimarket.com\/wp-content\/uploads\/2020\/10\/4c45d605-d220-47ba-bcd6-85622b46dd77-600x399.jpg 600w\" sizes=\"(max-width: 900px) 100vw, 900px\" \/> <img decoding=\"async\" class=\"aligncenter wp-image-12714 size-full\" src=\"https:\/\/graphimarket.com\/wp-content\/uploads\/2020\/10\/7fb8e90e-002f-4417-bea8-8eff627c9368.jpg\" alt=\"\" width=\"900\" height=\"598\" srcset=\"https:\/\/graphimarket.com\/wp-content\/uploads\/2020\/10\/7fb8e90e-002f-4417-bea8-8eff627c9368.jpg 900w, https:\/\/graphimarket.com\/wp-content\/uploads\/2020\/10\/7fb8e90e-002f-4417-bea8-8eff627c9368-300x199.jpg 300w, https:\/\/graphimarket.com\/wp-content\/uploads\/2020\/10\/7fb8e90e-002f-4417-bea8-8eff627c9368-768x510.jpg 768w, https:\/\/graphimarket.com\/wp-content\/uploads\/2020\/10\/7fb8e90e-002f-4417-bea8-8eff627c9368-16x12.jpg 16w, https:\/\/graphimarket.com\/wp-content\/uploads\/2020\/10\/7fb8e90e-002f-4417-bea8-8eff627c9368-600x399.jpg 600w\" sizes=\"(max-width: 900px) 100vw, 900px\" \/> <img decoding=\"async\" class=\"aligncenter wp-image-12715 size-full\" src=\"https:\/\/graphimarket.com\/wp-content\/uploads\/2020\/10\/a7dbdb7b-e9ba-45d3-a0b8-39a1395f16f8.jpg\" alt=\"\" width=\"866\" height=\"577\" srcset=\"https:\/\/graphimarket.com\/wp-content\/uploads\/2020\/10\/a7dbdb7b-e9ba-45d3-a0b8-39a1395f16f8.jpg 866w, https:\/\/graphimarket.com\/wp-content\/uploads\/2020\/10\/a7dbdb7b-e9ba-45d3-a0b8-39a1395f16f8-300x200.jpg 300w, https:\/\/graphimarket.com\/wp-content\/uploads\/2020\/10\/a7dbdb7b-e9ba-45d3-a0b8-39a1395f16f8-768x512.jpg 768w, https:\/\/graphimarket.com\/wp-content\/uploads\/2020\/10\/a7dbdb7b-e9ba-45d3-a0b8-39a1395f16f8-16x12.jpg 16w, https:\/\/graphimarket.com\/wp-content\/uploads\/2020\/10\/a7dbdb7b-e9ba-45d3-a0b8-39a1395f16f8-600x400.jpg 600w\" sizes=\"(max-width: 866px) 100vw, 866px\" \/> <img loading=\"lazy\" decoding=\"async\" class=\"aligncenter wp-image-12716 size-full\" src=\"https:\/\/graphimarket.com\/wp-content\/uploads\/2020\/10\/defa4c7a-f675-46bf-aae3-30c335486230.jpg\" alt=\"\" width=\"900\" height=\"598\" srcset=\"https:\/\/graphimarket.com\/wp-content\/uploads\/2020\/10\/defa4c7a-f675-46bf-aae3-30c335486230.jpg 900w, https:\/\/graphimarket.com\/wp-content\/uploads\/2020\/10\/defa4c7a-f675-46bf-aae3-30c335486230-300x199.jpg 300w, https:\/\/graphimarket.com\/wp-content\/uploads\/2020\/10\/defa4c7a-f675-46bf-aae3-30c335486230-768x510.jpg 768w, https:\/\/graphimarket.com\/wp-content\/uploads\/2020\/10\/defa4c7a-f675-46bf-aae3-30c335486230-16x12.jpg 16w, https:\/\/graphimarket.com\/wp-content\/uploads\/2020\/10\/defa4c7a-f675-46bf-aae3-30c335486230-600x399.jpg 600w\" sizes=\"(max-width: 900px) 100vw, 900px\" \/> <img loading=\"lazy\" decoding=\"async\" class=\"aligncenter wp-image-12717 size-full\" src=\"https:\/\/graphimarket.com\/wp-content\/uploads\/2020\/10\/1cd38cb9-80f1-4954-a71e-9171a5fbbc26.jpg\" alt=\"\" width=\"900\" height=\"598\" srcset=\"https:\/\/graphimarket.com\/wp-content\/uploads\/2020\/10\/1cd38cb9-80f1-4954-a71e-9171a5fbbc26.jpg 900w, https:\/\/graphimarket.com\/wp-content\/uploads\/2020\/10\/1cd38cb9-80f1-4954-a71e-9171a5fbbc26-300x199.jpg 300w, https:\/\/graphimarket.com\/wp-content\/uploads\/2020\/10\/1cd38cb9-80f1-4954-a71e-9171a5fbbc26-768x510.jpg 768w, https:\/\/graphimarket.com\/wp-content\/uploads\/2020\/10\/1cd38cb9-80f1-4954-a71e-9171a5fbbc26-16x12.jpg 16w, https:\/\/graphimarket.com\/wp-content\/uploads\/2020\/10\/1cd38cb9-80f1-4954-a71e-9171a5fbbc26-600x399.jpg 600w\" sizes=\"(max-width: 900px) 100vw, 900px\" \/><\/p>\n<\/div>\n<p>&nbsp;<\/p>\n<div class=\"_3YqMOf9R\">\n<div class=\"_3KAa4-GZ frEFeDSS\"><\/div>\n<\/div>","protected":false},"excerpt":{"rendered":"<p>Inky Goodness his bundle is chocked full of inky goodness! It started with loud music, a garage, paper and india ink. It ended with a scanning party where all the textures were brought into the world of the digital via 600 dpi! Now this bundle is ready for the wilderness. Load up the Photoshop brushes, [&hellip;]<\/p>\n","protected":false},"featured_media":12715,"comment_status":"open","ping_status":"closed","template":"","meta":{"site-sidebar-layout":"default","site-content-layout":"default","ast-site-content-layout":"default","site-content-style":"default","site-sidebar-style":"default","ast-global-header-display":"","ast-banner-title-visibility":"","ast-main-header-display":"","ast-hfb-above-header-display":"","ast-hfb-below-header-display":"","ast-hfb-mobile-header-display":"","site-post-title":"","ast-breadcrumbs-content":"","ast-featured-img":"","footer-sml-layout":"","ast-disable-related-posts":"","theme-transparent-header-meta":"default","adv-header-id-meta":"","stick-header-meta":"","header-above-stick-meta":"","header-main-stick-meta":"","header-below-stick-meta":"","astra-migrate-meta-layouts":"default","ast-page-background-enabled":"default","ast-page-background-meta":{"desktop":{"background-color":"","background-image":"","background-repeat":"repeat","background-position":"center center","background-size":"auto","background-attachment":"scroll","background-type":"","background-media":"","overlay-type":"","overlay-color":"","overlay-opacity":"","overlay-gradient":""},"tablet":{"background-color":"","background-image":"","background-repeat":"repeat","background-position":"center center","background-size":"auto","background-attachment":"scroll","background-type":"","background-media":"","overlay-type":"","overlay-color":"","overlay-opacity":"","overlay-gradient":""},"mobile":{"background-color":"","background-image":"","background-repeat":"repeat","background-position":"center center","background-size":"auto","background-attachment":"scroll","background-type":"","background-media":"","overlay-type":"","overlay-color":"","overlay-opacity":"","overlay-gradient":""}},"ast-content-background-meta":{"desktop":{"background-color":"var(--ast-global-color-5)","background-image":"","background-repeat":"repeat","background-position":"center center","background-size":"auto","background-attachment":"scroll","background-type":"","background-media":"","overlay-type":"","overlay-color":"","overlay-opacity":"","overlay-gradient":""},"tablet":{"background-color":"var(--ast-global-color-5)","background-image":"","background-repeat":"repeat","background-position":"center center","background-size":"auto","background-attachment":"scroll","background-type":"","background-media":"","overlay-type":"","overlay-color":"","overlay-opacity":"","overlay-gradient":""},"mobile":{"background-color":"var(--ast-global-color-5)","background-image":"","background-repeat":"repeat","background-position":"center center","background-size":"auto","background-attachment":"scroll","background-type":"","background-media":"","overlay-type":"","overlay-color":"","overlay-opacity":"","overlay-gradient":""}}},"product_brand":[],"product_cat":[197,124,15],"product_tag":[231,239,626,627,426,1717,275,62,1720,1721,1718,1719,1604,243],"class_list":{"0":"post-12712","1":"product","2":"type-product","3":"status-publish","4":"has-post-thumbnail","6":"product_cat-brushes","7":"product_cat-brushes-illustrator","8":"product_cat-photo","9":"product_tag-brushes","10":"product_tag-bundle","11":"product_tag-drips","12":"product_tag-drops","13":"product_tag-illustrator","14":"product_tag-india","15":"product_tag-ink","16":"product_tag-photoshop","17":"product_tag-rollers","18":"product_tag-scans","19":"product_tag-scatter","20":"product_tag-smears","21":"product_tag-splatters","22":"product_tag-texture","23":"desktop-align-left","24":"tablet-align-left","25":"mobile-align-left","27":"first","28":"instock","29":"sale","30":"downloadable","31":"virtual","32":"taxable","33":"purchasable","34":"product-type-simple"},"yoast_head":"<!-- This site is optimized with the Yoast SEO plugin v27.3 - https:\/\/yoast.com\/product\/yoast-seo-wordpress\/ -->\n<title>Inky Goodness - Graphimarket<\/title>\n<meta name=\"description\" content=\"Inky Goodness his bundle is chocked full of inky goodness! It started with loud music, a garage, paper and india...\" \/>\n<meta name=\"robots\" content=\"index, follow, max-snippet:-1, max-image-preview:large, max-video-preview:-1\" \/>\n<link rel=\"canonical\" href=\"https:\/\/graphimarket.com\/es\/product\/inky-goodness\/\" \/>\n<meta property=\"og:locale\" content=\"es_ES\" \/>\n<meta property=\"og:type\" content=\"article\" \/>\n<meta property=\"og:title\" content=\"Inky Goodness - Graphimarket\" \/>\n<meta property=\"og:description\" content=\"Inky Goodness his bundle is chocked full of inky goodness! It started with loud music, a garage, paper and india...\" \/>\n<meta property=\"og:url\" content=\"https:\/\/graphimarket.com\/es\/product\/inky-goodness\/\" \/>\n<meta property=\"og:site_name\" content=\"Graphimarket\" \/>\n<meta property=\"article:modified_time\" content=\"2022-12-19T08:28:27+00:00\" \/>\n<meta property=\"og:image\" content=\"https:\/\/graphimarket.com\/wp-content\/uploads\/2020\/10\/a7dbdb7b-e9ba-45d3-a0b8-39a1395f16f8.jpg\" \/>\n\t<meta property=\"og:image:width\" content=\"866\" \/>\n\t<meta property=\"og:image:height\" content=\"577\" \/>\n\t<meta property=\"og:image:type\" content=\"image\/jpeg\" \/>\n<meta name=\"twitter:card\" content=\"summary_large_image\" \/>\n<meta name=\"twitter:label1\" content=\"Est. reading time\" \/>\n\t<meta name=\"twitter:data1\" content=\"1 minute\" \/>\n<script type=\"application\/ld+json\" class=\"yoast-schema-graph\">{\"@context\":\"https:\\\/\\\/schema.org\",\"@graph\":[{\"@type\":\"WebPage\",\"@id\":\"https:\\\/\\\/graphimarket.com\\\/product\\\/inky-goodness\\\/\",\"url\":\"https:\\\/\\\/graphimarket.com\\\/product\\\/inky-goodness\\\/\",\"name\":\"Inky Goodness - Graphimarket\",\"isPartOf\":{\"@id\":\"https:\\\/\\\/graphimarket.com\\\/fr\\\/#website\"},\"primaryImageOfPage\":{\"@id\":\"https:\\\/\\\/graphimarket.com\\\/product\\\/inky-goodness\\\/#primaryimage\"},\"image\":{\"@id\":\"https:\\\/\\\/graphimarket.com\\\/product\\\/inky-goodness\\\/#primaryimage\"},\"thumbnailUrl\":\"https:\\\/\\\/graphimarket.com\\\/wp-content\\\/uploads\\\/2020\\\/10\\\/a7dbdb7b-e9ba-45d3-a0b8-39a1395f16f8.jpg\",\"datePublished\":\"2020-10-16T09:22:38+00:00\",\"dateModified\":\"2022-12-19T08:28:27+00:00\",\"description\":\"Inky Goodness his bundle is chocked full of inky goodness! It started with loud music, a garage, paper and india...\",\"breadcrumb\":{\"@id\":\"https:\\\/\\\/graphimarket.com\\\/product\\\/inky-goodness\\\/#breadcrumb\"},\"inLanguage\":\"es-ES\",\"potentialAction\":[{\"@type\":\"ReadAction\",\"target\":[\"https:\\\/\\\/graphimarket.com\\\/product\\\/inky-goodness\\\/\"]}]},{\"@type\":\"ImageObject\",\"inLanguage\":\"es-ES\",\"@id\":\"https:\\\/\\\/graphimarket.com\\\/product\\\/inky-goodness\\\/#primaryimage\",\"url\":\"https:\\\/\\\/graphimarket.com\\\/wp-content\\\/uploads\\\/2020\\\/10\\\/a7dbdb7b-e9ba-45d3-a0b8-39a1395f16f8.jpg\",\"contentUrl\":\"https:\\\/\\\/graphimarket.com\\\/wp-content\\\/uploads\\\/2020\\\/10\\\/a7dbdb7b-e9ba-45d3-a0b8-39a1395f16f8.jpg\",\"width\":866,\"height\":577},{\"@type\":\"BreadcrumbList\",\"@id\":\"https:\\\/\\\/graphimarket.com\\\/product\\\/inky-goodness\\\/#breadcrumb\",\"itemListElement\":[{\"@type\":\"ListItem\",\"position\":1,\"name\":\"Home\",\"item\":\"https:\\\/\\\/graphimarket.com\\\/es\\\/\"},{\"@type\":\"ListItem\",\"position\":2,\"name\":\"Store\",\"item\":\"https:\\\/\\\/graphimarket.com\\\/store\\\/\"},{\"@type\":\"ListItem\",\"position\":3,\"name\":\"Inky Goodness\"}]},{\"@type\":\"WebSite\",\"@id\":\"https:\\\/\\\/graphimarket.com\\\/fr\\\/#website\",\"url\":\"https:\\\/\\\/graphimarket.com\\\/fr\\\/\",\"name\":\"Graphimarket\",\"description\":\"Find the perfect creative asset to bring your project to life\",\"publisher\":{\"@id\":\"https:\\\/\\\/graphimarket.com\\\/fr\\\/#organization\"},\"potentialAction\":[{\"@type\":\"SearchAction\",\"target\":{\"@type\":\"EntryPoint\",\"urlTemplate\":\"https:\\\/\\\/graphimarket.com\\\/fr\\\/?s={search_term_string}\"},\"query-input\":{\"@type\":\"PropertyValueSpecification\",\"valueRequired\":true,\"valueName\":\"search_term_string\"}}],\"inLanguage\":\"es-ES\"},{\"@type\":\"Organization\",\"@id\":\"https:\\\/\\\/graphimarket.com\\\/fr\\\/#organization\",\"name\":\"Graphimarket\",\"url\":\"https:\\\/\\\/graphimarket.com\\\/fr\\\/\",\"logo\":{\"@type\":\"ImageObject\",\"inLanguage\":\"es-ES\",\"@id\":\"https:\\\/\\\/graphimarket.com\\\/fr\\\/#\\\/schema\\\/logo\\\/image\\\/\",\"url\":\"https:\\\/\\\/graphimarket.com\\\/wp-content\\\/uploads\\\/2020\\\/08\\\/logo-48.png\",\"contentUrl\":\"https:\\\/\\\/graphimarket.com\\\/wp-content\\\/uploads\\\/2020\\\/08\\\/logo-48.png\",\"width\":132,\"height\":48,\"caption\":\"Graphimarket\"},\"image\":{\"@id\":\"https:\\\/\\\/graphimarket.com\\\/fr\\\/#\\\/schema\\\/logo\\\/image\\\/\"}}]}<\/script>\n<!-- \/ Yoast SEO plugin. -->","yoast_head_json":{"title":"Inky Goodness - Graphimarket","description":"Inky Goodness \u00a1su paquete est\u00e1 repleto de tintas bonitas! Comenz\u00f3 con m\u00fasica fuerte, un garaje, papel e india ...","robots":{"index":"index","follow":"follow","max-snippet":"max-snippet:-1","max-image-preview":"max-image-preview:large","max-video-preview":"max-video-preview:-1"},"canonical":"https:\/\/graphimarket.com\/es\/product\/inky-goodness\/","og_locale":"es_ES","og_type":"article","og_title":"Inky Goodness - Graphimarket","og_description":"Inky Goodness his bundle is chocked full of inky goodness! It started with loud music, a garage, paper and india...","og_url":"https:\/\/graphimarket.com\/es\/product\/inky-goodness\/","og_site_name":"Graphimarket","article_modified_time":"2022-12-19T08:28:27+00:00","og_image":[{"width":866,"height":577,"url":"https:\/\/graphimarket.com\/wp-content\/uploads\/2020\/10\/a7dbdb7b-e9ba-45d3-a0b8-39a1395f16f8.jpg","type":"image\/jpeg"}],"twitter_card":"summary_large_image","twitter_misc":{"Est. reading time":"1 minute"},"schema":{"@context":"https:\/\/schema.org","@graph":[{"@type":"WebPage","@id":"https:\/\/graphimarket.com\/product\/inky-goodness\/","url":"https:\/\/graphimarket.com\/product\/inky-goodness\/","name":"Inky Goodness - Graphimarket","isPartOf":{"@id":"https:\/\/graphimarket.com\/fr\/#website"},"primaryImageOfPage":{"@id":"https:\/\/graphimarket.com\/product\/inky-goodness\/#primaryimage"},"image":{"@id":"https:\/\/graphimarket.com\/product\/inky-goodness\/#primaryimage"},"thumbnailUrl":"https:\/\/graphimarket.com\/wp-content\/uploads\/2020\/10\/a7dbdb7b-e9ba-45d3-a0b8-39a1395f16f8.jpg","datePublished":"2020-10-16T09:22:38+00:00","dateModified":"2022-12-19T08:28:27+00:00","description":"Inky Goodness \u00a1su paquete est\u00e1 repleto de tintas bonitas! Comenz\u00f3 con m\u00fasica fuerte, un garaje, papel e india ...","breadcrumb":{"@id":"https:\/\/graphimarket.com\/product\/inky-goodness\/#breadcrumb"},"inLanguage":"es-ES","potentialAction":[{"@type":"ReadAction","target":["https:\/\/graphimarket.com\/product\/inky-goodness\/"]}]},{"@type":"ImageObject","inLanguage":"es-ES","@id":"https:\/\/graphimarket.com\/product\/inky-goodness\/#primaryimage","url":"https:\/\/graphimarket.com\/wp-content\/uploads\/2020\/10\/a7dbdb7b-e9ba-45d3-a0b8-39a1395f16f8.jpg","contentUrl":"https:\/\/graphimarket.com\/wp-content\/uploads\/2020\/10\/a7dbdb7b-e9ba-45d3-a0b8-39a1395f16f8.jpg","width":866,"height":577},{"@type":"BreadcrumbList","@id":"https:\/\/graphimarket.com\/product\/inky-goodness\/#breadcrumb","itemListElement":[{"@type":"ListItem","position":1,"name":"Home","item":"https:\/\/graphimarket.com\/es\/"},{"@type":"ListItem","position":2,"name":"Store","item":"https:\/\/graphimarket.com\/store\/"},{"@type":"ListItem","position":3,"name":"Inky Goodness"}]},{"@type":"WebSite","@id":"https:\/\/graphimarket.com\/fr\/#website","url":"https:\/\/graphimarket.com\/fr\/","name":"Graphimarket","description":"Encuentre el activo creativo perfecto para darle vida a su proyecto","publisher":{"@id":"https:\/\/graphimarket.com\/fr\/#organization"},"potentialAction":[{"@type":"SearchAction","target":{"@type":"EntryPoint","urlTemplate":"https:\/\/graphimarket.com\/fr\/?s={search_term_string}"},"query-input":{"@type":"PropertyValueSpecification","valueRequired":true,"valueName":"search_term_string"}}],"inLanguage":"es-ES"},{"@type":"Organization","@id":"https:\/\/graphimarket.com\/fr\/#organization","name":"Graphimarket","url":"https:\/\/graphimarket.com\/fr\/","logo":{"@type":"ImageObject","inLanguage":"es-ES","@id":"https:\/\/graphimarket.com\/fr\/#\/schema\/logo\/image\/","url":"https:\/\/graphimarket.com\/wp-content\/uploads\/2020\/08\/logo-48.png","contentUrl":"https:\/\/graphimarket.com\/wp-content\/uploads\/2020\/08\/logo-48.png","width":132,"height":48,"caption":"Graphimarket"},"image":{"@id":"https:\/\/graphimarket.com\/fr\/#\/schema\/logo\/image\/"}}]}},"_links":{"self":[{"href":"https:\/\/graphimarket.com\/es\/wp-json\/wp\/v2\/product\/12712","targetHints":{"allow":["GET"]}}],"collection":[{"href":"https:\/\/graphimarket.com\/es\/wp-json\/wp\/v2\/product"}],"about":[{"href":"https:\/\/graphimarket.com\/es\/wp-json\/wp\/v2\/types\/product"}],"replies":[{"embeddable":true,"href":"https:\/\/graphimarket.com\/es\/wp-json\/wp\/v2\/comments?post=12712"}],"version-history":[{"count":0,"href":"https:\/\/graphimarket.com\/es\/wp-json\/wp\/v2\/product\/12712\/revisions"}],"wp:featuredmedia":[{"embeddable":true,"href":"https:\/\/graphimarket.com\/es\/wp-json\/wp\/v2\/media\/12715"}],"wp:attachment":[{"href":"https:\/\/graphimarket.com\/es\/wp-json\/wp\/v2\/media?parent=12712"}],"wp:term":[{"taxonomy":"product_brand","embeddable":true,"href":"https:\/\/graphimarket.com\/es\/wp-json\/wp\/v2\/product_brand?post=12712"},{"taxonomy":"product_cat","embeddable":true,"href":"https:\/\/graphimarket.com\/es\/wp-json\/wp\/v2\/product_cat?post=12712"},{"taxonomy":"product_tag","embeddable":true,"href":"https:\/\/graphimarket.com\/es\/wp-json\/wp\/v2\/product_tag?post=12712"}],"curies":[{"name":"wp","href":"https:\/\/api.w.org\/{rel}","templated":true}]}}