{"id":12753,"date":"2020-10-16T12:42:09","date_gmt":"2020-10-16T10:42:09","guid":{"rendered":"https:\/\/graphimarket.com\/?post_type=product&#038;p=12753"},"modified":"2022-12-19T09:20:51","modified_gmt":"2022-12-19T08:20:51","slug":"50-film-noire-ps-actions-bundle","status":"publish","type":"product","link":"https:\/\/graphimarket.com\/es\/product\/50-film-noire-ps-actions-bundle\/","title":{"rendered":"Paquete de 50 acciones de Film Noire PS"},"content":{"rendered":"<div class=\"_2Masz2rr\">\n<p><strong>Paquete de 50 acciones de Film Noire PS<\/strong><\/p>\n<p><strong>Una gran colecci\u00f3n de ajustes preestablecidos de acciones de gradaci\u00f3n de color<\/strong>\u00a0desde el look retro hasta el toque moderno de la fotograf\u00eda.<\/p>\n<p>Un ajuste preestablecido simple y de belleza para acelerar su trabajo y producir una t\u00e9cnica de clasificaci\u00f3n de color de clase mundial con solo unos pocos clics.<\/p>\n<p>La clave de color m\u00e1s completa y precisa, cuidadosamente elaborada por un equipo de fot\u00f3grafos galardonados con un enfoque principal para resaltar el lujo con la sensaci\u00f3n de mate profundo.<\/p>\n<p><strong>QUE EST\u00c1 INCLUIDO EN ESTE PAQUETE<\/strong><\/p>\n<ul>\n<li>30 colores cinematogr\u00e1ficos<\/li>\n<li>20 color blanco y negro<\/li>\n<li>Instrucci\u00f3n incluida<\/li>\n<li>Efecto visual profesional<\/li>\n<li>FX no destructivo<\/li>\n<li>Efecto ajustable<\/li>\n<li>Funciona en Mac y PC<\/li>\n<li>Instalaci\u00f3n con 1 clic<\/li>\n<\/ul>\n<p>&nbsp;<\/p>\n<\/div>\n<div class=\"_3YqMOf9R\">\n<div class=\"_3KAa4-GZ frEFeDSS\"><img fetchpriority=\"high\" decoding=\"async\" class=\"aligncenter wp-image-12754 size-full\" src=\"https:\/\/graphimarket.com\/wp-content\/uploads\/2020\/10\/236b11a9-9f97-4607-a25a-1f44fceb107f.jpg\" alt=\"\" width=\"866\" height=\"577\" srcset=\"https:\/\/graphimarket.com\/wp-content\/uploads\/2020\/10\/236b11a9-9f97-4607-a25a-1f44fceb107f.jpg 866w, https:\/\/graphimarket.com\/wp-content\/uploads\/2020\/10\/236b11a9-9f97-4607-a25a-1f44fceb107f-300x200.jpg 300w, https:\/\/graphimarket.com\/wp-content\/uploads\/2020\/10\/236b11a9-9f97-4607-a25a-1f44fceb107f-768x512.jpg 768w, https:\/\/graphimarket.com\/wp-content\/uploads\/2020\/10\/236b11a9-9f97-4607-a25a-1f44fceb107f-16x12.jpg 16w, https:\/\/graphimarket.com\/wp-content\/uploads\/2020\/10\/236b11a9-9f97-4607-a25a-1f44fceb107f-600x400.jpg 600w\" sizes=\"(max-width: 866px) 100vw, 866px\" \/> <img decoding=\"async\" class=\"aligncenter wp-image-12755 size-full\" src=\"https:\/\/graphimarket.com\/wp-content\/uploads\/2020\/10\/322ee532-9fc7-4b4c-9b71-6cc5ae0129b6.jpg\" alt=\"\" width=\"900\" height=\"599\" srcset=\"https:\/\/graphimarket.com\/wp-content\/uploads\/2020\/10\/322ee532-9fc7-4b4c-9b71-6cc5ae0129b6.jpg 900w, https:\/\/graphimarket.com\/wp-content\/uploads\/2020\/10\/322ee532-9fc7-4b4c-9b71-6cc5ae0129b6-300x200.jpg 300w, https:\/\/graphimarket.com\/wp-content\/uploads\/2020\/10\/322ee532-9fc7-4b4c-9b71-6cc5ae0129b6-768x511.jpg 768w, https:\/\/graphimarket.com\/wp-content\/uploads\/2020\/10\/322ee532-9fc7-4b4c-9b71-6cc5ae0129b6-16x12.jpg 16w, https:\/\/graphimarket.com\/wp-content\/uploads\/2020\/10\/322ee532-9fc7-4b4c-9b71-6cc5ae0129b6-600x399.jpg 600w\" sizes=\"(max-width: 900px) 100vw, 900px\" \/> <img decoding=\"async\" class=\"aligncenter wp-image-12756 size-full\" src=\"https:\/\/graphimarket.com\/wp-content\/uploads\/2020\/10\/6351e2a9-8854-4411-9bcd-aee0c2c6224a.jpg\" alt=\"\" width=\"900\" height=\"599\" srcset=\"https:\/\/graphimarket.com\/wp-content\/uploads\/2020\/10\/6351e2a9-8854-4411-9bcd-aee0c2c6224a.jpg 900w, https:\/\/graphimarket.com\/wp-content\/uploads\/2020\/10\/6351e2a9-8854-4411-9bcd-aee0c2c6224a-300x200.jpg 300w, https:\/\/graphimarket.com\/wp-content\/uploads\/2020\/10\/6351e2a9-8854-4411-9bcd-aee0c2c6224a-768x511.jpg 768w, https:\/\/graphimarket.com\/wp-content\/uploads\/2020\/10\/6351e2a9-8854-4411-9bcd-aee0c2c6224a-16x12.jpg 16w, https:\/\/graphimarket.com\/wp-content\/uploads\/2020\/10\/6351e2a9-8854-4411-9bcd-aee0c2c6224a-600x399.jpg 600w\" sizes=\"(max-width: 900px) 100vw, 900px\" \/> <img loading=\"lazy\" decoding=\"async\" class=\"aligncenter wp-image-12757 size-full\" src=\"https:\/\/graphimarket.com\/wp-content\/uploads\/2020\/10\/9781e413-f7ad-4bcc-ae09-6954ee420e2a.jpg\" alt=\"\" width=\"900\" height=\"599\" srcset=\"https:\/\/graphimarket.com\/wp-content\/uploads\/2020\/10\/9781e413-f7ad-4bcc-ae09-6954ee420e2a.jpg 900w, https:\/\/graphimarket.com\/wp-content\/uploads\/2020\/10\/9781e413-f7ad-4bcc-ae09-6954ee420e2a-300x200.jpg 300w, https:\/\/graphimarket.com\/wp-content\/uploads\/2020\/10\/9781e413-f7ad-4bcc-ae09-6954ee420e2a-768x511.jpg 768w, https:\/\/graphimarket.com\/wp-content\/uploads\/2020\/10\/9781e413-f7ad-4bcc-ae09-6954ee420e2a-16x12.jpg 16w, https:\/\/graphimarket.com\/wp-content\/uploads\/2020\/10\/9781e413-f7ad-4bcc-ae09-6954ee420e2a-600x399.jpg 600w\" sizes=\"(max-width: 900px) 100vw, 900px\" \/> <img loading=\"lazy\" decoding=\"async\" class=\"aligncenter wp-image-12758 size-full\" src=\"https:\/\/graphimarket.com\/wp-content\/uploads\/2020\/10\/b61c666d-3ba8-4b7d-8e5c-5270d94ddae1.jpg\" alt=\"\" width=\"900\" height=\"599\" srcset=\"https:\/\/graphimarket.com\/wp-content\/uploads\/2020\/10\/b61c666d-3ba8-4b7d-8e5c-5270d94ddae1.jpg 900w, https:\/\/graphimarket.com\/wp-content\/uploads\/2020\/10\/b61c666d-3ba8-4b7d-8e5c-5270d94ddae1-300x200.jpg 300w, https:\/\/graphimarket.com\/wp-content\/uploads\/2020\/10\/b61c666d-3ba8-4b7d-8e5c-5270d94ddae1-768x511.jpg 768w, https:\/\/graphimarket.com\/wp-content\/uploads\/2020\/10\/b61c666d-3ba8-4b7d-8e5c-5270d94ddae1-16x12.jpg 16w, https:\/\/graphimarket.com\/wp-content\/uploads\/2020\/10\/b61c666d-3ba8-4b7d-8e5c-5270d94ddae1-600x399.jpg 600w\" sizes=\"(max-width: 900px) 100vw, 900px\" \/> <img loading=\"lazy\" decoding=\"async\" class=\"aligncenter wp-image-12759 size-full\" src=\"https:\/\/graphimarket.com\/wp-content\/uploads\/2020\/10\/5cc59d09-146b-4f43-af5e-513e19dba50c.jpg\" alt=\"\" width=\"900\" height=\"599\" srcset=\"https:\/\/graphimarket.com\/wp-content\/uploads\/2020\/10\/5cc59d09-146b-4f43-af5e-513e19dba50c.jpg 900w, https:\/\/graphimarket.com\/wp-content\/uploads\/2020\/10\/5cc59d09-146b-4f43-af5e-513e19dba50c-300x200.jpg 300w, https:\/\/graphimarket.com\/wp-content\/uploads\/2020\/10\/5cc59d09-146b-4f43-af5e-513e19dba50c-768x511.jpg 768w, https:\/\/graphimarket.com\/wp-content\/uploads\/2020\/10\/5cc59d09-146b-4f43-af5e-513e19dba50c-16x12.jpg 16w, https:\/\/graphimarket.com\/wp-content\/uploads\/2020\/10\/5cc59d09-146b-4f43-af5e-513e19dba50c-600x399.jpg 600w\" sizes=\"(max-width: 900px) 100vw, 900px\" \/> <img loading=\"lazy\" decoding=\"async\" class=\"aligncenter wp-image-12760 size-full\" src=\"https:\/\/graphimarket.com\/wp-content\/uploads\/2020\/10\/35eaca9a-aee6-4c55-bcf5-2e48fe66c371.jpg\" alt=\"\" width=\"900\" height=\"599\" srcset=\"https:\/\/graphimarket.com\/wp-content\/uploads\/2020\/10\/35eaca9a-aee6-4c55-bcf5-2e48fe66c371.jpg 900w, https:\/\/graphimarket.com\/wp-content\/uploads\/2020\/10\/35eaca9a-aee6-4c55-bcf5-2e48fe66c371-300x200.jpg 300w, https:\/\/graphimarket.com\/wp-content\/uploads\/2020\/10\/35eaca9a-aee6-4c55-bcf5-2e48fe66c371-768x511.jpg 768w, https:\/\/graphimarket.com\/wp-content\/uploads\/2020\/10\/35eaca9a-aee6-4c55-bcf5-2e48fe66c371-16x12.jpg 16w, https:\/\/graphimarket.com\/wp-content\/uploads\/2020\/10\/35eaca9a-aee6-4c55-bcf5-2e48fe66c371-600x399.jpg 600w\" sizes=\"(max-width: 900px) 100vw, 900px\" \/> <img loading=\"lazy\" decoding=\"async\" class=\"aligncenter wp-image-12761 size-full\" src=\"https:\/\/graphimarket.com\/wp-content\/uploads\/2020\/10\/49a753b7-21f8-4fba-b7f9-fb3745f5ac96.jpg\" alt=\"\" width=\"900\" height=\"599\" srcset=\"https:\/\/graphimarket.com\/wp-content\/uploads\/2020\/10\/49a753b7-21f8-4fba-b7f9-fb3745f5ac96.jpg 900w, https:\/\/graphimarket.com\/wp-content\/uploads\/2020\/10\/49a753b7-21f8-4fba-b7f9-fb3745f5ac96-300x200.jpg 300w, https:\/\/graphimarket.com\/wp-content\/uploads\/2020\/10\/49a753b7-21f8-4fba-b7f9-fb3745f5ac96-768x511.jpg 768w, https:\/\/graphimarket.com\/wp-content\/uploads\/2020\/10\/49a753b7-21f8-4fba-b7f9-fb3745f5ac96-16x12.jpg 16w, https:\/\/graphimarket.com\/wp-content\/uploads\/2020\/10\/49a753b7-21f8-4fba-b7f9-fb3745f5ac96-600x399.jpg 600w\" sizes=\"(max-width: 900px) 100vw, 900px\" \/> <img loading=\"lazy\" decoding=\"async\" class=\"aligncenter wp-image-12762 size-full\" src=\"https:\/\/graphimarket.com\/wp-content\/uploads\/2020\/10\/92dc1913-fb71-426c-9e7c-71c9b304b5fc.jpg\" alt=\"\" width=\"900\" height=\"599\" srcset=\"https:\/\/graphimarket.com\/wp-content\/uploads\/2020\/10\/92dc1913-fb71-426c-9e7c-71c9b304b5fc.jpg 900w, https:\/\/graphimarket.com\/wp-content\/uploads\/2020\/10\/92dc1913-fb71-426c-9e7c-71c9b304b5fc-300x200.jpg 300w, https:\/\/graphimarket.com\/wp-content\/uploads\/2020\/10\/92dc1913-fb71-426c-9e7c-71c9b304b5fc-768x511.jpg 768w, https:\/\/graphimarket.com\/wp-content\/uploads\/2020\/10\/92dc1913-fb71-426c-9e7c-71c9b304b5fc-16x12.jpg 16w, https:\/\/graphimarket.com\/wp-content\/uploads\/2020\/10\/92dc1913-fb71-426c-9e7c-71c9b304b5fc-600x399.jpg 600w\" sizes=\"(max-width: 900px) 100vw, 900px\" \/><\/div>\n<\/div>","protected":false},"excerpt":{"rendered":"<p>50 Film Noire PS Actions Bundle A huge Collections of colour grading actions presets\u00a0from retro look to modern touch of photography. A simple and beauty presets to speed up your work to produce a world class colour grading technique with just a few click. The most complete and accurate color key, Carefully crafted by a [&hellip;]<\/p>\n","protected":false},"featured_media":12754,"comment_status":"open","ping_status":"closed","template":"","meta":{"site-sidebar-layout":"default","site-content-layout":"default","ast-site-content-layout":"default","site-content-style":"default","site-sidebar-style":"default","ast-global-header-display":"","ast-banner-title-visibility":"","ast-main-header-display":"","ast-hfb-above-header-display":"","ast-hfb-below-header-display":"","ast-hfb-mobile-header-display":"","site-post-title":"","ast-breadcrumbs-content":"","ast-featured-img":"","footer-sml-layout":"","ast-disable-related-posts":"","theme-transparent-header-meta":"default","adv-header-id-meta":"","stick-header-meta":"","header-above-stick-meta":"","header-main-stick-meta":"","header-below-stick-meta":"","astra-migrate-meta-layouts":"default","ast-page-background-enabled":"default","ast-page-background-meta":{"desktop":{"background-color":"","background-image":"","background-repeat":"repeat","background-position":"center center","background-size":"auto","background-attachment":"scroll","background-type":"","background-media":"","overlay-type":"","overlay-color":"","overlay-opacity":"","overlay-gradient":""},"tablet":{"background-color":"","background-image":"","background-repeat":"repeat","background-position":"center center","background-size":"auto","background-attachment":"scroll","background-type":"","background-media":"","overlay-type":"","overlay-color":"","overlay-opacity":"","overlay-gradient":""},"mobile":{"background-color":"","background-image":"","background-repeat":"repeat","background-position":"center center","background-size":"auto","background-attachment":"scroll","background-type":"","background-media":"","overlay-type":"","overlay-color":"","overlay-opacity":"","overlay-gradient":""}},"ast-content-background-meta":{"desktop":{"background-color":"var(--ast-global-color-5)","background-image":"","background-repeat":"repeat","background-position":"center center","background-size":"auto","background-attachment":"scroll","background-type":"","background-media":"","overlay-type":"","overlay-color":"","overlay-opacity":"","overlay-gradient":""},"tablet":{"background-color":"var(--ast-global-color-5)","background-image":"","background-repeat":"repeat","background-position":"center center","background-size":"auto","background-attachment":"scroll","background-type":"","background-media":"","overlay-type":"","overlay-color":"","overlay-opacity":"","overlay-gradient":""},"mobile":{"background-color":"var(--ast-global-color-5)","background-image":"","background-repeat":"repeat","background-position":"center center","background-size":"auto","background-attachment":"scroll","background-type":"","background-media":"","overlay-type":"","overlay-color":"","overlay-opacity":"","overlay-gradient":""}}},"product_brand":[],"product_cat":[106,146],"product_tag":[238,289,346,274,322,1431,320,339,335,261,617,252,412,318,383],"class_list":{"0":"post-12753","1":"product","2":"type-product","3":"status-publish","4":"has-post-thumbnail","6":"product_cat-bundles","7":"product_cat-photoshop-action","8":"product_tag-actions","9":"product_tag-cinematic","10":"product_tag-color","11":"product_tag-effect","12":"product_tag-fashion","13":"product_tag-featured","14":"product_tag-film","15":"product_tag-filter","16":"product_tag-lightroom","17":"product_tag-look","18":"product_tag-movie","19":"product_tag-photography","20":"product_tag-preset","21":"product_tag-presets","22":"product_tag-professional","23":"desktop-align-left","24":"tablet-align-left","25":"mobile-align-left","27":"first","28":"instock","29":"sale","30":"downloadable","31":"virtual","32":"taxable","33":"purchasable","34":"product-type-simple"},"yoast_head":"<!-- This site is optimized with the Yoast SEO plugin v27.3 - https:\/\/yoast.com\/product\/yoast-seo-wordpress\/ -->\n<title>50 Film Noire PS Actions Bundle - Graphimarket<\/title>\n<meta name=\"description\" content=\"50 Film Noire PS Actions Bundle A huge Collections of colour grading actions presets\u00a0from retro look to modern touch of photography...\" \/>\n<meta name=\"robots\" content=\"index, follow, max-snippet:-1, max-image-preview:large, max-video-preview:-1\" \/>\n<link rel=\"canonical\" href=\"https:\/\/graphimarket.com\/es\/product\/50-film-noire-ps-actions-bundle\/\" \/>\n<meta property=\"og:locale\" content=\"es_ES\" \/>\n<meta property=\"og:type\" content=\"article\" \/>\n<meta property=\"og:title\" content=\"50 Film Noire PS Actions Bundle - Graphimarket\" \/>\n<meta property=\"og:description\" content=\"50 Film Noire PS Actions Bundle A huge Collections of colour grading actions presets\u00a0from retro look to modern touch of photography...\" \/>\n<meta property=\"og:url\" content=\"https:\/\/graphimarket.com\/es\/product\/50-film-noire-ps-actions-bundle\/\" \/>\n<meta property=\"og:site_name\" content=\"Graphimarket\" \/>\n<meta property=\"article:modified_time\" content=\"2022-12-19T08:20:51+00:00\" \/>\n<meta property=\"og:image\" content=\"https:\/\/graphimarket.com\/wp-content\/uploads\/2020\/10\/236b11a9-9f97-4607-a25a-1f44fceb107f.jpg\" \/>\n\t<meta property=\"og:image:width\" content=\"866\" \/>\n\t<meta property=\"og:image:height\" content=\"577\" \/>\n\t<meta property=\"og:image:type\" content=\"image\/jpeg\" \/>\n<meta name=\"twitter:card\" content=\"summary_large_image\" \/>\n<meta name=\"twitter:label1\" content=\"Est. reading time\" \/>\n\t<meta name=\"twitter:data1\" content=\"1 minute\" \/>\n<script type=\"application\/ld+json\" class=\"yoast-schema-graph\">{\"@context\":\"https:\\\/\\\/schema.org\",\"@graph\":[{\"@type\":\"WebPage\",\"@id\":\"https:\\\/\\\/graphimarket.com\\\/product\\\/50-film-noire-ps-actions-bundle\\\/\",\"url\":\"https:\\\/\\\/graphimarket.com\\\/product\\\/50-film-noire-ps-actions-bundle\\\/\",\"name\":\"50 Film Noire PS Actions Bundle - Graphimarket\",\"isPartOf\":{\"@id\":\"https:\\\/\\\/graphimarket.com\\\/fr\\\/#website\"},\"primaryImageOfPage\":{\"@id\":\"https:\\\/\\\/graphimarket.com\\\/product\\\/50-film-noire-ps-actions-bundle\\\/#primaryimage\"},\"image\":{\"@id\":\"https:\\\/\\\/graphimarket.com\\\/product\\\/50-film-noire-ps-actions-bundle\\\/#primaryimage\"},\"thumbnailUrl\":\"https:\\\/\\\/graphimarket.com\\\/wp-content\\\/uploads\\\/2020\\\/10\\\/236b11a9-9f97-4607-a25a-1f44fceb107f.jpg\",\"datePublished\":\"2020-10-16T10:42:09+00:00\",\"dateModified\":\"2022-12-19T08:20:51+00:00\",\"description\":\"50 Film Noire PS Actions Bundle A huge Collections of colour grading actions presets\u00a0from retro look to modern touch of photography...\",\"breadcrumb\":{\"@id\":\"https:\\\/\\\/graphimarket.com\\\/product\\\/50-film-noire-ps-actions-bundle\\\/#breadcrumb\"},\"inLanguage\":\"es-ES\",\"potentialAction\":[{\"@type\":\"ReadAction\",\"target\":[\"https:\\\/\\\/graphimarket.com\\\/product\\\/50-film-noire-ps-actions-bundle\\\/\"]}]},{\"@type\":\"ImageObject\",\"inLanguage\":\"es-ES\",\"@id\":\"https:\\\/\\\/graphimarket.com\\\/product\\\/50-film-noire-ps-actions-bundle\\\/#primaryimage\",\"url\":\"https:\\\/\\\/graphimarket.com\\\/wp-content\\\/uploads\\\/2020\\\/10\\\/236b11a9-9f97-4607-a25a-1f44fceb107f.jpg\",\"contentUrl\":\"https:\\\/\\\/graphimarket.com\\\/wp-content\\\/uploads\\\/2020\\\/10\\\/236b11a9-9f97-4607-a25a-1f44fceb107f.jpg\",\"width\":866,\"height\":577},{\"@type\":\"BreadcrumbList\",\"@id\":\"https:\\\/\\\/graphimarket.com\\\/product\\\/50-film-noire-ps-actions-bundle\\\/#breadcrumb\",\"itemListElement\":[{\"@type\":\"ListItem\",\"position\":1,\"name\":\"Home\",\"item\":\"https:\\\/\\\/graphimarket.com\\\/es\\\/\"},{\"@type\":\"ListItem\",\"position\":2,\"name\":\"Store\",\"item\":\"https:\\\/\\\/graphimarket.com\\\/store\\\/\"},{\"@type\":\"ListItem\",\"position\":3,\"name\":\"50 Film Noire PS Actions Bundle\"}]},{\"@type\":\"WebSite\",\"@id\":\"https:\\\/\\\/graphimarket.com\\\/fr\\\/#website\",\"url\":\"https:\\\/\\\/graphimarket.com\\\/fr\\\/\",\"name\":\"Graphimarket\",\"description\":\"Find the perfect creative asset to bring your project to life\",\"publisher\":{\"@id\":\"https:\\\/\\\/graphimarket.com\\\/fr\\\/#organization\"},\"potentialAction\":[{\"@type\":\"SearchAction\",\"target\":{\"@type\":\"EntryPoint\",\"urlTemplate\":\"https:\\\/\\\/graphimarket.com\\\/fr\\\/?s={search_term_string}\"},\"query-input\":{\"@type\":\"PropertyValueSpecification\",\"valueRequired\":true,\"valueName\":\"search_term_string\"}}],\"inLanguage\":\"es-ES\"},{\"@type\":\"Organization\",\"@id\":\"https:\\\/\\\/graphimarket.com\\\/fr\\\/#organization\",\"name\":\"Graphimarket\",\"url\":\"https:\\\/\\\/graphimarket.com\\\/fr\\\/\",\"logo\":{\"@type\":\"ImageObject\",\"inLanguage\":\"es-ES\",\"@id\":\"https:\\\/\\\/graphimarket.com\\\/fr\\\/#\\\/schema\\\/logo\\\/image\\\/\",\"url\":\"https:\\\/\\\/graphimarket.com\\\/wp-content\\\/uploads\\\/2020\\\/08\\\/logo-48.png\",\"contentUrl\":\"https:\\\/\\\/graphimarket.com\\\/wp-content\\\/uploads\\\/2020\\\/08\\\/logo-48.png\",\"width\":132,\"height\":48,\"caption\":\"Graphimarket\"},\"image\":{\"@id\":\"https:\\\/\\\/graphimarket.com\\\/fr\\\/#\\\/schema\\\/logo\\\/image\\\/\"}}]}<\/script>\n<!-- \/ Yoast SEO plugin. -->","yoast_head_json":{"title":"Paquete de 50 acciones de Film Noire PS - Graphimarket","description":"Paquete de 50 acciones de Film Noire PS Una enorme colecci\u00f3n de ajustes preestablecidos de acciones de gradaci\u00f3n de color desde un aspecto retro hasta un toque moderno de fotograf\u00eda ...","robots":{"index":"index","follow":"follow","max-snippet":"max-snippet:-1","max-image-preview":"max-image-preview:large","max-video-preview":"max-video-preview:-1"},"canonical":"https:\/\/graphimarket.com\/es\/product\/50-film-noire-ps-actions-bundle\/","og_locale":"es_ES","og_type":"article","og_title":"50 Film Noire PS Actions Bundle - Graphimarket","og_description":"50 Film Noire PS Actions Bundle A huge Collections of colour grading actions presets\u00a0from retro look to modern touch of photography...","og_url":"https:\/\/graphimarket.com\/es\/product\/50-film-noire-ps-actions-bundle\/","og_site_name":"Graphimarket","article_modified_time":"2022-12-19T08:20:51+00:00","og_image":[{"width":866,"height":577,"url":"https:\/\/graphimarket.com\/wp-content\/uploads\/2020\/10\/236b11a9-9f97-4607-a25a-1f44fceb107f.jpg","type":"image\/jpeg"}],"twitter_card":"summary_large_image","twitter_misc":{"Est. reading time":"1 minute"},"schema":{"@context":"https:\/\/schema.org","@graph":[{"@type":"WebPage","@id":"https:\/\/graphimarket.com\/product\/50-film-noire-ps-actions-bundle\/","url":"https:\/\/graphimarket.com\/product\/50-film-noire-ps-actions-bundle\/","name":"Paquete de 50 acciones de Film Noire PS - Graphimarket","isPartOf":{"@id":"https:\/\/graphimarket.com\/fr\/#website"},"primaryImageOfPage":{"@id":"https:\/\/graphimarket.com\/product\/50-film-noire-ps-actions-bundle\/#primaryimage"},"image":{"@id":"https:\/\/graphimarket.com\/product\/50-film-noire-ps-actions-bundle\/#primaryimage"},"thumbnailUrl":"https:\/\/graphimarket.com\/wp-content\/uploads\/2020\/10\/236b11a9-9f97-4607-a25a-1f44fceb107f.jpg","datePublished":"2020-10-16T10:42:09+00:00","dateModified":"2022-12-19T08:20:51+00:00","description":"Paquete de 50 acciones de Film Noire PS Una enorme colecci\u00f3n de ajustes preestablecidos de acciones de gradaci\u00f3n de color desde un aspecto retro hasta un toque moderno de fotograf\u00eda ...","breadcrumb":{"@id":"https:\/\/graphimarket.com\/product\/50-film-noire-ps-actions-bundle\/#breadcrumb"},"inLanguage":"es-ES","potentialAction":[{"@type":"ReadAction","target":["https:\/\/graphimarket.com\/product\/50-film-noire-ps-actions-bundle\/"]}]},{"@type":"ImageObject","inLanguage":"es-ES","@id":"https:\/\/graphimarket.com\/product\/50-film-noire-ps-actions-bundle\/#primaryimage","url":"https:\/\/graphimarket.com\/wp-content\/uploads\/2020\/10\/236b11a9-9f97-4607-a25a-1f44fceb107f.jpg","contentUrl":"https:\/\/graphimarket.com\/wp-content\/uploads\/2020\/10\/236b11a9-9f97-4607-a25a-1f44fceb107f.jpg","width":866,"height":577},{"@type":"BreadcrumbList","@id":"https:\/\/graphimarket.com\/product\/50-film-noire-ps-actions-bundle\/#breadcrumb","itemListElement":[{"@type":"ListItem","position":1,"name":"Home","item":"https:\/\/graphimarket.com\/es\/"},{"@type":"ListItem","position":2,"name":"Store","item":"https:\/\/graphimarket.com\/store\/"},{"@type":"ListItem","position":3,"name":"50 Film Noire PS Actions Bundle"}]},{"@type":"WebSite","@id":"https:\/\/graphimarket.com\/fr\/#website","url":"https:\/\/graphimarket.com\/fr\/","name":"Graphimarket","description":"Encuentre el activo creativo perfecto para darle vida a su proyecto","publisher":{"@id":"https:\/\/graphimarket.com\/fr\/#organization"},"potentialAction":[{"@type":"SearchAction","target":{"@type":"EntryPoint","urlTemplate":"https:\/\/graphimarket.com\/fr\/?s={search_term_string}"},"query-input":{"@type":"PropertyValueSpecification","valueRequired":true,"valueName":"search_term_string"}}],"inLanguage":"es-ES"},{"@type":"Organization","@id":"https:\/\/graphimarket.com\/fr\/#organization","name":"Graphimarket","url":"https:\/\/graphimarket.com\/fr\/","logo":{"@type":"ImageObject","inLanguage":"es-ES","@id":"https:\/\/graphimarket.com\/fr\/#\/schema\/logo\/image\/","url":"https:\/\/graphimarket.com\/wp-content\/uploads\/2020\/08\/logo-48.png","contentUrl":"https:\/\/graphimarket.com\/wp-content\/uploads\/2020\/08\/logo-48.png","width":132,"height":48,"caption":"Graphimarket"},"image":{"@id":"https:\/\/graphimarket.com\/fr\/#\/schema\/logo\/image\/"}}]}},"_links":{"self":[{"href":"https:\/\/graphimarket.com\/es\/wp-json\/wp\/v2\/product\/12753","targetHints":{"allow":["GET"]}}],"collection":[{"href":"https:\/\/graphimarket.com\/es\/wp-json\/wp\/v2\/product"}],"about":[{"href":"https:\/\/graphimarket.com\/es\/wp-json\/wp\/v2\/types\/product"}],"replies":[{"embeddable":true,"href":"https:\/\/graphimarket.com\/es\/wp-json\/wp\/v2\/comments?post=12753"}],"version-history":[{"count":0,"href":"https:\/\/graphimarket.com\/es\/wp-json\/wp\/v2\/product\/12753\/revisions"}],"wp:featuredmedia":[{"embeddable":true,"href":"https:\/\/graphimarket.com\/es\/wp-json\/wp\/v2\/media\/12754"}],"wp:attachment":[{"href":"https:\/\/graphimarket.com\/es\/wp-json\/wp\/v2\/media?parent=12753"}],"wp:term":[{"taxonomy":"product_brand","embeddable":true,"href":"https:\/\/graphimarket.com\/es\/wp-json\/wp\/v2\/product_brand?post=12753"},{"taxonomy":"product_cat","embeddable":true,"href":"https:\/\/graphimarket.com\/es\/wp-json\/wp\/v2\/product_cat?post=12753"},{"taxonomy":"product_tag","embeddable":true,"href":"https:\/\/graphimarket.com\/es\/wp-json\/wp\/v2\/product_tag?post=12753"}],"curies":[{"name":"wp","href":"https:\/\/api.w.org\/{rel}","templated":true}]}}