{"id":14917,"date":"2021-01-08T15:52:24","date_gmt":"2021-01-08T14:52:24","guid":{"rendered":"https:\/\/graphimarket.com\/?post_type=product&#038;p=14917"},"modified":"2022-12-19T09:21:40","modified_gmt":"2022-12-19T08:21:40","slug":"modernart-photoshop-action","status":"publish","type":"product","link":"https:\/\/graphimarket.com\/es\/product\/modernart-photoshop-action\/","title":{"rendered":"Acci\u00f3n de Photoshop ModernArt"},"content":{"rendered":"<h2 id=\"item-description__modernart-photoshop-action\">Acci\u00f3n de Photoshop ModernArt<\/h2>\n<p><strong>Dale a tus fotos un nuevo aspecto art\u00edstico profesional con esta acci\u00f3n. Normalmente, un efecto similar a este podr\u00eda llevarle horas, pero ahora se puede realizar en menos de 1 minuto.<\/strong><\/p>\n<p>Simplemente cepille su foto donde desea que aparezca el efecto, \u00a1luego haga clic en reproducir en la acci\u00f3n!<\/p>\n<p>La acci\u00f3n ha sido probada y funciona en las versiones de Photoshop (ingl\u00e9s) CS3, CS4, CS5, CS6, CC, CC 2015.5, CC 2017, CC 2018, CC 2019+<\/p>\n<p>&nbsp;<\/p>\n<p><strong>Importante saber<\/strong><\/p>\n<ul>\n<li>Aseg\u00farese de que est\u00e1 utilizando\u00a0<a href=\"https:\/\/helpx.adobe.com\/au\/creative-cloud\/help\/change-install-language.html\" rel=\"nofollow\">Versi\u00f3n inglesa de Photoshop<\/a>\u00a0para ejecutar la acci\u00f3n. Todas las acciones de Sevenstyles solo funcionar\u00e1n en la versi\u00f3n en ingl\u00e9s de Photoshop.<\/li>\n<\/ul>\n<ul>\n<li>Compruebe que est\u00e1 utilizando una versi\u00f3n de Photoshop compatible con Action.<\/li>\n<\/ul>\n<ul>\n<li>Mire el video tutorial para asegurarse de tener su archivo de Photoshop configurado correctamente. Tambi\u00e9n se incluye un enlace al tutorial en el archivo &#039;Readme.txt&#039; en la descarga. Puedes ver todos mis tutoriales de acci\u00f3n\u00a0<a href=\"https:\/\/www.youtube.com\/channel\/UCKEi03PoXGSHAzP8u-c4dwQ\" rel=\"nofollow\">aqu\u00ed<\/a>.<\/li>\n<\/ul>\n<ul>\n<li>Utilice fotograf\u00edas de alta resoluci\u00f3n con Action para obtener los mejores resultados y evitar errores. Una resoluci\u00f3n fotogr\u00e1fica \u00f3ptima es de 2000px a 4500px.<\/li>\n<\/ul>\n<ul>\n<li>Con Adobe Creative Cloud, puede instalar\u00a0<a href=\"https:\/\/helpx.adobe.com\/download-install\/using\/install-previous-version.html\" rel=\"nofollow\">m\u00faltiples versiones de Photoshop<\/a>. Si le gusta esta acci\u00f3n pero no es compatible con su versi\u00f3n de Photoshop, siempre puede instalar una versi\u00f3n adicional de Photoshop para ejecutar la acci\u00f3n. Una vez que se haya probado una acci\u00f3n y est\u00e9 funcionando en una versi\u00f3n de Photoshop, funcionar\u00e1 para siempre.<\/li>\n<\/ul>\n<ul>\n<li>Utilice im\u00e1genes Jpeg para ejecutar la acci\u00f3n. Otros tipos de archivos como TIFF, BMP, PNG, PSD pueden causar problemas con las acciones, ya que Photoshop desactiva varias funciones para diferentes tipos de archivos.<\/li>\n<\/ul>\n<ul>\n<li>Si una acci\u00f3n de Sevenstyles incluye un archivo de pincel (.abr), patr\u00f3n (.pat) o formas (.csh) en la descarga, entonces debe cargarse en Photoshop antes de reproducir la acci\u00f3n.<\/li>\n<\/ul>\n<ul>\n<li>Evite usar la acci\u00f3n en logotipos o im\u00e1genes de estilo clip art, ya que la falta de detalle y contraste de color puede provocar errores.<\/li>\n<\/ul>\n<div class=\"ast-oembed-container\" style=\"height: 100%;\"><iframe title=\"ModernArt Photoshop Effect Tutorial | Automatically convert your photos into digital art\" width=\"500\" height=\"281\" src=\"https:\/\/www.youtube.com\/embed\/9xWBqv4DPg4?feature=oembed\" frameborder=\"0\" allow=\"accelerometer; autoplay; clipboard-write; encrypted-media; gyroscope; picture-in-picture; web-share\" referrerpolicy=\"strict-origin-when-cross-origin\" allowfullscreen><\/iframe><\/div>\n<p>&nbsp;<\/p>\n<p>&nbsp;<\/p>\n<p><img fetchpriority=\"high\" decoding=\"async\" class=\"alignnone size-full wp-image-14919\" src=\"https:\/\/graphimarket.com\/wp-content\/uploads\/2021\/01\/20.jpg\" alt=\"\" width=\"1153\" height=\"1730\" srcset=\"https:\/\/graphimarket.com\/wp-content\/uploads\/2021\/01\/20.jpg 1153w, https:\/\/graphimarket.com\/wp-content\/uploads\/2021\/01\/20-200x300.jpg 200w, https:\/\/graphimarket.com\/wp-content\/uploads\/2021\/01\/20-682x1024.jpg 682w, https:\/\/graphimarket.com\/wp-content\/uploads\/2021\/01\/20-768x1152.jpg 768w, https:\/\/graphimarket.com\/wp-content\/uploads\/2021\/01\/20-1024x1536.jpg 1024w, https:\/\/graphimarket.com\/wp-content\/uploads\/2021\/01\/20-8x12.jpg 8w, https:\/\/graphimarket.com\/wp-content\/uploads\/2021\/01\/20-600x900.jpg 600w\" sizes=\"(max-width: 1153px) 100vw, 1153px\" \/> <img decoding=\"async\" class=\"alignnone size-full wp-image-14920\" src=\"https:\/\/graphimarket.com\/wp-content\/uploads\/2021\/01\/27.jpg\" alt=\"\" width=\"772\" height=\"1157\" srcset=\"https:\/\/graphimarket.com\/wp-content\/uploads\/2021\/01\/27.jpg 772w, https:\/\/graphimarket.com\/wp-content\/uploads\/2021\/01\/27-200x300.jpg 200w, https:\/\/graphimarket.com\/wp-content\/uploads\/2021\/01\/27-683x1024.jpg 683w, https:\/\/graphimarket.com\/wp-content\/uploads\/2021\/01\/27-768x1151.jpg 768w, https:\/\/graphimarket.com\/wp-content\/uploads\/2021\/01\/27-8x12.jpg 8w, https:\/\/graphimarket.com\/wp-content\/uploads\/2021\/01\/27-600x899.jpg 600w\" sizes=\"(max-width: 772px) 100vw, 772px\" \/> <img decoding=\"async\" class=\"alignnone size-full wp-image-14921\" src=\"https:\/\/graphimarket.com\/wp-content\/uploads\/2021\/01\/31a.jpg\" alt=\"\" width=\"1153\" height=\"1730\" srcset=\"https:\/\/graphimarket.com\/wp-content\/uploads\/2021\/01\/31a.jpg 1153w, https:\/\/graphimarket.com\/wp-content\/uploads\/2021\/01\/31a-200x300.jpg 200w, https:\/\/graphimarket.com\/wp-content\/uploads\/2021\/01\/31a-682x1024.jpg 682w, https:\/\/graphimarket.com\/wp-content\/uploads\/2021\/01\/31a-768x1152.jpg 768w, https:\/\/graphimarket.com\/wp-content\/uploads\/2021\/01\/31a-1024x1536.jpg 1024w, https:\/\/graphimarket.com\/wp-content\/uploads\/2021\/01\/31a-8x12.jpg 8w, https:\/\/graphimarket.com\/wp-content\/uploads\/2021\/01\/31a-600x900.jpg 600w\" sizes=\"(max-width: 1153px) 100vw, 1153px\" \/> <img loading=\"lazy\" decoding=\"async\" class=\"alignnone size-full wp-image-14922\" src=\"https:\/\/graphimarket.com\/wp-content\/uploads\/2021\/01\/33.jpg\" alt=\"\" width=\"796\" height=\"1195\" srcset=\"https:\/\/graphimarket.com\/wp-content\/uploads\/2021\/01\/33.jpg 796w, https:\/\/graphimarket.com\/wp-content\/uploads\/2021\/01\/33-200x300.jpg 200w, https:\/\/graphimarket.com\/wp-content\/uploads\/2021\/01\/33-682x1024.jpg 682w, https:\/\/graphimarket.com\/wp-content\/uploads\/2021\/01\/33-768x1153.jpg 768w, https:\/\/graphimarket.com\/wp-content\/uploads\/2021\/01\/33-8x12.jpg 8w, https:\/\/graphimarket.com\/wp-content\/uploads\/2021\/01\/33-600x901.jpg 600w\" sizes=\"(max-width: 796px) 100vw, 796px\" \/> <img loading=\"lazy\" decoding=\"async\" class=\"alignnone size-full wp-image-14923\" src=\"https:\/\/graphimarket.com\/wp-content\/uploads\/2021\/01\/40.jpg\" alt=\"\" width=\"930\" height=\"1023\" srcset=\"https:\/\/graphimarket.com\/wp-content\/uploads\/2021\/01\/40.jpg 930w, https:\/\/graphimarket.com\/wp-content\/uploads\/2021\/01\/40-273x300.jpg 273w, https:\/\/graphimarket.com\/wp-content\/uploads\/2021\/01\/40-768x845.jpg 768w, https:\/\/graphimarket.com\/wp-content\/uploads\/2021\/01\/40-11x12.jpg 11w, https:\/\/graphimarket.com\/wp-content\/uploads\/2021\/01\/40-600x660.jpg 600w\" sizes=\"(max-width: 930px) 100vw, 930px\" \/> <img loading=\"lazy\" decoding=\"async\" class=\"alignnone size-full wp-image-14924\" src=\"https:\/\/graphimarket.com\/wp-content\/uploads\/2021\/01\/2e.jpg\" alt=\"\" width=\"1153\" height=\"1730\" srcset=\"https:\/\/graphimarket.com\/wp-content\/uploads\/2021\/01\/2e.jpg 1153w, https:\/\/graphimarket.com\/wp-content\/uploads\/2021\/01\/2e-200x300.jpg 200w, https:\/\/graphimarket.com\/wp-content\/uploads\/2021\/01\/2e-682x1024.jpg 682w, https:\/\/graphimarket.com\/wp-content\/uploads\/2021\/01\/2e-768x1152.jpg 768w, https:\/\/graphimarket.com\/wp-content\/uploads\/2021\/01\/2e-1024x1536.jpg 1024w, https:\/\/graphimarket.com\/wp-content\/uploads\/2021\/01\/2e-8x12.jpg 8w, https:\/\/graphimarket.com\/wp-content\/uploads\/2021\/01\/2e-600x900.jpg 600w\" sizes=\"(max-width: 1153px) 100vw, 1153px\" \/> <img loading=\"lazy\" decoding=\"async\" class=\"alignnone size-full wp-image-14925\" src=\"https:\/\/graphimarket.com\/wp-content\/uploads\/2021\/01\/3.jpg\" alt=\"\" width=\"914\" height=\"1035\" srcset=\"https:\/\/graphimarket.com\/wp-content\/uploads\/2021\/01\/3.jpg 914w, https:\/\/graphimarket.com\/wp-content\/uploads\/2021\/01\/3-265x300.jpg 265w, https:\/\/graphimarket.com\/wp-content\/uploads\/2021\/01\/3-904x1024.jpg 904w, https:\/\/graphimarket.com\/wp-content\/uploads\/2021\/01\/3-768x870.jpg 768w, https:\/\/graphimarket.com\/wp-content\/uploads\/2021\/01\/3-11x12.jpg 11w, https:\/\/graphimarket.com\/wp-content\/uploads\/2021\/01\/3-600x679.jpg 600w\" sizes=\"(max-width: 914px) 100vw, 914px\" \/> <img loading=\"lazy\" decoding=\"async\" class=\"alignnone size-full wp-image-14926\" src=\"https:\/\/graphimarket.com\/wp-content\/uploads\/2021\/01\/8.jpg\" alt=\"\" width=\"772\" height=\"1157\" srcset=\"https:\/\/graphimarket.com\/wp-content\/uploads\/2021\/01\/8.jpg 772w, https:\/\/graphimarket.com\/wp-content\/uploads\/2021\/01\/8-200x300.jpg 200w, https:\/\/graphimarket.com\/wp-content\/uploads\/2021\/01\/8-683x1024.jpg 683w, https:\/\/graphimarket.com\/wp-content\/uploads\/2021\/01\/8-768x1151.jpg 768w, https:\/\/graphimarket.com\/wp-content\/uploads\/2021\/01\/8-8x12.jpg 8w, https:\/\/graphimarket.com\/wp-content\/uploads\/2021\/01\/8-600x899.jpg 600w\" sizes=\"(max-width: 772px) 100vw, 772px\" \/> <img loading=\"lazy\" decoding=\"async\" class=\"alignnone size-full wp-image-14927\" src=\"https:\/\/graphimarket.com\/wp-content\/uploads\/2021\/01\/10a.jpg\" alt=\"\" width=\"1689\" height=\"1689\" srcset=\"https:\/\/graphimarket.com\/wp-content\/uploads\/2021\/01\/10a.jpg 1689w, https:\/\/graphimarket.com\/wp-content\/uploads\/2021\/01\/10a-300x300.jpg 300w, https:\/\/graphimarket.com\/wp-content\/uploads\/2021\/01\/10a-1024x1024.jpg 1024w, https:\/\/graphimarket.com\/wp-content\/uploads\/2021\/01\/10a-150x150.jpg 150w, https:\/\/graphimarket.com\/wp-content\/uploads\/2021\/01\/10a-768x768.jpg 768w, https:\/\/graphimarket.com\/wp-content\/uploads\/2021\/01\/10a-1536x1536.jpg 1536w, https:\/\/graphimarket.com\/wp-content\/uploads\/2021\/01\/10a-12x12.jpg 12w, https:\/\/graphimarket.com\/wp-content\/uploads\/2021\/01\/10a-1320x1320.jpg 1320w, https:\/\/graphimarket.com\/wp-content\/uploads\/2021\/01\/10a-600x600.jpg 600w, https:\/\/graphimarket.com\/wp-content\/uploads\/2021\/01\/10a-100x100.jpg 100w\" sizes=\"(max-width: 1689px) 100vw, 1689px\" \/><\/p>","protected":false},"excerpt":{"rendered":"<p>ModernArt Photoshop Action Give your photos a professional new artistic look with this action. Typically an effect similar to this could take you hours, but now it can be done in under 1 minute. You simply brush onto your photo where you want the effect to appear, then click play on the action! The action [&hellip;]<\/p>\n","protected":false},"featured_media":14922,"comment_status":"open","ping_status":"closed","template":"","meta":{"site-sidebar-layout":"default","site-content-layout":"default","ast-site-content-layout":"default","site-content-style":"default","site-sidebar-style":"default","ast-global-header-display":"","ast-banner-title-visibility":"","ast-main-header-display":"","ast-hfb-above-header-display":"","ast-hfb-below-header-display":"","ast-hfb-mobile-header-display":"","site-post-title":"","ast-breadcrumbs-content":"","ast-featured-img":"","footer-sml-layout":"","ast-disable-related-posts":"","theme-transparent-header-meta":"default","adv-header-id-meta":"","stick-header-meta":"","header-above-stick-meta":"","header-main-stick-meta":"","header-below-stick-meta":"","astra-migrate-meta-layouts":"default","ast-page-background-enabled":"default","ast-page-background-meta":{"desktop":{"background-color":"","background-image":"","background-repeat":"repeat","background-position":"center center","background-size":"auto","background-attachment":"scroll","background-type":"","background-media":"","overlay-type":"","overlay-color":"","overlay-opacity":"","overlay-gradient":""},"tablet":{"background-color":"","background-image":"","background-repeat":"repeat","background-position":"center center","background-size":"auto","background-attachment":"scroll","background-type":"","background-media":"","overlay-type":"","overlay-color":"","overlay-opacity":"","overlay-gradient":""},"mobile":{"background-color":"","background-image":"","background-repeat":"repeat","background-position":"center center","background-size":"auto","background-attachment":"scroll","background-type":"","background-media":"","overlay-type":"","overlay-color":"","overlay-opacity":"","overlay-gradient":""}},"ast-content-background-meta":{"desktop":{"background-color":"var(--ast-global-color-5)","background-image":"","background-repeat":"repeat","background-position":"center center","background-size":"auto","background-attachment":"scroll","background-type":"","background-media":"","overlay-type":"","overlay-color":"","overlay-opacity":"","overlay-gradient":""},"tablet":{"background-color":"var(--ast-global-color-5)","background-image":"","background-repeat":"repeat","background-position":"center center","background-size":"auto","background-attachment":"scroll","background-type":"","background-media":"","overlay-type":"","overlay-color":"","overlay-opacity":"","overlay-gradient":""},"mobile":{"background-color":"var(--ast-global-color-5)","background-image":"","background-repeat":"repeat","background-position":"center center","background-size":"auto","background-attachment":"scroll","background-type":"","background-media":"","overlay-type":"","overlay-color":"","overlay-opacity":"","overlay-gradient":""}}},"product_brand":[],"product_cat":[195,146],"product_tag":[254,262,1799],"class_list":{"0":"post-14917","1":"product","2":"type-product","3":"status-publish","4":"has-post-thumbnail","6":"product_cat-photoshop","7":"product_cat-photoshop-action","8":"product_tag-art","9":"product_tag-modern","10":"product_tag-photoshop-action","11":"desktop-align-left","12":"tablet-align-left","13":"mobile-align-left","15":"first","16":"instock","17":"sale","18":"downloadable","19":"virtual","20":"taxable","21":"purchasable","22":"product-type-simple"},"yoast_head":"<!-- This site is optimized with the Yoast SEO plugin v27.3 - https:\/\/yoast.com\/product\/yoast-seo-wordpress\/ -->\n<title>ModernArt Photoshop Action - Graphimarket<\/title>\n<meta name=\"description\" content=\"Give your photos a professional new artistic look with this action. Typically an effect similar to this could take you hours, but now it can..\" \/>\n<meta name=\"robots\" content=\"index, follow, max-snippet:-1, max-image-preview:large, max-video-preview:-1\" \/>\n<link rel=\"canonical\" href=\"http:\/\/graphimarket.com\/es\/product\/modernart-photoshop-action\/\" \/>\n<meta property=\"og:locale\" content=\"es_ES\" \/>\n<meta property=\"og:type\" content=\"article\" \/>\n<meta property=\"og:title\" content=\"ModernArt Photoshop Action - Graphimarket\" \/>\n<meta property=\"og:description\" content=\"Give your photos a professional new artistic look with this action. Typically an effect similar to this could take you hours, but now it can..\" \/>\n<meta property=\"og:url\" content=\"http:\/\/graphimarket.com\/es\/product\/modernart-photoshop-action\/\" \/>\n<meta property=\"og:site_name\" content=\"Graphimarket\" \/>\n<meta property=\"article:modified_time\" content=\"2022-12-19T08:21:40+00:00\" \/>\n<meta property=\"og:image\" content=\"https:\/\/graphimarket.com\/wp-content\/uploads\/2021\/01\/33.jpg\" \/>\n\t<meta property=\"og:image:width\" content=\"796\" \/>\n\t<meta property=\"og:image:height\" content=\"1195\" \/>\n\t<meta property=\"og:image:type\" content=\"image\/jpeg\" \/>\n<meta name=\"twitter:card\" content=\"summary_large_image\" \/>\n<meta name=\"twitter:label1\" content=\"Est. reading time\" \/>\n\t<meta name=\"twitter:data1\" content=\"2 minutes\" \/>\n<script type=\"application\/ld+json\" class=\"yoast-schema-graph\">{\"@context\":\"https:\\\/\\\/schema.org\",\"@graph\":[{\"@type\":\"WebPage\",\"@id\":\"http:\\\/\\\/graphimarket.com\\\/ja\\\/product\\\/modernart-photoshop-action\\\/\",\"url\":\"http:\\\/\\\/graphimarket.com\\\/ja\\\/product\\\/modernart-photoshop-action\\\/\",\"name\":\"ModernArt Photoshop Action - Graphimarket\",\"isPartOf\":{\"@id\":\"https:\\\/\\\/graphimarket.com\\\/fr\\\/#website\"},\"primaryImageOfPage\":{\"@id\":\"http:\\\/\\\/graphimarket.com\\\/ja\\\/product\\\/modernart-photoshop-action\\\/#primaryimage\"},\"image\":{\"@id\":\"http:\\\/\\\/graphimarket.com\\\/ja\\\/product\\\/modernart-photoshop-action\\\/#primaryimage\"},\"thumbnailUrl\":\"https:\\\/\\\/graphimarket.com\\\/wp-content\\\/uploads\\\/2021\\\/01\\\/33.jpg\",\"datePublished\":\"2021-01-08T14:52:24+00:00\",\"dateModified\":\"2022-12-19T08:21:40+00:00\",\"description\":\"Give your photos a professional new artistic look with this action. Typically an effect similar to this could take you hours, but now it can..\",\"breadcrumb\":{\"@id\":\"http:\\\/\\\/graphimarket.com\\\/ja\\\/product\\\/modernart-photoshop-action\\\/#breadcrumb\"},\"inLanguage\":\"es-ES\",\"potentialAction\":[{\"@type\":\"ReadAction\",\"target\":[\"http:\\\/\\\/graphimarket.com\\\/ja\\\/product\\\/modernart-photoshop-action\\\/\"]}]},{\"@type\":\"ImageObject\",\"inLanguage\":\"es-ES\",\"@id\":\"http:\\\/\\\/graphimarket.com\\\/ja\\\/product\\\/modernart-photoshop-action\\\/#primaryimage\",\"url\":\"https:\\\/\\\/graphimarket.com\\\/wp-content\\\/uploads\\\/2021\\\/01\\\/33.jpg\",\"contentUrl\":\"https:\\\/\\\/graphimarket.com\\\/wp-content\\\/uploads\\\/2021\\\/01\\\/33.jpg\",\"width\":796,\"height\":1195},{\"@type\":\"BreadcrumbList\",\"@id\":\"http:\\\/\\\/graphimarket.com\\\/ja\\\/product\\\/modernart-photoshop-action\\\/#breadcrumb\",\"itemListElement\":[{\"@type\":\"ListItem\",\"position\":1,\"name\":\"Home\",\"item\":\"https:\\\/\\\/graphimarket.com\\\/es\\\/\"},{\"@type\":\"ListItem\",\"position\":2,\"name\":\"Store\",\"item\":\"https:\\\/\\\/graphimarket.com\\\/store\\\/\"},{\"@type\":\"ListItem\",\"position\":3,\"name\":\"ModernArt Photoshop Action\"}]},{\"@type\":\"WebSite\",\"@id\":\"https:\\\/\\\/graphimarket.com\\\/fr\\\/#website\",\"url\":\"https:\\\/\\\/graphimarket.com\\\/fr\\\/\",\"name\":\"Graphimarket\",\"description\":\"Find the perfect creative asset to bring your project to life\",\"publisher\":{\"@id\":\"https:\\\/\\\/graphimarket.com\\\/fr\\\/#organization\"},\"potentialAction\":[{\"@type\":\"SearchAction\",\"target\":{\"@type\":\"EntryPoint\",\"urlTemplate\":\"https:\\\/\\\/graphimarket.com\\\/fr\\\/?s={search_term_string}\"},\"query-input\":{\"@type\":\"PropertyValueSpecification\",\"valueRequired\":true,\"valueName\":\"search_term_string\"}}],\"inLanguage\":\"es-ES\"},{\"@type\":\"Organization\",\"@id\":\"https:\\\/\\\/graphimarket.com\\\/fr\\\/#organization\",\"name\":\"Graphimarket\",\"url\":\"https:\\\/\\\/graphimarket.com\\\/fr\\\/\",\"logo\":{\"@type\":\"ImageObject\",\"inLanguage\":\"es-ES\",\"@id\":\"https:\\\/\\\/graphimarket.com\\\/fr\\\/#\\\/schema\\\/logo\\\/image\\\/\",\"url\":\"https:\\\/\\\/graphimarket.com\\\/wp-content\\\/uploads\\\/2020\\\/08\\\/logo-48.png\",\"contentUrl\":\"https:\\\/\\\/graphimarket.com\\\/wp-content\\\/uploads\\\/2020\\\/08\\\/logo-48.png\",\"width\":132,\"height\":48,\"caption\":\"Graphimarket\"},\"image\":{\"@id\":\"https:\\\/\\\/graphimarket.com\\\/fr\\\/#\\\/schema\\\/logo\\\/image\\\/\"}}]}<\/script>\n<!-- \/ Yoast SEO plugin. -->","yoast_head_json":{"title":"Acci\u00f3n de Photoshop de ModernArt - Graphimarket","description":"Dale a tus fotos un nuevo aspecto art\u00edstico profesional con esta acci\u00f3n. Normalmente, un efecto similar a este podr\u00eda llevarle horas, pero ahora puede ...","robots":{"index":"index","follow":"follow","max-snippet":"max-snippet:-1","max-image-preview":"max-image-preview:large","max-video-preview":"max-video-preview:-1"},"canonical":"http:\/\/graphimarket.com\/es\/product\/modernart-photoshop-action\/","og_locale":"es_ES","og_type":"article","og_title":"ModernArt Photoshop Action - Graphimarket","og_description":"Give your photos a professional new artistic look with this action. Typically an effect similar to this could take you hours, but now it can..","og_url":"http:\/\/graphimarket.com\/es\/product\/modernart-photoshop-action\/","og_site_name":"Graphimarket","article_modified_time":"2022-12-19T08:21:40+00:00","og_image":[{"width":796,"height":1195,"url":"https:\/\/graphimarket.com\/wp-content\/uploads\/2021\/01\/33.jpg","type":"image\/jpeg"}],"twitter_card":"summary_large_image","twitter_misc":{"Est. reading time":"2 minutes"},"schema":{"@context":"https:\/\/schema.org","@graph":[{"@type":"WebPage","@id":"http:\/\/graphimarket.com\/ja\/product\/modernart-photoshop-action\/","url":"http:\/\/graphimarket.com\/ja\/product\/modernart-photoshop-action\/","name":"Acci\u00f3n de Photoshop de ModernArt - Graphimarket","isPartOf":{"@id":"https:\/\/graphimarket.com\/fr\/#website"},"primaryImageOfPage":{"@id":"http:\/\/graphimarket.com\/ja\/product\/modernart-photoshop-action\/#primaryimage"},"image":{"@id":"http:\/\/graphimarket.com\/ja\/product\/modernart-photoshop-action\/#primaryimage"},"thumbnailUrl":"https:\/\/graphimarket.com\/wp-content\/uploads\/2021\/01\/33.jpg","datePublished":"2021-01-08T14:52:24+00:00","dateModified":"2022-12-19T08:21:40+00:00","description":"Dale a tus fotos un nuevo aspecto art\u00edstico profesional con esta acci\u00f3n. Normalmente, un efecto similar a este podr\u00eda llevarle horas, pero ahora puede ...","breadcrumb":{"@id":"http:\/\/graphimarket.com\/ja\/product\/modernart-photoshop-action\/#breadcrumb"},"inLanguage":"es-ES","potentialAction":[{"@type":"ReadAction","target":["http:\/\/graphimarket.com\/ja\/product\/modernart-photoshop-action\/"]}]},{"@type":"ImageObject","inLanguage":"es-ES","@id":"http:\/\/graphimarket.com\/ja\/product\/modernart-photoshop-action\/#primaryimage","url":"https:\/\/graphimarket.com\/wp-content\/uploads\/2021\/01\/33.jpg","contentUrl":"https:\/\/graphimarket.com\/wp-content\/uploads\/2021\/01\/33.jpg","width":796,"height":1195},{"@type":"BreadcrumbList","@id":"http:\/\/graphimarket.com\/ja\/product\/modernart-photoshop-action\/#breadcrumb","itemListElement":[{"@type":"ListItem","position":1,"name":"Home","item":"https:\/\/graphimarket.com\/es\/"},{"@type":"ListItem","position":2,"name":"Store","item":"https:\/\/graphimarket.com\/store\/"},{"@type":"ListItem","position":3,"name":"ModernArt Photoshop Action"}]},{"@type":"WebSite","@id":"https:\/\/graphimarket.com\/fr\/#website","url":"https:\/\/graphimarket.com\/fr\/","name":"Graphimarket","description":"Encuentre el activo creativo perfecto para darle vida a su proyecto","publisher":{"@id":"https:\/\/graphimarket.com\/fr\/#organization"},"potentialAction":[{"@type":"SearchAction","target":{"@type":"EntryPoint","urlTemplate":"https:\/\/graphimarket.com\/fr\/?s={search_term_string}"},"query-input":{"@type":"PropertyValueSpecification","valueRequired":true,"valueName":"search_term_string"}}],"inLanguage":"es-ES"},{"@type":"Organization","@id":"https:\/\/graphimarket.com\/fr\/#organization","name":"Graphimarket","url":"https:\/\/graphimarket.com\/fr\/","logo":{"@type":"ImageObject","inLanguage":"es-ES","@id":"https:\/\/graphimarket.com\/fr\/#\/schema\/logo\/image\/","url":"https:\/\/graphimarket.com\/wp-content\/uploads\/2020\/08\/logo-48.png","contentUrl":"https:\/\/graphimarket.com\/wp-content\/uploads\/2020\/08\/logo-48.png","width":132,"height":48,"caption":"Graphimarket"},"image":{"@id":"https:\/\/graphimarket.com\/fr\/#\/schema\/logo\/image\/"}}]}},"_links":{"self":[{"href":"https:\/\/graphimarket.com\/es\/wp-json\/wp\/v2\/product\/14917","targetHints":{"allow":["GET"]}}],"collection":[{"href":"https:\/\/graphimarket.com\/es\/wp-json\/wp\/v2\/product"}],"about":[{"href":"https:\/\/graphimarket.com\/es\/wp-json\/wp\/v2\/types\/product"}],"replies":[{"embeddable":true,"href":"https:\/\/graphimarket.com\/es\/wp-json\/wp\/v2\/comments?post=14917"}],"version-history":[{"count":0,"href":"https:\/\/graphimarket.com\/es\/wp-json\/wp\/v2\/product\/14917\/revisions"}],"wp:featuredmedia":[{"embeddable":true,"href":"https:\/\/graphimarket.com\/es\/wp-json\/wp\/v2\/media\/14922"}],"wp:attachment":[{"href":"https:\/\/graphimarket.com\/es\/wp-json\/wp\/v2\/media?parent=14917"}],"wp:term":[{"taxonomy":"product_brand","embeddable":true,"href":"https:\/\/graphimarket.com\/es\/wp-json\/wp\/v2\/product_brand?post=14917"},{"taxonomy":"product_cat","embeddable":true,"href":"https:\/\/graphimarket.com\/es\/wp-json\/wp\/v2\/product_cat?post=14917"},{"taxonomy":"product_tag","embeddable":true,"href":"https:\/\/graphimarket.com\/es\/wp-json\/wp\/v2\/product_tag?post=14917"}],"curies":[{"name":"wp","href":"https:\/\/api.w.org\/{rel}","templated":true}]}}