{"id":15266,"date":"2021-01-15T16:38:47","date_gmt":"2021-01-15T15:38:47","guid":{"rendered":"https:\/\/graphimarket.com\/?post_type=product&#038;p=15266"},"modified":"2022-12-19T09:05:06","modified_gmt":"2022-12-19T08:05:06","slug":"fury-photoshop-action","status":"publish","type":"product","link":"https:\/\/graphimarket.com\/es\/product\/fury-photoshop-action\/","title":{"rendered":"Acci\u00f3n de Photoshop Fury"},"content":{"rendered":"<h2 id=\"item-description__fury-photoshop-action\">Acci\u00f3n de Photoshop Fury<\/h2>\n<p>Crea este efecto altamente detallado a partir de tus fotos con poco esfuerzo.<\/p>\n<p>La acci\u00f3n ha sido probada y funcionando en Photoshop.\u00a0<strong>CS4, CS5, CS6, CC, CC 2015.5, CC 2017, CC 2018, CC 2019+<\/strong><\/p>\n<p><a href=\"https:\/\/www.youtube.com\/watch?v=GcnAD9CIcXM\" target=\"_blank\" rel=\"noopener\">Tutorial<\/a><\/p>\n<p>&nbsp;<\/p>\n<p><strong>Importante saber<\/strong><\/p>\n<ul>\n<li>Aseg\u00farese de que est\u00e1 utilizando\u00a0<a href=\"https:\/\/graphimarket.com\/es\/2021\/01\/12\/change-the-language-of-your-creative-cloud-apps\/\" target=\"_blank\" rel=\"noopener\">English version<\/a> of Photoshop\u00a0to run the Action on. All Sevenstyles Actions will only work in the English version of Photoshop.<\/li>\n<\/ul>\n<ul>\n<li>Compruebe que est\u00e1 utilizando una versi\u00f3n de Photoshop compatible con Action.<\/li>\n<\/ul>\n<ul>\n<li>Utilice fotograf\u00edas de alta resoluci\u00f3n con Action para obtener los mejores resultados y evitar errores. Una resoluci\u00f3n fotogr\u00e1fica \u00f3ptima es de 2000px a 4500px.<\/li>\n<\/ul>\n<ul>\n<li>Con Adobe Creative Cloud, puede instalar\u00a0<a href=\"https:\/\/graphimarket.com\/es\/2021\/01\/12\/how-to-install-previous-versions-of-your-creative-cloud-apps\/\" target=\"_blank\" rel=\"noopener\">m\u00faltiples versiones de Photoshop<\/a>. Si le gusta esta acci\u00f3n pero no es compatible con su versi\u00f3n de Photoshop, siempre puede instalar una versi\u00f3n adicional de Photoshop para ejecutar la acci\u00f3n. Una vez que se haya probado una acci\u00f3n y est\u00e9 funcionando en una versi\u00f3n de Photoshop, funcionar\u00e1 para siempre.<\/li>\n<\/ul>\n<ul>\n<li>Utilice im\u00e1genes Jpeg para ejecutar la acci\u00f3n. Otros tipos de archivos como TIFF, BMP, PNG, PSD pueden causar problemas con las acciones, ya que Photoshop desactiva varias funciones para diferentes tipos de archivos.<\/li>\n<\/ul>\n<ul>\n<li>Si una acci\u00f3n de Sevenstyles incluye un archivo de pincel (.abr), patr\u00f3n (.pat) o formas (.csh) en la descarga, entonces debe cargarse en Photoshop antes de reproducir la acci\u00f3n.<\/li>\n<\/ul>\n<ul>\n<li>Evite usar la acci\u00f3n en logotipos o im\u00e1genes de estilo clip art, ya que la falta de detalle y contraste de color puede provocar errores.<\/li>\n<\/ul>\n<figure id=\"attachment_15267\" aria-describedby=\"caption-attachment-15267\" style=\"width: 1935px\" class=\"wp-caption alignnone\"><img fetchpriority=\"high\" decoding=\"async\" class=\"size-full wp-image-15267\" src=\"https:\/\/graphimarket.com\/wp-content\/uploads\/2021\/01\/11a.jpg\" alt=\"\" width=\"1935\" height=\"2495\" srcset=\"https:\/\/graphimarket.com\/wp-content\/uploads\/2021\/01\/11a.jpg 1935w, https:\/\/graphimarket.com\/wp-content\/uploads\/2021\/01\/11a-233x300.jpg 233w, https:\/\/graphimarket.com\/wp-content\/uploads\/2021\/01\/11a-794x1024.jpg 794w, https:\/\/graphimarket.com\/wp-content\/uploads\/2021\/01\/11a-768x990.jpg 768w, https:\/\/graphimarket.com\/wp-content\/uploads\/2021\/01\/11a-1191x1536.jpg 1191w, https:\/\/graphimarket.com\/wp-content\/uploads\/2021\/01\/11a-1588x2048.jpg 1588w, https:\/\/graphimarket.com\/wp-content\/uploads\/2021\/01\/11a-9x12.jpg 9w, https:\/\/graphimarket.com\/wp-content\/uploads\/2021\/01\/11a-1320x1702.jpg 1320w, https:\/\/graphimarket.com\/wp-content\/uploads\/2021\/01\/11a-600x774.jpg 600w\" sizes=\"(max-width: 1935px) 100vw, 1935px\" \/><figcaption id=\"caption-attachment-15267\" class=\"wp-caption-text\">Mass Image Compressor Comprimi\u00f3 esta imagen. https:\/\/sourceforge.net\/projects\/icompress\/ con Calidad: 84<\/figcaption><\/figure>\n<figure id=\"attachment_15268\" aria-describedby=\"caption-attachment-15268\" style=\"width: 1935px\" class=\"wp-caption alignnone\"><img decoding=\"async\" class=\"size-full wp-image-15268\" src=\"https:\/\/graphimarket.com\/wp-content\/uploads\/2021\/01\/11c-1.jpg\" alt=\"\" width=\"1935\" height=\"2495\" srcset=\"https:\/\/graphimarket.com\/wp-content\/uploads\/2021\/01\/11c-1.jpg 1935w, https:\/\/graphimarket.com\/wp-content\/uploads\/2021\/01\/11c-1-233x300.jpg 233w, https:\/\/graphimarket.com\/wp-content\/uploads\/2021\/01\/11c-1-794x1024.jpg 794w, https:\/\/graphimarket.com\/wp-content\/uploads\/2021\/01\/11c-1-768x990.jpg 768w, https:\/\/graphimarket.com\/wp-content\/uploads\/2021\/01\/11c-1-1191x1536.jpg 1191w, https:\/\/graphimarket.com\/wp-content\/uploads\/2021\/01\/11c-1-1588x2048.jpg 1588w, https:\/\/graphimarket.com\/wp-content\/uploads\/2021\/01\/11c-1-9x12.jpg 9w, https:\/\/graphimarket.com\/wp-content\/uploads\/2021\/01\/11c-1-1320x1702.jpg 1320w, https:\/\/graphimarket.com\/wp-content\/uploads\/2021\/01\/11c-1-600x774.jpg 600w\" sizes=\"(max-width: 1935px) 100vw, 1935px\" \/><figcaption id=\"caption-attachment-15268\" class=\"wp-caption-text\">Mass Image Compressor Comprimi\u00f3 esta imagen. https:\/\/sourceforge.net\/projects\/icompress\/ con Calidad: 84<\/figcaption><\/figure>\n<p><img decoding=\"async\" class=\"alignnone size-full wp-image-15269\" src=\"https:\/\/graphimarket.com\/wp-content\/uploads\/2021\/01\/12a.jpg\" alt=\"\" width=\"790\" height=\"1130\" srcset=\"https:\/\/graphimarket.com\/wp-content\/uploads\/2021\/01\/12a.jpg 790w, https:\/\/graphimarket.com\/wp-content\/uploads\/2021\/01\/12a-210x300.jpg 210w, https:\/\/graphimarket.com\/wp-content\/uploads\/2021\/01\/12a-716x1024.jpg 716w, https:\/\/graphimarket.com\/wp-content\/uploads\/2021\/01\/12a-768x1099.jpg 768w, https:\/\/graphimarket.com\/wp-content\/uploads\/2021\/01\/12a-8x12.jpg 8w, https:\/\/graphimarket.com\/wp-content\/uploads\/2021\/01\/12a-600x858.jpg 600w\" sizes=\"(max-width: 790px) 100vw, 790px\" \/> <img loading=\"lazy\" decoding=\"async\" class=\"alignnone size-full wp-image-15270\" src=\"https:\/\/graphimarket.com\/wp-content\/uploads\/2021\/01\/15c.jpg\" alt=\"\" width=\"753\" height=\"1163\" srcset=\"https:\/\/graphimarket.com\/wp-content\/uploads\/2021\/01\/15c.jpg 753w, https:\/\/graphimarket.com\/wp-content\/uploads\/2021\/01\/15c-194x300.jpg 194w, https:\/\/graphimarket.com\/wp-content\/uploads\/2021\/01\/15c-663x1024.jpg 663w, https:\/\/graphimarket.com\/wp-content\/uploads\/2021\/01\/15c-8x12.jpg 8w, https:\/\/graphimarket.com\/wp-content\/uploads\/2021\/01\/15c-600x927.jpg 600w\" sizes=\"(max-width: 753px) 100vw, 753px\" \/><\/p>\n<figure id=\"attachment_15271\" aria-describedby=\"caption-attachment-15271\" style=\"width: 1380px\" class=\"wp-caption alignnone\"><img loading=\"lazy\" decoding=\"async\" class=\"size-full wp-image-15271\" src=\"https:\/\/graphimarket.com\/wp-content\/uploads\/2021\/01\/16a.jpg\" alt=\"\" width=\"1380\" height=\"2070\" srcset=\"https:\/\/graphimarket.com\/wp-content\/uploads\/2021\/01\/16a.jpg 1380w, https:\/\/graphimarket.com\/wp-content\/uploads\/2021\/01\/16a-200x300.jpg 200w, https:\/\/graphimarket.com\/wp-content\/uploads\/2021\/01\/16a-683x1024.jpg 683w, https:\/\/graphimarket.com\/wp-content\/uploads\/2021\/01\/16a-768x1152.jpg 768w, https:\/\/graphimarket.com\/wp-content\/uploads\/2021\/01\/16a-1024x1536.jpg 1024w, https:\/\/graphimarket.com\/wp-content\/uploads\/2021\/01\/16a-1365x2048.jpg 1365w, https:\/\/graphimarket.com\/wp-content\/uploads\/2021\/01\/16a-8x12.jpg 8w, https:\/\/graphimarket.com\/wp-content\/uploads\/2021\/01\/16a-1320x1980.jpg 1320w, https:\/\/graphimarket.com\/wp-content\/uploads\/2021\/01\/16a-600x900.jpg 600w\" sizes=\"(max-width: 1380px) 100vw, 1380px\" \/><figcaption id=\"caption-attachment-15271\" class=\"wp-caption-text\">Mass Image Compressor Comprimi\u00f3 esta imagen. https:\/\/sourceforge.net\/projects\/icompress\/ con Calidad: 84<\/figcaption><\/figure>\n<p><img loading=\"lazy\" decoding=\"async\" class=\"alignnone size-full wp-image-15272\" src=\"https:\/\/graphimarket.com\/wp-content\/uploads\/2021\/01\/18a.jpg\" alt=\"\" width=\"1467\" height=\"2209\" srcset=\"https:\/\/graphimarket.com\/wp-content\/uploads\/2021\/01\/18a.jpg 1467w, https:\/\/graphimarket.com\/wp-content\/uploads\/2021\/01\/18a-199x300.jpg 199w, https:\/\/graphimarket.com\/wp-content\/uploads\/2021\/01\/18a-680x1024.jpg 680w, https:\/\/graphimarket.com\/wp-content\/uploads\/2021\/01\/18a-768x1156.jpg 768w, https:\/\/graphimarket.com\/wp-content\/uploads\/2021\/01\/18a-1020x1536.jpg 1020w, https:\/\/graphimarket.com\/wp-content\/uploads\/2021\/01\/18a-1360x2048.jpg 1360w, https:\/\/graphimarket.com\/wp-content\/uploads\/2021\/01\/18a-8x12.jpg 8w, https:\/\/graphimarket.com\/wp-content\/uploads\/2021\/01\/18a-1320x1988.jpg 1320w, https:\/\/graphimarket.com\/wp-content\/uploads\/2021\/01\/18a-600x903.jpg 600w\" sizes=\"(max-width: 1467px) 100vw, 1467px\" \/> <img loading=\"lazy\" decoding=\"async\" class=\"alignnone size-full wp-image-15273\" src=\"https:\/\/graphimarket.com\/wp-content\/uploads\/2021\/01\/10a-1.jpg\" alt=\"\" width=\"1420\" height=\"1406\" srcset=\"https:\/\/graphimarket.com\/wp-content\/uploads\/2021\/01\/10a-1.jpg 1420w, https:\/\/graphimarket.com\/wp-content\/uploads\/2021\/01\/10a-1-300x297.jpg 300w, https:\/\/graphimarket.com\/wp-content\/uploads\/2021\/01\/10a-1-1024x1014.jpg 1024w, https:\/\/graphimarket.com\/wp-content\/uploads\/2021\/01\/10a-1-150x150.jpg 150w, https:\/\/graphimarket.com\/wp-content\/uploads\/2021\/01\/10a-1-768x760.jpg 768w, https:\/\/graphimarket.com\/wp-content\/uploads\/2021\/01\/10a-1-12x12.jpg 12w, https:\/\/graphimarket.com\/wp-content\/uploads\/2021\/01\/10a-1-1320x1307.jpg 1320w, https:\/\/graphimarket.com\/wp-content\/uploads\/2021\/01\/10a-1-600x594.jpg 600w, https:\/\/graphimarket.com\/wp-content\/uploads\/2021\/01\/10a-1-100x100.jpg 100w\" sizes=\"(max-width: 1420px) 100vw, 1420px\" \/> <img loading=\"lazy\" decoding=\"async\" class=\"alignnone size-full wp-image-15274\" src=\"https:\/\/graphimarket.com\/wp-content\/uploads\/2021\/01\/10b-1.jpg\" alt=\"\" width=\"1420\" height=\"1406\" srcset=\"https:\/\/graphimarket.com\/wp-content\/uploads\/2021\/01\/10b-1.jpg 1420w, https:\/\/graphimarket.com\/wp-content\/uploads\/2021\/01\/10b-1-300x297.jpg 300w, https:\/\/graphimarket.com\/wp-content\/uploads\/2021\/01\/10b-1-1024x1014.jpg 1024w, https:\/\/graphimarket.com\/wp-content\/uploads\/2021\/01\/10b-1-150x150.jpg 150w, https:\/\/graphimarket.com\/wp-content\/uploads\/2021\/01\/10b-1-768x760.jpg 768w, https:\/\/graphimarket.com\/wp-content\/uploads\/2021\/01\/10b-1-12x12.jpg 12w, https:\/\/graphimarket.com\/wp-content\/uploads\/2021\/01\/10b-1-1320x1307.jpg 1320w, https:\/\/graphimarket.com\/wp-content\/uploads\/2021\/01\/10b-1-600x594.jpg 600w, https:\/\/graphimarket.com\/wp-content\/uploads\/2021\/01\/10b-1-100x100.jpg 100w\" sizes=\"(max-width: 1420px) 100vw, 1420px\" \/><\/p>","protected":false},"excerpt":{"rendered":"<p>Fury Photoshop Action Create this highly detailed effect from your photos with little effort at all. The action has been tested and working on Photoshop\u00a0CS4,CS5,CS6,CC,CC 2015.5, CC 2017, CC 2018, CC 2019+ Tutorial &nbsp; Important to know Make sure you are using the\u00a0English version of Photoshop\u00a0to run the Action on. All Sevenstyles Actions will only [&hellip;]<\/p>\n","protected":false},"featured_media":15270,"comment_status":"open","ping_status":"closed","template":"","meta":{"site-sidebar-layout":"default","site-content-layout":"default","ast-site-content-layout":"default","site-content-style":"default","site-sidebar-style":"default","ast-global-header-display":"","ast-banner-title-visibility":"","ast-main-header-display":"","ast-hfb-above-header-display":"","ast-hfb-below-header-display":"","ast-hfb-mobile-header-display":"","site-post-title":"","ast-breadcrumbs-content":"","ast-featured-img":"","footer-sml-layout":"","ast-disable-related-posts":"","theme-transparent-header-meta":"default","adv-header-id-meta":"","stick-header-meta":"","header-above-stick-meta":"","header-main-stick-meta":"","header-below-stick-meta":"","astra-migrate-meta-layouts":"default","ast-page-background-enabled":"default","ast-page-background-meta":{"desktop":{"background-color":"","background-image":"","background-repeat":"repeat","background-position":"center center","background-size":"auto","background-attachment":"scroll","background-type":"","background-media":"","overlay-type":"","overlay-color":"","overlay-opacity":"","overlay-gradient":""},"tablet":{"background-color":"","background-image":"","background-repeat":"repeat","background-position":"center center","background-size":"auto","background-attachment":"scroll","background-type":"","background-media":"","overlay-type":"","overlay-color":"","overlay-opacity":"","overlay-gradient":""},"mobile":{"background-color":"","background-image":"","background-repeat":"repeat","background-position":"center center","background-size":"auto","background-attachment":"scroll","background-type":"","background-media":"","overlay-type":"","overlay-color":"","overlay-opacity":"","overlay-gradient":""}},"ast-content-background-meta":{"desktop":{"background-color":"var(--ast-global-color-5)","background-image":"","background-repeat":"repeat","background-position":"center center","background-size":"auto","background-attachment":"scroll","background-type":"","background-media":"","overlay-type":"","overlay-color":"","overlay-opacity":"","overlay-gradient":""},"tablet":{"background-color":"var(--ast-global-color-5)","background-image":"","background-repeat":"repeat","background-position":"center center","background-size":"auto","background-attachment":"scroll","background-type":"","background-media":"","overlay-type":"","overlay-color":"","overlay-opacity":"","overlay-gradient":""},"mobile":{"background-color":"var(--ast-global-color-5)","background-image":"","background-repeat":"repeat","background-position":"center center","background-size":"auto","background-attachment":"scroll","background-type":"","background-media":"","overlay-type":"","overlay-color":"","overlay-opacity":"","overlay-gradient":""}}},"product_brand":[],"product_cat":[195,146],"product_tag":[292,1848,62],"class_list":{"0":"post-15266","1":"product","2":"type-product","3":"status-publish","4":"has-post-thumbnail","6":"product_cat-photoshop","7":"product_cat-photoshop-action","8":"product_tag-action","9":"product_tag-fury","10":"product_tag-photoshop","11":"desktop-align-left","12":"tablet-align-left","13":"mobile-align-left","15":"first","16":"instock","17":"sale","18":"downloadable","19":"virtual","20":"taxable","21":"purchasable","22":"product-type-simple"},"yoast_head":"<!-- This site is optimized with the Yoast SEO plugin v27.3 - https:\/\/yoast.com\/product\/yoast-seo-wordpress\/ -->\n<title>Fury Photoshop Action - Graphimarket<\/title>\n<meta name=\"description\" content=\"Fury Photoshop ActionCreate this highly detailed effect from your photos with little effort at all....\" \/>\n<meta name=\"robots\" content=\"index, follow, max-snippet:-1, max-image-preview:large, max-video-preview:-1\" \/>\n<link rel=\"canonical\" href=\"https:\/\/graphimarket.com\/es\/product\/fury-photoshop-action\/\" \/>\n<meta property=\"og:locale\" content=\"es_ES\" \/>\n<meta property=\"og:type\" content=\"article\" \/>\n<meta property=\"og:title\" content=\"Fury Photoshop Action - Graphimarket\" \/>\n<meta property=\"og:description\" content=\"Fury Photoshop ActionCreate this highly detailed effect from your photos with little effort at all....\" \/>\n<meta property=\"og:url\" content=\"https:\/\/graphimarket.com\/es\/product\/fury-photoshop-action\/\" \/>\n<meta property=\"og:site_name\" content=\"Graphimarket\" \/>\n<meta property=\"article:modified_time\" content=\"2022-12-19T08:05:06+00:00\" \/>\n<meta property=\"og:image\" content=\"https:\/\/graphimarket.com\/wp-content\/uploads\/2021\/01\/15c.jpg\" \/>\n\t<meta property=\"og:image:width\" content=\"753\" \/>\n\t<meta property=\"og:image:height\" content=\"1163\" \/>\n\t<meta property=\"og:image:type\" content=\"image\/jpeg\" \/>\n<meta name=\"twitter:card\" content=\"summary_large_image\" \/>\n<meta name=\"twitter:label1\" content=\"Est. reading time\" \/>\n\t<meta name=\"twitter:data1\" content=\"1 minute\" \/>\n<script type=\"application\/ld+json\" class=\"yoast-schema-graph\">{\"@context\":\"https:\\\/\\\/schema.org\",\"@graph\":[{\"@type\":\"WebPage\",\"@id\":\"https:\\\/\\\/graphimarket.com\\\/en\\\/product\\\/fury-photoshop-action\\\/\",\"url\":\"https:\\\/\\\/graphimarket.com\\\/en\\\/product\\\/fury-photoshop-action\\\/\",\"name\":\"Fury Photoshop Action - Graphimarket\",\"isPartOf\":{\"@id\":\"https:\\\/\\\/graphimarket.com\\\/fr\\\/#website\"},\"primaryImageOfPage\":{\"@id\":\"https:\\\/\\\/graphimarket.com\\\/en\\\/product\\\/fury-photoshop-action\\\/#primaryimage\"},\"image\":{\"@id\":\"https:\\\/\\\/graphimarket.com\\\/en\\\/product\\\/fury-photoshop-action\\\/#primaryimage\"},\"thumbnailUrl\":\"https:\\\/\\\/graphimarket.com\\\/wp-content\\\/uploads\\\/2021\\\/01\\\/15c.jpg\",\"datePublished\":\"2021-01-15T15:38:47+00:00\",\"dateModified\":\"2022-12-19T08:05:06+00:00\",\"description\":\"Fury Photoshop ActionCreate this highly detailed effect from your photos with little effort at all....\",\"breadcrumb\":{\"@id\":\"https:\\\/\\\/graphimarket.com\\\/en\\\/product\\\/fury-photoshop-action\\\/#breadcrumb\"},\"inLanguage\":\"es-ES\",\"potentialAction\":[{\"@type\":\"ReadAction\",\"target\":[\"https:\\\/\\\/graphimarket.com\\\/en\\\/product\\\/fury-photoshop-action\\\/\"]}]},{\"@type\":\"ImageObject\",\"inLanguage\":\"es-ES\",\"@id\":\"https:\\\/\\\/graphimarket.com\\\/en\\\/product\\\/fury-photoshop-action\\\/#primaryimage\",\"url\":\"https:\\\/\\\/graphimarket.com\\\/wp-content\\\/uploads\\\/2021\\\/01\\\/15c.jpg\",\"contentUrl\":\"https:\\\/\\\/graphimarket.com\\\/wp-content\\\/uploads\\\/2021\\\/01\\\/15c.jpg\",\"width\":753,\"height\":1163},{\"@type\":\"BreadcrumbList\",\"@id\":\"https:\\\/\\\/graphimarket.com\\\/en\\\/product\\\/fury-photoshop-action\\\/#breadcrumb\",\"itemListElement\":[{\"@type\":\"ListItem\",\"position\":1,\"name\":\"Home\",\"item\":\"https:\\\/\\\/graphimarket.com\\\/es\\\/\"},{\"@type\":\"ListItem\",\"position\":2,\"name\":\"Store\",\"item\":\"https:\\\/\\\/graphimarket.com\\\/store\\\/\"},{\"@type\":\"ListItem\",\"position\":3,\"name\":\"Fury Photoshop Action\"}]},{\"@type\":\"WebSite\",\"@id\":\"https:\\\/\\\/graphimarket.com\\\/fr\\\/#website\",\"url\":\"https:\\\/\\\/graphimarket.com\\\/fr\\\/\",\"name\":\"Graphimarket\",\"description\":\"Find the perfect creative asset to bring your project to life\",\"publisher\":{\"@id\":\"https:\\\/\\\/graphimarket.com\\\/fr\\\/#organization\"},\"potentialAction\":[{\"@type\":\"SearchAction\",\"target\":{\"@type\":\"EntryPoint\",\"urlTemplate\":\"https:\\\/\\\/graphimarket.com\\\/fr\\\/?s={search_term_string}\"},\"query-input\":{\"@type\":\"PropertyValueSpecification\",\"valueRequired\":true,\"valueName\":\"search_term_string\"}}],\"inLanguage\":\"es-ES\"},{\"@type\":\"Organization\",\"@id\":\"https:\\\/\\\/graphimarket.com\\\/fr\\\/#organization\",\"name\":\"Graphimarket\",\"url\":\"https:\\\/\\\/graphimarket.com\\\/fr\\\/\",\"logo\":{\"@type\":\"ImageObject\",\"inLanguage\":\"es-ES\",\"@id\":\"https:\\\/\\\/graphimarket.com\\\/fr\\\/#\\\/schema\\\/logo\\\/image\\\/\",\"url\":\"https:\\\/\\\/graphimarket.com\\\/wp-content\\\/uploads\\\/2020\\\/08\\\/logo-48.png\",\"contentUrl\":\"https:\\\/\\\/graphimarket.com\\\/wp-content\\\/uploads\\\/2020\\\/08\\\/logo-48.png\",\"width\":132,\"height\":48,\"caption\":\"Graphimarket\"},\"image\":{\"@id\":\"https:\\\/\\\/graphimarket.com\\\/fr\\\/#\\\/schema\\\/logo\\\/image\\\/\"}}]}<\/script>\n<!-- \/ Yoast SEO plugin. -->","yoast_head_json":{"title":"Fury Photoshop Action - Graphimarket","description":"Fury Photoshop ActionCreate this highly detailed effect from your photos with little effort at all....","robots":{"index":"index","follow":"follow","max-snippet":"max-snippet:-1","max-image-preview":"max-image-preview:large","max-video-preview":"max-video-preview:-1"},"canonical":"https:\/\/graphimarket.com\/es\/product\/fury-photoshop-action\/","og_locale":"es_ES","og_type":"article","og_title":"Fury Photoshop Action - Graphimarket","og_description":"Fury Photoshop ActionCreate this highly detailed effect from your photos with little effort at all....","og_url":"https:\/\/graphimarket.com\/es\/product\/fury-photoshop-action\/","og_site_name":"Graphimarket","article_modified_time":"2022-12-19T08:05:06+00:00","og_image":[{"width":753,"height":1163,"url":"https:\/\/graphimarket.com\/wp-content\/uploads\/2021\/01\/15c.jpg","type":"image\/jpeg"}],"twitter_card":"summary_large_image","twitter_misc":{"Est. reading time":"1 minute"},"schema":{"@context":"https:\/\/schema.org","@graph":[{"@type":"WebPage","@id":"https:\/\/graphimarket.com\/en\/product\/fury-photoshop-action\/","url":"https:\/\/graphimarket.com\/en\/product\/fury-photoshop-action\/","name":"Fury Photoshop Action - Graphimarket","isPartOf":{"@id":"https:\/\/graphimarket.com\/fr\/#website"},"primaryImageOfPage":{"@id":"https:\/\/graphimarket.com\/en\/product\/fury-photoshop-action\/#primaryimage"},"image":{"@id":"https:\/\/graphimarket.com\/en\/product\/fury-photoshop-action\/#primaryimage"},"thumbnailUrl":"https:\/\/graphimarket.com\/wp-content\/uploads\/2021\/01\/15c.jpg","datePublished":"2021-01-15T15:38:47+00:00","dateModified":"2022-12-19T08:05:06+00:00","description":"Fury Photoshop ActionCreate this highly detailed effect from your photos with little effort at all....","breadcrumb":{"@id":"https:\/\/graphimarket.com\/en\/product\/fury-photoshop-action\/#breadcrumb"},"inLanguage":"es-ES","potentialAction":[{"@type":"ReadAction","target":["https:\/\/graphimarket.com\/en\/product\/fury-photoshop-action\/"]}]},{"@type":"ImageObject","inLanguage":"es-ES","@id":"https:\/\/graphimarket.com\/en\/product\/fury-photoshop-action\/#primaryimage","url":"https:\/\/graphimarket.com\/wp-content\/uploads\/2021\/01\/15c.jpg","contentUrl":"https:\/\/graphimarket.com\/wp-content\/uploads\/2021\/01\/15c.jpg","width":753,"height":1163},{"@type":"BreadcrumbList","@id":"https:\/\/graphimarket.com\/en\/product\/fury-photoshop-action\/#breadcrumb","itemListElement":[{"@type":"ListItem","position":1,"name":"Home","item":"https:\/\/graphimarket.com\/es\/"},{"@type":"ListItem","position":2,"name":"Store","item":"https:\/\/graphimarket.com\/store\/"},{"@type":"ListItem","position":3,"name":"Fury Photoshop Action"}]},{"@type":"WebSite","@id":"https:\/\/graphimarket.com\/fr\/#website","url":"https:\/\/graphimarket.com\/fr\/","name":"Graphimarket","description":"Encuentre el activo creativo perfecto para darle vida a su proyecto","publisher":{"@id":"https:\/\/graphimarket.com\/fr\/#organization"},"potentialAction":[{"@type":"SearchAction","target":{"@type":"EntryPoint","urlTemplate":"https:\/\/graphimarket.com\/fr\/?s={search_term_string}"},"query-input":{"@type":"PropertyValueSpecification","valueRequired":true,"valueName":"search_term_string"}}],"inLanguage":"es-ES"},{"@type":"Organization","@id":"https:\/\/graphimarket.com\/fr\/#organization","name":"Graphimarket","url":"https:\/\/graphimarket.com\/fr\/","logo":{"@type":"ImageObject","inLanguage":"es-ES","@id":"https:\/\/graphimarket.com\/fr\/#\/schema\/logo\/image\/","url":"https:\/\/graphimarket.com\/wp-content\/uploads\/2020\/08\/logo-48.png","contentUrl":"https:\/\/graphimarket.com\/wp-content\/uploads\/2020\/08\/logo-48.png","width":132,"height":48,"caption":"Graphimarket"},"image":{"@id":"https:\/\/graphimarket.com\/fr\/#\/schema\/logo\/image\/"}}]}},"_links":{"self":[{"href":"https:\/\/graphimarket.com\/es\/wp-json\/wp\/v2\/product\/15266","targetHints":{"allow":["GET"]}}],"collection":[{"href":"https:\/\/graphimarket.com\/es\/wp-json\/wp\/v2\/product"}],"about":[{"href":"https:\/\/graphimarket.com\/es\/wp-json\/wp\/v2\/types\/product"}],"replies":[{"embeddable":true,"href":"https:\/\/graphimarket.com\/es\/wp-json\/wp\/v2\/comments?post=15266"}],"version-history":[{"count":0,"href":"https:\/\/graphimarket.com\/es\/wp-json\/wp\/v2\/product\/15266\/revisions"}],"wp:featuredmedia":[{"embeddable":true,"href":"https:\/\/graphimarket.com\/es\/wp-json\/wp\/v2\/media\/15270"}],"wp:attachment":[{"href":"https:\/\/graphimarket.com\/es\/wp-json\/wp\/v2\/media?parent=15266"}],"wp:term":[{"taxonomy":"product_brand","embeddable":true,"href":"https:\/\/graphimarket.com\/es\/wp-json\/wp\/v2\/product_brand?post=15266"},{"taxonomy":"product_cat","embeddable":true,"href":"https:\/\/graphimarket.com\/es\/wp-json\/wp\/v2\/product_cat?post=15266"},{"taxonomy":"product_tag","embeddable":true,"href":"https:\/\/graphimarket.com\/es\/wp-json\/wp\/v2\/product_tag?post=15266"}],"curies":[{"name":"wp","href":"https:\/\/api.w.org\/{rel}","templated":true}]}}