{"id":15360,"date":"2021-01-18T17:03:56","date_gmt":"2021-01-18T16:03:56","guid":{"rendered":"https:\/\/graphimarket.com\/?post_type=product&#038;p=15360"},"modified":"2022-12-19T09:03:54","modified_gmt":"2022-12-19T08:03:54","slug":"van-gogh-art-photoshop-action","status":"publish","type":"product","link":"https:\/\/graphimarket.com\/es\/product\/van-gogh-art-photoshop-action\/","title":{"rendered":"Acci\u00f3n de Photoshop de Van Gogh Art"},"content":{"rendered":"<h1><strong>Arte de Van Gogh<\/strong><\/h1>\n<p>convierte tu foto en un cuadro con estilo Van Gogh. La acci\u00f3n contiene 10 efectos especiales de color. Ahorra horas de trabajo con esta acci\u00f3n. Despu\u00e9s de la acci\u00f3n, termine el trabajo, obtendr\u00e1 un archivo bien organizado y estructurado con muchas capas, carpetas y configuraciones para mejorar el resultado final. La acci\u00f3n funciona perfectamente en Mac y PC.<\/p>\n<p><strong>\u00a1NOTA IMPORTANTE!<\/strong>\u00a0los\u00a0<strong>COMPATIBLE<\/strong>\u00a0versiones de Photoshop es\u00a0<strong>CS6, CC, CC 2015.5+, CC 2017+<\/strong>\u00a0y solo computadoras con disponibilidad\u00a0<strong>FILTRO DE PINTURA DE ACEITE<\/strong>\u00a0dentro de un Photoshop.<\/p>\n<p><a href=\"https:\/\/www.youtube.com\/watch?v=ob-fegSmd_A\" target=\"_blank\" rel=\"noopener\">Tutorial<\/a><\/p>\n<p><strong>Si la pintura al \u00f3leo est\u00e1 atenuada para usted, intente estos pasos:<\/strong><\/p>\n<p>\u2013 Aseg\u00farese de que Photoshop est\u00e9 actualizado<\/p>\n<p>\u2013 Aseg\u00farate de que tu documento sea RGB. Oil Paint no funcionar\u00e1 en espacios de color que no sean RGB (por ejemplo, CMYK, Lab, etc.)<\/p>\n<p>\u2013 Si est\u00e1 en Windows, aseg\u00farese de estar ejecutando un sistema operativo de 64 bits con la versi\u00f3n de 64 bits de Photoshop. OpenCL requiere 64 bits<\/p>\n<p>\u2013 Aseg\u00farese de que Usar procesador de gr\u00e1ficos est\u00e9 marcado en Preferencias &gt; Rendimiento\u00a0<img decoding=\"async\" src=\"https:\/\/camo.envatousercontent.com\/f2a401222f0c6c3e2d414dbc4306a1dd246076c5\/687474703a2f2f69313331362e70686f746f6275636b65742e636f6d2f616c62756d732f743630322f657567656e652d64657369676e2f5573654f70656e436c5f6f6b5f7a707373357461796c6a6d2e6a7067\" alt=\"Van Gogh Art Photoshop Action - 2\" \/><\/p>\n<p>\u2013 Aseg\u00farese de que el controlador de su tarjeta de video est\u00e9 actualizado con la \u00faltima versi\u00f3n del sitio web del proveedor.<\/p>\n<p>Nota: si su tarjeta de video no admite OpenCL v1.1 o superior, es posible que deba comprar una tarjeta de video mejorada que admita OpenCL v1.1 o superior para obtener acceso al filtro de pintura al \u00f3leo.<\/p>\n<p>Puede encontrar informaci\u00f3n sobre su tarjeta gr\u00e1fica en el cuadro de di\u00e1logo Ayuda &gt; Informaci\u00f3n del sistema de Photoshop.<\/p>\n<h2 id=\"item-description__\"><\/h2>\n<p>Probado en Photoshop CS6, CC, CC 2015.5+ y CC 2017+.<\/p>\n<p>SOLO PARA LA VERSI\u00d3N EN INGL\u00c9S DE PHOTOSHOP. \u00bfNecesitas cambiar el idioma de tu versi\u00f3n? MIRA AQU\u00cd<\/p>\n<h2 id=\"item-description__how-to-configure-photoshop-to-work-with-actions\">C\u00f3mo configurar Photoshop para trabajar con acciones.<\/h2>\n<p><strong>1. Aseg\u00farese de que est\u00e1 utilizando la versi\u00f3n en ingl\u00e9s de Photoshop.<\/strong>\u00a0Cada acci\u00f3n ha sido creada y optimizada para funcionar solo con la versi\u00f3n en ingl\u00e9s de Photoshop, as\u00ed que aseg\u00farese de estar usando esta versi\u00f3n. Si no es as\u00ed, no se preocupe: puede cambiar el idioma de su versi\u00f3n de Photoshop a ingl\u00e9s (y volver a cambiar) usando\u00a0<a href=\"https:\/\/graphimarket.com\/es\/2021\/01\/12\/guide-how-to-change-language-on-adobe-cc-to-english\/\" target=\"_blank\" rel=\"noopener\">este m\u00e9todo<\/a><\/p>\n<p><strong>2. Utilice el modo RGB y el color de 8 bits.<\/strong>\u00a0Para verificar estos ajustes, vaya a Imagen-&gt; Modo y verifique el \u201cColor RGB\u201d y \u201c8 Bits \/ Canal\u201d.<\/p>\n<p><strong>3. Aseg\u00farese de que la opci\u00f3n &quot;Agregar &#039;copia&#039; a las capas y grupos copiados&quot; est\u00e9 activada.<\/strong>\u00a0Esta opci\u00f3n se aplica solo a CS5 y versiones posteriores de Photoshop. En el panel &quot;CAPAS&quot;, haga clic en el icono de men\u00fa, vaya a &quot;Opciones del panel ...&quot; y compruebe que la opci\u00f3n &quot;Agregar &#039;copia&#039; a capas y grupos copiados&quot; est\u00e9 activada.<\/p>\n<p><strong>4. Utilice una foto con 72 ppp o m\u00e1s.<\/strong>\u00a0Si est\u00e1 utilizando una foto con menos de 72 ppp, la acci\u00f3n no funcionar\u00e1 correctamente. Para solucionar este problema, vaya a Imagen-&gt; Tama\u00f1o de imagen y aumente el valor de resoluci\u00f3n.<\/p>\n<p><strong>5. Establezca la Opacidad del pincel en 100%.<\/strong>\u00a0Establezca la Opacidad del pincel en 100%. Seleccione la &quot;Herramienta Pincel&quot; y mueva el control deslizante de opacidad a 100%.<\/p>\n<p>&nbsp;<\/p>\n<p><img fetchpriority=\"high\" decoding=\"async\" class=\"alignnone size-full wp-image-15361\" src=\"https:\/\/graphimarket.com\/wp-content\/uploads\/2021\/01\/11-8.jpg\" alt=\"\" width=\"1170\" height=\"780\" srcset=\"https:\/\/graphimarket.com\/wp-content\/uploads\/2021\/01\/11-8.jpg 1170w, https:\/\/graphimarket.com\/wp-content\/uploads\/2021\/01\/11-8-300x200.jpg 300w, https:\/\/graphimarket.com\/wp-content\/uploads\/2021\/01\/11-8-1024x683.jpg 1024w, https:\/\/graphimarket.com\/wp-content\/uploads\/2021\/01\/11-8-768x512.jpg 768w, https:\/\/graphimarket.com\/wp-content\/uploads\/2021\/01\/11-8-16x12.jpg 16w, https:\/\/graphimarket.com\/wp-content\/uploads\/2021\/01\/11-8-600x400.jpg 600w\" sizes=\"(max-width: 1170px) 100vw, 1170px\" \/> <img decoding=\"async\" class=\"alignnone size-full wp-image-15362\" src=\"https:\/\/graphimarket.com\/wp-content\/uploads\/2021\/01\/12-7.jpg\" alt=\"\" width=\"1170\" height=\"780\" srcset=\"https:\/\/graphimarket.com\/wp-content\/uploads\/2021\/01\/12-7.jpg 1170w, https:\/\/graphimarket.com\/wp-content\/uploads\/2021\/01\/12-7-300x200.jpg 300w, https:\/\/graphimarket.com\/wp-content\/uploads\/2021\/01\/12-7-1024x683.jpg 1024w, https:\/\/graphimarket.com\/wp-content\/uploads\/2021\/01\/12-7-768x512.jpg 768w, https:\/\/graphimarket.com\/wp-content\/uploads\/2021\/01\/12-7-16x12.jpg 16w, https:\/\/graphimarket.com\/wp-content\/uploads\/2021\/01\/12-7-600x400.jpg 600w\" sizes=\"(max-width: 1170px) 100vw, 1170px\" \/> <img decoding=\"async\" class=\"alignnone size-full wp-image-15363\" src=\"https:\/\/graphimarket.com\/wp-content\/uploads\/2021\/01\/13-7.jpg\" alt=\"\" width=\"1170\" height=\"780\" srcset=\"https:\/\/graphimarket.com\/wp-content\/uploads\/2021\/01\/13-7.jpg 1170w, https:\/\/graphimarket.com\/wp-content\/uploads\/2021\/01\/13-7-300x200.jpg 300w, https:\/\/graphimarket.com\/wp-content\/uploads\/2021\/01\/13-7-1024x683.jpg 1024w, https:\/\/graphimarket.com\/wp-content\/uploads\/2021\/01\/13-7-768x512.jpg 768w, https:\/\/graphimarket.com\/wp-content\/uploads\/2021\/01\/13-7-16x12.jpg 16w, https:\/\/graphimarket.com\/wp-content\/uploads\/2021\/01\/13-7-600x400.jpg 600w\" sizes=\"(max-width: 1170px) 100vw, 1170px\" \/> <img loading=\"lazy\" decoding=\"async\" class=\"alignnone size-full wp-image-15364\" src=\"https:\/\/graphimarket.com\/wp-content\/uploads\/2021\/01\/14-6.jpg\" alt=\"\" width=\"1170\" height=\"780\" srcset=\"https:\/\/graphimarket.com\/wp-content\/uploads\/2021\/01\/14-6.jpg 1170w, https:\/\/graphimarket.com\/wp-content\/uploads\/2021\/01\/14-6-300x200.jpg 300w, https:\/\/graphimarket.com\/wp-content\/uploads\/2021\/01\/14-6-1024x683.jpg 1024w, https:\/\/graphimarket.com\/wp-content\/uploads\/2021\/01\/14-6-768x512.jpg 768w, https:\/\/graphimarket.com\/wp-content\/uploads\/2021\/01\/14-6-16x12.jpg 16w, https:\/\/graphimarket.com\/wp-content\/uploads\/2021\/01\/14-6-600x400.jpg 600w\" sizes=\"(max-width: 1170px) 100vw, 1170px\" \/> <img loading=\"lazy\" decoding=\"async\" class=\"alignnone size-full wp-image-15365\" src=\"https:\/\/graphimarket.com\/wp-content\/uploads\/2021\/01\/15-3.jpg\" alt=\"\" width=\"1170\" height=\"780\" srcset=\"https:\/\/graphimarket.com\/wp-content\/uploads\/2021\/01\/15-3.jpg 1170w, https:\/\/graphimarket.com\/wp-content\/uploads\/2021\/01\/15-3-300x200.jpg 300w, https:\/\/graphimarket.com\/wp-content\/uploads\/2021\/01\/15-3-1024x683.jpg 1024w, https:\/\/graphimarket.com\/wp-content\/uploads\/2021\/01\/15-3-768x512.jpg 768w, https:\/\/graphimarket.com\/wp-content\/uploads\/2021\/01\/15-3-16x12.jpg 16w, https:\/\/graphimarket.com\/wp-content\/uploads\/2021\/01\/15-3-600x400.jpg 600w\" sizes=\"(max-width: 1170px) 100vw, 1170px\" \/> <img loading=\"lazy\" decoding=\"async\" class=\"alignnone size-full wp-image-15366\" src=\"https:\/\/graphimarket.com\/wp-content\/uploads\/2021\/01\/16-2.jpg\" alt=\"\" width=\"1170\" height=\"780\" srcset=\"https:\/\/graphimarket.com\/wp-content\/uploads\/2021\/01\/16-2.jpg 1170w, https:\/\/graphimarket.com\/wp-content\/uploads\/2021\/01\/16-2-300x200.jpg 300w, https:\/\/graphimarket.com\/wp-content\/uploads\/2021\/01\/16-2-1024x683.jpg 1024w, https:\/\/graphimarket.com\/wp-content\/uploads\/2021\/01\/16-2-768x512.jpg 768w, https:\/\/graphimarket.com\/wp-content\/uploads\/2021\/01\/16-2-16x12.jpg 16w, https:\/\/graphimarket.com\/wp-content\/uploads\/2021\/01\/16-2-600x400.jpg 600w\" sizes=\"(max-width: 1170px) 100vw, 1170px\" \/> <img loading=\"lazy\" decoding=\"async\" class=\"alignnone size-full wp-image-15367\" src=\"https:\/\/graphimarket.com\/wp-content\/uploads\/2021\/01\/3-4.jpg\" alt=\"\" width=\"1170\" height=\"780\" srcset=\"https:\/\/graphimarket.com\/wp-content\/uploads\/2021\/01\/3-4.jpg 1170w, https:\/\/graphimarket.com\/wp-content\/uploads\/2021\/01\/3-4-300x200.jpg 300w, https:\/\/graphimarket.com\/wp-content\/uploads\/2021\/01\/3-4-1024x683.jpg 1024w, https:\/\/graphimarket.com\/wp-content\/uploads\/2021\/01\/3-4-768x512.jpg 768w, https:\/\/graphimarket.com\/wp-content\/uploads\/2021\/01\/3-4-16x12.jpg 16w, https:\/\/graphimarket.com\/wp-content\/uploads\/2021\/01\/3-4-600x400.jpg 600w\" sizes=\"(max-width: 1170px) 100vw, 1170px\" \/> <img loading=\"lazy\" decoding=\"async\" class=\"alignnone size-full wp-image-15368\" src=\"https:\/\/graphimarket.com\/wp-content\/uploads\/2021\/01\/1-5.jpg\" alt=\"\" width=\"1170\" height=\"780\" srcset=\"https:\/\/graphimarket.com\/wp-content\/uploads\/2021\/01\/1-5.jpg 1170w, https:\/\/graphimarket.com\/wp-content\/uploads\/2021\/01\/1-5-300x200.jpg 300w, https:\/\/graphimarket.com\/wp-content\/uploads\/2021\/01\/1-5-1024x683.jpg 1024w, https:\/\/graphimarket.com\/wp-content\/uploads\/2021\/01\/1-5-768x512.jpg 768w, https:\/\/graphimarket.com\/wp-content\/uploads\/2021\/01\/1-5-16x12.jpg 16w, https:\/\/graphimarket.com\/wp-content\/uploads\/2021\/01\/1-5-600x400.jpg 600w\" sizes=\"(max-width: 1170px) 100vw, 1170px\" \/> <img loading=\"lazy\" decoding=\"async\" class=\"alignnone size-full wp-image-15369\" src=\"https:\/\/graphimarket.com\/wp-content\/uploads\/2021\/01\/2-6.jpg\" alt=\"\" width=\"1170\" height=\"780\" srcset=\"https:\/\/graphimarket.com\/wp-content\/uploads\/2021\/01\/2-6.jpg 1170w, https:\/\/graphimarket.com\/wp-content\/uploads\/2021\/01\/2-6-300x200.jpg 300w, https:\/\/graphimarket.com\/wp-content\/uploads\/2021\/01\/2-6-1024x683.jpg 1024w, https:\/\/graphimarket.com\/wp-content\/uploads\/2021\/01\/2-6-768x512.jpg 768w, https:\/\/graphimarket.com\/wp-content\/uploads\/2021\/01\/2-6-16x12.jpg 16w, https:\/\/graphimarket.com\/wp-content\/uploads\/2021\/01\/2-6-600x400.jpg 600w\" sizes=\"(max-width: 1170px) 100vw, 1170px\" \/> <img loading=\"lazy\" decoding=\"async\" class=\"alignnone size-full wp-image-15370\" src=\"https:\/\/graphimarket.com\/wp-content\/uploads\/2021\/01\/10-9.jpg\" alt=\"\" width=\"1170\" height=\"780\" srcset=\"https:\/\/graphimarket.com\/wp-content\/uploads\/2021\/01\/10-9.jpg 1170w, https:\/\/graphimarket.com\/wp-content\/uploads\/2021\/01\/10-9-300x200.jpg 300w, https:\/\/graphimarket.com\/wp-content\/uploads\/2021\/01\/10-9-1024x683.jpg 1024w, https:\/\/graphimarket.com\/wp-content\/uploads\/2021\/01\/10-9-768x512.jpg 768w, https:\/\/graphimarket.com\/wp-content\/uploads\/2021\/01\/10-9-16x12.jpg 16w, https:\/\/graphimarket.com\/wp-content\/uploads\/2021\/01\/10-9-600x400.jpg 600w\" sizes=\"(max-width: 1170px) 100vw, 1170px\" \/><\/p>","protected":false},"excerpt":{"rendered":"<p>Van Gogh Art turns your photo into a picture with Van Gogh style. Action contains 10 color FX. Save hours of work with this action. After action finish the work you get a well-organized and structured file with the many layers, folders and settings to improve the final result. Action perfectly work on Mac and [&hellip;]<\/p>\n","protected":false},"featured_media":15369,"comment_status":"open","ping_status":"closed","template":"","meta":{"site-sidebar-layout":"default","site-content-layout":"default","ast-site-content-layout":"default","site-content-style":"default","site-sidebar-style":"default","ast-global-header-display":"","ast-banner-title-visibility":"","ast-main-header-display":"","ast-hfb-above-header-display":"","ast-hfb-below-header-display":"","ast-hfb-mobile-header-display":"","site-post-title":"","ast-breadcrumbs-content":"","ast-featured-img":"","footer-sml-layout":"","ast-disable-related-posts":"","theme-transparent-header-meta":"default","adv-header-id-meta":"","stick-header-meta":"","header-above-stick-meta":"","header-main-stick-meta":"","header-below-stick-meta":"","astra-migrate-meta-layouts":"default","ast-page-background-enabled":"default","ast-page-background-meta":{"desktop":{"background-color":"","background-image":"","background-repeat":"repeat","background-position":"center center","background-size":"auto","background-attachment":"scroll","background-type":"","background-media":"","overlay-type":"","overlay-color":"","overlay-opacity":"","overlay-gradient":""},"tablet":{"background-color":"","background-image":"","background-repeat":"repeat","background-position":"center center","background-size":"auto","background-attachment":"scroll","background-type":"","background-media":"","overlay-type":"","overlay-color":"","overlay-opacity":"","overlay-gradient":""},"mobile":{"background-color":"","background-image":"","background-repeat":"repeat","background-position":"center center","background-size":"auto","background-attachment":"scroll","background-type":"","background-media":"","overlay-type":"","overlay-color":"","overlay-opacity":"","overlay-gradient":""}},"ast-content-background-meta":{"desktop":{"background-color":"var(--ast-global-color-5)","background-image":"","background-repeat":"repeat","background-position":"center center","background-size":"auto","background-attachment":"scroll","background-type":"","background-media":"","overlay-type":"","overlay-color":"","overlay-opacity":"","overlay-gradient":""},"tablet":{"background-color":"var(--ast-global-color-5)","background-image":"","background-repeat":"repeat","background-position":"center center","background-size":"auto","background-attachment":"scroll","background-type":"","background-media":"","overlay-type":"","overlay-color":"","overlay-opacity":"","overlay-gradient":""},"mobile":{"background-color":"var(--ast-global-color-5)","background-image":"","background-repeat":"repeat","background-position":"center center","background-size":"auto","background-attachment":"scroll","background-type":"","background-media":"","overlay-type":"","overlay-color":"","overlay-opacity":"","overlay-gradient":""}}},"product_brand":[],"product_cat":[195,146],"product_tag":[1386,254,474,473],"class_list":{"0":"post-15360","1":"product","2":"type-product","3":"status-publish","4":"has-post-thumbnail","6":"product_cat-photoshop","7":"product_cat-photoshop-action","8":"product_tag-adobe","9":"product_tag-art","10":"product_tag-gogh","11":"product_tag-van","12":"desktop-align-left","13":"tablet-align-left","14":"mobile-align-left","16":"first","17":"instock","18":"downloadable","19":"virtual","20":"taxable","21":"purchasable","22":"product-type-simple"},"yoast_head":"<!-- This site is optimized with the Yoast SEO plugin v27.3 - https:\/\/yoast.com\/product\/yoast-seo-wordpress\/ -->\n<title>Van Gogh Art Photoshop Action - Graphimarket<\/title>\n<meta name=\"description\" content=\"turns your photo into a picture with Van Gogh style. Action contains 10 color FX. Save hours of work with this action. After action...\" \/>\n<meta name=\"robots\" content=\"index, follow, max-snippet:-1, max-image-preview:large, max-video-preview:-1\" \/>\n<link rel=\"canonical\" href=\"https:\/\/graphimarket.com\/es\/product\/van-gogh-art-photoshop-action\/\" \/>\n<meta property=\"og:locale\" content=\"es_ES\" \/>\n<meta property=\"og:type\" content=\"article\" \/>\n<meta property=\"og:title\" content=\"Van Gogh Art Photoshop Action - Graphimarket\" \/>\n<meta property=\"og:description\" content=\"turns your photo into a picture with Van Gogh style. Action contains 10 color FX. Save hours of work with this action. After action...\" \/>\n<meta property=\"og:url\" content=\"https:\/\/graphimarket.com\/es\/product\/van-gogh-art-photoshop-action\/\" \/>\n<meta property=\"og:site_name\" content=\"Graphimarket\" \/>\n<meta property=\"article:modified_time\" content=\"2022-12-19T08:03:54+00:00\" \/>\n<meta property=\"og:image\" content=\"https:\/\/graphimarket.com\/wp-content\/uploads\/2021\/01\/2-6.jpg\" \/>\n\t<meta property=\"og:image:width\" content=\"1170\" \/>\n\t<meta property=\"og:image:height\" content=\"780\" \/>\n\t<meta property=\"og:image:type\" content=\"image\/jpeg\" \/>\n<meta name=\"twitter:card\" content=\"summary_large_image\" \/>\n<meta name=\"twitter:label1\" content=\"Est. reading time\" \/>\n\t<meta name=\"twitter:data1\" content=\"2 minutes\" \/>\n<script type=\"application\/ld+json\" class=\"yoast-schema-graph\">{\"@context\":\"https:\\\/\\\/schema.org\",\"@graph\":[{\"@type\":\"WebPage\",\"@id\":\"https:\\\/\\\/graphimarket.com\\\/en\\\/product\\\/van-gogh-art-photoshop-action\\\/\",\"url\":\"https:\\\/\\\/graphimarket.com\\\/en\\\/product\\\/van-gogh-art-photoshop-action\\\/\",\"name\":\"Van Gogh Art Photoshop Action - Graphimarket\",\"isPartOf\":{\"@id\":\"https:\\\/\\\/graphimarket.com\\\/fr\\\/#website\"},\"primaryImageOfPage\":{\"@id\":\"https:\\\/\\\/graphimarket.com\\\/en\\\/product\\\/van-gogh-art-photoshop-action\\\/#primaryimage\"},\"image\":{\"@id\":\"https:\\\/\\\/graphimarket.com\\\/en\\\/product\\\/van-gogh-art-photoshop-action\\\/#primaryimage\"},\"thumbnailUrl\":\"https:\\\/\\\/graphimarket.com\\\/wp-content\\\/uploads\\\/2021\\\/01\\\/2-6.jpg\",\"datePublished\":\"2021-01-18T16:03:56+00:00\",\"dateModified\":\"2022-12-19T08:03:54+00:00\",\"description\":\"turns your photo into a picture with Van Gogh style. Action contains 10 color FX. Save hours of work with this action. After action...\",\"breadcrumb\":{\"@id\":\"https:\\\/\\\/graphimarket.com\\\/en\\\/product\\\/van-gogh-art-photoshop-action\\\/#breadcrumb\"},\"inLanguage\":\"es-ES\",\"potentialAction\":[{\"@type\":\"ReadAction\",\"target\":[\"https:\\\/\\\/graphimarket.com\\\/en\\\/product\\\/van-gogh-art-photoshop-action\\\/\"]}]},{\"@type\":\"ImageObject\",\"inLanguage\":\"es-ES\",\"@id\":\"https:\\\/\\\/graphimarket.com\\\/en\\\/product\\\/van-gogh-art-photoshop-action\\\/#primaryimage\",\"url\":\"https:\\\/\\\/graphimarket.com\\\/wp-content\\\/uploads\\\/2021\\\/01\\\/2-6.jpg\",\"contentUrl\":\"https:\\\/\\\/graphimarket.com\\\/wp-content\\\/uploads\\\/2021\\\/01\\\/2-6.jpg\",\"width\":1170,\"height\":780},{\"@type\":\"BreadcrumbList\",\"@id\":\"https:\\\/\\\/graphimarket.com\\\/en\\\/product\\\/van-gogh-art-photoshop-action\\\/#breadcrumb\",\"itemListElement\":[{\"@type\":\"ListItem\",\"position\":1,\"name\":\"Home\",\"item\":\"https:\\\/\\\/graphimarket.com\\\/es\\\/\"},{\"@type\":\"ListItem\",\"position\":2,\"name\":\"Store\",\"item\":\"https:\\\/\\\/graphimarket.com\\\/store\\\/\"},{\"@type\":\"ListItem\",\"position\":3,\"name\":\"Van Gogh Art Photoshop Action\"}]},{\"@type\":\"WebSite\",\"@id\":\"https:\\\/\\\/graphimarket.com\\\/fr\\\/#website\",\"url\":\"https:\\\/\\\/graphimarket.com\\\/fr\\\/\",\"name\":\"Graphimarket\",\"description\":\"Find the perfect creative asset to bring your project to life\",\"publisher\":{\"@id\":\"https:\\\/\\\/graphimarket.com\\\/fr\\\/#organization\"},\"potentialAction\":[{\"@type\":\"SearchAction\",\"target\":{\"@type\":\"EntryPoint\",\"urlTemplate\":\"https:\\\/\\\/graphimarket.com\\\/fr\\\/?s={search_term_string}\"},\"query-input\":{\"@type\":\"PropertyValueSpecification\",\"valueRequired\":true,\"valueName\":\"search_term_string\"}}],\"inLanguage\":\"es-ES\"},{\"@type\":\"Organization\",\"@id\":\"https:\\\/\\\/graphimarket.com\\\/fr\\\/#organization\",\"name\":\"Graphimarket\",\"url\":\"https:\\\/\\\/graphimarket.com\\\/fr\\\/\",\"logo\":{\"@type\":\"ImageObject\",\"inLanguage\":\"es-ES\",\"@id\":\"https:\\\/\\\/graphimarket.com\\\/fr\\\/#\\\/schema\\\/logo\\\/image\\\/\",\"url\":\"https:\\\/\\\/graphimarket.com\\\/wp-content\\\/uploads\\\/2020\\\/08\\\/logo-48.png\",\"contentUrl\":\"https:\\\/\\\/graphimarket.com\\\/wp-content\\\/uploads\\\/2020\\\/08\\\/logo-48.png\",\"width\":132,\"height\":48,\"caption\":\"Graphimarket\"},\"image\":{\"@id\":\"https:\\\/\\\/graphimarket.com\\\/fr\\\/#\\\/schema\\\/logo\\\/image\\\/\"}}]}<\/script>\n<!-- \/ Yoast SEO plugin. -->","yoast_head_json":{"title":"Acci\u00f3n de Photoshop Arte de Van Gogh - Graphimarket","description":"convierte tu foto en un cuadro con estilo Van Gogh. La acci\u00f3n contiene 10 efectos especiales de color. Ahorra horas de trabajo con esta acci\u00f3n. Despu\u00e9s de la acci\u00f3n...","robots":{"index":"index","follow":"follow","max-snippet":"max-snippet:-1","max-image-preview":"max-image-preview:large","max-video-preview":"max-video-preview:-1"},"canonical":"https:\/\/graphimarket.com\/es\/product\/van-gogh-art-photoshop-action\/","og_locale":"es_ES","og_type":"article","og_title":"Van Gogh Art Photoshop Action - Graphimarket","og_description":"turns your photo into a picture with Van Gogh style. Action contains 10 color FX. Save hours of work with this action. After action...","og_url":"https:\/\/graphimarket.com\/es\/product\/van-gogh-art-photoshop-action\/","og_site_name":"Graphimarket","article_modified_time":"2022-12-19T08:03:54+00:00","og_image":[{"width":1170,"height":780,"url":"https:\/\/graphimarket.com\/wp-content\/uploads\/2021\/01\/2-6.jpg","type":"image\/jpeg"}],"twitter_card":"summary_large_image","twitter_misc":{"Est. reading time":"2 minutes"},"schema":{"@context":"https:\/\/schema.org","@graph":[{"@type":"WebPage","@id":"https:\/\/graphimarket.com\/en\/product\/van-gogh-art-photoshop-action\/","url":"https:\/\/graphimarket.com\/en\/product\/van-gogh-art-photoshop-action\/","name":"Acci\u00f3n de Photoshop Arte de Van Gogh - Graphimarket","isPartOf":{"@id":"https:\/\/graphimarket.com\/fr\/#website"},"primaryImageOfPage":{"@id":"https:\/\/graphimarket.com\/en\/product\/van-gogh-art-photoshop-action\/#primaryimage"},"image":{"@id":"https:\/\/graphimarket.com\/en\/product\/van-gogh-art-photoshop-action\/#primaryimage"},"thumbnailUrl":"https:\/\/graphimarket.com\/wp-content\/uploads\/2021\/01\/2-6.jpg","datePublished":"2021-01-18T16:03:56+00:00","dateModified":"2022-12-19T08:03:54+00:00","description":"convierte tu foto en un cuadro con estilo Van Gogh. La acci\u00f3n contiene 10 efectos especiales de color. Ahorra horas de trabajo con esta acci\u00f3n. Despu\u00e9s de la acci\u00f3n...","breadcrumb":{"@id":"https:\/\/graphimarket.com\/en\/product\/van-gogh-art-photoshop-action\/#breadcrumb"},"inLanguage":"es-ES","potentialAction":[{"@type":"ReadAction","target":["https:\/\/graphimarket.com\/en\/product\/van-gogh-art-photoshop-action\/"]}]},{"@type":"ImageObject","inLanguage":"es-ES","@id":"https:\/\/graphimarket.com\/en\/product\/van-gogh-art-photoshop-action\/#primaryimage","url":"https:\/\/graphimarket.com\/wp-content\/uploads\/2021\/01\/2-6.jpg","contentUrl":"https:\/\/graphimarket.com\/wp-content\/uploads\/2021\/01\/2-6.jpg","width":1170,"height":780},{"@type":"BreadcrumbList","@id":"https:\/\/graphimarket.com\/en\/product\/van-gogh-art-photoshop-action\/#breadcrumb","itemListElement":[{"@type":"ListItem","position":1,"name":"Home","item":"https:\/\/graphimarket.com\/es\/"},{"@type":"ListItem","position":2,"name":"Store","item":"https:\/\/graphimarket.com\/store\/"},{"@type":"ListItem","position":3,"name":"Van Gogh Art Photoshop Action"}]},{"@type":"WebSite","@id":"https:\/\/graphimarket.com\/fr\/#website","url":"https:\/\/graphimarket.com\/fr\/","name":"Graphimarket","description":"Encuentre el activo creativo perfecto para darle vida a su proyecto","publisher":{"@id":"https:\/\/graphimarket.com\/fr\/#organization"},"potentialAction":[{"@type":"SearchAction","target":{"@type":"EntryPoint","urlTemplate":"https:\/\/graphimarket.com\/fr\/?s={search_term_string}"},"query-input":{"@type":"PropertyValueSpecification","valueRequired":true,"valueName":"search_term_string"}}],"inLanguage":"es-ES"},{"@type":"Organization","@id":"https:\/\/graphimarket.com\/fr\/#organization","name":"Graphimarket","url":"https:\/\/graphimarket.com\/fr\/","logo":{"@type":"ImageObject","inLanguage":"es-ES","@id":"https:\/\/graphimarket.com\/fr\/#\/schema\/logo\/image\/","url":"https:\/\/graphimarket.com\/wp-content\/uploads\/2020\/08\/logo-48.png","contentUrl":"https:\/\/graphimarket.com\/wp-content\/uploads\/2020\/08\/logo-48.png","width":132,"height":48,"caption":"Graphimarket"},"image":{"@id":"https:\/\/graphimarket.com\/fr\/#\/schema\/logo\/image\/"}}]}},"_links":{"self":[{"href":"https:\/\/graphimarket.com\/es\/wp-json\/wp\/v2\/product\/15360","targetHints":{"allow":["GET"]}}],"collection":[{"href":"https:\/\/graphimarket.com\/es\/wp-json\/wp\/v2\/product"}],"about":[{"href":"https:\/\/graphimarket.com\/es\/wp-json\/wp\/v2\/types\/product"}],"replies":[{"embeddable":true,"href":"https:\/\/graphimarket.com\/es\/wp-json\/wp\/v2\/comments?post=15360"}],"version-history":[{"count":0,"href":"https:\/\/graphimarket.com\/es\/wp-json\/wp\/v2\/product\/15360\/revisions"}],"wp:featuredmedia":[{"embeddable":true,"href":"https:\/\/graphimarket.com\/es\/wp-json\/wp\/v2\/media\/15369"}],"wp:attachment":[{"href":"https:\/\/graphimarket.com\/es\/wp-json\/wp\/v2\/media?parent=15360"}],"wp:term":[{"taxonomy":"product_brand","embeddable":true,"href":"https:\/\/graphimarket.com\/es\/wp-json\/wp\/v2\/product_brand?post=15360"},{"taxonomy":"product_cat","embeddable":true,"href":"https:\/\/graphimarket.com\/es\/wp-json\/wp\/v2\/product_cat?post=15360"},{"taxonomy":"product_tag","embeddable":true,"href":"https:\/\/graphimarket.com\/es\/wp-json\/wp\/v2\/product_tag?post=15360"}],"curies":[{"name":"wp","href":"https:\/\/api.w.org\/{rel}","templated":true}]}}