{"id":15444,"date":"2021-01-19T16:58:38","date_gmt":"2021-01-19T15:58:38","guid":{"rendered":"https:\/\/graphimarket.com\/?post_type=product&#038;p=15444"},"modified":"2021-01-21T15:35:39","modified_gmt":"2021-01-21T14:35:39","slug":"zombie-photoshop-action","status":"publish","type":"product","link":"https:\/\/graphimarket.com\/es\/product\/zombie-photoshop-action\/","title":{"rendered":"Acci\u00f3n de Photoshop Zombie"},"content":{"rendered":"<p><strong>Acci\u00f3n zombi<\/strong> - Este es un efecto zombie muy aterrador y de alta calidad que crear\u00e1 en tu cara manchas de sangre, venas con sangre negra, heridas, piel muerta y m\u00e1s. Puede cambiar el color de los ojos y el color de la piel. Este efecto asusta y sorprende con un fotorrealismo incre\u00edble.<\/p>\n<h2><a href=\"https:\/\/www.youtube.com\/watch?v=KxzpGWwJ0OI\" target=\"_blank\" rel=\"noopener\">Tutorial<\/a><\/h2>\n<p>Esta acci\u00f3n ha sido creada y optimizada para su uso en Photoshop CS3, CS4, CS5, CS6, CC y SOLO PARA LA VERSI\u00d3N EN INGL\u00c9S DE PHOTOSHOP.<\/p>\n<blockquote class=\"wp-embedded-content\" data-secret=\"L4LWU8aqCA\"><p><a href=\"http:\/\/graphimarket.com\/es\/2021\/01\/12\/guide-how-to-change-language-on-adobe-cc-to-english\/\">Gu\u00eda de c\u00f3mo cambiar el idioma en adobe cc a ingl\u00e9s<\/a><\/p><\/blockquote>\n<p><iframe class=\"wp-embedded-content\" sandbox=\"allow-scripts\" security=\"restricted\" style=\"position: absolute; clip: rect(1px, 1px, 1px, 1px);\" title=\"&quot;Gu\u00eda sobre c\u00f3mo cambiar el idioma en adobe cc a ingl\u00e9s&quot; - Graphimarket\" src=\"http:\/\/graphimarket.com\/en\/2021\/01\/12\/guide-how-to-change-language-on-adobe-cc-to-english\/embed\/#?secret=9ouB2aqlOq#?secret=L4LWU8aqCA\" data-secret=\"L4LWU8aqCA\" width=\"500\" height=\"282\" frameborder=\"0\" marginwidth=\"0\" marginheight=\"0\" scrolling=\"no\"><\/iframe><\/p>\n<h2><\/h2>\n<h2><\/h2>\n<h2 id=\"item-description__how-to-configure-photoshop-to-work-with-actions\">C\u00f3mo configurar Photoshop para trabajar con acciones.<\/h2>\n<p><strong>1. Aseg\u00farese de que est\u00e1 utilizando la versi\u00f3n en ingl\u00e9s de Photoshop.<\/strong> Cada acci\u00f3n ha sido creada y optimizada para funcionar solo con la versi\u00f3n en ingl\u00e9s de Photoshop, as\u00ed que aseg\u00farese de estar usando esta versi\u00f3n.<\/p>\n<p><strong>2. Utilice el modo RGB y el color de 8 bits.<\/strong>\u00a0Para verificar estos ajustes, vaya a Imagen-&gt; Modo y verifique el \u201cColor RGB\u201d y \u201c8 Bits \/ Canal\u201d.<\/p>\n<p><strong>3. Aseg\u00farese de que la opci\u00f3n &quot;Agregar &#039;copia&#039; a las capas y grupos copiados&quot; est\u00e9 activada.<\/strong>\u00a0Esta opci\u00f3n se aplica solo a CS5 y versiones posteriores de Photoshop. En el panel &quot;CAPAS&quot;, haga clic en el icono de men\u00fa, vaya a &quot;Opciones del panel ...&quot; y compruebe que la opci\u00f3n &quot;Agregar &#039;copia&#039; a capas y grupos copiados&quot; est\u00e9 activada.<\/p>\n<p><strong>4. Utilice una foto con 72 ppp o m\u00e1s.<\/strong>\u00a0Si est\u00e1 utilizando una foto con menos de 72 ppp, la acci\u00f3n no funcionar\u00e1 correctamente. Para solucionar este problema, vaya a Imagen-&gt; Tama\u00f1o de imagen y aumente el valor de resoluci\u00f3n.<\/p>\n<p><strong>5. Establezca la Opacidad del pincel en 100%.<\/strong>\u00a0Establezca la Opacidad del pincel en 100%. Seleccione la &quot;Herramienta Pincel&quot; y mueva el control deslizante de opacidad a 100%.<\/p>\n<p><img fetchpriority=\"high\" decoding=\"async\" class=\"alignnone size-full wp-image-15449\" style=\"font-weight: inherit;\" src=\"https:\/\/graphimarket.com\/wp-content\/uploads\/2021\/01\/surrreal-photoshop-action-9.jpg\" alt=\"\" width=\"590\" height=\"621\" srcset=\"https:\/\/graphimarket.com\/wp-content\/uploads\/2021\/01\/surrreal-photoshop-action-9.jpg 590w, https:\/\/graphimarket.com\/wp-content\/uploads\/2021\/01\/surrreal-photoshop-action-9-285x300.jpg 285w, https:\/\/graphimarket.com\/wp-content\/uploads\/2021\/01\/surrreal-photoshop-action-9-11x12.jpg 11w\" sizes=\"(max-width: 590px) 100vw, 590px\" \/><\/p>\n<p><img decoding=\"async\" class=\"alignnone size-full wp-image-15448\" src=\"https:\/\/graphimarket.com\/wp-content\/uploads\/2021\/01\/Halloween-Zombie-Photoshop-Action.jpg\" alt=\"\" width=\"800\" height=\"500\" srcset=\"https:\/\/graphimarket.com\/wp-content\/uploads\/2021\/01\/Halloween-Zombie-Photoshop-Action.jpg 800w, https:\/\/graphimarket.com\/wp-content\/uploads\/2021\/01\/Halloween-Zombie-Photoshop-Action-300x188.jpg 300w, https:\/\/graphimarket.com\/wp-content\/uploads\/2021\/01\/Halloween-Zombie-Photoshop-Action-768x480.jpg 768w, https:\/\/graphimarket.com\/wp-content\/uploads\/2021\/01\/Halloween-Zombie-Photoshop-Action-16x10.jpg 16w, https:\/\/graphimarket.com\/wp-content\/uploads\/2021\/01\/Halloween-Zombie-Photoshop-Action-600x375.jpg 600w\" sizes=\"(max-width: 800px) 100vw, 800px\" \/><span style=\"font-size: 16px;\">\u00a0<\/span><\/p>","protected":false},"excerpt":{"rendered":"<p>Zombie Action \u2013 This is a very scare and high-quality zombie effect which will created on your face bloodstains, veins with black blood, wounds, dead skin and more. You can change the color of the eyes and skin color. This effect scare and surprise you incredible photorealism. Tutorial This action has been created and optimized [&hellip;]<\/p>\n","protected":false},"featured_media":15448,"comment_status":"open","ping_status":"closed","template":"","meta":{"site-sidebar-layout":"default","site-content-layout":"default","ast-site-content-layout":"default","site-content-style":"default","site-sidebar-style":"default","ast-global-header-display":"","ast-banner-title-visibility":"","ast-main-header-display":"","ast-hfb-above-header-display":"","ast-hfb-below-header-display":"","ast-hfb-mobile-header-display":"","site-post-title":"","ast-breadcrumbs-content":"","ast-featured-img":"","footer-sml-layout":"","ast-disable-related-posts":"","theme-transparent-header-meta":"default","adv-header-id-meta":"","stick-header-meta":"","header-above-stick-meta":"","header-main-stick-meta":"","header-below-stick-meta":"","astra-migrate-meta-layouts":"default","ast-page-background-enabled":"default","ast-page-background-meta":{"desktop":{"background-color":"","background-image":"","background-repeat":"repeat","background-position":"center center","background-size":"auto","background-attachment":"scroll","background-type":"","background-media":"","overlay-type":"","overlay-color":"","overlay-opacity":"","overlay-gradient":""},"tablet":{"background-color":"","background-image":"","background-repeat":"repeat","background-position":"center center","background-size":"auto","background-attachment":"scroll","background-type":"","background-media":"","overlay-type":"","overlay-color":"","overlay-opacity":"","overlay-gradient":""},"mobile":{"background-color":"","background-image":"","background-repeat":"repeat","background-position":"center center","background-size":"auto","background-attachment":"scroll","background-type":"","background-media":"","overlay-type":"","overlay-color":"","overlay-opacity":"","overlay-gradient":""}},"ast-content-background-meta":{"desktop":{"background-color":"var(--ast-global-color-5)","background-image":"","background-repeat":"repeat","background-position":"center center","background-size":"auto","background-attachment":"scroll","background-type":"","background-media":"","overlay-type":"","overlay-color":"","overlay-opacity":"","overlay-gradient":""},"tablet":{"background-color":"var(--ast-global-color-5)","background-image":"","background-repeat":"repeat","background-position":"center center","background-size":"auto","background-attachment":"scroll","background-type":"","background-media":"","overlay-type":"","overlay-color":"","overlay-opacity":"","overlay-gradient":""},"mobile":{"background-color":"var(--ast-global-color-5)","background-image":"","background-repeat":"repeat","background-position":"center center","background-size":"auto","background-attachment":"scroll","background-type":"","background-media":"","overlay-type":"","overlay-color":"","overlay-opacity":"","overlay-gradient":""}}},"product_brand":[],"product_cat":[195,146],"product_tag":[292,1386,62,1855],"class_list":{"0":"post-15444","1":"product","2":"type-product","3":"status-publish","4":"has-post-thumbnail","6":"product_cat-photoshop","7":"product_cat-photoshop-action","8":"product_tag-action","9":"product_tag-adobe","10":"product_tag-photoshop","11":"product_tag-zombie","12":"desktop-align-left","13":"tablet-align-left","14":"mobile-align-left","16":"first","17":"instock","18":"sale","19":"taxable","20":"shipping-taxable","21":"purchasable","22":"product-type-simple"},"yoast_head":"<!-- This site is optimized with the Yoast SEO plugin v27.3 - https:\/\/yoast.com\/product\/yoast-seo-wordpress\/ -->\n<title>Zombie Photoshop Action - Graphimarket<\/title>\n<meta name=\"description\" content=\"Action\u00a0\u2013 This is a very scare and high-quality zombie effect which will created on your face blood stains, veins with black blood, wound....\" \/>\n<meta name=\"robots\" content=\"index, follow, max-snippet:-1, max-image-preview:large, max-video-preview:-1\" \/>\n<link rel=\"canonical\" href=\"https:\/\/graphimarket.com\/es\/product\/zombie-photoshop-action\/\" \/>\n<meta property=\"og:locale\" content=\"es_ES\" \/>\n<meta property=\"og:type\" content=\"article\" \/>\n<meta property=\"og:title\" content=\"Zombie Photoshop Action - Graphimarket\" \/>\n<meta property=\"og:description\" content=\"Action\u00a0\u2013 This is a very scare and high-quality zombie effect which will created on your face blood stains, veins with black blood, wound....\" \/>\n<meta property=\"og:url\" content=\"https:\/\/graphimarket.com\/es\/product\/zombie-photoshop-action\/\" \/>\n<meta property=\"og:site_name\" content=\"Graphimarket\" \/>\n<meta property=\"article:modified_time\" content=\"2021-01-21T14:35:39+00:00\" \/>\n<meta property=\"og:image\" content=\"https:\/\/graphimarket.com\/wp-content\/uploads\/2021\/01\/Halloween-Zombie-Photoshop-Action.jpg\" \/>\n\t<meta property=\"og:image:width\" content=\"800\" \/>\n\t<meta property=\"og:image:height\" content=\"500\" \/>\n\t<meta property=\"og:image:type\" content=\"image\/jpeg\" \/>\n<meta name=\"twitter:card\" content=\"summary_large_image\" \/>\n<meta name=\"twitter:label1\" content=\"Est. reading time\" \/>\n\t<meta name=\"twitter:data1\" content=\"1 minute\" \/>\n<script type=\"application\/ld+json\" class=\"yoast-schema-graph\">{\"@context\":\"https:\\\/\\\/schema.org\",\"@graph\":[{\"@type\":\"WebPage\",\"@id\":\"https:\\\/\\\/graphimarket.com\\\/ja\\\/product\\\/zombie-photoshop-action\\\/\",\"url\":\"https:\\\/\\\/graphimarket.com\\\/ja\\\/product\\\/zombie-photoshop-action\\\/\",\"name\":\"Zombie Photoshop Action - Graphimarket\",\"isPartOf\":{\"@id\":\"https:\\\/\\\/graphimarket.com\\\/fr\\\/#website\"},\"primaryImageOfPage\":{\"@id\":\"https:\\\/\\\/graphimarket.com\\\/ja\\\/product\\\/zombie-photoshop-action\\\/#primaryimage\"},\"image\":{\"@id\":\"https:\\\/\\\/graphimarket.com\\\/ja\\\/product\\\/zombie-photoshop-action\\\/#primaryimage\"},\"thumbnailUrl\":\"https:\\\/\\\/graphimarket.com\\\/wp-content\\\/uploads\\\/2021\\\/01\\\/Halloween-Zombie-Photoshop-Action.jpg\",\"datePublished\":\"2021-01-19T15:58:38+00:00\",\"dateModified\":\"2021-01-21T14:35:39+00:00\",\"description\":\"Action\u00a0\u2013 This is a very scare and high-quality zombie effect which will created on your face blood stains, veins with black blood, wound....\",\"breadcrumb\":{\"@id\":\"https:\\\/\\\/graphimarket.com\\\/ja\\\/product\\\/zombie-photoshop-action\\\/#breadcrumb\"},\"inLanguage\":\"es-ES\",\"potentialAction\":[{\"@type\":\"ReadAction\",\"target\":[\"https:\\\/\\\/graphimarket.com\\\/ja\\\/product\\\/zombie-photoshop-action\\\/\"]}]},{\"@type\":\"ImageObject\",\"inLanguage\":\"es-ES\",\"@id\":\"https:\\\/\\\/graphimarket.com\\\/ja\\\/product\\\/zombie-photoshop-action\\\/#primaryimage\",\"url\":\"https:\\\/\\\/graphimarket.com\\\/wp-content\\\/uploads\\\/2021\\\/01\\\/Halloween-Zombie-Photoshop-Action.jpg\",\"contentUrl\":\"https:\\\/\\\/graphimarket.com\\\/wp-content\\\/uploads\\\/2021\\\/01\\\/Halloween-Zombie-Photoshop-Action.jpg\",\"width\":800,\"height\":500},{\"@type\":\"BreadcrumbList\",\"@id\":\"https:\\\/\\\/graphimarket.com\\\/ja\\\/product\\\/zombie-photoshop-action\\\/#breadcrumb\",\"itemListElement\":[{\"@type\":\"ListItem\",\"position\":1,\"name\":\"Home\",\"item\":\"https:\\\/\\\/graphimarket.com\\\/es\\\/\"},{\"@type\":\"ListItem\",\"position\":2,\"name\":\"Store\",\"item\":\"https:\\\/\\\/graphimarket.com\\\/store\\\/\"},{\"@type\":\"ListItem\",\"position\":3,\"name\":\"Zombie Photoshop Action\"}]},{\"@type\":\"WebSite\",\"@id\":\"https:\\\/\\\/graphimarket.com\\\/fr\\\/#website\",\"url\":\"https:\\\/\\\/graphimarket.com\\\/fr\\\/\",\"name\":\"Graphimarket\",\"description\":\"Find the perfect creative asset to bring your project to life\",\"publisher\":{\"@id\":\"https:\\\/\\\/graphimarket.com\\\/fr\\\/#organization\"},\"potentialAction\":[{\"@type\":\"SearchAction\",\"target\":{\"@type\":\"EntryPoint\",\"urlTemplate\":\"https:\\\/\\\/graphimarket.com\\\/fr\\\/?s={search_term_string}\"},\"query-input\":{\"@type\":\"PropertyValueSpecification\",\"valueRequired\":true,\"valueName\":\"search_term_string\"}}],\"inLanguage\":\"es-ES\"},{\"@type\":\"Organization\",\"@id\":\"https:\\\/\\\/graphimarket.com\\\/fr\\\/#organization\",\"name\":\"Graphimarket\",\"url\":\"https:\\\/\\\/graphimarket.com\\\/fr\\\/\",\"logo\":{\"@type\":\"ImageObject\",\"inLanguage\":\"es-ES\",\"@id\":\"https:\\\/\\\/graphimarket.com\\\/fr\\\/#\\\/schema\\\/logo\\\/image\\\/\",\"url\":\"https:\\\/\\\/graphimarket.com\\\/wp-content\\\/uploads\\\/2020\\\/08\\\/logo-48.png\",\"contentUrl\":\"https:\\\/\\\/graphimarket.com\\\/wp-content\\\/uploads\\\/2020\\\/08\\\/logo-48.png\",\"width\":132,\"height\":48,\"caption\":\"Graphimarket\"},\"image\":{\"@id\":\"https:\\\/\\\/graphimarket.com\\\/fr\\\/#\\\/schema\\\/logo\\\/image\\\/\"}}]}<\/script>\n<!-- \/ Yoast SEO plugin. -->","yoast_head_json":{"title":"Acci\u00f3n de Photoshop Zombie - Graphimarket","description":"Acci\u00f3n: este es un efecto zombie muy aterrador y de alta calidad que crear\u00e1 en tu cara manchas de sangre, venas con sangre negra, heridas ...","robots":{"index":"index","follow":"follow","max-snippet":"max-snippet:-1","max-image-preview":"max-image-preview:large","max-video-preview":"max-video-preview:-1"},"canonical":"https:\/\/graphimarket.com\/es\/product\/zombie-photoshop-action\/","og_locale":"es_ES","og_type":"article","og_title":"Zombie Photoshop Action - Graphimarket","og_description":"Action\u00a0\u2013 This is a very scare and high-quality zombie effect which will created on your face blood stains, veins with black blood, wound....","og_url":"https:\/\/graphimarket.com\/es\/product\/zombie-photoshop-action\/","og_site_name":"Graphimarket","article_modified_time":"2021-01-21T14:35:39+00:00","og_image":[{"width":800,"height":500,"url":"https:\/\/graphimarket.com\/wp-content\/uploads\/2021\/01\/Halloween-Zombie-Photoshop-Action.jpg","type":"image\/jpeg"}],"twitter_card":"summary_large_image","twitter_misc":{"Est. reading time":"1 minute"},"schema":{"@context":"https:\/\/schema.org","@graph":[{"@type":"WebPage","@id":"https:\/\/graphimarket.com\/ja\/product\/zombie-photoshop-action\/","url":"https:\/\/graphimarket.com\/ja\/product\/zombie-photoshop-action\/","name":"Acci\u00f3n de Photoshop Zombie - Graphimarket","isPartOf":{"@id":"https:\/\/graphimarket.com\/fr\/#website"},"primaryImageOfPage":{"@id":"https:\/\/graphimarket.com\/ja\/product\/zombie-photoshop-action\/#primaryimage"},"image":{"@id":"https:\/\/graphimarket.com\/ja\/product\/zombie-photoshop-action\/#primaryimage"},"thumbnailUrl":"https:\/\/graphimarket.com\/wp-content\/uploads\/2021\/01\/Halloween-Zombie-Photoshop-Action.jpg","datePublished":"2021-01-19T15:58:38+00:00","dateModified":"2021-01-21T14:35:39+00:00","description":"Acci\u00f3n: este es un efecto zombie muy aterrador y de alta calidad que crear\u00e1 en tu cara manchas de sangre, venas con sangre negra, heridas ...","breadcrumb":{"@id":"https:\/\/graphimarket.com\/ja\/product\/zombie-photoshop-action\/#breadcrumb"},"inLanguage":"es-ES","potentialAction":[{"@type":"ReadAction","target":["https:\/\/graphimarket.com\/ja\/product\/zombie-photoshop-action\/"]}]},{"@type":"ImageObject","inLanguage":"es-ES","@id":"https:\/\/graphimarket.com\/ja\/product\/zombie-photoshop-action\/#primaryimage","url":"https:\/\/graphimarket.com\/wp-content\/uploads\/2021\/01\/Halloween-Zombie-Photoshop-Action.jpg","contentUrl":"https:\/\/graphimarket.com\/wp-content\/uploads\/2021\/01\/Halloween-Zombie-Photoshop-Action.jpg","width":800,"height":500},{"@type":"BreadcrumbList","@id":"https:\/\/graphimarket.com\/ja\/product\/zombie-photoshop-action\/#breadcrumb","itemListElement":[{"@type":"ListItem","position":1,"name":"Home","item":"https:\/\/graphimarket.com\/es\/"},{"@type":"ListItem","position":2,"name":"Store","item":"https:\/\/graphimarket.com\/store\/"},{"@type":"ListItem","position":3,"name":"Zombie Photoshop Action"}]},{"@type":"WebSite","@id":"https:\/\/graphimarket.com\/fr\/#website","url":"https:\/\/graphimarket.com\/fr\/","name":"Graphimarket","description":"Encuentre el activo creativo perfecto para darle vida a su proyecto","publisher":{"@id":"https:\/\/graphimarket.com\/fr\/#organization"},"potentialAction":[{"@type":"SearchAction","target":{"@type":"EntryPoint","urlTemplate":"https:\/\/graphimarket.com\/fr\/?s={search_term_string}"},"query-input":{"@type":"PropertyValueSpecification","valueRequired":true,"valueName":"search_term_string"}}],"inLanguage":"es-ES"},{"@type":"Organization","@id":"https:\/\/graphimarket.com\/fr\/#organization","name":"Graphimarket","url":"https:\/\/graphimarket.com\/fr\/","logo":{"@type":"ImageObject","inLanguage":"es-ES","@id":"https:\/\/graphimarket.com\/fr\/#\/schema\/logo\/image\/","url":"https:\/\/graphimarket.com\/wp-content\/uploads\/2020\/08\/logo-48.png","contentUrl":"https:\/\/graphimarket.com\/wp-content\/uploads\/2020\/08\/logo-48.png","width":132,"height":48,"caption":"Graphimarket"},"image":{"@id":"https:\/\/graphimarket.com\/fr\/#\/schema\/logo\/image\/"}}]}},"_links":{"self":[{"href":"https:\/\/graphimarket.com\/es\/wp-json\/wp\/v2\/product\/15444","targetHints":{"allow":["GET"]}}],"collection":[{"href":"https:\/\/graphimarket.com\/es\/wp-json\/wp\/v2\/product"}],"about":[{"href":"https:\/\/graphimarket.com\/es\/wp-json\/wp\/v2\/types\/product"}],"replies":[{"embeddable":true,"href":"https:\/\/graphimarket.com\/es\/wp-json\/wp\/v2\/comments?post=15444"}],"version-history":[{"count":0,"href":"https:\/\/graphimarket.com\/es\/wp-json\/wp\/v2\/product\/15444\/revisions"}],"wp:featuredmedia":[{"embeddable":true,"href":"https:\/\/graphimarket.com\/es\/wp-json\/wp\/v2\/media\/15448"}],"wp:attachment":[{"href":"https:\/\/graphimarket.com\/es\/wp-json\/wp\/v2\/media?parent=15444"}],"wp:term":[{"taxonomy":"product_brand","embeddable":true,"href":"https:\/\/graphimarket.com\/es\/wp-json\/wp\/v2\/product_brand?post=15444"},{"taxonomy":"product_cat","embeddable":true,"href":"https:\/\/graphimarket.com\/es\/wp-json\/wp\/v2\/product_cat?post=15444"},{"taxonomy":"product_tag","embeddable":true,"href":"https:\/\/graphimarket.com\/es\/wp-json\/wp\/v2\/product_tag?post=15444"}],"curies":[{"name":"wp","href":"https:\/\/api.w.org\/{rel}","templated":true}]}}