{"id":15666,"date":"2021-01-29T16:34:33","date_gmt":"2021-01-29T15:34:33","guid":{"rendered":"https:\/\/graphimarket.com\/?post_type=product&#038;p=15666"},"modified":"2021-01-29T16:36:50","modified_gmt":"2021-01-29T15:36:50","slug":"lively-photoshop-action","status":"publish","type":"product","link":"https:\/\/graphimarket.com\/es\/product\/lively-photoshop-action\/","title":{"rendered":"Acci\u00f3n animada de Photoshop"},"content":{"rendered":"<h2 id=\"item-description__lively-photoshop-action\">Acci\u00f3n animada de Photoshop<\/h2>\n<p><strong>Create highly detailed artistic designs with this action!<\/strong><\/p>\n<p>The action has been tested and working in Photoshop (English version) CS3,CS4,CS5,CS6,CC,CC 2015.5, CC 2017, CC 2018, CC 2019+. It is recommended to use this action on photos between 1200-3000px high\/wide.<\/p>\n<p><a href=\"https:\/\/www.youtube.com\/watch?v=g5BSXbPCf0c\" target=\"_blank\" rel=\"noopener\">TUTORIAL<\/a><\/p>\n<p><strong>Importante saber<\/strong><\/p>\n<ul>\n<li>Aseg\u00farese de que est\u00e1 utilizando\u00a0<a href=\"https:\/\/graphimarket.com\/es\/2021\/01\/12\/change-the-language-of-your-creative-cloud-apps\/\" target=\"_blank\" rel=\"noopener\">Versi\u00f3n inglesa de Photoshop<\/a>\u00a0para ejecutar la acci\u00f3n. Todas las acciones de Sevenstyles solo funcionar\u00e1n en la versi\u00f3n en ingl\u00e9s de Photoshop.<\/li>\n<li>Compruebe que est\u00e1 utilizando una versi\u00f3n de Photoshop compatible con Action.<\/li>\n<\/ul>\n<ul>\n<li>Mire el video tutorial para asegurarse de tener su archivo de Photoshop configurado correctamente. Tambi\u00e9n se incluye un enlace al tutorial en el archivo &#039;Readme.txt&#039; en la descarga. Puedes ver todos mis tutoriales de acci\u00f3n\u00a0<a href=\"https:\/\/www.youtube.com\/channel\/UCKEi03PoXGSHAzP8u-c4dwQ\" rel=\"nofollow\">aqu\u00ed<\/a>.<\/li>\n<\/ul>\n<ul>\n<li>Utilice fotograf\u00edas de alta resoluci\u00f3n con Action para obtener los mejores resultados y evitar errores. Una resoluci\u00f3n fotogr\u00e1fica \u00f3ptima es de 2000px a 4500px.<\/li>\n<\/ul>\n<ul>\n<li>Con Adobe Creative Cloud, puede instalar\u00a0<a href=\"https:\/\/graphimarket.com\/es\/2021\/01\/12\/how-to-install-previous-versions-of-your-creative-cloud-apps\/\" target=\"_blank\" rel=\"noopener\">m\u00faltiples versiones de Photoshop<\/a>. Si le gusta esta acci\u00f3n pero no es compatible con su versi\u00f3n de Photoshop, siempre puede instalar una versi\u00f3n adicional de Photoshop para ejecutar la acci\u00f3n. Una vez que se haya probado una acci\u00f3n y est\u00e9 funcionando en una versi\u00f3n de Photoshop, funcionar\u00e1 para siempre.<\/li>\n<\/ul>\n<ul>\n<li>Utilice im\u00e1genes Jpeg para ejecutar la acci\u00f3n. Otros tipos de archivos como TIFF, BMP, PNG, PSD pueden causar problemas con las acciones, ya que Photoshop desactiva varias funciones para diferentes tipos de archivos.<\/li>\n<\/ul>\n<ul>\n<li>Si una acci\u00f3n de Sevenstyles incluye un archivo de pincel (.abr), patr\u00f3n (.pat) o formas (.csh) en la descarga, entonces debe cargarse en Photoshop antes de reproducir la acci\u00f3n.<\/li>\n<\/ul>\n<ul>\n<li>Evite usar la acci\u00f3n en logotipos o im\u00e1genes de estilo clip art, ya que la falta de detalle y contraste de color puede provocar errores.<\/li>\n<\/ul>\n<p><img fetchpriority=\"high\" decoding=\"async\" class=\"alignnone size-full wp-image-15668\" src=\"https:\/\/graphimarket.com\/wp-content\/uploads\/2021\/01\/13a-2.jpg\" alt=\"\" width=\"1540\" height=\"1140\" srcset=\"https:\/\/graphimarket.com\/wp-content\/uploads\/2021\/01\/13a-2.jpg 1540w, https:\/\/graphimarket.com\/wp-content\/uploads\/2021\/01\/13a-2-300x222.jpg 300w, https:\/\/graphimarket.com\/wp-content\/uploads\/2021\/01\/13a-2-1024x758.jpg 1024w, https:\/\/graphimarket.com\/wp-content\/uploads\/2021\/01\/13a-2-768x569.jpg 768w, https:\/\/graphimarket.com\/wp-content\/uploads\/2021\/01\/13a-2-1536x1137.jpg 1536w, https:\/\/graphimarket.com\/wp-content\/uploads\/2021\/01\/13a-2-16x12.jpg 16w, https:\/\/graphimarket.com\/wp-content\/uploads\/2021\/01\/13a-2-1320x977.jpg 1320w, https:\/\/graphimarket.com\/wp-content\/uploads\/2021\/01\/13a-2-600x444.jpg 600w\" sizes=\"(max-width: 1540px) 100vw, 1540px\" \/><\/p>\n<p><img decoding=\"async\" class=\"alignnone size-full wp-image-15669\" src=\"https:\/\/graphimarket.com\/wp-content\/uploads\/2021\/01\/13b_worked.jpg\" alt=\"\" width=\"1540\" height=\"1140\" srcset=\"https:\/\/graphimarket.com\/wp-content\/uploads\/2021\/01\/13b_worked.jpg 1540w, https:\/\/graphimarket.com\/wp-content\/uploads\/2021\/01\/13b_worked-300x222.jpg 300w, https:\/\/graphimarket.com\/wp-content\/uploads\/2021\/01\/13b_worked-1024x758.jpg 1024w, https:\/\/graphimarket.com\/wp-content\/uploads\/2021\/01\/13b_worked-768x569.jpg 768w, https:\/\/graphimarket.com\/wp-content\/uploads\/2021\/01\/13b_worked-1536x1137.jpg 1536w, https:\/\/graphimarket.com\/wp-content\/uploads\/2021\/01\/13b_worked-16x12.jpg 16w, https:\/\/graphimarket.com\/wp-content\/uploads\/2021\/01\/13b_worked-1320x977.jpg 1320w, https:\/\/graphimarket.com\/wp-content\/uploads\/2021\/01\/13b_worked-600x444.jpg 600w\" sizes=\"(max-width: 1540px) 100vw, 1540px\" \/><\/p>\n<p><img decoding=\"async\" class=\"alignnone size-full wp-image-15670\" src=\"https:\/\/graphimarket.com\/wp-content\/uploads\/2021\/01\/13c_worked.jpg\" alt=\"\" width=\"1540\" height=\"1140\" srcset=\"https:\/\/graphimarket.com\/wp-content\/uploads\/2021\/01\/13c_worked.jpg 1540w, https:\/\/graphimarket.com\/wp-content\/uploads\/2021\/01\/13c_worked-300x222.jpg 300w, https:\/\/graphimarket.com\/wp-content\/uploads\/2021\/01\/13c_worked-1024x758.jpg 1024w, https:\/\/graphimarket.com\/wp-content\/uploads\/2021\/01\/13c_worked-768x569.jpg 768w, https:\/\/graphimarket.com\/wp-content\/uploads\/2021\/01\/13c_worked-1536x1137.jpg 1536w, https:\/\/graphimarket.com\/wp-content\/uploads\/2021\/01\/13c_worked-16x12.jpg 16w, https:\/\/graphimarket.com\/wp-content\/uploads\/2021\/01\/13c_worked-1320x977.jpg 1320w, https:\/\/graphimarket.com\/wp-content\/uploads\/2021\/01\/13c_worked-600x444.jpg 600w\" sizes=\"(max-width: 1540px) 100vw, 1540px\" \/><\/p>\n<p><img loading=\"lazy\" decoding=\"async\" class=\"alignnone size-full wp-image-15671\" src=\"https:\/\/graphimarket.com\/wp-content\/uploads\/2021\/01\/14_worked.jpg\" alt=\"\" width=\"1097\" height=\"1511\" srcset=\"https:\/\/graphimarket.com\/wp-content\/uploads\/2021\/01\/14_worked.jpg 1097w, https:\/\/graphimarket.com\/wp-content\/uploads\/2021\/01\/14_worked-218x300.jpg 218w, https:\/\/graphimarket.com\/wp-content\/uploads\/2021\/01\/14_worked-743x1024.jpg 743w, https:\/\/graphimarket.com\/wp-content\/uploads\/2021\/01\/14_worked-768x1058.jpg 768w, https:\/\/graphimarket.com\/wp-content\/uploads\/2021\/01\/14_worked-9x12.jpg 9w, https:\/\/graphimarket.com\/wp-content\/uploads\/2021\/01\/14_worked-600x826.jpg 600w\" sizes=\"(max-width: 1097px) 100vw, 1097px\" \/><\/p>\n<p><img loading=\"lazy\" decoding=\"async\" class=\"alignnone size-full wp-image-15672\" src=\"https:\/\/graphimarket.com\/wp-content\/uploads\/2021\/01\/16a-2.jpg\" alt=\"\" width=\"1179\" height=\"1486\" srcset=\"https:\/\/graphimarket.com\/wp-content\/uploads\/2021\/01\/16a-2.jpg 1179w, https:\/\/graphimarket.com\/wp-content\/uploads\/2021\/01\/16a-2-238x300.jpg 238w, https:\/\/graphimarket.com\/wp-content\/uploads\/2021\/01\/16a-2-812x1024.jpg 812w, https:\/\/graphimarket.com\/wp-content\/uploads\/2021\/01\/16a-2-768x968.jpg 768w, https:\/\/graphimarket.com\/wp-content\/uploads\/2021\/01\/16a-2-10x12.jpg 10w, https:\/\/graphimarket.com\/wp-content\/uploads\/2021\/01\/16a-2-600x756.jpg 600w\" sizes=\"(max-width: 1179px) 100vw, 1179px\" \/><\/p>\n<p><img loading=\"lazy\" decoding=\"async\" class=\"alignnone size-full wp-image-15673\" src=\"https:\/\/graphimarket.com\/wp-content\/uploads\/2021\/01\/16G.jpg\" alt=\"\" width=\"1179\" height=\"1486\" srcset=\"https:\/\/graphimarket.com\/wp-content\/uploads\/2021\/01\/16G.jpg 1179w, https:\/\/graphimarket.com\/wp-content\/uploads\/2021\/01\/16G-238x300.jpg 238w, https:\/\/graphimarket.com\/wp-content\/uploads\/2021\/01\/16G-812x1024.jpg 812w, https:\/\/graphimarket.com\/wp-content\/uploads\/2021\/01\/16G-768x968.jpg 768w, https:\/\/graphimarket.com\/wp-content\/uploads\/2021\/01\/16G-10x12.jpg 10w, https:\/\/graphimarket.com\/wp-content\/uploads\/2021\/01\/16G-600x756.jpg 600w\" sizes=\"(max-width: 1179px) 100vw, 1179px\" \/><\/p>\n<p><img loading=\"lazy\" decoding=\"async\" class=\"alignnone size-full wp-image-15674\" src=\"https:\/\/graphimarket.com\/wp-content\/uploads\/2021\/01\/1-7.jpg\" alt=\"\" width=\"1540\" height=\"1140\" srcset=\"https:\/\/graphimarket.com\/wp-content\/uploads\/2021\/01\/1-7.jpg 1540w, https:\/\/graphimarket.com\/wp-content\/uploads\/2021\/01\/1-7-300x222.jpg 300w, https:\/\/graphimarket.com\/wp-content\/uploads\/2021\/01\/1-7-1024x758.jpg 1024w, https:\/\/graphimarket.com\/wp-content\/uploads\/2021\/01\/1-7-768x569.jpg 768w, https:\/\/graphimarket.com\/wp-content\/uploads\/2021\/01\/1-7-1536x1137.jpg 1536w, https:\/\/graphimarket.com\/wp-content\/uploads\/2021\/01\/1-7-16x12.jpg 16w, https:\/\/graphimarket.com\/wp-content\/uploads\/2021\/01\/1-7-1320x977.jpg 1320w, https:\/\/graphimarket.com\/wp-content\/uploads\/2021\/01\/1-7-600x444.jpg 600w\" sizes=\"(max-width: 1540px) 100vw, 1540px\" \/><\/p>\n<p><img loading=\"lazy\" decoding=\"async\" class=\"alignnone size-full wp-image-15675\" src=\"https:\/\/graphimarket.com\/wp-content\/uploads\/2021\/01\/10_worked.jpg\" alt=\"\" width=\"2205\" height=\"2282\" srcset=\"https:\/\/graphimarket.com\/wp-content\/uploads\/2021\/01\/10_worked.jpg 2205w, https:\/\/graphimarket.com\/wp-content\/uploads\/2021\/01\/10_worked-290x300.jpg 290w, https:\/\/graphimarket.com\/wp-content\/uploads\/2021\/01\/10_worked-989x1024.jpg 989w, https:\/\/graphimarket.com\/wp-content\/uploads\/2021\/01\/10_worked-768x795.jpg 768w, https:\/\/graphimarket.com\/wp-content\/uploads\/2021\/01\/10_worked-1484x1536.jpg 1484w, https:\/\/graphimarket.com\/wp-content\/uploads\/2021\/01\/10_worked-1979x2048.jpg 1979w, https:\/\/graphimarket.com\/wp-content\/uploads\/2021\/01\/10_worked-12x12.jpg 12w, https:\/\/graphimarket.com\/wp-content\/uploads\/2021\/01\/10_worked-1320x1366.jpg 1320w, https:\/\/graphimarket.com\/wp-content\/uploads\/2021\/01\/10_worked-600x621.jpg 600w\" sizes=\"(max-width: 2205px) 100vw, 2205px\" \/><\/p>\n<p><img loading=\"lazy\" decoding=\"async\" class=\"alignnone size-full wp-image-15676\" src=\"https:\/\/graphimarket.com\/wp-content\/uploads\/2021\/01\/11_worked.jpg\" alt=\"\" width=\"1141\" height=\"1399\" srcset=\"https:\/\/graphimarket.com\/wp-content\/uploads\/2021\/01\/11_worked.jpg 1141w, https:\/\/graphimarket.com\/wp-content\/uploads\/2021\/01\/11_worked-245x300.jpg 245w, https:\/\/graphimarket.com\/wp-content\/uploads\/2021\/01\/11_worked-835x1024.jpg 835w, https:\/\/graphimarket.com\/wp-content\/uploads\/2021\/01\/11_worked-768x942.jpg 768w, https:\/\/graphimarket.com\/wp-content\/uploads\/2021\/01\/11_worked-10x12.jpg 10w, https:\/\/graphimarket.com\/wp-content\/uploads\/2021\/01\/11_worked-600x736.jpg 600w\" sizes=\"(max-width: 1141px) 100vw, 1141px\" \/><\/p>\n<p><img loading=\"lazy\" decoding=\"async\" class=\"alignnone size-full wp-image-15677\" src=\"https:\/\/graphimarket.com\/wp-content\/uploads\/2021\/01\/12_worked.jpg\" alt=\"\" width=\"1236\" height=\"1413\" srcset=\"https:\/\/graphimarket.com\/wp-content\/uploads\/2021\/01\/12_worked.jpg 1236w, https:\/\/graphimarket.com\/wp-content\/uploads\/2021\/01\/12_worked-262x300.jpg 262w, https:\/\/graphimarket.com\/wp-content\/uploads\/2021\/01\/12_worked-896x1024.jpg 896w, https:\/\/graphimarket.com\/wp-content\/uploads\/2021\/01\/12_worked-768x878.jpg 768w, https:\/\/graphimarket.com\/wp-content\/uploads\/2021\/01\/12_worked-10x12.jpg 10w, https:\/\/graphimarket.com\/wp-content\/uploads\/2021\/01\/12_worked-600x686.jpg 600w\" sizes=\"(max-width: 1236px) 100vw, 1236px\" \/><\/p>\n<p>&nbsp;<\/p>","protected":false},"excerpt":{"rendered":"<p>Lively Photoshop Action Create highly detailed artistic designs with this action! The action has been tested and working in Photoshop (English version) CS3,CS4,CS5,CS6,CC,CC 2015.5, CC 2017, CC 2018, CC 2019+. It is recommended to use this action on photos between 1200-3000px high\/wide. TUTORIAL Important to know Make sure you are using the\u00a0English version of Photoshop\u00a0to [&hellip;]<\/p>\n","protected":false},"featured_media":15676,"comment_status":"open","ping_status":"closed","template":"","meta":{"site-sidebar-layout":"default","site-content-layout":"default","ast-site-content-layout":"default","site-content-style":"default","site-sidebar-style":"default","ast-global-header-display":"","ast-banner-title-visibility":"","ast-main-header-display":"","ast-hfb-above-header-display":"","ast-hfb-below-header-display":"","ast-hfb-mobile-header-display":"","site-post-title":"","ast-breadcrumbs-content":"","ast-featured-img":"","footer-sml-layout":"","ast-disable-related-posts":"","theme-transparent-header-meta":"default","adv-header-id-meta":"","stick-header-meta":"","header-above-stick-meta":"","header-main-stick-meta":"","header-below-stick-meta":"","astra-migrate-meta-layouts":"default","ast-page-background-enabled":"default","ast-page-background-meta":{"desktop":{"background-color":"","background-image":"","background-repeat":"repeat","background-position":"center center","background-size":"auto","background-attachment":"scroll","background-type":"","background-media":"","overlay-type":"","overlay-color":"","overlay-opacity":"","overlay-gradient":""},"tablet":{"background-color":"","background-image":"","background-repeat":"repeat","background-position":"center center","background-size":"auto","background-attachment":"scroll","background-type":"","background-media":"","overlay-type":"","overlay-color":"","overlay-opacity":"","overlay-gradient":""},"mobile":{"background-color":"","background-image":"","background-repeat":"repeat","background-position":"center center","background-size":"auto","background-attachment":"scroll","background-type":"","background-media":"","overlay-type":"","overlay-color":"","overlay-opacity":"","overlay-gradient":""}},"ast-content-background-meta":{"desktop":{"background-color":"var(--ast-global-color-5)","background-image":"","background-repeat":"repeat","background-position":"center center","background-size":"auto","background-attachment":"scroll","background-type":"","background-media":"","overlay-type":"","overlay-color":"","overlay-opacity":"","overlay-gradient":""},"tablet":{"background-color":"var(--ast-global-color-5)","background-image":"","background-repeat":"repeat","background-position":"center center","background-size":"auto","background-attachment":"scroll","background-type":"","background-media":"","overlay-type":"","overlay-color":"","overlay-opacity":"","overlay-gradient":""},"mobile":{"background-color":"var(--ast-global-color-5)","background-image":"","background-repeat":"repeat","background-position":"center center","background-size":"auto","background-attachment":"scroll","background-type":"","background-media":"","overlay-type":"","overlay-color":"","overlay-opacity":"","overlay-gradient":""}}},"product_brand":[],"product_cat":[195,146],"product_tag":[292,1386,1860,62],"class_list":{"0":"post-15666","1":"product","2":"type-product","3":"status-publish","4":"has-post-thumbnail","6":"product_cat-photoshop","7":"product_cat-photoshop-action","8":"product_tag-action","9":"product_tag-adobe","10":"product_tag-lively","11":"product_tag-photoshop","12":"desktop-align-left","13":"tablet-align-left","14":"mobile-align-left","16":"first","17":"instock","18":"sale","19":"downloadable","20":"virtual","21":"taxable","22":"purchasable","23":"product-type-simple"},"yoast_head":"<!-- This site is optimized with the Yoast SEO plugin v27.3 - https:\/\/yoast.com\/product\/yoast-seo-wordpress\/ -->\n<title>Lively Photoshop Action - Graphimarket<\/title>\n<meta name=\"description\" content=\"Create highly detailed artistic designs with this action!The action has been tested and working in Photoshop (English version)....\" \/>\n<meta name=\"robots\" content=\"index, follow, max-snippet:-1, max-image-preview:large, max-video-preview:-1\" \/>\n<link rel=\"canonical\" href=\"https:\/\/graphimarket.com\/es\/product\/lively-photoshop-action\/\" \/>\n<meta property=\"og:locale\" content=\"es_ES\" \/>\n<meta property=\"og:type\" content=\"article\" \/>\n<meta property=\"og:title\" content=\"Lively Photoshop Action - Graphimarket\" \/>\n<meta property=\"og:description\" content=\"Create highly detailed artistic designs with this action!The action has been tested and working in Photoshop (English version)....\" \/>\n<meta property=\"og:url\" content=\"https:\/\/graphimarket.com\/es\/product\/lively-photoshop-action\/\" \/>\n<meta property=\"og:site_name\" content=\"Graphimarket\" \/>\n<meta property=\"article:modified_time\" content=\"2021-01-29T15:36:50+00:00\" \/>\n<meta property=\"og:image\" content=\"https:\/\/graphimarket.com\/wp-content\/uploads\/2021\/01\/11_worked.jpg\" \/>\n\t<meta property=\"og:image:width\" content=\"1141\" \/>\n\t<meta property=\"og:image:height\" content=\"1399\" \/>\n\t<meta property=\"og:image:type\" content=\"image\/jpeg\" \/>\n<meta name=\"twitter:card\" content=\"summary_large_image\" \/>\n<meta name=\"twitter:label1\" content=\"Est. reading time\" \/>\n\t<meta name=\"twitter:data1\" content=\"1 minute\" \/>\n<script type=\"application\/ld+json\" class=\"yoast-schema-graph\">{\"@context\":\"https:\\\/\\\/schema.org\",\"@graph\":[{\"@type\":\"WebPage\",\"@id\":\"https:\\\/\\\/graphimarket.com\\\/fr\\\/product\\\/lively-photoshop-action\\\/\",\"url\":\"https:\\\/\\\/graphimarket.com\\\/fr\\\/product\\\/lively-photoshop-action\\\/\",\"name\":\"Lively Photoshop Action - Graphimarket\",\"isPartOf\":{\"@id\":\"https:\\\/\\\/graphimarket.com\\\/fr\\\/#website\"},\"primaryImageOfPage\":{\"@id\":\"https:\\\/\\\/graphimarket.com\\\/fr\\\/product\\\/lively-photoshop-action\\\/#primaryimage\"},\"image\":{\"@id\":\"https:\\\/\\\/graphimarket.com\\\/fr\\\/product\\\/lively-photoshop-action\\\/#primaryimage\"},\"thumbnailUrl\":\"https:\\\/\\\/graphimarket.com\\\/wp-content\\\/uploads\\\/2021\\\/01\\\/11_worked.jpg\",\"datePublished\":\"2021-01-29T15:34:33+00:00\",\"dateModified\":\"2021-01-29T15:36:50+00:00\",\"description\":\"Create highly detailed artistic designs with this action!The action has been tested and working in Photoshop (English version)....\",\"breadcrumb\":{\"@id\":\"https:\\\/\\\/graphimarket.com\\\/fr\\\/product\\\/lively-photoshop-action\\\/#breadcrumb\"},\"inLanguage\":\"es-ES\",\"potentialAction\":[{\"@type\":\"ReadAction\",\"target\":[\"https:\\\/\\\/graphimarket.com\\\/fr\\\/product\\\/lively-photoshop-action\\\/\"]}]},{\"@type\":\"ImageObject\",\"inLanguage\":\"es-ES\",\"@id\":\"https:\\\/\\\/graphimarket.com\\\/fr\\\/product\\\/lively-photoshop-action\\\/#primaryimage\",\"url\":\"https:\\\/\\\/graphimarket.com\\\/wp-content\\\/uploads\\\/2021\\\/01\\\/11_worked.jpg\",\"contentUrl\":\"https:\\\/\\\/graphimarket.com\\\/wp-content\\\/uploads\\\/2021\\\/01\\\/11_worked.jpg\",\"width\":1141,\"height\":1399},{\"@type\":\"BreadcrumbList\",\"@id\":\"https:\\\/\\\/graphimarket.com\\\/fr\\\/product\\\/lively-photoshop-action\\\/#breadcrumb\",\"itemListElement\":[{\"@type\":\"ListItem\",\"position\":1,\"name\":\"Home\",\"item\":\"https:\\\/\\\/graphimarket.com\\\/es\\\/\"},{\"@type\":\"ListItem\",\"position\":2,\"name\":\"Store\",\"item\":\"https:\\\/\\\/graphimarket.com\\\/store\\\/\"},{\"@type\":\"ListItem\",\"position\":3,\"name\":\"Lively Photoshop Action\"}]},{\"@type\":\"WebSite\",\"@id\":\"https:\\\/\\\/graphimarket.com\\\/fr\\\/#website\",\"url\":\"https:\\\/\\\/graphimarket.com\\\/fr\\\/\",\"name\":\"Graphimarket\",\"description\":\"Find the perfect creative asset to bring your project to life\",\"publisher\":{\"@id\":\"https:\\\/\\\/graphimarket.com\\\/fr\\\/#organization\"},\"potentialAction\":[{\"@type\":\"SearchAction\",\"target\":{\"@type\":\"EntryPoint\",\"urlTemplate\":\"https:\\\/\\\/graphimarket.com\\\/fr\\\/?s={search_term_string}\"},\"query-input\":{\"@type\":\"PropertyValueSpecification\",\"valueRequired\":true,\"valueName\":\"search_term_string\"}}],\"inLanguage\":\"es-ES\"},{\"@type\":\"Organization\",\"@id\":\"https:\\\/\\\/graphimarket.com\\\/fr\\\/#organization\",\"name\":\"Graphimarket\",\"url\":\"https:\\\/\\\/graphimarket.com\\\/fr\\\/\",\"logo\":{\"@type\":\"ImageObject\",\"inLanguage\":\"es-ES\",\"@id\":\"https:\\\/\\\/graphimarket.com\\\/fr\\\/#\\\/schema\\\/logo\\\/image\\\/\",\"url\":\"https:\\\/\\\/graphimarket.com\\\/wp-content\\\/uploads\\\/2020\\\/08\\\/logo-48.png\",\"contentUrl\":\"https:\\\/\\\/graphimarket.com\\\/wp-content\\\/uploads\\\/2020\\\/08\\\/logo-48.png\",\"width\":132,\"height\":48,\"caption\":\"Graphimarket\"},\"image\":{\"@id\":\"https:\\\/\\\/graphimarket.com\\\/fr\\\/#\\\/schema\\\/logo\\\/image\\\/\"}}]}<\/script>\n<!-- \/ Yoast SEO plugin. -->","yoast_head_json":{"title":"Lively Photoshop Action - Graphimarket","description":"Create highly detailed artistic designs with this action!The action has been tested and working in Photoshop (English version)....","robots":{"index":"index","follow":"follow","max-snippet":"max-snippet:-1","max-image-preview":"max-image-preview:large","max-video-preview":"max-video-preview:-1"},"canonical":"https:\/\/graphimarket.com\/es\/product\/lively-photoshop-action\/","og_locale":"es_ES","og_type":"article","og_title":"Lively Photoshop Action - Graphimarket","og_description":"Create highly detailed artistic designs with this action!The action has been tested and working in Photoshop (English version)....","og_url":"https:\/\/graphimarket.com\/es\/product\/lively-photoshop-action\/","og_site_name":"Graphimarket","article_modified_time":"2021-01-29T15:36:50+00:00","og_image":[{"width":1141,"height":1399,"url":"https:\/\/graphimarket.com\/wp-content\/uploads\/2021\/01\/11_worked.jpg","type":"image\/jpeg"}],"twitter_card":"summary_large_image","twitter_misc":{"Est. reading time":"1 minute"},"schema":{"@context":"https:\/\/schema.org","@graph":[{"@type":"WebPage","@id":"https:\/\/graphimarket.com\/fr\/product\/lively-photoshop-action\/","url":"https:\/\/graphimarket.com\/fr\/product\/lively-photoshop-action\/","name":"Lively Photoshop Action - Graphimarket","isPartOf":{"@id":"https:\/\/graphimarket.com\/fr\/#website"},"primaryImageOfPage":{"@id":"https:\/\/graphimarket.com\/fr\/product\/lively-photoshop-action\/#primaryimage"},"image":{"@id":"https:\/\/graphimarket.com\/fr\/product\/lively-photoshop-action\/#primaryimage"},"thumbnailUrl":"https:\/\/graphimarket.com\/wp-content\/uploads\/2021\/01\/11_worked.jpg","datePublished":"2021-01-29T15:34:33+00:00","dateModified":"2021-01-29T15:36:50+00:00","description":"Create highly detailed artistic designs with this action!The action has been tested and working in Photoshop (English version)....","breadcrumb":{"@id":"https:\/\/graphimarket.com\/fr\/product\/lively-photoshop-action\/#breadcrumb"},"inLanguage":"es-ES","potentialAction":[{"@type":"ReadAction","target":["https:\/\/graphimarket.com\/fr\/product\/lively-photoshop-action\/"]}]},{"@type":"ImageObject","inLanguage":"es-ES","@id":"https:\/\/graphimarket.com\/fr\/product\/lively-photoshop-action\/#primaryimage","url":"https:\/\/graphimarket.com\/wp-content\/uploads\/2021\/01\/11_worked.jpg","contentUrl":"https:\/\/graphimarket.com\/wp-content\/uploads\/2021\/01\/11_worked.jpg","width":1141,"height":1399},{"@type":"BreadcrumbList","@id":"https:\/\/graphimarket.com\/fr\/product\/lively-photoshop-action\/#breadcrumb","itemListElement":[{"@type":"ListItem","position":1,"name":"Home","item":"https:\/\/graphimarket.com\/es\/"},{"@type":"ListItem","position":2,"name":"Store","item":"https:\/\/graphimarket.com\/store\/"},{"@type":"ListItem","position":3,"name":"Lively Photoshop Action"}]},{"@type":"WebSite","@id":"https:\/\/graphimarket.com\/fr\/#website","url":"https:\/\/graphimarket.com\/fr\/","name":"Graphimarket","description":"Encuentre el activo creativo perfecto para darle vida a su proyecto","publisher":{"@id":"https:\/\/graphimarket.com\/fr\/#organization"},"potentialAction":[{"@type":"SearchAction","target":{"@type":"EntryPoint","urlTemplate":"https:\/\/graphimarket.com\/fr\/?s={search_term_string}"},"query-input":{"@type":"PropertyValueSpecification","valueRequired":true,"valueName":"search_term_string"}}],"inLanguage":"es-ES"},{"@type":"Organization","@id":"https:\/\/graphimarket.com\/fr\/#organization","name":"Graphimarket","url":"https:\/\/graphimarket.com\/fr\/","logo":{"@type":"ImageObject","inLanguage":"es-ES","@id":"https:\/\/graphimarket.com\/fr\/#\/schema\/logo\/image\/","url":"https:\/\/graphimarket.com\/wp-content\/uploads\/2020\/08\/logo-48.png","contentUrl":"https:\/\/graphimarket.com\/wp-content\/uploads\/2020\/08\/logo-48.png","width":132,"height":48,"caption":"Graphimarket"},"image":{"@id":"https:\/\/graphimarket.com\/fr\/#\/schema\/logo\/image\/"}}]}},"_links":{"self":[{"href":"https:\/\/graphimarket.com\/es\/wp-json\/wp\/v2\/product\/15666","targetHints":{"allow":["GET"]}}],"collection":[{"href":"https:\/\/graphimarket.com\/es\/wp-json\/wp\/v2\/product"}],"about":[{"href":"https:\/\/graphimarket.com\/es\/wp-json\/wp\/v2\/types\/product"}],"replies":[{"embeddable":true,"href":"https:\/\/graphimarket.com\/es\/wp-json\/wp\/v2\/comments?post=15666"}],"version-history":[{"count":0,"href":"https:\/\/graphimarket.com\/es\/wp-json\/wp\/v2\/product\/15666\/revisions"}],"wp:featuredmedia":[{"embeddable":true,"href":"https:\/\/graphimarket.com\/es\/wp-json\/wp\/v2\/media\/15676"}],"wp:attachment":[{"href":"https:\/\/graphimarket.com\/es\/wp-json\/wp\/v2\/media?parent=15666"}],"wp:term":[{"taxonomy":"product_brand","embeddable":true,"href":"https:\/\/graphimarket.com\/es\/wp-json\/wp\/v2\/product_brand?post=15666"},{"taxonomy":"product_cat","embeddable":true,"href":"https:\/\/graphimarket.com\/es\/wp-json\/wp\/v2\/product_cat?post=15666"},{"taxonomy":"product_tag","embeddable":true,"href":"https:\/\/graphimarket.com\/es\/wp-json\/wp\/v2\/product_tag?post=15666"}],"curies":[{"name":"wp","href":"https:\/\/api.w.org\/{rel}","templated":true}]}}