{"id":15708,"date":"2021-02-01T17:23:40","date_gmt":"2021-02-01T16:23:40","guid":{"rendered":"https:\/\/graphimarket.com\/?post_type=product&#038;p=15708"},"modified":"2021-02-01T17:27:34","modified_gmt":"2021-02-01T16:27:34","slug":"1000-premium-hd-overlays-and-actions-for-photoshop","status":"publish","type":"product","link":"https:\/\/graphimarket.com\/es\/product\/1000-premium-hd-overlays-and-actions-for-photoshop\/","title":{"rendered":"M\u00e1s de 1000 superposiciones y acciones de alta definici\u00f3n para Photoshop"},"content":{"rendered":"<h3>Superposiciones y acciones de Photoshop HD para dise\u00f1os premium.<\/h3>\n<p>Agregue efectos sorprendentes a sus fotos con\u00a0<strong>\u00a1M\u00e1s de 1000 superposiciones y acciones HD premium!<\/strong><\/p>\n<p>Encontrar\u00e1 una gran variedad de superposiciones y acciones de Photoshop de alta calidad en este paquete. \u00a1No hay ning\u00fan efecto que no puedas conquistar con este incre\u00edble paquete! Ya sea que desee agregar belleza, encanto, emociones u otros efectos a sus im\u00e1genes, puede hacerlo f\u00e1cilmente con estos recursos de Photoshop.<\/p>\n<p>\u00a1Este es un arsenal para fot\u00f3grafos, aficionados y profesionales para el procesamiento r\u00e1pido de fotograf\u00edas!<\/p>\n<p>Estos recursos de Photoshop se pueden utilizar en cualquier software de gr\u00e1ficos que admita el modo de pantalla de superposici\u00f3n de capas.<\/p>\n<p>\u00a1Y lo que es m\u00e1s! Este paquete viene con una licencia comercial extendida, lo que significa que puede usar estas superposiciones y acciones, una y otra vez, para crear dise\u00f1os impresionantes para usted y sus clientes.<\/p>\n<h3>M\u00e1s de 1000 superposiciones y acciones incluidas en este paquete:<\/h3>\n<ul>\n<li>44 superposiciones de efectos fotogr\u00e1ficos antiguos vintage<\/li>\n<li>85 silueta del cielo nocturno: superposiciones y acciones<\/li>\n<li>50 fondos y superposiciones vintage<\/li>\n<li>52 superposiciones y acciones rom\u00e1nticas de efectos Bokeh de coraz\u00f3n<\/li>\n<li>42 coloridos efectos de superposici\u00f3n de confeti navide\u00f1o y brillo<\/li>\n<li>50 efectos de destellos \u00f3pticos: superposiciones y acciones<\/li>\n<li>52 Superposiciones y acciones de efectos de grabaci\u00f3n de pel\u00edcula y granulado<\/li>\n<li>39 Agregar Bokeh: superposiciones y acciones<\/li>\n<li>56 superposiciones de fotos de humo realistas<\/li>\n<li>99 efectos bokeh naturales: superposiciones y acciones<\/li>\n<li>51 efectos de superposici\u00f3n de nieve y polvo<\/li>\n<li>28 malos efectos de fotocopia: superposiciones y acciones<\/li>\n<li>49 superposiciones fotogr\u00e1ficas con destellos de lente para fotograf\u00eda profesional<\/li>\n<li>35 efectos de destello de lente: superposiciones y acciones<\/li>\n<li>92 Efectos de fugas de luz de pel\u00edcula: superposiciones y acciones<\/li>\n<li>26 efectos de superposici\u00f3n de lluvia<\/li>\n<li>19 Efecto submarino para Adobe Photoshop<\/li>\n<li>49 efectos de bokeh natural: superposiciones y acciones<\/li>\n<li>45 superposiciones de elegancia Bokeh<\/li>\n<li>10 superposiciones y acciones estrelladas del cielo nocturno<\/li>\n<li>16 Efecto PLACA H\u00daMEDA para Adobe Photoshop<\/li>\n<\/ul>\n<p>&nbsp;<\/p>\n<p><img fetchpriority=\"high\" decoding=\"async\" class=\"size-full wp-image-15709 aligncenter\" src=\"https:\/\/graphimarket.com\/wp-content\/uploads\/2021\/02\/christmas-overlay-pack-9-1-1024x5870-2-scaled.jpg\" alt=\"\" width=\"447\" height=\"2560\" srcset=\"https:\/\/graphimarket.com\/wp-content\/uploads\/2021\/02\/christmas-overlay-pack-9-1-1024x5870-2-scaled.jpg 447w, https:\/\/graphimarket.com\/wp-content\/uploads\/2021\/02\/christmas-overlay-pack-9-1-1024x5870-2-179x1024.jpg 179w, https:\/\/graphimarket.com\/wp-content\/uploads\/2021\/02\/christmas-overlay-pack-9-1-1024x5870-2-268x1536.jpg 268w, https:\/\/graphimarket.com\/wp-content\/uploads\/2021\/02\/christmas-overlay-pack-9-1-1024x5870-2-2x12.jpg 2w\" sizes=\"(max-width: 447px) 100vw, 447px\" \/><\/p>","protected":false},"excerpt":{"rendered":"<p>HD Photoshop Overlays &amp; Actions For Premium Designs. Add stunning effects to your photos with\u00a01000+ Premium HD Overlays and Actions! You will find a great variety of high-quality Photoshop Overlays and Actions in this bundle. There is no effect that you can not conquer with this awesome bundle! Whether you want to add beauty, charm, [&hellip;]<\/p>\n","protected":false},"featured_media":15710,"comment_status":"open","ping_status":"closed","template":"","meta":{"site-sidebar-layout":"default","site-content-layout":"default","ast-site-content-layout":"default","site-content-style":"default","site-sidebar-style":"default","ast-global-header-display":"","ast-banner-title-visibility":"","ast-main-header-display":"","ast-hfb-above-header-display":"","ast-hfb-below-header-display":"","ast-hfb-mobile-header-display":"","site-post-title":"","ast-breadcrumbs-content":"","ast-featured-img":"","footer-sml-layout":"","ast-disable-related-posts":"","theme-transparent-header-meta":"default","adv-header-id-meta":"","stick-header-meta":"","header-above-stick-meta":"","header-main-stick-meta":"","header-below-stick-meta":"","astra-migrate-meta-layouts":"default","ast-page-background-enabled":"default","ast-page-background-meta":{"desktop":{"background-color":"","background-image":"","background-repeat":"repeat","background-position":"center center","background-size":"auto","background-attachment":"scroll","background-type":"","background-media":"","overlay-type":"","overlay-color":"","overlay-opacity":"","overlay-gradient":""},"tablet":{"background-color":"","background-image":"","background-repeat":"repeat","background-position":"center center","background-size":"auto","background-attachment":"scroll","background-type":"","background-media":"","overlay-type":"","overlay-color":"","overlay-opacity":"","overlay-gradient":""},"mobile":{"background-color":"","background-image":"","background-repeat":"repeat","background-position":"center center","background-size":"auto","background-attachment":"scroll","background-type":"","background-media":"","overlay-type":"","overlay-color":"","overlay-opacity":"","overlay-gradient":""}},"ast-content-background-meta":{"desktop":{"background-color":"var(--ast-global-color-5)","background-image":"","background-repeat":"repeat","background-position":"center center","background-size":"auto","background-attachment":"scroll","background-type":"","background-media":"","overlay-type":"","overlay-color":"","overlay-opacity":"","overlay-gradient":""},"tablet":{"background-color":"var(--ast-global-color-5)","background-image":"","background-repeat":"repeat","background-position":"center center","background-size":"auto","background-attachment":"scroll","background-type":"","background-media":"","overlay-type":"","overlay-color":"","overlay-opacity":"","overlay-gradient":""},"mobile":{"background-color":"var(--ast-global-color-5)","background-image":"","background-repeat":"repeat","background-position":"center center","background-size":"auto","background-attachment":"scroll","background-type":"","background-media":"","overlay-type":"","overlay-color":"","overlay-opacity":"","overlay-gradient":""}}},"product_brand":[],"product_cat":[196,140,144,145,195,146],"product_tag":[292,1863,1862,524,285,62,421],"class_list":{"0":"post-15708","1":"product","2":"type-product","3":"status-publish","4":"has-post-thumbnail","6":"product_cat-actions","7":"product_cat-overlays","8":"product_cat-photo-editor","9":"product_cat-photography","10":"product_cat-photoshop","11":"product_cat-photoshop-action","12":"product_tag-action","13":"product_tag-designs","14":"product_tag-hd","15":"product_tag-overlay","16":"product_tag-photo","17":"product_tag-photoshop","18":"product_tag-premium","19":"desktop-align-left","20":"tablet-align-left","21":"mobile-align-left","23":"first","24":"instock","25":"sale","26":"downloadable","27":"virtual","28":"taxable","29":"purchasable","30":"product-type-simple"},"yoast_head":"<!-- This site is optimized with the Yoast SEO plugin v27.3 - https:\/\/yoast.com\/product\/yoast-seo-wordpress\/ -->\n<title>1000+ Premium HD Overlays and Actions for Photoshop - Graphimarket<\/title>\n<meta name=\"description\" content=\"HD Photoshop Overlays &amp; Actions For Premium Designs.Add stunning effects to your photos with\u00a01000+ Premium HD Overlays and Actions!...\" \/>\n<meta name=\"robots\" content=\"index, follow, max-snippet:-1, max-image-preview:large, max-video-preview:-1\" \/>\n<link rel=\"canonical\" href=\"https:\/\/graphimarket.com\/es\/product\/1000-premium-hd-overlays-and-actions-for-photoshop\/\" \/>\n<meta property=\"og:locale\" content=\"es_ES\" \/>\n<meta property=\"og:type\" content=\"article\" \/>\n<meta property=\"og:title\" content=\"1000+ Premium HD Overlays and Actions for Photoshop - Graphimarket\" \/>\n<meta property=\"og:description\" content=\"HD Photoshop Overlays &amp; Actions For Premium Designs.Add stunning effects to your photos with\u00a01000+ Premium HD Overlays and Actions!...\" \/>\n<meta property=\"og:url\" content=\"https:\/\/graphimarket.com\/es\/product\/1000-premium-hd-overlays-and-actions-for-photoshop\/\" \/>\n<meta property=\"og:site_name\" content=\"Graphimarket\" \/>\n<meta property=\"article:modified_time\" content=\"2021-02-01T16:27:34+00:00\" \/>\n<meta property=\"og:image\" content=\"https:\/\/graphimarket.com\/wp-content\/uploads\/2021\/02\/1000-COMPLETE-LIBRARY-Photo-Overlays-Bundle-Banner.jpg\" \/>\n\t<meta property=\"og:image:width\" content=\"800\" \/>\n\t<meta property=\"og:image:height\" content=\"500\" \/>\n\t<meta property=\"og:image:type\" content=\"image\/jpeg\" \/>\n<meta name=\"twitter:card\" content=\"summary_large_image\" \/>\n<meta name=\"twitter:label1\" content=\"Est. reading time\" \/>\n\t<meta name=\"twitter:data1\" content=\"1 minute\" \/>\n<script type=\"application\/ld+json\" class=\"yoast-schema-graph\">{\"@context\":\"https:\\\/\\\/schema.org\",\"@graph\":[{\"@type\":\"WebPage\",\"@id\":\"https:\\\/\\\/graphimarket.com\\\/product\\\/1000-premium-hd-overlays-and-actions-for-photoshop\\\/\",\"url\":\"https:\\\/\\\/graphimarket.com\\\/product\\\/1000-premium-hd-overlays-and-actions-for-photoshop\\\/\",\"name\":\"1000+ Premium HD Overlays and Actions for Photoshop - Graphimarket\",\"isPartOf\":{\"@id\":\"https:\\\/\\\/graphimarket.com\\\/fr\\\/#website\"},\"primaryImageOfPage\":{\"@id\":\"https:\\\/\\\/graphimarket.com\\\/product\\\/1000-premium-hd-overlays-and-actions-for-photoshop\\\/#primaryimage\"},\"image\":{\"@id\":\"https:\\\/\\\/graphimarket.com\\\/product\\\/1000-premium-hd-overlays-and-actions-for-photoshop\\\/#primaryimage\"},\"thumbnailUrl\":\"https:\\\/\\\/graphimarket.com\\\/wp-content\\\/uploads\\\/2021\\\/02\\\/1000-COMPLETE-LIBRARY-Photo-Overlays-Bundle-Banner.jpg\",\"datePublished\":\"2021-02-01T16:23:40+00:00\",\"dateModified\":\"2021-02-01T16:27:34+00:00\",\"description\":\"HD Photoshop Overlays & Actions For Premium Designs.Add stunning effects to your photos with\u00a01000+ Premium HD Overlays and Actions!...\",\"breadcrumb\":{\"@id\":\"https:\\\/\\\/graphimarket.com\\\/product\\\/1000-premium-hd-overlays-and-actions-for-photoshop\\\/#breadcrumb\"},\"inLanguage\":\"es-ES\",\"potentialAction\":[{\"@type\":\"ReadAction\",\"target\":[\"https:\\\/\\\/graphimarket.com\\\/product\\\/1000-premium-hd-overlays-and-actions-for-photoshop\\\/\"]}]},{\"@type\":\"ImageObject\",\"inLanguage\":\"es-ES\",\"@id\":\"https:\\\/\\\/graphimarket.com\\\/product\\\/1000-premium-hd-overlays-and-actions-for-photoshop\\\/#primaryimage\",\"url\":\"https:\\\/\\\/graphimarket.com\\\/wp-content\\\/uploads\\\/2021\\\/02\\\/1000-COMPLETE-LIBRARY-Photo-Overlays-Bundle-Banner.jpg\",\"contentUrl\":\"https:\\\/\\\/graphimarket.com\\\/wp-content\\\/uploads\\\/2021\\\/02\\\/1000-COMPLETE-LIBRARY-Photo-Overlays-Bundle-Banner.jpg\",\"width\":800,\"height\":500},{\"@type\":\"BreadcrumbList\",\"@id\":\"https:\\\/\\\/graphimarket.com\\\/product\\\/1000-premium-hd-overlays-and-actions-for-photoshop\\\/#breadcrumb\",\"itemListElement\":[{\"@type\":\"ListItem\",\"position\":1,\"name\":\"Home\",\"item\":\"https:\\\/\\\/graphimarket.com\\\/es\\\/\"},{\"@type\":\"ListItem\",\"position\":2,\"name\":\"Store\",\"item\":\"https:\\\/\\\/graphimarket.com\\\/store\\\/\"},{\"@type\":\"ListItem\",\"position\":3,\"name\":\"1000+ Premium HD Overlays and Actions for Photoshop\"}]},{\"@type\":\"WebSite\",\"@id\":\"https:\\\/\\\/graphimarket.com\\\/fr\\\/#website\",\"url\":\"https:\\\/\\\/graphimarket.com\\\/fr\\\/\",\"name\":\"Graphimarket\",\"description\":\"Find the perfect creative asset to bring your project to life\",\"publisher\":{\"@id\":\"https:\\\/\\\/graphimarket.com\\\/fr\\\/#organization\"},\"potentialAction\":[{\"@type\":\"SearchAction\",\"target\":{\"@type\":\"EntryPoint\",\"urlTemplate\":\"https:\\\/\\\/graphimarket.com\\\/fr\\\/?s={search_term_string}\"},\"query-input\":{\"@type\":\"PropertyValueSpecification\",\"valueRequired\":true,\"valueName\":\"search_term_string\"}}],\"inLanguage\":\"es-ES\"},{\"@type\":\"Organization\",\"@id\":\"https:\\\/\\\/graphimarket.com\\\/fr\\\/#organization\",\"name\":\"Graphimarket\",\"url\":\"https:\\\/\\\/graphimarket.com\\\/fr\\\/\",\"logo\":{\"@type\":\"ImageObject\",\"inLanguage\":\"es-ES\",\"@id\":\"https:\\\/\\\/graphimarket.com\\\/fr\\\/#\\\/schema\\\/logo\\\/image\\\/\",\"url\":\"https:\\\/\\\/graphimarket.com\\\/wp-content\\\/uploads\\\/2020\\\/08\\\/logo-48.png\",\"contentUrl\":\"https:\\\/\\\/graphimarket.com\\\/wp-content\\\/uploads\\\/2020\\\/08\\\/logo-48.png\",\"width\":132,\"height\":48,\"caption\":\"Graphimarket\"},\"image\":{\"@id\":\"https:\\\/\\\/graphimarket.com\\\/fr\\\/#\\\/schema\\\/logo\\\/image\\\/\"}}]}<\/script>\n<!-- \/ Yoast SEO plugin. -->","yoast_head_json":{"title":"M\u00e1s de 1000 superposiciones y acciones de alta definici\u00f3n premium para Photoshop - Graphimarket","description":"Superposiciones y acciones de Photoshop HD para dise\u00f1os premium \u00a1Agregue efectos asombrosos a sus fotos con m\u00e1s de 1000 superposiciones y acciones de alta definici\u00f3n! ...","robots":{"index":"index","follow":"follow","max-snippet":"max-snippet:-1","max-image-preview":"max-image-preview:large","max-video-preview":"max-video-preview:-1"},"canonical":"https:\/\/graphimarket.com\/es\/product\/1000-premium-hd-overlays-and-actions-for-photoshop\/","og_locale":"es_ES","og_type":"article","og_title":"1000+ Premium HD Overlays and Actions for Photoshop - Graphimarket","og_description":"HD Photoshop Overlays & Actions For Premium Designs.Add stunning effects to your photos with\u00a01000+ Premium HD Overlays and Actions!...","og_url":"https:\/\/graphimarket.com\/es\/product\/1000-premium-hd-overlays-and-actions-for-photoshop\/","og_site_name":"Graphimarket","article_modified_time":"2021-02-01T16:27:34+00:00","og_image":[{"width":800,"height":500,"url":"https:\/\/graphimarket.com\/wp-content\/uploads\/2021\/02\/1000-COMPLETE-LIBRARY-Photo-Overlays-Bundle-Banner.jpg","type":"image\/jpeg"}],"twitter_card":"summary_large_image","twitter_misc":{"Est. reading time":"1 minute"},"schema":{"@context":"https:\/\/schema.org","@graph":[{"@type":"WebPage","@id":"https:\/\/graphimarket.com\/product\/1000-premium-hd-overlays-and-actions-for-photoshop\/","url":"https:\/\/graphimarket.com\/product\/1000-premium-hd-overlays-and-actions-for-photoshop\/","name":"M\u00e1s de 1000 superposiciones y acciones de alta definici\u00f3n premium para Photoshop - Graphimarket","isPartOf":{"@id":"https:\/\/graphimarket.com\/fr\/#website"},"primaryImageOfPage":{"@id":"https:\/\/graphimarket.com\/product\/1000-premium-hd-overlays-and-actions-for-photoshop\/#primaryimage"},"image":{"@id":"https:\/\/graphimarket.com\/product\/1000-premium-hd-overlays-and-actions-for-photoshop\/#primaryimage"},"thumbnailUrl":"https:\/\/graphimarket.com\/wp-content\/uploads\/2021\/02\/1000-COMPLETE-LIBRARY-Photo-Overlays-Bundle-Banner.jpg","datePublished":"2021-02-01T16:23:40+00:00","dateModified":"2021-02-01T16:27:34+00:00","description":"Superposiciones y acciones de Photoshop HD para dise\u00f1os premium \u00a1Agregue efectos asombrosos a sus fotos con m\u00e1s de 1000 superposiciones y acciones de alta definici\u00f3n! ...","breadcrumb":{"@id":"https:\/\/graphimarket.com\/product\/1000-premium-hd-overlays-and-actions-for-photoshop\/#breadcrumb"},"inLanguage":"es-ES","potentialAction":[{"@type":"ReadAction","target":["https:\/\/graphimarket.com\/product\/1000-premium-hd-overlays-and-actions-for-photoshop\/"]}]},{"@type":"ImageObject","inLanguage":"es-ES","@id":"https:\/\/graphimarket.com\/product\/1000-premium-hd-overlays-and-actions-for-photoshop\/#primaryimage","url":"https:\/\/graphimarket.com\/wp-content\/uploads\/2021\/02\/1000-COMPLETE-LIBRARY-Photo-Overlays-Bundle-Banner.jpg","contentUrl":"https:\/\/graphimarket.com\/wp-content\/uploads\/2021\/02\/1000-COMPLETE-LIBRARY-Photo-Overlays-Bundle-Banner.jpg","width":800,"height":500},{"@type":"BreadcrumbList","@id":"https:\/\/graphimarket.com\/product\/1000-premium-hd-overlays-and-actions-for-photoshop\/#breadcrumb","itemListElement":[{"@type":"ListItem","position":1,"name":"Home","item":"https:\/\/graphimarket.com\/es\/"},{"@type":"ListItem","position":2,"name":"Store","item":"https:\/\/graphimarket.com\/store\/"},{"@type":"ListItem","position":3,"name":"1000+ Premium HD Overlays and Actions for Photoshop"}]},{"@type":"WebSite","@id":"https:\/\/graphimarket.com\/fr\/#website","url":"https:\/\/graphimarket.com\/fr\/","name":"Graphimarket","description":"Encuentre el activo creativo perfecto para darle vida a su proyecto","publisher":{"@id":"https:\/\/graphimarket.com\/fr\/#organization"},"potentialAction":[{"@type":"SearchAction","target":{"@type":"EntryPoint","urlTemplate":"https:\/\/graphimarket.com\/fr\/?s={search_term_string}"},"query-input":{"@type":"PropertyValueSpecification","valueRequired":true,"valueName":"search_term_string"}}],"inLanguage":"es-ES"},{"@type":"Organization","@id":"https:\/\/graphimarket.com\/fr\/#organization","name":"Graphimarket","url":"https:\/\/graphimarket.com\/fr\/","logo":{"@type":"ImageObject","inLanguage":"es-ES","@id":"https:\/\/graphimarket.com\/fr\/#\/schema\/logo\/image\/","url":"https:\/\/graphimarket.com\/wp-content\/uploads\/2020\/08\/logo-48.png","contentUrl":"https:\/\/graphimarket.com\/wp-content\/uploads\/2020\/08\/logo-48.png","width":132,"height":48,"caption":"Graphimarket"},"image":{"@id":"https:\/\/graphimarket.com\/fr\/#\/schema\/logo\/image\/"}}]}},"_links":{"self":[{"href":"https:\/\/graphimarket.com\/es\/wp-json\/wp\/v2\/product\/15708","targetHints":{"allow":["GET"]}}],"collection":[{"href":"https:\/\/graphimarket.com\/es\/wp-json\/wp\/v2\/product"}],"about":[{"href":"https:\/\/graphimarket.com\/es\/wp-json\/wp\/v2\/types\/product"}],"replies":[{"embeddable":true,"href":"https:\/\/graphimarket.com\/es\/wp-json\/wp\/v2\/comments?post=15708"}],"version-history":[{"count":0,"href":"https:\/\/graphimarket.com\/es\/wp-json\/wp\/v2\/product\/15708\/revisions"}],"wp:featuredmedia":[{"embeddable":true,"href":"https:\/\/graphimarket.com\/es\/wp-json\/wp\/v2\/media\/15710"}],"wp:attachment":[{"href":"https:\/\/graphimarket.com\/es\/wp-json\/wp\/v2\/media?parent=15708"}],"wp:term":[{"taxonomy":"product_brand","embeddable":true,"href":"https:\/\/graphimarket.com\/es\/wp-json\/wp\/v2\/product_brand?post=15708"},{"taxonomy":"product_cat","embeddable":true,"href":"https:\/\/graphimarket.com\/es\/wp-json\/wp\/v2\/product_cat?post=15708"},{"taxonomy":"product_tag","embeddable":true,"href":"https:\/\/graphimarket.com\/es\/wp-json\/wp\/v2\/product_tag?post=15708"}],"curies":[{"name":"wp","href":"https:\/\/api.w.org\/{rel}","templated":true}]}}