{"id":15731,"date":"2021-02-02T16:00:44","date_gmt":"2021-02-02T15:00:44","guid":{"rendered":"https:\/\/graphimarket.com\/?post_type=product&#038;p=15731"},"modified":"2026-01-26T00:29:11","modified_gmt":"2026-01-25T23:29:11","slug":"watercolor-fx-photo-effect-plugin","status":"publish","type":"product","link":"https:\/\/graphimarket.com\/es\/product\/watercolor-fx-photo-effect-plugin\/","title":{"rendered":"Acuarela FX - Complemento de efectos fotogr\u00e1ficos"},"content":{"rendered":"<h4 id=\"item-description__fx-tool-for-the-free-fx-box-for-adobe-photoshop-from-cc-2014-and-newer\">HERRAMIENTA FX PARA LA CAJA FX GRATUITA PARA ADOBE PHOTOSHOP\u00ae DESDE CC-2014 Y M\u00c1S RECIENTE<\/h4>\n<p>Watercolour FX crea una ilustraci\u00f3n de acuarela de aspecto realista a partir de su imagen con un solo clic. Las m\u00e1s adecuadas son fuentes como retratos, im\u00e1genes de objetos y paisajes.<\/p>\n<p>&nbsp;<\/p>\n<p>Al crear la ilustraci\u00f3n en acuarela, la fuente se optimizar\u00e1 autom\u00e1ticamente:<\/p>\n<ul>\n<li>mejor configuraci\u00f3n de efectos<\/li>\n<li>cambiar el tama\u00f1o de las im\u00e1genes peque\u00f1as<\/li>\n<li>centrar \u00e1reas enmascaradas<\/li>\n<\/ul>\n<p><strong>Despu\u00e9s de crear la ilustraci\u00f3n de acuarela, se puede editar como:<\/strong><\/p>\n<ul>\n<li>cambiar el color y el contraste y los ajustes preestablecidos<\/li>\n<li>ocultar o modificar efectos de superposici\u00f3n<\/li>\n<li>jugar con la visibilidad u opacidad, el modo de fusi\u00f3n de las capas de detalles individuales como el flujo de color, salpicaduras y trazos de l\u00e1piz<\/li>\n<li>cambiar el color de fondo<\/li>\n<\/ul>\n<h3 id=\"item-description__it-s-as-simple-as-that\">Es tan simple como eso<\/h3>\n<ul>\n<li>Enmascare el \u00e1rea de la imagen de origen que debe ser te\u00f1ida con agua.<\/li>\n<li>Haga clic en &quot;\u00a1P\u00edntelo ahora!&quot;<\/li>\n<li>Personalice los efectos de superposici\u00f3n, las capas de detalles y los colores de fondo<\/li>\n<\/ul>\n<h3 id=\"item-description__good-to-know\">Bueno saber<\/h3>\n<ul>\n<li>Primero debe instalar la caja de efectos gratuita para cargar la herramienta Acuarela FX<\/li>\n<li>La imagen de origen siempre permanece inalterada<\/li>\n<li>El modo de color de la imagen de salida es siempre RGB con una resoluci\u00f3n de 300 ppp.<\/li>\n<li>Con la optimizaci\u00f3n, el lado m\u00e1s largo de la ilustraci\u00f3n de acuarela final es de al menos 3000 p\u00edxeles.<\/li>\n<li>La herramienta Watercolour FX es independiente del idioma<\/li>\n<li>Funciona con PC y MAC<\/li>\n<\/ul>\n<p>&nbsp;<\/p>\n<p><img fetchpriority=\"high\" decoding=\"async\" class=\"alignnone size-full wp-image-15732\" src=\"https:\/\/graphimarket.com\/wp-content\/uploads\/2021\/02\/002-watercolor-fx_examples.jpg\" alt=\"\" width=\"1500\" height=\"2000\" srcset=\"https:\/\/graphimarket.com\/wp-content\/uploads\/2021\/02\/002-watercolor-fx_examples.jpg 1500w, https:\/\/graphimarket.com\/wp-content\/uploads\/2021\/02\/002-watercolor-fx_examples-225x300.jpg 225w, https:\/\/graphimarket.com\/wp-content\/uploads\/2021\/02\/002-watercolor-fx_examples-768x1024.jpg 768w, https:\/\/graphimarket.com\/wp-content\/uploads\/2021\/02\/002-watercolor-fx_examples-1152x1536.jpg 1152w, https:\/\/graphimarket.com\/wp-content\/uploads\/2021\/02\/002-watercolor-fx_examples-9x12.jpg 9w, https:\/\/graphimarket.com\/wp-content\/uploads\/2021\/02\/002-watercolor-fx_examples-1320x1760.jpg 1320w, https:\/\/graphimarket.com\/wp-content\/uploads\/2021\/02\/002-watercolor-fx_examples-600x800.jpg 600w\" sizes=\"(max-width: 1500px) 100vw, 1500px\" \/> <img decoding=\"async\" class=\"alignnone size-full wp-image-15733\" src=\"https:\/\/graphimarket.com\/wp-content\/uploads\/2021\/02\/003-watercolor-fx_examples.jpg\" alt=\"\" width=\"1500\" height=\"1189\" srcset=\"https:\/\/graphimarket.com\/wp-content\/uploads\/2021\/02\/003-watercolor-fx_examples.jpg 1500w, https:\/\/graphimarket.com\/wp-content\/uploads\/2021\/02\/003-watercolor-fx_examples-300x238.jpg 300w, https:\/\/graphimarket.com\/wp-content\/uploads\/2021\/02\/003-watercolor-fx_examples-1024x812.jpg 1024w, https:\/\/graphimarket.com\/wp-content\/uploads\/2021\/02\/003-watercolor-fx_examples-768x609.jpg 768w, https:\/\/graphimarket.com\/wp-content\/uploads\/2021\/02\/003-watercolor-fx_examples-16x12.jpg 16w, https:\/\/graphimarket.com\/wp-content\/uploads\/2021\/02\/003-watercolor-fx_examples-1320x1046.jpg 1320w, https:\/\/graphimarket.com\/wp-content\/uploads\/2021\/02\/003-watercolor-fx_examples-600x476.jpg 600w\" sizes=\"(max-width: 1500px) 100vw, 1500px\" \/> <img decoding=\"async\" class=\"alignnone size-full wp-image-15734\" src=\"https:\/\/graphimarket.com\/wp-content\/uploads\/2021\/02\/004-watercolor-fx_examples.jpg\" alt=\"\" width=\"1500\" height=\"1111\" srcset=\"https:\/\/graphimarket.com\/wp-content\/uploads\/2021\/02\/004-watercolor-fx_examples.jpg 1500w, https:\/\/graphimarket.com\/wp-content\/uploads\/2021\/02\/004-watercolor-fx_examples-300x222.jpg 300w, https:\/\/graphimarket.com\/wp-content\/uploads\/2021\/02\/004-watercolor-fx_examples-1024x758.jpg 1024w, https:\/\/graphimarket.com\/wp-content\/uploads\/2021\/02\/004-watercolor-fx_examples-768x569.jpg 768w, https:\/\/graphimarket.com\/wp-content\/uploads\/2021\/02\/004-watercolor-fx_examples-16x12.jpg 16w, https:\/\/graphimarket.com\/wp-content\/uploads\/2021\/02\/004-watercolor-fx_examples-1320x978.jpg 1320w, https:\/\/graphimarket.com\/wp-content\/uploads\/2021\/02\/004-watercolor-fx_examples-600x444.jpg 600w\" sizes=\"(max-width: 1500px) 100vw, 1500px\" \/> <img loading=\"lazy\" decoding=\"async\" class=\"alignnone size-full wp-image-15735\" src=\"https:\/\/graphimarket.com\/wp-content\/uploads\/2021\/02\/005-watercolor-fx_examples.jpg\" alt=\"\" width=\"1500\" height=\"797\" srcset=\"https:\/\/graphimarket.com\/wp-content\/uploads\/2021\/02\/005-watercolor-fx_examples.jpg 1500w, https:\/\/graphimarket.com\/wp-content\/uploads\/2021\/02\/005-watercolor-fx_examples-300x159.jpg 300w, https:\/\/graphimarket.com\/wp-content\/uploads\/2021\/02\/005-watercolor-fx_examples-1024x544.jpg 1024w, https:\/\/graphimarket.com\/wp-content\/uploads\/2021\/02\/005-watercolor-fx_examples-768x408.jpg 768w, https:\/\/graphimarket.com\/wp-content\/uploads\/2021\/02\/005-watercolor-fx_examples-16x9.jpg 16w, https:\/\/graphimarket.com\/wp-content\/uploads\/2021\/02\/005-watercolor-fx_examples-1320x701.jpg 1320w, https:\/\/graphimarket.com\/wp-content\/uploads\/2021\/02\/005-watercolor-fx_examples-600x319.jpg 600w\" sizes=\"(max-width: 1500px) 100vw, 1500px\" \/> <img loading=\"lazy\" decoding=\"async\" class=\"alignnone size-full wp-image-15736\" src=\"https:\/\/graphimarket.com\/wp-content\/uploads\/2021\/02\/006-watercolor-fx_examples.jpg\" alt=\"\" width=\"1500\" height=\"903\" srcset=\"https:\/\/graphimarket.com\/wp-content\/uploads\/2021\/02\/006-watercolor-fx_examples.jpg 1500w, https:\/\/graphimarket.com\/wp-content\/uploads\/2021\/02\/006-watercolor-fx_examples-300x181.jpg 300w, https:\/\/graphimarket.com\/wp-content\/uploads\/2021\/02\/006-watercolor-fx_examples-1024x616.jpg 1024w, https:\/\/graphimarket.com\/wp-content\/uploads\/2021\/02\/006-watercolor-fx_examples-768x462.jpg 768w, https:\/\/graphimarket.com\/wp-content\/uploads\/2021\/02\/006-watercolor-fx_examples-16x10.jpg 16w, https:\/\/graphimarket.com\/wp-content\/uploads\/2021\/02\/006-watercolor-fx_examples-1320x795.jpg 1320w, https:\/\/graphimarket.com\/wp-content\/uploads\/2021\/02\/006-watercolor-fx_examples-600x361.jpg 600w\" sizes=\"(max-width: 1500px) 100vw, 1500px\" \/> <img loading=\"lazy\" decoding=\"async\" class=\"alignnone size-full wp-image-15737\" src=\"https:\/\/graphimarket.com\/wp-content\/uploads\/2021\/02\/007-watercolor-fx_examples.jpg\" alt=\"\" width=\"1500\" height=\"1468\" srcset=\"https:\/\/graphimarket.com\/wp-content\/uploads\/2021\/02\/007-watercolor-fx_examples.jpg 1500w, https:\/\/graphimarket.com\/wp-content\/uploads\/2021\/02\/007-watercolor-fx_examples-300x294.jpg 300w, https:\/\/graphimarket.com\/wp-content\/uploads\/2021\/02\/007-watercolor-fx_examples-1024x1002.jpg 1024w, https:\/\/graphimarket.com\/wp-content\/uploads\/2021\/02\/007-watercolor-fx_examples-768x752.jpg 768w, https:\/\/graphimarket.com\/wp-content\/uploads\/2021\/02\/007-watercolor-fx_examples-12x12.jpg 12w, https:\/\/graphimarket.com\/wp-content\/uploads\/2021\/02\/007-watercolor-fx_examples-1320x1292.jpg 1320w, https:\/\/graphimarket.com\/wp-content\/uploads\/2021\/02\/007-watercolor-fx_examples-600x587.jpg 600w\" sizes=\"(max-width: 1500px) 100vw, 1500px\" \/> <img loading=\"lazy\" decoding=\"async\" class=\"alignnone size-full wp-image-15738\" src=\"https:\/\/graphimarket.com\/wp-content\/uploads\/2021\/02\/008-watercolor-fx_examples.jpg\" alt=\"\" width=\"1500\" height=\"1153\" srcset=\"https:\/\/graphimarket.com\/wp-content\/uploads\/2021\/02\/008-watercolor-fx_examples.jpg 1500w, https:\/\/graphimarket.com\/wp-content\/uploads\/2021\/02\/008-watercolor-fx_examples-300x231.jpg 300w, https:\/\/graphimarket.com\/wp-content\/uploads\/2021\/02\/008-watercolor-fx_examples-1024x787.jpg 1024w, https:\/\/graphimarket.com\/wp-content\/uploads\/2021\/02\/008-watercolor-fx_examples-768x590.jpg 768w, https:\/\/graphimarket.com\/wp-content\/uploads\/2021\/02\/008-watercolor-fx_examples-16x12.jpg 16w, https:\/\/graphimarket.com\/wp-content\/uploads\/2021\/02\/008-watercolor-fx_examples-1320x1015.jpg 1320w, https:\/\/graphimarket.com\/wp-content\/uploads\/2021\/02\/008-watercolor-fx_examples-600x461.jpg 600w\" sizes=\"(max-width: 1500px) 100vw, 1500px\" \/> <img loading=\"lazy\" decoding=\"async\" class=\"alignnone size-full wp-image-15739\" src=\"https:\/\/graphimarket.com\/wp-content\/uploads\/2021\/02\/001-watercolor-fx_examples.jpg\" alt=\"\" width=\"1500\" height=\"1153\" srcset=\"https:\/\/graphimarket.com\/wp-content\/uploads\/2021\/02\/001-watercolor-fx_examples.jpg 1500w, https:\/\/graphimarket.com\/wp-content\/uploads\/2021\/02\/001-watercolor-fx_examples-300x231.jpg 300w, https:\/\/graphimarket.com\/wp-content\/uploads\/2021\/02\/001-watercolor-fx_examples-1024x787.jpg 1024w, https:\/\/graphimarket.com\/wp-content\/uploads\/2021\/02\/001-watercolor-fx_examples-768x590.jpg 768w, https:\/\/graphimarket.com\/wp-content\/uploads\/2021\/02\/001-watercolor-fx_examples-16x12.jpg 16w, https:\/\/graphimarket.com\/wp-content\/uploads\/2021\/02\/001-watercolor-fx_examples-1320x1015.jpg 1320w, https:\/\/graphimarket.com\/wp-content\/uploads\/2021\/02\/001-watercolor-fx_examples-600x461.jpg 600w\" sizes=\"(max-width: 1500px) 100vw, 1500px\" \/><\/p>","protected":false},"excerpt":{"rendered":"<p>FX TOOL FOR THE FREE FX BOX FOR ADOBE PHOTOSHOP\u00ae FROM CC-2014 AND NEWER Watercolor FX creates a realistic looking watercolor illustration from your image with only one click. Best suitable are sources like portraits, object images and landscapes. &nbsp; When creating the watercolor illustration, the source will automatically be optimized: best effect setup resize [&hellip;]<\/p>\n","protected":false},"featured_media":15732,"comment_status":"open","ping_status":"closed","template":"","meta":{"site-sidebar-layout":"default","site-content-layout":"default","ast-site-content-layout":"default","site-content-style":"default","site-sidebar-style":"default","ast-global-header-display":"","ast-banner-title-visibility":"","ast-main-header-display":"","ast-hfb-above-header-display":"","ast-hfb-below-header-display":"","ast-hfb-mobile-header-display":"","site-post-title":"","ast-breadcrumbs-content":"","ast-featured-img":"","footer-sml-layout":"","ast-disable-related-posts":"","theme-transparent-header-meta":"default","adv-header-id-meta":"","stick-header-meta":"","header-above-stick-meta":"","header-main-stick-meta":"","header-below-stick-meta":"","astra-migrate-meta-layouts":"default","ast-page-background-enabled":"default","ast-page-background-meta":{"desktop":{"background-color":"","background-image":"","background-repeat":"repeat","background-position":"center center","background-size":"auto","background-attachment":"scroll","background-type":"","background-media":"","overlay-type":"","overlay-color":"","overlay-opacity":"","overlay-gradient":""},"tablet":{"background-color":"","background-image":"","background-repeat":"repeat","background-position":"center center","background-size":"auto","background-attachment":"scroll","background-type":"","background-media":"","overlay-type":"","overlay-color":"","overlay-opacity":"","overlay-gradient":""},"mobile":{"background-color":"","background-image":"","background-repeat":"repeat","background-position":"center center","background-size":"auto","background-attachment":"scroll","background-type":"","background-media":"","overlay-type":"","overlay-color":"","overlay-opacity":"","overlay-gradient":""}},"ast-content-background-meta":{"desktop":{"background-color":"var(--ast-global-color-5)","background-image":"","background-repeat":"repeat","background-position":"center center","background-size":"auto","background-attachment":"scroll","background-type":"","background-media":"","overlay-type":"","overlay-color":"","overlay-opacity":"","overlay-gradient":""},"tablet":{"background-color":"var(--ast-global-color-5)","background-image":"","background-repeat":"repeat","background-position":"center center","background-size":"auto","background-attachment":"scroll","background-type":"","background-media":"","overlay-type":"","overlay-color":"","overlay-opacity":"","overlay-gradient":""},"mobile":{"background-color":"var(--ast-global-color-5)","background-image":"","background-repeat":"repeat","background-position":"center center","background-size":"auto","background-attachment":"scroll","background-type":"","background-media":"","overlay-type":"","overlay-color":"","overlay-opacity":"","overlay-gradient":""}}},"product_brand":[],"product_cat":[15],"product_tag":[1386,803,1078,482,278,1866,837,62,367],"class_list":{"0":"post-15731","1":"product","2":"type-product","3":"status-publish","4":"has-post-thumbnail","6":"product_cat-photo","7":"product_tag-adobe","8":"product_tag-box","9":"product_tag-free","10":"product_tag-fx","11":"product_tag-illustration","12":"product_tag-landscapes","13":"product_tag-object","14":"product_tag-photoshop","15":"product_tag-watercolor","16":"desktop-align-left","17":"tablet-align-left","18":"mobile-align-left","20":"first","21":"instock","22":"sale","23":"downloadable","24":"virtual","25":"taxable","26":"purchasable","27":"product-type-simple"},"yoast_head":"<!-- This site is optimized with the Yoast SEO plugin v27.3 - https:\/\/yoast.com\/product\/yoast-seo-wordpress\/ -->\n<title>Watercolor FX - Photo Effect Plugin - Graphimarket<\/title>\n<meta name=\"description\" content=\"Watercolor FX creates a realistic looking watercolor illustration from your image with only one click. Best suitable are sources...\" \/>\n<meta name=\"robots\" content=\"index, follow, max-snippet:-1, max-image-preview:large, max-video-preview:-1\" \/>\n<link rel=\"canonical\" href=\"https:\/\/graphimarket.com\/es\/product\/watercolor-fx-photo-effect-plugin\/\" \/>\n<meta property=\"og:locale\" content=\"es_ES\" \/>\n<meta property=\"og:type\" content=\"article\" \/>\n<meta property=\"og:title\" content=\"Watercolor FX - Photo Effect Plugin - Graphimarket\" \/>\n<meta property=\"og:description\" content=\"Watercolor FX creates a realistic looking watercolor illustration from your image with only one click. Best suitable are sources...\" \/>\n<meta property=\"og:url\" content=\"https:\/\/graphimarket.com\/es\/product\/watercolor-fx-photo-effect-plugin\/\" \/>\n<meta property=\"og:site_name\" content=\"Graphimarket\" \/>\n<meta property=\"article:modified_time\" content=\"2026-01-25T23:29:11+00:00\" \/>\n<meta property=\"og:image\" content=\"https:\/\/graphimarket.com\/wp-content\/uploads\/2021\/02\/002-watercolor-fx_examples.jpg\" \/>\n\t<meta property=\"og:image:width\" content=\"1500\" \/>\n\t<meta property=\"og:image:height\" content=\"2000\" \/>\n\t<meta property=\"og:image:type\" content=\"image\/jpeg\" \/>\n<meta name=\"twitter:card\" content=\"summary_large_image\" \/>\n<meta name=\"twitter:label1\" content=\"Est. reading time\" \/>\n\t<meta name=\"twitter:data1\" content=\"1 minute\" \/>\n<script type=\"application\/ld+json\" class=\"yoast-schema-graph\">{\"@context\":\"https:\\\/\\\/schema.org\",\"@graph\":[{\"@type\":\"WebPage\",\"@id\":\"https:\\\/\\\/graphimarket.com\\\/ja\\\/product\\\/watercolor-fx-photo-effect-plugin\\\/\",\"url\":\"https:\\\/\\\/graphimarket.com\\\/ja\\\/product\\\/watercolor-fx-photo-effect-plugin\\\/\",\"name\":\"Watercolor FX - Photo Effect Plugin - Graphimarket\",\"isPartOf\":{\"@id\":\"https:\\\/\\\/graphimarket.com\\\/fr\\\/#website\"},\"primaryImageOfPage\":{\"@id\":\"https:\\\/\\\/graphimarket.com\\\/ja\\\/product\\\/watercolor-fx-photo-effect-plugin\\\/#primaryimage\"},\"image\":{\"@id\":\"https:\\\/\\\/graphimarket.com\\\/ja\\\/product\\\/watercolor-fx-photo-effect-plugin\\\/#primaryimage\"},\"thumbnailUrl\":\"https:\\\/\\\/graphimarket.com\\\/wp-content\\\/uploads\\\/2021\\\/02\\\/002-watercolor-fx_examples.jpg\",\"datePublished\":\"2021-02-02T15:00:44+00:00\",\"dateModified\":\"2026-01-25T23:29:11+00:00\",\"description\":\"Watercolor FX creates a realistic looking watercolor illustration from your image with only one click. Best suitable are sources...\",\"breadcrumb\":{\"@id\":\"https:\\\/\\\/graphimarket.com\\\/ja\\\/product\\\/watercolor-fx-photo-effect-plugin\\\/#breadcrumb\"},\"inLanguage\":\"es-ES\",\"potentialAction\":[{\"@type\":\"ReadAction\",\"target\":[\"https:\\\/\\\/graphimarket.com\\\/ja\\\/product\\\/watercolor-fx-photo-effect-plugin\\\/\"]}]},{\"@type\":\"ImageObject\",\"inLanguage\":\"es-ES\",\"@id\":\"https:\\\/\\\/graphimarket.com\\\/ja\\\/product\\\/watercolor-fx-photo-effect-plugin\\\/#primaryimage\",\"url\":\"https:\\\/\\\/graphimarket.com\\\/wp-content\\\/uploads\\\/2021\\\/02\\\/002-watercolor-fx_examples.jpg\",\"contentUrl\":\"https:\\\/\\\/graphimarket.com\\\/wp-content\\\/uploads\\\/2021\\\/02\\\/002-watercolor-fx_examples.jpg\",\"width\":1500,\"height\":2000},{\"@type\":\"BreadcrumbList\",\"@id\":\"https:\\\/\\\/graphimarket.com\\\/ja\\\/product\\\/watercolor-fx-photo-effect-plugin\\\/#breadcrumb\",\"itemListElement\":[{\"@type\":\"ListItem\",\"position\":1,\"name\":\"Home\",\"item\":\"https:\\\/\\\/graphimarket.com\\\/es\\\/\"},{\"@type\":\"ListItem\",\"position\":2,\"name\":\"Store\",\"item\":\"https:\\\/\\\/graphimarket.com\\\/store\\\/\"},{\"@type\":\"ListItem\",\"position\":3,\"name\":\"Watercolor FX &#8211; Photo Effect Plugin\"}]},{\"@type\":\"WebSite\",\"@id\":\"https:\\\/\\\/graphimarket.com\\\/fr\\\/#website\",\"url\":\"https:\\\/\\\/graphimarket.com\\\/fr\\\/\",\"name\":\"Graphimarket\",\"description\":\"Find the perfect creative asset to bring your project to life\",\"publisher\":{\"@id\":\"https:\\\/\\\/graphimarket.com\\\/fr\\\/#organization\"},\"potentialAction\":[{\"@type\":\"SearchAction\",\"target\":{\"@type\":\"EntryPoint\",\"urlTemplate\":\"https:\\\/\\\/graphimarket.com\\\/fr\\\/?s={search_term_string}\"},\"query-input\":{\"@type\":\"PropertyValueSpecification\",\"valueRequired\":true,\"valueName\":\"search_term_string\"}}],\"inLanguage\":\"es-ES\"},{\"@type\":\"Organization\",\"@id\":\"https:\\\/\\\/graphimarket.com\\\/fr\\\/#organization\",\"name\":\"Graphimarket\",\"url\":\"https:\\\/\\\/graphimarket.com\\\/fr\\\/\",\"logo\":{\"@type\":\"ImageObject\",\"inLanguage\":\"es-ES\",\"@id\":\"https:\\\/\\\/graphimarket.com\\\/fr\\\/#\\\/schema\\\/logo\\\/image\\\/\",\"url\":\"https:\\\/\\\/graphimarket.com\\\/wp-content\\\/uploads\\\/2020\\\/08\\\/logo-48.png\",\"contentUrl\":\"https:\\\/\\\/graphimarket.com\\\/wp-content\\\/uploads\\\/2020\\\/08\\\/logo-48.png\",\"width\":132,\"height\":48,\"caption\":\"Graphimarket\"},\"image\":{\"@id\":\"https:\\\/\\\/graphimarket.com\\\/fr\\\/#\\\/schema\\\/logo\\\/image\\\/\"}}]}<\/script>\n<!-- \/ Yoast SEO plugin. -->","yoast_head_json":{"title":"Acuarela FX - Complemento de efectos fotogr\u00e1ficos - Graphimarket","description":"Watercolour FX crea una ilustraci\u00f3n de acuarela de aspecto realista a partir de su imagen con un solo clic. Las m\u00e1s adecuadas son las fuentes ...","robots":{"index":"index","follow":"follow","max-snippet":"max-snippet:-1","max-image-preview":"max-image-preview:large","max-video-preview":"max-video-preview:-1"},"canonical":"https:\/\/graphimarket.com\/es\/product\/watercolor-fx-photo-effect-plugin\/","og_locale":"es_ES","og_type":"article","og_title":"Watercolor FX - Photo Effect Plugin - Graphimarket","og_description":"Watercolor FX creates a realistic looking watercolor illustration from your image with only one click. Best suitable are sources...","og_url":"https:\/\/graphimarket.com\/es\/product\/watercolor-fx-photo-effect-plugin\/","og_site_name":"Graphimarket","article_modified_time":"2026-01-25T23:29:11+00:00","og_image":[{"width":1500,"height":2000,"url":"https:\/\/graphimarket.com\/wp-content\/uploads\/2021\/02\/002-watercolor-fx_examples.jpg","type":"image\/jpeg"}],"twitter_card":"summary_large_image","twitter_misc":{"Est. reading time":"1 minute"},"schema":{"@context":"https:\/\/schema.org","@graph":[{"@type":"WebPage","@id":"https:\/\/graphimarket.com\/ja\/product\/watercolor-fx-photo-effect-plugin\/","url":"https:\/\/graphimarket.com\/ja\/product\/watercolor-fx-photo-effect-plugin\/","name":"Acuarela FX - Complemento de efectos fotogr\u00e1ficos - Graphimarket","isPartOf":{"@id":"https:\/\/graphimarket.com\/fr\/#website"},"primaryImageOfPage":{"@id":"https:\/\/graphimarket.com\/ja\/product\/watercolor-fx-photo-effect-plugin\/#primaryimage"},"image":{"@id":"https:\/\/graphimarket.com\/ja\/product\/watercolor-fx-photo-effect-plugin\/#primaryimage"},"thumbnailUrl":"https:\/\/graphimarket.com\/wp-content\/uploads\/2021\/02\/002-watercolor-fx_examples.jpg","datePublished":"2021-02-02T15:00:44+00:00","dateModified":"2026-01-25T23:29:11+00:00","description":"Watercolour FX crea una ilustraci\u00f3n de acuarela de aspecto realista a partir de su imagen con un solo clic. Las m\u00e1s adecuadas son las fuentes ...","breadcrumb":{"@id":"https:\/\/graphimarket.com\/ja\/product\/watercolor-fx-photo-effect-plugin\/#breadcrumb"},"inLanguage":"es-ES","potentialAction":[{"@type":"ReadAction","target":["https:\/\/graphimarket.com\/ja\/product\/watercolor-fx-photo-effect-plugin\/"]}]},{"@type":"ImageObject","inLanguage":"es-ES","@id":"https:\/\/graphimarket.com\/ja\/product\/watercolor-fx-photo-effect-plugin\/#primaryimage","url":"https:\/\/graphimarket.com\/wp-content\/uploads\/2021\/02\/002-watercolor-fx_examples.jpg","contentUrl":"https:\/\/graphimarket.com\/wp-content\/uploads\/2021\/02\/002-watercolor-fx_examples.jpg","width":1500,"height":2000},{"@type":"BreadcrumbList","@id":"https:\/\/graphimarket.com\/ja\/product\/watercolor-fx-photo-effect-plugin\/#breadcrumb","itemListElement":[{"@type":"ListItem","position":1,"name":"Home","item":"https:\/\/graphimarket.com\/es\/"},{"@type":"ListItem","position":2,"name":"Store","item":"https:\/\/graphimarket.com\/store\/"},{"@type":"ListItem","position":3,"name":"Watercolor FX &#8211; Photo Effect Plugin"}]},{"@type":"WebSite","@id":"https:\/\/graphimarket.com\/fr\/#website","url":"https:\/\/graphimarket.com\/fr\/","name":"Graphimarket","description":"Encuentre el activo creativo perfecto para darle vida a su proyecto","publisher":{"@id":"https:\/\/graphimarket.com\/fr\/#organization"},"potentialAction":[{"@type":"SearchAction","target":{"@type":"EntryPoint","urlTemplate":"https:\/\/graphimarket.com\/fr\/?s={search_term_string}"},"query-input":{"@type":"PropertyValueSpecification","valueRequired":true,"valueName":"search_term_string"}}],"inLanguage":"es-ES"},{"@type":"Organization","@id":"https:\/\/graphimarket.com\/fr\/#organization","name":"Graphimarket","url":"https:\/\/graphimarket.com\/fr\/","logo":{"@type":"ImageObject","inLanguage":"es-ES","@id":"https:\/\/graphimarket.com\/fr\/#\/schema\/logo\/image\/","url":"https:\/\/graphimarket.com\/wp-content\/uploads\/2020\/08\/logo-48.png","contentUrl":"https:\/\/graphimarket.com\/wp-content\/uploads\/2020\/08\/logo-48.png","width":132,"height":48,"caption":"Graphimarket"},"image":{"@id":"https:\/\/graphimarket.com\/fr\/#\/schema\/logo\/image\/"}}]}},"_links":{"self":[{"href":"https:\/\/graphimarket.com\/es\/wp-json\/wp\/v2\/product\/15731","targetHints":{"allow":["GET"]}}],"collection":[{"href":"https:\/\/graphimarket.com\/es\/wp-json\/wp\/v2\/product"}],"about":[{"href":"https:\/\/graphimarket.com\/es\/wp-json\/wp\/v2\/types\/product"}],"replies":[{"embeddable":true,"href":"https:\/\/graphimarket.com\/es\/wp-json\/wp\/v2\/comments?post=15731"}],"version-history":[{"count":0,"href":"https:\/\/graphimarket.com\/es\/wp-json\/wp\/v2\/product\/15731\/revisions"}],"wp:featuredmedia":[{"embeddable":true,"href":"https:\/\/graphimarket.com\/es\/wp-json\/wp\/v2\/media\/15732"}],"wp:attachment":[{"href":"https:\/\/graphimarket.com\/es\/wp-json\/wp\/v2\/media?parent=15731"}],"wp:term":[{"taxonomy":"product_brand","embeddable":true,"href":"https:\/\/graphimarket.com\/es\/wp-json\/wp\/v2\/product_brand?post=15731"},{"taxonomy":"product_cat","embeddable":true,"href":"https:\/\/graphimarket.com\/es\/wp-json\/wp\/v2\/product_cat?post=15731"},{"taxonomy":"product_tag","embeddable":true,"href":"https:\/\/graphimarket.com\/es\/wp-json\/wp\/v2\/product_tag?post=15731"}],"curies":[{"name":"wp","href":"https:\/\/api.w.org\/{rel}","templated":true}]}}