{"id":15785,"date":"2021-02-04T16:59:32","date_gmt":"2021-02-04T15:59:32","guid":{"rendered":"https:\/\/graphimarket.com\/?post_type=product&#038;p=15785"},"modified":"2022-12-19T09:01:24","modified_gmt":"2022-12-19T08:01:24","slug":"90-premium-actions-set","status":"publish","type":"product","link":"https:\/\/graphimarket.com\/es\/product\/90-premium-actions-set\/","title":{"rendered":"Conjunto de 90 acciones premium"},"content":{"rendered":"<p><strong>Conjunto de 90 acciones premium<\/strong> es una acci\u00f3n de Photoshop profesional perfecta para fot\u00f3grafos y dise\u00f1adores gr\u00e1ficos. Todos ellos han sido creados con ajustes de calibraci\u00f3n precisos para dar vida a sus im\u00e1genes utilizando herramientas poderosas y m\u00e9todos profesionales.<\/p>\n<h3 id=\"item-description__features\">CARACTER\u00cdSTICAS<\/h3>\n<ul>\n<li>Acciones no destructivas (todas las acciones mantienen intacta la imagen original)<\/li>\n<li>Organizado (todas las capas se organizan autom\u00e1ticamente en una carpeta de grupo)<\/li>\n<li>Mejores resultados con un clic<\/li>\n<li>Combinar acciones (todas las acciones se pueden combinar para obtener m\u00e1s de 90 efectos. Encontrar\u00e1 las instrucciones en el archivo de ayuda PDF)<\/li>\n<li>Realice cambios (la mayor\u00eda de las acciones se han creado utilizando &quot;Capas de ajustes&quot;, lo que le da la oportunidad de cambiar los valores a su manera)<\/li>\n<\/ul>\n<h3 id=\"item-description__the-set-contains\">EL CONJUNTO CONTIENE<\/h3>\n<ul>\n<li>Art Ink Sketch - Contraste suave<\/li>\n<li>Boceto de tinta art\u00edstica: alto contraste<\/li>\n<li>Boceto de tinta art\u00edstica - Color<\/li>\n<li>Acuarela de arte - Seco<\/li>\n<li>Acuarela de arte - Mojado<\/li>\n<li>Art Wash - Blanco y negro<\/li>\n<li>Art Comic - Color<\/li>\n<li>Art Comic - B&amp;N<\/li>\n<li>Art Comic - Retro \/ Puntos peque\u00f1os<\/li>\n<li>Art Comic - Retro \/ Puntos medianos<\/li>\n<li>Art Comic - Retro \/ Grandes puntos<\/li>\n<li>L\u00edneas de extracci\u00f3n de arte: para arte lineal en escala de grises<\/li>\n<li>L\u00edneas de extracto de arte: para arte lineal en color<\/li>\n<li>Arte Acr\u00edlico<\/li>\n<li>Arte Acr\u00edlico - Pinceladas gruesas<\/li>\n<li>C\u00e1mara Lubitel 166 - Fr\u00eda<\/li>\n<li>C\u00e1mara Lubitel 166 - C\u00e1lida<\/li>\n<li>C\u00e1mara Yashica Mat 124<\/li>\n<li>Correcci\u00f3n de sobreexposici\u00f3n - Suave<\/li>\n<li>Sobreexposici\u00f3n de correcci\u00f3n: alta<\/li>\n<li>Correcci\u00f3n de subexposici\u00f3n - Suave<\/li>\n<li>Correcci\u00f3n de subexposici\u00f3n: alta<\/li>\n<li>Efecto Colores vivos - Red Boost<\/li>\n<li>Efecto de colores vivos - Green Boost<\/li>\n<li>Efecto de colores vivos - Blue Boost<\/li>\n<li>Effect 300 - Grano de pel\u00edcula suave<\/li>\n<li>Effect 300 - Granulado de pel\u00edcula fuerte<\/li>\n<li>Efecto exposici\u00f3n al sol<\/li>\n<li>Efecto de exposici\u00f3n al sol - B&amp;N<\/li>\n<li>Efecto de visi\u00f3n nocturna<\/li>\n<li>Efecto de visi\u00f3n nocturna: mejora de la luz<\/li>\n<li>Efecto TV - L\u00edneas finas<\/li>\n<li>Efecto TV - L\u00edneas medianas<\/li>\n<li>Effect TV - L\u00edneas gruesas<\/li>\n<li>Grano de pel\u00edcula - Suave<\/li>\n<li>Grano de pel\u00edcula - Medio<\/li>\n<li>Grano de pel\u00edcula: fuerte<\/li>\n<li>Iluminaci\u00f3n de clave alta \/ Suave - Blanco y negro<\/li>\n<li>Iluminaci\u00f3n de clave alta \/ Fuerte - B&amp;N<\/li>\n<li>Iluminaci\u00f3n de clave alta \/ Suave - Color<\/li>\n<li>Iluminaci\u00f3n de alta clave \/ Fuerte - Color<\/li>\n<li>Iluminaci\u00f3n de bajo perfil \/ Suave - Blanco y negro<\/li>\n<li>Iluminaci\u00f3n de bajo perfil \/ Fuerte - Blanco y negro<\/li>\n<li>Iluminaci\u00f3n de bajo perfil \/ Suave - Color<\/li>\n<li>Iluminaci\u00f3n de bajo perfil \/ Fuerte - Color<\/li>\n<li>Patr\u00f3n de puntos - Fondo peque\u00f1o \/ blanco<\/li>\n<li>Patr\u00f3n de puntos - Fondo peque\u00f1o \/ negro<\/li>\n<li>Puntos de patr\u00f3n - Fondo medio \/ blanco<\/li>\n<li>Puntos de patr\u00f3n - Fondo medio \/ negro<\/li>\n<li>Puntos de patr\u00f3n - Fondo grande \/ blanco<\/li>\n<li>Puntos de patr\u00f3n - Fondo grande \/ negro<\/li>\n<li>Patr\u00f3n Tiny Dots - Peque\u00f1o<\/li>\n<li>Patr\u00f3n Tiny Dots - Medio<\/li>\n<li>Patr\u00f3n Tiny Dots - Grande<\/li>\n<li>Patr\u00f3n de l\u00edneas diagonales - Delgadas<\/li>\n<li>Patr\u00f3n de l\u00edneas diagonales - Medio<\/li>\n<li>Patr\u00f3n de l\u00edneas diagonales: grueso<\/li>\n<li>Polarizador<\/li>\n<li>Polarizador: alto contraste<\/li>\n<li>Procesar Autocromo<\/li>\n<li>Argirotipo de proceso<\/li>\n<li>Procesar Bromoil<\/li>\n<li>Proceso Lith Print<\/li>\n<li>Proceso Daguerrotipo<\/li>\n<li>Proceso Daguerrotipo - Oro<\/li>\n<li>Temporadas Retro - Primavera<\/li>\n<li>Temporadas retro - Primavera \/ Alto contraste<\/li>\n<li>Temporadas Retro - Verano<\/li>\n<li>Temporadas retro - Verano \/ Alto contraste<\/li>\n<li>Temporadas Retro - Oto\u00f1o<\/li>\n<li>Temporadas retro - Oto\u00f1o \/ Alto contraste<\/li>\n<li>Temporadas Retro - Invierno<\/li>\n<li>Temporadas retro: invierno \/ alto contraste<\/li>\n<li>Tarde retro<\/li>\n<li>Ma\u00f1ana retro<\/li>\n<li>Revista retro<\/li>\n<li>Revista Retro - Alto contraste<\/li>\n<li>Retro HDR - C\u00e1lido<\/li>\n<li>HDR retro - Fr\u00edo<\/li>\n<li>Retro HDR - Estilo lomogr\u00e1fico<\/li>\n<li>Recuerdos retro<\/li>\n<li>Retro lavado y polvo<\/li>\n<li>Scanlines: l\u00edneas finas<\/li>\n<li>Scanlines: l\u00edneas medianas<\/li>\n<li>Scanlines: l\u00edneas gruesas<\/li>\n<li>Solarizaci\u00f3n - B&amp;N<\/li>\n<li>Solarizaci\u00f3n - Color<\/li>\n<li>Vi\u00f1eta - Suave<\/li>\n<li>Vi\u00f1eta - Medio<\/li>\n<li>Vi\u00f1eta - Fuerte<\/li>\n<\/ul>\n<p><img fetchpriority=\"high\" decoding=\"async\" class=\"size-full wp-image-15786 aligncenter\" src=\"https:\/\/graphimarket.com\/wp-content\/uploads\/2021\/02\/1433067578_XtemUZP-scaled.jpg\" alt=\"\" width=\"479\" height=\"2560\" srcset=\"https:\/\/graphimarket.com\/wp-content\/uploads\/2021\/02\/1433067578_XtemUZP-scaled.jpg 479w, https:\/\/graphimarket.com\/wp-content\/uploads\/2021\/02\/1433067578_XtemUZP-56x300.jpg 56w, https:\/\/graphimarket.com\/wp-content\/uploads\/2021\/02\/1433067578_XtemUZP-383x2048.jpg 383w, https:\/\/graphimarket.com\/wp-content\/uploads\/2021\/02\/1433067578_XtemUZP-2x12.jpg 2w\" sizes=\"(max-width: 479px) 100vw, 479px\" \/><\/p>","protected":false},"excerpt":{"rendered":"<p>90 Premium Actions Set is a professional Photoshop action perfect for photographers and graphic designers. All they have been created with precise calibration adjustments to bring your images to life using powerful tools &amp; professional methods. FEATURES Non-destructive actions (all actions keep untouched the original image) Arranged (all layers are automatically arranged in a Group [&hellip;]<\/p>\n","protected":false},"featured_media":15787,"comment_status":"open","ping_status":"closed","template":"","meta":{"site-sidebar-layout":"default","site-content-layout":"default","ast-site-content-layout":"default","site-content-style":"default","site-sidebar-style":"default","ast-global-header-display":"","ast-banner-title-visibility":"","ast-main-header-display":"","ast-hfb-above-header-display":"","ast-hfb-below-header-display":"","ast-hfb-mobile-header-display":"","site-post-title":"","ast-breadcrumbs-content":"","ast-featured-img":"","footer-sml-layout":"","ast-disable-related-posts":"","theme-transparent-header-meta":"default","adv-header-id-meta":"","stick-header-meta":"","header-above-stick-meta":"","header-main-stick-meta":"","header-below-stick-meta":"","astra-migrate-meta-layouts":"default","ast-page-background-enabled":"default","ast-page-background-meta":{"desktop":{"background-color":"","background-image":"","background-repeat":"repeat","background-position":"center center","background-size":"auto","background-attachment":"scroll","background-type":"","background-media":"","overlay-type":"","overlay-color":"","overlay-opacity":"","overlay-gradient":""},"tablet":{"background-color":"","background-image":"","background-repeat":"repeat","background-position":"center center","background-size":"auto","background-attachment":"scroll","background-type":"","background-media":"","overlay-type":"","overlay-color":"","overlay-opacity":"","overlay-gradient":""},"mobile":{"background-color":"","background-image":"","background-repeat":"repeat","background-position":"center center","background-size":"auto","background-attachment":"scroll","background-type":"","background-media":"","overlay-type":"","overlay-color":"","overlay-opacity":"","overlay-gradient":""}},"ast-content-background-meta":{"desktop":{"background-color":"var(--ast-global-color-5)","background-image":"","background-repeat":"repeat","background-position":"center center","background-size":"auto","background-attachment":"scroll","background-type":"","background-media":"","overlay-type":"","overlay-color":"","overlay-opacity":"","overlay-gradient":""},"tablet":{"background-color":"var(--ast-global-color-5)","background-image":"","background-repeat":"repeat","background-position":"center center","background-size":"auto","background-attachment":"scroll","background-type":"","background-media":"","overlay-type":"","overlay-color":"","overlay-opacity":"","overlay-gradient":""},"mobile":{"background-color":"var(--ast-global-color-5)","background-image":"","background-repeat":"repeat","background-position":"center center","background-size":"auto","background-attachment":"scroll","background-type":"","background-media":"","overlay-type":"","overlay-color":"","overlay-opacity":"","overlay-gradient":""}}},"product_brand":[],"product_cat":[195,146],"product_tag":[1869,292,238,1386,254,275,285,1188,62,421,374,1870,519],"class_list":{"0":"post-15785","1":"product","2":"type-product","3":"status-publish","4":"has-post-thumbnail","6":"product_cat-photoshop","7":"product_cat-photoshop-action","8":"product_tag-1869","9":"product_tag-action","10":"product_tag-actions","11":"product_tag-adobe","12":"product_tag-art","13":"product_tag-ink","14":"product_tag-photo","15":"product_tag-photographer","16":"product_tag-photoshop","17":"product_tag-premium","18":"product_tag-pro","19":"product_tag-professiona","20":"product_tag-set","21":"desktop-align-left","22":"tablet-align-left","23":"mobile-align-left","25":"first","26":"instock","27":"sale","28":"downloadable","29":"virtual","30":"taxable","31":"purchasable","32":"product-type-simple"},"yoast_head":"<!-- This site is optimized with the Yoast SEO plugin v27.3 - https:\/\/yoast.com\/product\/yoast-seo-wordpress\/ -->\n<title>90 Premium Actions Set - Graphimarket<\/title>\n<meta name=\"description\" content=\"90 Premium Actions Set is a professional Photoshop action perfect for photographers and graphic designers. All they have...\" \/>\n<meta name=\"robots\" content=\"index, follow, max-snippet:-1, max-image-preview:large, max-video-preview:-1\" \/>\n<link rel=\"canonical\" href=\"http:\/\/graphimarket.com\/es\/product\/90-premium-actions-set\/\" \/>\n<meta property=\"og:locale\" content=\"es_ES\" \/>\n<meta property=\"og:type\" content=\"article\" \/>\n<meta property=\"og:title\" content=\"90 Premium Actions Set - Graphimarket\" \/>\n<meta property=\"og:description\" content=\"90 Premium Actions Set is a professional Photoshop action perfect for photographers and graphic designers. All they have...\" \/>\n<meta property=\"og:url\" content=\"http:\/\/graphimarket.com\/es\/product\/90-premium-actions-set\/\" \/>\n<meta property=\"og:site_name\" content=\"Graphimarket\" \/>\n<meta property=\"article:modified_time\" content=\"2022-12-19T08:01:24+00:00\" \/>\n<meta property=\"og:image\" content=\"https:\/\/graphimarket.com\/wp-content\/uploads\/2021\/02\/unnamed.jpg\" \/>\n\t<meta property=\"og:image:width\" content=\"512\" \/>\n\t<meta property=\"og:image:height\" content=\"347\" \/>\n\t<meta property=\"og:image:type\" content=\"image\/jpeg\" \/>\n<meta name=\"twitter:card\" content=\"summary_large_image\" \/>\n<meta name=\"twitter:label1\" content=\"Est. reading time\" \/>\n\t<meta name=\"twitter:data1\" content=\"2 minutes\" \/>\n<script type=\"application\/ld+json\" class=\"yoast-schema-graph\">{\"@context\":\"https:\\\/\\\/schema.org\",\"@graph\":[{\"@type\":\"WebPage\",\"@id\":\"http:\\\/\\\/graphimarket.com\\\/fr\\\/product\\\/90-premium-actions-set\\\/\",\"url\":\"http:\\\/\\\/graphimarket.com\\\/fr\\\/product\\\/90-premium-actions-set\\\/\",\"name\":\"90 Premium Actions Set - Graphimarket\",\"isPartOf\":{\"@id\":\"https:\\\/\\\/graphimarket.com\\\/fr\\\/#website\"},\"primaryImageOfPage\":{\"@id\":\"http:\\\/\\\/graphimarket.com\\\/fr\\\/product\\\/90-premium-actions-set\\\/#primaryimage\"},\"image\":{\"@id\":\"http:\\\/\\\/graphimarket.com\\\/fr\\\/product\\\/90-premium-actions-set\\\/#primaryimage\"},\"thumbnailUrl\":\"https:\\\/\\\/graphimarket.com\\\/wp-content\\\/uploads\\\/2021\\\/02\\\/unnamed.jpg\",\"datePublished\":\"2021-02-04T15:59:32+00:00\",\"dateModified\":\"2022-12-19T08:01:24+00:00\",\"description\":\"90 Premium Actions Set is a professional Photoshop action perfect for photographers and graphic designers. All they have...\",\"breadcrumb\":{\"@id\":\"http:\\\/\\\/graphimarket.com\\\/fr\\\/product\\\/90-premium-actions-set\\\/#breadcrumb\"},\"inLanguage\":\"es-ES\",\"potentialAction\":[{\"@type\":\"ReadAction\",\"target\":[\"http:\\\/\\\/graphimarket.com\\\/fr\\\/product\\\/90-premium-actions-set\\\/\"]}]},{\"@type\":\"ImageObject\",\"inLanguage\":\"es-ES\",\"@id\":\"http:\\\/\\\/graphimarket.com\\\/fr\\\/product\\\/90-premium-actions-set\\\/#primaryimage\",\"url\":\"https:\\\/\\\/graphimarket.com\\\/wp-content\\\/uploads\\\/2021\\\/02\\\/unnamed.jpg\",\"contentUrl\":\"https:\\\/\\\/graphimarket.com\\\/wp-content\\\/uploads\\\/2021\\\/02\\\/unnamed.jpg\",\"width\":512,\"height\":347},{\"@type\":\"BreadcrumbList\",\"@id\":\"http:\\\/\\\/graphimarket.com\\\/fr\\\/product\\\/90-premium-actions-set\\\/#breadcrumb\",\"itemListElement\":[{\"@type\":\"ListItem\",\"position\":1,\"name\":\"Home\",\"item\":\"https:\\\/\\\/graphimarket.com\\\/es\\\/\"},{\"@type\":\"ListItem\",\"position\":2,\"name\":\"Store\",\"item\":\"https:\\\/\\\/graphimarket.com\\\/store\\\/\"},{\"@type\":\"ListItem\",\"position\":3,\"name\":\"90 Premium Actions Set\"}]},{\"@type\":\"WebSite\",\"@id\":\"https:\\\/\\\/graphimarket.com\\\/fr\\\/#website\",\"url\":\"https:\\\/\\\/graphimarket.com\\\/fr\\\/\",\"name\":\"Graphimarket\",\"description\":\"Find the perfect creative asset to bring your project to life\",\"publisher\":{\"@id\":\"https:\\\/\\\/graphimarket.com\\\/fr\\\/#organization\"},\"potentialAction\":[{\"@type\":\"SearchAction\",\"target\":{\"@type\":\"EntryPoint\",\"urlTemplate\":\"https:\\\/\\\/graphimarket.com\\\/fr\\\/?s={search_term_string}\"},\"query-input\":{\"@type\":\"PropertyValueSpecification\",\"valueRequired\":true,\"valueName\":\"search_term_string\"}}],\"inLanguage\":\"es-ES\"},{\"@type\":\"Organization\",\"@id\":\"https:\\\/\\\/graphimarket.com\\\/fr\\\/#organization\",\"name\":\"Graphimarket\",\"url\":\"https:\\\/\\\/graphimarket.com\\\/fr\\\/\",\"logo\":{\"@type\":\"ImageObject\",\"inLanguage\":\"es-ES\",\"@id\":\"https:\\\/\\\/graphimarket.com\\\/fr\\\/#\\\/schema\\\/logo\\\/image\\\/\",\"url\":\"https:\\\/\\\/graphimarket.com\\\/wp-content\\\/uploads\\\/2020\\\/08\\\/logo-48.png\",\"contentUrl\":\"https:\\\/\\\/graphimarket.com\\\/wp-content\\\/uploads\\\/2020\\\/08\\\/logo-48.png\",\"width\":132,\"height\":48,\"caption\":\"Graphimarket\"},\"image\":{\"@id\":\"https:\\\/\\\/graphimarket.com\\\/fr\\\/#\\\/schema\\\/logo\\\/image\\\/\"}}]}<\/script>\n<!-- \/ Yoast SEO plugin. -->","yoast_head_json":{"title":"Conjunto de 90 acciones premium - Graphimarket","description":"90 Premium Actions Set es una acci\u00f3n de Photoshop profesional perfecta para fot\u00f3grafos y dise\u00f1adores gr\u00e1ficos. Todo lo que tienen ...","robots":{"index":"index","follow":"follow","max-snippet":"max-snippet:-1","max-image-preview":"max-image-preview:large","max-video-preview":"max-video-preview:-1"},"canonical":"http:\/\/graphimarket.com\/es\/product\/90-premium-actions-set\/","og_locale":"es_ES","og_type":"article","og_title":"90 Premium Actions Set - Graphimarket","og_description":"90 Premium Actions Set is a professional Photoshop action perfect for photographers and graphic designers. All they have...","og_url":"http:\/\/graphimarket.com\/es\/product\/90-premium-actions-set\/","og_site_name":"Graphimarket","article_modified_time":"2022-12-19T08:01:24+00:00","og_image":[{"width":512,"height":347,"url":"https:\/\/graphimarket.com\/wp-content\/uploads\/2021\/02\/unnamed.jpg","type":"image\/jpeg"}],"twitter_card":"summary_large_image","twitter_misc":{"Est. reading time":"2 minutes"},"schema":{"@context":"https:\/\/schema.org","@graph":[{"@type":"WebPage","@id":"http:\/\/graphimarket.com\/fr\/product\/90-premium-actions-set\/","url":"http:\/\/graphimarket.com\/fr\/product\/90-premium-actions-set\/","name":"Conjunto de 90 acciones premium - Graphimarket","isPartOf":{"@id":"https:\/\/graphimarket.com\/fr\/#website"},"primaryImageOfPage":{"@id":"http:\/\/graphimarket.com\/fr\/product\/90-premium-actions-set\/#primaryimage"},"image":{"@id":"http:\/\/graphimarket.com\/fr\/product\/90-premium-actions-set\/#primaryimage"},"thumbnailUrl":"https:\/\/graphimarket.com\/wp-content\/uploads\/2021\/02\/unnamed.jpg","datePublished":"2021-02-04T15:59:32+00:00","dateModified":"2022-12-19T08:01:24+00:00","description":"90 Premium Actions Set es una acci\u00f3n de Photoshop profesional perfecta para fot\u00f3grafos y dise\u00f1adores gr\u00e1ficos. Todo lo que tienen ...","breadcrumb":{"@id":"http:\/\/graphimarket.com\/fr\/product\/90-premium-actions-set\/#breadcrumb"},"inLanguage":"es-ES","potentialAction":[{"@type":"ReadAction","target":["http:\/\/graphimarket.com\/fr\/product\/90-premium-actions-set\/"]}]},{"@type":"ImageObject","inLanguage":"es-ES","@id":"http:\/\/graphimarket.com\/fr\/product\/90-premium-actions-set\/#primaryimage","url":"https:\/\/graphimarket.com\/wp-content\/uploads\/2021\/02\/unnamed.jpg","contentUrl":"https:\/\/graphimarket.com\/wp-content\/uploads\/2021\/02\/unnamed.jpg","width":512,"height":347},{"@type":"BreadcrumbList","@id":"http:\/\/graphimarket.com\/fr\/product\/90-premium-actions-set\/#breadcrumb","itemListElement":[{"@type":"ListItem","position":1,"name":"Home","item":"https:\/\/graphimarket.com\/es\/"},{"@type":"ListItem","position":2,"name":"Store","item":"https:\/\/graphimarket.com\/store\/"},{"@type":"ListItem","position":3,"name":"90 Premium Actions Set"}]},{"@type":"WebSite","@id":"https:\/\/graphimarket.com\/fr\/#website","url":"https:\/\/graphimarket.com\/fr\/","name":"Graphimarket","description":"Encuentre el activo creativo perfecto para darle vida a su proyecto","publisher":{"@id":"https:\/\/graphimarket.com\/fr\/#organization"},"potentialAction":[{"@type":"SearchAction","target":{"@type":"EntryPoint","urlTemplate":"https:\/\/graphimarket.com\/fr\/?s={search_term_string}"},"query-input":{"@type":"PropertyValueSpecification","valueRequired":true,"valueName":"search_term_string"}}],"inLanguage":"es-ES"},{"@type":"Organization","@id":"https:\/\/graphimarket.com\/fr\/#organization","name":"Graphimarket","url":"https:\/\/graphimarket.com\/fr\/","logo":{"@type":"ImageObject","inLanguage":"es-ES","@id":"https:\/\/graphimarket.com\/fr\/#\/schema\/logo\/image\/","url":"https:\/\/graphimarket.com\/wp-content\/uploads\/2020\/08\/logo-48.png","contentUrl":"https:\/\/graphimarket.com\/wp-content\/uploads\/2020\/08\/logo-48.png","width":132,"height":48,"caption":"Graphimarket"},"image":{"@id":"https:\/\/graphimarket.com\/fr\/#\/schema\/logo\/image\/"}}]}},"_links":{"self":[{"href":"https:\/\/graphimarket.com\/es\/wp-json\/wp\/v2\/product\/15785","targetHints":{"allow":["GET"]}}],"collection":[{"href":"https:\/\/graphimarket.com\/es\/wp-json\/wp\/v2\/product"}],"about":[{"href":"https:\/\/graphimarket.com\/es\/wp-json\/wp\/v2\/types\/product"}],"replies":[{"embeddable":true,"href":"https:\/\/graphimarket.com\/es\/wp-json\/wp\/v2\/comments?post=15785"}],"version-history":[{"count":0,"href":"https:\/\/graphimarket.com\/es\/wp-json\/wp\/v2\/product\/15785\/revisions"}],"wp:featuredmedia":[{"embeddable":true,"href":"https:\/\/graphimarket.com\/es\/wp-json\/wp\/v2\/media\/15787"}],"wp:attachment":[{"href":"https:\/\/graphimarket.com\/es\/wp-json\/wp\/v2\/media?parent=15785"}],"wp:term":[{"taxonomy":"product_brand","embeddable":true,"href":"https:\/\/graphimarket.com\/es\/wp-json\/wp\/v2\/product_brand?post=15785"},{"taxonomy":"product_cat","embeddable":true,"href":"https:\/\/graphimarket.com\/es\/wp-json\/wp\/v2\/product_cat?post=15785"},{"taxonomy":"product_tag","embeddable":true,"href":"https:\/\/graphimarket.com\/es\/wp-json\/wp\/v2\/product_tag?post=15785"}],"curies":[{"name":"wp","href":"https:\/\/api.w.org\/{rel}","templated":true}]}}