{"id":15799,"date":"2021-02-04T17:38:27","date_gmt":"2021-02-04T16:38:27","guid":{"rendered":"https:\/\/graphimarket.com\/?post_type=product&#038;p=15799"},"modified":"2026-01-23T19:06:46","modified_gmt":"2026-01-23T18:06:46","slug":"3d-map-generator-terrain-from-heightmap","status":"publish","type":"product","link":"https:\/\/graphimarket.com\/es\/product\/3d-map-generator-terrain-from-heightmap\/","title":{"rendered":"Generador de mapas 3D: terreno a partir de mapas de altura"},"content":{"rendered":"<h1>Generador de mapas 3D: terreno a partir de mapas de altura<\/h1>\n<p>Con el Generador de mapas 3D - Terreno, puede crear f\u00e1cilmente un mapa de altura en escala de grises y luego generar un terreno 3D a partir de \u00e9l. Las amplias funciones de nuestro complemento ahorran tiempo real para los creativos que desean crear mapas profesionales y de alta calidad en poco tiempo. Y lo mejor es que no necesitas ser un profesional de Photoshop.<\/p>\n<h3 id=\"item-description__features-overview\">Descripci\u00f3n de las caracter\u00edsticas<\/h3>\n<ul>\n<li>Mapa 3D de todos los mapas de altura en escala de grises posibles<\/li>\n<li>Amplia herramienta para generar y editar su propio mapa de alturas<\/li>\n<li>Navegador de mapa de altura<\/li>\n<li>Funci\u00f3n de mapas de altura autom\u00e1tica<\/li>\n<li>Biblioteca de mapas + conjunto de ejemplo gratuito<\/li>\n<li>Funci\u00f3n de nubes aleatorias<\/li>\n<li>Funci\u00f3n de mapa de vista superior<\/li>\n<li>21 pinceles de mapa de altura<\/li>\n<li>Configuraci\u00f3n de elevaci\u00f3n del mapa<\/li>\n<li>Mapa 3D de una forma individual<\/li>\n<li>3 orientaciones de mapas isom\u00e9tricos diferentes (izquierda, frontal, derecha)<\/li>\n<li>Herramienta de texturizado autom\u00e1tico<\/li>\n<li>16 ajustes preestablecidos de degradado<\/li>\n<li>22 texturas sin fisuras<\/li>\n<li>7 texturas de leyenda de mapa<\/li>\n<li>Diferentes pinceles de texturizado<\/li>\n<li>21 preajustes de fondo<\/li>\n<li>Herramienta de selecci\u00f3n de color de borde de mapa<\/li>\n<li>Herramienta de gu\u00edas<\/li>\n<li>Herramienta de curvas de nivel<\/li>\n<li>Funci\u00f3n de nivel de agua<\/li>\n<li>Agregar y eliminar la profundidad del mapa (ilimitado)<\/li>\n<li>Funci\u00f3n de sombra global<\/li>\n<li>4 pinceles de efectos para dise\u00f1ar la superficie del mapa<\/li>\n<li>Herramienta de grava<\/li>\n<li>M\u00e1s de 100 iconos y elementos de mapas<\/li>\n<li>Funciones de la biblioteca de iconos&gt; agregue sus propios iconos<\/li>\n<li>Complemento para Photoshop CC-2014 y versiones posteriores<\/li>\n<li>M\u00e1s de 20 tutoriales en v\u00eddeo<\/li>\n<\/ul>\n<p>Dibuje o modifique un mapa de altura con las herramientas de mapa de altura. Obtenga mapas de altura del mundo real de ubicaciones reales. Especifique la elevaci\u00f3n y orientaci\u00f3n del mapa y genere un mapa 3D isom\u00e9trico. Dise\u00f1e la superficie del mapa con ajustes preestablecidos de degradado editables, texturas uniformes, herramienta L\u00edneas de contorno, herramienta Nivel de agua y pinceles EFX. Cambie la altura del mapa, dise\u00f1e el fondo, determine la iluminaci\u00f3n del mapa, coloque iconos de mapas isom\u00e9tricos de alta calidad de la biblioteca de iconos. Cargue sus propios iconos en la biblioteca. Cree terrenos 3D profesionales con solo un par de clics. \u00a1Todo con una herramienta y unos pocos clics en Photoshop!<\/p>\n<p>&nbsp;<\/p>\n<p>&nbsp;<\/p>\n<p><img fetchpriority=\"high\" decoding=\"async\" class=\"alignnone size-full wp-image-15802\" src=\"https:\/\/graphimarket.com\/wp-content\/uploads\/2021\/02\/005_3dmgt.jpg\" alt=\"\" width=\"1200\" height=\"768\" srcset=\"https:\/\/graphimarket.com\/wp-content\/uploads\/2021\/02\/005_3dmgt.jpg 1200w, https:\/\/graphimarket.com\/wp-content\/uploads\/2021\/02\/005_3dmgt-300x192.jpg 300w, https:\/\/graphimarket.com\/wp-content\/uploads\/2021\/02\/005_3dmgt-1024x655.jpg 1024w, https:\/\/graphimarket.com\/wp-content\/uploads\/2021\/02\/005_3dmgt-768x492.jpg 768w, https:\/\/graphimarket.com\/wp-content\/uploads\/2021\/02\/005_3dmgt-16x10.jpg 16w, https:\/\/graphimarket.com\/wp-content\/uploads\/2021\/02\/005_3dmgt-600x384.jpg 600w\" sizes=\"(max-width: 1200px) 100vw, 1200px\" \/> <img decoding=\"async\" class=\"alignnone size-full wp-image-15803\" src=\"https:\/\/graphimarket.com\/wp-content\/uploads\/2021\/02\/006_3dmgt.jpg\" alt=\"\" width=\"1200\" height=\"768\" srcset=\"https:\/\/graphimarket.com\/wp-content\/uploads\/2021\/02\/006_3dmgt.jpg 1200w, https:\/\/graphimarket.com\/wp-content\/uploads\/2021\/02\/006_3dmgt-300x192.jpg 300w, https:\/\/graphimarket.com\/wp-content\/uploads\/2021\/02\/006_3dmgt-1024x655.jpg 1024w, https:\/\/graphimarket.com\/wp-content\/uploads\/2021\/02\/006_3dmgt-768x492.jpg 768w, https:\/\/graphimarket.com\/wp-content\/uploads\/2021\/02\/006_3dmgt-16x10.jpg 16w, https:\/\/graphimarket.com\/wp-content\/uploads\/2021\/02\/006_3dmgt-600x384.jpg 600w\" sizes=\"(max-width: 1200px) 100vw, 1200px\" \/> <img decoding=\"async\" class=\"alignnone size-full wp-image-15804\" src=\"https:\/\/graphimarket.com\/wp-content\/uploads\/2021\/02\/007_3dmgt.jpg\" alt=\"\" width=\"1200\" height=\"768\" srcset=\"https:\/\/graphimarket.com\/wp-content\/uploads\/2021\/02\/007_3dmgt.jpg 1200w, https:\/\/graphimarket.com\/wp-content\/uploads\/2021\/02\/007_3dmgt-300x192.jpg 300w, https:\/\/graphimarket.com\/wp-content\/uploads\/2021\/02\/007_3dmgt-1024x655.jpg 1024w, https:\/\/graphimarket.com\/wp-content\/uploads\/2021\/02\/007_3dmgt-768x492.jpg 768w, https:\/\/graphimarket.com\/wp-content\/uploads\/2021\/02\/007_3dmgt-16x10.jpg 16w, https:\/\/graphimarket.com\/wp-content\/uploads\/2021\/02\/007_3dmgt-600x384.jpg 600w\" sizes=\"(max-width: 1200px) 100vw, 1200px\" \/> <img loading=\"lazy\" decoding=\"async\" class=\"alignnone size-full wp-image-15805\" src=\"https:\/\/graphimarket.com\/wp-content\/uploads\/2021\/02\/008_3dmgt.jpg\" alt=\"\" width=\"1200\" height=\"768\" srcset=\"https:\/\/graphimarket.com\/wp-content\/uploads\/2021\/02\/008_3dmgt.jpg 1200w, https:\/\/graphimarket.com\/wp-content\/uploads\/2021\/02\/008_3dmgt-300x192.jpg 300w, https:\/\/graphimarket.com\/wp-content\/uploads\/2021\/02\/008_3dmgt-1024x655.jpg 1024w, https:\/\/graphimarket.com\/wp-content\/uploads\/2021\/02\/008_3dmgt-768x492.jpg 768w, https:\/\/graphimarket.com\/wp-content\/uploads\/2021\/02\/008_3dmgt-16x10.jpg 16w, https:\/\/graphimarket.com\/wp-content\/uploads\/2021\/02\/008_3dmgt-600x384.jpg 600w\" sizes=\"(max-width: 1200px) 100vw, 1200px\" \/> <img loading=\"lazy\" decoding=\"async\" class=\"alignnone size-full wp-image-15806\" src=\"https:\/\/graphimarket.com\/wp-content\/uploads\/2021\/02\/009_3dmgt.jpg\" alt=\"\" width=\"1200\" height=\"768\" srcset=\"https:\/\/graphimarket.com\/wp-content\/uploads\/2021\/02\/009_3dmgt.jpg 1200w, https:\/\/graphimarket.com\/wp-content\/uploads\/2021\/02\/009_3dmgt-300x192.jpg 300w, https:\/\/graphimarket.com\/wp-content\/uploads\/2021\/02\/009_3dmgt-1024x655.jpg 1024w, https:\/\/graphimarket.com\/wp-content\/uploads\/2021\/02\/009_3dmgt-768x492.jpg 768w, https:\/\/graphimarket.com\/wp-content\/uploads\/2021\/02\/009_3dmgt-16x10.jpg 16w, https:\/\/graphimarket.com\/wp-content\/uploads\/2021\/02\/009_3dmgt-600x384.jpg 600w\" sizes=\"(max-width: 1200px) 100vw, 1200px\" \/> <img loading=\"lazy\" decoding=\"async\" class=\"alignnone size-full wp-image-15807\" src=\"https:\/\/graphimarket.com\/wp-content\/uploads\/2021\/02\/010_3dmgt.jpg\" alt=\"\" width=\"1200\" height=\"768\" srcset=\"https:\/\/graphimarket.com\/wp-content\/uploads\/2021\/02\/010_3dmgt.jpg 1200w, https:\/\/graphimarket.com\/wp-content\/uploads\/2021\/02\/010_3dmgt-300x192.jpg 300w, https:\/\/graphimarket.com\/wp-content\/uploads\/2021\/02\/010_3dmgt-1024x655.jpg 1024w, https:\/\/graphimarket.com\/wp-content\/uploads\/2021\/02\/010_3dmgt-768x492.jpg 768w, https:\/\/graphimarket.com\/wp-content\/uploads\/2021\/02\/010_3dmgt-16x10.jpg 16w, https:\/\/graphimarket.com\/wp-content\/uploads\/2021\/02\/010_3dmgt-600x384.jpg 600w\" sizes=\"(max-width: 1200px) 100vw, 1200px\" \/> <img loading=\"lazy\" decoding=\"async\" class=\"alignnone size-full wp-image-15808\" src=\"https:\/\/graphimarket.com\/wp-content\/uploads\/2021\/02\/001_3dmgt.jpg\" alt=\"\" width=\"1200\" height=\"768\" srcset=\"https:\/\/graphimarket.com\/wp-content\/uploads\/2021\/02\/001_3dmgt.jpg 1200w, https:\/\/graphimarket.com\/wp-content\/uploads\/2021\/02\/001_3dmgt-300x192.jpg 300w, https:\/\/graphimarket.com\/wp-content\/uploads\/2021\/02\/001_3dmgt-1024x655.jpg 1024w, https:\/\/graphimarket.com\/wp-content\/uploads\/2021\/02\/001_3dmgt-768x492.jpg 768w, https:\/\/graphimarket.com\/wp-content\/uploads\/2021\/02\/001_3dmgt-16x10.jpg 16w, https:\/\/graphimarket.com\/wp-content\/uploads\/2021\/02\/001_3dmgt-600x384.jpg 600w\" sizes=\"(max-width: 1200px) 100vw, 1200px\" \/> <img loading=\"lazy\" decoding=\"async\" class=\"alignnone size-full wp-image-15809\" src=\"https:\/\/graphimarket.com\/wp-content\/uploads\/2021\/02\/002_3dmgt.jpg\" alt=\"\" width=\"1200\" height=\"768\" srcset=\"https:\/\/graphimarket.com\/wp-content\/uploads\/2021\/02\/002_3dmgt.jpg 1200w, https:\/\/graphimarket.com\/wp-content\/uploads\/2021\/02\/002_3dmgt-300x192.jpg 300w, https:\/\/graphimarket.com\/wp-content\/uploads\/2021\/02\/002_3dmgt-1024x655.jpg 1024w, https:\/\/graphimarket.com\/wp-content\/uploads\/2021\/02\/002_3dmgt-768x492.jpg 768w, https:\/\/graphimarket.com\/wp-content\/uploads\/2021\/02\/002_3dmgt-16x10.jpg 16w, https:\/\/graphimarket.com\/wp-content\/uploads\/2021\/02\/002_3dmgt-600x384.jpg 600w\" sizes=\"(max-width: 1200px) 100vw, 1200px\" \/> <img loading=\"lazy\" decoding=\"async\" class=\"alignnone size-full wp-image-15810\" src=\"https:\/\/graphimarket.com\/wp-content\/uploads\/2021\/02\/003_3dmgt.jpg\" alt=\"\" width=\"1200\" height=\"768\" srcset=\"https:\/\/graphimarket.com\/wp-content\/uploads\/2021\/02\/003_3dmgt.jpg 1200w, https:\/\/graphimarket.com\/wp-content\/uploads\/2021\/02\/003_3dmgt-300x192.jpg 300w, https:\/\/graphimarket.com\/wp-content\/uploads\/2021\/02\/003_3dmgt-1024x655.jpg 1024w, https:\/\/graphimarket.com\/wp-content\/uploads\/2021\/02\/003_3dmgt-768x492.jpg 768w, https:\/\/graphimarket.com\/wp-content\/uploads\/2021\/02\/003_3dmgt-16x10.jpg 16w, https:\/\/graphimarket.com\/wp-content\/uploads\/2021\/02\/003_3dmgt-600x384.jpg 600w\" sizes=\"(max-width: 1200px) 100vw, 1200px\" \/> <img loading=\"lazy\" decoding=\"async\" class=\"alignnone size-full wp-image-15811\" src=\"https:\/\/graphimarket.com\/wp-content\/uploads\/2021\/02\/004_3dmgt.jpg\" alt=\"\" width=\"1200\" height=\"768\" srcset=\"https:\/\/graphimarket.com\/wp-content\/uploads\/2021\/02\/004_3dmgt.jpg 1200w, https:\/\/graphimarket.com\/wp-content\/uploads\/2021\/02\/004_3dmgt-300x192.jpg 300w, https:\/\/graphimarket.com\/wp-content\/uploads\/2021\/02\/004_3dmgt-1024x655.jpg 1024w, https:\/\/graphimarket.com\/wp-content\/uploads\/2021\/02\/004_3dmgt-768x492.jpg 768w, https:\/\/graphimarket.com\/wp-content\/uploads\/2021\/02\/004_3dmgt-16x10.jpg 16w, https:\/\/graphimarket.com\/wp-content\/uploads\/2021\/02\/004_3dmgt-600x384.jpg 600w\" sizes=\"(max-width: 1200px) 100vw, 1200px\" \/><\/p>","protected":false},"excerpt":{"rendered":"<p>3D Map Generator &#8211; Terrain from Heightmap With the 3D Map Generator \u2013 Terrain you can easily create a grayscale heightmap and then generate a 3D terrain out of it. The extensive features of our plugin are real time savers for creatives who want to create professional and high-quality maps in no time. And the [&hellip;]<\/p>\n","protected":false},"featured_media":15804,"comment_status":"open","ping_status":"closed","template":"","meta":{"site-sidebar-layout":"default","site-content-layout":"default","ast-site-content-layout":"default","site-content-style":"default","site-sidebar-style":"default","ast-global-header-display":"","ast-banner-title-visibility":"","ast-main-header-display":"","ast-hfb-above-header-display":"","ast-hfb-below-header-display":"","ast-hfb-mobile-header-display":"","site-post-title":"","ast-breadcrumbs-content":"","ast-featured-img":"","footer-sml-layout":"","ast-disable-related-posts":"","theme-transparent-header-meta":"default","adv-header-id-meta":"","stick-header-meta":"","header-above-stick-meta":"","header-main-stick-meta":"","header-below-stick-meta":"","astra-migrate-meta-layouts":"default","ast-page-background-enabled":"default","ast-page-background-meta":{"desktop":{"background-color":"","background-image":"","background-repeat":"repeat","background-position":"center center","background-size":"auto","background-attachment":"scroll","background-type":"","background-media":"","overlay-type":"","overlay-color":"","overlay-opacity":"","overlay-gradient":""},"tablet":{"background-color":"","background-image":"","background-repeat":"repeat","background-position":"center center","background-size":"auto","background-attachment":"scroll","background-type":"","background-media":"","overlay-type":"","overlay-color":"","overlay-opacity":"","overlay-gradient":""},"mobile":{"background-color":"","background-image":"","background-repeat":"repeat","background-position":"center center","background-size":"auto","background-attachment":"scroll","background-type":"","background-media":"","overlay-type":"","overlay-color":"","overlay-opacity":"","overlay-gradient":""}},"ast-content-background-meta":{"desktop":{"background-color":"var(--ast-global-color-5)","background-image":"","background-repeat":"repeat","background-position":"center center","background-size":"auto","background-attachment":"scroll","background-type":"","background-media":"","overlay-type":"","overlay-color":"","overlay-opacity":"","overlay-gradient":""},"tablet":{"background-color":"var(--ast-global-color-5)","background-image":"","background-repeat":"repeat","background-position":"center center","background-size":"auto","background-attachment":"scroll","background-type":"","background-media":"","overlay-type":"","overlay-color":"","overlay-opacity":"","overlay-gradient":""},"mobile":{"background-color":"var(--ast-global-color-5)","background-image":"","background-repeat":"repeat","background-position":"center center","background-size":"auto","background-attachment":"scroll","background-type":"","background-media":"","overlay-type":"","overlay-color":"","overlay-opacity":"","overlay-gradient":""}}},"product_brand":[],"product_cat":[193,46],"product_tag":[291,303,574,1876,455,1875,243],"class_list":{"0":"post-15799","1":"product","2":"type-product","3":"status-publish","4":"has-post-thumbnail","6":"product_cat-graphic-design","7":"product_cat-graphics","8":"product_tag-3d","9":"product_tag-generator","10":"product_tag-graphic","11":"product_tag-heightmap","12":"product_tag-map","13":"product_tag-terrain","14":"product_tag-texture","15":"desktop-align-left","16":"tablet-align-left","17":"mobile-align-left","19":"first","20":"instock","21":"sale","22":"downloadable","23":"virtual","24":"taxable","25":"purchasable","26":"product-type-simple"},"yoast_head":"<!-- This site is optimized with the Yoast SEO plugin v27.3 - https:\/\/yoast.com\/product\/yoast-seo-wordpress\/ -->\n<title>3D Map Generator - Terrain from Heightmap - Graphimarket<\/title>\n<meta name=\"description\" content=\"With the 3D Map Generator \u2013 Terrain you can easily create a grayscale heightmap and then generate a 3D terrain out of it....\" \/>\n<meta name=\"robots\" content=\"index, follow, max-snippet:-1, max-image-preview:large, max-video-preview:-1\" \/>\n<link rel=\"canonical\" href=\"https:\/\/graphimarket.com\/es\/product\/3d-map-generator-terrain-from-heightmap\/\" \/>\n<meta property=\"og:locale\" content=\"es_ES\" \/>\n<meta property=\"og:type\" content=\"article\" \/>\n<meta property=\"og:title\" content=\"3D Map Generator - Terrain from Heightmap - Graphimarket\" \/>\n<meta property=\"og:description\" content=\"With the 3D Map Generator \u2013 Terrain you can easily create a grayscale heightmap and then generate a 3D terrain out of it....\" \/>\n<meta property=\"og:url\" content=\"https:\/\/graphimarket.com\/es\/product\/3d-map-generator-terrain-from-heightmap\/\" \/>\n<meta property=\"og:site_name\" content=\"Graphimarket\" \/>\n<meta property=\"article:modified_time\" content=\"2026-01-23T18:06:46+00:00\" \/>\n<meta property=\"og:image\" content=\"https:\/\/graphimarket.com\/wp-content\/uploads\/2021\/02\/007_3dmgt.jpg\" \/>\n\t<meta property=\"og:image:width\" content=\"1200\" \/>\n\t<meta property=\"og:image:height\" content=\"768\" \/>\n\t<meta property=\"og:image:type\" content=\"image\/jpeg\" \/>\n<meta name=\"twitter:card\" content=\"summary_large_image\" \/>\n<meta name=\"twitter:label1\" content=\"Est. reading time\" \/>\n\t<meta name=\"twitter:data1\" content=\"1 minute\" \/>\n<script type=\"application\/ld+json\" class=\"yoast-schema-graph\">{\"@context\":\"https:\\\/\\\/schema.org\",\"@graph\":[{\"@type\":\"WebPage\",\"@id\":\"https:\\\/\\\/graphimarket.com\\\/fr\\\/product\\\/3d-map-generator-terrain-from-heightmap\\\/\",\"url\":\"https:\\\/\\\/graphimarket.com\\\/fr\\\/product\\\/3d-map-generator-terrain-from-heightmap\\\/\",\"name\":\"3D Map Generator - Terrain from Heightmap - Graphimarket\",\"isPartOf\":{\"@id\":\"https:\\\/\\\/graphimarket.com\\\/fr\\\/#website\"},\"primaryImageOfPage\":{\"@id\":\"https:\\\/\\\/graphimarket.com\\\/fr\\\/product\\\/3d-map-generator-terrain-from-heightmap\\\/#primaryimage\"},\"image\":{\"@id\":\"https:\\\/\\\/graphimarket.com\\\/fr\\\/product\\\/3d-map-generator-terrain-from-heightmap\\\/#primaryimage\"},\"thumbnailUrl\":\"https:\\\/\\\/graphimarket.com\\\/wp-content\\\/uploads\\\/2021\\\/02\\\/007_3dmgt.jpg\",\"datePublished\":\"2021-02-04T16:38:27+00:00\",\"dateModified\":\"2026-01-23T18:06:46+00:00\",\"description\":\"With the 3D Map Generator \u2013 Terrain you can easily create a grayscale heightmap and then generate a 3D terrain out of it....\",\"breadcrumb\":{\"@id\":\"https:\\\/\\\/graphimarket.com\\\/fr\\\/product\\\/3d-map-generator-terrain-from-heightmap\\\/#breadcrumb\"},\"inLanguage\":\"es-ES\",\"potentialAction\":[{\"@type\":\"ReadAction\",\"target\":[\"https:\\\/\\\/graphimarket.com\\\/fr\\\/product\\\/3d-map-generator-terrain-from-heightmap\\\/\"]}]},{\"@type\":\"ImageObject\",\"inLanguage\":\"es-ES\",\"@id\":\"https:\\\/\\\/graphimarket.com\\\/fr\\\/product\\\/3d-map-generator-terrain-from-heightmap\\\/#primaryimage\",\"url\":\"https:\\\/\\\/graphimarket.com\\\/wp-content\\\/uploads\\\/2021\\\/02\\\/007_3dmgt.jpg\",\"contentUrl\":\"https:\\\/\\\/graphimarket.com\\\/wp-content\\\/uploads\\\/2021\\\/02\\\/007_3dmgt.jpg\",\"width\":1200,\"height\":768},{\"@type\":\"BreadcrumbList\",\"@id\":\"https:\\\/\\\/graphimarket.com\\\/fr\\\/product\\\/3d-map-generator-terrain-from-heightmap\\\/#breadcrumb\",\"itemListElement\":[{\"@type\":\"ListItem\",\"position\":1,\"name\":\"Home\",\"item\":\"https:\\\/\\\/graphimarket.com\\\/es\\\/\"},{\"@type\":\"ListItem\",\"position\":2,\"name\":\"Store\",\"item\":\"https:\\\/\\\/graphimarket.com\\\/store\\\/\"},{\"@type\":\"ListItem\",\"position\":3,\"name\":\"3D Map Generator &#8211; Terrain from Heightmap\"}]},{\"@type\":\"WebSite\",\"@id\":\"https:\\\/\\\/graphimarket.com\\\/fr\\\/#website\",\"url\":\"https:\\\/\\\/graphimarket.com\\\/fr\\\/\",\"name\":\"Graphimarket\",\"description\":\"Find the perfect creative asset to bring your project to life\",\"publisher\":{\"@id\":\"https:\\\/\\\/graphimarket.com\\\/fr\\\/#organization\"},\"potentialAction\":[{\"@type\":\"SearchAction\",\"target\":{\"@type\":\"EntryPoint\",\"urlTemplate\":\"https:\\\/\\\/graphimarket.com\\\/fr\\\/?s={search_term_string}\"},\"query-input\":{\"@type\":\"PropertyValueSpecification\",\"valueRequired\":true,\"valueName\":\"search_term_string\"}}],\"inLanguage\":\"es-ES\"},{\"@type\":\"Organization\",\"@id\":\"https:\\\/\\\/graphimarket.com\\\/fr\\\/#organization\",\"name\":\"Graphimarket\",\"url\":\"https:\\\/\\\/graphimarket.com\\\/fr\\\/\",\"logo\":{\"@type\":\"ImageObject\",\"inLanguage\":\"es-ES\",\"@id\":\"https:\\\/\\\/graphimarket.com\\\/fr\\\/#\\\/schema\\\/logo\\\/image\\\/\",\"url\":\"https:\\\/\\\/graphimarket.com\\\/wp-content\\\/uploads\\\/2020\\\/08\\\/logo-48.png\",\"contentUrl\":\"https:\\\/\\\/graphimarket.com\\\/wp-content\\\/uploads\\\/2020\\\/08\\\/logo-48.png\",\"width\":132,\"height\":48,\"caption\":\"Graphimarket\"},\"image\":{\"@id\":\"https:\\\/\\\/graphimarket.com\\\/fr\\\/#\\\/schema\\\/logo\\\/image\\\/\"}}]}<\/script>\n<!-- \/ Yoast SEO plugin. -->","yoast_head_json":{"title":"Generador de mapas 3D - Terreno a partir de mapas de altura - Graphimarket","description":"Con el Generador de mapas 3D - Terreno, puede crear f\u00e1cilmente un mapa de altura en escala de grises y luego generar un terreno 3D a partir de \u00e9l ...","robots":{"index":"index","follow":"follow","max-snippet":"max-snippet:-1","max-image-preview":"max-image-preview:large","max-video-preview":"max-video-preview:-1"},"canonical":"https:\/\/graphimarket.com\/es\/product\/3d-map-generator-terrain-from-heightmap\/","og_locale":"es_ES","og_type":"article","og_title":"3D Map Generator - Terrain from Heightmap - Graphimarket","og_description":"With the 3D Map Generator \u2013 Terrain you can easily create a grayscale heightmap and then generate a 3D terrain out of it....","og_url":"https:\/\/graphimarket.com\/es\/product\/3d-map-generator-terrain-from-heightmap\/","og_site_name":"Graphimarket","article_modified_time":"2026-01-23T18:06:46+00:00","og_image":[{"width":1200,"height":768,"url":"https:\/\/graphimarket.com\/wp-content\/uploads\/2021\/02\/007_3dmgt.jpg","type":"image\/jpeg"}],"twitter_card":"summary_large_image","twitter_misc":{"Est. reading time":"1 minute"},"schema":{"@context":"https:\/\/schema.org","@graph":[{"@type":"WebPage","@id":"https:\/\/graphimarket.com\/fr\/product\/3d-map-generator-terrain-from-heightmap\/","url":"https:\/\/graphimarket.com\/fr\/product\/3d-map-generator-terrain-from-heightmap\/","name":"Generador de mapas 3D - Terreno a partir de mapas de altura - Graphimarket","isPartOf":{"@id":"https:\/\/graphimarket.com\/fr\/#website"},"primaryImageOfPage":{"@id":"https:\/\/graphimarket.com\/fr\/product\/3d-map-generator-terrain-from-heightmap\/#primaryimage"},"image":{"@id":"https:\/\/graphimarket.com\/fr\/product\/3d-map-generator-terrain-from-heightmap\/#primaryimage"},"thumbnailUrl":"https:\/\/graphimarket.com\/wp-content\/uploads\/2021\/02\/007_3dmgt.jpg","datePublished":"2021-02-04T16:38:27+00:00","dateModified":"2026-01-23T18:06:46+00:00","description":"Con el Generador de mapas 3D - Terreno, puede crear f\u00e1cilmente un mapa de altura en escala de grises y luego generar un terreno 3D a partir de \u00e9l ...","breadcrumb":{"@id":"https:\/\/graphimarket.com\/fr\/product\/3d-map-generator-terrain-from-heightmap\/#breadcrumb"},"inLanguage":"es-ES","potentialAction":[{"@type":"ReadAction","target":["https:\/\/graphimarket.com\/fr\/product\/3d-map-generator-terrain-from-heightmap\/"]}]},{"@type":"ImageObject","inLanguage":"es-ES","@id":"https:\/\/graphimarket.com\/fr\/product\/3d-map-generator-terrain-from-heightmap\/#primaryimage","url":"https:\/\/graphimarket.com\/wp-content\/uploads\/2021\/02\/007_3dmgt.jpg","contentUrl":"https:\/\/graphimarket.com\/wp-content\/uploads\/2021\/02\/007_3dmgt.jpg","width":1200,"height":768},{"@type":"BreadcrumbList","@id":"https:\/\/graphimarket.com\/fr\/product\/3d-map-generator-terrain-from-heightmap\/#breadcrumb","itemListElement":[{"@type":"ListItem","position":1,"name":"Home","item":"https:\/\/graphimarket.com\/es\/"},{"@type":"ListItem","position":2,"name":"Store","item":"https:\/\/graphimarket.com\/store\/"},{"@type":"ListItem","position":3,"name":"3D Map Generator &#8211; Terrain from Heightmap"}]},{"@type":"WebSite","@id":"https:\/\/graphimarket.com\/fr\/#website","url":"https:\/\/graphimarket.com\/fr\/","name":"Graphimarket","description":"Encuentre el activo creativo perfecto para darle vida a su proyecto","publisher":{"@id":"https:\/\/graphimarket.com\/fr\/#organization"},"potentialAction":[{"@type":"SearchAction","target":{"@type":"EntryPoint","urlTemplate":"https:\/\/graphimarket.com\/fr\/?s={search_term_string}"},"query-input":{"@type":"PropertyValueSpecification","valueRequired":true,"valueName":"search_term_string"}}],"inLanguage":"es-ES"},{"@type":"Organization","@id":"https:\/\/graphimarket.com\/fr\/#organization","name":"Graphimarket","url":"https:\/\/graphimarket.com\/fr\/","logo":{"@type":"ImageObject","inLanguage":"es-ES","@id":"https:\/\/graphimarket.com\/fr\/#\/schema\/logo\/image\/","url":"https:\/\/graphimarket.com\/wp-content\/uploads\/2020\/08\/logo-48.png","contentUrl":"https:\/\/graphimarket.com\/wp-content\/uploads\/2020\/08\/logo-48.png","width":132,"height":48,"caption":"Graphimarket"},"image":{"@id":"https:\/\/graphimarket.com\/fr\/#\/schema\/logo\/image\/"}}]}},"_links":{"self":[{"href":"https:\/\/graphimarket.com\/es\/wp-json\/wp\/v2\/product\/15799","targetHints":{"allow":["GET"]}}],"collection":[{"href":"https:\/\/graphimarket.com\/es\/wp-json\/wp\/v2\/product"}],"about":[{"href":"https:\/\/graphimarket.com\/es\/wp-json\/wp\/v2\/types\/product"}],"replies":[{"embeddable":true,"href":"https:\/\/graphimarket.com\/es\/wp-json\/wp\/v2\/comments?post=15799"}],"version-history":[{"count":0,"href":"https:\/\/graphimarket.com\/es\/wp-json\/wp\/v2\/product\/15799\/revisions"}],"wp:featuredmedia":[{"embeddable":true,"href":"https:\/\/graphimarket.com\/es\/wp-json\/wp\/v2\/media\/15804"}],"wp:attachment":[{"href":"https:\/\/graphimarket.com\/es\/wp-json\/wp\/v2\/media?parent=15799"}],"wp:term":[{"taxonomy":"product_brand","embeddable":true,"href":"https:\/\/graphimarket.com\/es\/wp-json\/wp\/v2\/product_brand?post=15799"},{"taxonomy":"product_cat","embeddable":true,"href":"https:\/\/graphimarket.com\/es\/wp-json\/wp\/v2\/product_cat?post=15799"},{"taxonomy":"product_tag","embeddable":true,"href":"https:\/\/graphimarket.com\/es\/wp-json\/wp\/v2\/product_tag?post=15799"}],"curies":[{"name":"wp","href":"https:\/\/api.w.org\/{rel}","templated":true}]}}