{"id":16605,"date":"2021-03-25T17:06:30","date_gmt":"2021-03-25T16:06:30","guid":{"rendered":"https:\/\/graphimarket.com\/?post_type=product&#038;p=16605"},"modified":"2022-12-11T13:22:35","modified_gmt":"2022-12-11T12:22:35","slug":"hand-drawn-photoshop-action-2","status":"publish","type":"product","link":"https:\/\/graphimarket.com\/es\/product\/hand-drawn-photoshop-action-2\/","title":{"rendered":"Acci\u00f3n de Photoshop dibujada a mano"},"content":{"rendered":"<p id=\"item-description__hand-drawn-photoshop-action\"><strong>Acci\u00f3n de Photoshop dibujada a mano<\/strong><\/p>\n<p>No pierda mucho tiempo tratando de crear este efecto manualmente, h\u00e1galo en segundos con solo unos pocos clics. Simplemente abra una foto y haga clic en reproducir en la acci\u00f3n. Cree este efecto altamente detallado a partir de sus fotos con poco esfuerzo.<\/p>\n<p>La acci\u00f3n ha sido probada y funcionando en Photoshop CS3, CS4, CS5, CS5.5, CS6 &amp; CC 2014 La acci\u00f3n SOLO FUNCIONAR\u00c1 EN LA VERSI\u00d3N EN INGL\u00c9S DE PHOTOSHOP.<\/p>\n<p>Si no est\u00e1 utilizando la versi\u00f3n en ingl\u00e9s de Photoshop, siempre puede cambiarla a ingl\u00e9s y luego volver a su idioma nativo.<\/p>\n<h3 id=\"item-description__main-folder-contains\">La carpeta principal contiene<\/h3>\n<ul>\n<li>Dibujado a mano\u00a0<strong>archivo de acci\u00f3n .atn<\/strong><\/li>\n<li>Archivo de pinceles Hand Drawn.abr<\/li>\n<li>Archivo de patrones dibujados a mano * .pat<\/li>\n<li>Gu\u00eda y archivo de ayuda<\/li>\n<\/ul>\n<h3 id=\"item-description__very-easy-to-customize\">Muy f\u00e1cil de personalizar<\/h3>\n<ul>\n<li>Capas \/ carpetas duplicadas para agregar a\u00fan m\u00e1s detalles<\/li>\n<li>Muchas capas para personalizar el dise\u00f1o.<\/li>\n<li>Mostrar \/ ocultar carpetas \/ capas para agregar m\u00e1s detalles<\/li>\n<li>Carpetas \/ Capas bien organizadas<\/li>\n<\/ul>\n<p>&nbsp;<\/p>\n<p><img decoding=\"async\" src=\"https:\/\/graphimarket.com\/wp-content\/uploads\/2021\/03\/preview-2.jpg\" \/><\/p>","protected":false},"excerpt":{"rendered":"<p>Hand Drawn Photoshop Action Do not spend lots of time trying to create this effect manually, get it done in seconds with only a few clicks.Simply open up a photo and click play on the action. Create this highly detailed effect from your photos with little effort at all. The action has been tested and [&hellip;]<\/p>\n","protected":false},"featured_media":16606,"comment_status":"open","ping_status":"closed","template":"","meta":{"site-sidebar-layout":"default","site-content-layout":"default","ast-site-content-layout":"default","site-content-style":"default","site-sidebar-style":"default","ast-global-header-display":"","ast-banner-title-visibility":"","ast-main-header-display":"","ast-hfb-above-header-display":"","ast-hfb-below-header-display":"","ast-hfb-mobile-header-display":"","site-post-title":"","ast-breadcrumbs-content":"","ast-featured-img":"","footer-sml-layout":"","ast-disable-related-posts":"","theme-transparent-header-meta":"default","adv-header-id-meta":"","stick-header-meta":"","header-above-stick-meta":"","header-main-stick-meta":"","header-below-stick-meta":"","astra-migrate-meta-layouts":"default","ast-page-background-enabled":"default","ast-page-background-meta":{"desktop":{"background-color":"","background-image":"","background-repeat":"repeat","background-position":"center center","background-size":"auto","background-attachment":"scroll","background-type":"","background-media":"","overlay-type":"","overlay-color":"","overlay-opacity":"","overlay-gradient":""},"tablet":{"background-color":"","background-image":"","background-repeat":"repeat","background-position":"center center","background-size":"auto","background-attachment":"scroll","background-type":"","background-media":"","overlay-type":"","overlay-color":"","overlay-opacity":"","overlay-gradient":""},"mobile":{"background-color":"","background-image":"","background-repeat":"repeat","background-position":"center center","background-size":"auto","background-attachment":"scroll","background-type":"","background-media":"","overlay-type":"","overlay-color":"","overlay-opacity":"","overlay-gradient":""}},"ast-content-background-meta":{"desktop":{"background-color":"var(--ast-global-color-5)","background-image":"","background-repeat":"repeat","background-position":"center center","background-size":"auto","background-attachment":"scroll","background-type":"","background-media":"","overlay-type":"","overlay-color":"","overlay-opacity":"","overlay-gradient":""},"tablet":{"background-color":"var(--ast-global-color-5)","background-image":"","background-repeat":"repeat","background-position":"center center","background-size":"auto","background-attachment":"scroll","background-type":"","background-media":"","overlay-type":"","overlay-color":"","overlay-opacity":"","overlay-gradient":""},"mobile":{"background-color":"var(--ast-global-color-5)","background-image":"","background-repeat":"repeat","background-position":"center center","background-size":"auto","background-attachment":"scroll","background-type":"","background-media":"","overlay-type":"","overlay-color":"","overlay-opacity":"","overlay-gradient":""}}},"product_brand":[],"product_cat":[196,15,145,195,146],"product_tag":[292,1386,1936,436,444,62],"class_list":{"0":"post-16605","1":"product","2":"type-product","3":"status-publish","4":"has-post-thumbnail","6":"product_cat-actions","7":"product_cat-photo","8":"product_cat-photography","9":"product_cat-photoshop","10":"product_cat-photoshop-action","11":"product_tag-action","12":"product_tag-adobe","13":"product_tag-cs","14":"product_tag-draw","15":"product_tag-hand","16":"product_tag-photoshop","17":"desktop-align-left","18":"tablet-align-left","19":"mobile-align-left","21":"first","22":"instock","23":"downloadable","24":"virtual","25":"taxable","26":"purchasable","27":"product-type-simple"},"yoast_head":"<!-- This site is optimized with the Yoast SEO plugin v27.3 - https:\/\/yoast.com\/product\/yoast-seo-wordpress\/ -->\n<title>Hand Drawn Photoshop Action - Graphimarket<\/title>\n<meta name=\"description\" content=\"Hand Drawn Photoshop Action, Do not spend lots of time trying to create this effect manually, get it done in seconds with only a few clicks..\" \/>\n<meta name=\"robots\" content=\"index, follow, max-snippet:-1, max-image-preview:large, max-video-preview:-1\" \/>\n<link rel=\"canonical\" href=\"http:\/\/graphimarket.com\/es\/product\/hand-drawn-photoshop-action-2\/\" \/>\n<meta property=\"og:locale\" content=\"es_ES\" \/>\n<meta property=\"og:type\" content=\"article\" \/>\n<meta property=\"og:title\" content=\"Hand Drawn Photoshop Action - Graphimarket\" \/>\n<meta property=\"og:description\" content=\"Hand Drawn Photoshop Action, Do not spend lots of time trying to create this effect manually, get it done in seconds with only a few clicks..\" \/>\n<meta property=\"og:url\" content=\"http:\/\/graphimarket.com\/es\/product\/hand-drawn-photoshop-action-2\/\" \/>\n<meta property=\"og:site_name\" content=\"Graphimarket\" \/>\n<meta property=\"article:modified_time\" content=\"2022-12-11T12:22:35+00:00\" \/>\n<meta property=\"og:image\" content=\"https:\/\/graphimarket.com\/wp-content\/uploads\/2021\/03\/icon-2.jpg\" \/>\n\t<meta property=\"og:image:width\" content=\"590\" \/>\n\t<meta property=\"og:image:height\" content=\"638\" \/>\n\t<meta property=\"og:image:type\" content=\"image\/jpeg\" \/>\n<meta name=\"twitter:card\" content=\"summary_large_image\" \/>\n<meta name=\"twitter:label1\" content=\"Est. reading time\" \/>\n\t<meta name=\"twitter:data1\" content=\"1 minute\" \/>\n<script type=\"application\/ld+json\" class=\"yoast-schema-graph\">{\"@context\":\"https:\\\/\\\/schema.org\",\"@graph\":[{\"@type\":\"WebPage\",\"@id\":\"http:\\\/\\\/graphimarket.com\\\/en\\\/product\\\/hand-drawn-photoshop-action-2\\\/\",\"url\":\"http:\\\/\\\/graphimarket.com\\\/en\\\/product\\\/hand-drawn-photoshop-action-2\\\/\",\"name\":\"Hand Drawn Photoshop Action - Graphimarket\",\"isPartOf\":{\"@id\":\"https:\\\/\\\/graphimarket.com\\\/fr\\\/#website\"},\"primaryImageOfPage\":{\"@id\":\"http:\\\/\\\/graphimarket.com\\\/en\\\/product\\\/hand-drawn-photoshop-action-2\\\/#primaryimage\"},\"image\":{\"@id\":\"http:\\\/\\\/graphimarket.com\\\/en\\\/product\\\/hand-drawn-photoshop-action-2\\\/#primaryimage\"},\"thumbnailUrl\":\"https:\\\/\\\/graphimarket.com\\\/wp-content\\\/uploads\\\/2021\\\/03\\\/icon-2.jpg\",\"datePublished\":\"2021-03-25T16:06:30+00:00\",\"dateModified\":\"2022-12-11T12:22:35+00:00\",\"description\":\"Hand Drawn Photoshop Action, Do not spend lots of time trying to create this effect manually, get it done in seconds with only a few clicks..\",\"breadcrumb\":{\"@id\":\"http:\\\/\\\/graphimarket.com\\\/en\\\/product\\\/hand-drawn-photoshop-action-2\\\/#breadcrumb\"},\"inLanguage\":\"es-ES\",\"potentialAction\":[{\"@type\":\"ReadAction\",\"target\":[\"http:\\\/\\\/graphimarket.com\\\/en\\\/product\\\/hand-drawn-photoshop-action-2\\\/\"]}]},{\"@type\":\"ImageObject\",\"inLanguage\":\"es-ES\",\"@id\":\"http:\\\/\\\/graphimarket.com\\\/en\\\/product\\\/hand-drawn-photoshop-action-2\\\/#primaryimage\",\"url\":\"https:\\\/\\\/graphimarket.com\\\/wp-content\\\/uploads\\\/2021\\\/03\\\/icon-2.jpg\",\"contentUrl\":\"https:\\\/\\\/graphimarket.com\\\/wp-content\\\/uploads\\\/2021\\\/03\\\/icon-2.jpg\",\"width\":590,\"height\":638},{\"@type\":\"BreadcrumbList\",\"@id\":\"http:\\\/\\\/graphimarket.com\\\/en\\\/product\\\/hand-drawn-photoshop-action-2\\\/#breadcrumb\",\"itemListElement\":[{\"@type\":\"ListItem\",\"position\":1,\"name\":\"Home\",\"item\":\"https:\\\/\\\/graphimarket.com\\\/es\\\/\"},{\"@type\":\"ListItem\",\"position\":2,\"name\":\"Store\",\"item\":\"https:\\\/\\\/graphimarket.com\\\/store\\\/\"},{\"@type\":\"ListItem\",\"position\":3,\"name\":\"Hand Drawn Photoshop Action\"}]},{\"@type\":\"WebSite\",\"@id\":\"https:\\\/\\\/graphimarket.com\\\/fr\\\/#website\",\"url\":\"https:\\\/\\\/graphimarket.com\\\/fr\\\/\",\"name\":\"Graphimarket\",\"description\":\"Find the perfect creative asset to bring your project to life\",\"publisher\":{\"@id\":\"https:\\\/\\\/graphimarket.com\\\/fr\\\/#organization\"},\"potentialAction\":[{\"@type\":\"SearchAction\",\"target\":{\"@type\":\"EntryPoint\",\"urlTemplate\":\"https:\\\/\\\/graphimarket.com\\\/fr\\\/?s={search_term_string}\"},\"query-input\":{\"@type\":\"PropertyValueSpecification\",\"valueRequired\":true,\"valueName\":\"search_term_string\"}}],\"inLanguage\":\"es-ES\"},{\"@type\":\"Organization\",\"@id\":\"https:\\\/\\\/graphimarket.com\\\/fr\\\/#organization\",\"name\":\"Graphimarket\",\"url\":\"https:\\\/\\\/graphimarket.com\\\/fr\\\/\",\"logo\":{\"@type\":\"ImageObject\",\"inLanguage\":\"es-ES\",\"@id\":\"https:\\\/\\\/graphimarket.com\\\/fr\\\/#\\\/schema\\\/logo\\\/image\\\/\",\"url\":\"https:\\\/\\\/graphimarket.com\\\/wp-content\\\/uploads\\\/2020\\\/08\\\/logo-48.png\",\"contentUrl\":\"https:\\\/\\\/graphimarket.com\\\/wp-content\\\/uploads\\\/2020\\\/08\\\/logo-48.png\",\"width\":132,\"height\":48,\"caption\":\"Graphimarket\"},\"image\":{\"@id\":\"https:\\\/\\\/graphimarket.com\\\/fr\\\/#\\\/schema\\\/logo\\\/image\\\/\"}}]}<\/script>\n<!-- \/ Yoast SEO plugin. -->","yoast_head_json":{"title":"Acci\u00f3n de Photoshop dibujada a mano - Graphimarket","description":"Acci\u00f3n de Photoshop dibujada a mano, no pierda mucho tiempo tratando de crear este efecto manualmente, h\u00e1galo en segundos con solo unos pocos clics.","robots":{"index":"index","follow":"follow","max-snippet":"max-snippet:-1","max-image-preview":"max-image-preview:large","max-video-preview":"max-video-preview:-1"},"canonical":"http:\/\/graphimarket.com\/es\/product\/hand-drawn-photoshop-action-2\/","og_locale":"es_ES","og_type":"article","og_title":"Hand Drawn Photoshop Action - Graphimarket","og_description":"Hand Drawn Photoshop Action, Do not spend lots of time trying to create this effect manually, get it done in seconds with only a few clicks..","og_url":"http:\/\/graphimarket.com\/es\/product\/hand-drawn-photoshop-action-2\/","og_site_name":"Graphimarket","article_modified_time":"2022-12-11T12:22:35+00:00","og_image":[{"width":590,"height":638,"url":"https:\/\/graphimarket.com\/wp-content\/uploads\/2021\/03\/icon-2.jpg","type":"image\/jpeg"}],"twitter_card":"summary_large_image","twitter_misc":{"Est. reading time":"1 minute"},"schema":{"@context":"https:\/\/schema.org","@graph":[{"@type":"WebPage","@id":"http:\/\/graphimarket.com\/en\/product\/hand-drawn-photoshop-action-2\/","url":"http:\/\/graphimarket.com\/en\/product\/hand-drawn-photoshop-action-2\/","name":"Acci\u00f3n de Photoshop dibujada a mano - Graphimarket","isPartOf":{"@id":"https:\/\/graphimarket.com\/fr\/#website"},"primaryImageOfPage":{"@id":"http:\/\/graphimarket.com\/en\/product\/hand-drawn-photoshop-action-2\/#primaryimage"},"image":{"@id":"http:\/\/graphimarket.com\/en\/product\/hand-drawn-photoshop-action-2\/#primaryimage"},"thumbnailUrl":"https:\/\/graphimarket.com\/wp-content\/uploads\/2021\/03\/icon-2.jpg","datePublished":"2021-03-25T16:06:30+00:00","dateModified":"2022-12-11T12:22:35+00:00","description":"Acci\u00f3n de Photoshop dibujada a mano, no pierda mucho tiempo tratando de crear este efecto manualmente, h\u00e1galo en segundos con solo unos pocos clics.","breadcrumb":{"@id":"http:\/\/graphimarket.com\/en\/product\/hand-drawn-photoshop-action-2\/#breadcrumb"},"inLanguage":"es-ES","potentialAction":[{"@type":"ReadAction","target":["http:\/\/graphimarket.com\/en\/product\/hand-drawn-photoshop-action-2\/"]}]},{"@type":"ImageObject","inLanguage":"es-ES","@id":"http:\/\/graphimarket.com\/en\/product\/hand-drawn-photoshop-action-2\/#primaryimage","url":"https:\/\/graphimarket.com\/wp-content\/uploads\/2021\/03\/icon-2.jpg","contentUrl":"https:\/\/graphimarket.com\/wp-content\/uploads\/2021\/03\/icon-2.jpg","width":590,"height":638},{"@type":"BreadcrumbList","@id":"http:\/\/graphimarket.com\/en\/product\/hand-drawn-photoshop-action-2\/#breadcrumb","itemListElement":[{"@type":"ListItem","position":1,"name":"Home","item":"https:\/\/graphimarket.com\/es\/"},{"@type":"ListItem","position":2,"name":"Store","item":"https:\/\/graphimarket.com\/store\/"},{"@type":"ListItem","position":3,"name":"Hand Drawn Photoshop Action"}]},{"@type":"WebSite","@id":"https:\/\/graphimarket.com\/fr\/#website","url":"https:\/\/graphimarket.com\/fr\/","name":"Graphimarket","description":"Encuentre el activo creativo perfecto para darle vida a su proyecto","publisher":{"@id":"https:\/\/graphimarket.com\/fr\/#organization"},"potentialAction":[{"@type":"SearchAction","target":{"@type":"EntryPoint","urlTemplate":"https:\/\/graphimarket.com\/fr\/?s={search_term_string}"},"query-input":{"@type":"PropertyValueSpecification","valueRequired":true,"valueName":"search_term_string"}}],"inLanguage":"es-ES"},{"@type":"Organization","@id":"https:\/\/graphimarket.com\/fr\/#organization","name":"Graphimarket","url":"https:\/\/graphimarket.com\/fr\/","logo":{"@type":"ImageObject","inLanguage":"es-ES","@id":"https:\/\/graphimarket.com\/fr\/#\/schema\/logo\/image\/","url":"https:\/\/graphimarket.com\/wp-content\/uploads\/2020\/08\/logo-48.png","contentUrl":"https:\/\/graphimarket.com\/wp-content\/uploads\/2020\/08\/logo-48.png","width":132,"height":48,"caption":"Graphimarket"},"image":{"@id":"https:\/\/graphimarket.com\/fr\/#\/schema\/logo\/image\/"}}]}},"_links":{"self":[{"href":"https:\/\/graphimarket.com\/es\/wp-json\/wp\/v2\/product\/16605","targetHints":{"allow":["GET"]}}],"collection":[{"href":"https:\/\/graphimarket.com\/es\/wp-json\/wp\/v2\/product"}],"about":[{"href":"https:\/\/graphimarket.com\/es\/wp-json\/wp\/v2\/types\/product"}],"replies":[{"embeddable":true,"href":"https:\/\/graphimarket.com\/es\/wp-json\/wp\/v2\/comments?post=16605"}],"version-history":[{"count":0,"href":"https:\/\/graphimarket.com\/es\/wp-json\/wp\/v2\/product\/16605\/revisions"}],"wp:featuredmedia":[{"embeddable":true,"href":"https:\/\/graphimarket.com\/es\/wp-json\/wp\/v2\/media\/16606"}],"wp:attachment":[{"href":"https:\/\/graphimarket.com\/es\/wp-json\/wp\/v2\/media?parent=16605"}],"wp:term":[{"taxonomy":"product_brand","embeddable":true,"href":"https:\/\/graphimarket.com\/es\/wp-json\/wp\/v2\/product_brand?post=16605"},{"taxonomy":"product_cat","embeddable":true,"href":"https:\/\/graphimarket.com\/es\/wp-json\/wp\/v2\/product_cat?post=16605"},{"taxonomy":"product_tag","embeddable":true,"href":"https:\/\/graphimarket.com\/es\/wp-json\/wp\/v2\/product_tag?post=16605"}],"curies":[{"name":"wp","href":"https:\/\/api.w.org\/{rel}","templated":true}]}}