{"id":16800,"date":"2021-03-31T15:46:58","date_gmt":"2021-03-31T13:46:58","guid":{"rendered":"https:\/\/graphimarket.com\/?post_type=product&#038;p=16800"},"modified":"2022-12-11T13:20:18","modified_gmt":"2022-12-11T12:20:18","slug":"gif-animated-ephemera-photoshop-action","status":"publish","type":"product","link":"https:\/\/graphimarket.com\/es\/product\/gif-animated-ephemera-photoshop-action\/","title":{"rendered":"Gif Animaci\u00f3n Ephemera Photoshop Acci\u00f3n"},"content":{"rendered":"<p><strong>Gif Animaci\u00f3n Ephemera Photoshop Acci\u00f3n<\/strong><\/p>\n<p>Cautivadora y et\u00e9rea, la acci\u00f3n de Photoshop Animated Gif Ephemera es la que habla. Nubes ondulantes de humo colorido se proyectan desde tu imagen. Guardar como imagen est\u00e1tica o gif animado.<\/p>\n<h3 id=\"item-description__how-to-configure-photoshop-to-work-with-actions\"><strong>C\u00f3mo configurar Photoshop para trabajar con acciones.<\/strong><\/h3>\n<p>1. Aseg\u00farese de estar utilizando la versi\u00f3n en ingl\u00e9s de Photoshop. Cada acci\u00f3n ha sido creada para funcionar \u00fanicamente con la versi\u00f3n en ingl\u00e9s de Photoshop.<\/p>\n<p>2. Utilice el modo RGB y el color de 8 bits. Para comprobar estos ajustes, vaya a Imagen-&gt;Modo y marque el &quot;color RGB&quot; y &quot;8 bits\/canal&quot;.<\/p>\n<p>3. Esta acci\u00f3n solo funciona con la versi\u00f3n CC+ de Photoshop.<\/p>\n<p>4. Use una imagen con una resoluci\u00f3n de 72 px\/pulgada o m\u00e1s y en un rango de 2000-4000 px. Si est\u00e1 utilizando una foto con menos de 2000 px y 72 px\/pulgada, la acci\u00f3n no funcionar\u00e1 correctamente. Para solucionar esto, vaya a Imagen-&gt;Tama\u00f1o de imagen y aumente el valor de resoluci\u00f3n.<\/p>\n<p>5. Su imagen principal debe establecerse como fondo. Si su imagen tiene un nombre diferente como capa 0, selecci\u00f3nela y vaya a Capa-&gt;Nueva-&gt;Fondo de capa. Ver\u00e1 su capa con el nombre `Fondo` y con candado<\/p>\n<p>6. Establezca la Opacidad del pincel en 100%. Seleccione la &quot;Herramienta Pincel&quot; y mueva el control deslizante de opacidad a 100%.<\/p>\n<p><img fetchpriority=\"high\" decoding=\"async\" class=\"alignnone size-full wp-image-16801\" src=\"https:\/\/graphimarket.com\/wp-content\/uploads\/2021\/03\/Test-2_Static.jpg\" alt=\"\" width=\"900\" height=\"900\" srcset=\"https:\/\/graphimarket.com\/wp-content\/uploads\/2021\/03\/Test-2_Static.jpg 900w, https:\/\/graphimarket.com\/wp-content\/uploads\/2021\/03\/Test-2_Static-300x300.jpg 300w, https:\/\/graphimarket.com\/wp-content\/uploads\/2021\/03\/Test-2_Static-150x150.jpg 150w, https:\/\/graphimarket.com\/wp-content\/uploads\/2021\/03\/Test-2_Static-768x768.jpg 768w, https:\/\/graphimarket.com\/wp-content\/uploads\/2021\/03\/Test-2_Static-12x12.jpg 12w, https:\/\/graphimarket.com\/wp-content\/uploads\/2021\/03\/Test-2_Static-600x600.jpg 600w, https:\/\/graphimarket.com\/wp-content\/uploads\/2021\/03\/Test-2_Static-100x100.jpg 100w\" sizes=\"(max-width: 900px) 100vw, 900px\" \/> <img decoding=\"async\" class=\"alignnone size-full wp-image-16802\" src=\"https:\/\/graphimarket.com\/wp-content\/uploads\/2021\/03\/Test-3_Static.jpg\" alt=\"\" width=\"900\" height=\"600\" srcset=\"https:\/\/graphimarket.com\/wp-content\/uploads\/2021\/03\/Test-3_Static.jpg 900w, https:\/\/graphimarket.com\/wp-content\/uploads\/2021\/03\/Test-3_Static-300x200.jpg 300w, https:\/\/graphimarket.com\/wp-content\/uploads\/2021\/03\/Test-3_Static-768x512.jpg 768w, https:\/\/graphimarket.com\/wp-content\/uploads\/2021\/03\/Test-3_Static-16x12.jpg 16w, https:\/\/graphimarket.com\/wp-content\/uploads\/2021\/03\/Test-3_Static-600x400.jpg 600w\" sizes=\"(max-width: 900px) 100vw, 900px\" \/> <img decoding=\"async\" class=\"alignnone size-full wp-image-16803\" src=\"https:\/\/graphimarket.com\/wp-content\/uploads\/2021\/03\/Test-4_Static.jpg\" alt=\"\" width=\"900\" height=\"600\" srcset=\"https:\/\/graphimarket.com\/wp-content\/uploads\/2021\/03\/Test-4_Static.jpg 900w, https:\/\/graphimarket.com\/wp-content\/uploads\/2021\/03\/Test-4_Static-300x200.jpg 300w, https:\/\/graphimarket.com\/wp-content\/uploads\/2021\/03\/Test-4_Static-768x512.jpg 768w, https:\/\/graphimarket.com\/wp-content\/uploads\/2021\/03\/Test-4_Static-16x12.jpg 16w, https:\/\/graphimarket.com\/wp-content\/uploads\/2021\/03\/Test-4_Static-600x400.jpg 600w\" sizes=\"(max-width: 900px) 100vw, 900px\" \/> <img loading=\"lazy\" decoding=\"async\" class=\"alignnone size-full wp-image-16804\" src=\"https:\/\/graphimarket.com\/wp-content\/uploads\/2021\/03\/Test-10_Static.jpg\" alt=\"\" width=\"900\" height=\"900\" srcset=\"https:\/\/graphimarket.com\/wp-content\/uploads\/2021\/03\/Test-10_Static.jpg 900w, https:\/\/graphimarket.com\/wp-content\/uploads\/2021\/03\/Test-10_Static-300x300.jpg 300w, https:\/\/graphimarket.com\/wp-content\/uploads\/2021\/03\/Test-10_Static-150x150.jpg 150w, https:\/\/graphimarket.com\/wp-content\/uploads\/2021\/03\/Test-10_Static-768x768.jpg 768w, https:\/\/graphimarket.com\/wp-content\/uploads\/2021\/03\/Test-10_Static-12x12.jpg 12w, https:\/\/graphimarket.com\/wp-content\/uploads\/2021\/03\/Test-10_Static-600x600.jpg 600w, https:\/\/graphimarket.com\/wp-content\/uploads\/2021\/03\/Test-10_Static-100x100.jpg 100w\" sizes=\"(max-width: 900px) 100vw, 900px\" \/> <img loading=\"lazy\" decoding=\"async\" class=\"alignnone size-full wp-image-16805\" src=\"https:\/\/graphimarket.com\/wp-content\/uploads\/2021\/03\/Test-6_Static.jpg\" alt=\"\" width=\"900\" height=\"898\" srcset=\"https:\/\/graphimarket.com\/wp-content\/uploads\/2021\/03\/Test-6_Static.jpg 900w, https:\/\/graphimarket.com\/wp-content\/uploads\/2021\/03\/Test-6_Static-300x300.jpg 300w, https:\/\/graphimarket.com\/wp-content\/uploads\/2021\/03\/Test-6_Static-150x150.jpg 150w, https:\/\/graphimarket.com\/wp-content\/uploads\/2021\/03\/Test-6_Static-768x766.jpg 768w, https:\/\/graphimarket.com\/wp-content\/uploads\/2021\/03\/Test-6_Static-12x12.jpg 12w, https:\/\/graphimarket.com\/wp-content\/uploads\/2021\/03\/Test-6_Static-600x599.jpg 600w, https:\/\/graphimarket.com\/wp-content\/uploads\/2021\/03\/Test-6_Static-100x100.jpg 100w\" sizes=\"(max-width: 900px) 100vw, 900px\" \/> <img loading=\"lazy\" decoding=\"async\" class=\"alignnone size-full wp-image-16806\" src=\"https:\/\/graphimarket.com\/wp-content\/uploads\/2021\/03\/Test-1_Static.jpg\" alt=\"\" width=\"900\" height=\"600\" srcset=\"https:\/\/graphimarket.com\/wp-content\/uploads\/2021\/03\/Test-1_Static.jpg 900w, https:\/\/graphimarket.com\/wp-content\/uploads\/2021\/03\/Test-1_Static-300x200.jpg 300w, https:\/\/graphimarket.com\/wp-content\/uploads\/2021\/03\/Test-1_Static-768x512.jpg 768w, https:\/\/graphimarket.com\/wp-content\/uploads\/2021\/03\/Test-1_Static-16x12.jpg 16w, https:\/\/graphimarket.com\/wp-content\/uploads\/2021\/03\/Test-1_Static-600x400.jpg 600w\" sizes=\"(max-width: 900px) 100vw, 900px\" \/><\/p>","protected":false},"excerpt":{"rendered":"<p>Gif Animated Ephemera Photoshop Action Captivating and ethereal, the Animated Gif Ephemera Photoshop Action does the talking. Billowing clouds of colorful smoke project from your image. Save as a static image or animated gif. How to configure Photoshop to work with actions. 1. Make sure you are using the English version of Photoshop. Each action [&hellip;]<\/p>\n","protected":false},"featured_media":16802,"comment_status":"open","ping_status":"closed","template":"","meta":{"site-sidebar-layout":"default","site-content-layout":"default","ast-site-content-layout":"default","site-content-style":"default","site-sidebar-style":"default","ast-global-header-display":"","ast-banner-title-visibility":"","ast-main-header-display":"","ast-hfb-above-header-display":"","ast-hfb-below-header-display":"","ast-hfb-mobile-header-display":"","site-post-title":"","ast-breadcrumbs-content":"","ast-featured-img":"","footer-sml-layout":"","ast-disable-related-posts":"","theme-transparent-header-meta":"default","adv-header-id-meta":"","stick-header-meta":"","header-above-stick-meta":"","header-main-stick-meta":"","header-below-stick-meta":"","astra-migrate-meta-layouts":"default","ast-page-background-enabled":"default","ast-page-background-meta":{"desktop":{"background-color":"","background-image":"","background-repeat":"repeat","background-position":"center center","background-size":"auto","background-attachment":"scroll","background-type":"","background-media":"","overlay-type":"","overlay-color":"","overlay-opacity":"","overlay-gradient":""},"tablet":{"background-color":"","background-image":"","background-repeat":"repeat","background-position":"center center","background-size":"auto","background-attachment":"scroll","background-type":"","background-media":"","overlay-type":"","overlay-color":"","overlay-opacity":"","overlay-gradient":""},"mobile":{"background-color":"","background-image":"","background-repeat":"repeat","background-position":"center center","background-size":"auto","background-attachment":"scroll","background-type":"","background-media":"","overlay-type":"","overlay-color":"","overlay-opacity":"","overlay-gradient":""}},"ast-content-background-meta":{"desktop":{"background-color":"var(--ast-global-color-5)","background-image":"","background-repeat":"repeat","background-position":"center center","background-size":"auto","background-attachment":"scroll","background-type":"","background-media":"","overlay-type":"","overlay-color":"","overlay-opacity":"","overlay-gradient":""},"tablet":{"background-color":"var(--ast-global-color-5)","background-image":"","background-repeat":"repeat","background-position":"center center","background-size":"auto","background-attachment":"scroll","background-type":"","background-media":"","overlay-type":"","overlay-color":"","overlay-opacity":"","overlay-gradient":""},"mobile":{"background-color":"var(--ast-global-color-5)","background-image":"","background-repeat":"repeat","background-position":"center center","background-size":"auto","background-attachment":"scroll","background-type":"","background-media":"","overlay-type":"","overlay-color":"","overlay-opacity":"","overlay-gradient":""}}},"product_brand":[],"product_cat":[196,15,144,145,195,146],"product_tag":[292,1386,280,531,1936,1951,284,62],"class_list":{"0":"post-16800","1":"product","2":"type-product","3":"status-publish","4":"has-post-thumbnail","6":"product_cat-actions","7":"product_cat-photo","8":"product_cat-photo-editor","9":"product_cat-photography","10":"product_cat-photoshop","11":"product_cat-photoshop-action","12":"product_tag-action","13":"product_tag-adobe","14":"product_tag-animated","15":"product_tag-cc","16":"product_tag-cs","17":"product_tag-ephemera","18":"product_tag-gif","19":"product_tag-photoshop","20":"desktop-align-left","21":"tablet-align-left","22":"mobile-align-left","24":"first","25":"instock","26":"sale","27":"downloadable","28":"virtual","29":"taxable","30":"purchasable","31":"product-type-simple"},"yoast_head":"<!-- This site is optimized with the Yoast SEO plugin v27.3 - https:\/\/yoast.com\/product\/yoast-seo-wordpress\/ -->\n<title>Gif Animated Ephemera Photoshop Action - Graphimarket<\/title>\n<meta name=\"description\" content=\"Animated Ephemera Photoshop Action, Captivating and ethereal, the Animated Gif Ephemera Photoshop Action does the talking...\" \/>\n<meta name=\"robots\" content=\"index, follow, max-snippet:-1, max-image-preview:large, max-video-preview:-1\" \/>\n<link rel=\"canonical\" href=\"https:\/\/graphimarket.com\/es\/product\/gif-animated-ephemera-photoshop-action\/\" \/>\n<meta property=\"og:locale\" content=\"es_ES\" \/>\n<meta property=\"og:type\" content=\"article\" \/>\n<meta property=\"og:title\" content=\"Gif Animated Ephemera Photoshop Action - Graphimarket\" \/>\n<meta property=\"og:description\" content=\"Animated Ephemera Photoshop Action, Captivating and ethereal, the Animated Gif Ephemera Photoshop Action does the talking...\" \/>\n<meta property=\"og:url\" content=\"https:\/\/graphimarket.com\/es\/product\/gif-animated-ephemera-photoshop-action\/\" \/>\n<meta property=\"og:site_name\" content=\"Graphimarket\" \/>\n<meta property=\"article:modified_time\" content=\"2022-12-11T12:20:18+00:00\" \/>\n<meta property=\"og:image\" content=\"https:\/\/graphimarket.com\/wp-content\/uploads\/2021\/03\/Test-3_Static.jpg\" \/>\n\t<meta property=\"og:image:width\" content=\"900\" \/>\n\t<meta property=\"og:image:height\" content=\"600\" \/>\n\t<meta property=\"og:image:type\" content=\"image\/jpeg\" \/>\n<meta name=\"twitter:card\" content=\"summary_large_image\" \/>\n<meta name=\"twitter:label1\" content=\"Est. reading time\" \/>\n\t<meta name=\"twitter:data1\" content=\"1 minute\" \/>\n<script type=\"application\/ld+json\" class=\"yoast-schema-graph\">{\"@context\":\"https:\\\/\\\/schema.org\",\"@graph\":[{\"@type\":\"WebPage\",\"@id\":\"https:\\\/\\\/graphimarket.com\\\/product\\\/gif-animated-ephemera-photoshop-action\\\/\",\"url\":\"https:\\\/\\\/graphimarket.com\\\/product\\\/gif-animated-ephemera-photoshop-action\\\/\",\"name\":\"Gif Animated Ephemera Photoshop Action - Graphimarket\",\"isPartOf\":{\"@id\":\"https:\\\/\\\/graphimarket.com\\\/fr\\\/#website\"},\"primaryImageOfPage\":{\"@id\":\"https:\\\/\\\/graphimarket.com\\\/product\\\/gif-animated-ephemera-photoshop-action\\\/#primaryimage\"},\"image\":{\"@id\":\"https:\\\/\\\/graphimarket.com\\\/product\\\/gif-animated-ephemera-photoshop-action\\\/#primaryimage\"},\"thumbnailUrl\":\"https:\\\/\\\/graphimarket.com\\\/wp-content\\\/uploads\\\/2021\\\/03\\\/Test-3_Static.jpg\",\"datePublished\":\"2021-03-31T13:46:58+00:00\",\"dateModified\":\"2022-12-11T12:20:18+00:00\",\"description\":\"Animated Ephemera Photoshop Action, Captivating and ethereal, the Animated Gif Ephemera Photoshop Action does the talking...\",\"breadcrumb\":{\"@id\":\"https:\\\/\\\/graphimarket.com\\\/product\\\/gif-animated-ephemera-photoshop-action\\\/#breadcrumb\"},\"inLanguage\":\"es-ES\",\"potentialAction\":[{\"@type\":\"ReadAction\",\"target\":[\"https:\\\/\\\/graphimarket.com\\\/product\\\/gif-animated-ephemera-photoshop-action\\\/\"]}]},{\"@type\":\"ImageObject\",\"inLanguage\":\"es-ES\",\"@id\":\"https:\\\/\\\/graphimarket.com\\\/product\\\/gif-animated-ephemera-photoshop-action\\\/#primaryimage\",\"url\":\"https:\\\/\\\/graphimarket.com\\\/wp-content\\\/uploads\\\/2021\\\/03\\\/Test-3_Static.jpg\",\"contentUrl\":\"https:\\\/\\\/graphimarket.com\\\/wp-content\\\/uploads\\\/2021\\\/03\\\/Test-3_Static.jpg\",\"width\":900,\"height\":600},{\"@type\":\"BreadcrumbList\",\"@id\":\"https:\\\/\\\/graphimarket.com\\\/product\\\/gif-animated-ephemera-photoshop-action\\\/#breadcrumb\",\"itemListElement\":[{\"@type\":\"ListItem\",\"position\":1,\"name\":\"Home\",\"item\":\"https:\\\/\\\/graphimarket.com\\\/es\\\/\"},{\"@type\":\"ListItem\",\"position\":2,\"name\":\"Store\",\"item\":\"https:\\\/\\\/graphimarket.com\\\/store\\\/\"},{\"@type\":\"ListItem\",\"position\":3,\"name\":\"Gif Animated Ephemera Photoshop Action\"}]},{\"@type\":\"WebSite\",\"@id\":\"https:\\\/\\\/graphimarket.com\\\/fr\\\/#website\",\"url\":\"https:\\\/\\\/graphimarket.com\\\/fr\\\/\",\"name\":\"Graphimarket\",\"description\":\"Find the perfect creative asset to bring your project to life\",\"publisher\":{\"@id\":\"https:\\\/\\\/graphimarket.com\\\/fr\\\/#organization\"},\"potentialAction\":[{\"@type\":\"SearchAction\",\"target\":{\"@type\":\"EntryPoint\",\"urlTemplate\":\"https:\\\/\\\/graphimarket.com\\\/fr\\\/?s={search_term_string}\"},\"query-input\":{\"@type\":\"PropertyValueSpecification\",\"valueRequired\":true,\"valueName\":\"search_term_string\"}}],\"inLanguage\":\"es-ES\"},{\"@type\":\"Organization\",\"@id\":\"https:\\\/\\\/graphimarket.com\\\/fr\\\/#organization\",\"name\":\"Graphimarket\",\"url\":\"https:\\\/\\\/graphimarket.com\\\/fr\\\/\",\"logo\":{\"@type\":\"ImageObject\",\"inLanguage\":\"es-ES\",\"@id\":\"https:\\\/\\\/graphimarket.com\\\/fr\\\/#\\\/schema\\\/logo\\\/image\\\/\",\"url\":\"https:\\\/\\\/graphimarket.com\\\/wp-content\\\/uploads\\\/2020\\\/08\\\/logo-48.png\",\"contentUrl\":\"https:\\\/\\\/graphimarket.com\\\/wp-content\\\/uploads\\\/2020\\\/08\\\/logo-48.png\",\"width\":132,\"height\":48,\"caption\":\"Graphimarket\"},\"image\":{\"@id\":\"https:\\\/\\\/graphimarket.com\\\/fr\\\/#\\\/schema\\\/logo\\\/image\\\/\"}}]}<\/script>\n<!-- \/ Yoast SEO plugin. -->","yoast_head_json":{"title":"Gif Animado Ephemera Acci\u00f3n de Photoshop - Graphimarket","description":"Acci\u00f3n de Photoshop Ef\u00edmera Animada, Cautivadora y et\u00e9rea, la Acci\u00f3n de Photoshop Ef\u00edmera Gif Animada habla...","robots":{"index":"index","follow":"follow","max-snippet":"max-snippet:-1","max-image-preview":"max-image-preview:large","max-video-preview":"max-video-preview:-1"},"canonical":"https:\/\/graphimarket.com\/es\/product\/gif-animated-ephemera-photoshop-action\/","og_locale":"es_ES","og_type":"article","og_title":"Gif Animated Ephemera Photoshop Action - Graphimarket","og_description":"Animated Ephemera Photoshop Action, Captivating and ethereal, the Animated Gif Ephemera Photoshop Action does the talking...","og_url":"https:\/\/graphimarket.com\/es\/product\/gif-animated-ephemera-photoshop-action\/","og_site_name":"Graphimarket","article_modified_time":"2022-12-11T12:20:18+00:00","og_image":[{"width":900,"height":600,"url":"https:\/\/graphimarket.com\/wp-content\/uploads\/2021\/03\/Test-3_Static.jpg","type":"image\/jpeg"}],"twitter_card":"summary_large_image","twitter_misc":{"Est. reading time":"1 minute"},"schema":{"@context":"https:\/\/schema.org","@graph":[{"@type":"WebPage","@id":"https:\/\/graphimarket.com\/product\/gif-animated-ephemera-photoshop-action\/","url":"https:\/\/graphimarket.com\/product\/gif-animated-ephemera-photoshop-action\/","name":"Gif Animado Ephemera Acci\u00f3n de Photoshop - Graphimarket","isPartOf":{"@id":"https:\/\/graphimarket.com\/fr\/#website"},"primaryImageOfPage":{"@id":"https:\/\/graphimarket.com\/product\/gif-animated-ephemera-photoshop-action\/#primaryimage"},"image":{"@id":"https:\/\/graphimarket.com\/product\/gif-animated-ephemera-photoshop-action\/#primaryimage"},"thumbnailUrl":"https:\/\/graphimarket.com\/wp-content\/uploads\/2021\/03\/Test-3_Static.jpg","datePublished":"2021-03-31T13:46:58+00:00","dateModified":"2022-12-11T12:20:18+00:00","description":"Acci\u00f3n de Photoshop Ef\u00edmera Animada, Cautivadora y et\u00e9rea, la Acci\u00f3n de Photoshop Ef\u00edmera Gif Animada habla...","breadcrumb":{"@id":"https:\/\/graphimarket.com\/product\/gif-animated-ephemera-photoshop-action\/#breadcrumb"},"inLanguage":"es-ES","potentialAction":[{"@type":"ReadAction","target":["https:\/\/graphimarket.com\/product\/gif-animated-ephemera-photoshop-action\/"]}]},{"@type":"ImageObject","inLanguage":"es-ES","@id":"https:\/\/graphimarket.com\/product\/gif-animated-ephemera-photoshop-action\/#primaryimage","url":"https:\/\/graphimarket.com\/wp-content\/uploads\/2021\/03\/Test-3_Static.jpg","contentUrl":"https:\/\/graphimarket.com\/wp-content\/uploads\/2021\/03\/Test-3_Static.jpg","width":900,"height":600},{"@type":"BreadcrumbList","@id":"https:\/\/graphimarket.com\/product\/gif-animated-ephemera-photoshop-action\/#breadcrumb","itemListElement":[{"@type":"ListItem","position":1,"name":"Home","item":"https:\/\/graphimarket.com\/es\/"},{"@type":"ListItem","position":2,"name":"Store","item":"https:\/\/graphimarket.com\/store\/"},{"@type":"ListItem","position":3,"name":"Gif Animated Ephemera Photoshop Action"}]},{"@type":"WebSite","@id":"https:\/\/graphimarket.com\/fr\/#website","url":"https:\/\/graphimarket.com\/fr\/","name":"Graphimarket","description":"Encuentre el activo creativo perfecto para darle vida a su proyecto","publisher":{"@id":"https:\/\/graphimarket.com\/fr\/#organization"},"potentialAction":[{"@type":"SearchAction","target":{"@type":"EntryPoint","urlTemplate":"https:\/\/graphimarket.com\/fr\/?s={search_term_string}"},"query-input":{"@type":"PropertyValueSpecification","valueRequired":true,"valueName":"search_term_string"}}],"inLanguage":"es-ES"},{"@type":"Organization","@id":"https:\/\/graphimarket.com\/fr\/#organization","name":"Graphimarket","url":"https:\/\/graphimarket.com\/fr\/","logo":{"@type":"ImageObject","inLanguage":"es-ES","@id":"https:\/\/graphimarket.com\/fr\/#\/schema\/logo\/image\/","url":"https:\/\/graphimarket.com\/wp-content\/uploads\/2020\/08\/logo-48.png","contentUrl":"https:\/\/graphimarket.com\/wp-content\/uploads\/2020\/08\/logo-48.png","width":132,"height":48,"caption":"Graphimarket"},"image":{"@id":"https:\/\/graphimarket.com\/fr\/#\/schema\/logo\/image\/"}}]}},"_links":{"self":[{"href":"https:\/\/graphimarket.com\/es\/wp-json\/wp\/v2\/product\/16800","targetHints":{"allow":["GET"]}}],"collection":[{"href":"https:\/\/graphimarket.com\/es\/wp-json\/wp\/v2\/product"}],"about":[{"href":"https:\/\/graphimarket.com\/es\/wp-json\/wp\/v2\/types\/product"}],"replies":[{"embeddable":true,"href":"https:\/\/graphimarket.com\/es\/wp-json\/wp\/v2\/comments?post=16800"}],"version-history":[{"count":0,"href":"https:\/\/graphimarket.com\/es\/wp-json\/wp\/v2\/product\/16800\/revisions"}],"wp:featuredmedia":[{"embeddable":true,"href":"https:\/\/graphimarket.com\/es\/wp-json\/wp\/v2\/media\/16802"}],"wp:attachment":[{"href":"https:\/\/graphimarket.com\/es\/wp-json\/wp\/v2\/media?parent=16800"}],"wp:term":[{"taxonomy":"product_brand","embeddable":true,"href":"https:\/\/graphimarket.com\/es\/wp-json\/wp\/v2\/product_brand?post=16800"},{"taxonomy":"product_cat","embeddable":true,"href":"https:\/\/graphimarket.com\/es\/wp-json\/wp\/v2\/product_cat?post=16800"},{"taxonomy":"product_tag","embeddable":true,"href":"https:\/\/graphimarket.com\/es\/wp-json\/wp\/v2\/product_tag?post=16800"}],"curies":[{"name":"wp","href":"https:\/\/api.w.org\/{rel}","templated":true}]}}