{"id":16854,"date":"2021-03-31T16:51:11","date_gmt":"2021-03-31T14:51:11","guid":{"rendered":"https:\/\/graphimarket.com\/?post_type=product&#038;p=16854"},"modified":"2026-04-08T22:07:32","modified_gmt":"2026-04-08T20:07:32","slug":"architecture-sketch-architectum-3-photoshop-plugin","status":"publish","type":"product","link":"https:\/\/graphimarket.com\/es\/product\/architecture-sketch-architectum-3-photoshop-plugin\/","title":{"rendered":"Bosquejo de arquitectura - Architectum 3 - Complemento de Photoshop"},"content":{"rendered":"<p><strong>Bosquejo de arquitectura - Architectum 3 - Complemento de Photoshop<\/strong><\/p>\n<p>El plugin Architectum 3 es un nuevo nivel superior de acciones de Architectum para crear\u00a0<strong>bocetos de arquitectura<\/strong>. Una gran experiencia en el desarrollo de\u00a0<strong>acciones de boceto<\/strong>\u00a0nos permiti\u00f3 crear la herramienta de dibujo m\u00e1s potente y funcional del mercado.<\/p>\n<p><strong>\u00a1Ahora multiling\u00fce!<\/strong><br \/>\nEl complemento funciona en cualquier idioma. Photoshop CC2015.5, CC2017, CC2018, CC2019 y versiones m\u00e1s recientes.<\/p>\n<p><strong>De la acci\u00f3n al panel<\/strong><br \/>\nAhora Architectum 3 se convirti\u00f3 en un complemento completo con interfaz nativa y un conjunto de funciones \u00fatiles de boceto.Esta es una combinaci\u00f3n explosiva de acciones de Photohop, javascripts, HTML y CSS, dise\u00f1ada de acuerdo con las pautas de Adobe y optimizada para todos los requisitos de Photoshop y temas de interfaz.<\/p>\n<p><strong>La instalaci\u00f3n m\u00e1s sencilla de arrastrar y soltar<\/strong><br \/>\nSimplemente arrastre y suelte un archivo de instalaci\u00f3n en su Photoshop y rein\u00edcielo. Eso es todo, plugin instalado.<\/p>\n<p><strong>Ajustes preestablecidos del modo de boceto<\/strong><br \/>\nElija el modo de boceto que necesita con un solo clic. Disponibles 4 modos de dibujo y 4 \u00fatiles herramientas adicionales.<\/p>\n<p><strong>Enfoque autom\u00e1tico intelectual<\/strong><br \/>\nPruebe esta nueva funci\u00f3n experimental para la selecci\u00f3n autom\u00e1tica del \u00e1rea de enfoque y \/ o para obtener resultados creativos inesperados.<\/p>\n<p><strong>Optimizaci\u00f3n autom\u00e1tica<\/strong><br \/>\nNo se preocupe por la configuraci\u00f3n de su imagen ahora. La funci\u00f3n de optimizaci\u00f3n lo prepara autom\u00e1ticamente para obtener los mejores resultados finales.<\/p>\n<p><strong>Algoritmo absolutamente nuevo<\/strong><br \/>\nM\u00e1s r\u00e1pido y preciso para crear bocetos de arquitectura profesional. M\u00e1s universal, flexible y reflexivo.<\/p>\n<p><strong>Nuevo estilo de dibujo<\/strong><br \/>\nResultados m\u00e1s realistas e impresionantes del boceto de arquitectura gracias a nuevas t\u00e9cnicas gr\u00e1ficas, pinceles y patrones \u00fanicos.<\/p>\n<p><strong>Nuevo nivel de detalle<\/strong><br \/>\nEl resultado incluye una gran cantidad de elementos de boceto principales y adicionales y ajustes de color para personalizaci\u00f3n y mejora.<\/p>\n<p><strong>Acuarela de alta calidad<\/strong><br \/>\nAdem\u00e1s del boceto b\u00e1sico, encontrar\u00e1 acuarelas de alta calidad para crear obras de arte complejas en color.<\/p>\n<p>&nbsp;<\/p>\n<p><img fetchpriority=\"high\" decoding=\"async\" class=\"alignnone size-full wp-image-16855\" src=\"https:\/\/graphimarket.com\/wp-content\/uploads\/2021\/03\/architectum3_image_004.jpg\" alt=\"\" width=\"1200\" height=\"1000\" srcset=\"https:\/\/graphimarket.com\/wp-content\/uploads\/2021\/03\/architectum3_image_004.jpg 1200w, https:\/\/graphimarket.com\/wp-content\/uploads\/2021\/03\/architectum3_image_004-300x250.jpg 300w, https:\/\/graphimarket.com\/wp-content\/uploads\/2021\/03\/architectum3_image_004-1024x853.jpg 1024w, https:\/\/graphimarket.com\/wp-content\/uploads\/2021\/03\/architectum3_image_004-768x640.jpg 768w, https:\/\/graphimarket.com\/wp-content\/uploads\/2021\/03\/architectum3_image_004-14x12.jpg 14w, https:\/\/graphimarket.com\/wp-content\/uploads\/2021\/03\/architectum3_image_004-600x500.jpg 600w\" sizes=\"(max-width: 1200px) 100vw, 1200px\" \/> <img decoding=\"async\" class=\"alignnone size-full wp-image-16856\" src=\"https:\/\/graphimarket.com\/wp-content\/uploads\/2021\/03\/architectum3_image_005.jpg\" alt=\"\" width=\"1200\" height=\"1000\" srcset=\"https:\/\/graphimarket.com\/wp-content\/uploads\/2021\/03\/architectum3_image_005.jpg 1200w, https:\/\/graphimarket.com\/wp-content\/uploads\/2021\/03\/architectum3_image_005-300x250.jpg 300w, https:\/\/graphimarket.com\/wp-content\/uploads\/2021\/03\/architectum3_image_005-1024x853.jpg 1024w, https:\/\/graphimarket.com\/wp-content\/uploads\/2021\/03\/architectum3_image_005-768x640.jpg 768w, https:\/\/graphimarket.com\/wp-content\/uploads\/2021\/03\/architectum3_image_005-14x12.jpg 14w, https:\/\/graphimarket.com\/wp-content\/uploads\/2021\/03\/architectum3_image_005-600x500.jpg 600w\" sizes=\"(max-width: 1200px) 100vw, 1200px\" \/> <img decoding=\"async\" class=\"alignnone size-full wp-image-16857\" src=\"https:\/\/graphimarket.com\/wp-content\/uploads\/2021\/03\/architectum3_image_006.jpg\" alt=\"\" width=\"870\" height=\"1500\" srcset=\"https:\/\/graphimarket.com\/wp-content\/uploads\/2021\/03\/architectum3_image_006.jpg 870w, https:\/\/graphimarket.com\/wp-content\/uploads\/2021\/03\/architectum3_image_006-174x300.jpg 174w, https:\/\/graphimarket.com\/wp-content\/uploads\/2021\/03\/architectum3_image_006-594x1024.jpg 594w, https:\/\/graphimarket.com\/wp-content\/uploads\/2021\/03\/architectum3_image_006-768x1324.jpg 768w, https:\/\/graphimarket.com\/wp-content\/uploads\/2021\/03\/architectum3_image_006-7x12.jpg 7w, https:\/\/graphimarket.com\/wp-content\/uploads\/2021\/03\/architectum3_image_006-600x1034.jpg 600w\" sizes=\"(max-width: 870px) 100vw, 870px\" \/> <img loading=\"lazy\" decoding=\"async\" class=\"alignnone size-full wp-image-16858\" src=\"https:\/\/graphimarket.com\/wp-content\/uploads\/2021\/03\/architectum3_image_007.jpg\" alt=\"\" width=\"1200\" height=\"1000\" srcset=\"https:\/\/graphimarket.com\/wp-content\/uploads\/2021\/03\/architectum3_image_007.jpg 1200w, https:\/\/graphimarket.com\/wp-content\/uploads\/2021\/03\/architectum3_image_007-300x250.jpg 300w, https:\/\/graphimarket.com\/wp-content\/uploads\/2021\/03\/architectum3_image_007-1024x853.jpg 1024w, https:\/\/graphimarket.com\/wp-content\/uploads\/2021\/03\/architectum3_image_007-768x640.jpg 768w, https:\/\/graphimarket.com\/wp-content\/uploads\/2021\/03\/architectum3_image_007-14x12.jpg 14w, https:\/\/graphimarket.com\/wp-content\/uploads\/2021\/03\/architectum3_image_007-600x500.jpg 600w\" sizes=\"(max-width: 1200px) 100vw, 1200px\" \/> <img loading=\"lazy\" decoding=\"async\" class=\"alignnone size-full wp-image-16859\" src=\"https:\/\/graphimarket.com\/wp-content\/uploads\/2021\/03\/architectum3_image_001.jpg\" alt=\"\" width=\"1200\" height=\"1000\" srcset=\"https:\/\/graphimarket.com\/wp-content\/uploads\/2021\/03\/architectum3_image_001.jpg 1200w, https:\/\/graphimarket.com\/wp-content\/uploads\/2021\/03\/architectum3_image_001-300x250.jpg 300w, https:\/\/graphimarket.com\/wp-content\/uploads\/2021\/03\/architectum3_image_001-1024x853.jpg 1024w, https:\/\/graphimarket.com\/wp-content\/uploads\/2021\/03\/architectum3_image_001-768x640.jpg 768w, https:\/\/graphimarket.com\/wp-content\/uploads\/2021\/03\/architectum3_image_001-14x12.jpg 14w, https:\/\/graphimarket.com\/wp-content\/uploads\/2021\/03\/architectum3_image_001-600x500.jpg 600w\" sizes=\"(max-width: 1200px) 100vw, 1200px\" \/> <img loading=\"lazy\" decoding=\"async\" class=\"alignnone size-full wp-image-16860\" src=\"https:\/\/graphimarket.com\/wp-content\/uploads\/2021\/03\/architectum3_image_002.jpg\" alt=\"\" width=\"1200\" height=\"1000\" srcset=\"https:\/\/graphimarket.com\/wp-content\/uploads\/2021\/03\/architectum3_image_002.jpg 1200w, https:\/\/graphimarket.com\/wp-content\/uploads\/2021\/03\/architectum3_image_002-300x250.jpg 300w, https:\/\/graphimarket.com\/wp-content\/uploads\/2021\/03\/architectum3_image_002-1024x853.jpg 1024w, https:\/\/graphimarket.com\/wp-content\/uploads\/2021\/03\/architectum3_image_002-768x640.jpg 768w, https:\/\/graphimarket.com\/wp-content\/uploads\/2021\/03\/architectum3_image_002-14x12.jpg 14w, https:\/\/graphimarket.com\/wp-content\/uploads\/2021\/03\/architectum3_image_002-600x500.jpg 600w\" sizes=\"(max-width: 1200px) 100vw, 1200px\" \/> <img loading=\"lazy\" decoding=\"async\" class=\"alignnone size-full wp-image-16861\" src=\"https:\/\/graphimarket.com\/wp-content\/uploads\/2021\/03\/architectum3_image_003.jpg\" alt=\"\" width=\"1200\" height=\"1000\" srcset=\"https:\/\/graphimarket.com\/wp-content\/uploads\/2021\/03\/architectum3_image_003.jpg 1200w, https:\/\/graphimarket.com\/wp-content\/uploads\/2021\/03\/architectum3_image_003-300x250.jpg 300w, https:\/\/graphimarket.com\/wp-content\/uploads\/2021\/03\/architectum3_image_003-1024x853.jpg 1024w, https:\/\/graphimarket.com\/wp-content\/uploads\/2021\/03\/architectum3_image_003-768x640.jpg 768w, https:\/\/graphimarket.com\/wp-content\/uploads\/2021\/03\/architectum3_image_003-14x12.jpg 14w, https:\/\/graphimarket.com\/wp-content\/uploads\/2021\/03\/architectum3_image_003-600x500.jpg 600w\" sizes=\"(max-width: 1200px) 100vw, 1200px\" \/><\/p>","protected":false},"excerpt":{"rendered":"<p>Architecture Sketch &#8211; Architectum 3 &#8211; Photoshop Plugin Architectum 3 Plugin is new higher level of Architectum actions for creating professional\u00a0architecture sketches. A huge experience in development of\u00a0sketch actions\u00a0allowed us to create most powerful and functional sketch tool on the market. Now multilingual! Plugin works in any language Photoshop CC2015.5, CC2017, CC2018, CC2019 and newer [&hellip;]<\/p>\n","protected":false},"featured_media":16855,"comment_status":"open","ping_status":"closed","template":"","meta":{"site-sidebar-layout":"default","site-content-layout":"default","ast-site-content-layout":"default","site-content-style":"default","site-sidebar-style":"default","ast-global-header-display":"","ast-banner-title-visibility":"","ast-main-header-display":"","ast-hfb-above-header-display":"","ast-hfb-below-header-display":"","ast-hfb-mobile-header-display":"","site-post-title":"","ast-breadcrumbs-content":"","ast-featured-img":"","footer-sml-layout":"","ast-disable-related-posts":"","theme-transparent-header-meta":"default","adv-header-id-meta":"","stick-header-meta":"","header-above-stick-meta":"","header-main-stick-meta":"","header-below-stick-meta":"","astra-migrate-meta-layouts":"default","ast-page-background-enabled":"default","ast-page-background-meta":{"desktop":{"background-color":"","background-image":"","background-repeat":"repeat","background-position":"center center","background-size":"auto","background-attachment":"scroll","background-type":"","background-media":"","overlay-type":"","overlay-color":"","overlay-opacity":"","overlay-gradient":""},"tablet":{"background-color":"","background-image":"","background-repeat":"repeat","background-position":"center center","background-size":"auto","background-attachment":"scroll","background-type":"","background-media":"","overlay-type":"","overlay-color":"","overlay-opacity":"","overlay-gradient":""},"mobile":{"background-color":"","background-image":"","background-repeat":"repeat","background-position":"center center","background-size":"auto","background-attachment":"scroll","background-type":"","background-media":"","overlay-type":"","overlay-color":"","overlay-opacity":"","overlay-gradient":""}},"ast-content-background-meta":{"desktop":{"background-color":"var(--ast-global-color-5)","background-image":"","background-repeat":"repeat","background-position":"center center","background-size":"auto","background-attachment":"scroll","background-type":"","background-media":"","overlay-type":"","overlay-color":"","overlay-opacity":"","overlay-gradient":""},"tablet":{"background-color":"var(--ast-global-color-5)","background-image":"","background-repeat":"repeat","background-position":"center center","background-size":"auto","background-attachment":"scroll","background-type":"","background-media":"","overlay-type":"","overlay-color":"","overlay-opacity":"","overlay-gradient":""},"mobile":{"background-color":"var(--ast-global-color-5)","background-image":"","background-repeat":"repeat","background-position":"center center","background-size":"auto","background-attachment":"scroll","background-type":"","background-media":"","overlay-type":"","overlay-color":"","overlay-opacity":"","overlay-gradient":""}}},"product_brand":[],"product_cat":[196,15,144,145,195,146],"product_tag":[1956,1386,1954,1955,531,62,1193,267],"class_list":{"0":"post-16854","1":"product","2":"type-product","3":"status-publish","4":"has-post-thumbnail","6":"product_cat-actions","7":"product_cat-photo","8":"product_cat-photo-editor","9":"product_cat-photography","10":"product_cat-photoshop","11":"product_cat-photoshop-action","12":"product_tag-1956","13":"product_tag-adobe","14":"product_tag-architectum","15":"product_tag-architecture","16":"product_tag-cc","17":"product_tag-photoshop","18":"product_tag-plugin","19":"product_tag-sketch","20":"desktop-align-left","21":"tablet-align-left","22":"mobile-align-left","24":"first","25":"instock","26":"sale","27":"downloadable","28":"virtual","29":"taxable","30":"purchasable","31":"product-type-simple"},"yoast_head":"<!-- This site is optimized with the Yoast SEO plugin v27.3 - https:\/\/yoast.com\/product\/yoast-seo-wordpress\/ -->\n<title>Architecture Sketch - Architectum 3 - Photoshop Plugin - Graphimarket<\/title>\n<meta name=\"description\" content=\"Architecture Sketch - Architectum 3 - Photoshop PluginArchitectum 3 Plugin is new higher level of Architectum actions for...\" \/>\n<meta name=\"robots\" content=\"index, follow, max-snippet:-1, max-image-preview:large, max-video-preview:-1\" \/>\n<link rel=\"canonical\" href=\"https:\/\/graphimarket.com\/es\/product\/architecture-sketch-architectum-3-photoshop-plugin\/\" \/>\n<meta property=\"og:locale\" content=\"es_ES\" \/>\n<meta property=\"og:type\" content=\"article\" \/>\n<meta property=\"og:title\" content=\"Architecture Sketch - Architectum 3 - Photoshop Plugin - Graphimarket\" \/>\n<meta property=\"og:description\" content=\"Architecture Sketch - Architectum 3 - Photoshop PluginArchitectum 3 Plugin is new higher level of Architectum actions for...\" \/>\n<meta property=\"og:url\" content=\"https:\/\/graphimarket.com\/es\/product\/architecture-sketch-architectum-3-photoshop-plugin\/\" \/>\n<meta property=\"og:site_name\" content=\"Graphimarket\" \/>\n<meta property=\"article:modified_time\" content=\"2026-04-08T20:07:32+00:00\" \/>\n<meta property=\"og:image\" content=\"https:\/\/graphimarket.com\/wp-content\/uploads\/2021\/03\/architectum3_image_004.jpg\" \/>\n\t<meta property=\"og:image:width\" content=\"1200\" \/>\n\t<meta property=\"og:image:height\" content=\"1000\" \/>\n\t<meta property=\"og:image:type\" content=\"image\/jpeg\" \/>\n<meta name=\"twitter:card\" content=\"summary_large_image\" \/>\n<meta name=\"twitter:label1\" content=\"Est. reading time\" \/>\n\t<meta name=\"twitter:data1\" content=\"3 minutes\" \/>\n<script type=\"application\/ld+json\" class=\"yoast-schema-graph\">{\"@context\":\"https:\\\/\\\/schema.org\",\"@graph\":[{\"@type\":\"WebPage\",\"@id\":\"https:\\\/\\\/graphimarket.com\\\/product\\\/architecture-sketch-architectum-3-photoshop-plugin\\\/\",\"url\":\"https:\\\/\\\/graphimarket.com\\\/product\\\/architecture-sketch-architectum-3-photoshop-plugin\\\/\",\"name\":\"Architecture Sketch - Architectum 3 - Photoshop Plugin - Graphimarket\",\"isPartOf\":{\"@id\":\"https:\\\/\\\/graphimarket.com\\\/fr\\\/#website\"},\"primaryImageOfPage\":{\"@id\":\"https:\\\/\\\/graphimarket.com\\\/product\\\/architecture-sketch-architectum-3-photoshop-plugin\\\/#primaryimage\"},\"image\":{\"@id\":\"https:\\\/\\\/graphimarket.com\\\/product\\\/architecture-sketch-architectum-3-photoshop-plugin\\\/#primaryimage\"},\"thumbnailUrl\":\"https:\\\/\\\/graphimarket.com\\\/wp-content\\\/uploads\\\/2021\\\/03\\\/architectum3_image_004.jpg\",\"datePublished\":\"2021-03-31T14:51:11+00:00\",\"dateModified\":\"2026-04-08T20:07:32+00:00\",\"description\":\"Architecture Sketch - Architectum 3 - Photoshop PluginArchitectum 3 Plugin is new higher level of Architectum actions for...\",\"breadcrumb\":{\"@id\":\"https:\\\/\\\/graphimarket.com\\\/product\\\/architecture-sketch-architectum-3-photoshop-plugin\\\/#breadcrumb\"},\"inLanguage\":\"es-ES\",\"potentialAction\":[{\"@type\":\"ReadAction\",\"target\":[\"https:\\\/\\\/graphimarket.com\\\/product\\\/architecture-sketch-architectum-3-photoshop-plugin\\\/\"]}]},{\"@type\":\"ImageObject\",\"inLanguage\":\"es-ES\",\"@id\":\"https:\\\/\\\/graphimarket.com\\\/product\\\/architecture-sketch-architectum-3-photoshop-plugin\\\/#primaryimage\",\"url\":\"https:\\\/\\\/graphimarket.com\\\/wp-content\\\/uploads\\\/2021\\\/03\\\/architectum3_image_004.jpg\",\"contentUrl\":\"https:\\\/\\\/graphimarket.com\\\/wp-content\\\/uploads\\\/2021\\\/03\\\/architectum3_image_004.jpg\",\"width\":1200,\"height\":1000},{\"@type\":\"BreadcrumbList\",\"@id\":\"https:\\\/\\\/graphimarket.com\\\/product\\\/architecture-sketch-architectum-3-photoshop-plugin\\\/#breadcrumb\",\"itemListElement\":[{\"@type\":\"ListItem\",\"position\":1,\"name\":\"Home\",\"item\":\"https:\\\/\\\/graphimarket.com\\\/es\\\/\"},{\"@type\":\"ListItem\",\"position\":2,\"name\":\"Store\",\"item\":\"https:\\\/\\\/graphimarket.com\\\/store\\\/\"},{\"@type\":\"ListItem\",\"position\":3,\"name\":\"Architecture Sketch &#8211; Architectum 3 &#8211; Photoshop Plugin\"}]},{\"@type\":\"WebSite\",\"@id\":\"https:\\\/\\\/graphimarket.com\\\/fr\\\/#website\",\"url\":\"https:\\\/\\\/graphimarket.com\\\/fr\\\/\",\"name\":\"Graphimarket\",\"description\":\"Find the perfect creative asset to bring your project to life\",\"publisher\":{\"@id\":\"https:\\\/\\\/graphimarket.com\\\/fr\\\/#organization\"},\"potentialAction\":[{\"@type\":\"SearchAction\",\"target\":{\"@type\":\"EntryPoint\",\"urlTemplate\":\"https:\\\/\\\/graphimarket.com\\\/fr\\\/?s={search_term_string}\"},\"query-input\":{\"@type\":\"PropertyValueSpecification\",\"valueRequired\":true,\"valueName\":\"search_term_string\"}}],\"inLanguage\":\"es-ES\"},{\"@type\":\"Organization\",\"@id\":\"https:\\\/\\\/graphimarket.com\\\/fr\\\/#organization\",\"name\":\"Graphimarket\",\"url\":\"https:\\\/\\\/graphimarket.com\\\/fr\\\/\",\"logo\":{\"@type\":\"ImageObject\",\"inLanguage\":\"es-ES\",\"@id\":\"https:\\\/\\\/graphimarket.com\\\/fr\\\/#\\\/schema\\\/logo\\\/image\\\/\",\"url\":\"https:\\\/\\\/graphimarket.com\\\/wp-content\\\/uploads\\\/2020\\\/08\\\/logo-48.png\",\"contentUrl\":\"https:\\\/\\\/graphimarket.com\\\/wp-content\\\/uploads\\\/2020\\\/08\\\/logo-48.png\",\"width\":132,\"height\":48,\"caption\":\"Graphimarket\"},\"image\":{\"@id\":\"https:\\\/\\\/graphimarket.com\\\/fr\\\/#\\\/schema\\\/logo\\\/image\\\/\"}}]}<\/script>\n<!-- \/ Yoast SEO plugin. -->","yoast_head_json":{"title":"Bosquejo de arquitectura - Architectum 3 - Plugin de Photoshop - Graphimarket","description":"Architecture Sketch - Architectum 3 - Photoshop PluginArchitectum 3 Plugin es un nuevo nivel superior de acciones de Architectum para ...","robots":{"index":"index","follow":"follow","max-snippet":"max-snippet:-1","max-image-preview":"max-image-preview:large","max-video-preview":"max-video-preview:-1"},"canonical":"https:\/\/graphimarket.com\/es\/product\/architecture-sketch-architectum-3-photoshop-plugin\/","og_locale":"es_ES","og_type":"article","og_title":"Architecture Sketch - Architectum 3 - Photoshop Plugin - Graphimarket","og_description":"Architecture Sketch - Architectum 3 - Photoshop PluginArchitectum 3 Plugin is new higher level of Architectum actions for...","og_url":"https:\/\/graphimarket.com\/es\/product\/architecture-sketch-architectum-3-photoshop-plugin\/","og_site_name":"Graphimarket","article_modified_time":"2026-04-08T20:07:32+00:00","og_image":[{"width":1200,"height":1000,"url":"https:\/\/graphimarket.com\/wp-content\/uploads\/2021\/03\/architectum3_image_004.jpg","type":"image\/jpeg"}],"twitter_card":"summary_large_image","twitter_misc":{"Est. reading time":"3 minutes"},"schema":{"@context":"https:\/\/schema.org","@graph":[{"@type":"WebPage","@id":"https:\/\/graphimarket.com\/product\/architecture-sketch-architectum-3-photoshop-plugin\/","url":"https:\/\/graphimarket.com\/product\/architecture-sketch-architectum-3-photoshop-plugin\/","name":"Bosquejo de arquitectura - Architectum 3 - Plugin de Photoshop - Graphimarket","isPartOf":{"@id":"https:\/\/graphimarket.com\/fr\/#website"},"primaryImageOfPage":{"@id":"https:\/\/graphimarket.com\/product\/architecture-sketch-architectum-3-photoshop-plugin\/#primaryimage"},"image":{"@id":"https:\/\/graphimarket.com\/product\/architecture-sketch-architectum-3-photoshop-plugin\/#primaryimage"},"thumbnailUrl":"https:\/\/graphimarket.com\/wp-content\/uploads\/2021\/03\/architectum3_image_004.jpg","datePublished":"2021-03-31T14:51:11+00:00","dateModified":"2026-04-08T20:07:32+00:00","description":"Architecture Sketch - Architectum 3 - Photoshop PluginArchitectum 3 Plugin es un nuevo nivel superior de acciones de Architectum para ...","breadcrumb":{"@id":"https:\/\/graphimarket.com\/product\/architecture-sketch-architectum-3-photoshop-plugin\/#breadcrumb"},"inLanguage":"es-ES","potentialAction":[{"@type":"ReadAction","target":["https:\/\/graphimarket.com\/product\/architecture-sketch-architectum-3-photoshop-plugin\/"]}]},{"@type":"ImageObject","inLanguage":"es-ES","@id":"https:\/\/graphimarket.com\/product\/architecture-sketch-architectum-3-photoshop-plugin\/#primaryimage","url":"https:\/\/graphimarket.com\/wp-content\/uploads\/2021\/03\/architectum3_image_004.jpg","contentUrl":"https:\/\/graphimarket.com\/wp-content\/uploads\/2021\/03\/architectum3_image_004.jpg","width":1200,"height":1000},{"@type":"BreadcrumbList","@id":"https:\/\/graphimarket.com\/product\/architecture-sketch-architectum-3-photoshop-plugin\/#breadcrumb","itemListElement":[{"@type":"ListItem","position":1,"name":"Home","item":"https:\/\/graphimarket.com\/es\/"},{"@type":"ListItem","position":2,"name":"Store","item":"https:\/\/graphimarket.com\/store\/"},{"@type":"ListItem","position":3,"name":"Architecture Sketch &#8211; Architectum 3 &#8211; Photoshop Plugin"}]},{"@type":"WebSite","@id":"https:\/\/graphimarket.com\/fr\/#website","url":"https:\/\/graphimarket.com\/fr\/","name":"Graphimarket","description":"Encuentre el activo creativo perfecto para darle vida a su proyecto","publisher":{"@id":"https:\/\/graphimarket.com\/fr\/#organization"},"potentialAction":[{"@type":"SearchAction","target":{"@type":"EntryPoint","urlTemplate":"https:\/\/graphimarket.com\/fr\/?s={search_term_string}"},"query-input":{"@type":"PropertyValueSpecification","valueRequired":true,"valueName":"search_term_string"}}],"inLanguage":"es-ES"},{"@type":"Organization","@id":"https:\/\/graphimarket.com\/fr\/#organization","name":"Graphimarket","url":"https:\/\/graphimarket.com\/fr\/","logo":{"@type":"ImageObject","inLanguage":"es-ES","@id":"https:\/\/graphimarket.com\/fr\/#\/schema\/logo\/image\/","url":"https:\/\/graphimarket.com\/wp-content\/uploads\/2020\/08\/logo-48.png","contentUrl":"https:\/\/graphimarket.com\/wp-content\/uploads\/2020\/08\/logo-48.png","width":132,"height":48,"caption":"Graphimarket"},"image":{"@id":"https:\/\/graphimarket.com\/fr\/#\/schema\/logo\/image\/"}}]}},"_links":{"self":[{"href":"https:\/\/graphimarket.com\/es\/wp-json\/wp\/v2\/product\/16854","targetHints":{"allow":["GET"]}}],"collection":[{"href":"https:\/\/graphimarket.com\/es\/wp-json\/wp\/v2\/product"}],"about":[{"href":"https:\/\/graphimarket.com\/es\/wp-json\/wp\/v2\/types\/product"}],"replies":[{"embeddable":true,"href":"https:\/\/graphimarket.com\/es\/wp-json\/wp\/v2\/comments?post=16854"}],"version-history":[{"count":1,"href":"https:\/\/graphimarket.com\/es\/wp-json\/wp\/v2\/product\/16854\/revisions"}],"predecessor-version":[{"id":21102,"href":"https:\/\/graphimarket.com\/es\/wp-json\/wp\/v2\/product\/16854\/revisions\/21102"}],"wp:featuredmedia":[{"embeddable":true,"href":"https:\/\/graphimarket.com\/es\/wp-json\/wp\/v2\/media\/16855"}],"wp:attachment":[{"href":"https:\/\/graphimarket.com\/es\/wp-json\/wp\/v2\/media?parent=16854"}],"wp:term":[{"taxonomy":"product_brand","embeddable":true,"href":"https:\/\/graphimarket.com\/es\/wp-json\/wp\/v2\/product_brand?post=16854"},{"taxonomy":"product_cat","embeddable":true,"href":"https:\/\/graphimarket.com\/es\/wp-json\/wp\/v2\/product_cat?post=16854"},{"taxonomy":"product_tag","embeddable":true,"href":"https:\/\/graphimarket.com\/es\/wp-json\/wp\/v2\/product_tag?post=16854"}],"curies":[{"name":"wp","href":"https:\/\/api.w.org\/{rel}","templated":true}]}}