{"id":17872,"date":"2021-08-09T11:00:44","date_gmt":"2021-08-09T09:00:44","guid":{"rendered":"https:\/\/graphimarket.com\/?post_type=product&#038;p=17872"},"modified":"2024-05-04T23:35:16","modified_gmt":"2024-05-04T21:35:16","slug":"vintage-travel-poster-photoshop-action","status":"publish","type":"product","link":"https:\/\/graphimarket.com\/es\/product\/vintage-travel-poster-photoshop-action\/","title":{"rendered":"Acci\u00f3n de Photoshop de cartel de viaje vintage"},"content":{"rendered":"<h2 id=\"item-description__vintage-travel-poster-photoshop-action\">Acci\u00f3n de Photoshop de cartel de viaje vintage<\/h2>\n<p><strong>Acci\u00f3n de Photoshop de cartel de viaje vintage<\/strong>\u00a0convierte tus fotos en\u00a0<strong>viajes cl\u00e1sicos p\u00f3sters<\/strong>. el guion es\u00a0<strong>inteligentemente elaborado<\/strong>\u00a0para brindar una mejor experiencia al usuario final. Simplemente puede ejecutarlo en cualquiera de sus im\u00e1genes y la acci\u00f3n har\u00e1 el resto. Solo necesitar\u00edas\u00a0<strong>Photoshop (CS5 o m\u00e1s reciente)<\/strong>\u00a0y ninguna habilidad avanzada. Ahora, cualquiera puede realmente\u00a0<strong>ser un artista<\/strong>!<\/p>\n<p>El efecto funciona mejor en:\u00a0<strong>paisajes urbanos, fotos de calles, arquitecturas, edificios, paisajes<\/strong>\u00a0- Vintage Travel Poster Photoshop Action te ha cubierto desde todos los \u00e1ngulos. Adem\u00e1s, esta acci\u00f3n se ejecuta en\u00a0<strong>cualquier idioma de Photoshop<\/strong>.<\/p>\n<p>Despu\u00e9s de ejecutar la acci\u00f3n, tiene la opci\u00f3n de\u00a0<strong>personalizar los distintos elementos<\/strong>\u00a0generado y modif\u00edquelo a su gusto! Puede modificar diferentes elementos de arte generados:\u00a0<strong>varios niveles de elementos art\u00edsticos, texturas vintage, marco abstracto, aut\u00e9nticos efectos de color vintage y mucho m\u00e1s<\/strong>.<\/p>\n<p>\u00bfQu\u00e9 es m\u00e1s divertido? El paquete tambi\u00e9n contiene\u00a0<strong>2 plantillas de maquetas de marcos premium<\/strong>. Adem\u00e1s, puedes comercializar el producto final del efecto. Lo que eso significa: aunque no se le permite modificar y vender la acci\u00f3n en s\u00ed, puede vender los efectos finales de las im\u00e1genes en las que aplica el efecto.<\/p>\n<ul>\n<li>Convierte tus fotos en carteles de viajes vintage realistas.<\/li>\n<li>Funciona con la versi\u00f3n CS5 de Photoshop y posteriores<\/li>\n<li>Funciona con cualquier idioma de Photoshop<\/li>\n<li>Simplemente cargue los activos, abra una imagen y ejecute la acci\u00f3n<\/li>\n<li>No se requiere habilidad avanzada<\/li>\n<li>Opciones ilimitadas para personalizar<\/li>\n<li>10 aut\u00e9nticos efectos de color vintage incluidos<\/li>\n<li>10 tonos de color vintage incluidos<\/li>\n<li>2 plantillas de maquetas de marcos premium incluidas<\/li>\n<li>Modifica la configuraci\u00f3n para que coincida con tu estilo<\/li>\n<\/ul>\n<p><strong>Mezcle diferentes estilos para crear su propia composici\u00f3n impresionante.<\/strong>\u00a0Consulte la gu\u00eda de video sobre c\u00f3mo cargar la acci\u00f3n y personalizar los efectos.<\/p>\n<p><strong>Probado y asegurado<\/strong>\u00a0Esta acci\u00f3n ha sido probada y funciona en Photoshop.\u00a0<strong>CS5, CS6, CC 2014, CC 2015, CC 2015.5, CC 2017, CC 2018, CC 2019, CC 2020, CC 2021+<\/strong>\u00a0Probado con m\u00e1s de 50 im\u00e1genes para asegurar la integridad de la acci\u00f3n.<\/p>\n<p><strong>Tama\u00f1o recomendado<\/strong>\u00a0La acci\u00f3n funciona mejor con im\u00e1genes que tienen un tama\u00f1o aproximado\u00a0<strong>1500px \u2013 4000px alto\/ancho y resoluci\u00f3n de 72\/300 dpi<\/strong>. El uso de im\u00e1genes de menor resoluci\u00f3n dar\u00e1 como resultado menores detalles y claridad de la composici\u00f3n final.<br \/>\nSi tiene una imagen de menor resoluci\u00f3n, vaya a \u201cImagen\u201d -&gt; \u201cTama\u00f1o de imagen\u2026\u201d y c\u00e1mbiela a las dimensiones especificadas. El uso siempre puede cambiar el tama\u00f1o a su dimensi\u00f3n original despu\u00e9s de que se haya aplicado el efecto.<\/p>\n<p><img fetchpriority=\"high\" decoding=\"async\" class=\"alignnone size-full wp-image-17873\" src=\"https:\/\/graphimarket.com\/wp-content\/uploads\/2021\/08\/vintage-travel-poster-03.jpg\" alt=\"\" width=\"1500\" height=\"2121\" srcset=\"https:\/\/graphimarket.com\/wp-content\/uploads\/2021\/08\/vintage-travel-poster-03.jpg 1500w, https:\/\/graphimarket.com\/wp-content\/uploads\/2021\/08\/vintage-travel-poster-03-212x300.jpg 212w, https:\/\/graphimarket.com\/wp-content\/uploads\/2021\/08\/vintage-travel-poster-03-724x1024.jpg 724w, https:\/\/graphimarket.com\/wp-content\/uploads\/2021\/08\/vintage-travel-poster-03-768x1086.jpg 768w, https:\/\/graphimarket.com\/wp-content\/uploads\/2021\/08\/vintage-travel-poster-03-1086x1536.jpg 1086w, https:\/\/graphimarket.com\/wp-content\/uploads\/2021\/08\/vintage-travel-poster-03-1448x2048.jpg 1448w, https:\/\/graphimarket.com\/wp-content\/uploads\/2021\/08\/vintage-travel-poster-03-8x12.jpg 8w, https:\/\/graphimarket.com\/wp-content\/uploads\/2021\/08\/vintage-travel-poster-03-1320x1866.jpg 1320w, https:\/\/graphimarket.com\/wp-content\/uploads\/2021\/08\/vintage-travel-poster-03-600x848.jpg 600w\" sizes=\"(max-width: 1500px) 100vw, 1500px\" \/> <img decoding=\"async\" class=\"alignnone size-full wp-image-17874\" src=\"https:\/\/graphimarket.com\/wp-content\/uploads\/2021\/08\/vintage-travel-poster-04.jpg\" alt=\"\" width=\"1500\" height=\"2121\" srcset=\"https:\/\/graphimarket.com\/wp-content\/uploads\/2021\/08\/vintage-travel-poster-04.jpg 1500w, https:\/\/graphimarket.com\/wp-content\/uploads\/2021\/08\/vintage-travel-poster-04-212x300.jpg 212w, https:\/\/graphimarket.com\/wp-content\/uploads\/2021\/08\/vintage-travel-poster-04-724x1024.jpg 724w, https:\/\/graphimarket.com\/wp-content\/uploads\/2021\/08\/vintage-travel-poster-04-768x1086.jpg 768w, https:\/\/graphimarket.com\/wp-content\/uploads\/2021\/08\/vintage-travel-poster-04-1086x1536.jpg 1086w, https:\/\/graphimarket.com\/wp-content\/uploads\/2021\/08\/vintage-travel-poster-04-1448x2048.jpg 1448w, https:\/\/graphimarket.com\/wp-content\/uploads\/2021\/08\/vintage-travel-poster-04-8x12.jpg 8w, https:\/\/graphimarket.com\/wp-content\/uploads\/2021\/08\/vintage-travel-poster-04-1320x1866.jpg 1320w, https:\/\/graphimarket.com\/wp-content\/uploads\/2021\/08\/vintage-travel-poster-04-600x848.jpg 600w\" sizes=\"(max-width: 1500px) 100vw, 1500px\" \/> <img decoding=\"async\" class=\"alignnone size-full wp-image-17875\" src=\"https:\/\/graphimarket.com\/wp-content\/uploads\/2021\/08\/vintage-travel-poster-06-scaled.jpg\" alt=\"\" width=\"1440\" height=\"2560\" srcset=\"https:\/\/graphimarket.com\/wp-content\/uploads\/2021\/08\/vintage-travel-poster-06-scaled.jpg 1440w, https:\/\/graphimarket.com\/wp-content\/uploads\/2021\/08\/vintage-travel-poster-06-169x300.jpg 169w, https:\/\/graphimarket.com\/wp-content\/uploads\/2021\/08\/vintage-travel-poster-06-576x1024.jpg 576w, https:\/\/graphimarket.com\/wp-content\/uploads\/2021\/08\/vintage-travel-poster-06-768x1365.jpg 768w, https:\/\/graphimarket.com\/wp-content\/uploads\/2021\/08\/vintage-travel-poster-06-864x1536.jpg 864w, https:\/\/graphimarket.com\/wp-content\/uploads\/2021\/08\/vintage-travel-poster-06-1152x2048.jpg 1152w, https:\/\/graphimarket.com\/wp-content\/uploads\/2021\/08\/vintage-travel-poster-06-7x12.jpg 7w, https:\/\/graphimarket.com\/wp-content\/uploads\/2021\/08\/vintage-travel-poster-06-1320x2346.jpg 1320w, https:\/\/graphimarket.com\/wp-content\/uploads\/2021\/08\/vintage-travel-poster-06-600x1066.jpg 600w\" sizes=\"(max-width: 1440px) 100vw, 1440px\" \/> <img loading=\"lazy\" decoding=\"async\" class=\"alignnone size-full wp-image-17876\" src=\"https:\/\/graphimarket.com\/wp-content\/uploads\/2021\/08\/vintage-travel-poster-11.jpg\" alt=\"\" width=\"1500\" height=\"1000\" srcset=\"https:\/\/graphimarket.com\/wp-content\/uploads\/2021\/08\/vintage-travel-poster-11.jpg 1500w, https:\/\/graphimarket.com\/wp-content\/uploads\/2021\/08\/vintage-travel-poster-11-300x200.jpg 300w, https:\/\/graphimarket.com\/wp-content\/uploads\/2021\/08\/vintage-travel-poster-11-1024x683.jpg 1024w, https:\/\/graphimarket.com\/wp-content\/uploads\/2021\/08\/vintage-travel-poster-11-768x512.jpg 768w, https:\/\/graphimarket.com\/wp-content\/uploads\/2021\/08\/vintage-travel-poster-11-16x12.jpg 16w, https:\/\/graphimarket.com\/wp-content\/uploads\/2021\/08\/vintage-travel-poster-11-1320x880.jpg 1320w, https:\/\/graphimarket.com\/wp-content\/uploads\/2021\/08\/vintage-travel-poster-11-600x400.jpg 600w\" sizes=\"(max-width: 1500px) 100vw, 1500px\" \/> <img loading=\"lazy\" decoding=\"async\" class=\"alignnone size-full wp-image-17877\" src=\"https:\/\/graphimarket.com\/wp-content\/uploads\/2021\/08\/vintage-travel-poster-13.jpg\" alt=\"\" width=\"1500\" height=\"1019\" srcset=\"https:\/\/graphimarket.com\/wp-content\/uploads\/2021\/08\/vintage-travel-poster-13.jpg 1500w, https:\/\/graphimarket.com\/wp-content\/uploads\/2021\/08\/vintage-travel-poster-13-300x204.jpg 300w, https:\/\/graphimarket.com\/wp-content\/uploads\/2021\/08\/vintage-travel-poster-13-1024x696.jpg 1024w, https:\/\/graphimarket.com\/wp-content\/uploads\/2021\/08\/vintage-travel-poster-13-768x522.jpg 768w, https:\/\/graphimarket.com\/wp-content\/uploads\/2021\/08\/vintage-travel-poster-13-16x12.jpg 16w, https:\/\/graphimarket.com\/wp-content\/uploads\/2021\/08\/vintage-travel-poster-13-1320x897.jpg 1320w, https:\/\/graphimarket.com\/wp-content\/uploads\/2021\/08\/vintage-travel-poster-13-600x408.jpg 600w\" sizes=\"(max-width: 1500px) 100vw, 1500px\" \/> <img loading=\"lazy\" decoding=\"async\" class=\"alignnone size-full wp-image-17878\" src=\"https:\/\/graphimarket.com\/wp-content\/uploads\/2021\/08\/vintage-travel-poster-01.jpg\" alt=\"\" width=\"1500\" height=\"2144\" srcset=\"https:\/\/graphimarket.com\/wp-content\/uploads\/2021\/08\/vintage-travel-poster-01.jpg 1500w, https:\/\/graphimarket.com\/wp-content\/uploads\/2021\/08\/vintage-travel-poster-01-210x300.jpg 210w, https:\/\/graphimarket.com\/wp-content\/uploads\/2021\/08\/vintage-travel-poster-01-716x1024.jpg 716w, https:\/\/graphimarket.com\/wp-content\/uploads\/2021\/08\/vintage-travel-poster-01-768x1098.jpg 768w, https:\/\/graphimarket.com\/wp-content\/uploads\/2021\/08\/vintage-travel-poster-01-1075x1536.jpg 1075w, https:\/\/graphimarket.com\/wp-content\/uploads\/2021\/08\/vintage-travel-poster-01-1433x2048.jpg 1433w, https:\/\/graphimarket.com\/wp-content\/uploads\/2021\/08\/vintage-travel-poster-01-8x12.jpg 8w, https:\/\/graphimarket.com\/wp-content\/uploads\/2021\/08\/vintage-travel-poster-01-1320x1887.jpg 1320w, https:\/\/graphimarket.com\/wp-content\/uploads\/2021\/08\/vintage-travel-poster-01-600x858.jpg 600w\" sizes=\"(max-width: 1500px) 100vw, 1500px\" \/> <img loading=\"lazy\" decoding=\"async\" class=\"alignnone size-full wp-image-17879\" src=\"https:\/\/graphimarket.com\/wp-content\/uploads\/2021\/08\/vintage-travel-poster-02.jpg\" alt=\"\" width=\"1500\" height=\"2121\" srcset=\"https:\/\/graphimarket.com\/wp-content\/uploads\/2021\/08\/vintage-travel-poster-02.jpg 1500w, https:\/\/graphimarket.com\/wp-content\/uploads\/2021\/08\/vintage-travel-poster-02-212x300.jpg 212w, https:\/\/graphimarket.com\/wp-content\/uploads\/2021\/08\/vintage-travel-poster-02-724x1024.jpg 724w, https:\/\/graphimarket.com\/wp-content\/uploads\/2021\/08\/vintage-travel-poster-02-768x1086.jpg 768w, https:\/\/graphimarket.com\/wp-content\/uploads\/2021\/08\/vintage-travel-poster-02-1086x1536.jpg 1086w, https:\/\/graphimarket.com\/wp-content\/uploads\/2021\/08\/vintage-travel-poster-02-1448x2048.jpg 1448w, https:\/\/graphimarket.com\/wp-content\/uploads\/2021\/08\/vintage-travel-poster-02-8x12.jpg 8w, https:\/\/graphimarket.com\/wp-content\/uploads\/2021\/08\/vintage-travel-poster-02-1320x1866.jpg 1320w, https:\/\/graphimarket.com\/wp-content\/uploads\/2021\/08\/vintage-travel-poster-02-600x848.jpg 600w\" sizes=\"(max-width: 1500px) 100vw, 1500px\" \/><\/p>","protected":false},"excerpt":{"rendered":"<p>Vintage Travel Poster Photoshop Action Vintage Travel Poster Photoshop Action\u00a0turns your photos into\u00a0classic travel posters. The script is\u00a0intelligently crafted\u00a0to give a better end-user experience. You can simply run it\u00a0on any of your images and the action will do the rest. You would just need\u00a0Photoshop\u00a0(CS5 or newer)\u00a0and no advanced skill. Now, anyone can truly\u00a0be an artist! [&hellip;]<\/p>\n","protected":false},"featured_media":17878,"comment_status":"open","ping_status":"closed","template":"","meta":{"site-sidebar-layout":"default","site-content-layout":"default","ast-site-content-layout":"default","site-content-style":"default","site-sidebar-style":"default","ast-global-header-display":"","ast-banner-title-visibility":"","ast-main-header-display":"","ast-hfb-above-header-display":"","ast-hfb-below-header-display":"","ast-hfb-mobile-header-display":"","site-post-title":"","ast-breadcrumbs-content":"","ast-featured-img":"","footer-sml-layout":"","ast-disable-related-posts":"","theme-transparent-header-meta":"default","adv-header-id-meta":"","stick-header-meta":"","header-above-stick-meta":"","header-main-stick-meta":"","header-below-stick-meta":"","astra-migrate-meta-layouts":"default","ast-page-background-enabled":"default","ast-page-background-meta":{"desktop":{"background-color":"","background-image":"","background-repeat":"repeat","background-position":"center center","background-size":"auto","background-attachment":"scroll","background-type":"","background-media":"","overlay-type":"","overlay-color":"","overlay-opacity":"","overlay-gradient":""},"tablet":{"background-color":"","background-image":"","background-repeat":"repeat","background-position":"center center","background-size":"auto","background-attachment":"scroll","background-type":"","background-media":"","overlay-type":"","overlay-color":"","overlay-opacity":"","overlay-gradient":""},"mobile":{"background-color":"","background-image":"","background-repeat":"repeat","background-position":"center center","background-size":"auto","background-attachment":"scroll","background-type":"","background-media":"","overlay-type":"","overlay-color":"","overlay-opacity":"","overlay-gradient":""}},"ast-content-background-meta":{"desktop":{"background-color":"var(--ast-global-color-5)","background-image":"","background-repeat":"repeat","background-position":"center center","background-size":"auto","background-attachment":"scroll","background-type":"","background-media":"","overlay-type":"","overlay-color":"","overlay-opacity":"","overlay-gradient":""},"tablet":{"background-color":"var(--ast-global-color-5)","background-image":"","background-repeat":"repeat","background-position":"center center","background-size":"auto","background-attachment":"scroll","background-type":"","background-media":"","overlay-type":"","overlay-color":"","overlay-opacity":"","overlay-gradient":""},"mobile":{"background-color":"var(--ast-global-color-5)","background-image":"","background-repeat":"repeat","background-position":"center center","background-size":"auto","background-attachment":"scroll","background-type":"","background-media":"","overlay-type":"","overlay-color":"","overlay-opacity":"","overlay-gradient":""}}},"product_brand":[],"product_cat":[196,97,15,144,145,195,146],"product_tag":[292,62,584,1351,276],"class_list":{"0":"post-17872","1":"product","2":"type-product","3":"status-publish","4":"has-post-thumbnail","6":"product_cat-actions","7":"product_cat-addons","8":"product_cat-photo","9":"product_cat-photo-editor","10":"product_cat-photography","11":"product_cat-photoshop","12":"product_cat-photoshop-action","13":"product_tag-action","14":"product_tag-photoshop","15":"product_tag-poster","16":"product_tag-travel","17":"product_tag-vintage","18":"desktop-align-left","19":"tablet-align-left","20":"mobile-align-left","22":"first","23":"instock","24":"sale","25":"downloadable","26":"virtual","27":"taxable","28":"purchasable","29":"product-type-simple"},"yoast_head":"<!-- This site is optimized with the Yoast SEO plugin v27.3 - https:\/\/yoast.com\/product\/yoast-seo-wordpress\/ -->\n<title>Vintage Travel Poster Photoshop Action - Graphimarket<\/title>\n<meta name=\"description\" content=\"Vintage Travel Poster Photoshop Action\u00a0turns your photos into\u00a0classic travel posters.The script is\u00a0intelligently crafted...\" \/>\n<meta name=\"robots\" content=\"index, follow, max-snippet:-1, max-image-preview:large, max-video-preview:-1\" \/>\n<link rel=\"canonical\" href=\"https:\/\/graphimarket.com\/es\/product\/vintage-travel-poster-photoshop-action\/\" \/>\n<meta property=\"og:locale\" content=\"es_ES\" \/>\n<meta property=\"og:type\" content=\"article\" \/>\n<meta property=\"og:title\" content=\"Vintage Travel Poster Photoshop Action - Graphimarket\" \/>\n<meta property=\"og:description\" content=\"Vintage Travel Poster Photoshop Action\u00a0turns your photos into\u00a0classic travel posters.The script is\u00a0intelligently crafted...\" \/>\n<meta property=\"og:url\" content=\"https:\/\/graphimarket.com\/es\/product\/vintage-travel-poster-photoshop-action\/\" \/>\n<meta property=\"og:site_name\" content=\"Graphimarket\" \/>\n<meta property=\"article:modified_time\" content=\"2024-05-04T21:35:16+00:00\" \/>\n<meta property=\"og:image\" content=\"https:\/\/graphimarket.com\/wp-content\/uploads\/2021\/08\/vintage-travel-poster-01-716x1024.jpg\" \/>\n\t<meta property=\"og:image:width\" content=\"716\" \/>\n\t<meta property=\"og:image:height\" content=\"1024\" \/>\n\t<meta property=\"og:image:type\" content=\"image\/jpeg\" \/>\n<meta name=\"twitter:card\" content=\"summary_large_image\" \/>\n<meta name=\"twitter:label1\" content=\"Est. reading time\" \/>\n\t<meta name=\"twitter:data1\" content=\"2 minutes\" \/>\n<script type=\"application\/ld+json\" class=\"yoast-schema-graph\">{\"@context\":\"https:\\\/\\\/schema.org\",\"@graph\":[{\"@type\":\"WebPage\",\"@id\":\"https:\\\/\\\/graphimarket.com\\\/product\\\/vintage-travel-poster-photoshop-action\\\/\",\"url\":\"https:\\\/\\\/graphimarket.com\\\/product\\\/vintage-travel-poster-photoshop-action\\\/\",\"name\":\"Vintage Travel Poster Photoshop Action - Graphimarket\",\"isPartOf\":{\"@id\":\"https:\\\/\\\/graphimarket.com\\\/fr\\\/#website\"},\"primaryImageOfPage\":{\"@id\":\"https:\\\/\\\/graphimarket.com\\\/product\\\/vintage-travel-poster-photoshop-action\\\/#primaryimage\"},\"image\":{\"@id\":\"https:\\\/\\\/graphimarket.com\\\/product\\\/vintage-travel-poster-photoshop-action\\\/#primaryimage\"},\"thumbnailUrl\":\"https:\\\/\\\/graphimarket.com\\\/wp-content\\\/uploads\\\/2021\\\/08\\\/vintage-travel-poster-01.jpg\",\"datePublished\":\"2021-08-09T09:00:44+00:00\",\"dateModified\":\"2024-05-04T21:35:16+00:00\",\"description\":\"Vintage Travel Poster Photoshop Action\u00a0turns your photos into\u00a0classic travel posters.The script is\u00a0intelligently crafted...\",\"breadcrumb\":{\"@id\":\"https:\\\/\\\/graphimarket.com\\\/product\\\/vintage-travel-poster-photoshop-action\\\/#breadcrumb\"},\"inLanguage\":\"es-ES\",\"potentialAction\":[{\"@type\":\"ReadAction\",\"target\":[\"https:\\\/\\\/graphimarket.com\\\/product\\\/vintage-travel-poster-photoshop-action\\\/\"]}]},{\"@type\":\"ImageObject\",\"inLanguage\":\"es-ES\",\"@id\":\"https:\\\/\\\/graphimarket.com\\\/product\\\/vintage-travel-poster-photoshop-action\\\/#primaryimage\",\"url\":\"https:\\\/\\\/graphimarket.com\\\/wp-content\\\/uploads\\\/2021\\\/08\\\/vintage-travel-poster-01.jpg\",\"contentUrl\":\"https:\\\/\\\/graphimarket.com\\\/wp-content\\\/uploads\\\/2021\\\/08\\\/vintage-travel-poster-01.jpg\",\"width\":1500,\"height\":2144},{\"@type\":\"BreadcrumbList\",\"@id\":\"https:\\\/\\\/graphimarket.com\\\/product\\\/vintage-travel-poster-photoshop-action\\\/#breadcrumb\",\"itemListElement\":[{\"@type\":\"ListItem\",\"position\":1,\"name\":\"Home\",\"item\":\"https:\\\/\\\/graphimarket.com\\\/es\\\/\"},{\"@type\":\"ListItem\",\"position\":2,\"name\":\"Store\",\"item\":\"https:\\\/\\\/graphimarket.com\\\/store\\\/\"},{\"@type\":\"ListItem\",\"position\":3,\"name\":\"Vintage Travel Poster Photoshop Action\"}]},{\"@type\":\"WebSite\",\"@id\":\"https:\\\/\\\/graphimarket.com\\\/fr\\\/#website\",\"url\":\"https:\\\/\\\/graphimarket.com\\\/fr\\\/\",\"name\":\"Graphimarket\",\"description\":\"Find the perfect creative asset to bring your project to life\",\"publisher\":{\"@id\":\"https:\\\/\\\/graphimarket.com\\\/fr\\\/#organization\"},\"potentialAction\":[{\"@type\":\"SearchAction\",\"target\":{\"@type\":\"EntryPoint\",\"urlTemplate\":\"https:\\\/\\\/graphimarket.com\\\/fr\\\/?s={search_term_string}\"},\"query-input\":{\"@type\":\"PropertyValueSpecification\",\"valueRequired\":true,\"valueName\":\"search_term_string\"}}],\"inLanguage\":\"es-ES\"},{\"@type\":\"Organization\",\"@id\":\"https:\\\/\\\/graphimarket.com\\\/fr\\\/#organization\",\"name\":\"Graphimarket\",\"url\":\"https:\\\/\\\/graphimarket.com\\\/fr\\\/\",\"logo\":{\"@type\":\"ImageObject\",\"inLanguage\":\"es-ES\",\"@id\":\"https:\\\/\\\/graphimarket.com\\\/fr\\\/#\\\/schema\\\/logo\\\/image\\\/\",\"url\":\"https:\\\/\\\/graphimarket.com\\\/wp-content\\\/uploads\\\/2020\\\/08\\\/logo-48.png\",\"contentUrl\":\"https:\\\/\\\/graphimarket.com\\\/wp-content\\\/uploads\\\/2020\\\/08\\\/logo-48.png\",\"width\":132,\"height\":48,\"caption\":\"Graphimarket\"},\"image\":{\"@id\":\"https:\\\/\\\/graphimarket.com\\\/fr\\\/#\\\/schema\\\/logo\\\/image\\\/\"}}]}<\/script>\n<!-- \/ Yoast SEO plugin. -->","yoast_head_json":{"title":"Vintage Travel Poster Photoshop Action - Graphimarket","description":"Vintage Travel Poster Photoshop Action\u00a0turns your photos into\u00a0classic travel posters.The script is\u00a0intelligently crafted...","robots":{"index":"index","follow":"follow","max-snippet":"max-snippet:-1","max-image-preview":"max-image-preview:large","max-video-preview":"max-video-preview:-1"},"canonical":"https:\/\/graphimarket.com\/es\/product\/vintage-travel-poster-photoshop-action\/","og_locale":"es_ES","og_type":"article","og_title":"Vintage Travel Poster Photoshop Action - Graphimarket","og_description":"Vintage Travel Poster Photoshop Action\u00a0turns your photos into\u00a0classic travel posters.The script is\u00a0intelligently crafted...","og_url":"https:\/\/graphimarket.com\/es\/product\/vintage-travel-poster-photoshop-action\/","og_site_name":"Graphimarket","article_modified_time":"2024-05-04T21:35:16+00:00","og_image":[{"width":716,"height":1024,"url":"https:\/\/graphimarket.com\/wp-content\/uploads\/2021\/08\/vintage-travel-poster-01-716x1024.jpg","type":"image\/jpeg"}],"twitter_card":"summary_large_image","twitter_misc":{"Est. reading time":"2 minutes"},"schema":{"@context":"https:\/\/schema.org","@graph":[{"@type":"WebPage","@id":"https:\/\/graphimarket.com\/product\/vintage-travel-poster-photoshop-action\/","url":"https:\/\/graphimarket.com\/product\/vintage-travel-poster-photoshop-action\/","name":"Vintage Travel Poster Photoshop Action - Graphimarket","isPartOf":{"@id":"https:\/\/graphimarket.com\/fr\/#website"},"primaryImageOfPage":{"@id":"https:\/\/graphimarket.com\/product\/vintage-travel-poster-photoshop-action\/#primaryimage"},"image":{"@id":"https:\/\/graphimarket.com\/product\/vintage-travel-poster-photoshop-action\/#primaryimage"},"thumbnailUrl":"https:\/\/graphimarket.com\/wp-content\/uploads\/2021\/08\/vintage-travel-poster-01.jpg","datePublished":"2021-08-09T09:00:44+00:00","dateModified":"2024-05-04T21:35:16+00:00","description":"Vintage Travel Poster Photoshop Action\u00a0turns your photos into\u00a0classic travel posters.The script is\u00a0intelligently crafted...","breadcrumb":{"@id":"https:\/\/graphimarket.com\/product\/vintage-travel-poster-photoshop-action\/#breadcrumb"},"inLanguage":"es-ES","potentialAction":[{"@type":"ReadAction","target":["https:\/\/graphimarket.com\/product\/vintage-travel-poster-photoshop-action\/"]}]},{"@type":"ImageObject","inLanguage":"es-ES","@id":"https:\/\/graphimarket.com\/product\/vintage-travel-poster-photoshop-action\/#primaryimage","url":"https:\/\/graphimarket.com\/wp-content\/uploads\/2021\/08\/vintage-travel-poster-01.jpg","contentUrl":"https:\/\/graphimarket.com\/wp-content\/uploads\/2021\/08\/vintage-travel-poster-01.jpg","width":1500,"height":2144},{"@type":"BreadcrumbList","@id":"https:\/\/graphimarket.com\/product\/vintage-travel-poster-photoshop-action\/#breadcrumb","itemListElement":[{"@type":"ListItem","position":1,"name":"Home","item":"https:\/\/graphimarket.com\/es\/"},{"@type":"ListItem","position":2,"name":"Store","item":"https:\/\/graphimarket.com\/store\/"},{"@type":"ListItem","position":3,"name":"Vintage Travel Poster Photoshop Action"}]},{"@type":"WebSite","@id":"https:\/\/graphimarket.com\/fr\/#website","url":"https:\/\/graphimarket.com\/fr\/","name":"Graphimarket","description":"Encuentre el activo creativo perfecto para darle vida a su proyecto","publisher":{"@id":"https:\/\/graphimarket.com\/fr\/#organization"},"potentialAction":[{"@type":"SearchAction","target":{"@type":"EntryPoint","urlTemplate":"https:\/\/graphimarket.com\/fr\/?s={search_term_string}"},"query-input":{"@type":"PropertyValueSpecification","valueRequired":true,"valueName":"search_term_string"}}],"inLanguage":"es-ES"},{"@type":"Organization","@id":"https:\/\/graphimarket.com\/fr\/#organization","name":"Graphimarket","url":"https:\/\/graphimarket.com\/fr\/","logo":{"@type":"ImageObject","inLanguage":"es-ES","@id":"https:\/\/graphimarket.com\/fr\/#\/schema\/logo\/image\/","url":"https:\/\/graphimarket.com\/wp-content\/uploads\/2020\/08\/logo-48.png","contentUrl":"https:\/\/graphimarket.com\/wp-content\/uploads\/2020\/08\/logo-48.png","width":132,"height":48,"caption":"Graphimarket"},"image":{"@id":"https:\/\/graphimarket.com\/fr\/#\/schema\/logo\/image\/"}}]}},"_links":{"self":[{"href":"https:\/\/graphimarket.com\/es\/wp-json\/wp\/v2\/product\/17872","targetHints":{"allow":["GET"]}}],"collection":[{"href":"https:\/\/graphimarket.com\/es\/wp-json\/wp\/v2\/product"}],"about":[{"href":"https:\/\/graphimarket.com\/es\/wp-json\/wp\/v2\/types\/product"}],"replies":[{"embeddable":true,"href":"https:\/\/graphimarket.com\/es\/wp-json\/wp\/v2\/comments?post=17872"}],"version-history":[{"count":0,"href":"https:\/\/graphimarket.com\/es\/wp-json\/wp\/v2\/product\/17872\/revisions"}],"wp:featuredmedia":[{"embeddable":true,"href":"https:\/\/graphimarket.com\/es\/wp-json\/wp\/v2\/media\/17878"}],"wp:attachment":[{"href":"https:\/\/graphimarket.com\/es\/wp-json\/wp\/v2\/media?parent=17872"}],"wp:term":[{"taxonomy":"product_brand","embeddable":true,"href":"https:\/\/graphimarket.com\/es\/wp-json\/wp\/v2\/product_brand?post=17872"},{"taxonomy":"product_cat","embeddable":true,"href":"https:\/\/graphimarket.com\/es\/wp-json\/wp\/v2\/product_cat?post=17872"},{"taxonomy":"product_tag","embeddable":true,"href":"https:\/\/graphimarket.com\/es\/wp-json\/wp\/v2\/product_tag?post=17872"}],"curies":[{"name":"wp","href":"https:\/\/api.w.org\/{rel}","templated":true}]}}