{"id":17987,"date":"2021-09-22T16:38:55","date_gmt":"2021-09-22T14:38:55","guid":{"rendered":"https:\/\/graphimarket.com\/?post_type=product&#038;p=17987"},"modified":"2022-12-11T13:02:37","modified_gmt":"2022-12-11T12:02:37","slug":"dark-mode-tones-action-lightroom-preset","status":"publish","type":"product","link":"https:\/\/graphimarket.com\/es\/product\/dark-mode-tones-action-lightroom-preset\/","title":{"rendered":"Acci\u00f3n de tonos de modo oscuro y ajuste preestablecido de Lightroom"},"content":{"rendered":"<h1 class=\"_2eEB_0Yx\">Acci\u00f3n de tonos de modo oscuro y ajuste preestablecido de Lightroom<\/h1>\n<p>Esta\u00a0<strong>Acci\u00f3n de tonos de modo oscuro y ajuste preestablecido de Lightroom<\/strong>\u00a0est\u00e1 dise\u00f1ado para crear una apariencia llamativa y n\u00edtida que se destaque del resto, creando un estilo suave \u00fanico, centr\u00e1ndose en diferentes tonos.<\/p>\n<p>Los filtros son muy vers\u00e1tiles y funcionan con muchas im\u00e1genes diferentes, como moda, estilo de vida, blogs e incluso tomas de productos de mal humor.<\/p>\n<p><strong>Aplicaci\u00f3n m\u00f3vil Lightroom<\/strong>\u00a0que le gustar\u00eda editar. Deslice el dedo hacia la izquierda en las opciones inferiores hasta que vea &quot;Preajustes&quot; y toque esa opci\u00f3n. Se abrir\u00e1 con la colecci\u00f3n de preajustes utilizada m\u00e1s recientemente. Al tocar el nombre de la colecci\u00f3n, puede elegir la nueva colecci\u00f3n que acaba de instalar.<\/p>\n<p><strong>Archivos incluidos:<\/strong><\/p>\n<ul>\n<li>archivo XMP<\/li>\n<li>archivo ATN<\/li>\n<li>Archivo de ayuda<\/li>\n<\/ul>\n<p><img fetchpriority=\"high\" decoding=\"async\" class=\"alignnone size-full wp-image-17988\" src=\"https:\/\/graphimarket.com\/wp-content\/uploads\/2021\/09\/298aac01-6715-4ac9-88d7-d8c6cbd9d09b.jpg\" alt=\"\" width=\"1370\" height=\"913\" srcset=\"https:\/\/graphimarket.com\/wp-content\/uploads\/2021\/09\/298aac01-6715-4ac9-88d7-d8c6cbd9d09b.jpg 1370w, https:\/\/graphimarket.com\/wp-content\/uploads\/2021\/09\/298aac01-6715-4ac9-88d7-d8c6cbd9d09b-300x200.jpg 300w, https:\/\/graphimarket.com\/wp-content\/uploads\/2021\/09\/298aac01-6715-4ac9-88d7-d8c6cbd9d09b-1024x682.jpg 1024w, https:\/\/graphimarket.com\/wp-content\/uploads\/2021\/09\/298aac01-6715-4ac9-88d7-d8c6cbd9d09b-768x512.jpg 768w, https:\/\/graphimarket.com\/wp-content\/uploads\/2021\/09\/298aac01-6715-4ac9-88d7-d8c6cbd9d09b-18x12.jpg 18w, https:\/\/graphimarket.com\/wp-content\/uploads\/2021\/09\/298aac01-6715-4ac9-88d7-d8c6cbd9d09b-1320x880.jpg 1320w, https:\/\/graphimarket.com\/wp-content\/uploads\/2021\/09\/298aac01-6715-4ac9-88d7-d8c6cbd9d09b-600x400.jpg 600w\" sizes=\"(max-width: 1370px) 100vw, 1370px\" \/> <img decoding=\"async\" class=\"alignnone size-full wp-image-17989\" src=\"https:\/\/graphimarket.com\/wp-content\/uploads\/2021\/09\/9940d6d4-50b5-46fa-b0cc-aed73d70e746.jpg\" alt=\"\" width=\"1370\" height=\"913\" srcset=\"https:\/\/graphimarket.com\/wp-content\/uploads\/2021\/09\/9940d6d4-50b5-46fa-b0cc-aed73d70e746.jpg 1370w, https:\/\/graphimarket.com\/wp-content\/uploads\/2021\/09\/9940d6d4-50b5-46fa-b0cc-aed73d70e746-300x200.jpg 300w, https:\/\/graphimarket.com\/wp-content\/uploads\/2021\/09\/9940d6d4-50b5-46fa-b0cc-aed73d70e746-1024x682.jpg 1024w, https:\/\/graphimarket.com\/wp-content\/uploads\/2021\/09\/9940d6d4-50b5-46fa-b0cc-aed73d70e746-768x512.jpg 768w, https:\/\/graphimarket.com\/wp-content\/uploads\/2021\/09\/9940d6d4-50b5-46fa-b0cc-aed73d70e746-18x12.jpg 18w, https:\/\/graphimarket.com\/wp-content\/uploads\/2021\/09\/9940d6d4-50b5-46fa-b0cc-aed73d70e746-1320x880.jpg 1320w, https:\/\/graphimarket.com\/wp-content\/uploads\/2021\/09\/9940d6d4-50b5-46fa-b0cc-aed73d70e746-600x400.jpg 600w\" sizes=\"(max-width: 1370px) 100vw, 1370px\" \/> <img decoding=\"async\" class=\"alignnone size-full wp-image-17990\" src=\"https:\/\/graphimarket.com\/wp-content\/uploads\/2021\/09\/afb9e5b7-43fc-4973-baef-2d82463996ad.jpg\" alt=\"\" width=\"1370\" height=\"913\" srcset=\"https:\/\/graphimarket.com\/wp-content\/uploads\/2021\/09\/afb9e5b7-43fc-4973-baef-2d82463996ad.jpg 1370w, https:\/\/graphimarket.com\/wp-content\/uploads\/2021\/09\/afb9e5b7-43fc-4973-baef-2d82463996ad-300x200.jpg 300w, https:\/\/graphimarket.com\/wp-content\/uploads\/2021\/09\/afb9e5b7-43fc-4973-baef-2d82463996ad-1024x682.jpg 1024w, https:\/\/graphimarket.com\/wp-content\/uploads\/2021\/09\/afb9e5b7-43fc-4973-baef-2d82463996ad-768x512.jpg 768w, https:\/\/graphimarket.com\/wp-content\/uploads\/2021\/09\/afb9e5b7-43fc-4973-baef-2d82463996ad-18x12.jpg 18w, https:\/\/graphimarket.com\/wp-content\/uploads\/2021\/09\/afb9e5b7-43fc-4973-baef-2d82463996ad-1320x880.jpg 1320w, https:\/\/graphimarket.com\/wp-content\/uploads\/2021\/09\/afb9e5b7-43fc-4973-baef-2d82463996ad-600x400.jpg 600w\" sizes=\"(max-width: 1370px) 100vw, 1370px\" \/> <img loading=\"lazy\" decoding=\"async\" class=\"alignnone size-full wp-image-17991\" src=\"https:\/\/graphimarket.com\/wp-content\/uploads\/2021\/09\/fd553d07-206c-44db-a867-0c0d4e4606c5.jpg\" alt=\"\" width=\"1370\" height=\"913\" srcset=\"https:\/\/graphimarket.com\/wp-content\/uploads\/2021\/09\/fd553d07-206c-44db-a867-0c0d4e4606c5.jpg 1370w, https:\/\/graphimarket.com\/wp-content\/uploads\/2021\/09\/fd553d07-206c-44db-a867-0c0d4e4606c5-300x200.jpg 300w, https:\/\/graphimarket.com\/wp-content\/uploads\/2021\/09\/fd553d07-206c-44db-a867-0c0d4e4606c5-1024x682.jpg 1024w, https:\/\/graphimarket.com\/wp-content\/uploads\/2021\/09\/fd553d07-206c-44db-a867-0c0d4e4606c5-768x512.jpg 768w, https:\/\/graphimarket.com\/wp-content\/uploads\/2021\/09\/fd553d07-206c-44db-a867-0c0d4e4606c5-18x12.jpg 18w, https:\/\/graphimarket.com\/wp-content\/uploads\/2021\/09\/fd553d07-206c-44db-a867-0c0d4e4606c5-1320x880.jpg 1320w, https:\/\/graphimarket.com\/wp-content\/uploads\/2021\/09\/fd553d07-206c-44db-a867-0c0d4e4606c5-600x400.jpg 600w\" sizes=\"(max-width: 1370px) 100vw, 1370px\" \/> <img loading=\"lazy\" decoding=\"async\" class=\"alignnone size-full wp-image-17992\" src=\"https:\/\/graphimarket.com\/wp-content\/uploads\/2021\/09\/50f965d1-ce11-4e7f-810d-a5e9f6f095f7.jpg\" alt=\"\" width=\"1370\" height=\"913\" srcset=\"https:\/\/graphimarket.com\/wp-content\/uploads\/2021\/09\/50f965d1-ce11-4e7f-810d-a5e9f6f095f7.jpg 1370w, https:\/\/graphimarket.com\/wp-content\/uploads\/2021\/09\/50f965d1-ce11-4e7f-810d-a5e9f6f095f7-300x200.jpg 300w, https:\/\/graphimarket.com\/wp-content\/uploads\/2021\/09\/50f965d1-ce11-4e7f-810d-a5e9f6f095f7-1024x682.jpg 1024w, https:\/\/graphimarket.com\/wp-content\/uploads\/2021\/09\/50f965d1-ce11-4e7f-810d-a5e9f6f095f7-768x512.jpg 768w, https:\/\/graphimarket.com\/wp-content\/uploads\/2021\/09\/50f965d1-ce11-4e7f-810d-a5e9f6f095f7-18x12.jpg 18w, https:\/\/graphimarket.com\/wp-content\/uploads\/2021\/09\/50f965d1-ce11-4e7f-810d-a5e9f6f095f7-1320x880.jpg 1320w, https:\/\/graphimarket.com\/wp-content\/uploads\/2021\/09\/50f965d1-ce11-4e7f-810d-a5e9f6f095f7-600x400.jpg 600w\" sizes=\"(max-width: 1370px) 100vw, 1370px\" \/><\/p>","protected":false},"excerpt":{"rendered":"<p>Dark Mode Tones Action &amp; Lightroom Preset This\u00a0Dark Mode Tones Action &amp; Lightroom Preset\u00a0is designed to create a catchy and sharp look that stands out from the rest, creating a unique smooth style, focusing on different shades. The filters are so versatile and work with a lot of different pictures like fashion, lifestyle, blogging and [&hellip;]<\/p>\n","protected":false},"featured_media":17993,"comment_status":"open","ping_status":"closed","template":"","meta":{"site-sidebar-layout":"default","site-content-layout":"default","ast-site-content-layout":"default","site-content-style":"default","site-sidebar-style":"default","ast-global-header-display":"","ast-banner-title-visibility":"","ast-main-header-display":"","ast-hfb-above-header-display":"","ast-hfb-below-header-display":"","ast-hfb-mobile-header-display":"","site-post-title":"","ast-breadcrumbs-content":"","ast-featured-img":"","footer-sml-layout":"","ast-disable-related-posts":"","theme-transparent-header-meta":"default","adv-header-id-meta":"","stick-header-meta":"","header-above-stick-meta":"","header-main-stick-meta":"","header-below-stick-meta":"","astra-migrate-meta-layouts":"default","ast-page-background-enabled":"default","ast-page-background-meta":{"desktop":{"background-color":"","background-image":"","background-repeat":"repeat","background-position":"center center","background-size":"auto","background-attachment":"scroll","background-type":"","background-media":"","overlay-type":"","overlay-color":"","overlay-opacity":"","overlay-gradient":""},"tablet":{"background-color":"","background-image":"","background-repeat":"repeat","background-position":"center center","background-size":"auto","background-attachment":"scroll","background-type":"","background-media":"","overlay-type":"","overlay-color":"","overlay-opacity":"","overlay-gradient":""},"mobile":{"background-color":"","background-image":"","background-repeat":"repeat","background-position":"center center","background-size":"auto","background-attachment":"scroll","background-type":"","background-media":"","overlay-type":"","overlay-color":"","overlay-opacity":"","overlay-gradient":""}},"ast-content-background-meta":{"desktop":{"background-color":"var(--ast-global-color-5)","background-image":"","background-repeat":"repeat","background-position":"center center","background-size":"auto","background-attachment":"scroll","background-type":"","background-media":"","overlay-type":"","overlay-color":"","overlay-opacity":"","overlay-gradient":""},"tablet":{"background-color":"var(--ast-global-color-5)","background-image":"","background-repeat":"repeat","background-position":"center center","background-size":"auto","background-attachment":"scroll","background-type":"","background-media":"","overlay-type":"","overlay-color":"","overlay-opacity":"","overlay-gradient":""},"mobile":{"background-color":"var(--ast-global-color-5)","background-image":"","background-repeat":"repeat","background-position":"center center","background-size":"auto","background-attachment":"scroll","background-type":"","background-media":"","overlay-type":"","overlay-color":"","overlay-opacity":"","overlay-gradient":""}}},"product_brand":[],"product_cat":[196,129,131,15,145,195,146],"product_tag":[292,247,335,2002,412,1368],"class_list":{"0":"post-17987","1":"product","2":"type-product","3":"status-publish","4":"has-post-thumbnail","6":"product_cat-actions","7":"product_cat-lightroom","8":"product_cat-lightroom-preset","9":"product_cat-photo","10":"product_cat-photography","11":"product_cat-photoshop","12":"product_cat-photoshop-action","13":"product_tag-action","14":"product_tag-dark","15":"product_tag-lightroom","16":"product_tag-mode","17":"product_tag-preset","18":"product_tag-tones","19":"desktop-align-left","20":"tablet-align-left","21":"mobile-align-left","23":"first","24":"instock","25":"sale","26":"downloadable","27":"virtual","28":"taxable","29":"purchasable","30":"product-type-simple"},"yoast_head":"<!-- This site is optimized with the Yoast SEO plugin v27.3 - https:\/\/yoast.com\/product\/yoast-seo-wordpress\/ -->\n<title>Dark Mode Tones Action &amp; Lightroom Preset - Graphimarket<\/title>\n<meta name=\"description\" content=\"This\u00a0Dark Mode Tones Action &amp; Lightroom Preset\u00a0is designed to create a catchy and sharp look that stands out from the rest...\" \/>\n<meta name=\"robots\" content=\"index, follow, max-snippet:-1, max-image-preview:large, max-video-preview:-1\" \/>\n<link rel=\"canonical\" href=\"https:\/\/graphimarket.com\/es\/product\/dark-mode-tones-action-lightroom-preset\/\" \/>\n<meta property=\"og:locale\" content=\"es_ES\" \/>\n<meta property=\"og:type\" content=\"article\" \/>\n<meta property=\"og:title\" content=\"Dark Mode Tones Action &amp; Lightroom Preset - Graphimarket\" \/>\n<meta property=\"og:description\" content=\"This\u00a0Dark Mode Tones Action &amp; Lightroom Preset\u00a0is designed to create a catchy and sharp look that stands out from the rest...\" \/>\n<meta property=\"og:url\" content=\"https:\/\/graphimarket.com\/es\/product\/dark-mode-tones-action-lightroom-preset\/\" \/>\n<meta property=\"og:site_name\" content=\"Graphimarket\" \/>\n<meta property=\"article:modified_time\" content=\"2022-12-11T12:02:37+00:00\" \/>\n<meta property=\"og:image\" content=\"https:\/\/graphimarket.com\/wp-content\/uploads\/2021\/09\/93e6b1b9-d6fe-426e-9b47-0ae48830f22a.jpg\" \/>\n\t<meta property=\"og:image:width\" content=\"1019\" \/>\n\t<meta property=\"og:image:height\" content=\"679\" \/>\n\t<meta property=\"og:image:type\" content=\"image\/jpeg\" \/>\n<meta name=\"twitter:card\" content=\"summary_large_image\" \/>\n<meta name=\"twitter:label1\" content=\"Est. reading time\" \/>\n\t<meta name=\"twitter:data1\" content=\"1 minute\" \/>\n<script type=\"application\/ld+json\" class=\"yoast-schema-graph\">{\"@context\":\"https:\\\/\\\/schema.org\",\"@graph\":[{\"@type\":\"WebPage\",\"@id\":\"https:\\\/\\\/graphimarket.com\\\/ja\\\/product\\\/dark-mode-tones-action-lightroom-preset\\\/\",\"url\":\"https:\\\/\\\/graphimarket.com\\\/ja\\\/product\\\/dark-mode-tones-action-lightroom-preset\\\/\",\"name\":\"Dark Mode Tones Action & Lightroom Preset - Graphimarket\",\"isPartOf\":{\"@id\":\"https:\\\/\\\/graphimarket.com\\\/fr\\\/#website\"},\"primaryImageOfPage\":{\"@id\":\"https:\\\/\\\/graphimarket.com\\\/ja\\\/product\\\/dark-mode-tones-action-lightroom-preset\\\/#primaryimage\"},\"image\":{\"@id\":\"https:\\\/\\\/graphimarket.com\\\/ja\\\/product\\\/dark-mode-tones-action-lightroom-preset\\\/#primaryimage\"},\"thumbnailUrl\":\"https:\\\/\\\/graphimarket.com\\\/wp-content\\\/uploads\\\/2021\\\/09\\\/93e6b1b9-d6fe-426e-9b47-0ae48830f22a.jpg\",\"datePublished\":\"2021-09-22T14:38:55+00:00\",\"dateModified\":\"2022-12-11T12:02:37+00:00\",\"description\":\"This\u00a0Dark Mode Tones Action & Lightroom Preset\u00a0is designed to create a catchy and sharp look that stands out from the rest...\",\"breadcrumb\":{\"@id\":\"https:\\\/\\\/graphimarket.com\\\/ja\\\/product\\\/dark-mode-tones-action-lightroom-preset\\\/#breadcrumb\"},\"inLanguage\":\"es-ES\",\"potentialAction\":[{\"@type\":\"ReadAction\",\"target\":[\"https:\\\/\\\/graphimarket.com\\\/ja\\\/product\\\/dark-mode-tones-action-lightroom-preset\\\/\"]}]},{\"@type\":\"ImageObject\",\"inLanguage\":\"es-ES\",\"@id\":\"https:\\\/\\\/graphimarket.com\\\/ja\\\/product\\\/dark-mode-tones-action-lightroom-preset\\\/#primaryimage\",\"url\":\"https:\\\/\\\/graphimarket.com\\\/wp-content\\\/uploads\\\/2021\\\/09\\\/93e6b1b9-d6fe-426e-9b47-0ae48830f22a.jpg\",\"contentUrl\":\"https:\\\/\\\/graphimarket.com\\\/wp-content\\\/uploads\\\/2021\\\/09\\\/93e6b1b9-d6fe-426e-9b47-0ae48830f22a.jpg\",\"width\":1019,\"height\":679},{\"@type\":\"BreadcrumbList\",\"@id\":\"https:\\\/\\\/graphimarket.com\\\/ja\\\/product\\\/dark-mode-tones-action-lightroom-preset\\\/#breadcrumb\",\"itemListElement\":[{\"@type\":\"ListItem\",\"position\":1,\"name\":\"Home\",\"item\":\"https:\\\/\\\/graphimarket.com\\\/es\\\/\"},{\"@type\":\"ListItem\",\"position\":2,\"name\":\"Store\",\"item\":\"https:\\\/\\\/graphimarket.com\\\/store\\\/\"},{\"@type\":\"ListItem\",\"position\":3,\"name\":\"Dark Mode Tones Action &#038; Lightroom Preset\"}]},{\"@type\":\"WebSite\",\"@id\":\"https:\\\/\\\/graphimarket.com\\\/fr\\\/#website\",\"url\":\"https:\\\/\\\/graphimarket.com\\\/fr\\\/\",\"name\":\"Graphimarket\",\"description\":\"Find the perfect creative asset to bring your project to life\",\"publisher\":{\"@id\":\"https:\\\/\\\/graphimarket.com\\\/fr\\\/#organization\"},\"potentialAction\":[{\"@type\":\"SearchAction\",\"target\":{\"@type\":\"EntryPoint\",\"urlTemplate\":\"https:\\\/\\\/graphimarket.com\\\/fr\\\/?s={search_term_string}\"},\"query-input\":{\"@type\":\"PropertyValueSpecification\",\"valueRequired\":true,\"valueName\":\"search_term_string\"}}],\"inLanguage\":\"es-ES\"},{\"@type\":\"Organization\",\"@id\":\"https:\\\/\\\/graphimarket.com\\\/fr\\\/#organization\",\"name\":\"Graphimarket\",\"url\":\"https:\\\/\\\/graphimarket.com\\\/fr\\\/\",\"logo\":{\"@type\":\"ImageObject\",\"inLanguage\":\"es-ES\",\"@id\":\"https:\\\/\\\/graphimarket.com\\\/fr\\\/#\\\/schema\\\/logo\\\/image\\\/\",\"url\":\"https:\\\/\\\/graphimarket.com\\\/wp-content\\\/uploads\\\/2020\\\/08\\\/logo-48.png\",\"contentUrl\":\"https:\\\/\\\/graphimarket.com\\\/wp-content\\\/uploads\\\/2020\\\/08\\\/logo-48.png\",\"width\":132,\"height\":48,\"caption\":\"Graphimarket\"},\"image\":{\"@id\":\"https:\\\/\\\/graphimarket.com\\\/fr\\\/#\\\/schema\\\/logo\\\/image\\\/\"}}]}<\/script>\n<!-- \/ Yoast SEO plugin. -->","yoast_head_json":{"title":"Dark Mode Tones Action & Lightroom Preset - Graphimarket","description":"This\u00a0Dark Mode Tones Action & Lightroom Preset\u00a0is designed to create a catchy and sharp look that stands out from the rest...","robots":{"index":"index","follow":"follow","max-snippet":"max-snippet:-1","max-image-preview":"max-image-preview:large","max-video-preview":"max-video-preview:-1"},"canonical":"https:\/\/graphimarket.com\/es\/product\/dark-mode-tones-action-lightroom-preset\/","og_locale":"es_ES","og_type":"article","og_title":"Dark Mode Tones Action & Lightroom Preset - Graphimarket","og_description":"This\u00a0Dark Mode Tones Action & Lightroom Preset\u00a0is designed to create a catchy and sharp look that stands out from the rest...","og_url":"https:\/\/graphimarket.com\/es\/product\/dark-mode-tones-action-lightroom-preset\/","og_site_name":"Graphimarket","article_modified_time":"2022-12-11T12:02:37+00:00","og_image":[{"width":1019,"height":679,"url":"https:\/\/graphimarket.com\/wp-content\/uploads\/2021\/09\/93e6b1b9-d6fe-426e-9b47-0ae48830f22a.jpg","type":"image\/jpeg"}],"twitter_card":"summary_large_image","twitter_misc":{"Est. reading time":"1 minute"},"schema":{"@context":"https:\/\/schema.org","@graph":[{"@type":"WebPage","@id":"https:\/\/graphimarket.com\/ja\/product\/dark-mode-tones-action-lightroom-preset\/","url":"https:\/\/graphimarket.com\/ja\/product\/dark-mode-tones-action-lightroom-preset\/","name":"Dark Mode Tones Action & Lightroom Preset - Graphimarket","isPartOf":{"@id":"https:\/\/graphimarket.com\/fr\/#website"},"primaryImageOfPage":{"@id":"https:\/\/graphimarket.com\/ja\/product\/dark-mode-tones-action-lightroom-preset\/#primaryimage"},"image":{"@id":"https:\/\/graphimarket.com\/ja\/product\/dark-mode-tones-action-lightroom-preset\/#primaryimage"},"thumbnailUrl":"https:\/\/graphimarket.com\/wp-content\/uploads\/2021\/09\/93e6b1b9-d6fe-426e-9b47-0ae48830f22a.jpg","datePublished":"2021-09-22T14:38:55+00:00","dateModified":"2022-12-11T12:02:37+00:00","description":"This\u00a0Dark Mode Tones Action & Lightroom Preset\u00a0is designed to create a catchy and sharp look that stands out from the rest...","breadcrumb":{"@id":"https:\/\/graphimarket.com\/ja\/product\/dark-mode-tones-action-lightroom-preset\/#breadcrumb"},"inLanguage":"es-ES","potentialAction":[{"@type":"ReadAction","target":["https:\/\/graphimarket.com\/ja\/product\/dark-mode-tones-action-lightroom-preset\/"]}]},{"@type":"ImageObject","inLanguage":"es-ES","@id":"https:\/\/graphimarket.com\/ja\/product\/dark-mode-tones-action-lightroom-preset\/#primaryimage","url":"https:\/\/graphimarket.com\/wp-content\/uploads\/2021\/09\/93e6b1b9-d6fe-426e-9b47-0ae48830f22a.jpg","contentUrl":"https:\/\/graphimarket.com\/wp-content\/uploads\/2021\/09\/93e6b1b9-d6fe-426e-9b47-0ae48830f22a.jpg","width":1019,"height":679},{"@type":"BreadcrumbList","@id":"https:\/\/graphimarket.com\/ja\/product\/dark-mode-tones-action-lightroom-preset\/#breadcrumb","itemListElement":[{"@type":"ListItem","position":1,"name":"Home","item":"https:\/\/graphimarket.com\/es\/"},{"@type":"ListItem","position":2,"name":"Store","item":"https:\/\/graphimarket.com\/store\/"},{"@type":"ListItem","position":3,"name":"Dark Mode Tones Action &#038; Lightroom Preset"}]},{"@type":"WebSite","@id":"https:\/\/graphimarket.com\/fr\/#website","url":"https:\/\/graphimarket.com\/fr\/","name":"Graphimarket","description":"Encuentre el activo creativo perfecto para darle vida a su proyecto","publisher":{"@id":"https:\/\/graphimarket.com\/fr\/#organization"},"potentialAction":[{"@type":"SearchAction","target":{"@type":"EntryPoint","urlTemplate":"https:\/\/graphimarket.com\/fr\/?s={search_term_string}"},"query-input":{"@type":"PropertyValueSpecification","valueRequired":true,"valueName":"search_term_string"}}],"inLanguage":"es-ES"},{"@type":"Organization","@id":"https:\/\/graphimarket.com\/fr\/#organization","name":"Graphimarket","url":"https:\/\/graphimarket.com\/fr\/","logo":{"@type":"ImageObject","inLanguage":"es-ES","@id":"https:\/\/graphimarket.com\/fr\/#\/schema\/logo\/image\/","url":"https:\/\/graphimarket.com\/wp-content\/uploads\/2020\/08\/logo-48.png","contentUrl":"https:\/\/graphimarket.com\/wp-content\/uploads\/2020\/08\/logo-48.png","width":132,"height":48,"caption":"Graphimarket"},"image":{"@id":"https:\/\/graphimarket.com\/fr\/#\/schema\/logo\/image\/"}}]}},"_links":{"self":[{"href":"https:\/\/graphimarket.com\/es\/wp-json\/wp\/v2\/product\/17987","targetHints":{"allow":["GET"]}}],"collection":[{"href":"https:\/\/graphimarket.com\/es\/wp-json\/wp\/v2\/product"}],"about":[{"href":"https:\/\/graphimarket.com\/es\/wp-json\/wp\/v2\/types\/product"}],"replies":[{"embeddable":true,"href":"https:\/\/graphimarket.com\/es\/wp-json\/wp\/v2\/comments?post=17987"}],"version-history":[{"count":0,"href":"https:\/\/graphimarket.com\/es\/wp-json\/wp\/v2\/product\/17987\/revisions"}],"wp:featuredmedia":[{"embeddable":true,"href":"https:\/\/graphimarket.com\/es\/wp-json\/wp\/v2\/media\/17993"}],"wp:attachment":[{"href":"https:\/\/graphimarket.com\/es\/wp-json\/wp\/v2\/media?parent=17987"}],"wp:term":[{"taxonomy":"product_brand","embeddable":true,"href":"https:\/\/graphimarket.com\/es\/wp-json\/wp\/v2\/product_brand?post=17987"},{"taxonomy":"product_cat","embeddable":true,"href":"https:\/\/graphimarket.com\/es\/wp-json\/wp\/v2\/product_cat?post=17987"},{"taxonomy":"product_tag","embeddable":true,"href":"https:\/\/graphimarket.com\/es\/wp-json\/wp\/v2\/product_tag?post=17987"}],"curies":[{"name":"wp","href":"https:\/\/api.w.org\/{rel}","templated":true}]}}