{"id":7563,"date":"2020-09-03T15:40:55","date_gmt":"2020-09-03T13:40:55","guid":{"rendered":"https:\/\/graphimarket.com\/?post_type=product&#038;p=7563"},"modified":"2022-12-19T23:29:37","modified_gmt":"2022-12-19T22:29:37","slug":"halloween-scene-creators-2","status":"publish","type":"product","link":"https:\/\/graphimarket.com\/es\/product\/halloween-scene-creators-2\/","title":{"rendered":"Creadores de escenas de Halloween"},"content":{"rendered":"<p>Halloween Scene Creators \u2013 Enjoy this Halloween with this awesome free gift!<\/p>\n<p>\u00a1Este obsequio incluye 8 creadores de escenas y m\u00e1s de 100 elementos que puedes usar para crear incre\u00edbles dise\u00f1os de Halloween! Sus dise\u00f1os gr\u00e1ficos de Halloween son el factor decisivo m\u00e1s importante para los consumidores. Este es el primer paso para hacer ese argumento de venta inicial antes de seguir m\u00e1s adelante. Los dise\u00f1os de Halloween deben representar la totalidad de la temporada sin perder nunca el enfoque en lo que est\u00e1 promocionando.<\/p>\n<p>\u00a1Este acuerdo viene con una licencia comercial extendida para que pueda usar este paquete para proyectos personales y comerciales ilimitados!<\/p>\n<h3>8 creadores de escenas incluye:<\/h3>\n<ul>\n<li>M\u00e1s de 100 elementos<\/li>\n<li>Efectos de iluminaci\u00f3n<\/li>\n<li>Textura de fondo<\/li>\n<\/ul>\n<h3><strong>Aqu\u00ed hay un adelanto de este paquete de creadores de escenas de Halloween:<\/strong><\/h3>\n<p>&nbsp;<\/p>\n<p><img fetchpriority=\"high\" decoding=\"async\" class=\"aligncenter wp-image-7565 size-full\" src=\"https:\/\/graphimarket.com\/wp-content\/uploads\/2020\/09\/02-iso-scene-1-1024x683-2.jpg\" alt=\"\" width=\"1024\" height=\"683\" srcset=\"https:\/\/graphimarket.com\/wp-content\/uploads\/2020\/09\/02-iso-scene-1-1024x683-2.jpg 1024w, https:\/\/graphimarket.com\/wp-content\/uploads\/2020\/09\/02-iso-scene-1-1024x683-2-600x400.jpg 600w, https:\/\/graphimarket.com\/wp-content\/uploads\/2020\/09\/02-iso-scene-1-1024x683-2-300x200.jpg 300w, https:\/\/graphimarket.com\/wp-content\/uploads\/2020\/09\/02-iso-scene-1-1024x683-2-768x512.jpg 768w\" sizes=\"(max-width: 1024px) 100vw, 1024px\" \/><\/p>\n<p><img decoding=\"async\" class=\"aligncenter wp-image-7566 size-full\" src=\"https:\/\/graphimarket.com\/wp-content\/uploads\/2020\/09\/02-top-scene-1024x683-2.jpg\" alt=\"\" width=\"1024\" height=\"683\" srcset=\"https:\/\/graphimarket.com\/wp-content\/uploads\/2020\/09\/02-top-scene-1024x683-2.jpg 1024w, https:\/\/graphimarket.com\/wp-content\/uploads\/2020\/09\/02-top-scene-1024x683-2-600x400.jpg 600w, https:\/\/graphimarket.com\/wp-content\/uploads\/2020\/09\/02-top-scene-1024x683-2-300x200.jpg 300w, https:\/\/graphimarket.com\/wp-content\/uploads\/2020\/09\/02-top-scene-1024x683-2-768x512.jpg 768w\" sizes=\"(max-width: 1024px) 100vw, 1024px\" \/><\/p>\n<p><img decoding=\"async\" class=\"aligncenter wp-image-7567 size-full\" src=\"https:\/\/graphimarket.com\/wp-content\/uploads\/2020\/09\/03-front-scene-1024x683-2.jpg\" alt=\"\" width=\"1024\" height=\"683\" srcset=\"https:\/\/graphimarket.com\/wp-content\/uploads\/2020\/09\/03-front-scene-1024x683-2.jpg 1024w, https:\/\/graphimarket.com\/wp-content\/uploads\/2020\/09\/03-front-scene-1024x683-2-600x400.jpg 600w, https:\/\/graphimarket.com\/wp-content\/uploads\/2020\/09\/03-front-scene-1024x683-2-300x200.jpg 300w, https:\/\/graphimarket.com\/wp-content\/uploads\/2020\/09\/03-front-scene-1024x683-2-768x512.jpg 768w\" sizes=\"(max-width: 1024px) 100vw, 1024px\" \/><\/p>\n<p><img loading=\"lazy\" decoding=\"async\" class=\"aligncenter wp-image-7568 size-full\" src=\"https:\/\/graphimarket.com\/wp-content\/uploads\/2020\/09\/03-top-scene-1024x683-2.jpg\" alt=\"\" width=\"1024\" height=\"683\" srcset=\"https:\/\/graphimarket.com\/wp-content\/uploads\/2020\/09\/03-top-scene-1024x683-2.jpg 1024w, https:\/\/graphimarket.com\/wp-content\/uploads\/2020\/09\/03-top-scene-1024x683-2-600x400.jpg 600w, https:\/\/graphimarket.com\/wp-content\/uploads\/2020\/09\/03-top-scene-1024x683-2-300x200.jpg 300w, https:\/\/graphimarket.com\/wp-content\/uploads\/2020\/09\/03-top-scene-1024x683-2-768x512.jpg 768w\" sizes=\"(max-width: 1024px) 100vw, 1024px\" \/><\/p>\n<p><img loading=\"lazy\" decoding=\"async\" class=\"aligncenter wp-image-7570 size-full\" src=\"https:\/\/graphimarket.com\/wp-content\/uploads\/2020\/09\/04-front-scene-1024x683-2.jpg\" alt=\"\" width=\"1024\" height=\"683\" srcset=\"https:\/\/graphimarket.com\/wp-content\/uploads\/2020\/09\/04-front-scene-1024x683-2.jpg 1024w, https:\/\/graphimarket.com\/wp-content\/uploads\/2020\/09\/04-front-scene-1024x683-2-600x400.jpg 600w, https:\/\/graphimarket.com\/wp-content\/uploads\/2020\/09\/04-front-scene-1024x683-2-300x200.jpg 300w, https:\/\/graphimarket.com\/wp-content\/uploads\/2020\/09\/04-front-scene-1024x683-2-768x512.jpg 768w\" sizes=\"(max-width: 1024px) 100vw, 1024px\" \/><\/p>\n<p><img loading=\"lazy\" decoding=\"async\" class=\"aligncenter wp-image-7571 size-full\" src=\"https:\/\/graphimarket.com\/wp-content\/uploads\/2020\/09\/04-top-scene-1024x683-2.jpg\" alt=\"\" width=\"1024\" height=\"683\" srcset=\"https:\/\/graphimarket.com\/wp-content\/uploads\/2020\/09\/04-top-scene-1024x683-2.jpg 1024w, https:\/\/graphimarket.com\/wp-content\/uploads\/2020\/09\/04-top-scene-1024x683-2-600x400.jpg 600w, https:\/\/graphimarket.com\/wp-content\/uploads\/2020\/09\/04-top-scene-1024x683-2-300x200.jpg 300w, https:\/\/graphimarket.com\/wp-content\/uploads\/2020\/09\/04-top-scene-1024x683-2-768x512.jpg 768w\" sizes=\"(max-width: 1024px) 100vw, 1024px\" \/><\/p>\n<p><img loading=\"lazy\" decoding=\"async\" class=\"aligncenter wp-image-7572 size-full\" src=\"https:\/\/graphimarket.com\/wp-content\/uploads\/2020\/09\/05-front-scene-1024x683-2.jpg\" alt=\"\" width=\"1024\" height=\"683\" srcset=\"https:\/\/graphimarket.com\/wp-content\/uploads\/2020\/09\/05-front-scene-1024x683-2.jpg 1024w, https:\/\/graphimarket.com\/wp-content\/uploads\/2020\/09\/05-front-scene-1024x683-2-600x400.jpg 600w, https:\/\/graphimarket.com\/wp-content\/uploads\/2020\/09\/05-front-scene-1024x683-2-300x200.jpg 300w, https:\/\/graphimarket.com\/wp-content\/uploads\/2020\/09\/05-front-scene-1024x683-2-768x512.jpg 768w\" sizes=\"(max-width: 1024px) 100vw, 1024px\" \/><\/p>\n<p><img loading=\"lazy\" decoding=\"async\" class=\"aligncenter wp-image-7573 size-full\" src=\"https:\/\/graphimarket.com\/wp-content\/uploads\/2020\/09\/01-top-scene-1-1024x683-2.jpg\" alt=\"\" width=\"1024\" height=\"683\" srcset=\"https:\/\/graphimarket.com\/wp-content\/uploads\/2020\/09\/01-top-scene-1-1024x683-2.jpg 1024w, https:\/\/graphimarket.com\/wp-content\/uploads\/2020\/09\/01-top-scene-1-1024x683-2-600x400.jpg 600w, https:\/\/graphimarket.com\/wp-content\/uploads\/2020\/09\/01-top-scene-1-1024x683-2-300x200.jpg 300w, https:\/\/graphimarket.com\/wp-content\/uploads\/2020\/09\/01-top-scene-1-1024x683-2-768x512.jpg 768w\" sizes=\"(max-width: 1024px) 100vw, 1024px\" \/><\/p>\n<p>&nbsp;<\/p>\n<p>El momento m\u00e1s popular para comenzar a decorar para Halloween es durante las dos primeras semanas de octubre. Sin embargo, puede comenzar a colocar decoraciones para Halloween a fines de septiembre. \u00a1Disfruta este Halloween con este incre\u00edble regalo gratis de Inky Deals!<\/p>\n<h3>\u00a1Coge este obsequio ahora!<\/h3>\n<h3>T\u00e9rminos de la oferta para creadores de escenas de Halloween:<\/h3>\n<ul>\n<li>Este paquete est\u00e1 disponible como descarga instant\u00e1nea, despu\u00e9s de completar su compra.<\/li>\n<li>El paquete se puede utilizar para fines personales y comerciales con un n\u00famero ilimitado de proyectos.<\/li>\n<li>Los productos finales no deben usarse ni venderse de una manera que compita directamente con el art\u00edculo original que compr\u00f3.<\/li>\n<li>Obtendr\u00e1 acceso de por vida al paquete.<\/li>\n<li>Este paquete est\u00e1 disponible como descarga instant\u00e1nea, despu\u00e9s de completar su compra.<\/li>\n<li>El paquete se puede utilizar para fines personales y comerciales con un n\u00famero ilimitado de proyectos.<\/li>\n<li>Los productos finales no deben usarse ni venderse de una manera que compita directamente con el art\u00edculo original que compr\u00f3.<\/li>\n<li>No puede sublicenciarse, revenderse, compartirse, transferirse o redistribuirse de otra manera por s\u00ed solo. No puede compartir estos recursos con otros.<\/li>\n<li>Obtendr\u00e1 acceso de por vida al paquete.<\/li>\n<li>\u00a1Este acuerdo viene con una licencia comercial extendida para que pueda usar este paquete para proyectos personales y comerciales ilimitados!<\/li>\n<\/ul>\n<p>&nbsp;<\/p>","protected":false},"excerpt":{"rendered":"<p>Halloween Scene Creators \u2013 Enjoy this Halloween with this awesome free gift! This freebie includes 8 Scene Creators and more than 100 elements that you can use to create awesome Halloween Designs! Your Halloween graphic designs are the most significant decisive factor for consumers. This is the first step in making that initial sales pitch [&hellip;]<\/p>\n","protected":false},"featured_media":7564,"comment_status":"open","ping_status":"closed","template":"","meta":{"site-sidebar-layout":"default","site-content-layout":"default","ast-site-content-layout":"default","site-content-style":"default","site-sidebar-style":"default","ast-global-header-display":"","ast-banner-title-visibility":"","ast-main-header-display":"","ast-hfb-above-header-display":"","ast-hfb-below-header-display":"","ast-hfb-mobile-header-display":"","site-post-title":"","ast-breadcrumbs-content":"","ast-featured-img":"","footer-sml-layout":"","ast-disable-related-posts":"","theme-transparent-header-meta":"default","adv-header-id-meta":"","stick-header-meta":"","header-above-stick-meta":"","header-main-stick-meta":"","header-below-stick-meta":"","astra-migrate-meta-layouts":"default","ast-page-background-enabled":"default","ast-page-background-meta":{"desktop":{"background-color":"","background-image":"","background-repeat":"repeat","background-position":"center center","background-size":"auto","background-attachment":"scroll","background-type":"","background-media":"","overlay-type":"","overlay-color":"","overlay-opacity":"","overlay-gradient":""},"tablet":{"background-color":"","background-image":"","background-repeat":"repeat","background-position":"center center","background-size":"auto","background-attachment":"scroll","background-type":"","background-media":"","overlay-type":"","overlay-color":"","overlay-opacity":"","overlay-gradient":""},"mobile":{"background-color":"","background-image":"","background-repeat":"repeat","background-position":"center center","background-size":"auto","background-attachment":"scroll","background-type":"","background-media":"","overlay-type":"","overlay-color":"","overlay-opacity":"","overlay-gradient":""}},"ast-content-background-meta":{"desktop":{"background-color":"var(--ast-global-color-5)","background-image":"","background-repeat":"repeat","background-position":"center center","background-size":"auto","background-attachment":"scroll","background-type":"","background-media":"","overlay-type":"","overlay-color":"","overlay-opacity":"","overlay-gradient":""},"tablet":{"background-color":"var(--ast-global-color-5)","background-image":"","background-repeat":"repeat","background-position":"center center","background-size":"auto","background-attachment":"scroll","background-type":"","background-media":"","overlay-type":"","overlay-color":"","overlay-opacity":"","overlay-gradient":""},"mobile":{"background-color":"var(--ast-global-color-5)","background-image":"","background-repeat":"repeat","background-position":"center center","background-size":"auto","background-attachment":"scroll","background-type":"","background-media":"","overlay-type":"","overlay-color":"","overlay-opacity":"","overlay-gradient":""}}},"product_brand":[],"product_cat":[99,191,46,195,176],"product_tag":[],"class_list":{"0":"post-7563","1":"product","2":"type-product","3":"status-publish","4":"has-post-thumbnail","6":"product_cat-backgrounds","7":"product_cat-free","8":"product_cat-graphics","9":"product_cat-photoshop","10":"product_cat-vectors","11":"desktop-align-left","12":"tablet-align-left","13":"mobile-align-left","15":"first","16":"instock","17":"sale","18":"downloadable","19":"virtual","20":"taxable","21":"purchasable","22":"product-type-simple"},"yoast_head":"<!-- This site is optimized with the Yoast SEO plugin v27.3 - https:\/\/yoast.com\/product\/yoast-seo-wordpress\/ -->\n<title>Halloween Scene Creators - Graphimarket<\/title>\n<meta name=\"description\" content=\"Halloween Scene Creators \u2013 Enjoy this Halloween with this awesome free gift from Inky Deals!This freebie includes 8 Scene Creators...\" \/>\n<meta name=\"robots\" content=\"index, follow, max-snippet:-1, max-image-preview:large, max-video-preview:-1\" \/>\n<link rel=\"canonical\" href=\"https:\/\/graphimarket.com\/es\/product\/halloween-scene-creators-2\/\" \/>\n<meta property=\"og:locale\" content=\"es_ES\" \/>\n<meta property=\"og:type\" content=\"article\" \/>\n<meta property=\"og:title\" content=\"Halloween Scene Creators - Graphimarket\" \/>\n<meta property=\"og:description\" content=\"Halloween Scene Creators \u2013 Enjoy this Halloween with this awesome free gift from Inky Deals!This freebie includes 8 Scene Creators...\" \/>\n<meta property=\"og:url\" content=\"https:\/\/graphimarket.com\/es\/product\/halloween-scene-creators-2\/\" \/>\n<meta property=\"og:site_name\" content=\"Graphimarket\" \/>\n<meta property=\"article:modified_time\" content=\"2022-12-19T22:29:37+00:00\" \/>\n<meta property=\"og:image\" content=\"https:\/\/graphimarket.com\/wp-content\/uploads\/2020\/09\/Feature-Image-800x516-2.jpg\" \/>\n\t<meta property=\"og:image:width\" content=\"800\" \/>\n\t<meta property=\"og:image:height\" content=\"516\" \/>\n\t<meta property=\"og:image:type\" content=\"image\/jpeg\" \/>\n<meta name=\"twitter:card\" content=\"summary_large_image\" \/>\n<meta name=\"twitter:label1\" content=\"Est. reading time\" \/>\n\t<meta name=\"twitter:data1\" content=\"2 minutes\" \/>\n<script type=\"application\/ld+json\" class=\"yoast-schema-graph\">{\"@context\":\"https:\\\/\\\/schema.org\",\"@graph\":[{\"@type\":\"WebPage\",\"@id\":\"https:\\\/\\\/graphimarket.com\\\/product\\\/halloween-scene-creators-2\\\/\",\"url\":\"https:\\\/\\\/graphimarket.com\\\/product\\\/halloween-scene-creators-2\\\/\",\"name\":\"Halloween Scene Creators - Graphimarket\",\"isPartOf\":{\"@id\":\"https:\\\/\\\/graphimarket.com\\\/fr\\\/#website\"},\"primaryImageOfPage\":{\"@id\":\"https:\\\/\\\/graphimarket.com\\\/product\\\/halloween-scene-creators-2\\\/#primaryimage\"},\"image\":{\"@id\":\"https:\\\/\\\/graphimarket.com\\\/product\\\/halloween-scene-creators-2\\\/#primaryimage\"},\"thumbnailUrl\":\"https:\\\/\\\/graphimarket.com\\\/wp-content\\\/uploads\\\/2020\\\/09\\\/Feature-Image-800x516-2.jpg\",\"datePublished\":\"2020-09-03T13:40:55+00:00\",\"dateModified\":\"2022-12-19T22:29:37+00:00\",\"description\":\"Halloween Scene Creators \u2013 Enjoy this Halloween with this awesome free gift from Inky Deals!This freebie includes 8 Scene Creators...\",\"breadcrumb\":{\"@id\":\"https:\\\/\\\/graphimarket.com\\\/product\\\/halloween-scene-creators-2\\\/#breadcrumb\"},\"inLanguage\":\"es-ES\",\"potentialAction\":[{\"@type\":\"ReadAction\",\"target\":[\"https:\\\/\\\/graphimarket.com\\\/product\\\/halloween-scene-creators-2\\\/\"]}]},{\"@type\":\"ImageObject\",\"inLanguage\":\"es-ES\",\"@id\":\"https:\\\/\\\/graphimarket.com\\\/product\\\/halloween-scene-creators-2\\\/#primaryimage\",\"url\":\"https:\\\/\\\/graphimarket.com\\\/wp-content\\\/uploads\\\/2020\\\/09\\\/Feature-Image-800x516-2.jpg\",\"contentUrl\":\"https:\\\/\\\/graphimarket.com\\\/wp-content\\\/uploads\\\/2020\\\/09\\\/Feature-Image-800x516-2.jpg\",\"width\":800,\"height\":516},{\"@type\":\"BreadcrumbList\",\"@id\":\"https:\\\/\\\/graphimarket.com\\\/product\\\/halloween-scene-creators-2\\\/#breadcrumb\",\"itemListElement\":[{\"@type\":\"ListItem\",\"position\":1,\"name\":\"Home\",\"item\":\"https:\\\/\\\/graphimarket.com\\\/es\\\/\"},{\"@type\":\"ListItem\",\"position\":2,\"name\":\"Store\",\"item\":\"https:\\\/\\\/graphimarket.com\\\/store\\\/\"},{\"@type\":\"ListItem\",\"position\":3,\"name\":\"Halloween Scene Creators\"}]},{\"@type\":\"WebSite\",\"@id\":\"https:\\\/\\\/graphimarket.com\\\/fr\\\/#website\",\"url\":\"https:\\\/\\\/graphimarket.com\\\/fr\\\/\",\"name\":\"Graphimarket\",\"description\":\"Find the perfect creative asset to bring your project to life\",\"publisher\":{\"@id\":\"https:\\\/\\\/graphimarket.com\\\/fr\\\/#organization\"},\"potentialAction\":[{\"@type\":\"SearchAction\",\"target\":{\"@type\":\"EntryPoint\",\"urlTemplate\":\"https:\\\/\\\/graphimarket.com\\\/fr\\\/?s={search_term_string}\"},\"query-input\":{\"@type\":\"PropertyValueSpecification\",\"valueRequired\":true,\"valueName\":\"search_term_string\"}}],\"inLanguage\":\"es-ES\"},{\"@type\":\"Organization\",\"@id\":\"https:\\\/\\\/graphimarket.com\\\/fr\\\/#organization\",\"name\":\"Graphimarket\",\"url\":\"https:\\\/\\\/graphimarket.com\\\/fr\\\/\",\"logo\":{\"@type\":\"ImageObject\",\"inLanguage\":\"es-ES\",\"@id\":\"https:\\\/\\\/graphimarket.com\\\/fr\\\/#\\\/schema\\\/logo\\\/image\\\/\",\"url\":\"https:\\\/\\\/graphimarket.com\\\/wp-content\\\/uploads\\\/2020\\\/08\\\/logo-48.png\",\"contentUrl\":\"https:\\\/\\\/graphimarket.com\\\/wp-content\\\/uploads\\\/2020\\\/08\\\/logo-48.png\",\"width\":132,\"height\":48,\"caption\":\"Graphimarket\"},\"image\":{\"@id\":\"https:\\\/\\\/graphimarket.com\\\/fr\\\/#\\\/schema\\\/logo\\\/image\\\/\"}}]}<\/script>\n<!-- \/ Yoast SEO plugin. -->","yoast_head_json":{"title":"Creadores de escenas de Halloween - Graphimarket","description":"Creadores de escenas de Halloween: disfruta de este Halloween con este incre\u00edble regalo gratuito de Inky Deals. Este obsequio incluye 8 creadores de escenas ...","robots":{"index":"index","follow":"follow","max-snippet":"max-snippet:-1","max-image-preview":"max-image-preview:large","max-video-preview":"max-video-preview:-1"},"canonical":"https:\/\/graphimarket.com\/es\/product\/halloween-scene-creators-2\/","og_locale":"es_ES","og_type":"article","og_title":"Halloween Scene Creators - Graphimarket","og_description":"Halloween Scene Creators \u2013 Enjoy this Halloween with this awesome free gift from Inky Deals!This freebie includes 8 Scene Creators...","og_url":"https:\/\/graphimarket.com\/es\/product\/halloween-scene-creators-2\/","og_site_name":"Graphimarket","article_modified_time":"2022-12-19T22:29:37+00:00","og_image":[{"width":800,"height":516,"url":"https:\/\/graphimarket.com\/wp-content\/uploads\/2020\/09\/Feature-Image-800x516-2.jpg","type":"image\/jpeg"}],"twitter_card":"summary_large_image","twitter_misc":{"Est. reading time":"2 minutes"},"schema":{"@context":"https:\/\/schema.org","@graph":[{"@type":"WebPage","@id":"https:\/\/graphimarket.com\/product\/halloween-scene-creators-2\/","url":"https:\/\/graphimarket.com\/product\/halloween-scene-creators-2\/","name":"Creadores de escenas de Halloween - Graphimarket","isPartOf":{"@id":"https:\/\/graphimarket.com\/fr\/#website"},"primaryImageOfPage":{"@id":"https:\/\/graphimarket.com\/product\/halloween-scene-creators-2\/#primaryimage"},"image":{"@id":"https:\/\/graphimarket.com\/product\/halloween-scene-creators-2\/#primaryimage"},"thumbnailUrl":"https:\/\/graphimarket.com\/wp-content\/uploads\/2020\/09\/Feature-Image-800x516-2.jpg","datePublished":"2020-09-03T13:40:55+00:00","dateModified":"2022-12-19T22:29:37+00:00","description":"Creadores de escenas de Halloween: disfruta de este Halloween con este incre\u00edble regalo gratuito de Inky Deals. Este obsequio incluye 8 creadores de escenas ...","breadcrumb":{"@id":"https:\/\/graphimarket.com\/product\/halloween-scene-creators-2\/#breadcrumb"},"inLanguage":"es-ES","potentialAction":[{"@type":"ReadAction","target":["https:\/\/graphimarket.com\/product\/halloween-scene-creators-2\/"]}]},{"@type":"ImageObject","inLanguage":"es-ES","@id":"https:\/\/graphimarket.com\/product\/halloween-scene-creators-2\/#primaryimage","url":"https:\/\/graphimarket.com\/wp-content\/uploads\/2020\/09\/Feature-Image-800x516-2.jpg","contentUrl":"https:\/\/graphimarket.com\/wp-content\/uploads\/2020\/09\/Feature-Image-800x516-2.jpg","width":800,"height":516},{"@type":"BreadcrumbList","@id":"https:\/\/graphimarket.com\/product\/halloween-scene-creators-2\/#breadcrumb","itemListElement":[{"@type":"ListItem","position":1,"name":"Home","item":"https:\/\/graphimarket.com\/es\/"},{"@type":"ListItem","position":2,"name":"Store","item":"https:\/\/graphimarket.com\/store\/"},{"@type":"ListItem","position":3,"name":"Halloween Scene Creators"}]},{"@type":"WebSite","@id":"https:\/\/graphimarket.com\/fr\/#website","url":"https:\/\/graphimarket.com\/fr\/","name":"Graphimarket","description":"Encuentre el activo creativo perfecto para darle vida a su proyecto","publisher":{"@id":"https:\/\/graphimarket.com\/fr\/#organization"},"potentialAction":[{"@type":"SearchAction","target":{"@type":"EntryPoint","urlTemplate":"https:\/\/graphimarket.com\/fr\/?s={search_term_string}"},"query-input":{"@type":"PropertyValueSpecification","valueRequired":true,"valueName":"search_term_string"}}],"inLanguage":"es-ES"},{"@type":"Organization","@id":"https:\/\/graphimarket.com\/fr\/#organization","name":"Graphimarket","url":"https:\/\/graphimarket.com\/fr\/","logo":{"@type":"ImageObject","inLanguage":"es-ES","@id":"https:\/\/graphimarket.com\/fr\/#\/schema\/logo\/image\/","url":"https:\/\/graphimarket.com\/wp-content\/uploads\/2020\/08\/logo-48.png","contentUrl":"https:\/\/graphimarket.com\/wp-content\/uploads\/2020\/08\/logo-48.png","width":132,"height":48,"caption":"Graphimarket"},"image":{"@id":"https:\/\/graphimarket.com\/fr\/#\/schema\/logo\/image\/"}}]}},"_links":{"self":[{"href":"https:\/\/graphimarket.com\/es\/wp-json\/wp\/v2\/product\/7563","targetHints":{"allow":["GET"]}}],"collection":[{"href":"https:\/\/graphimarket.com\/es\/wp-json\/wp\/v2\/product"}],"about":[{"href":"https:\/\/graphimarket.com\/es\/wp-json\/wp\/v2\/types\/product"}],"replies":[{"embeddable":true,"href":"https:\/\/graphimarket.com\/es\/wp-json\/wp\/v2\/comments?post=7563"}],"version-history":[{"count":0,"href":"https:\/\/graphimarket.com\/es\/wp-json\/wp\/v2\/product\/7563\/revisions"}],"wp:featuredmedia":[{"embeddable":true,"href":"https:\/\/graphimarket.com\/es\/wp-json\/wp\/v2\/media\/7564"}],"wp:attachment":[{"href":"https:\/\/graphimarket.com\/es\/wp-json\/wp\/v2\/media?parent=7563"}],"wp:term":[{"taxonomy":"product_brand","embeddable":true,"href":"https:\/\/graphimarket.com\/es\/wp-json\/wp\/v2\/product_brand?post=7563"},{"taxonomy":"product_cat","embeddable":true,"href":"https:\/\/graphimarket.com\/es\/wp-json\/wp\/v2\/product_cat?post=7563"},{"taxonomy":"product_tag","embeddable":true,"href":"https:\/\/graphimarket.com\/es\/wp-json\/wp\/v2\/product_tag?post=7563"}],"curies":[{"name":"wp","href":"https:\/\/api.w.org\/{rel}","templated":true}]}}