{"id":7578,"date":"2020-09-03T16:01:03","date_gmt":"2020-09-03T14:01:03","guid":{"rendered":"https:\/\/graphimarket.com\/?post_type=product&#038;p=7578"},"modified":"2024-07-08T09:54:45","modified_gmt":"2024-07-08T07:54:45","slug":"linaria-font-freebie","status":"publish","type":"product","link":"https:\/\/graphimarket.com\/es\/product\/linaria-font-freebie\/","title":{"rendered":"Fuente Linaria - Freebie"},"content":{"rendered":"<h3>Fuente Linaria - Freebie<\/h3>\n<h3><strong>A Unique, Detailed &amp; Handwritten Font For Free!<\/strong><\/h3>\n<p><strong>Free font<\/strong>\u00a0with an extended commercial license\u2026 a designer couldn\u2019t ask for more?<\/p>\n<p>To all the font lovers, Inky presents our latest font freebie\u00a0<strong>Linaria Font\u00a0<\/strong>from<a href=\"https:\/\/eldamar-studio.com\/product\/linaria-font\/\" target=\"_blank\" rel=\"noopener noreferrer nofollow external\" data-wpel-link=\"external\"><strong>\u00a0Eldamar Studio<\/strong><\/a>. This font is a classy collection of numbers, uppercase, and lowercase letters. This font is perfect for gorgeous logos, displays, headers, invitations, save the dates, weddings, titles, web layouts, and branding, etc.<\/p>\n<p>This font comes with an<strong>\u00a0licencia comercial ampliada<\/strong>. So you can use it again and again for unlimited personal and commercial projects.<\/p>\n<h3><strong>What You Will Get With This Free Font?<\/strong><\/h3>\n<ul>\n<li>26 Uppercase Letters (A to Z)<\/li>\n<li>26 Lowercase Letters (a to z)<\/li>\n<li>10 Numbers (0 to 9)<\/li>\n<\/ul>\n<h3 style=\"text-align: center;\"><strong>Let\u2019s Explore This Free Font:<\/strong><\/h3>\n<p>&nbsp;<\/p>\n<p><img fetchpriority=\"high\" decoding=\"async\" class=\"aligncenter wp-image-7579 size-full\" src=\"https:\/\/graphimarket.com\/wp-content\/uploads\/2020\/09\/Presentation.-min-41-1024x682-1.jpg\" alt=\"\" width=\"1024\" height=\"682\" srcset=\"https:\/\/graphimarket.com\/wp-content\/uploads\/2020\/09\/Presentation.-min-41-1024x682-1.jpg 1024w, https:\/\/graphimarket.com\/wp-content\/uploads\/2020\/09\/Presentation.-min-41-1024x682-1-600x400.jpg 600w, https:\/\/graphimarket.com\/wp-content\/uploads\/2020\/09\/Presentation.-min-41-1024x682-1-300x200.jpg 300w, https:\/\/graphimarket.com\/wp-content\/uploads\/2020\/09\/Presentation.-min-41-1024x682-1-768x512.jpg 768w\" sizes=\"(max-width: 1024px) 100vw, 1024px\" \/><\/p>\n<p><img decoding=\"async\" class=\"aligncenter wp-image-7580 size-full\" src=\"https:\/\/graphimarket.com\/wp-content\/uploads\/2020\/09\/Presentation1-min-10-1024x682-1.jpg\" alt=\"\" width=\"1024\" height=\"682\" srcset=\"https:\/\/graphimarket.com\/wp-content\/uploads\/2020\/09\/Presentation1-min-10-1024x682-1.jpg 1024w, https:\/\/graphimarket.com\/wp-content\/uploads\/2020\/09\/Presentation1-min-10-1024x682-1-600x400.jpg 600w, https:\/\/graphimarket.com\/wp-content\/uploads\/2020\/09\/Presentation1-min-10-1024x682-1-300x200.jpg 300w, https:\/\/graphimarket.com\/wp-content\/uploads\/2020\/09\/Presentation1-min-10-1024x682-1-768x512.jpg 768w\" sizes=\"(max-width: 1024px) 100vw, 1024px\" \/><\/p>\n<p><img decoding=\"async\" class=\"aligncenter wp-image-7581 size-full\" src=\"https:\/\/graphimarket.com\/wp-content\/uploads\/2020\/09\/Presentation2-min-10-1024x682-1.jpg\" alt=\"\" width=\"1024\" height=\"682\" srcset=\"https:\/\/graphimarket.com\/wp-content\/uploads\/2020\/09\/Presentation2-min-10-1024x682-1.jpg 1024w, https:\/\/graphimarket.com\/wp-content\/uploads\/2020\/09\/Presentation2-min-10-1024x682-1-600x400.jpg 600w, https:\/\/graphimarket.com\/wp-content\/uploads\/2020\/09\/Presentation2-min-10-1024x682-1-300x200.jpg 300w, https:\/\/graphimarket.com\/wp-content\/uploads\/2020\/09\/Presentation2-min-10-1024x682-1-768x512.jpg 768w\" sizes=\"(max-width: 1024px) 100vw, 1024px\" \/><\/p>\n<p><img loading=\"lazy\" decoding=\"async\" class=\"aligncenter wp-image-7582 size-full\" src=\"https:\/\/graphimarket.com\/wp-content\/uploads\/2020\/09\/Presentation3-min-10-1024x682-1.jpg\" alt=\"\" width=\"1024\" height=\"682\" srcset=\"https:\/\/graphimarket.com\/wp-content\/uploads\/2020\/09\/Presentation3-min-10-1024x682-1.jpg 1024w, https:\/\/graphimarket.com\/wp-content\/uploads\/2020\/09\/Presentation3-min-10-1024x682-1-600x400.jpg 600w, https:\/\/graphimarket.com\/wp-content\/uploads\/2020\/09\/Presentation3-min-10-1024x682-1-300x200.jpg 300w, https:\/\/graphimarket.com\/wp-content\/uploads\/2020\/09\/Presentation3-min-10-1024x682-1-768x512.jpg 768w\" sizes=\"(max-width: 1024px) 100vw, 1024px\" \/><\/p>\n<p><img loading=\"lazy\" decoding=\"async\" class=\"aligncenter wp-image-7583 size-full\" src=\"https:\/\/graphimarket.com\/wp-content\/uploads\/2020\/09\/Presentation4-min-10-1024x682-1.jpg\" alt=\"\" width=\"1024\" height=\"682\" srcset=\"https:\/\/graphimarket.com\/wp-content\/uploads\/2020\/09\/Presentation4-min-10-1024x682-1.jpg 1024w, https:\/\/graphimarket.com\/wp-content\/uploads\/2020\/09\/Presentation4-min-10-1024x682-1-600x400.jpg 600w, https:\/\/graphimarket.com\/wp-content\/uploads\/2020\/09\/Presentation4-min-10-1024x682-1-300x200.jpg 300w, https:\/\/graphimarket.com\/wp-content\/uploads\/2020\/09\/Presentation4-min-10-1024x682-1-768x512.jpg 768w\" sizes=\"(max-width: 1024px) 100vw, 1024px\" \/><\/p>\n<p><img loading=\"lazy\" decoding=\"async\" class=\"aligncenter wp-image-7584 size-full\" src=\"https:\/\/graphimarket.com\/wp-content\/uploads\/2020\/09\/Presentation5-min-7-1024x682-1.jpg\" alt=\"\" width=\"1024\" height=\"682\" srcset=\"https:\/\/graphimarket.com\/wp-content\/uploads\/2020\/09\/Presentation5-min-7-1024x682-1.jpg 1024w, https:\/\/graphimarket.com\/wp-content\/uploads\/2020\/09\/Presentation5-min-7-1024x682-1-600x400.jpg 600w, https:\/\/graphimarket.com\/wp-content\/uploads\/2020\/09\/Presentation5-min-7-1024x682-1-300x200.jpg 300w, https:\/\/graphimarket.com\/wp-content\/uploads\/2020\/09\/Presentation5-min-7-1024x682-1-768x512.jpg 768w\" sizes=\"(max-width: 1024px) 100vw, 1024px\" \/><\/p>\n<p>&nbsp;<\/p>\n<h3><strong>T\u00e9rminos de la oferta:<\/strong><\/h3>\n<ul>\n<li>Este paquete est\u00e1 disponible como descarga instant\u00e1nea, despu\u00e9s de completar su compra.<\/li>\n<li>El paquete se puede utilizar para fines personales y comerciales con un n\u00famero ilimitado de proyectos.<\/li>\n<li>Los productos finales no deben usarse ni venderse de una manera que compita directamente con el art\u00edculo original que compr\u00f3.<\/li>\n<li>No puede sublicenciarse, revenderse, compartirse, transferirse o redistribuirse de otra manera por s\u00ed solo. No puede compartir estos recursos con otros.<\/li>\n<li>Obtendr\u00e1 acceso de por vida al paquete.<\/li>\n<li>Este trato viene con un\u00a0<strong>licencia comercial ampliada<\/strong>\u00a0para que pueda usar este paquete para proyectos personales y comerciales ilimitados.<\/li>\n<\/ul>","protected":false},"excerpt":{"rendered":"<p>Linaria Font &#8211; Freebie A Unique, Detailed &amp; Handwritten Font For Free! Free font\u00a0with an extended commercial license\u2026 a designer couldn\u2019t ask for more? To all the font lovers, Inky presents our latest font freebie\u00a0Linaria Font\u00a0from\u00a0Eldamar Studio. This font is a classy collection of numbers, uppercase, and lowercase letters. This font is perfect for gorgeous [&hellip;]<\/p>\n","protected":false},"featured_media":7585,"comment_status":"open","ping_status":"closed","template":"","meta":{"site-sidebar-layout":"default","site-content-layout":"default","ast-site-content-layout":"default","site-content-style":"default","site-sidebar-style":"default","ast-global-header-display":"","ast-banner-title-visibility":"","ast-main-header-display":"","ast-hfb-above-header-display":"","ast-hfb-below-header-display":"","ast-hfb-mobile-header-display":"","site-post-title":"","ast-breadcrumbs-content":"","ast-featured-img":"","footer-sml-layout":"","ast-disable-related-posts":"","theme-transparent-header-meta":"default","adv-header-id-meta":"","stick-header-meta":"","header-above-stick-meta":"","header-main-stick-meta":"","header-below-stick-meta":"","astra-migrate-meta-layouts":"default","ast-page-background-enabled":"default","ast-page-background-meta":{"desktop":{"background-color":"","background-image":"","background-repeat":"repeat","background-position":"center center","background-size":"auto","background-attachment":"scroll","background-type":"","background-media":"","overlay-type":"","overlay-color":"","overlay-opacity":"","overlay-gradient":""},"tablet":{"background-color":"","background-image":"","background-repeat":"repeat","background-position":"center center","background-size":"auto","background-attachment":"scroll","background-type":"","background-media":"","overlay-type":"","overlay-color":"","overlay-opacity":"","overlay-gradient":""},"mobile":{"background-color":"","background-image":"","background-repeat":"repeat","background-position":"center center","background-size":"auto","background-attachment":"scroll","background-type":"","background-media":"","overlay-type":"","overlay-color":"","overlay-opacity":"","overlay-gradient":""}},"ast-content-background-meta":{"desktop":{"background-color":"var(--ast-global-color-5)","background-image":"","background-repeat":"repeat","background-position":"center center","background-size":"auto","background-attachment":"scroll","background-type":"","background-media":"","overlay-type":"","overlay-color":"","overlay-opacity":"","overlay-gradient":""},"tablet":{"background-color":"var(--ast-global-color-5)","background-image":"","background-repeat":"repeat","background-position":"center center","background-size":"auto","background-attachment":"scroll","background-type":"","background-media":"","overlay-type":"","overlay-color":"","overlay-opacity":"","overlay-gradient":""},"mobile":{"background-color":"var(--ast-global-color-5)","background-image":"","background-repeat":"repeat","background-position":"center center","background-size":"auto","background-attachment":"scroll","background-type":"","background-media":"","overlay-type":"","overlay-color":"","overlay-opacity":"","overlay-gradient":""}}},"product_brand":[],"product_cat":[187,191,15],"product_tag":[],"class_list":{"0":"post-7578","1":"product","2":"type-product","3":"status-publish","4":"has-post-thumbnail","6":"product_cat-fonts","7":"product_cat-free","8":"product_cat-photo","9":"desktop-align-left","10":"tablet-align-left","11":"mobile-align-left","13":"first","14":"instock","15":"sale","16":"downloadable","17":"virtual","18":"taxable","19":"purchasable","20":"product-type-simple"},"yoast_head":"<!-- This site is optimized with the Yoast SEO plugin v27.3 - https:\/\/yoast.com\/product\/yoast-seo-wordpress\/ -->\n<title>Linaria Font - Freebie - Graphimarket<\/title>\n<meta name=\"description\" content=\"Linaria Font - FreebieA Unique, Detailed &amp; Handwritten Font For Free!...\" \/>\n<meta name=\"robots\" content=\"index, follow, max-snippet:-1, max-image-preview:large, max-video-preview:-1\" \/>\n<link rel=\"canonical\" href=\"https:\/\/graphimarket.com\/es\/product\/linaria-font-freebie\/\" \/>\n<meta property=\"og:locale\" content=\"es_ES\" \/>\n<meta property=\"og:type\" content=\"article\" \/>\n<meta property=\"og:title\" content=\"Linaria Font - Freebie - Graphimarket\" \/>\n<meta property=\"og:description\" content=\"Linaria Font - FreebieA Unique, Detailed &amp; Handwritten Font For Free!...\" \/>\n<meta property=\"og:url\" content=\"https:\/\/graphimarket.com\/es\/product\/linaria-font-freebie\/\" \/>\n<meta property=\"og:site_name\" content=\"Graphimarket\" \/>\n<meta property=\"article:modified_time\" content=\"2024-07-08T07:54:45+00:00\" \/>\n<meta property=\"og:image\" content=\"https:\/\/graphimarket.com\/wp-content\/uploads\/2020\/09\/Main-Image.-min-10-800x534-1.jpg\" \/>\n\t<meta property=\"og:image:width\" content=\"800\" \/>\n\t<meta property=\"og:image:height\" content=\"534\" \/>\n\t<meta property=\"og:image:type\" content=\"image\/jpeg\" \/>\n<meta name=\"twitter:card\" content=\"summary_large_image\" \/>\n<meta name=\"twitter:label1\" content=\"Est. reading time\" \/>\n\t<meta name=\"twitter:data1\" content=\"1 minute\" \/>\n<script type=\"application\/ld+json\" class=\"yoast-schema-graph\">{\"@context\":\"https:\\\/\\\/schema.org\",\"@graph\":[{\"@type\":\"WebPage\",\"@id\":\"https:\\\/\\\/graphimarket.com\\\/product\\\/linaria-font-freebie\\\/\",\"url\":\"https:\\\/\\\/graphimarket.com\\\/product\\\/linaria-font-freebie\\\/\",\"name\":\"Linaria Font - Freebie - Graphimarket\",\"isPartOf\":{\"@id\":\"https:\\\/\\\/graphimarket.com\\\/fr\\\/#website\"},\"primaryImageOfPage\":{\"@id\":\"https:\\\/\\\/graphimarket.com\\\/product\\\/linaria-font-freebie\\\/#primaryimage\"},\"image\":{\"@id\":\"https:\\\/\\\/graphimarket.com\\\/product\\\/linaria-font-freebie\\\/#primaryimage\"},\"thumbnailUrl\":\"https:\\\/\\\/graphimarket.com\\\/wp-content\\\/uploads\\\/2020\\\/09\\\/Main-Image.-min-10-800x534-1.jpg\",\"datePublished\":\"2020-09-03T14:01:03+00:00\",\"dateModified\":\"2024-07-08T07:54:45+00:00\",\"description\":\"Linaria Font - FreebieA Unique, Detailed & Handwritten Font For Free!...\",\"breadcrumb\":{\"@id\":\"https:\\\/\\\/graphimarket.com\\\/product\\\/linaria-font-freebie\\\/#breadcrumb\"},\"inLanguage\":\"es-ES\",\"potentialAction\":[{\"@type\":\"ReadAction\",\"target\":[\"https:\\\/\\\/graphimarket.com\\\/product\\\/linaria-font-freebie\\\/\"]}]},{\"@type\":\"ImageObject\",\"inLanguage\":\"es-ES\",\"@id\":\"https:\\\/\\\/graphimarket.com\\\/product\\\/linaria-font-freebie\\\/#primaryimage\",\"url\":\"https:\\\/\\\/graphimarket.com\\\/wp-content\\\/uploads\\\/2020\\\/09\\\/Main-Image.-min-10-800x534-1.jpg\",\"contentUrl\":\"https:\\\/\\\/graphimarket.com\\\/wp-content\\\/uploads\\\/2020\\\/09\\\/Main-Image.-min-10-800x534-1.jpg\",\"width\":800,\"height\":534},{\"@type\":\"BreadcrumbList\",\"@id\":\"https:\\\/\\\/graphimarket.com\\\/product\\\/linaria-font-freebie\\\/#breadcrumb\",\"itemListElement\":[{\"@type\":\"ListItem\",\"position\":1,\"name\":\"Home\",\"item\":\"https:\\\/\\\/graphimarket.com\\\/es\\\/\"},{\"@type\":\"ListItem\",\"position\":2,\"name\":\"Store\",\"item\":\"https:\\\/\\\/graphimarket.com\\\/store\\\/\"},{\"@type\":\"ListItem\",\"position\":3,\"name\":\"Linaria Font &#8211; Freebie\"}]},{\"@type\":\"WebSite\",\"@id\":\"https:\\\/\\\/graphimarket.com\\\/fr\\\/#website\",\"url\":\"https:\\\/\\\/graphimarket.com\\\/fr\\\/\",\"name\":\"Graphimarket\",\"description\":\"Find the perfect creative asset to bring your project to life\",\"publisher\":{\"@id\":\"https:\\\/\\\/graphimarket.com\\\/fr\\\/#organization\"},\"potentialAction\":[{\"@type\":\"SearchAction\",\"target\":{\"@type\":\"EntryPoint\",\"urlTemplate\":\"https:\\\/\\\/graphimarket.com\\\/fr\\\/?s={search_term_string}\"},\"query-input\":{\"@type\":\"PropertyValueSpecification\",\"valueRequired\":true,\"valueName\":\"search_term_string\"}}],\"inLanguage\":\"es-ES\"},{\"@type\":\"Organization\",\"@id\":\"https:\\\/\\\/graphimarket.com\\\/fr\\\/#organization\",\"name\":\"Graphimarket\",\"url\":\"https:\\\/\\\/graphimarket.com\\\/fr\\\/\",\"logo\":{\"@type\":\"ImageObject\",\"inLanguage\":\"es-ES\",\"@id\":\"https:\\\/\\\/graphimarket.com\\\/fr\\\/#\\\/schema\\\/logo\\\/image\\\/\",\"url\":\"https:\\\/\\\/graphimarket.com\\\/wp-content\\\/uploads\\\/2020\\\/08\\\/logo-48.png\",\"contentUrl\":\"https:\\\/\\\/graphimarket.com\\\/wp-content\\\/uploads\\\/2020\\\/08\\\/logo-48.png\",\"width\":132,\"height\":48,\"caption\":\"Graphimarket\"},\"image\":{\"@id\":\"https:\\\/\\\/graphimarket.com\\\/fr\\\/#\\\/schema\\\/logo\\\/image\\\/\"}}]}<\/script>\n<!-- \/ Yoast SEO plugin. -->","yoast_head_json":{"title":"Linaria Font - Freebie - Graphimarket","description":"Linaria Font - FreebieA Unique, Detailed & Handwritten Font For Free!...","robots":{"index":"index","follow":"follow","max-snippet":"max-snippet:-1","max-image-preview":"max-image-preview:large","max-video-preview":"max-video-preview:-1"},"canonical":"https:\/\/graphimarket.com\/es\/product\/linaria-font-freebie\/","og_locale":"es_ES","og_type":"article","og_title":"Linaria Font - Freebie - Graphimarket","og_description":"Linaria Font - FreebieA Unique, Detailed & Handwritten Font For Free!...","og_url":"https:\/\/graphimarket.com\/es\/product\/linaria-font-freebie\/","og_site_name":"Graphimarket","article_modified_time":"2024-07-08T07:54:45+00:00","og_image":[{"width":800,"height":534,"url":"https:\/\/graphimarket.com\/wp-content\/uploads\/2020\/09\/Main-Image.-min-10-800x534-1.jpg","type":"image\/jpeg"}],"twitter_card":"summary_large_image","twitter_misc":{"Est. reading time":"1 minute"},"schema":{"@context":"https:\/\/schema.org","@graph":[{"@type":"WebPage","@id":"https:\/\/graphimarket.com\/product\/linaria-font-freebie\/","url":"https:\/\/graphimarket.com\/product\/linaria-font-freebie\/","name":"Linaria Font - Freebie - Graphimarket","isPartOf":{"@id":"https:\/\/graphimarket.com\/fr\/#website"},"primaryImageOfPage":{"@id":"https:\/\/graphimarket.com\/product\/linaria-font-freebie\/#primaryimage"},"image":{"@id":"https:\/\/graphimarket.com\/product\/linaria-font-freebie\/#primaryimage"},"thumbnailUrl":"https:\/\/graphimarket.com\/wp-content\/uploads\/2020\/09\/Main-Image.-min-10-800x534-1.jpg","datePublished":"2020-09-03T14:01:03+00:00","dateModified":"2024-07-08T07:54:45+00:00","description":"Linaria Font - FreebieA Unique, Detailed & Handwritten Font For Free!...","breadcrumb":{"@id":"https:\/\/graphimarket.com\/product\/linaria-font-freebie\/#breadcrumb"},"inLanguage":"es-ES","potentialAction":[{"@type":"ReadAction","target":["https:\/\/graphimarket.com\/product\/linaria-font-freebie\/"]}]},{"@type":"ImageObject","inLanguage":"es-ES","@id":"https:\/\/graphimarket.com\/product\/linaria-font-freebie\/#primaryimage","url":"https:\/\/graphimarket.com\/wp-content\/uploads\/2020\/09\/Main-Image.-min-10-800x534-1.jpg","contentUrl":"https:\/\/graphimarket.com\/wp-content\/uploads\/2020\/09\/Main-Image.-min-10-800x534-1.jpg","width":800,"height":534},{"@type":"BreadcrumbList","@id":"https:\/\/graphimarket.com\/product\/linaria-font-freebie\/#breadcrumb","itemListElement":[{"@type":"ListItem","position":1,"name":"Home","item":"https:\/\/graphimarket.com\/es\/"},{"@type":"ListItem","position":2,"name":"Store","item":"https:\/\/graphimarket.com\/store\/"},{"@type":"ListItem","position":3,"name":"Linaria Font &#8211; Freebie"}]},{"@type":"WebSite","@id":"https:\/\/graphimarket.com\/fr\/#website","url":"https:\/\/graphimarket.com\/fr\/","name":"Graphimarket","description":"Encuentre el activo creativo perfecto para darle vida a su proyecto","publisher":{"@id":"https:\/\/graphimarket.com\/fr\/#organization"},"potentialAction":[{"@type":"SearchAction","target":{"@type":"EntryPoint","urlTemplate":"https:\/\/graphimarket.com\/fr\/?s={search_term_string}"},"query-input":{"@type":"PropertyValueSpecification","valueRequired":true,"valueName":"search_term_string"}}],"inLanguage":"es-ES"},{"@type":"Organization","@id":"https:\/\/graphimarket.com\/fr\/#organization","name":"Graphimarket","url":"https:\/\/graphimarket.com\/fr\/","logo":{"@type":"ImageObject","inLanguage":"es-ES","@id":"https:\/\/graphimarket.com\/fr\/#\/schema\/logo\/image\/","url":"https:\/\/graphimarket.com\/wp-content\/uploads\/2020\/08\/logo-48.png","contentUrl":"https:\/\/graphimarket.com\/wp-content\/uploads\/2020\/08\/logo-48.png","width":132,"height":48,"caption":"Graphimarket"},"image":{"@id":"https:\/\/graphimarket.com\/fr\/#\/schema\/logo\/image\/"}}]}},"_links":{"self":[{"href":"https:\/\/graphimarket.com\/es\/wp-json\/wp\/v2\/product\/7578","targetHints":{"allow":["GET"]}}],"collection":[{"href":"https:\/\/graphimarket.com\/es\/wp-json\/wp\/v2\/product"}],"about":[{"href":"https:\/\/graphimarket.com\/es\/wp-json\/wp\/v2\/types\/product"}],"replies":[{"embeddable":true,"href":"https:\/\/graphimarket.com\/es\/wp-json\/wp\/v2\/comments?post=7578"}],"version-history":[{"count":0,"href":"https:\/\/graphimarket.com\/es\/wp-json\/wp\/v2\/product\/7578\/revisions"}],"wp:featuredmedia":[{"embeddable":true,"href":"https:\/\/graphimarket.com\/es\/wp-json\/wp\/v2\/media\/7585"}],"wp:attachment":[{"href":"https:\/\/graphimarket.com\/es\/wp-json\/wp\/v2\/media?parent=7578"}],"wp:term":[{"taxonomy":"product_brand","embeddable":true,"href":"https:\/\/graphimarket.com\/es\/wp-json\/wp\/v2\/product_brand?post=7578"},{"taxonomy":"product_cat","embeddable":true,"href":"https:\/\/graphimarket.com\/es\/wp-json\/wp\/v2\/product_cat?post=7578"},{"taxonomy":"product_tag","embeddable":true,"href":"https:\/\/graphimarket.com\/es\/wp-json\/wp\/v2\/product_tag?post=7578"}],"curies":[{"name":"wp","href":"https:\/\/api.w.org\/{rel}","templated":true}]}}