{"id":7601,"date":"2020-09-03T16:21:13","date_gmt":"2020-09-03T14:21:13","guid":{"rendered":"https:\/\/graphimarket.com\/?post_type=product&#038;p=7601"},"modified":"2022-12-19T23:29:19","modified_gmt":"2022-12-19T22:29:19","slug":"marvelous-vector-illustrations-with-an-extended-license","status":"publish","type":"product","link":"https:\/\/graphimarket.com\/es\/product\/marvelous-vector-illustrations-with-an-extended-license\/","title":{"rendered":"Maravillosas ilustraciones vectoriales con una licencia extendida"},"content":{"rendered":"<p>Maravillosas ilustraciones vectoriales: \u00a1es hora de otro maravilloso regalo de promoci\u00f3n, cortes\u00eda de Inky Deals! Y este obsequio es la estrella del espect\u00e1culo de esta semana (adem\u00e1s de esos enormes paquetes, por supuesto).<br \/>\n\u00a1Estoy hablando de una gran colecci\u00f3n con 12 ilustraciones vectoriales de primera l\u00ednea que valen un enorme $48!<\/p>\n<p>Son extremadamente vers\u00e1tiles; puede usarlos tal cual en proyectos impresos y web, mezclar los elementos entre s\u00ed para crear nuevas ilustraciones o incluso tomar ciertas partes y usarlas como elementos vectoriales individuales.<\/p>\n<p>\u00a1Este acuerdo viene con una licencia comercial extendida para que pueda usar este paquete para proyectos personales y comerciales ilimitados!<\/p>\n<p>Como est\u00e1 acostumbrado, este obsequio viene con una licencia extendida de usos m\u00faltiples, lo que le permite usarlo en un n\u00famero ilimitado de proyectos personales y comerciales sin tarifas adicionales ni necesidad de atribuci\u00f3n.<\/p>\n<p>Aqu\u00ed tienes una vista previa de lo que obtienes:<\/p>\n<p>&nbsp;<\/p>\n<p><img fetchpriority=\"high\" decoding=\"async\" class=\"aligncenter wp-image-7603 size-full\" src=\"https:\/\/graphimarket.com\/wp-content\/uploads\/2020\/09\/1000-premium-vector-illustrations-free-sample-preview-1.jpg\" alt=\"\" width=\"630\" height=\"1249\" srcset=\"https:\/\/graphimarket.com\/wp-content\/uploads\/2020\/09\/1000-premium-vector-illustrations-free-sample-preview-1.jpg 630w, https:\/\/graphimarket.com\/wp-content\/uploads\/2020\/09\/1000-premium-vector-illustrations-free-sample-preview-1-600x1190.jpg 600w, https:\/\/graphimarket.com\/wp-content\/uploads\/2020\/09\/1000-premium-vector-illustrations-free-sample-preview-1-151x300.jpg 151w, https:\/\/graphimarket.com\/wp-content\/uploads\/2020\/09\/1000-premium-vector-illustrations-free-sample-preview-1-517x1024.jpg 517w\" sizes=\"(max-width: 630px) 100vw, 630px\" \/><\/p>\n<p>&nbsp;<\/p>\n<p>&nbsp;<\/p>\n<p>&nbsp;<\/p>\n<p>Son extremadamente vers\u00e1tiles; puede usarlos tal cual en proyectos impresos y web, mezclar los elementos entre s\u00ed para crear nuevas ilustraciones o incluso tomar ciertas partes y usarlas como elementos vectoriales individuales. Como est\u00e1 acostumbrado, este obsequio viene con una licencia extendida de usos m\u00faltiples, lo que le permite usarlo en un n\u00famero ilimitado de proyectos personales y comerciales sin tarifas adicionales ni necesidad de atribuci\u00f3n.<\/p>\n<h3>T\u00e9rminos de la oferta para este maravilloso paquete de ilustraciones vectoriales:<\/h3>\n<ul>\n<li>Este paquete est\u00e1 disponible como descarga instant\u00e1nea, despu\u00e9s de completar su compra.<\/li>\n<li>El paquete se puede utilizar para fines personales y comerciales con un n\u00famero ilimitado de proyectos.<\/li>\n<li>Los productos finales no deben usarse ni venderse de una manera que compita directamente con el art\u00edculo original que compr\u00f3.<\/li>\n<li>No puede sublicenciarse, revenderse, compartirse, transferirse o redistribuirse de otra manera por s\u00ed solo. No puede compartir estos recursos con otros.<\/li>\n<li>Obtendr\u00e1 acceso de por vida al paquete.<\/li>\n<li>Este trato viene con un\u00a0<strong>licencia comercial ampliada<\/strong>\u00a0para que pueda usar este paquete para proyectos personales y comerciales ilimitados.<\/li>\n<\/ul>","protected":false},"excerpt":{"rendered":"<p>Marvelous Vector Illustrations: It\u2019s time for another marvelous freebie, courtesy of Inky Deals! And this freebie is this week\u2019s star of the show (besides those huge bundles of course). I\u2019m talking about a huge collection with 12 top-of-the line vector illustrations worth a massive $48! They\u2019re\u00a0extremely versatile;\u00a0you can use them as they are in print [&hellip;]<\/p>\n","protected":false},"featured_media":7604,"comment_status":"open","ping_status":"closed","template":"","meta":{"site-sidebar-layout":"default","site-content-layout":"default","ast-site-content-layout":"default","site-content-style":"default","site-sidebar-style":"default","ast-global-header-display":"","ast-banner-title-visibility":"","ast-main-header-display":"","ast-hfb-above-header-display":"","ast-hfb-below-header-display":"","ast-hfb-mobile-header-display":"","site-post-title":"","ast-breadcrumbs-content":"","ast-featured-img":"","footer-sml-layout":"","ast-disable-related-posts":"","theme-transparent-header-meta":"default","adv-header-id-meta":"","stick-header-meta":"","header-above-stick-meta":"","header-main-stick-meta":"","header-below-stick-meta":"","astra-migrate-meta-layouts":"default","ast-page-background-enabled":"default","ast-page-background-meta":{"desktop":{"background-color":"","background-image":"","background-repeat":"repeat","background-position":"center center","background-size":"auto","background-attachment":"scroll","background-type":"","background-media":"","overlay-type":"","overlay-color":"","overlay-opacity":"","overlay-gradient":""},"tablet":{"background-color":"","background-image":"","background-repeat":"repeat","background-position":"center center","background-size":"auto","background-attachment":"scroll","background-type":"","background-media":"","overlay-type":"","overlay-color":"","overlay-opacity":"","overlay-gradient":""},"mobile":{"background-color":"","background-image":"","background-repeat":"repeat","background-position":"center center","background-size":"auto","background-attachment":"scroll","background-type":"","background-media":"","overlay-type":"","overlay-color":"","overlay-opacity":"","overlay-gradient":""}},"ast-content-background-meta":{"desktop":{"background-color":"var(--ast-global-color-5)","background-image":"","background-repeat":"repeat","background-position":"center center","background-size":"auto","background-attachment":"scroll","background-type":"","background-media":"","overlay-type":"","overlay-color":"","overlay-opacity":"","overlay-gradient":""},"tablet":{"background-color":"var(--ast-global-color-5)","background-image":"","background-repeat":"repeat","background-position":"center center","background-size":"auto","background-attachment":"scroll","background-type":"","background-media":"","overlay-type":"","overlay-color":"","overlay-opacity":"","overlay-gradient":""},"mobile":{"background-color":"var(--ast-global-color-5)","background-image":"","background-repeat":"repeat","background-position":"center center","background-size":"auto","background-attachment":"scroll","background-type":"","background-media":"","overlay-type":"","overlay-color":"","overlay-opacity":"","overlay-gradient":""}}},"product_brand":[],"product_cat":[119,191,46,122,15,195,164],"product_tag":[],"class_list":{"0":"post-7601","1":"product","2":"type-product","3":"status-publish","4":"has-post-thumbnail","6":"product_cat-expired-deals","7":"product_cat-free","8":"product_cat-graphics","9":"product_cat-illustrations","10":"product_cat-photo","11":"product_cat-photoshop","12":"product_cat-software","13":"desktop-align-left","14":"tablet-align-left","15":"mobile-align-left","17":"first","18":"instock","19":"sale","20":"downloadable","21":"virtual","22":"taxable","23":"purchasable","24":"product-type-simple"},"yoast_head":"<!-- This site is optimized with the Yoast SEO plugin v27.3 - https:\/\/yoast.com\/product\/yoast-seo-wordpress\/ -->\n<title>Marvelous Vector Illustrations with an Extended License - Graphimarket<\/title>\n<meta name=\"description\" content=\"Marvelous Vector Illustrations: It\u2019s time for another marvelous freebie, courtesy of Inky Deals! And this freebie is...\" \/>\n<meta name=\"robots\" content=\"index, follow, max-snippet:-1, max-image-preview:large, max-video-preview:-1\" \/>\n<link rel=\"canonical\" href=\"https:\/\/graphimarket.com\/es\/product\/marvelous-vector-illustrations-with-an-extended-license\/\" \/>\n<meta property=\"og:locale\" content=\"es_ES\" \/>\n<meta property=\"og:type\" content=\"article\" \/>\n<meta property=\"og:title\" content=\"Marvelous Vector Illustrations with an Extended License - Graphimarket\" \/>\n<meta property=\"og:description\" content=\"Marvelous Vector Illustrations: It\u2019s time for another marvelous freebie, courtesy of Inky Deals! And this freebie is...\" \/>\n<meta property=\"og:url\" content=\"https:\/\/graphimarket.com\/es\/product\/marvelous-vector-illustrations-with-an-extended-license\/\" \/>\n<meta property=\"og:site_name\" content=\"Graphimarket\" \/>\n<meta property=\"article:modified_time\" content=\"2022-12-19T22:29:19+00:00\" \/>\n<meta property=\"og:image\" content=\"https:\/\/graphimarket.com\/wp-content\/uploads\/2020\/09\/preview8.jpg\" \/>\n\t<meta property=\"og:image:width\" content=\"520\" \/>\n\t<meta property=\"og:image:height\" content=\"360\" \/>\n\t<meta property=\"og:image:type\" content=\"image\/jpeg\" \/>\n<meta name=\"twitter:card\" content=\"summary_large_image\" \/>\n<meta name=\"twitter:label1\" content=\"Est. reading time\" \/>\n\t<meta name=\"twitter:data1\" content=\"2 minutes\" \/>\n<script type=\"application\/ld+json\" class=\"yoast-schema-graph\">{\"@context\":\"https:\\\/\\\/schema.org\",\"@graph\":[{\"@type\":\"WebPage\",\"@id\":\"https:\\\/\\\/graphimarket.com\\\/product\\\/marvelous-vector-illustrations-with-an-extended-license\\\/\",\"url\":\"https:\\\/\\\/graphimarket.com\\\/product\\\/marvelous-vector-illustrations-with-an-extended-license\\\/\",\"name\":\"Marvelous Vector Illustrations with an Extended License - Graphimarket\",\"isPartOf\":{\"@id\":\"https:\\\/\\\/graphimarket.com\\\/fr\\\/#website\"},\"primaryImageOfPage\":{\"@id\":\"https:\\\/\\\/graphimarket.com\\\/product\\\/marvelous-vector-illustrations-with-an-extended-license\\\/#primaryimage\"},\"image\":{\"@id\":\"https:\\\/\\\/graphimarket.com\\\/product\\\/marvelous-vector-illustrations-with-an-extended-license\\\/#primaryimage\"},\"thumbnailUrl\":\"https:\\\/\\\/graphimarket.com\\\/wp-content\\\/uploads\\\/2020\\\/09\\\/preview8.jpg\",\"datePublished\":\"2020-09-03T14:21:13+00:00\",\"dateModified\":\"2022-12-19T22:29:19+00:00\",\"description\":\"Marvelous Vector Illustrations: It\u2019s time for another marvelous freebie, courtesy of Inky Deals! And this freebie is...\",\"breadcrumb\":{\"@id\":\"https:\\\/\\\/graphimarket.com\\\/product\\\/marvelous-vector-illustrations-with-an-extended-license\\\/#breadcrumb\"},\"inLanguage\":\"es-ES\",\"potentialAction\":[{\"@type\":\"ReadAction\",\"target\":[\"https:\\\/\\\/graphimarket.com\\\/product\\\/marvelous-vector-illustrations-with-an-extended-license\\\/\"]}]},{\"@type\":\"ImageObject\",\"inLanguage\":\"es-ES\",\"@id\":\"https:\\\/\\\/graphimarket.com\\\/product\\\/marvelous-vector-illustrations-with-an-extended-license\\\/#primaryimage\",\"url\":\"https:\\\/\\\/graphimarket.com\\\/wp-content\\\/uploads\\\/2020\\\/09\\\/preview8.jpg\",\"contentUrl\":\"https:\\\/\\\/graphimarket.com\\\/wp-content\\\/uploads\\\/2020\\\/09\\\/preview8.jpg\",\"width\":520,\"height\":360},{\"@type\":\"BreadcrumbList\",\"@id\":\"https:\\\/\\\/graphimarket.com\\\/product\\\/marvelous-vector-illustrations-with-an-extended-license\\\/#breadcrumb\",\"itemListElement\":[{\"@type\":\"ListItem\",\"position\":1,\"name\":\"Home\",\"item\":\"https:\\\/\\\/graphimarket.com\\\/es\\\/\"},{\"@type\":\"ListItem\",\"position\":2,\"name\":\"Store\",\"item\":\"https:\\\/\\\/graphimarket.com\\\/store\\\/\"},{\"@type\":\"ListItem\",\"position\":3,\"name\":\"Marvelous Vector Illustrations with an Extended License\"}]},{\"@type\":\"WebSite\",\"@id\":\"https:\\\/\\\/graphimarket.com\\\/fr\\\/#website\",\"url\":\"https:\\\/\\\/graphimarket.com\\\/fr\\\/\",\"name\":\"Graphimarket\",\"description\":\"Find the perfect creative asset to bring your project to life\",\"publisher\":{\"@id\":\"https:\\\/\\\/graphimarket.com\\\/fr\\\/#organization\"},\"potentialAction\":[{\"@type\":\"SearchAction\",\"target\":{\"@type\":\"EntryPoint\",\"urlTemplate\":\"https:\\\/\\\/graphimarket.com\\\/fr\\\/?s={search_term_string}\"},\"query-input\":{\"@type\":\"PropertyValueSpecification\",\"valueRequired\":true,\"valueName\":\"search_term_string\"}}],\"inLanguage\":\"es-ES\"},{\"@type\":\"Organization\",\"@id\":\"https:\\\/\\\/graphimarket.com\\\/fr\\\/#organization\",\"name\":\"Graphimarket\",\"url\":\"https:\\\/\\\/graphimarket.com\\\/fr\\\/\",\"logo\":{\"@type\":\"ImageObject\",\"inLanguage\":\"es-ES\",\"@id\":\"https:\\\/\\\/graphimarket.com\\\/fr\\\/#\\\/schema\\\/logo\\\/image\\\/\",\"url\":\"https:\\\/\\\/graphimarket.com\\\/wp-content\\\/uploads\\\/2020\\\/08\\\/logo-48.png\",\"contentUrl\":\"https:\\\/\\\/graphimarket.com\\\/wp-content\\\/uploads\\\/2020\\\/08\\\/logo-48.png\",\"width\":132,\"height\":48,\"caption\":\"Graphimarket\"},\"image\":{\"@id\":\"https:\\\/\\\/graphimarket.com\\\/fr\\\/#\\\/schema\\\/logo\\\/image\\\/\"}}]}<\/script>\n<!-- \/ Yoast SEO plugin. -->","yoast_head_json":{"title":"Maravillosas ilustraciones vectoriales con una licencia ampliada - Graphimarket","description":"Maravillosas ilustraciones vectoriales: \u00a1es hora de otro maravilloso regalo de promoci\u00f3n, cortes\u00eda de Inky Deals! Y este obsequio es ...","robots":{"index":"index","follow":"follow","max-snippet":"max-snippet:-1","max-image-preview":"max-image-preview:large","max-video-preview":"max-video-preview:-1"},"canonical":"https:\/\/graphimarket.com\/es\/product\/marvelous-vector-illustrations-with-an-extended-license\/","og_locale":"es_ES","og_type":"article","og_title":"Marvelous Vector Illustrations with an Extended License - Graphimarket","og_description":"Marvelous Vector Illustrations: It\u2019s time for another marvelous freebie, courtesy of Inky Deals! And this freebie is...","og_url":"https:\/\/graphimarket.com\/es\/product\/marvelous-vector-illustrations-with-an-extended-license\/","og_site_name":"Graphimarket","article_modified_time":"2022-12-19T22:29:19+00:00","og_image":[{"width":520,"height":360,"url":"https:\/\/graphimarket.com\/wp-content\/uploads\/2020\/09\/preview8.jpg","type":"image\/jpeg"}],"twitter_card":"summary_large_image","twitter_misc":{"Est. reading time":"2 minutes"},"schema":{"@context":"https:\/\/schema.org","@graph":[{"@type":"WebPage","@id":"https:\/\/graphimarket.com\/product\/marvelous-vector-illustrations-with-an-extended-license\/","url":"https:\/\/graphimarket.com\/product\/marvelous-vector-illustrations-with-an-extended-license\/","name":"Maravillosas ilustraciones vectoriales con una licencia ampliada - Graphimarket","isPartOf":{"@id":"https:\/\/graphimarket.com\/fr\/#website"},"primaryImageOfPage":{"@id":"https:\/\/graphimarket.com\/product\/marvelous-vector-illustrations-with-an-extended-license\/#primaryimage"},"image":{"@id":"https:\/\/graphimarket.com\/product\/marvelous-vector-illustrations-with-an-extended-license\/#primaryimage"},"thumbnailUrl":"https:\/\/graphimarket.com\/wp-content\/uploads\/2020\/09\/preview8.jpg","datePublished":"2020-09-03T14:21:13+00:00","dateModified":"2022-12-19T22:29:19+00:00","description":"Maravillosas ilustraciones vectoriales: \u00a1es hora de otro maravilloso regalo de promoci\u00f3n, cortes\u00eda de Inky Deals! Y este obsequio es ...","breadcrumb":{"@id":"https:\/\/graphimarket.com\/product\/marvelous-vector-illustrations-with-an-extended-license\/#breadcrumb"},"inLanguage":"es-ES","potentialAction":[{"@type":"ReadAction","target":["https:\/\/graphimarket.com\/product\/marvelous-vector-illustrations-with-an-extended-license\/"]}]},{"@type":"ImageObject","inLanguage":"es-ES","@id":"https:\/\/graphimarket.com\/product\/marvelous-vector-illustrations-with-an-extended-license\/#primaryimage","url":"https:\/\/graphimarket.com\/wp-content\/uploads\/2020\/09\/preview8.jpg","contentUrl":"https:\/\/graphimarket.com\/wp-content\/uploads\/2020\/09\/preview8.jpg","width":520,"height":360},{"@type":"BreadcrumbList","@id":"https:\/\/graphimarket.com\/product\/marvelous-vector-illustrations-with-an-extended-license\/#breadcrumb","itemListElement":[{"@type":"ListItem","position":1,"name":"Home","item":"https:\/\/graphimarket.com\/es\/"},{"@type":"ListItem","position":2,"name":"Store","item":"https:\/\/graphimarket.com\/store\/"},{"@type":"ListItem","position":3,"name":"Marvelous Vector Illustrations with an Extended License"}]},{"@type":"WebSite","@id":"https:\/\/graphimarket.com\/fr\/#website","url":"https:\/\/graphimarket.com\/fr\/","name":"Graphimarket","description":"Encuentre el activo creativo perfecto para darle vida a su proyecto","publisher":{"@id":"https:\/\/graphimarket.com\/fr\/#organization"},"potentialAction":[{"@type":"SearchAction","target":{"@type":"EntryPoint","urlTemplate":"https:\/\/graphimarket.com\/fr\/?s={search_term_string}"},"query-input":{"@type":"PropertyValueSpecification","valueRequired":true,"valueName":"search_term_string"}}],"inLanguage":"es-ES"},{"@type":"Organization","@id":"https:\/\/graphimarket.com\/fr\/#organization","name":"Graphimarket","url":"https:\/\/graphimarket.com\/fr\/","logo":{"@type":"ImageObject","inLanguage":"es-ES","@id":"https:\/\/graphimarket.com\/fr\/#\/schema\/logo\/image\/","url":"https:\/\/graphimarket.com\/wp-content\/uploads\/2020\/08\/logo-48.png","contentUrl":"https:\/\/graphimarket.com\/wp-content\/uploads\/2020\/08\/logo-48.png","width":132,"height":48,"caption":"Graphimarket"},"image":{"@id":"https:\/\/graphimarket.com\/fr\/#\/schema\/logo\/image\/"}}]}},"_links":{"self":[{"href":"https:\/\/graphimarket.com\/es\/wp-json\/wp\/v2\/product\/7601","targetHints":{"allow":["GET"]}}],"collection":[{"href":"https:\/\/graphimarket.com\/es\/wp-json\/wp\/v2\/product"}],"about":[{"href":"https:\/\/graphimarket.com\/es\/wp-json\/wp\/v2\/types\/product"}],"replies":[{"embeddable":true,"href":"https:\/\/graphimarket.com\/es\/wp-json\/wp\/v2\/comments?post=7601"}],"version-history":[{"count":0,"href":"https:\/\/graphimarket.com\/es\/wp-json\/wp\/v2\/product\/7601\/revisions"}],"wp:featuredmedia":[{"embeddable":true,"href":"https:\/\/graphimarket.com\/es\/wp-json\/wp\/v2\/media\/7604"}],"wp:attachment":[{"href":"https:\/\/graphimarket.com\/es\/wp-json\/wp\/v2\/media?parent=7601"}],"wp:term":[{"taxonomy":"product_brand","embeddable":true,"href":"https:\/\/graphimarket.com\/es\/wp-json\/wp\/v2\/product_brand?post=7601"},{"taxonomy":"product_cat","embeddable":true,"href":"https:\/\/graphimarket.com\/es\/wp-json\/wp\/v2\/product_cat?post=7601"},{"taxonomy":"product_tag","embeddable":true,"href":"https:\/\/graphimarket.com\/es\/wp-json\/wp\/v2\/product_tag?post=7601"}],"curies":[{"name":"wp","href":"https:\/\/api.w.org\/{rel}","templated":true}]}}