{"id":7662,"date":"2020-09-07T11:18:46","date_gmt":"2020-09-07T09:18:46","guid":{"rendered":"https:\/\/graphimarket.com\/?post_type=product&#038;p=7662"},"modified":"2026-04-08T23:13:18","modified_gmt":"2026-04-08T21:13:18","slug":"free-download-samples-from-the-3000-overlays-giga-pack-2","status":"publish","type":"product","link":"https:\/\/graphimarket.com\/es\/product\/free-download-samples-from-the-3000-overlays-giga-pack-2\/","title":{"rendered":"[Free Download] Samples From The 3000+ Overlays Giga Pack"},"content":{"rendered":"<p><strong>Superposiciones de fotos gratuitas<\/strong>: Estos recursos gratuitos provienen de uno de nuestros productos estrella, The Image Overlays. La calidad de los recursos aqu\u00ed est\u00e1 a la par con lo que hay en el paquete completo. \u00a1Sin excepciones!<\/p>\n<p>los\u00a0<strong>superposiciones de fotos<\/strong>\u00a0son\u00a0<strong>compatible con cualquier software<\/strong>\u00a0que le permite trabajar con archivos PNG y JPEG y tambi\u00e9n vienen con instrucciones. Estos funcionan con Adobe Photoshop, Adobe Elements, Corel PaintShopPro o programas gratuitos como Gimp, Pixlr, Paint.net, Seashore, SumoPaint, Krita, CinePaint, Serif PhotoPlus, PaintShop Pro y Pixelmator. Estos son\u00a0<strong>no compatible<\/strong>\u00a0con\u00a0<strong>Adobe\u00a0<\/strong><strong>Lightroom<\/strong>!<\/p>\n<p>Este paquete es un paquete de muestra para\u00a0<strong>Paquete de m\u00e1s de 3900 superposiciones de fotos.\u00a0<\/strong>Con el\u00a0<strong>Paquete de m\u00e1s de 3900 superposiciones de fotos<\/strong>, puedes tomar cualquier foto, hacer clic en algunos botones y transformarla en un arte refrescante con efectos incre\u00edbles.<\/p>\n<p>\u00bfY lo que es m\u00e1s? Este trato viene con un\u00a0<strong>licencia comercial ampliada<\/strong>\u00a0para que pueda usar este paquete para proyectos personales y comerciales ilimitados.<\/p>\n<p>&nbsp;<\/p>\n<p><img fetchpriority=\"high\" decoding=\"async\" class=\"aligncenter wp-image-7664 size-full\" src=\"https:\/\/graphimarket.com\/wp-content\/uploads\/2020\/09\/60-light-bokeh-cover_700px-1.jpg\" alt=\"\" width=\"700\" height=\"460\" srcset=\"https:\/\/graphimarket.com\/wp-content\/uploads\/2020\/09\/60-light-bokeh-cover_700px-1.jpg 700w, https:\/\/graphimarket.com\/wp-content\/uploads\/2020\/09\/60-light-bokeh-cover_700px-1-600x394.jpg 600w, https:\/\/graphimarket.com\/wp-content\/uploads\/2020\/09\/60-light-bokeh-cover_700px-1-300x197.jpg 300w\" sizes=\"(max-width: 700px) 100vw, 700px\" \/><\/p>\n<p><img decoding=\"async\" class=\"aligncenter wp-image-7665 size-full\" src=\"https:\/\/graphimarket.com\/wp-content\/uploads\/2020\/09\/Before\uf022After-768x543-1-1.jpg\" alt=\"\" width=\"768\" height=\"543\" srcset=\"https:\/\/graphimarket.com\/wp-content\/uploads\/2020\/09\/Before\uf022After-768x543-1-1.jpg 768w, https:\/\/graphimarket.com\/wp-content\/uploads\/2020\/09\/Before\uf022After-768x543-1-1-600x424.jpg 600w, https:\/\/graphimarket.com\/wp-content\/uploads\/2020\/09\/Before\uf022After-768x543-1-1-300x212.jpg 300w\" sizes=\"(max-width: 768px) 100vw, 768px\" \/><\/p>\n<p><img decoding=\"async\" class=\"aligncenter wp-image-7666 size-full\" src=\"https:\/\/graphimarket.com\/wp-content\/uploads\/2020\/09\/cover3-1-1.jpg\" alt=\"\" width=\"700\" height=\"471\" srcset=\"https:\/\/graphimarket.com\/wp-content\/uploads\/2020\/09\/cover3-1-1.jpg 700w, https:\/\/graphimarket.com\/wp-content\/uploads\/2020\/09\/cover3-1-1-600x404.jpg 600w, https:\/\/graphimarket.com\/wp-content\/uploads\/2020\/09\/cover3-1-1-300x202.jpg 300w\" sizes=\"(max-width: 700px) 100vw, 700px\" \/><\/p>\n<p><img loading=\"lazy\" decoding=\"async\" class=\"aligncenter wp-image-7667 size-full\" src=\"https:\/\/graphimarket.com\/wp-content\/uploads\/2020\/09\/Before\uf022After-1-768x526-1.jpg\" alt=\"\" width=\"768\" height=\"526\" srcset=\"https:\/\/graphimarket.com\/wp-content\/uploads\/2020\/09\/Before\uf022After-1-768x526-1.jpg 768w, https:\/\/graphimarket.com\/wp-content\/uploads\/2020\/09\/Before\uf022After-1-768x526-1-600x411.jpg 600w, https:\/\/graphimarket.com\/wp-content\/uploads\/2020\/09\/Before\uf022After-1-768x526-1-300x205.jpg 300w\" sizes=\"(max-width: 768px) 100vw, 768px\" \/><\/p>\n<p><img loading=\"lazy\" decoding=\"async\" class=\"aligncenter wp-image-7668 size-full\" src=\"https:\/\/graphimarket.com\/wp-content\/uploads\/2020\/09\/Cover_700px-1-2.jpg\" alt=\"\" width=\"700\" height=\"469\" srcset=\"https:\/\/graphimarket.com\/wp-content\/uploads\/2020\/09\/Cover_700px-1-2.jpg 700w, https:\/\/graphimarket.com\/wp-content\/uploads\/2020\/09\/Cover_700px-1-2-600x402.jpg 600w, https:\/\/graphimarket.com\/wp-content\/uploads\/2020\/09\/Cover_700px-1-2-300x201.jpg 300w\" sizes=\"(max-width: 700px) 100vw, 700px\" \/><\/p>\n<p><img loading=\"lazy\" decoding=\"async\" class=\"aligncenter wp-image-7669 size-full\" src=\"https:\/\/graphimarket.com\/wp-content\/uploads\/2020\/09\/Before\uf022After-2-e1516284947663-1.jpg\" alt=\"\" width=\"700\" height=\"469\" srcset=\"https:\/\/graphimarket.com\/wp-content\/uploads\/2020\/09\/Before\uf022After-2-e1516284947663-1.jpg 700w, https:\/\/graphimarket.com\/wp-content\/uploads\/2020\/09\/Before\uf022After-2-e1516284947663-1-600x402.jpg 600w, https:\/\/graphimarket.com\/wp-content\/uploads\/2020\/09\/Before\uf022After-2-e1516284947663-1-300x201.jpg 300w\" sizes=\"(max-width: 700px) 100vw, 700px\" \/><\/p>\n<p><img loading=\"lazy\" decoding=\"async\" class=\"aligncenter wp-image-7670 size-full\" src=\"https:\/\/graphimarket.com\/wp-content\/uploads\/2020\/09\/Cover-15-2.jpg\" alt=\"\" width=\"700\" height=\"469\" srcset=\"https:\/\/graphimarket.com\/wp-content\/uploads\/2020\/09\/Cover-15-2.jpg 700w, https:\/\/graphimarket.com\/wp-content\/uploads\/2020\/09\/Cover-15-2-600x402.jpg 600w, https:\/\/graphimarket.com\/wp-content\/uploads\/2020\/09\/Cover-15-2-300x201.jpg 300w\" sizes=\"(max-width: 700px) 100vw, 700px\" \/><\/p>\n<p><img loading=\"lazy\" decoding=\"async\" class=\"aligncenter wp-image-7671 size-full\" src=\"https:\/\/graphimarket.com\/wp-content\/uploads\/2020\/09\/Before\uf022After-3-768x523-1-1.jpg\" alt=\"\" width=\"768\" height=\"523\" srcset=\"https:\/\/graphimarket.com\/wp-content\/uploads\/2020\/09\/Before\uf022After-3-768x523-1-1.jpg 768w, https:\/\/graphimarket.com\/wp-content\/uploads\/2020\/09\/Before\uf022After-3-768x523-1-1-600x409.jpg 600w, https:\/\/graphimarket.com\/wp-content\/uploads\/2020\/09\/Before\uf022After-3-768x523-1-1-300x204.jpg 300w\" sizes=\"(max-width: 768px) 100vw, 768px\" \/><\/p>\n<p><img loading=\"lazy\" decoding=\"async\" class=\"aligncenter wp-image-7673 size-full\" src=\"https:\/\/graphimarket.com\/wp-content\/uploads\/2020\/09\/Before\uf022After-4-768x561-1-1.jpg\" alt=\"\" width=\"768\" height=\"561\" srcset=\"https:\/\/graphimarket.com\/wp-content\/uploads\/2020\/09\/Before\uf022After-4-768x561-1-1.jpg 768w, https:\/\/graphimarket.com\/wp-content\/uploads\/2020\/09\/Before\uf022After-4-768x561-1-1-600x438.jpg 600w, https:\/\/graphimarket.com\/wp-content\/uploads\/2020\/09\/Before\uf022After-4-768x561-1-1-300x219.jpg 300w\" sizes=\"(max-width: 768px) 100vw, 768px\" \/><\/p>\n<p><img loading=\"lazy\" decoding=\"async\" class=\"aligncenter wp-image-7674 size-full\" src=\"https:\/\/graphimarket.com\/wp-content\/uploads\/2020\/09\/Cover-4-1-1.jpg\" alt=\"\" width=\"700\" height=\"469\" srcset=\"https:\/\/graphimarket.com\/wp-content\/uploads\/2020\/09\/Cover-4-1-1.jpg 700w, https:\/\/graphimarket.com\/wp-content\/uploads\/2020\/09\/Cover-4-1-1-600x402.jpg 600w, https:\/\/graphimarket.com\/wp-content\/uploads\/2020\/09\/Cover-4-1-1-300x201.jpg 300w\" sizes=\"(max-width: 700px) 100vw, 700px\" \/><\/p>\n<p><img loading=\"lazy\" decoding=\"async\" class=\"aligncenter wp-image-7675 size-full\" src=\"https:\/\/graphimarket.com\/wp-content\/uploads\/2020\/09\/Before\uf022After-5-768x523-1-1.jpg\" alt=\"\" width=\"768\" height=\"523\" srcset=\"https:\/\/graphimarket.com\/wp-content\/uploads\/2020\/09\/Before\uf022After-5-768x523-1-1.jpg 768w, https:\/\/graphimarket.com\/wp-content\/uploads\/2020\/09\/Before\uf022After-5-768x523-1-1-600x409.jpg 600w, https:\/\/graphimarket.com\/wp-content\/uploads\/2020\/09\/Before\uf022After-5-768x523-1-1-300x204.jpg 300w\" sizes=\"(max-width: 768px) 100vw, 768px\" \/><\/p>\n<p><img loading=\"lazy\" decoding=\"async\" class=\"aligncenter wp-image-7676 size-full\" src=\"https:\/\/graphimarket.com\/wp-content\/uploads\/2020\/09\/Cover-5-1-1.jpg\" alt=\"\" width=\"700\" height=\"469\" srcset=\"https:\/\/graphimarket.com\/wp-content\/uploads\/2020\/09\/Cover-5-1-1.jpg 700w, https:\/\/graphimarket.com\/wp-content\/uploads\/2020\/09\/Cover-5-1-1-600x402.jpg 600w, https:\/\/graphimarket.com\/wp-content\/uploads\/2020\/09\/Cover-5-1-1-300x201.jpg 300w\" sizes=\"(max-width: 700px) 100vw, 700px\" \/><\/p>\n<p><img loading=\"lazy\" decoding=\"async\" class=\"aligncenter wp-image-7677 size-full\" src=\"https:\/\/graphimarket.com\/wp-content\/uploads\/2020\/09\/Before\uf022After-6-768x570-1-1.jpg\" alt=\"\" width=\"768\" height=\"570\" srcset=\"https:\/\/graphimarket.com\/wp-content\/uploads\/2020\/09\/Before\uf022After-6-768x570-1-1.jpg 768w, https:\/\/graphimarket.com\/wp-content\/uploads\/2020\/09\/Before\uf022After-6-768x570-1-1-600x445.jpg 600w, https:\/\/graphimarket.com\/wp-content\/uploads\/2020\/09\/Before\uf022After-6-768x570-1-1-300x223.jpg 300w\" sizes=\"(max-width: 768px) 100vw, 768px\" \/><\/p>\n<p><img loading=\"lazy\" decoding=\"async\" class=\"aligncenter wp-image-7678 size-full\" src=\"https:\/\/graphimarket.com\/wp-content\/uploads\/2020\/09\/Cover_700px-2-1.jpg\" alt=\"\" width=\"700\" height=\"469\" srcset=\"https:\/\/graphimarket.com\/wp-content\/uploads\/2020\/09\/Cover_700px-2-1.jpg 700w, https:\/\/graphimarket.com\/wp-content\/uploads\/2020\/09\/Cover_700px-2-1-600x402.jpg 600w, https:\/\/graphimarket.com\/wp-content\/uploads\/2020\/09\/Cover_700px-2-1-300x201.jpg 300w\" sizes=\"(max-width: 700px) 100vw, 700px\" \/><\/p>\n<p><img loading=\"lazy\" decoding=\"async\" class=\"aligncenter wp-image-7679 size-full\" src=\"https:\/\/graphimarket.com\/wp-content\/uploads\/2020\/09\/Before\uf022After-7-768x524-1-1.jpg\" alt=\"\" width=\"768\" height=\"524\" srcset=\"https:\/\/graphimarket.com\/wp-content\/uploads\/2020\/09\/Before\uf022After-7-768x524-1-1.jpg 768w, https:\/\/graphimarket.com\/wp-content\/uploads\/2020\/09\/Before\uf022After-7-768x524-1-1-600x409.jpg 600w, https:\/\/graphimarket.com\/wp-content\/uploads\/2020\/09\/Before\uf022After-7-768x524-1-1-300x205.jpg 300w\" sizes=\"(max-width: 768px) 100vw, 768px\" \/><\/p>\n<p>&nbsp;<\/p>\n<h3>Condiciones de la oferta para estas superposiciones de fotos gratuitas:<\/h3>\n<ul>\n<li>Este paquete est\u00e1 disponible como descarga instant\u00e1nea, despu\u00e9s de completar su compra.<\/li>\n<li>El paquete se puede utilizar para fines personales y comerciales con un n\u00famero ilimitado de proyectos.<\/li>\n<li>Los productos finales no deben usarse ni venderse de una manera que compita directamente con el art\u00edculo original que compr\u00f3.<\/li>\n<li>No puede sublicenciarse, revenderse, compartirse, transferirse o redistribuirse de otra manera por s\u00ed solo. No puede compartir estos recursos con otros.<\/li>\n<li>Obtendr\u00e1 acceso de por vida al paquete.<\/li>\n<li>Este trato viene con un\u00a0<strong>licencia comercial ampliada<\/strong>\u00a0para que pueda usar este paquete para proyectos personales y comerciales ilimitados.<\/li>\n<\/ul>","protected":false},"excerpt":{"rendered":"<p>Free photo overlays: These free resources are coming from one of our star products, The Image Overlays. The quality of the resources here is on par with what\u2019s in the full bundle. No exceptions! The\u00a0photo overlays\u00a0are\u00a0compatible with any software\u00a0that allows you to work with PNG and JPEG files and they come packed with instructions, too. [&hellip;]<\/p>\n","protected":false},"featured_media":7663,"comment_status":"open","ping_status":"closed","template":"","meta":{"site-sidebar-layout":"default","site-content-layout":"default","ast-site-content-layout":"default","site-content-style":"default","site-sidebar-style":"default","ast-global-header-display":"","ast-banner-title-visibility":"","ast-main-header-display":"","ast-hfb-above-header-display":"","ast-hfb-below-header-display":"","ast-hfb-mobile-header-display":"","site-post-title":"","ast-breadcrumbs-content":"","ast-featured-img":"","footer-sml-layout":"","ast-disable-related-posts":"","theme-transparent-header-meta":"default","adv-header-id-meta":"","stick-header-meta":"","header-above-stick-meta":"","header-main-stick-meta":"","header-below-stick-meta":"","astra-migrate-meta-layouts":"default","ast-page-background-enabled":"default","ast-page-background-meta":{"desktop":{"background-color":"","background-image":"","background-repeat":"repeat","background-position":"center center","background-size":"auto","background-attachment":"scroll","background-type":"","background-media":"","overlay-type":"","overlay-color":"","overlay-opacity":"","overlay-gradient":""},"tablet":{"background-color":"","background-image":"","background-repeat":"repeat","background-position":"center center","background-size":"auto","background-attachment":"scroll","background-type":"","background-media":"","overlay-type":"","overlay-color":"","overlay-opacity":"","overlay-gradient":""},"mobile":{"background-color":"","background-image":"","background-repeat":"repeat","background-position":"center center","background-size":"auto","background-attachment":"scroll","background-type":"","background-media":"","overlay-type":"","overlay-color":"","overlay-opacity":"","overlay-gradient":""}},"ast-content-background-meta":{"desktop":{"background-color":"var(--ast-global-color-5)","background-image":"","background-repeat":"repeat","background-position":"center center","background-size":"auto","background-attachment":"scroll","background-type":"","background-media":"","overlay-type":"","overlay-color":"","overlay-opacity":"","overlay-gradient":""},"tablet":{"background-color":"var(--ast-global-color-5)","background-image":"","background-repeat":"repeat","background-position":"center center","background-size":"auto","background-attachment":"scroll","background-type":"","background-media":"","overlay-type":"","overlay-color":"","overlay-opacity":"","overlay-gradient":""},"mobile":{"background-color":"var(--ast-global-color-5)","background-image":"","background-repeat":"repeat","background-position":"center center","background-size":"auto","background-attachment":"scroll","background-type":"","background-media":"","overlay-type":"","overlay-color":"","overlay-opacity":"","overlay-gradient":""}}},"product_brand":[],"product_cat":[97,191,140,195],"product_tag":[],"class_list":{"0":"post-7662","1":"product","2":"type-product","3":"status-publish","4":"has-post-thumbnail","6":"product_cat-addons","7":"product_cat-free","8":"product_cat-overlays","9":"product_cat-photoshop","10":"desktop-align-left","11":"tablet-align-left","12":"mobile-align-left","14":"first","15":"instock","16":"sale","17":"downloadable","18":"virtual","19":"taxable","20":"purchasable","21":"product-type-simple"},"yoast_head":"<!-- This site is optimized with the Yoast SEO plugin v27.3 - https:\/\/yoast.com\/product\/yoast-seo-wordpress\/ -->\n<title>[Free Download] Samples From The 3000+ Overlays Giga Pack - Graphimarket<\/title>\n<meta name=\"description\" content=\"Free photo overlays: These free resources are coming from one of our star products, The Image Overlays. The quality...\" \/>\n<meta name=\"robots\" content=\"index, follow, max-snippet:-1, max-image-preview:large, max-video-preview:-1\" \/>\n<link rel=\"canonical\" href=\"https:\/\/graphimarket.com\/es\/product\/free-download-samples-from-the-3000-overlays-giga-pack-2\/\" \/>\n<meta property=\"og:locale\" content=\"es_ES\" \/>\n<meta property=\"og:type\" content=\"article\" \/>\n<meta property=\"og:title\" content=\"[Free Download] Samples From The 3000+ Overlays Giga Pack - Graphimarket\" \/>\n<meta property=\"og:description\" content=\"Free photo overlays: These free resources are coming from one of our star products, The Image Overlays. The quality...\" \/>\n<meta property=\"og:url\" content=\"https:\/\/graphimarket.com\/es\/product\/free-download-samples-from-the-3000-overlays-giga-pack-2\/\" \/>\n<meta property=\"og:site_name\" content=\"Graphimarket\" \/>\n<meta property=\"article:modified_time\" content=\"2026-04-08T21:13:18+00:00\" \/>\n<meta property=\"og:image\" content=\"https:\/\/graphimarket.com\/wp-content\/uploads\/2020\/09\/overlays-520-1.jpg\" \/>\n\t<meta property=\"og:image:width\" content=\"520\" \/>\n\t<meta property=\"og:image:height\" content=\"360\" \/>\n\t<meta property=\"og:image:type\" content=\"image\/jpeg\" \/>\n<meta name=\"twitter:card\" content=\"summary_large_image\" \/>\n<meta name=\"twitter:label1\" content=\"Est. reading time\" \/>\n\t<meta name=\"twitter:data1\" content=\"1 minute\" \/>\n<script type=\"application\/ld+json\" class=\"yoast-schema-graph\">{\"@context\":\"https:\\\/\\\/schema.org\",\"@graph\":[{\"@type\":\"WebPage\",\"@id\":\"https:\\\/\\\/graphimarket.com\\\/product\\\/free-download-samples-from-the-3000-overlays-giga-pack-2\\\/\",\"url\":\"https:\\\/\\\/graphimarket.com\\\/product\\\/free-download-samples-from-the-3000-overlays-giga-pack-2\\\/\",\"name\":\"[Free Download] Samples From The 3000+ Overlays Giga Pack - Graphimarket\",\"isPartOf\":{\"@id\":\"https:\\\/\\\/graphimarket.com\\\/fr\\\/#website\"},\"primaryImageOfPage\":{\"@id\":\"https:\\\/\\\/graphimarket.com\\\/product\\\/free-download-samples-from-the-3000-overlays-giga-pack-2\\\/#primaryimage\"},\"image\":{\"@id\":\"https:\\\/\\\/graphimarket.com\\\/product\\\/free-download-samples-from-the-3000-overlays-giga-pack-2\\\/#primaryimage\"},\"thumbnailUrl\":\"https:\\\/\\\/graphimarket.com\\\/wp-content\\\/uploads\\\/2020\\\/09\\\/overlays-520-1.jpg\",\"datePublished\":\"2020-09-07T09:18:46+00:00\",\"dateModified\":\"2026-04-08T21:13:18+00:00\",\"description\":\"Free photo overlays: These free resources are coming from one of our star products, The Image Overlays. The quality...\",\"breadcrumb\":{\"@id\":\"https:\\\/\\\/graphimarket.com\\\/product\\\/free-download-samples-from-the-3000-overlays-giga-pack-2\\\/#breadcrumb\"},\"inLanguage\":\"es-ES\",\"potentialAction\":[{\"@type\":\"ReadAction\",\"target\":[\"https:\\\/\\\/graphimarket.com\\\/product\\\/free-download-samples-from-the-3000-overlays-giga-pack-2\\\/\"]}]},{\"@type\":\"ImageObject\",\"inLanguage\":\"es-ES\",\"@id\":\"https:\\\/\\\/graphimarket.com\\\/product\\\/free-download-samples-from-the-3000-overlays-giga-pack-2\\\/#primaryimage\",\"url\":\"https:\\\/\\\/graphimarket.com\\\/wp-content\\\/uploads\\\/2020\\\/09\\\/overlays-520-1.jpg\",\"contentUrl\":\"https:\\\/\\\/graphimarket.com\\\/wp-content\\\/uploads\\\/2020\\\/09\\\/overlays-520-1.jpg\",\"width\":520,\"height\":360},{\"@type\":\"BreadcrumbList\",\"@id\":\"https:\\\/\\\/graphimarket.com\\\/product\\\/free-download-samples-from-the-3000-overlays-giga-pack-2\\\/#breadcrumb\",\"itemListElement\":[{\"@type\":\"ListItem\",\"position\":1,\"name\":\"Home\",\"item\":\"https:\\\/\\\/graphimarket.com\\\/es\\\/\"},{\"@type\":\"ListItem\",\"position\":2,\"name\":\"Store\",\"item\":\"https:\\\/\\\/graphimarket.com\\\/store\\\/\"},{\"@type\":\"ListItem\",\"position\":3,\"name\":\"[Free Download] Samples From The 3000+ Overlays Giga Pack\"}]},{\"@type\":\"WebSite\",\"@id\":\"https:\\\/\\\/graphimarket.com\\\/fr\\\/#website\",\"url\":\"https:\\\/\\\/graphimarket.com\\\/fr\\\/\",\"name\":\"Graphimarket\",\"description\":\"Find the perfect creative asset to bring your project to life\",\"publisher\":{\"@id\":\"https:\\\/\\\/graphimarket.com\\\/fr\\\/#organization\"},\"potentialAction\":[{\"@type\":\"SearchAction\",\"target\":{\"@type\":\"EntryPoint\",\"urlTemplate\":\"https:\\\/\\\/graphimarket.com\\\/fr\\\/?s={search_term_string}\"},\"query-input\":{\"@type\":\"PropertyValueSpecification\",\"valueRequired\":true,\"valueName\":\"search_term_string\"}}],\"inLanguage\":\"es-ES\"},{\"@type\":\"Organization\",\"@id\":\"https:\\\/\\\/graphimarket.com\\\/fr\\\/#organization\",\"name\":\"Graphimarket\",\"url\":\"https:\\\/\\\/graphimarket.com\\\/fr\\\/\",\"logo\":{\"@type\":\"ImageObject\",\"inLanguage\":\"es-ES\",\"@id\":\"https:\\\/\\\/graphimarket.com\\\/fr\\\/#\\\/schema\\\/logo\\\/image\\\/\",\"url\":\"https:\\\/\\\/graphimarket.com\\\/wp-content\\\/uploads\\\/2020\\\/08\\\/logo-48.png\",\"contentUrl\":\"https:\\\/\\\/graphimarket.com\\\/wp-content\\\/uploads\\\/2020\\\/08\\\/logo-48.png\",\"width\":132,\"height\":48,\"caption\":\"Graphimarket\"},\"image\":{\"@id\":\"https:\\\/\\\/graphimarket.com\\\/fr\\\/#\\\/schema\\\/logo\\\/image\\\/\"}}]}<\/script>\n<!-- \/ Yoast SEO plugin. -->","yoast_head_json":{"title":"[Free Download] Samples From The 3000+ Overlays Giga Pack - Graphimarket","description":"Superposiciones de fotos gratuitas: estos recursos gratuitos provienen de uno de nuestros productos estrella, The Image Overlays. La calidad...","robots":{"index":"index","follow":"follow","max-snippet":"max-snippet:-1","max-image-preview":"max-image-preview:large","max-video-preview":"max-video-preview:-1"},"canonical":"https:\/\/graphimarket.com\/es\/product\/free-download-samples-from-the-3000-overlays-giga-pack-2\/","og_locale":"es_ES","og_type":"article","og_title":"[Free Download] Samples From The 3000+ Overlays Giga Pack - Graphimarket","og_description":"Free photo overlays: These free resources are coming from one of our star products, The Image Overlays. The quality...","og_url":"https:\/\/graphimarket.com\/es\/product\/free-download-samples-from-the-3000-overlays-giga-pack-2\/","og_site_name":"Graphimarket","article_modified_time":"2026-04-08T21:13:18+00:00","og_image":[{"width":520,"height":360,"url":"https:\/\/graphimarket.com\/wp-content\/uploads\/2020\/09\/overlays-520-1.jpg","type":"image\/jpeg"}],"twitter_card":"summary_large_image","twitter_misc":{"Est. reading time":"1 minute"},"schema":{"@context":"https:\/\/schema.org","@graph":[{"@type":"WebPage","@id":"https:\/\/graphimarket.com\/product\/free-download-samples-from-the-3000-overlays-giga-pack-2\/","url":"https:\/\/graphimarket.com\/product\/free-download-samples-from-the-3000-overlays-giga-pack-2\/","name":"[Free Download] Samples From The 3000+ Overlays Giga Pack - Graphimarket","isPartOf":{"@id":"https:\/\/graphimarket.com\/fr\/#website"},"primaryImageOfPage":{"@id":"https:\/\/graphimarket.com\/product\/free-download-samples-from-the-3000-overlays-giga-pack-2\/#primaryimage"},"image":{"@id":"https:\/\/graphimarket.com\/product\/free-download-samples-from-the-3000-overlays-giga-pack-2\/#primaryimage"},"thumbnailUrl":"https:\/\/graphimarket.com\/wp-content\/uploads\/2020\/09\/overlays-520-1.jpg","datePublished":"2020-09-07T09:18:46+00:00","dateModified":"2026-04-08T21:13:18+00:00","description":"Superposiciones de fotos gratuitas: estos recursos gratuitos provienen de uno de nuestros productos estrella, The Image Overlays. La calidad...","breadcrumb":{"@id":"https:\/\/graphimarket.com\/product\/free-download-samples-from-the-3000-overlays-giga-pack-2\/#breadcrumb"},"inLanguage":"es-ES","potentialAction":[{"@type":"ReadAction","target":["https:\/\/graphimarket.com\/product\/free-download-samples-from-the-3000-overlays-giga-pack-2\/"]}]},{"@type":"ImageObject","inLanguage":"es-ES","@id":"https:\/\/graphimarket.com\/product\/free-download-samples-from-the-3000-overlays-giga-pack-2\/#primaryimage","url":"https:\/\/graphimarket.com\/wp-content\/uploads\/2020\/09\/overlays-520-1.jpg","contentUrl":"https:\/\/graphimarket.com\/wp-content\/uploads\/2020\/09\/overlays-520-1.jpg","width":520,"height":360},{"@type":"BreadcrumbList","@id":"https:\/\/graphimarket.com\/product\/free-download-samples-from-the-3000-overlays-giga-pack-2\/#breadcrumb","itemListElement":[{"@type":"ListItem","position":1,"name":"Home","item":"https:\/\/graphimarket.com\/es\/"},{"@type":"ListItem","position":2,"name":"Store","item":"https:\/\/graphimarket.com\/store\/"},{"@type":"ListItem","position":3,"name":"[Free Download] Samples From The 3000+ Overlays Giga Pack"}]},{"@type":"WebSite","@id":"https:\/\/graphimarket.com\/fr\/#website","url":"https:\/\/graphimarket.com\/fr\/","name":"Graphimarket","description":"Encuentre el activo creativo perfecto para darle vida a su proyecto","publisher":{"@id":"https:\/\/graphimarket.com\/fr\/#organization"},"potentialAction":[{"@type":"SearchAction","target":{"@type":"EntryPoint","urlTemplate":"https:\/\/graphimarket.com\/fr\/?s={search_term_string}"},"query-input":{"@type":"PropertyValueSpecification","valueRequired":true,"valueName":"search_term_string"}}],"inLanguage":"es-ES"},{"@type":"Organization","@id":"https:\/\/graphimarket.com\/fr\/#organization","name":"Graphimarket","url":"https:\/\/graphimarket.com\/fr\/","logo":{"@type":"ImageObject","inLanguage":"es-ES","@id":"https:\/\/graphimarket.com\/fr\/#\/schema\/logo\/image\/","url":"https:\/\/graphimarket.com\/wp-content\/uploads\/2020\/08\/logo-48.png","contentUrl":"https:\/\/graphimarket.com\/wp-content\/uploads\/2020\/08\/logo-48.png","width":132,"height":48,"caption":"Graphimarket"},"image":{"@id":"https:\/\/graphimarket.com\/fr\/#\/schema\/logo\/image\/"}}]}},"_links":{"self":[{"href":"https:\/\/graphimarket.com\/es\/wp-json\/wp\/v2\/product\/7662","targetHints":{"allow":["GET"]}}],"collection":[{"href":"https:\/\/graphimarket.com\/es\/wp-json\/wp\/v2\/product"}],"about":[{"href":"https:\/\/graphimarket.com\/es\/wp-json\/wp\/v2\/types\/product"}],"replies":[{"embeddable":true,"href":"https:\/\/graphimarket.com\/es\/wp-json\/wp\/v2\/comments?post=7662"}],"version-history":[{"count":0,"href":"https:\/\/graphimarket.com\/es\/wp-json\/wp\/v2\/product\/7662\/revisions"}],"wp:featuredmedia":[{"embeddable":true,"href":"https:\/\/graphimarket.com\/es\/wp-json\/wp\/v2\/media\/7663"}],"wp:attachment":[{"href":"https:\/\/graphimarket.com\/es\/wp-json\/wp\/v2\/media?parent=7662"}],"wp:term":[{"taxonomy":"product_brand","embeddable":true,"href":"https:\/\/graphimarket.com\/es\/wp-json\/wp\/v2\/product_brand?post=7662"},{"taxonomy":"product_cat","embeddable":true,"href":"https:\/\/graphimarket.com\/es\/wp-json\/wp\/v2\/product_cat?post=7662"},{"taxonomy":"product_tag","embeddable":true,"href":"https:\/\/graphimarket.com\/es\/wp-json\/wp\/v2\/product_tag?post=7662"}],"curies":[{"name":"wp","href":"https:\/\/api.w.org\/{rel}","templated":true}]}}