{"id":8846,"date":"2020-09-13T12:11:29","date_gmt":"2020-09-13T10:11:29","guid":{"rendered":"https:\/\/graphimarket.com\/?post_type=product&#038;p=8846"},"modified":"2022-12-19T11:04:56","modified_gmt":"2022-12-19T10:04:56","slug":"fabric-kingdom-photoshop-edition","status":"publish","type":"product","link":"https:\/\/graphimarket.com\/es\/product\/fabric-kingdom-photoshop-edition\/","title":{"rendered":"Edici\u00f3n de Photoshop de Fabric Kingdom"},"content":{"rendered":"<div class=\"_2Masz2rr\">\n<p><strong>Detalles<\/strong><\/p>\n<p>The Fabric Kingdom es mi nuevo producto basado en mi pasi\u00f3n por combinar estilos y t\u00e9cnicas que pueden aportar a su proceso de dise\u00f1o. Me complace enviarle una caja de herramientas completa con todo lo que necesita para crear dise\u00f1os adorables y llamativos que se destacar\u00e1n, lo m\u00e1s f\u00e1cil posible.<\/p>\n<p><strong>Estilos de capa<\/strong><\/p>\n<p>Fabric Kingdom le ofrece las texturas de tela m\u00e1s comunes y populares (cuidadosamente seleccionadas y digitalizadas) como un conjunto de estilos de Photoshop f\u00e1ciles de aplicar con un clic en cualquier capa que desee. Formas, t\u00edtulos o ilustraciones b\u00e1sicas: funciona perfectamente con todos ellos. Sin embargo, recomiendo usar formas vectoriales para la edici\u00f3n de color m\u00e1s f\u00e1cil: simplemente aplique el estilo y cambie el color de la capa, ver\u00e1 el cambio de inmediato.<\/p>\n<p><strong>Cepillos Stich<\/strong><\/p>\n<p>Naturalmente, este paquete no estar\u00eda completo sin estos activos. \u00a1Simplemente elija uno de los m\u00e1s de 280 pinceles, configure el color y el tama\u00f1o, y coloque las l\u00edneas m\u00e1s atrevidas y creativas que pueda imaginar! O simplemente use la acci\u00f3n incluida con cualquier capa que desee para crear un hermoso contorno de puntada.<\/p>\n<p><strong>Vector Illustrations<\/strong><\/p>\n<p>Si desea obtener el resultado m\u00e1s r\u00e1pido, apreciar\u00e1 un conjunto de m\u00e1s de 500 ilustraciones vectoriales que vienen con el paquete. Est\u00e1n correctamente colocadas en capas y dise\u00f1adas teniendo en cuenta la superposici\u00f3n de estilos de capas, por lo que estoy seguro de que se divertir\u00e1 much\u00edsimo creando sus composiciones \u00fanicas y combin\u00e1ndolas en un torbellino creativo de imaginaci\u00f3n.<\/p>\n<p>&#8212;<\/p>\n<p>Resumen de video r\u00e1pido:\u00a0<strong>https:\/\/youtu.be\/Tlhh-QL92QU<\/strong><\/p>\n<p><strong>Fabric Kingdom te trae:<\/strong><\/p>\n<ul>\n<li>14 estilos de tela con texturas sin costuras en el interior;<\/li>\n<li>288 cepillos de puntada;<\/li>\n<li>Acci\u00f3n de puntada que le ayuda a aplicar el contorno de puntada a cualquier capa;<\/li>\n<li>Estilo de capa de costura para una apariencia genuina;<\/li>\n<li>M\u00e1s de 500 hermosas ilustraciones vectoriales dise\u00f1adas para superposici\u00f3n;<\/li>\n<li>Alfabeto vectorial original.<\/li>\n<\/ul>\n<\/div>\n<div><\/div>\n<div><img fetchpriority=\"high\" decoding=\"async\" class=\"aligncenter wp-image-8853 size-full\" src=\"https:\/\/graphimarket.com\/wp-content\/uploads\/2020\/09\/85a2ad89-d5b0-4648-bbdc-aba37a6cacc2.jpg\" alt=\"\" width=\"900\" height=\"600\" srcset=\"https:\/\/graphimarket.com\/wp-content\/uploads\/2020\/09\/85a2ad89-d5b0-4648-bbdc-aba37a6cacc2.jpg 900w, https:\/\/graphimarket.com\/wp-content\/uploads\/2020\/09\/85a2ad89-d5b0-4648-bbdc-aba37a6cacc2-600x400.jpg 600w, https:\/\/graphimarket.com\/wp-content\/uploads\/2020\/09\/85a2ad89-d5b0-4648-bbdc-aba37a6cacc2-300x200.jpg 300w, https:\/\/graphimarket.com\/wp-content\/uploads\/2020\/09\/85a2ad89-d5b0-4648-bbdc-aba37a6cacc2-768x512.jpg 768w\" sizes=\"(max-width: 900px) 100vw, 900px\" \/> <img decoding=\"async\" class=\"aligncenter wp-image-8854 size-full\" src=\"https:\/\/graphimarket.com\/wp-content\/uploads\/2020\/09\/2032571f-6be5-4234-bf47-d34b0ef75091.jpg\" alt=\"\" width=\"900\" height=\"600\" srcset=\"https:\/\/graphimarket.com\/wp-content\/uploads\/2020\/09\/2032571f-6be5-4234-bf47-d34b0ef75091.jpg 900w, https:\/\/graphimarket.com\/wp-content\/uploads\/2020\/09\/2032571f-6be5-4234-bf47-d34b0ef75091-600x400.jpg 600w, https:\/\/graphimarket.com\/wp-content\/uploads\/2020\/09\/2032571f-6be5-4234-bf47-d34b0ef75091-300x200.jpg 300w, https:\/\/graphimarket.com\/wp-content\/uploads\/2020\/09\/2032571f-6be5-4234-bf47-d34b0ef75091-768x512.jpg 768w\" sizes=\"(max-width: 900px) 100vw, 900px\" \/> <img decoding=\"async\" class=\"aligncenter wp-image-8855 size-full\" src=\"https:\/\/graphimarket.com\/wp-content\/uploads\/2020\/09\/a13d99d5-6021-4739-aa3c-25a8dbd9d63e.jpg\" alt=\"\" width=\"900\" height=\"600\" srcset=\"https:\/\/graphimarket.com\/wp-content\/uploads\/2020\/09\/a13d99d5-6021-4739-aa3c-25a8dbd9d63e.jpg 900w, https:\/\/graphimarket.com\/wp-content\/uploads\/2020\/09\/a13d99d5-6021-4739-aa3c-25a8dbd9d63e-600x400.jpg 600w, https:\/\/graphimarket.com\/wp-content\/uploads\/2020\/09\/a13d99d5-6021-4739-aa3c-25a8dbd9d63e-300x200.jpg 300w, https:\/\/graphimarket.com\/wp-content\/uploads\/2020\/09\/a13d99d5-6021-4739-aa3c-25a8dbd9d63e-768x512.jpg 768w\" sizes=\"(max-width: 900px) 100vw, 900px\" \/> <img loading=\"lazy\" decoding=\"async\" class=\"aligncenter wp-image-8856 size-full\" src=\"https:\/\/graphimarket.com\/wp-content\/uploads\/2020\/09\/b2a52000-81b2-46f1-98dd-ed04b8648516.jpg\" alt=\"\" width=\"900\" height=\"600\" srcset=\"https:\/\/graphimarket.com\/wp-content\/uploads\/2020\/09\/b2a52000-81b2-46f1-98dd-ed04b8648516.jpg 900w, https:\/\/graphimarket.com\/wp-content\/uploads\/2020\/09\/b2a52000-81b2-46f1-98dd-ed04b8648516-600x400.jpg 600w, https:\/\/graphimarket.com\/wp-content\/uploads\/2020\/09\/b2a52000-81b2-46f1-98dd-ed04b8648516-300x200.jpg 300w, https:\/\/graphimarket.com\/wp-content\/uploads\/2020\/09\/b2a52000-81b2-46f1-98dd-ed04b8648516-768x512.jpg 768w\" sizes=\"(max-width: 900px) 100vw, 900px\" \/> <img loading=\"lazy\" decoding=\"async\" class=\"aligncenter wp-image-8857 size-full\" src=\"https:\/\/graphimarket.com\/wp-content\/uploads\/2020\/09\/c97cc1df-5c1f-4d7d-8b10-4df6e95a9312.jpg\" alt=\"\" width=\"900\" height=\"600\" srcset=\"https:\/\/graphimarket.com\/wp-content\/uploads\/2020\/09\/c97cc1df-5c1f-4d7d-8b10-4df6e95a9312.jpg 900w, https:\/\/graphimarket.com\/wp-content\/uploads\/2020\/09\/c97cc1df-5c1f-4d7d-8b10-4df6e95a9312-600x400.jpg 600w, https:\/\/graphimarket.com\/wp-content\/uploads\/2020\/09\/c97cc1df-5c1f-4d7d-8b10-4df6e95a9312-300x200.jpg 300w, https:\/\/graphimarket.com\/wp-content\/uploads\/2020\/09\/c97cc1df-5c1f-4d7d-8b10-4df6e95a9312-768x512.jpg 768w\" sizes=\"(max-width: 900px) 100vw, 900px\" \/> <img loading=\"lazy\" decoding=\"async\" class=\"aligncenter wp-image-8858 size-full\" src=\"https:\/\/graphimarket.com\/wp-content\/uploads\/2020\/09\/c2190aa6-6419-4e3d-8ae6-d846736f5564.jpg\" alt=\"\" width=\"900\" height=\"600\" srcset=\"https:\/\/graphimarket.com\/wp-content\/uploads\/2020\/09\/c2190aa6-6419-4e3d-8ae6-d846736f5564.jpg 900w, https:\/\/graphimarket.com\/wp-content\/uploads\/2020\/09\/c2190aa6-6419-4e3d-8ae6-d846736f5564-600x400.jpg 600w, https:\/\/graphimarket.com\/wp-content\/uploads\/2020\/09\/c2190aa6-6419-4e3d-8ae6-d846736f5564-300x200.jpg 300w, https:\/\/graphimarket.com\/wp-content\/uploads\/2020\/09\/c2190aa6-6419-4e3d-8ae6-d846736f5564-768x512.jpg 768w\" sizes=\"(max-width: 900px) 100vw, 900px\" \/> <img loading=\"lazy\" decoding=\"async\" class=\"aligncenter wp-image-8859 size-full\" src=\"https:\/\/graphimarket.com\/wp-content\/uploads\/2020\/09\/d304f9ba-6391-4f3c-a3f7-f78d69e2ffc3.jpg\" alt=\"\" width=\"900\" height=\"600\" srcset=\"https:\/\/graphimarket.com\/wp-content\/uploads\/2020\/09\/d304f9ba-6391-4f3c-a3f7-f78d69e2ffc3.jpg 900w, https:\/\/graphimarket.com\/wp-content\/uploads\/2020\/09\/d304f9ba-6391-4f3c-a3f7-f78d69e2ffc3-600x400.jpg 600w, https:\/\/graphimarket.com\/wp-content\/uploads\/2020\/09\/d304f9ba-6391-4f3c-a3f7-f78d69e2ffc3-300x200.jpg 300w, https:\/\/graphimarket.com\/wp-content\/uploads\/2020\/09\/d304f9ba-6391-4f3c-a3f7-f78d69e2ffc3-768x512.jpg 768w\" sizes=\"(max-width: 900px) 100vw, 900px\" \/> <img loading=\"lazy\" decoding=\"async\" class=\"aligncenter wp-image-8860 size-full\" src=\"https:\/\/graphimarket.com\/wp-content\/uploads\/2020\/09\/e8552878-c3cb-455f-9083-81f4d0d1ae2a.jpg\" alt=\"\" width=\"900\" height=\"600\" srcset=\"https:\/\/graphimarket.com\/wp-content\/uploads\/2020\/09\/e8552878-c3cb-455f-9083-81f4d0d1ae2a.jpg 900w, https:\/\/graphimarket.com\/wp-content\/uploads\/2020\/09\/e8552878-c3cb-455f-9083-81f4d0d1ae2a-600x400.jpg 600w, https:\/\/graphimarket.com\/wp-content\/uploads\/2020\/09\/e8552878-c3cb-455f-9083-81f4d0d1ae2a-300x200.jpg 300w, https:\/\/graphimarket.com\/wp-content\/uploads\/2020\/09\/e8552878-c3cb-455f-9083-81f4d0d1ae2a-768x512.jpg 768w\" sizes=\"(max-width: 900px) 100vw, 900px\" \/> <img loading=\"lazy\" decoding=\"async\" class=\"aligncenter wp-image-8861 size-full\" src=\"https:\/\/graphimarket.com\/wp-content\/uploads\/2020\/09\/0beda9af-75cb-4c2c-b92b-1b8f373cacf0.jpg\" alt=\"\" width=\"900\" height=\"600\" srcset=\"https:\/\/graphimarket.com\/wp-content\/uploads\/2020\/09\/0beda9af-75cb-4c2c-b92b-1b8f373cacf0.jpg 900w, https:\/\/graphimarket.com\/wp-content\/uploads\/2020\/09\/0beda9af-75cb-4c2c-b92b-1b8f373cacf0-600x400.jpg 600w, https:\/\/graphimarket.com\/wp-content\/uploads\/2020\/09\/0beda9af-75cb-4c2c-b92b-1b8f373cacf0-300x200.jpg 300w, https:\/\/graphimarket.com\/wp-content\/uploads\/2020\/09\/0beda9af-75cb-4c2c-b92b-1b8f373cacf0-768x512.jpg 768w\" sizes=\"(max-width: 900px) 100vw, 900px\" \/> <img loading=\"lazy\" decoding=\"async\" class=\"aligncenter wp-image-8862 size-full\" src=\"https:\/\/graphimarket.com\/wp-content\/uploads\/2020\/09\/4aa0d20e-d9fc-4245-a5c8-a9e705fd608d.jpg\" alt=\"\" width=\"900\" height=\"600\" srcset=\"https:\/\/graphimarket.com\/wp-content\/uploads\/2020\/09\/4aa0d20e-d9fc-4245-a5c8-a9e705fd608d.jpg 900w, https:\/\/graphimarket.com\/wp-content\/uploads\/2020\/09\/4aa0d20e-d9fc-4245-a5c8-a9e705fd608d-600x400.jpg 600w, https:\/\/graphimarket.com\/wp-content\/uploads\/2020\/09\/4aa0d20e-d9fc-4245-a5c8-a9e705fd608d-300x200.jpg 300w, https:\/\/graphimarket.com\/wp-content\/uploads\/2020\/09\/4aa0d20e-d9fc-4245-a5c8-a9e705fd608d-768x512.jpg 768w\" sizes=\"(max-width: 900px) 100vw, 900px\" \/> <img loading=\"lazy\" decoding=\"async\" class=\"aligncenter wp-image-8863 size-full\" src=\"https:\/\/graphimarket.com\/wp-content\/uploads\/2020\/09\/81fc4d0b-6feb-4946-b1be-b8af7e553762.jpg\" alt=\"\" width=\"900\" height=\"600\" srcset=\"https:\/\/graphimarket.com\/wp-content\/uploads\/2020\/09\/81fc4d0b-6feb-4946-b1be-b8af7e553762.jpg 900w, https:\/\/graphimarket.com\/wp-content\/uploads\/2020\/09\/81fc4d0b-6feb-4946-b1be-b8af7e553762-600x400.jpg 600w, https:\/\/graphimarket.com\/wp-content\/uploads\/2020\/09\/81fc4d0b-6feb-4946-b1be-b8af7e553762-300x200.jpg 300w, https:\/\/graphimarket.com\/wp-content\/uploads\/2020\/09\/81fc4d0b-6feb-4946-b1be-b8af7e553762-768x512.jpg 768w\" sizes=\"(max-width: 900px) 100vw, 900px\" \/><\/div>","protected":false},"excerpt":{"rendered":"<p>Details The Fabric Kingdom is my new product founded on my passion to layer styles and techniques they can bring to your design process. I&#8217;m happy to ship you a complete toolbox packed with all you need to create adorable, eye-catching designs that will stand out, as easy as possible. Layer Styles Fabric Kingdom brings [&hellip;]<\/p>\n","protected":false},"featured_media":8865,"comment_status":"open","ping_status":"closed","template":"","meta":{"site-sidebar-layout":"default","site-content-layout":"default","ast-site-content-layout":"default","site-content-style":"default","site-sidebar-style":"default","ast-global-header-display":"","ast-banner-title-visibility":"","ast-main-header-display":"","ast-hfb-above-header-display":"","ast-hfb-below-header-display":"","ast-hfb-mobile-header-display":"","site-post-title":"","ast-breadcrumbs-content":"","ast-featured-img":"","footer-sml-layout":"","ast-disable-related-posts":"","theme-transparent-header-meta":"default","adv-header-id-meta":"","stick-header-meta":"","header-above-stick-meta":"","header-main-stick-meta":"","header-below-stick-meta":"","astra-migrate-meta-layouts":"default","ast-page-background-enabled":"default","ast-page-background-meta":{"desktop":{"background-color":"","background-image":"","background-repeat":"repeat","background-position":"center center","background-size":"auto","background-attachment":"scroll","background-type":"","background-media":"","overlay-type":"","overlay-color":"","overlay-opacity":"","overlay-gradient":""},"tablet":{"background-color":"","background-image":"","background-repeat":"repeat","background-position":"center center","background-size":"auto","background-attachment":"scroll","background-type":"","background-media":"","overlay-type":"","overlay-color":"","overlay-opacity":"","overlay-gradient":""},"mobile":{"background-color":"","background-image":"","background-repeat":"repeat","background-position":"center center","background-size":"auto","background-attachment":"scroll","background-type":"","background-media":"","overlay-type":"","overlay-color":"","overlay-opacity":"","overlay-gradient":""}},"ast-content-background-meta":{"desktop":{"background-color":"var(--ast-global-color-5)","background-image":"","background-repeat":"repeat","background-position":"center center","background-size":"auto","background-attachment":"scroll","background-type":"","background-media":"","overlay-type":"","overlay-color":"","overlay-opacity":"","overlay-gradient":""},"tablet":{"background-color":"var(--ast-global-color-5)","background-image":"","background-repeat":"repeat","background-position":"center center","background-size":"auto","background-attachment":"scroll","background-type":"","background-media":"","overlay-type":"","overlay-color":"","overlay-opacity":"","overlay-gradient":""},"mobile":{"background-color":"var(--ast-global-color-5)","background-image":"","background-repeat":"repeat","background-position":"center center","background-size":"auto","background-attachment":"scroll","background-type":"","background-media":"","overlay-type":"","overlay-color":"","overlay-opacity":"","overlay-gradient":""}}},"product_brand":[],"product_cat":[195],"product_tag":[292,450,389,677,449,278,452,448,432,433,451,227,243,676,230],"class_list":{"0":"post-8846","1":"product","2":"type-product","3":"status-publish","4":"has-post-thumbnail","6":"product_cat-photoshop","7":"product_tag-action","8":"product_tag-background","9":"product_tag-brush","10":"product_tag-doodle","11":"product_tag-fabric","12":"product_tag-illustration","13":"product_tag-knit","14":"product_tag-layer","15":"product_tag-pattern","16":"product_tag-seamless","17":"product_tag-stitch","18":"product_tag-style","19":"product_tag-texture","20":"product_tag-thread","21":"product_tag-vector","22":"desktop-align-left","23":"tablet-align-left","24":"mobile-align-left","26":"first","27":"instock","28":"downloadable","29":"virtual","30":"taxable","31":"purchasable","32":"product-type-simple"},"yoast_head":"<!-- This site is optimized with the Yoast SEO plugin v27.3 - https:\/\/yoast.com\/product\/yoast-seo-wordpress\/ -->\n<title>Fabric Kingdom Photoshop Edition - Graphimarket<\/title>\n<meta name=\"description\" content=\"DetailsThe Fabric Kingdom is my new product founded on my passion to layer styles and techniques they can bring to your design process...\" \/>\n<meta name=\"robots\" content=\"index, follow, max-snippet:-1, max-image-preview:large, max-video-preview:-1\" \/>\n<link rel=\"canonical\" href=\"https:\/\/graphimarket.com\/es\/product\/fabric-kingdom-photoshop-edition\/\" \/>\n<meta property=\"og:locale\" content=\"es_ES\" \/>\n<meta property=\"og:type\" content=\"article\" \/>\n<meta property=\"og:title\" content=\"Fabric Kingdom Photoshop Edition - Graphimarket\" \/>\n<meta property=\"og:description\" content=\"DetailsThe Fabric Kingdom is my new product founded on my passion to layer styles and techniques they can bring to your design process...\" \/>\n<meta property=\"og:url\" content=\"https:\/\/graphimarket.com\/es\/product\/fabric-kingdom-photoshop-edition\/\" \/>\n<meta property=\"og:site_name\" content=\"Graphimarket\" \/>\n<meta property=\"article:modified_time\" content=\"2022-12-19T10:04:56+00:00\" \/>\n<meta property=\"og:image\" content=\"https:\/\/graphimarket.com\/wp-content\/uploads\/2020\/09\/a7b2b6f3-8093-48ba-aa6c-469236b5b19f.jpg\" \/>\n\t<meta property=\"og:image:width\" content=\"900\" \/>\n\t<meta property=\"og:image:height\" content=\"600\" \/>\n\t<meta property=\"og:image:type\" content=\"image\/jpeg\" \/>\n<meta name=\"twitter:card\" content=\"summary_large_image\" \/>\n<meta name=\"twitter:label1\" content=\"Est. reading time\" \/>\n\t<meta name=\"twitter:data1\" content=\"1 minute\" \/>\n<script type=\"application\/ld+json\" class=\"yoast-schema-graph\">{\"@context\":\"https:\\\/\\\/schema.org\",\"@graph\":[{\"@type\":\"WebPage\",\"@id\":\"https:\\\/\\\/graphimarket.com\\\/product\\\/fabric-kingdom-photoshop-edition\\\/\",\"url\":\"https:\\\/\\\/graphimarket.com\\\/product\\\/fabric-kingdom-photoshop-edition\\\/\",\"name\":\"Fabric Kingdom Photoshop Edition - Graphimarket\",\"isPartOf\":{\"@id\":\"https:\\\/\\\/graphimarket.com\\\/fr\\\/#website\"},\"primaryImageOfPage\":{\"@id\":\"https:\\\/\\\/graphimarket.com\\\/product\\\/fabric-kingdom-photoshop-edition\\\/#primaryimage\"},\"image\":{\"@id\":\"https:\\\/\\\/graphimarket.com\\\/product\\\/fabric-kingdom-photoshop-edition\\\/#primaryimage\"},\"thumbnailUrl\":\"https:\\\/\\\/graphimarket.com\\\/wp-content\\\/uploads\\\/2020\\\/09\\\/a7b2b6f3-8093-48ba-aa6c-469236b5b19f.jpg\",\"datePublished\":\"2020-09-13T10:11:29+00:00\",\"dateModified\":\"2022-12-19T10:04:56+00:00\",\"description\":\"DetailsThe Fabric Kingdom is my new product founded on my passion to layer styles and techniques they can bring to your design process...\",\"breadcrumb\":{\"@id\":\"https:\\\/\\\/graphimarket.com\\\/product\\\/fabric-kingdom-photoshop-edition\\\/#breadcrumb\"},\"inLanguage\":\"es-ES\",\"potentialAction\":[{\"@type\":\"ReadAction\",\"target\":[\"https:\\\/\\\/graphimarket.com\\\/product\\\/fabric-kingdom-photoshop-edition\\\/\"]}]},{\"@type\":\"ImageObject\",\"inLanguage\":\"es-ES\",\"@id\":\"https:\\\/\\\/graphimarket.com\\\/product\\\/fabric-kingdom-photoshop-edition\\\/#primaryimage\",\"url\":\"https:\\\/\\\/graphimarket.com\\\/wp-content\\\/uploads\\\/2020\\\/09\\\/a7b2b6f3-8093-48ba-aa6c-469236b5b19f.jpg\",\"contentUrl\":\"https:\\\/\\\/graphimarket.com\\\/wp-content\\\/uploads\\\/2020\\\/09\\\/a7b2b6f3-8093-48ba-aa6c-469236b5b19f.jpg\",\"width\":900,\"height\":600},{\"@type\":\"BreadcrumbList\",\"@id\":\"https:\\\/\\\/graphimarket.com\\\/product\\\/fabric-kingdom-photoshop-edition\\\/#breadcrumb\",\"itemListElement\":[{\"@type\":\"ListItem\",\"position\":1,\"name\":\"Home\",\"item\":\"https:\\\/\\\/graphimarket.com\\\/es\\\/\"},{\"@type\":\"ListItem\",\"position\":2,\"name\":\"Store\",\"item\":\"https:\\\/\\\/graphimarket.com\\\/store\\\/\"},{\"@type\":\"ListItem\",\"position\":3,\"name\":\"Fabric Kingdom Photoshop Edition\"}]},{\"@type\":\"WebSite\",\"@id\":\"https:\\\/\\\/graphimarket.com\\\/fr\\\/#website\",\"url\":\"https:\\\/\\\/graphimarket.com\\\/fr\\\/\",\"name\":\"Graphimarket\",\"description\":\"Find the perfect creative asset to bring your project to life\",\"publisher\":{\"@id\":\"https:\\\/\\\/graphimarket.com\\\/fr\\\/#organization\"},\"potentialAction\":[{\"@type\":\"SearchAction\",\"target\":{\"@type\":\"EntryPoint\",\"urlTemplate\":\"https:\\\/\\\/graphimarket.com\\\/fr\\\/?s={search_term_string}\"},\"query-input\":{\"@type\":\"PropertyValueSpecification\",\"valueRequired\":true,\"valueName\":\"search_term_string\"}}],\"inLanguage\":\"es-ES\"},{\"@type\":\"Organization\",\"@id\":\"https:\\\/\\\/graphimarket.com\\\/fr\\\/#organization\",\"name\":\"Graphimarket\",\"url\":\"https:\\\/\\\/graphimarket.com\\\/fr\\\/\",\"logo\":{\"@type\":\"ImageObject\",\"inLanguage\":\"es-ES\",\"@id\":\"https:\\\/\\\/graphimarket.com\\\/fr\\\/#\\\/schema\\\/logo\\\/image\\\/\",\"url\":\"https:\\\/\\\/graphimarket.com\\\/wp-content\\\/uploads\\\/2020\\\/08\\\/logo-48.png\",\"contentUrl\":\"https:\\\/\\\/graphimarket.com\\\/wp-content\\\/uploads\\\/2020\\\/08\\\/logo-48.png\",\"width\":132,\"height\":48,\"caption\":\"Graphimarket\"},\"image\":{\"@id\":\"https:\\\/\\\/graphimarket.com\\\/fr\\\/#\\\/schema\\\/logo\\\/image\\\/\"}}]}<\/script>\n<!-- \/ Yoast SEO plugin. -->","yoast_head_json":{"title":"Edici\u00f3n de Photoshop de Fabric Kingdom - Graphimarket","description":"Detalles The Fabric Kingdom es mi nuevo producto basado en mi pasi\u00f3n por combinar estilos y t\u00e9cnicas que pueden aportar a su proceso de dise\u00f1o ...","robots":{"index":"index","follow":"follow","max-snippet":"max-snippet:-1","max-image-preview":"max-image-preview:large","max-video-preview":"max-video-preview:-1"},"canonical":"https:\/\/graphimarket.com\/es\/product\/fabric-kingdom-photoshop-edition\/","og_locale":"es_ES","og_type":"article","og_title":"Fabric Kingdom Photoshop Edition - Graphimarket","og_description":"DetailsThe Fabric Kingdom is my new product founded on my passion to layer styles and techniques they can bring to your design process...","og_url":"https:\/\/graphimarket.com\/es\/product\/fabric-kingdom-photoshop-edition\/","og_site_name":"Graphimarket","article_modified_time":"2022-12-19T10:04:56+00:00","og_image":[{"width":900,"height":600,"url":"https:\/\/graphimarket.com\/wp-content\/uploads\/2020\/09\/a7b2b6f3-8093-48ba-aa6c-469236b5b19f.jpg","type":"image\/jpeg"}],"twitter_card":"summary_large_image","twitter_misc":{"Est. reading time":"1 minute"},"schema":{"@context":"https:\/\/schema.org","@graph":[{"@type":"WebPage","@id":"https:\/\/graphimarket.com\/product\/fabric-kingdom-photoshop-edition\/","url":"https:\/\/graphimarket.com\/product\/fabric-kingdom-photoshop-edition\/","name":"Edici\u00f3n de Photoshop de Fabric Kingdom - Graphimarket","isPartOf":{"@id":"https:\/\/graphimarket.com\/fr\/#website"},"primaryImageOfPage":{"@id":"https:\/\/graphimarket.com\/product\/fabric-kingdom-photoshop-edition\/#primaryimage"},"image":{"@id":"https:\/\/graphimarket.com\/product\/fabric-kingdom-photoshop-edition\/#primaryimage"},"thumbnailUrl":"https:\/\/graphimarket.com\/wp-content\/uploads\/2020\/09\/a7b2b6f3-8093-48ba-aa6c-469236b5b19f.jpg","datePublished":"2020-09-13T10:11:29+00:00","dateModified":"2022-12-19T10:04:56+00:00","description":"Detalles The Fabric Kingdom es mi nuevo producto basado en mi pasi\u00f3n por combinar estilos y t\u00e9cnicas que pueden aportar a su proceso de dise\u00f1o ...","breadcrumb":{"@id":"https:\/\/graphimarket.com\/product\/fabric-kingdom-photoshop-edition\/#breadcrumb"},"inLanguage":"es-ES","potentialAction":[{"@type":"ReadAction","target":["https:\/\/graphimarket.com\/product\/fabric-kingdom-photoshop-edition\/"]}]},{"@type":"ImageObject","inLanguage":"es-ES","@id":"https:\/\/graphimarket.com\/product\/fabric-kingdom-photoshop-edition\/#primaryimage","url":"https:\/\/graphimarket.com\/wp-content\/uploads\/2020\/09\/a7b2b6f3-8093-48ba-aa6c-469236b5b19f.jpg","contentUrl":"https:\/\/graphimarket.com\/wp-content\/uploads\/2020\/09\/a7b2b6f3-8093-48ba-aa6c-469236b5b19f.jpg","width":900,"height":600},{"@type":"BreadcrumbList","@id":"https:\/\/graphimarket.com\/product\/fabric-kingdom-photoshop-edition\/#breadcrumb","itemListElement":[{"@type":"ListItem","position":1,"name":"Home","item":"https:\/\/graphimarket.com\/es\/"},{"@type":"ListItem","position":2,"name":"Store","item":"https:\/\/graphimarket.com\/store\/"},{"@type":"ListItem","position":3,"name":"Fabric Kingdom Photoshop Edition"}]},{"@type":"WebSite","@id":"https:\/\/graphimarket.com\/fr\/#website","url":"https:\/\/graphimarket.com\/fr\/","name":"Graphimarket","description":"Encuentre el activo creativo perfecto para darle vida a su proyecto","publisher":{"@id":"https:\/\/graphimarket.com\/fr\/#organization"},"potentialAction":[{"@type":"SearchAction","target":{"@type":"EntryPoint","urlTemplate":"https:\/\/graphimarket.com\/fr\/?s={search_term_string}"},"query-input":{"@type":"PropertyValueSpecification","valueRequired":true,"valueName":"search_term_string"}}],"inLanguage":"es-ES"},{"@type":"Organization","@id":"https:\/\/graphimarket.com\/fr\/#organization","name":"Graphimarket","url":"https:\/\/graphimarket.com\/fr\/","logo":{"@type":"ImageObject","inLanguage":"es-ES","@id":"https:\/\/graphimarket.com\/fr\/#\/schema\/logo\/image\/","url":"https:\/\/graphimarket.com\/wp-content\/uploads\/2020\/08\/logo-48.png","contentUrl":"https:\/\/graphimarket.com\/wp-content\/uploads\/2020\/08\/logo-48.png","width":132,"height":48,"caption":"Graphimarket"},"image":{"@id":"https:\/\/graphimarket.com\/fr\/#\/schema\/logo\/image\/"}}]}},"_links":{"self":[{"href":"https:\/\/graphimarket.com\/es\/wp-json\/wp\/v2\/product\/8846","targetHints":{"allow":["GET"]}}],"collection":[{"href":"https:\/\/graphimarket.com\/es\/wp-json\/wp\/v2\/product"}],"about":[{"href":"https:\/\/graphimarket.com\/es\/wp-json\/wp\/v2\/types\/product"}],"replies":[{"embeddable":true,"href":"https:\/\/graphimarket.com\/es\/wp-json\/wp\/v2\/comments?post=8846"}],"version-history":[{"count":0,"href":"https:\/\/graphimarket.com\/es\/wp-json\/wp\/v2\/product\/8846\/revisions"}],"wp:featuredmedia":[{"embeddable":true,"href":"https:\/\/graphimarket.com\/es\/wp-json\/wp\/v2\/media\/8865"}],"wp:attachment":[{"href":"https:\/\/graphimarket.com\/es\/wp-json\/wp\/v2\/media?parent=8846"}],"wp:term":[{"taxonomy":"product_brand","embeddable":true,"href":"https:\/\/graphimarket.com\/es\/wp-json\/wp\/v2\/product_brand?post=8846"},{"taxonomy":"product_cat","embeddable":true,"href":"https:\/\/graphimarket.com\/es\/wp-json\/wp\/v2\/product_cat?post=8846"},{"taxonomy":"product_tag","embeddable":true,"href":"https:\/\/graphimarket.com\/es\/wp-json\/wp\/v2\/product_tag?post=8846"}],"curies":[{"name":"wp","href":"https:\/\/api.w.org\/{rel}","templated":true}]}}