{"id":10385,"date":"2020-09-17T22:18:44","date_gmt":"2020-09-17T20:18:44","guid":{"rendered":"https:\/\/graphimarket.com\/?page_id=10385"},"modified":"2023-06-01T19:30:35","modified_gmt":"2023-06-01T17:30:35","slug":"blog","status":"publish","type":"page","link":"https:\/\/graphimarket.com\/fr\/blog\/","title":{"rendered":"Blog"},"content":{"rendered":"<div data-elementor-type=\"wp-page\" data-elementor-id=\"10385\" class=\"elementor elementor-10385\" data-elementor-post-type=\"page\">\n\t\t\t\t\t\t<section class=\"elementor-section elementor-top-section elementor-element elementor-element-e7d52d5 elementor-section-boxed elementor-section-height-default elementor-section-height-default\" data-id=\"e7d52d5\" data-element_type=\"section\" data-e-type=\"section\">\n\t\t\t\t\t\t<div class=\"elementor-container elementor-column-gap-default\">\n\t\t\t\t\t<div class=\"elementor-column elementor-col-100 elementor-top-column elementor-element elementor-element-cf74b85\" data-id=\"cf74b85\" data-element_type=\"column\" data-e-type=\"column\">\n\t\t\t<div class=\"elementor-widget-wrap elementor-element-populated\">\n\t\t\t\t\t\t<div class=\"elementor-element elementor-element-c4889a8 elementor-widget elementor-widget-theme-post-title elementor-page-title elementor-widget-heading\" data-id=\"c4889a8\" data-element_type=\"widget\" data-e-type=\"widget\" data-widget_type=\"theme-post-title.default\">\n\t\t\t\t<div class=\"elementor-widget-container\">\n\t\t\t\t\t<h1 class=\"elementor-heading-title elementor-size-default\">Blog<\/h1>\t\t\t\t<\/div>\n\t\t\t\t<\/div>\n\t\t\t\t<div class=\"elementor-element elementor-element-c59581e elementor-grid-3 elementor-grid-tablet-2 elementor-grid-mobile-1 elementor-posts--thumbnail-top elementor-widget elementor-widget-posts\" data-id=\"c59581e\" data-element_type=\"widget\" data-e-type=\"widget\" data-settings=\"{&quot;classic_row_gap&quot;:{&quot;unit&quot;:&quot;px&quot;,&quot;size&quot;:43,&quot;sizes&quot;:[]},&quot;pagination_type&quot;:&quot;numbers_and_prev_next&quot;,&quot;classic_columns&quot;:&quot;3&quot;,&quot;classic_columns_tablet&quot;:&quot;2&quot;,&quot;classic_columns_mobile&quot;:&quot;1&quot;,&quot;classic_row_gap_tablet&quot;:{&quot;unit&quot;:&quot;px&quot;,&quot;size&quot;:&quot;&quot;,&quot;sizes&quot;:[]},&quot;classic_row_gap_mobile&quot;:{&quot;unit&quot;:&quot;px&quot;,&quot;size&quot;:&quot;&quot;,&quot;sizes&quot;:[]}}\" data-widget_type=\"posts.classic\">\n\t\t\t\t<div class=\"elementor-widget-container\">\n\t\t\t\t\t\t\t<div class=\"elementor-posts-container elementor-posts elementor-posts--skin-classic elementor-grid\" role=\"list\">\n\t\t\t\t<article class=\"elementor-post elementor-grid-item post-20916 post type-post status-publish format-standard hentry category-whatsapp tag-chat-gtp tag-whatsapp\" role=\"listitem\">\n\t\t\t\t<div class=\"elementor-post__text\">\n\t\t\t\t<h3 class=\"elementor-post__title\">\n\t\t\t<a href=\"https:\/\/graphimarket.com\/fr\/2024\/06\/programmazione-messaggi-whatsapp-sendapp\/\" >\n\t\t\t\tProgrammazione Messaggi WhatsApp con SendApp\t\t\t<\/a>\n\t\t<\/h3>\n\t\t\t\t<div class=\"elementor-post__meta-data\">\n\t\t\t\t\t<span class=\"elementor-post-date\">\n\t\t\t4 June 2024\t\t<\/span>\n\t\t\t\t<span class=\"elementor-post-avatar\">\n\t\t\t2 Comments\t\t<\/span>\n\t\t\t\t<\/div>\n\t\t\t\t<div class=\"elementor-post__excerpt\">\n\t\t\t<p>Messaggi programmati WhatsApp: come scrivere oggi e inviare quando preferisci In questo articolo, parleremo di come programmare un messaggio su WhatsApp per inviarlo in un<\/p>\n\t\t<\/div>\n\t\t\n\t\t<a class=\"elementor-post__read-more\" href=\"https:\/\/graphimarket.com\/fr\/2024\/06\/programmazione-messaggi-whatsapp-sendapp\/\" aria-label=\"Read more about Programmazione Messaggi WhatsApp con SendApp\" tabindex=\"-1\" >\n\t\t\tLire la suite &quot;\t\t<\/a>\n\n\t\t\t\t<\/div>\n\t\t\t\t<\/article>\n\t\t\t\t<article class=\"elementor-post elementor-grid-item post-20914 post type-post status-publish format-standard hentry category-whatsapp tag-chat-gtp tag-whatsapp\" role=\"listitem\">\n\t\t\t\t<div class=\"elementor-post__text\">\n\t\t\t\t<h3 class=\"elementor-post__title\">\n\t\t\t<a href=\"https:\/\/graphimarket.com\/fr\/2024\/06\/liste-broadcast-sparate-sendapp-analisi-soluzioni\/\" >\n\t\t\t\tLista Broadcast Sparite su SendApp\t\t\t<\/a>\n\t\t<\/h3>\n\t\t\t\t<div class=\"elementor-post__meta-data\">\n\t\t\t\t\t<span class=\"elementor-post-date\">\n\t\t\t4 June 2024\t\t<\/span>\n\t\t\t\t<span class=\"elementor-post-avatar\">\n\t\t\t18 Comments\t\t<\/span>\n\t\t\t\t<\/div>\n\t\t\t\t<div class=\"elementor-post__excerpt\">\n\t\t\t<p>Sparizione delle Liste Broadcast. Cosa sta succedendo a SendApp? Approfondimento&#8230; Lista Broadcast SendApp sparite? In molte ci cercano negli ultimi tempi (siamo nel 2024), segnalando<\/p>\n\t\t<\/div>\n\t\t\n\t\t<a class=\"elementor-post__read-more\" href=\"https:\/\/graphimarket.com\/fr\/2024\/06\/liste-broadcast-sparate-sendapp-analisi-soluzioni\/\" aria-label=\"Read more about Lista Broadcast Sparite su SendApp\" tabindex=\"-1\" >\n\t\t\tLire la suite &quot;\t\t<\/a>\n\n\t\t\t\t<\/div>\n\t\t\t\t<\/article>\n\t\t\t\t<article class=\"elementor-post elementor-grid-item post-19134 post type-post status-publish format-standard has-post-thumbnail hentry category-photographer category-photoshop tag-2106 tag-adobe tag-color-transfer tag-depth-blur-neural-filter tag-full-xdr-support tag-landscape-mixer tag-mask-all-objects tag-object-selection-tool-update tag-photoshop\" role=\"listitem\">\n\t\t\t\t<a class=\"elementor-post__thumbnail__link\" href=\"https:\/\/graphimarket.com\/fr\/2022\/09\/whats-new-in-photoshop-cc-2022\/\" tabindex=\"-1\" >\n\t\t\t<div class=\"elementor-post__thumbnail\"><img fetchpriority=\"high\" decoding=\"async\" width=\"300\" height=\"169\" src=\"https:\/\/graphimarket.com\/wp-content\/uploads\/2022\/09\/download-photoshop-cc-2022-300x169.jpg\" class=\"attachment-medium size-medium wp-image-19143\" alt=\"\" srcset=\"https:\/\/graphimarket.com\/wp-content\/uploads\/2022\/09\/download-photoshop-cc-2022-300x169.jpg 300w, https:\/\/graphimarket.com\/wp-content\/uploads\/2022\/09\/download-photoshop-cc-2022-1024x576.jpg 1024w, https:\/\/graphimarket.com\/wp-content\/uploads\/2022\/09\/download-photoshop-cc-2022-768x432.jpg 768w, https:\/\/graphimarket.com\/wp-content\/uploads\/2022\/09\/download-photoshop-cc-2022-18x10.jpg 18w, https:\/\/graphimarket.com\/wp-content\/uploads\/2022\/09\/download-photoshop-cc-2022-600x338.jpg 600w, https:\/\/graphimarket.com\/wp-content\/uploads\/2022\/09\/download-photoshop-cc-2022.jpg 1280w\" sizes=\"(max-width: 300px) 100vw, 300px\" \/><\/div>\n\t\t<\/a>\n\t\t\t\t<div class=\"elementor-post__text\">\n\t\t\t\t<h3 class=\"elementor-post__title\">\n\t\t\t<a href=\"https:\/\/graphimarket.com\/fr\/2022\/09\/whats-new-in-photoshop-cc-2022\/\" >\n\t\t\t\tQuoi de neuf dans Photoshop CC 2022 ?\t\t\t<\/a>\n\t\t<\/h3>\n\t\t\t\t<div class=\"elementor-post__meta-data\">\n\t\t\t\t\t<span class=\"elementor-post-date\">\n\t\t\t30 September 2022\t\t<\/span>\n\t\t\t\t<span class=\"elementor-post-avatar\">\n\t\t\t51 Comments\t\t<\/span>\n\t\t\t\t<\/div>\n\t\t\t\t<div class=\"elementor-post__excerpt\">\n\t\t\t<p>Quoi de neuf dans Photoshop CC 2022 ? La conf\u00e9rence Adobe MAX 2021 est venue avec la sortie de Photoshop 2022 (nom interne, Photoshop 23.0.0), et avec cela<\/p>\n\t\t<\/div>\n\t\t\n\t\t<a class=\"elementor-post__read-more\" href=\"https:\/\/graphimarket.com\/fr\/2022\/09\/whats-new-in-photoshop-cc-2022\/\" aria-label=\"Read more about What\u2019s new in Photoshop CC 2022?\" tabindex=\"-1\" >\n\t\t\tLire la suite &quot;\t\t<\/a>\n\n\t\t\t\t<\/div>\n\t\t\t\t<\/article>\n\t\t\t\t<article class=\"elementor-post elementor-grid-item post-19118 post type-post status-publish format-standard has-post-thumbnail hentry category-photographer category-photoshop tag-digital tag-how-to-create tag-photoshop tag-signature\" role=\"listitem\">\n\t\t\t\t<a class=\"elementor-post__thumbnail__link\" href=\"https:\/\/graphimarket.com\/fr\/2022\/09\/how-to-create-a-digital-signature-in-photoshop\/\" tabindex=\"-1\" >\n\t\t\t<div class=\"elementor-post__thumbnail\"><img decoding=\"async\" width=\"300\" height=\"169\" src=\"https:\/\/graphimarket.com\/wp-content\/uploads\/2022\/09\/wanderlust-globetrotter-travelholic-300x169.webp\" class=\"attachment-medium size-medium wp-image-19119\" alt=\"\" srcset=\"https:\/\/graphimarket.com\/wp-content\/uploads\/2022\/09\/wanderlust-globetrotter-travelholic-300x169.webp 300w, https:\/\/graphimarket.com\/wp-content\/uploads\/2022\/09\/wanderlust-globetrotter-travelholic-18x10.webp 18w, https:\/\/graphimarket.com\/wp-content\/uploads\/2022\/09\/wanderlust-globetrotter-travelholic.webp 448w\" sizes=\"(max-width: 300px) 100vw, 300px\" \/><\/div>\n\t\t<\/a>\n\t\t\t\t<div class=\"elementor-post__text\">\n\t\t\t\t<h3 class=\"elementor-post__title\">\n\t\t\t<a href=\"https:\/\/graphimarket.com\/fr\/2022\/09\/how-to-create-a-digital-signature-in-photoshop\/\" >\n\t\t\t\tComment cr\u00e9er une signature num\u00e9rique dans Photoshop\t\t\t<\/a>\n\t\t<\/h3>\n\t\t\t\t<div class=\"elementor-post__meta-data\">\n\t\t\t\t\t<span class=\"elementor-post-date\">\n\t\t\t30 September 2022\t\t<\/span>\n\t\t\t\t<span class=\"elementor-post-avatar\">\n\t\t\t53 Comments\t\t<\/span>\n\t\t\t\t<\/div>\n\t\t\t\t<div class=\"elementor-post__excerpt\">\n\t\t\t<p>Comment cr\u00e9er une signature num\u00e9rique dans Photoshop Les signatures num\u00e9riques sont si pratiques, mais si n\u00e9glig\u00e9es. C&#039;est votre cachet et votre image de marque. C&#039;est le meilleur<\/p>\n\t\t<\/div>\n\t\t\n\t\t<a class=\"elementor-post__read-more\" href=\"https:\/\/graphimarket.com\/fr\/2022\/09\/how-to-create-a-digital-signature-in-photoshop\/\" aria-label=\"Read more about How to Create A Digital Signature in Photoshop\" tabindex=\"-1\" >\n\t\t\tLire la suite &quot;\t\t<\/a>\n\n\t\t\t\t<\/div>\n\t\t\t\t<\/article>\n\t\t\t\t<article class=\"elementor-post elementor-grid-item post-18913 post type-post status-publish format-standard has-post-thumbnail hentry category-photographer category-photoshop tag-background tag-images tag-photoshop\" role=\"listitem\">\n\t\t\t\t<a class=\"elementor-post__thumbnail__link\" href=\"https:\/\/graphimarket.com\/fr\/2022\/09\/remove-background-in-your-images\/\" tabindex=\"-1\" >\n\t\t\t<div class=\"elementor-post__thumbnail\"><img decoding=\"async\" width=\"300\" height=\"150\" src=\"https:\/\/graphimarket.com\/wp-content\/uploads\/2022\/09\/remove-background-after-qa.png.img_-300x150.png\" class=\"attachment-medium size-medium wp-image-18911\" alt=\"\" srcset=\"https:\/\/graphimarket.com\/wp-content\/uploads\/2022\/09\/remove-background-after-qa.png.img_-300x150.png 300w, https:\/\/graphimarket.com\/wp-content\/uploads\/2022\/09\/remove-background-after-qa.png.img_-768x384.png 768w, https:\/\/graphimarket.com\/wp-content\/uploads\/2022\/09\/remove-background-after-qa.png.img_-18x9.png 18w, https:\/\/graphimarket.com\/wp-content\/uploads\/2022\/09\/remove-background-after-qa.png.img_-600x300.png 600w, https:\/\/graphimarket.com\/wp-content\/uploads\/2022\/09\/remove-background-after-qa.png.img_.png 800w\" sizes=\"(max-width: 300px) 100vw, 300px\" \/><\/div>\n\t\t<\/a>\n\t\t\t\t<div class=\"elementor-post__text\">\n\t\t\t\t<h3 class=\"elementor-post__title\">\n\t\t\t<a href=\"https:\/\/graphimarket.com\/fr\/2022\/09\/remove-background-in-your-images\/\" >\n\t\t\t\tSupprimer l&#039;arri\u00e8re-plan de vos images\t\t\t<\/a>\n\t\t<\/h3>\n\t\t\t\t<div class=\"elementor-post__meta-data\">\n\t\t\t\t\t<span class=\"elementor-post-date\">\n\t\t\t1 September 2022\t\t<\/span>\n\t\t\t\t<span class=\"elementor-post-avatar\">\n\t\t\t6 Comments\t\t<\/span>\n\t\t\t\t<\/div>\n\t\t\t\t<div class=\"elementor-post__excerpt\">\n\t\t\t<p>Supprimer l&#039;arri\u00e8re-plan de vos images Vous souhaitez supprimer l&#039;arri\u00e8re-plan de vos images en un clic ? Voici comment vous pouvez le faire dans Photoshop. Ouvrez votre<\/p>\n\t\t<\/div>\n\t\t\n\t\t<a class=\"elementor-post__read-more\" href=\"https:\/\/graphimarket.com\/fr\/2022\/09\/remove-background-in-your-images\/\" aria-label=\"Read more about Remove background in your images\" tabindex=\"-1\" >\n\t\t\tLire la suite &quot;\t\t<\/a>\n\n\t\t\t\t<\/div>\n\t\t\t\t<\/article>\n\t\t\t\t<article class=\"elementor-post elementor-grid-item post-18886 post type-post status-publish format-standard has-post-thumbnail hentry category-photoshop tag-actions tag-photoshop\" role=\"listitem\">\n\t\t\t\t<a class=\"elementor-post__thumbnail__link\" href=\"https:\/\/graphimarket.com\/fr\/2022\/08\/what-are-photoshop-actions\/\" tabindex=\"-1\" >\n\t\t\t<div class=\"elementor-post__thumbnail\"><img loading=\"lazy\" decoding=\"async\" width=\"237\" height=\"300\" src=\"https:\/\/graphimarket.com\/wp-content\/uploads\/2022\/08\/001-237x300.jpg\" class=\"attachment-medium size-medium wp-image-18887\" alt=\"\" srcset=\"https:\/\/graphimarket.com\/wp-content\/uploads\/2022\/08\/001-237x300.jpg 237w, https:\/\/graphimarket.com\/wp-content\/uploads\/2022\/08\/001-809x1024.jpg 809w, https:\/\/graphimarket.com\/wp-content\/uploads\/2022\/08\/001-768x972.jpg 768w, https:\/\/graphimarket.com\/wp-content\/uploads\/2022\/08\/001-9x12.jpg 9w, https:\/\/graphimarket.com\/wp-content\/uploads\/2022\/08\/001-600x759.jpg 600w, https:\/\/graphimarket.com\/wp-content\/uploads\/2022\/08\/001.jpg 948w\" sizes=\"(max-width: 237px) 100vw, 237px\" \/><\/div>\n\t\t<\/a>\n\t\t\t\t<div class=\"elementor-post__text\">\n\t\t\t\t<h3 class=\"elementor-post__title\">\n\t\t\t<a href=\"https:\/\/graphimarket.com\/fr\/2022\/08\/what-are-photoshop-actions\/\" >\n\t\t\t\tQue sont les actions Photoshop ?\t\t\t<\/a>\n\t\t<\/h3>\n\t\t\t\t<div class=\"elementor-post__meta-data\">\n\t\t\t\t\t<span class=\"elementor-post-date\">\n\t\t\t27 August 2022\t\t<\/span>\n\t\t\t\t<span class=\"elementor-post-avatar\">\n\t\t\t39 Comments\t\t<\/span>\n\t\t\t\t<\/div>\n\t\t\t\t<div class=\"elementor-post__excerpt\">\n\t\t\t<p>Que sont les actions Photoshop ? Photoshop Actions est peut-\u00eatre l&#039;un des meilleurs outils dont vous ne profitez pas. Simplement, une action Photoshop est une s\u00e9quence<\/p>\n\t\t<\/div>\n\t\t\n\t\t<a class=\"elementor-post__read-more\" href=\"https:\/\/graphimarket.com\/fr\/2022\/08\/what-are-photoshop-actions\/\" aria-label=\"Read more about What Are Photoshop Actions?\" tabindex=\"-1\" >\n\t\t\tLire la suite &quot;\t\t<\/a>\n\n\t\t\t\t<\/div>\n\t\t\t\t<\/article>\n\t\t\t\t<\/div>\n\t\t\n\t\t\t\t<div class=\"e-load-more-anchor\" data-page=\"1\" data-max-page=\"9\" data-next-page=\"https:\/\/graphimarket.com\/fr\/wp-json\/wp\/v2\/pages\/10385\/page\/2\/\"><\/div>\n\t\t\t\t<nav class=\"elementor-pagination\" aria-label=\"Pagination\">\n\t\t\t<span class=\"page-numbers prev\">&quot; Pr\u00e9c\u00e9dent<\/span>\n<span aria-current=\"page\" class=\"page-numbers current\"><span class=\"elementor-screen-only\">Page<\/span>1<\/span>\n<a class=\"page-numbers\" href=\"https:\/\/graphimarket.com\/fr\/wp-json\/wp\/v2\/pages\/10385\/page\/2\/\"><span class=\"elementor-screen-only\">Page<\/span>2<\/a>\n<a class=\"page-numbers\" href=\"https:\/\/graphimarket.com\/fr\/wp-json\/wp\/v2\/pages\/10385\/page\/3\/\"><span class=\"elementor-screen-only\">Page<\/span>3<\/a>\n<span class=\"page-numbers dots\">\u2026<\/span>\n<a class=\"page-numbers\" href=\"https:\/\/graphimarket.com\/fr\/wp-json\/wp\/v2\/pages\/10385\/page\/5\/\"><span class=\"elementor-screen-only\">Page<\/span>5<\/a>\n<a class=\"page-numbers next\" href=\"https:\/\/graphimarket.com\/fr\/wp-json\/wp\/v2\/pages\/10385\/page\/2\/\">Suivant &quot;<\/a>\t\t<\/nav>\n\t\t\t\t\t\t<\/div>\n\t\t\t\t<\/div>\n\t\t\t\t\t<\/div>\n\t\t<\/div>\n\t\t\t\t\t<\/div>\n\t\t<\/section>\n\t\t\t\t<\/div>","protected":false},"excerpt":{"rendered":"","protected":false},"author":1,"featured_media":0,"parent":0,"menu_order":0,"comment_status":"closed","ping_status":"open","template":"","meta":{"site-sidebar-layout":"no-sidebar","site-content-layout":"page-builder","ast-site-content-layout":"default","site-content-style":"default","site-sidebar-style":"default","ast-global-header-display":"","ast-banner-title-visibility":"","ast-main-header-display":"","ast-hfb-above-header-display":"","ast-hfb-below-header-display":"","ast-hfb-mobile-header-display":"","site-post-title":"disabled","ast-breadcrumbs-content":"","ast-featured-img":"disabled","footer-sml-layout":"","ast-disable-related-posts":"","theme-transparent-header-meta":"default","adv-header-id-meta":"","stick-header-meta":"","header-above-stick-meta":"","header-main-stick-meta":"","header-below-stick-meta":"","astra-migrate-meta-layouts":"default","ast-page-background-enabled":"default","ast-page-background-meta":{"desktop":{"background-color":"","background-image":"","background-repeat":"repeat","background-position":"center center","background-size":"auto","background-attachment":"scroll","background-type":"","background-media":"","overlay-type":"","overlay-color":"","overlay-opacity":"","overlay-gradient":""},"tablet":{"background-color":"","background-image":"","background-repeat":"repeat","background-position":"center center","background-size":"auto","background-attachment":"scroll","background-type":"","background-media":"","overlay-type":"","overlay-color":"","overlay-opacity":"","overlay-gradient":""},"mobile":{"background-color":"","background-image":"","background-repeat":"repeat","background-position":"center center","background-size":"auto","background-attachment":"scroll","background-type":"","background-media":"","overlay-type":"","overlay-color":"","overlay-opacity":"","overlay-gradient":""}},"ast-content-background-meta":{"desktop":{"background-color":"var(--ast-global-color-5)","background-image":"","background-repeat":"repeat","background-position":"center center","background-size":"auto","background-attachment":"scroll","background-type":"","background-media":"","overlay-type":"","overlay-color":"","overlay-opacity":"","overlay-gradient":""},"tablet":{"background-color":"var(--ast-global-color-5)","background-image":"","background-repeat":"repeat","background-position":"center center","background-size":"auto","background-attachment":"scroll","background-type":"","background-media":"","overlay-type":"","overlay-color":"","overlay-opacity":"","overlay-gradient":""},"mobile":{"background-color":"var(--ast-global-color-5)","background-image":"","background-repeat":"repeat","background-position":"center center","background-size":"auto","background-attachment":"scroll","background-type":"","background-media":"","overlay-type":"","overlay-color":"","overlay-opacity":"","overlay-gradient":""}},"footnotes":""},"class_list":["post-10385","page","type-page","status-publish","hentry"],"yoast_head":"<!-- This site is optimized with the Yoast SEO plugin v27.3 - https:\/\/yoast.com\/product\/yoast-seo-wordpress\/ -->\n<title>Blog - Graphimarket<\/title>\n<meta name=\"description\" content=\"blog\" \/>\n<meta name=\"robots\" content=\"index, follow, max-snippet:-1, max-image-preview:large, max-video-preview:-1\" \/>\n<link rel=\"canonical\" href=\"https:\/\/graphimarket.com\/fr\/blog\/\" \/>\n<meta property=\"og:locale\" content=\"fr_FR\" \/>\n<meta property=\"og:type\" content=\"article\" \/>\n<meta property=\"og:title\" content=\"Blog - Graphimarket\" \/>\n<meta property=\"og:description\" content=\"blog\" \/>\n<meta property=\"og:url\" content=\"https:\/\/graphimarket.com\/fr\/blog\/\" \/>\n<meta property=\"og:site_name\" content=\"Graphimarket\" \/>\n<meta property=\"article:modified_time\" content=\"2023-06-01T17:30:35+00:00\" \/>\n<meta name=\"twitter:card\" content=\"summary_large_image\" \/>\n<script type=\"application\/ld+json\" class=\"yoast-schema-graph\">{\"@context\":\"https:\\\/\\\/schema.org\",\"@graph\":[{\"@type\":\"WebPage\",\"@id\":\"https:\\\/\\\/graphimarket.com\\\/ja\\\/blog\\\/\",\"url\":\"https:\\\/\\\/graphimarket.com\\\/ja\\\/blog\\\/\",\"name\":\"Blog - Graphimarket\",\"isPartOf\":{\"@id\":\"https:\\\/\\\/graphimarket.com\\\/fr\\\/#website\"},\"datePublished\":\"2020-09-17T20:18:44+00:00\",\"dateModified\":\"2023-06-01T17:30:35+00:00\",\"description\":\"blog\",\"breadcrumb\":{\"@id\":\"https:\\\/\\\/graphimarket.com\\\/ja\\\/blog\\\/#breadcrumb\"},\"inLanguage\":\"fr-FR\",\"potentialAction\":[{\"@type\":\"ReadAction\",\"target\":[\"https:\\\/\\\/graphimarket.com\\\/ja\\\/blog\\\/\"]}]},{\"@type\":\"BreadcrumbList\",\"@id\":\"https:\\\/\\\/graphimarket.com\\\/ja\\\/blog\\\/#breadcrumb\",\"itemListElement\":[{\"@type\":\"ListItem\",\"position\":1,\"name\":\"Home\",\"item\":\"https:\\\/\\\/graphimarket.com\\\/es\\\/\"},{\"@type\":\"ListItem\",\"position\":2,\"name\":\"Blog\"}]},{\"@type\":\"WebSite\",\"@id\":\"https:\\\/\\\/graphimarket.com\\\/fr\\\/#website\",\"url\":\"https:\\\/\\\/graphimarket.com\\\/fr\\\/\",\"name\":\"Graphimarket\",\"description\":\"Find the perfect creative asset to bring your project to life\",\"publisher\":{\"@id\":\"https:\\\/\\\/graphimarket.com\\\/fr\\\/#organization\"},\"potentialAction\":[{\"@type\":\"SearchAction\",\"target\":{\"@type\":\"EntryPoint\",\"urlTemplate\":\"https:\\\/\\\/graphimarket.com\\\/fr\\\/?s={search_term_string}\"},\"query-input\":{\"@type\":\"PropertyValueSpecification\",\"valueRequired\":true,\"valueName\":\"search_term_string\"}}],\"inLanguage\":\"fr-FR\"},{\"@type\":\"Organization\",\"@id\":\"https:\\\/\\\/graphimarket.com\\\/fr\\\/#organization\",\"name\":\"Graphimarket\",\"url\":\"https:\\\/\\\/graphimarket.com\\\/fr\\\/\",\"logo\":{\"@type\":\"ImageObject\",\"inLanguage\":\"fr-FR\",\"@id\":\"https:\\\/\\\/graphimarket.com\\\/fr\\\/#\\\/schema\\\/logo\\\/image\\\/\",\"url\":\"https:\\\/\\\/graphimarket.com\\\/wp-content\\\/uploads\\\/2020\\\/08\\\/logo-48.png\",\"contentUrl\":\"https:\\\/\\\/graphimarket.com\\\/wp-content\\\/uploads\\\/2020\\\/08\\\/logo-48.png\",\"width\":132,\"height\":48,\"caption\":\"Graphimarket\"},\"image\":{\"@id\":\"https:\\\/\\\/graphimarket.com\\\/fr\\\/#\\\/schema\\\/logo\\\/image\\\/\"}}]}<\/script>\n<!-- \/ Yoast SEO plugin. -->","yoast_head_json":{"title":"Blog - Graphimarket","description":"Blog","robots":{"index":"index","follow":"follow","max-snippet":"max-snippet:-1","max-image-preview":"max-image-preview:large","max-video-preview":"max-video-preview:-1"},"canonical":"https:\/\/graphimarket.com\/fr\/blog\/","og_locale":"fr_FR","og_type":"article","og_title":"Blog - Graphimarket","og_description":"blog","og_url":"https:\/\/graphimarket.com\/fr\/blog\/","og_site_name":"Graphimarket","article_modified_time":"2023-06-01T17:30:35+00:00","twitter_card":"summary_large_image","schema":{"@context":"https:\/\/schema.org","@graph":[{"@type":"WebPage","@id":"https:\/\/graphimarket.com\/ja\/blog\/","url":"https:\/\/graphimarket.com\/ja\/blog\/","name":"Blog - Graphimarket","isPartOf":{"@id":"https:\/\/graphimarket.com\/fr\/#website"},"datePublished":"2020-09-17T20:18:44+00:00","dateModified":"2023-06-01T17:30:35+00:00","description":"Blog","breadcrumb":{"@id":"https:\/\/graphimarket.com\/ja\/blog\/#breadcrumb"},"inLanguage":"fr-FR","potentialAction":[{"@type":"ReadAction","target":["https:\/\/graphimarket.com\/ja\/blog\/"]}]},{"@type":"BreadcrumbList","@id":"https:\/\/graphimarket.com\/ja\/blog\/#breadcrumb","itemListElement":[{"@type":"ListItem","position":1,"name":"Home","item":"https:\/\/graphimarket.com\/es\/"},{"@type":"ListItem","position":2,"name":"Blog"}]},{"@type":"WebSite","@id":"https:\/\/graphimarket.com\/fr\/#website","url":"https:\/\/graphimarket.com\/fr\/","name":"Graphimarket","description":"Trouvez l&#039;atout cr\u00e9atif parfait pour donner vie \u00e0 votre projet","publisher":{"@id":"https:\/\/graphimarket.com\/fr\/#organization"},"potentialAction":[{"@type":"SearchAction","target":{"@type":"EntryPoint","urlTemplate":"https:\/\/graphimarket.com\/fr\/?s={search_term_string}"},"query-input":{"@type":"PropertyValueSpecification","valueRequired":true,"valueName":"search_term_string"}}],"inLanguage":"fr-FR"},{"@type":"Organization","@id":"https:\/\/graphimarket.com\/fr\/#organization","name":"Graphimarket","url":"https:\/\/graphimarket.com\/fr\/","logo":{"@type":"ImageObject","inLanguage":"fr-FR","@id":"https:\/\/graphimarket.com\/fr\/#\/schema\/logo\/image\/","url":"https:\/\/graphimarket.com\/wp-content\/uploads\/2020\/08\/logo-48.png","contentUrl":"https:\/\/graphimarket.com\/wp-content\/uploads\/2020\/08\/logo-48.png","width":132,"height":48,"caption":"Graphimarket"},"image":{"@id":"https:\/\/graphimarket.com\/fr\/#\/schema\/logo\/image\/"}}]}},"_links":{"self":[{"href":"https:\/\/graphimarket.com\/fr\/wp-json\/wp\/v2\/pages\/10385","targetHints":{"allow":["GET"]}}],"collection":[{"href":"https:\/\/graphimarket.com\/fr\/wp-json\/wp\/v2\/pages"}],"about":[{"href":"https:\/\/graphimarket.com\/fr\/wp-json\/wp\/v2\/types\/page"}],"author":[{"embeddable":true,"href":"https:\/\/graphimarket.com\/fr\/wp-json\/wp\/v2\/users\/1"}],"replies":[{"embeddable":true,"href":"https:\/\/graphimarket.com\/fr\/wp-json\/wp\/v2\/comments?post=10385"}],"version-history":[{"count":3,"href":"https:\/\/graphimarket.com\/fr\/wp-json\/wp\/v2\/pages\/10385\/revisions"}],"predecessor-version":[{"id":20113,"href":"https:\/\/graphimarket.com\/fr\/wp-json\/wp\/v2\/pages\/10385\/revisions\/20113"}],"wp:attachment":[{"href":"https:\/\/graphimarket.com\/fr\/wp-json\/wp\/v2\/media?parent=10385"}],"curies":[{"name":"wp","href":"https:\/\/api.w.org\/{rel}","templated":true}]}}