{"id":10080,"date":"2020-09-16T12:15:23","date_gmt":"2020-09-16T10:15:23","guid":{"rendered":"https:\/\/graphimarket.com\/?post_type=product&#038;p=10080"},"modified":"2022-12-19T10:14:44","modified_gmt":"2022-12-19T09:14:44","slug":"mockup-social-media-slides-powerpoint-template","status":"publish","type":"product","link":"https:\/\/graphimarket.com\/fr\/product\/mockup-social-media-slides-powerpoint-template\/","title":{"rendered":"Mod\u00e8le PowerPoint de maquette et de diapositives de m\u00e9dias sociaux"},"content":{"rendered":"<p><strong>Mod\u00e8le PowerPoint de maquette et de diapositives de m\u00e9dias sociaux<\/strong>\u00a0combine divers aspects de conception et convivialit\u00e9 pour rendre le mod\u00e8le de profil d&#039;entreprise plus attrayant. Chaque diapositive est utile et plus fonctionnelle. Finis les formes et les infographies inutiles. Imaginez un mod\u00e8le de pr\u00e9sentation complet avec des centaines de diapositives utiles. Id\u00e9al pour les entreprises de profil d&#039;entreprise et le sujet<\/p>\n<p>Avec plus de 15 diapositives uniques et chaque diapositive a un style de mise en page diff\u00e9rent, le mod\u00e8le Powerpoint Maquette et diapositives de m\u00e9dias sociaux est pr\u00eat \u00e0 r\u00e9pondre \u00e0 votre objectif de pr\u00e9sentation. Plus de 90 mod\u00e8les color\u00e9s pr\u00eats \u00e0 am\u00e9liorer votre entreprise, votre pitch deck ou m\u00eame une pr\u00e9sentation sur sc\u00e8ne. Complet avec des options d&#039;arri\u00e8re-plan sombre et clair pour vos besoins. Vous trouverez des infographies de profil d&#039;entreprise, des vecteurs, des graphiques et des mises en page que vous pouvez utiliser dans votre pr\u00e9sentation.<\/p>\n<p><strong>Caract\u00e9ristiques principales<\/strong><\/p>\n<ul>\n<li>Th\u00e8mes cr\u00e9atifs et professionnels<\/li>\n<li>19 diapositives polyvalentes, propres, uniques, cr\u00e9atives et simples<\/li>\n<li>Fichiers XML (couleurs de th\u00e8me Mme Office personnalis\u00e9es)<\/li>\n<li>Options de couleur illimit\u00e9es (sch\u00e9mas de couleurs par d\u00e9faut de Ms PowerPoint)<\/li>\n<li>Format d&#039;image grand \u00e9cran (16: 9)<\/li>\n<li>Infographie \u00e0 la main<\/li>\n<li>Enti\u00e8rement personnalisable<\/li>\n<\/ul>\n<p>Tous les stocks d&#039;images ne sont pas inclus. Mais si vous avez besoin d&#039;informations sur ces stocks d&#039;images, n&#039;h\u00e9sitez pas \u00e0 me contacter.<\/p>\n<p>Nous faisons partie de l&#039;\u00e9quipe de RRGraph Design, qui a aid\u00e9 plus de 1000 entreprises mondiales \u00e0 r\u00e9pondre \u00e0 leurs besoins de pr\u00e9sentation. La satisfaction du client est notre objectif principal, et vous pouvez le v\u00e9rifier directement sur notre site Web.<\/p>\n<p>Vous pouvez nous contacter directement via notre profil graphicriver pour obtenir des mod\u00e8les personnalis\u00e9s ou des projets de pr\u00e9sentation personnalis\u00e9s pour votre entreprise \u00e0 un prix sp\u00e9cial.<\/p>\n<p>&nbsp;<\/p>\n<p><img fetchpriority=\"high\" decoding=\"async\" class=\"aligncenter wp-image-10083 size-full\" src=\"https:\/\/graphimarket.com\/wp-content\/uploads\/2020\/09\/e765c097-de18-4e67-8d30-447ab17ce368.jpg\" alt=\"\" width=\"900\" height=\"600\" srcset=\"https:\/\/graphimarket.com\/wp-content\/uploads\/2020\/09\/e765c097-de18-4e67-8d30-447ab17ce368.jpg 900w, https:\/\/graphimarket.com\/wp-content\/uploads\/2020\/09\/e765c097-de18-4e67-8d30-447ab17ce368-300x200.jpg 300w, https:\/\/graphimarket.com\/wp-content\/uploads\/2020\/09\/e765c097-de18-4e67-8d30-447ab17ce368-768x512.jpg 768w, https:\/\/graphimarket.com\/wp-content\/uploads\/2020\/09\/e765c097-de18-4e67-8d30-447ab17ce368-600x400.jpg 600w\" sizes=\"(max-width: 900px) 100vw, 900px\" \/><\/p>","protected":false},"excerpt":{"rendered":"<p>Mockup &amp; Social Media Slides Powerpoint Template\u00a0combines various design aspects and usability to make the company profile template more engaging. Every slide is useful and more functional. No more useless shapes and infographics. Imagine a whole presentation template with hundreds useful slides. Ideal for company profile businesses and topic With more than 15+ unique slides, [&hellip;]<\/p>\n","protected":false},"featured_media":10083,"comment_status":"open","ping_status":"closed","template":"","meta":{"site-sidebar-layout":"default","site-content-layout":"default","ast-site-content-layout":"default","site-content-style":"default","site-sidebar-style":"default","ast-global-header-display":"","ast-banner-title-visibility":"","ast-main-header-display":"","ast-hfb-above-header-display":"","ast-hfb-below-header-display":"","ast-hfb-mobile-header-display":"","site-post-title":"","ast-breadcrumbs-content":"","ast-featured-img":"","footer-sml-layout":"","ast-disable-related-posts":"","theme-transparent-header-meta":"default","adv-header-id-meta":"","stick-header-meta":"","header-above-stick-meta":"","header-main-stick-meta":"","header-below-stick-meta":"","astra-migrate-meta-layouts":"default","ast-page-background-enabled":"default","ast-page-background-meta":{"desktop":{"background-color":"","background-image":"","background-repeat":"repeat","background-position":"center center","background-size":"auto","background-attachment":"scroll","background-type":"","background-media":"","overlay-type":"","overlay-color":"","overlay-opacity":"","overlay-gradient":""},"tablet":{"background-color":"","background-image":"","background-repeat":"repeat","background-position":"center center","background-size":"auto","background-attachment":"scroll","background-type":"","background-media":"","overlay-type":"","overlay-color":"","overlay-opacity":"","overlay-gradient":""},"mobile":{"background-color":"","background-image":"","background-repeat":"repeat","background-position":"center center","background-size":"auto","background-attachment":"scroll","background-type":"","background-media":"","overlay-type":"","overlay-color":"","overlay-opacity":"","overlay-gradient":""}},"ast-content-background-meta":{"desktop":{"background-color":"var(--ast-global-color-5)","background-image":"","background-repeat":"repeat","background-position":"center center","background-size":"auto","background-attachment":"scroll","background-type":"","background-media":"","overlay-type":"","overlay-color":"","overlay-opacity":"","overlay-gradient":""},"tablet":{"background-color":"var(--ast-global-color-5)","background-image":"","background-repeat":"repeat","background-position":"center center","background-size":"auto","background-attachment":"scroll","background-type":"","background-media":"","overlay-type":"","overlay-color":"","overlay-opacity":"","overlay-gradient":""},"mobile":{"background-color":"var(--ast-global-color-5)","background-image":"","background-repeat":"repeat","background-position":"center center","background-size":"auto","background-attachment":"scroll","background-type":"","background-media":"","overlay-type":"","overlay-color":"","overlay-opacity":"","overlay-gradient":""}}},"product_brand":[],"product_cat":[698,152],"product_tag":[733,1014,856,1056,1053,1058,948,1055,383,1059,1054,1052,556,1060,1057],"class_list":{"0":"post-10080","1":"product","2":"type-product","3":"status-publish","4":"has-post-thumbnail","6":"product_cat-mockup","7":"product_cat-powerpoint-templates","8":"product_tag-business","9":"product_tag-communication","10":"product_tag-corporate","11":"product_tag-group","12":"product_tag-meeting","13":"product_tag-men","14":"product_tag-office","15":"product_tag-people","16":"product_tag-professional","17":"product_tag-strategy","18":"product_tag-team","19":"product_tag-teamwork","20":"product_tag-technology","21":"product_tag-women","22":"product_tag-work","23":"desktop-align-left","24":"tablet-align-left","25":"mobile-align-left","27":"first","28":"instock","29":"downloadable","30":"virtual","31":"taxable","32":"purchasable","33":"product-type-simple"},"yoast_head":"<!-- This site is optimized with the Yoast SEO plugin v27.3 - https:\/\/yoast.com\/product\/yoast-seo-wordpress\/ -->\n<title>Mockup &amp; Social Media Slides Powerpoint Template - Graphimarket<\/title>\n<meta name=\"description\" content=\"Mockup &amp; Social Media Slides Powerpoint Template\u00a0combines various design aspects and usability to make the company profile template ...\" \/>\n<meta name=\"robots\" content=\"index, follow, max-snippet:-1, max-image-preview:large, max-video-preview:-1\" \/>\n<link rel=\"canonical\" href=\"https:\/\/graphimarket.com\/fr\/product\/mockup-social-media-slides-powerpoint-template\/\" \/>\n<meta property=\"og:locale\" content=\"fr_FR\" \/>\n<meta property=\"og:type\" content=\"article\" \/>\n<meta property=\"og:title\" content=\"Mockup &amp; Social Media Slides Powerpoint Template - Graphimarket\" \/>\n<meta property=\"og:description\" content=\"Mockup &amp; Social Media Slides Powerpoint Template\u00a0combines various design aspects and usability to make the company profile template ...\" \/>\n<meta property=\"og:url\" content=\"https:\/\/graphimarket.com\/fr\/product\/mockup-social-media-slides-powerpoint-template\/\" \/>\n<meta property=\"og:site_name\" content=\"Graphimarket\" \/>\n<meta property=\"article:modified_time\" content=\"2022-12-19T09:14:44+00:00\" \/>\n<meta property=\"og:image\" content=\"https:\/\/graphimarket.com\/wp-content\/uploads\/2020\/09\/e765c097-de18-4e67-8d30-447ab17ce368.jpg\" \/>\n\t<meta property=\"og:image:width\" content=\"900\" \/>\n\t<meta property=\"og:image:height\" content=\"600\" \/>\n\t<meta property=\"og:image:type\" content=\"image\/jpeg\" \/>\n<meta name=\"twitter:card\" content=\"summary_large_image\" \/>\n<meta name=\"twitter:label1\" content=\"Est. reading time\" \/>\n\t<meta name=\"twitter:data1\" content=\"1 minute\" \/>\n<script type=\"application\/ld+json\" class=\"yoast-schema-graph\">{\"@context\":\"https:\\\/\\\/schema.org\",\"@graph\":[{\"@type\":\"WebPage\",\"@id\":\"https:\\\/\\\/graphimarket.com\\\/product\\\/mockup-social-media-slides-powerpoint-template\\\/\",\"url\":\"https:\\\/\\\/graphimarket.com\\\/product\\\/mockup-social-media-slides-powerpoint-template\\\/\",\"name\":\"Mockup & Social Media Slides Powerpoint Template - Graphimarket\",\"isPartOf\":{\"@id\":\"https:\\\/\\\/graphimarket.com\\\/fr\\\/#website\"},\"primaryImageOfPage\":{\"@id\":\"https:\\\/\\\/graphimarket.com\\\/product\\\/mockup-social-media-slides-powerpoint-template\\\/#primaryimage\"},\"image\":{\"@id\":\"https:\\\/\\\/graphimarket.com\\\/product\\\/mockup-social-media-slides-powerpoint-template\\\/#primaryimage\"},\"thumbnailUrl\":\"https:\\\/\\\/graphimarket.com\\\/wp-content\\\/uploads\\\/2020\\\/09\\\/e765c097-de18-4e67-8d30-447ab17ce368.jpg\",\"datePublished\":\"2020-09-16T10:15:23+00:00\",\"dateModified\":\"2022-12-19T09:14:44+00:00\",\"description\":\"Mockup & Social Media Slides Powerpoint Template\u00a0combines various design aspects and usability to make the company profile template ...\",\"breadcrumb\":{\"@id\":\"https:\\\/\\\/graphimarket.com\\\/product\\\/mockup-social-media-slides-powerpoint-template\\\/#breadcrumb\"},\"inLanguage\":\"fr-FR\",\"potentialAction\":[{\"@type\":\"ReadAction\",\"target\":[\"https:\\\/\\\/graphimarket.com\\\/product\\\/mockup-social-media-slides-powerpoint-template\\\/\"]}]},{\"@type\":\"ImageObject\",\"inLanguage\":\"fr-FR\",\"@id\":\"https:\\\/\\\/graphimarket.com\\\/product\\\/mockup-social-media-slides-powerpoint-template\\\/#primaryimage\",\"url\":\"https:\\\/\\\/graphimarket.com\\\/wp-content\\\/uploads\\\/2020\\\/09\\\/e765c097-de18-4e67-8d30-447ab17ce368.jpg\",\"contentUrl\":\"https:\\\/\\\/graphimarket.com\\\/wp-content\\\/uploads\\\/2020\\\/09\\\/e765c097-de18-4e67-8d30-447ab17ce368.jpg\",\"width\":900,\"height\":600},{\"@type\":\"BreadcrumbList\",\"@id\":\"https:\\\/\\\/graphimarket.com\\\/product\\\/mockup-social-media-slides-powerpoint-template\\\/#breadcrumb\",\"itemListElement\":[{\"@type\":\"ListItem\",\"position\":1,\"name\":\"Home\",\"item\":\"https:\\\/\\\/graphimarket.com\\\/es\\\/\"},{\"@type\":\"ListItem\",\"position\":2,\"name\":\"Store\",\"item\":\"https:\\\/\\\/graphimarket.com\\\/store\\\/\"},{\"@type\":\"ListItem\",\"position\":3,\"name\":\"Mockup &#038; Social Media Slides Powerpoint Template\"}]},{\"@type\":\"WebSite\",\"@id\":\"https:\\\/\\\/graphimarket.com\\\/fr\\\/#website\",\"url\":\"https:\\\/\\\/graphimarket.com\\\/fr\\\/\",\"name\":\"Graphimarket\",\"description\":\"Find the perfect creative asset to bring your project to life\",\"publisher\":{\"@id\":\"https:\\\/\\\/graphimarket.com\\\/fr\\\/#organization\"},\"potentialAction\":[{\"@type\":\"SearchAction\",\"target\":{\"@type\":\"EntryPoint\",\"urlTemplate\":\"https:\\\/\\\/graphimarket.com\\\/fr\\\/?s={search_term_string}\"},\"query-input\":{\"@type\":\"PropertyValueSpecification\",\"valueRequired\":true,\"valueName\":\"search_term_string\"}}],\"inLanguage\":\"fr-FR\"},{\"@type\":\"Organization\",\"@id\":\"https:\\\/\\\/graphimarket.com\\\/fr\\\/#organization\",\"name\":\"Graphimarket\",\"url\":\"https:\\\/\\\/graphimarket.com\\\/fr\\\/\",\"logo\":{\"@type\":\"ImageObject\",\"inLanguage\":\"fr-FR\",\"@id\":\"https:\\\/\\\/graphimarket.com\\\/fr\\\/#\\\/schema\\\/logo\\\/image\\\/\",\"url\":\"https:\\\/\\\/graphimarket.com\\\/wp-content\\\/uploads\\\/2020\\\/08\\\/logo-48.png\",\"contentUrl\":\"https:\\\/\\\/graphimarket.com\\\/wp-content\\\/uploads\\\/2020\\\/08\\\/logo-48.png\",\"width\":132,\"height\":48,\"caption\":\"Graphimarket\"},\"image\":{\"@id\":\"https:\\\/\\\/graphimarket.com\\\/fr\\\/#\\\/schema\\\/logo\\\/image\\\/\"}}]}<\/script>\n<!-- \/ Yoast SEO plugin. -->","yoast_head_json":{"title":"Maquette et mod\u00e8le PowerPoint de diapositives de m\u00e9dias sociaux - Graphimarket","description":"Maquette et diapositives sur les m\u00e9dias sociaux Le mod\u00e8le Powerpoint combine divers aspects de conception et la convivialit\u00e9 pour cr\u00e9er le mod\u00e8le de profil d&#039;entreprise ...","robots":{"index":"index","follow":"follow","max-snippet":"max-snippet:-1","max-image-preview":"max-image-preview:large","max-video-preview":"max-video-preview:-1"},"canonical":"https:\/\/graphimarket.com\/fr\/product\/mockup-social-media-slides-powerpoint-template\/","og_locale":"fr_FR","og_type":"article","og_title":"Mockup & Social Media Slides Powerpoint Template - Graphimarket","og_description":"Mockup & Social Media Slides Powerpoint Template\u00a0combines various design aspects and usability to make the company profile template ...","og_url":"https:\/\/graphimarket.com\/fr\/product\/mockup-social-media-slides-powerpoint-template\/","og_site_name":"Graphimarket","article_modified_time":"2022-12-19T09:14:44+00:00","og_image":[{"width":900,"height":600,"url":"https:\/\/graphimarket.com\/wp-content\/uploads\/2020\/09\/e765c097-de18-4e67-8d30-447ab17ce368.jpg","type":"image\/jpeg"}],"twitter_card":"summary_large_image","twitter_misc":{"Est. reading time":"1 minute"},"schema":{"@context":"https:\/\/schema.org","@graph":[{"@type":"WebPage","@id":"https:\/\/graphimarket.com\/product\/mockup-social-media-slides-powerpoint-template\/","url":"https:\/\/graphimarket.com\/product\/mockup-social-media-slides-powerpoint-template\/","name":"Maquette et mod\u00e8le PowerPoint de diapositives de m\u00e9dias sociaux - Graphimarket","isPartOf":{"@id":"https:\/\/graphimarket.com\/fr\/#website"},"primaryImageOfPage":{"@id":"https:\/\/graphimarket.com\/product\/mockup-social-media-slides-powerpoint-template\/#primaryimage"},"image":{"@id":"https:\/\/graphimarket.com\/product\/mockup-social-media-slides-powerpoint-template\/#primaryimage"},"thumbnailUrl":"https:\/\/graphimarket.com\/wp-content\/uploads\/2020\/09\/e765c097-de18-4e67-8d30-447ab17ce368.jpg","datePublished":"2020-09-16T10:15:23+00:00","dateModified":"2022-12-19T09:14:44+00:00","description":"Maquette et diapositives sur les m\u00e9dias sociaux Le mod\u00e8le Powerpoint combine divers aspects de conception et la convivialit\u00e9 pour cr\u00e9er le mod\u00e8le de profil d&#039;entreprise ...","breadcrumb":{"@id":"https:\/\/graphimarket.com\/product\/mockup-social-media-slides-powerpoint-template\/#breadcrumb"},"inLanguage":"fr-FR","potentialAction":[{"@type":"ReadAction","target":["https:\/\/graphimarket.com\/product\/mockup-social-media-slides-powerpoint-template\/"]}]},{"@type":"ImageObject","inLanguage":"fr-FR","@id":"https:\/\/graphimarket.com\/product\/mockup-social-media-slides-powerpoint-template\/#primaryimage","url":"https:\/\/graphimarket.com\/wp-content\/uploads\/2020\/09\/e765c097-de18-4e67-8d30-447ab17ce368.jpg","contentUrl":"https:\/\/graphimarket.com\/wp-content\/uploads\/2020\/09\/e765c097-de18-4e67-8d30-447ab17ce368.jpg","width":900,"height":600},{"@type":"BreadcrumbList","@id":"https:\/\/graphimarket.com\/product\/mockup-social-media-slides-powerpoint-template\/#breadcrumb","itemListElement":[{"@type":"ListItem","position":1,"name":"Home","item":"https:\/\/graphimarket.com\/es\/"},{"@type":"ListItem","position":2,"name":"Store","item":"https:\/\/graphimarket.com\/store\/"},{"@type":"ListItem","position":3,"name":"Mockup &#038; Social Media Slides Powerpoint Template"}]},{"@type":"WebSite","@id":"https:\/\/graphimarket.com\/fr\/#website","url":"https:\/\/graphimarket.com\/fr\/","name":"Graphimarket","description":"Trouvez l&#039;atout cr\u00e9atif parfait pour donner vie \u00e0 votre projet","publisher":{"@id":"https:\/\/graphimarket.com\/fr\/#organization"},"potentialAction":[{"@type":"SearchAction","target":{"@type":"EntryPoint","urlTemplate":"https:\/\/graphimarket.com\/fr\/?s={search_term_string}"},"query-input":{"@type":"PropertyValueSpecification","valueRequired":true,"valueName":"search_term_string"}}],"inLanguage":"fr-FR"},{"@type":"Organization","@id":"https:\/\/graphimarket.com\/fr\/#organization","name":"Graphimarket","url":"https:\/\/graphimarket.com\/fr\/","logo":{"@type":"ImageObject","inLanguage":"fr-FR","@id":"https:\/\/graphimarket.com\/fr\/#\/schema\/logo\/image\/","url":"https:\/\/graphimarket.com\/wp-content\/uploads\/2020\/08\/logo-48.png","contentUrl":"https:\/\/graphimarket.com\/wp-content\/uploads\/2020\/08\/logo-48.png","width":132,"height":48,"caption":"Graphimarket"},"image":{"@id":"https:\/\/graphimarket.com\/fr\/#\/schema\/logo\/image\/"}}]}},"_links":{"self":[{"href":"https:\/\/graphimarket.com\/fr\/wp-json\/wp\/v2\/product\/10080","targetHints":{"allow":["GET"]}}],"collection":[{"href":"https:\/\/graphimarket.com\/fr\/wp-json\/wp\/v2\/product"}],"about":[{"href":"https:\/\/graphimarket.com\/fr\/wp-json\/wp\/v2\/types\/product"}],"replies":[{"embeddable":true,"href":"https:\/\/graphimarket.com\/fr\/wp-json\/wp\/v2\/comments?post=10080"}],"version-history":[{"count":0,"href":"https:\/\/graphimarket.com\/fr\/wp-json\/wp\/v2\/product\/10080\/revisions"}],"wp:featuredmedia":[{"embeddable":true,"href":"https:\/\/graphimarket.com\/fr\/wp-json\/wp\/v2\/media\/10083"}],"wp:attachment":[{"href":"https:\/\/graphimarket.com\/fr\/wp-json\/wp\/v2\/media?parent=10080"}],"wp:term":[{"taxonomy":"product_brand","embeddable":true,"href":"https:\/\/graphimarket.com\/fr\/wp-json\/wp\/v2\/product_brand?post=10080"},{"taxonomy":"product_cat","embeddable":true,"href":"https:\/\/graphimarket.com\/fr\/wp-json\/wp\/v2\/product_cat?post=10080"},{"taxonomy":"product_tag","embeddable":true,"href":"https:\/\/graphimarket.com\/fr\/wp-json\/wp\/v2\/product_tag?post=10080"}],"curies":[{"name":"wp","href":"https:\/\/api.w.org\/{rel}","templated":true}]}}