{"id":10539,"date":"2020-09-18T15:08:46","date_gmt":"2020-09-18T13:08:46","guid":{"rendered":"https:\/\/graphimarket.com\/?post_type=product&#038;p=10539"},"modified":"2024-03-01T15:10:16","modified_gmt":"2024-03-01T14:10:16","slug":"mouthen-typeface","status":"publish","type":"product","link":"https:\/\/graphimarket.com\/fr\/product\/mouthen-typeface\/","title":{"rendered":"Police de caract\u00e8re Mouthen"},"content":{"rendered":"<div class=\"_2Masz2rr\">\n<p>La police Mouthen est une police de style rugueuse. Il apportera un style de dessin \u00e0 la main \u00e0 vos conceptions de typographie. Il est parfait pour les projets de conception de mariage, les invitations, les cartes de voeux, les signatures, les filigranes, les logos, l&#039;\u00e9criture manuscrite et plus encore. dans le fichier zip, vous trouverez un fichier de police et une image d&#039;aper\u00e7u.<\/p>\n<p>Fonction Mouthen Typeface: Majuscules Minuscules Chiffres et ponctuation.<\/p>\n<\/div>\n<p>&nbsp;<\/p>\n<p><img fetchpriority=\"high\" decoding=\"async\" class=\"aligncenter wp-image-10540 size-full\" src=\"https:\/\/graphimarket.com\/wp-content\/uploads\/2020\/09\/ea7a2d69-8c55-4d68-bfd4-8eabcd89a7b2.jpg\" alt=\"\" width=\"1160\" height=\"772\" srcset=\"https:\/\/graphimarket.com\/wp-content\/uploads\/2020\/09\/ea7a2d69-8c55-4d68-bfd4-8eabcd89a7b2.jpg 1160w, https:\/\/graphimarket.com\/wp-content\/uploads\/2020\/09\/ea7a2d69-8c55-4d68-bfd4-8eabcd89a7b2-300x200.jpg 300w, https:\/\/graphimarket.com\/wp-content\/uploads\/2020\/09\/ea7a2d69-8c55-4d68-bfd4-8eabcd89a7b2-1024x681.jpg 1024w, https:\/\/graphimarket.com\/wp-content\/uploads\/2020\/09\/ea7a2d69-8c55-4d68-bfd4-8eabcd89a7b2-768x511.jpg 768w, https:\/\/graphimarket.com\/wp-content\/uploads\/2020\/09\/ea7a2d69-8c55-4d68-bfd4-8eabcd89a7b2-600x399.jpg 600w\" sizes=\"(max-width: 1160px) 100vw, 1160px\" \/> <img decoding=\"async\" class=\"aligncenter wp-image-10541 size-full\" src=\"https:\/\/graphimarket.com\/wp-content\/uploads\/2020\/09\/13dc6d2b-0d09-4511-a9eb-a6d6d06503e5.jpg\" alt=\"\" width=\"1019\" height=\"679\" srcset=\"https:\/\/graphimarket.com\/wp-content\/uploads\/2020\/09\/13dc6d2b-0d09-4511-a9eb-a6d6d06503e5.jpg 1019w, https:\/\/graphimarket.com\/wp-content\/uploads\/2020\/09\/13dc6d2b-0d09-4511-a9eb-a6d6d06503e5-300x200.jpg 300w, https:\/\/graphimarket.com\/wp-content\/uploads\/2020\/09\/13dc6d2b-0d09-4511-a9eb-a6d6d06503e5-768x512.jpg 768w, https:\/\/graphimarket.com\/wp-content\/uploads\/2020\/09\/13dc6d2b-0d09-4511-a9eb-a6d6d06503e5-600x400.jpg 600w\" sizes=\"(max-width: 1019px) 100vw, 1019px\" \/> <img decoding=\"async\" class=\"aligncenter wp-image-10542 size-full\" src=\"https:\/\/graphimarket.com\/wp-content\/uploads\/2020\/09\/10fa07e2-6c23-404c-80e4-08e081abc2b2.jpg\" alt=\"\" width=\"1160\" height=\"772\" srcset=\"https:\/\/graphimarket.com\/wp-content\/uploads\/2020\/09\/10fa07e2-6c23-404c-80e4-08e081abc2b2.jpg 1160w, https:\/\/graphimarket.com\/wp-content\/uploads\/2020\/09\/10fa07e2-6c23-404c-80e4-08e081abc2b2-300x200.jpg 300w, https:\/\/graphimarket.com\/wp-content\/uploads\/2020\/09\/10fa07e2-6c23-404c-80e4-08e081abc2b2-1024x681.jpg 1024w, https:\/\/graphimarket.com\/wp-content\/uploads\/2020\/09\/10fa07e2-6c23-404c-80e4-08e081abc2b2-768x511.jpg 768w, https:\/\/graphimarket.com\/wp-content\/uploads\/2020\/09\/10fa07e2-6c23-404c-80e4-08e081abc2b2-600x399.jpg 600w\" sizes=\"(max-width: 1160px) 100vw, 1160px\" \/> <img loading=\"lazy\" decoding=\"async\" class=\"aligncenter wp-image-10543 size-full\" src=\"https:\/\/graphimarket.com\/wp-content\/uploads\/2020\/09\/a6a68e7d-cca0-410c-8414-21f4c50ad8f8.jpg\" alt=\"\" width=\"1160\" height=\"772\" srcset=\"https:\/\/graphimarket.com\/wp-content\/uploads\/2020\/09\/a6a68e7d-cca0-410c-8414-21f4c50ad8f8.jpg 1160w, https:\/\/graphimarket.com\/wp-content\/uploads\/2020\/09\/a6a68e7d-cca0-410c-8414-21f4c50ad8f8-300x200.jpg 300w, https:\/\/graphimarket.com\/wp-content\/uploads\/2020\/09\/a6a68e7d-cca0-410c-8414-21f4c50ad8f8-1024x681.jpg 1024w, https:\/\/graphimarket.com\/wp-content\/uploads\/2020\/09\/a6a68e7d-cca0-410c-8414-21f4c50ad8f8-768x511.jpg 768w, https:\/\/graphimarket.com\/wp-content\/uploads\/2020\/09\/a6a68e7d-cca0-410c-8414-21f4c50ad8f8-600x399.jpg 600w\" sizes=\"(max-width: 1160px) 100vw, 1160px\" \/> <img loading=\"lazy\" decoding=\"async\" class=\"aligncenter wp-image-10544 size-full\" src=\"https:\/\/graphimarket.com\/wp-content\/uploads\/2020\/09\/afd1c95d-2749-4090-99e8-400aa98eddac.jpg\" alt=\"\" width=\"1160\" height=\"772\" srcset=\"https:\/\/graphimarket.com\/wp-content\/uploads\/2020\/09\/afd1c95d-2749-4090-99e8-400aa98eddac.jpg 1160w, https:\/\/graphimarket.com\/wp-content\/uploads\/2020\/09\/afd1c95d-2749-4090-99e8-400aa98eddac-300x200.jpg 300w, https:\/\/graphimarket.com\/wp-content\/uploads\/2020\/09\/afd1c95d-2749-4090-99e8-400aa98eddac-1024x681.jpg 1024w, https:\/\/graphimarket.com\/wp-content\/uploads\/2020\/09\/afd1c95d-2749-4090-99e8-400aa98eddac-768x511.jpg 768w, https:\/\/graphimarket.com\/wp-content\/uploads\/2020\/09\/afd1c95d-2749-4090-99e8-400aa98eddac-600x399.jpg 600w\" sizes=\"(max-width: 1160px) 100vw, 1160px\" \/> <img loading=\"lazy\" decoding=\"async\" class=\"alignnone wp-image-10545 size-full\" src=\"https:\/\/graphimarket.com\/wp-content\/uploads\/2020\/09\/b4a0b0bc-cfa1-4dcb-a296-6a0f65ab03d0.jpg\" alt=\"\" width=\"1160\" height=\"772\" srcset=\"https:\/\/graphimarket.com\/wp-content\/uploads\/2020\/09\/b4a0b0bc-cfa1-4dcb-a296-6a0f65ab03d0.jpg 1160w, https:\/\/graphimarket.com\/wp-content\/uploads\/2020\/09\/b4a0b0bc-cfa1-4dcb-a296-6a0f65ab03d0-300x200.jpg 300w, https:\/\/graphimarket.com\/wp-content\/uploads\/2020\/09\/b4a0b0bc-cfa1-4dcb-a296-6a0f65ab03d0-1024x681.jpg 1024w, https:\/\/graphimarket.com\/wp-content\/uploads\/2020\/09\/b4a0b0bc-cfa1-4dcb-a296-6a0f65ab03d0-768x511.jpg 768w, https:\/\/graphimarket.com\/wp-content\/uploads\/2020\/09\/b4a0b0bc-cfa1-4dcb-a296-6a0f65ab03d0-600x399.jpg 600w\" sizes=\"(max-width: 1160px) 100vw, 1160px\" \/><\/p>\n<div class=\"_3YqMOf9R\">\n<div class=\"_3KAa4-GZ frEFeDSS\"><\/div>\n<\/div>","protected":false},"excerpt":{"rendered":"<p>La police de caract\u00e8res Mouthen est une police de style rugueux. Il apportera un style de dessin \u00e0 la main \u00e0 vos conceptions de typographie. Il est parfait pour les projets de conception de mariage, les invitations, les cartes de v\u0153ux, les signatures, les filigranes, les logos, l&#039;\u00e9criture manuscrite et plus encore. dans le fichier zip, vous trouverez un fichier de police et une image d&#039;aper\u00e7u. Caract\u00e9ristique de la police Mouthen\u00a0: chiffres et ponctuation en majuscules et minuscules. &nbsp;<\/p>","protected":false},"featured_media":10544,"comment_status":"open","ping_status":"closed","template":"","meta":{"site-sidebar-layout":"default","site-content-layout":"default","ast-site-content-layout":"default","site-content-style":"default","site-sidebar-style":"default","ast-global-header-display":"","ast-banner-title-visibility":"","ast-main-header-display":"","ast-hfb-above-header-display":"","ast-hfb-below-header-display":"","ast-hfb-mobile-header-display":"","site-post-title":"","ast-breadcrumbs-content":"","ast-featured-img":"","footer-sml-layout":"","ast-disable-related-posts":"","theme-transparent-header-meta":"default","adv-header-id-meta":"","stick-header-meta":"","header-above-stick-meta":"","header-main-stick-meta":"","header-below-stick-meta":"","astra-migrate-meta-layouts":"default","ast-page-background-enabled":"default","ast-page-background-meta":{"desktop":{"background-color":"","background-image":"","background-repeat":"repeat","background-position":"center center","background-size":"auto","background-attachment":"scroll","background-type":"","background-media":"","overlay-type":"","overlay-color":"","overlay-opacity":"","overlay-gradient":""},"tablet":{"background-color":"","background-image":"","background-repeat":"repeat","background-position":"center center","background-size":"auto","background-attachment":"scroll","background-type":"","background-media":"","overlay-type":"","overlay-color":"","overlay-opacity":"","overlay-gradient":""},"mobile":{"background-color":"","background-image":"","background-repeat":"repeat","background-position":"center center","background-size":"auto","background-attachment":"scroll","background-type":"","background-media":"","overlay-type":"","overlay-color":"","overlay-opacity":"","overlay-gradient":""}},"ast-content-background-meta":{"desktop":{"background-color":"var(--ast-global-color-5)","background-image":"","background-repeat":"repeat","background-position":"center center","background-size":"auto","background-attachment":"scroll","background-type":"","background-media":"","overlay-type":"","overlay-color":"","overlay-opacity":"","overlay-gradient":""},"tablet":{"background-color":"var(--ast-global-color-5)","background-image":"","background-repeat":"repeat","background-position":"center center","background-size":"auto","background-attachment":"scroll","background-type":"","background-media":"","overlay-type":"","overlay-color":"","overlay-opacity":"","overlay-gradient":""},"mobile":{"background-color":"var(--ast-global-color-5)","background-image":"","background-repeat":"repeat","background-position":"center center","background-size":"auto","background-attachment":"scroll","background-type":"","background-media":"","overlay-type":"","overlay-color":"","overlay-opacity":"","overlay-gradient":""}}},"product_brand":[],"product_cat":[187,191],"product_tag":[1084,268,351,437,1085,296,297,1075,589,1086,631,243,298,326],"class_list":{"0":"post-10539","1":"product","2":"type-product","3":"status-publish","4":"has-post-thumbnail","6":"product_cat-fonts","7":"product_cat-free","8":"product_tag-cursive","9":"product_tag-drawing","10":"product_tag-font","11":"product_tag-handmade","12":"product_tag-invitation","13":"product_tag-lettering","14":"product_tag-logo","15":"product_tag-logotype","16":"product_tag-mockup","17":"product_tag-papers","18":"product_tag-rough","19":"product_tag-texture","20":"product_tag-typography","21":"product_tag-wedding","22":"desktop-align-left","23":"tablet-align-left","24":"mobile-align-left","26":"first","27":"instock","28":"downloadable","29":"virtual","30":"taxable","31":"purchasable","32":"product-type-simple"},"yoast_head":"<!-- This site is optimized with the Yoast SEO plugin v27.3 - https:\/\/yoast.com\/product\/yoast-seo-wordpress\/ -->\n<title>Mouthen Typeface - Graphimarket<\/title>\n<meta name=\"description\" content=\"Mouthen typeface, is a rough handlettered style font. It will bring hand drawing style to your typography designs. It\u2019s perfect for wedding\" \/>\n<meta name=\"robots\" content=\"index, follow, max-snippet:-1, max-image-preview:large, max-video-preview:-1\" \/>\n<link rel=\"canonical\" href=\"https:\/\/graphimarket.com\/fr\/product\/mouthen-typeface\/\" \/>\n<meta property=\"og:locale\" content=\"fr_FR\" \/>\n<meta property=\"og:type\" content=\"article\" \/>\n<meta property=\"og:title\" content=\"Mouthen Typeface - Graphimarket\" \/>\n<meta property=\"og:description\" content=\"Mouthen typeface, is a rough handlettered style font. It will bring hand drawing style to your typography designs. It\u2019s perfect for wedding\" \/>\n<meta property=\"og:url\" content=\"https:\/\/graphimarket.com\/fr\/product\/mouthen-typeface\/\" \/>\n<meta property=\"og:site_name\" content=\"Graphimarket\" \/>\n<meta property=\"article:modified_time\" content=\"2024-03-01T14:10:16+00:00\" \/>\n<meta property=\"og:image\" content=\"https:\/\/graphimarket.com\/wp-content\/uploads\/2020\/09\/afd1c95d-2749-4090-99e8-400aa98eddac.jpg\" \/>\n\t<meta property=\"og:image:width\" content=\"1160\" \/>\n\t<meta property=\"og:image:height\" content=\"772\" \/>\n\t<meta property=\"og:image:type\" content=\"image\/jpeg\" \/>\n<meta name=\"twitter:card\" content=\"summary_large_image\" \/>\n<script type=\"application\/ld+json\" class=\"yoast-schema-graph\">{\"@context\":\"https:\\\/\\\/schema.org\",\"@graph\":[{\"@type\":\"WebPage\",\"@id\":\"https:\\\/\\\/graphimarket.com\\\/product\\\/mouthen-typeface\\\/\",\"url\":\"https:\\\/\\\/graphimarket.com\\\/product\\\/mouthen-typeface\\\/\",\"name\":\"Mouthen Typeface - Graphimarket\",\"isPartOf\":{\"@id\":\"https:\\\/\\\/graphimarket.com\\\/fr\\\/#website\"},\"primaryImageOfPage\":{\"@id\":\"https:\\\/\\\/graphimarket.com\\\/product\\\/mouthen-typeface\\\/#primaryimage\"},\"image\":{\"@id\":\"https:\\\/\\\/graphimarket.com\\\/product\\\/mouthen-typeface\\\/#primaryimage\"},\"thumbnailUrl\":\"https:\\\/\\\/graphimarket.com\\\/wp-content\\\/uploads\\\/2020\\\/09\\\/afd1c95d-2749-4090-99e8-400aa98eddac.jpg\",\"datePublished\":\"2020-09-18T13:08:46+00:00\",\"dateModified\":\"2024-03-01T14:10:16+00:00\",\"description\":\"Mouthen typeface, is a rough handlettered style font. It will bring hand drawing style to your typography designs. It\u2019s perfect for wedding\",\"breadcrumb\":{\"@id\":\"https:\\\/\\\/graphimarket.com\\\/product\\\/mouthen-typeface\\\/#breadcrumb\"},\"inLanguage\":\"fr-FR\",\"potentialAction\":[{\"@type\":\"ReadAction\",\"target\":[\"https:\\\/\\\/graphimarket.com\\\/product\\\/mouthen-typeface\\\/\"]}]},{\"@type\":\"ImageObject\",\"inLanguage\":\"fr-FR\",\"@id\":\"https:\\\/\\\/graphimarket.com\\\/product\\\/mouthen-typeface\\\/#primaryimage\",\"url\":\"https:\\\/\\\/graphimarket.com\\\/wp-content\\\/uploads\\\/2020\\\/09\\\/afd1c95d-2749-4090-99e8-400aa98eddac.jpg\",\"contentUrl\":\"https:\\\/\\\/graphimarket.com\\\/wp-content\\\/uploads\\\/2020\\\/09\\\/afd1c95d-2749-4090-99e8-400aa98eddac.jpg\",\"width\":1160,\"height\":772},{\"@type\":\"BreadcrumbList\",\"@id\":\"https:\\\/\\\/graphimarket.com\\\/product\\\/mouthen-typeface\\\/#breadcrumb\",\"itemListElement\":[{\"@type\":\"ListItem\",\"position\":1,\"name\":\"Home\",\"item\":\"https:\\\/\\\/graphimarket.com\\\/es\\\/\"},{\"@type\":\"ListItem\",\"position\":2,\"name\":\"Store\",\"item\":\"https:\\\/\\\/graphimarket.com\\\/store\\\/\"},{\"@type\":\"ListItem\",\"position\":3,\"name\":\"Mouthen Typeface\"}]},{\"@type\":\"WebSite\",\"@id\":\"https:\\\/\\\/graphimarket.com\\\/fr\\\/#website\",\"url\":\"https:\\\/\\\/graphimarket.com\\\/fr\\\/\",\"name\":\"Graphimarket\",\"description\":\"Find the perfect creative asset to bring your project to life\",\"publisher\":{\"@id\":\"https:\\\/\\\/graphimarket.com\\\/fr\\\/#organization\"},\"potentialAction\":[{\"@type\":\"SearchAction\",\"target\":{\"@type\":\"EntryPoint\",\"urlTemplate\":\"https:\\\/\\\/graphimarket.com\\\/fr\\\/?s={search_term_string}\"},\"query-input\":{\"@type\":\"PropertyValueSpecification\",\"valueRequired\":true,\"valueName\":\"search_term_string\"}}],\"inLanguage\":\"fr-FR\"},{\"@type\":\"Organization\",\"@id\":\"https:\\\/\\\/graphimarket.com\\\/fr\\\/#organization\",\"name\":\"Graphimarket\",\"url\":\"https:\\\/\\\/graphimarket.com\\\/fr\\\/\",\"logo\":{\"@type\":\"ImageObject\",\"inLanguage\":\"fr-FR\",\"@id\":\"https:\\\/\\\/graphimarket.com\\\/fr\\\/#\\\/schema\\\/logo\\\/image\\\/\",\"url\":\"https:\\\/\\\/graphimarket.com\\\/wp-content\\\/uploads\\\/2020\\\/08\\\/logo-48.png\",\"contentUrl\":\"https:\\\/\\\/graphimarket.com\\\/wp-content\\\/uploads\\\/2020\\\/08\\\/logo-48.png\",\"width\":132,\"height\":48,\"caption\":\"Graphimarket\"},\"image\":{\"@id\":\"https:\\\/\\\/graphimarket.com\\\/fr\\\/#\\\/schema\\\/logo\\\/image\\\/\"}}]}<\/script>\n<!-- \/ Yoast SEO plugin. -->","yoast_head_json":{"title":"Police de caract\u00e8res Mouthen - Graphimarket","description":"Mouthen typeface, is a rough handlettered style font. It will bring hand drawing style to your typography designs. It\u2019s perfect for wedding","robots":{"index":"index","follow":"follow","max-snippet":"max-snippet:-1","max-image-preview":"max-image-preview:large","max-video-preview":"max-video-preview:-1"},"canonical":"https:\/\/graphimarket.com\/fr\/product\/mouthen-typeface\/","og_locale":"fr_FR","og_type":"article","og_title":"Mouthen Typeface - Graphimarket","og_description":"Mouthen typeface, is a rough handlettered style font. It will bring hand drawing style to your typography designs. It\u2019s perfect for wedding","og_url":"https:\/\/graphimarket.com\/fr\/product\/mouthen-typeface\/","og_site_name":"Graphimarket","article_modified_time":"2024-03-01T14:10:16+00:00","og_image":[{"width":1160,"height":772,"url":"https:\/\/graphimarket.com\/wp-content\/uploads\/2020\/09\/afd1c95d-2749-4090-99e8-400aa98eddac.jpg","type":"image\/jpeg"}],"twitter_card":"summary_large_image","schema":{"@context":"https:\/\/schema.org","@graph":[{"@type":"WebPage","@id":"https:\/\/graphimarket.com\/product\/mouthen-typeface\/","url":"https:\/\/graphimarket.com\/product\/mouthen-typeface\/","name":"Police de caract\u00e8res Mouthen - Graphimarket","isPartOf":{"@id":"https:\/\/graphimarket.com\/fr\/#website"},"primaryImageOfPage":{"@id":"https:\/\/graphimarket.com\/product\/mouthen-typeface\/#primaryimage"},"image":{"@id":"https:\/\/graphimarket.com\/product\/mouthen-typeface\/#primaryimage"},"thumbnailUrl":"https:\/\/graphimarket.com\/wp-content\/uploads\/2020\/09\/afd1c95d-2749-4090-99e8-400aa98eddac.jpg","datePublished":"2020-09-18T13:08:46+00:00","dateModified":"2024-03-01T14:10:16+00:00","description":"Mouthen typeface, is a rough handlettered style font. It will bring hand drawing style to your typography designs. It\u2019s perfect for wedding","breadcrumb":{"@id":"https:\/\/graphimarket.com\/product\/mouthen-typeface\/#breadcrumb"},"inLanguage":"fr-FR","potentialAction":[{"@type":"ReadAction","target":["https:\/\/graphimarket.com\/product\/mouthen-typeface\/"]}]},{"@type":"ImageObject","inLanguage":"fr-FR","@id":"https:\/\/graphimarket.com\/product\/mouthen-typeface\/#primaryimage","url":"https:\/\/graphimarket.com\/wp-content\/uploads\/2020\/09\/afd1c95d-2749-4090-99e8-400aa98eddac.jpg","contentUrl":"https:\/\/graphimarket.com\/wp-content\/uploads\/2020\/09\/afd1c95d-2749-4090-99e8-400aa98eddac.jpg","width":1160,"height":772},{"@type":"BreadcrumbList","@id":"https:\/\/graphimarket.com\/product\/mouthen-typeface\/#breadcrumb","itemListElement":[{"@type":"ListItem","position":1,"name":"Home","item":"https:\/\/graphimarket.com\/es\/"},{"@type":"ListItem","position":2,"name":"Store","item":"https:\/\/graphimarket.com\/store\/"},{"@type":"ListItem","position":3,"name":"Mouthen Typeface"}]},{"@type":"WebSite","@id":"https:\/\/graphimarket.com\/fr\/#website","url":"https:\/\/graphimarket.com\/fr\/","name":"Graphimarket","description":"Trouvez l&#039;atout cr\u00e9atif parfait pour donner vie \u00e0 votre projet","publisher":{"@id":"https:\/\/graphimarket.com\/fr\/#organization"},"potentialAction":[{"@type":"SearchAction","target":{"@type":"EntryPoint","urlTemplate":"https:\/\/graphimarket.com\/fr\/?s={search_term_string}"},"query-input":{"@type":"PropertyValueSpecification","valueRequired":true,"valueName":"search_term_string"}}],"inLanguage":"fr-FR"},{"@type":"Organization","@id":"https:\/\/graphimarket.com\/fr\/#organization","name":"Graphimarket","url":"https:\/\/graphimarket.com\/fr\/","logo":{"@type":"ImageObject","inLanguage":"fr-FR","@id":"https:\/\/graphimarket.com\/fr\/#\/schema\/logo\/image\/","url":"https:\/\/graphimarket.com\/wp-content\/uploads\/2020\/08\/logo-48.png","contentUrl":"https:\/\/graphimarket.com\/wp-content\/uploads\/2020\/08\/logo-48.png","width":132,"height":48,"caption":"Graphimarket"},"image":{"@id":"https:\/\/graphimarket.com\/fr\/#\/schema\/logo\/image\/"}}]}},"_links":{"self":[{"href":"https:\/\/graphimarket.com\/fr\/wp-json\/wp\/v2\/product\/10539","targetHints":{"allow":["GET"]}}],"collection":[{"href":"https:\/\/graphimarket.com\/fr\/wp-json\/wp\/v2\/product"}],"about":[{"href":"https:\/\/graphimarket.com\/fr\/wp-json\/wp\/v2\/types\/product"}],"replies":[{"embeddable":true,"href":"https:\/\/graphimarket.com\/fr\/wp-json\/wp\/v2\/comments?post=10539"}],"version-history":[{"count":0,"href":"https:\/\/graphimarket.com\/fr\/wp-json\/wp\/v2\/product\/10539\/revisions"}],"wp:featuredmedia":[{"embeddable":true,"href":"https:\/\/graphimarket.com\/fr\/wp-json\/wp\/v2\/media\/10544"}],"wp:attachment":[{"href":"https:\/\/graphimarket.com\/fr\/wp-json\/wp\/v2\/media?parent=10539"}],"wp:term":[{"taxonomy":"product_brand","embeddable":true,"href":"https:\/\/graphimarket.com\/fr\/wp-json\/wp\/v2\/product_brand?post=10539"},{"taxonomy":"product_cat","embeddable":true,"href":"https:\/\/graphimarket.com\/fr\/wp-json\/wp\/v2\/product_cat?post=10539"},{"taxonomy":"product_tag","embeddable":true,"href":"https:\/\/graphimarket.com\/fr\/wp-json\/wp\/v2\/product_tag?post=10539"}],"curies":[{"name":"wp","href":"https:\/\/api.w.org\/{rel}","templated":true}]}}